{"id":222882,"date":"2022-03-01T18:33:07","date_gmt":"2022-03-01T16:33:07","guid":{"rendered":"https:\/\/mmkserviss.lv\/?post_type=product&#038;p=222882"},"modified":"2026-03-31T13:50:20","modified_gmt":"2026-03-31T10:50:20","slug":"205-70r15-triangle-agilex-a-t-tr292-96t","status":"publish","type":"product","link":"https:\/\/mmkriepas.lv\/en\/p\/205-70r15-triangle-agilex-a-t-tr292-96t\/","title":{"rendered":"205\/70R15 Triangle AgileX A\/T TR292 96T"},"content":{"rendered":"<p><strong>Triangle AgileX A\/T TR292 <\/strong>ir vasaras riepu modelis, kas speci\u0101li veidots apvidus auto, kas tiek eksplaut\u0113ti visda\u017e\u0101d\u0101kajos brauk\u0161anas apst\u0101k\u013cos. \u0160im modelim ir lieliski veiktsp\u0113jas r\u0101d\u012bt\u0101ji gan pils\u0113tas satiksm\u0113, gan bezce\u013ca apst\u0101k\u013cos. Lai ieg\u016btu \u0161\u0101dus parametrus, ra\u017eot\u0101ji izmanto jaunu divsl\u0101\u0146u gumijas mais\u012bjumu un ir izveidoju\u0161i piln\u012bgi jaunu protektora dizainu. Triangle ir \u0136\u012bnas ra\u017eot\u0101js, kura produkti tiek dizain\u0113ti Somij\u0101, modeli TR292 pied\u0101v\u0101 teju visos popul\u0101rajos izm\u0113ros, s\u0101kot no R15 l\u012bdz pat R18.<o:p><\/o:p><\/p>\n<h3><strong>AgileX A\/T TR292 galven\u0101s iez\u012bmes:<\/strong><o:p><\/o:p><\/h3>\n<p>+ A\/T noz\u012bm\u0113 All Terrain klases riepa &#8211; t\u0101s paredz\u0113tas gan ikdienas, gan bezce\u013cu brauk\u0161anai;<o:p><\/o:p><\/p>\n<p>+ Protektora dizains ir raupj\u0101ks sal\u012bdzin\u0101jum\u0101 ar H\/T, t\u0101p\u0113c to iecien\u012bju\u0161i SUV \u012bpa\u0161nieki, kuri ikdien\u0101 saskaras ar bezce\u013ciem;<o:p><\/o:p><\/p>\n<p>+ Lieliski piem\u0113rots brauk\u0161anai pa asfalt\u0113tiem ce\u013ciem, bru\u0123i, grants ce\u013ciem, \u0161\u0137emb\u0101m un lauku ce\u013ciem;<o:p><\/o:p><\/p>\n<p>+ Divsl\u0101\u0146u gumija nodro\u0161ina paaugstin\u0101tu sa\u0137eri ar slapju ce\u013ca virsmu, palielina riepas nodilumiztur\u012bbu un padara palielina komfortu;<o:p><\/o:p><\/p>\n<p>+ Jauns, univers\u0101ls protektora dizains nodro\u0161ina lielisku vad\u0101m\u012bbu un stabilit\u0101ti uz jebkuras ce\u013ca virsmas;<o:p><\/o:p><\/p>\n<p>+ Jauna lame\u013cu sist\u0113ma samazina trok\u0161\u0146u l\u012bmeni, palielinot brauk\u0161anas komfortu.<o:p><\/o:p><\/p>\n<h3>Univers\u0101ls protektora z\u012bm\u0113jums<o:p><\/o:p><\/h3>\n<p>Izstr\u0101d\u0101jot protektora z\u012bm\u0113jumu, tika izmantota 3D model\u0113\u0161anas metode. T\u0101 rezult\u0101t\u0101, izdev\u0101s pan\u0101kt optim\u0101l\u0101ko bloku izvietojumu vis\u0101 riepas laukum\u0101. Protektora centr\u0101laj\u0101 da\u013c\u0101 atrodas tr\u012bs jaunas formas bloki, t\u0101p\u0113c ir izdevies b\u016btiski palielin\u0101t sa\u0137eres laukumu un paaugstin\u0101t stabilit\u0101ti brauk\u0161anas laik\u0101. S\u0101nu zonas bloki nodro\u0161ina aizsardz\u012bbu pret boj\u0101jumiem un palielina notur\u012bbu pagriezienos. T\u0101pat ar\u012b s\u0101nu zona satur lielu padzi\u013cin\u0101jumu un izvirz\u012bjumu skaitu, kas rada papildu dro\u0161\u012bbu un sa\u0137eri. Liels daudzums \u016bdens novadkan\u0101lu palielina sa\u0137eri ar slapju virsmu. Turkl\u0101t s\u012bk\u0101s rievas absorb\u0113 troksni, padarot brauk\u0161anu \u0113rt\u0101ku. Palielinot protektora z\u012bm\u0113juma dzi\u013cumu, ir izdevies palielin\u0101t \u016bdens un smilts caurlaid\u012bbu un palielinot ar\u012b riepas nodilumiztur\u012bbu.<o:p><\/o:p><\/p>\n<h3>Divsl\u0101\u0146u gumijas mais\u012bjums<o:p><\/o:p><\/h3>\n<p>Izstr\u0101d\u0101jot Triangle TR292, tika izmantots jauns divsl\u0101\u0146u gumijas mais\u012bjums. Apak\u0161\u0113jais sl\u0101nis ir stingr\u0101ks. Tas \u013cauj vienm\u0113r\u012bgi sadal\u012bt spiedienu riepas iek\u0161pus\u0113, kas nodro\u0161ina vienm\u0113r\u012bgu protektora dil\u0161anu. Aug\u0161\u0113jais sl\u0101nis ir m\u012bkst\u0101ks un palielina sa\u0137eri gan uz sausa, gan slapja ce\u013ca (nodro\u0161ina lielisku vad\u0101m\u012bbu).<o:p><\/o:p><\/p>\n<p><span style=\"color: red;\">*Uzman\u012bbu:<\/span> vasaras riepas, kas ir ra\u017eotas \u0136\u012bn\u0101, var b\u016bt apz\u012bm\u0113tas ar apz\u012bm\u0113jumu M + S. J\u0101\u0146em ver\u0101, ka \u0136\u012bnas teritorija sniedzas da\u017e\u0101d\u0101s klimatiskaj\u0101s zon\u0101s, kur da\u017eviet metereolo\u0123isk\u0101 ziema t\u0101 ar\u012b neiest\u0101jas. L\u012bdz ar to, tur \u0161\u012bs riepas var izmantot visu gadu, kam\u0113r Latvij\u0101 tas nestr\u0101d\u0101!<\/p>\n","protected":false},"excerpt":{"rendered":"<p><strong>Triangle AgileX A\/T TR292 <\/strong>ir vasaras riepu modelis, kas speci\u0101li veidots apvidus auto, kas tiek eksplaut\u0113ti visda\u017e\u0101d\u0101kajos brauk\u0161anas apst\u0101k\u013cos. \u0160im modelim ir lieliski veiktsp\u0113jas r\u0101d\u012bt\u0101ji gan pils\u0113tas satiksm\u0113, gan bezce\u013ca apst\u0101k\u013cos. Lai ieg\u016btu \u0161\u0101dus parametrus, ra\u017eot\u0101ji izmanto jaunu divsl\u0101\u0146u gumijas mais\u012bjumu un ir izveidoju\u0161i piln\u012bgi jaunu protektora dizainu. Triangle ir \u0136\u012bnas ra\u017eot\u0101js, kura produkti tiek dizain\u0113ti Somij\u0101, modeli TR292 pied\u0101v\u0101 teju visos popul\u0101rajos izm\u0113ros, s\u0101kot no R15 l\u012bdz pat R18.<\/p>\n","protected":false},"featured_media":866877,"template":"","meta":{"_acf_changed":false,"ngg_post_thumbnail":0},"product_brand":[],"product_cat":[46],"product_tag":[],"class_list":{"0":"post-222882","1":"product","2":"type-product","3":"status-publish","4":"has-post-thumbnail","6":"product_cat-vasaras-riepas","8":"first","9":"instock","10":"sale","11":"taxable","12":"shipping-taxable","13":"purchasable","14":"product-type-simple"},"acf":[],"yoast_head":"<!-- This site is optimized with the Yoast SEO Premium plugin v22.6 (Yoast SEO v27.3) - https:\/\/yoast.com\/product\/yoast-seo-premium-wordpress\/ -->\n<title>205\/70R15 Triangle AgileX A\/T TR292 96T &#8226; MMK Riepas<\/title>\n<meta name=\"description\" content=\"Triangle AgileX A\/T TR292 - lieliski veiktsp\u0113jas r\u0101d\u012bt\u0101ji gan pils\u0113tas ce\u013cos, gan bezce\u013ca apst\u0101k\u013cos.\" \/>\n<meta name=\"robots\" content=\"index, follow, max-snippet:-1, max-image-preview:large, max-video-preview:-1\" \/>\n<link rel=\"canonical\" href=\"https:\/\/mmkriepas.lv\/en\/p\/205-70r15-triangle-agilex-a-t-tr292-96t\/\" \/>\n<meta property=\"og:locale\" content=\"en_US\" \/>\n<meta property=\"og:type\" content=\"article\" \/>\n<meta property=\"og:title\" content=\"205\/70R15 Triangle AgileX A\/T TR292 96T\" \/>\n<meta property=\"og:description\" content=\"Triangle AgileX A\/T TR292 - lieliski veiktsp\u0113jas r\u0101d\u012bt\u0101ji gan pils\u0113tas ce\u013cos, gan bezce\u013ca apst\u0101k\u013cos.\" \/>\n<meta property=\"og:url\" content=\"https:\/\/mmkriepas.lv\/en\/p\/205-70r15-triangle-agilex-a-t-tr292-96t\/\" \/>\n<meta property=\"og:site_name\" content=\"MMK Riepas\" \/>\n<meta property=\"article:publisher\" content=\"https:\/\/www.facebook.com\/mmkserviss\/\" \/>\n<meta property=\"article:modified_time\" content=\"2026-03-31T10:50:20+00:00\" \/>\n<meta property=\"og:image\" content=\"https:\/\/mmkriepas.lv\/wp-content\/uploads\/2024\/02\/26565r17-triangle-agilex-at-tr292-112s-rp-all-terrain-riepas-vasaras-riepas.jpeg\" \/>\n\t<meta property=\"og:image:width\" content=\"1920\" \/>\n\t<meta property=\"og:image:height\" content=\"1440\" \/>\n\t<meta property=\"og:image:type\" content=\"image\/jpeg\" \/>\n<meta name=\"twitter:card\" content=\"summary_large_image\" \/>\n<meta name=\"twitter:label1\" content=\"Price\" \/>\n\t<meta name=\"twitter:data1\" content=\"&euro;64.00\" \/>\n\t<meta name=\"twitter:label2\" content=\"Availability\" \/>\n\t<meta name=\"twitter:data2\" content=\"In stock\" \/>\n<script type=\"application\/ld+json\" class=\"yoast-schema-graph\">{\"@context\":\"https:\\\/\\\/schema.org\",\"@graph\":[{\"@type\":\"WebPage\",\"@id\":\"https:\\\/\\\/mmkriepas.lv\\\/en\\\/p\\\/205-70r15-triangle-agilex-a-t-tr292-96t\\\/\",\"url\":\"https:\\\/\\\/mmkriepas.lv\\\/en\\\/p\\\/205-70r15-triangle-agilex-a-t-tr292-96t\\\/\",\"name\":\"205\\\/70R15 Triangle AgileX A\\\/T TR292 96T &#8226; MMK Riepas\",\"isPartOf\":{\"@id\":\"https:\\\/\\\/mmkriepas.lv\\\/en\\\/#website\"},\"primaryImageOfPage\":{\"@id\":\"https:\\\/\\\/mmkriepas.lv\\\/en\\\/p\\\/205-70r15-triangle-agilex-a-t-tr292-96t\\\/#primaryimage\"},\"image\":{\"@id\":\"https:\\\/\\\/mmkriepas.lv\\\/en\\\/p\\\/205-70r15-triangle-agilex-a-t-tr292-96t\\\/#primaryimage\"},\"thumbnailUrl\":\"https:\\\/\\\/mmkriepas.lv\\\/wp-content\\\/uploads\\\/2024\\\/02\\\/26565r17-triangle-agilex-at-tr292-112s-rp-all-terrain-riepas-vasaras-riepas.jpeg\",\"datePublished\":\"2022-03-01T16:33:07+00:00\",\"dateModified\":\"2026-03-31T10:50:20+00:00\",\"description\":\"Triangle AgileX A\\\/T TR292 - lieliski veiktsp\u0113jas r\u0101d\u012bt\u0101ji gan pils\u0113tas ce\u013cos, gan bezce\u013ca apst\u0101k\u013cos.\",\"breadcrumb\":{\"@id\":\"https:\\\/\\\/mmkriepas.lv\\\/en\\\/p\\\/205-70r15-triangle-agilex-a-t-tr292-96t\\\/#breadcrumb\"},\"inLanguage\":\"en-US\",\"potentialAction\":[{\"@type\":\"ReadAction\",\"target\":[\"https:\\\/\\\/mmkriepas.lv\\\/en\\\/p\\\/205-70r15-triangle-agilex-a-t-tr292-96t\\\/\"]}]},{\"@type\":\"ImageObject\",\"inLanguage\":\"en-US\",\"@id\":\"https:\\\/\\\/mmkriepas.lv\\\/en\\\/p\\\/205-70r15-triangle-agilex-a-t-tr292-96t\\\/#primaryimage\",\"url\":\"https:\\\/\\\/mmkriepas.lv\\\/wp-content\\\/uploads\\\/2024\\\/02\\\/26565r17-triangle-agilex-at-tr292-112s-rp-all-terrain-riepas-vasaras-riepas.jpeg\",\"contentUrl\":\"https:\\\/\\\/mmkriepas.lv\\\/wp-content\\\/uploads\\\/2024\\\/02\\\/26565r17-triangle-agilex-at-tr292-112s-rp-all-terrain-riepas-vasaras-riepas.jpeg\",\"width\":1920,\"height\":1440,\"caption\":\"Triangle AgileX A\\\/T TR292 - All Terrain riepas \\\/ Vasaras riepas\"},{\"@type\":\"BreadcrumbList\",\"@id\":\"https:\\\/\\\/mmkriepas.lv\\\/en\\\/p\\\/205-70r15-triangle-agilex-a-t-tr292-96t\\\/#breadcrumb\",\"itemListElement\":[{\"@type\":\"ListItem\",\"position\":1,\"name\":\"S\u0101kums\",\"item\":\"https:\\\/\\\/mmkriepas.lv\\\/en\\\/\"},{\"@type\":\"ListItem\",\"position\":2,\"name\":\"205\\\/70R15 Triangle AgileX A\\\/T TR292 96T\"}]},{\"@type\":\"WebSite\",\"@id\":\"https:\\\/\\\/mmkriepas.lv\\\/en\\\/#website\",\"url\":\"https:\\\/\\\/mmkriepas.lv\\\/en\\\/\",\"name\":\"MMK Riepas\",\"description\":\"MMK Riepas\",\"alternateName\":\"MMK Riepu Serviss\",\"potentialAction\":[{\"@type\":\"SearchAction\",\"target\":{\"@type\":\"EntryPoint\",\"urlTemplate\":\"https:\\\/\\\/mmkriepas.lv\\\/en\\\/?s={search_term_string}\"},\"query-input\":{\"@type\":\"PropertyValueSpecification\",\"valueRequired\":true,\"valueName\":\"search_term_string\"}}],\"inLanguage\":\"en-US\"},{\"@type\":\"ImageObject\",\"inLanguage\":\"en-US\",\"@id\":\"https:\\\/\\\/mmkriepas.lv\\\/en\\\/p\\\/205-70r15-triangle-agilex-a-t-tr292-96t\\\/#local-main-organization-logo\",\"url\":\"\",\"contentUrl\":\"\",\"caption\":\"MMK Riepas\"}]}<\/script>\n<meta property=\"product:brand\" content=\"Triangle AgileX A\/T TR292\" \/>\n<meta property=\"product:price:amount\" content=\"64.00\" \/>\n<meta property=\"product:price:currency\" content=\"EUR\" \/>\n<meta property=\"og:availability\" content=\"instock\" \/>\n<meta property=\"product:availability\" content=\"instock\" \/>\n<meta property=\"product:retailer_item_id\" content=\"TS2057015TRIAN-21213\" \/>\n<meta property=\"product:condition\" content=\"new\" \/>\n<!-- \/ Yoast SEO Premium plugin. -->","yoast_head_json":{"title":"205\/70R15 Triangle AgileX A\/T TR292 96T &#8226; MMK Riepas","description":"Triangle AgileX A\/T TR292 - lieliski veiktsp\u0113jas r\u0101d\u012bt\u0101ji gan pils\u0113tas ce\u013cos, gan bezce\u013ca apst\u0101k\u013cos.","robots":{"index":"index","follow":"follow","max-snippet":"max-snippet:-1","max-image-preview":"max-image-preview:large","max-video-preview":"max-video-preview:-1"},"canonical":"https:\/\/mmkriepas.lv\/en\/p\/205-70r15-triangle-agilex-a-t-tr292-96t\/","og_locale":"en_US","og_type":"article","og_title":"205\/70R15 Triangle AgileX A\/T TR292 96T","og_description":"Triangle AgileX A\/T TR292 - lieliski veiktsp\u0113jas r\u0101d\u012bt\u0101ji gan pils\u0113tas ce\u013cos, gan bezce\u013ca apst\u0101k\u013cos.","og_url":"https:\/\/mmkriepas.lv\/en\/p\/205-70r15-triangle-agilex-a-t-tr292-96t\/","og_site_name":"MMK Riepas","article_publisher":"https:\/\/www.facebook.com\/mmkserviss\/","article_modified_time":"2026-03-31T10:50:20+00:00","og_image":[{"width":1920,"height":1440,"url":"https:\/\/mmkriepas.lv\/wp-content\/uploads\/2024\/02\/26565r17-triangle-agilex-at-tr292-112s-rp-all-terrain-riepas-vasaras-riepas.jpeg","type":"image\/jpeg"}],"twitter_card":"summary_large_image","twitter_misc":{"Price":"&euro;64.00","Availability":"In stock"},"schema":{"@context":"https:\/\/schema.org","@graph":[{"@type":"WebPage","@id":"https:\/\/mmkriepas.lv\/en\/p\/205-70r15-triangle-agilex-a-t-tr292-96t\/","url":"https:\/\/mmkriepas.lv\/en\/p\/205-70r15-triangle-agilex-a-t-tr292-96t\/","name":"205\/70R15 Triangle AgileX A\/T TR292 96T &#8226; MMK Riepas","isPartOf":{"@id":"https:\/\/mmkriepas.lv\/en\/#website"},"primaryImageOfPage":{"@id":"https:\/\/mmkriepas.lv\/en\/p\/205-70r15-triangle-agilex-a-t-tr292-96t\/#primaryimage"},"image":{"@id":"https:\/\/mmkriepas.lv\/en\/p\/205-70r15-triangle-agilex-a-t-tr292-96t\/#primaryimage"},"thumbnailUrl":"https:\/\/mmkriepas.lv\/wp-content\/uploads\/2024\/02\/26565r17-triangle-agilex-at-tr292-112s-rp-all-terrain-riepas-vasaras-riepas.jpeg","datePublished":"2022-03-01T16:33:07+00:00","dateModified":"2026-03-31T10:50:20+00:00","description":"Triangle AgileX A\/T TR292 - lieliski veiktsp\u0113jas r\u0101d\u012bt\u0101ji gan pils\u0113tas ce\u013cos, gan bezce\u013ca apst\u0101k\u013cos.","breadcrumb":{"@id":"https:\/\/mmkriepas.lv\/en\/p\/205-70r15-triangle-agilex-a-t-tr292-96t\/#breadcrumb"},"inLanguage":"en-US","potentialAction":[{"@type":"ReadAction","target":["https:\/\/mmkriepas.lv\/en\/p\/205-70r15-triangle-agilex-a-t-tr292-96t\/"]}]},{"@type":"ImageObject","inLanguage":"en-US","@id":"https:\/\/mmkriepas.lv\/en\/p\/205-70r15-triangle-agilex-a-t-tr292-96t\/#primaryimage","url":"https:\/\/mmkriepas.lv\/wp-content\/uploads\/2024\/02\/26565r17-triangle-agilex-at-tr292-112s-rp-all-terrain-riepas-vasaras-riepas.jpeg","contentUrl":"https:\/\/mmkriepas.lv\/wp-content\/uploads\/2024\/02\/26565r17-triangle-agilex-at-tr292-112s-rp-all-terrain-riepas-vasaras-riepas.jpeg","width":1920,"height":1440,"caption":"Triangle AgileX A\/T TR292 - All Terrain riepas \/ Vasaras riepas"},{"@type":"BreadcrumbList","@id":"https:\/\/mmkriepas.lv\/en\/p\/205-70r15-triangle-agilex-a-t-tr292-96t\/#breadcrumb","itemListElement":[{"@type":"ListItem","position":1,"name":"S\u0101kums","item":"https:\/\/mmkriepas.lv\/en\/"},{"@type":"ListItem","position":2,"name":"205\/70R15 Triangle AgileX A\/T TR292 96T"}]},{"@type":"WebSite","@id":"https:\/\/mmkriepas.lv\/en\/#website","url":"https:\/\/mmkriepas.lv\/en\/","name":"MMK Riepas","description":"MMK Riepas","alternateName":"MMK Riepu Serviss","potentialAction":[{"@type":"SearchAction","target":{"@type":"EntryPoint","urlTemplate":"https:\/\/mmkriepas.lv\/en\/?s={search_term_string}"},"query-input":{"@type":"PropertyValueSpecification","valueRequired":true,"valueName":"search_term_string"}}],"inLanguage":"en-US"},{"@type":"ImageObject","inLanguage":"en-US","@id":"https:\/\/mmkriepas.lv\/en\/p\/205-70r15-triangle-agilex-a-t-tr292-96t\/#local-main-organization-logo","url":"","contentUrl":"","caption":"MMK Riepas"}]},"product_brand":"Triangle AgileX A\/T TR292","product_price_amount":"64.00","product_price_currency":"EUR","og_availability":"instock","product_availability":"instock","product_retailer_item_id":"TS2057015TRIAN-21213","product_condition":"new"},"_links":{"self":[{"href":"https:\/\/mmkriepas.lv\/en\/wp-json\/wp\/v2\/product\/222882","targetHints":{"allow":["GET"]}}],"collection":[{"href":"https:\/\/mmkriepas.lv\/en\/wp-json\/wp\/v2\/product"}],"about":[{"href":"https:\/\/mmkriepas.lv\/en\/wp-json\/wp\/v2\/types\/product"}],"wp:featuredmedia":[{"embeddable":true,"href":"https:\/\/mmkriepas.lv\/en\/wp-json\/wp\/v2\/media\/866877"}],"wp:attachment":[{"href":"https:\/\/mmkriepas.lv\/en\/wp-json\/wp\/v2\/media?parent=222882"}],"wp:term":[{"taxonomy":"product_brand","embeddable":true,"href":"https:\/\/mmkriepas.lv\/en\/wp-json\/wp\/v2\/product_brand?post=222882"},{"taxonomy":"product_cat","embeddable":true,"href":"https:\/\/mmkriepas.lv\/en\/wp-json\/wp\/v2\/product_cat?post=222882"},{"taxonomy":"product_tag","embeddable":true,"href":"https:\/\/mmkriepas.lv\/en\/wp-json\/wp\/v2\/product_tag?post=222882"}],"curies":[{"name":"wp","href":"https:\/\/api.w.org\/{rel}","templated":true}]}}