{"id":222383,"date":"2022-02-25T12:28:52","date_gmt":"2022-02-25T10:28:52","guid":{"rendered":"https:\/\/mmkserviss.lv\/?post_type=product&#038;p=222383"},"modified":"2026-03-27T23:09:50","modified_gmt":"2026-03-27T21:09:50","slug":"215-55r16-royal-black-royal-eco-97w-xl","status":"publish","type":"product","link":"https:\/\/mmkriepas.lv\/en\/p\/215-55r16-royal-black-royal-eco-97w-xl\/","title":{"rendered":"215\/55R18 Royal Black Royal Eco 99V XL"},"content":{"rendered":"<p style=\"margin: 12.0pt 0cm 12.0pt 0cm;\"><b><span style=\"font-size: 11.0pt; font-family: 'Arial',sans-serif; color: black;\">Royal Black Royal Eco <\/span><\/b><span style=\"font-size: 11.0pt; font-family: 'Arial',sans-serif; color: black;\">&#8211; vasaras riepu modelis, kas izce\u013cas ar teicamu veiktsp\u0113ju gan uz asfalta, gan grants ce\u013ciem, k\u0101 ar\u012b ar izcilu cenas un veiktsp\u0113jas koeficentu. Pieejams pla\u0161\u0101 izm\u0113ru kl\u0101st\u0101, s\u0101kot ar kompaktklases auto, l\u012bdz pat krosoveriem.\u00a0<\/span><o:p><\/o:p><\/p>\n<h3 style=\"margin: 14.0pt 0cm 4.0pt 0cm;\"><span style=\"font-size: 13.0pt; font-family: 'Arial',sans-serif; color: black;\">Royal Black Royal Eco galven\u0101s \u012bpa\u0161\u012bbas<\/span><o:p><\/o:p><\/h3>\n<p style=\"margin: 12.0pt 0cm 12.0pt 0cm;\"><span style=\"font-size: 11.0pt; font-family: 'Arial',sans-serif; color: black;\">+ Teicama sa\u0137ere gan ar slapju, gan sausu asfaltu.<\/span><o:p><\/o:p><\/p>\n<p style=\"margin: 12.0pt 0cm 12.0pt 0cm;\"><span style=\"font-size: 11.0pt; font-family: 'Arial',sans-serif; color: black;\">+ Augsta veiktsp\u0113ja ar\u012b uz grants vai me\u017ea ce\u013ciem.<\/span><o:p><\/o:p><\/p>\n<p style=\"margin: 12.0pt 0cm 12.0pt 0cm;\"><span style=\"font-size: 11.0pt; font-family: 'Arial',sans-serif; color: black;\">+ Riepas pieejamas pla\u0161\u0101 izm\u0113ru kl\u0101st\u0101 no R14 l\u012bdz R17.<\/span><o:p><\/o:p><\/p>\n<p style=\"margin: 12.0pt 0cm 12.0pt 0cm;\"><span style=\"font-size: 11.0pt; font-family: 'Arial',sans-serif; color: black;\">+ Samazin\u0101ts akvaplan\u0113\u0161anas risks.<\/span><o:p><\/o:p><\/p>\n<p style=\"margin: 12.0pt 0cm 12.0pt 0cm;\"><span style=\"font-size: 11.0pt; font-family: 'Arial',sans-serif; color: black;\">+ Izcils cenas un veiktsp\u0113jas koeficents.<\/span><o:p><\/o:p><\/p>\n<h3 style=\"margin: 14.0pt 0cm 4.0pt 0cm;\"><span style=\"font-size: 13.0pt; font-family: 'Arial',sans-serif; color: black;\">Royal Eco apr\u012bkojums<\/span><o:p><\/o:p><\/h3>\n<p style=\"margin: 12.0pt 0cm 12.0pt 0cm;\"><b><span style=\"font-size: 11.0pt; font-family: 'Arial',sans-serif; color: black;\">Royal Black Royal Eco <\/span><\/b><span style=\"font-size: 11.0pt; font-family: 'Arial',sans-serif; color: black;\">vasaras riepas apr\u012bkotas ar vasaras riep\u0101m rakstur\u012bgu asimetrisko protektora dizainu, kas papildin\u0101ts ar lielu daudzumu dren\u0101\u017eas kan\u0101lu. \u0160ie iegriezumi jeb dren\u0101\u017eas kan\u0101li ne tikai pal\u012bdz novad\u012bt \u016bdeni no riepu kontakta virsmas ar ce\u013cu, samazinot akvaplan\u0113\u0161anas risku, bet ar\u012b uzlabo riepu sa\u0137eri ar grants ce\u013ciem.\u00a0<\/span><o:p><\/o:p><\/p>\n<p style=\"margin: 12.0pt 0cm 12.0pt 0cm;\"><span style=\"font-size: 11.0pt; font-family: 'Arial',sans-serif; color: black;\">\u0160\u012b mode\u013ca riepu gumijas sast\u0101vam pievienota virkne elementu, kas pal\u012bdz riep\u0101m saglab\u0101t formu augst\u0101s gaisa temperat\u016br\u0101s vasar\u0101, samazinot ar\u012b nodilumu. Atvieglot\u0101, bet iztur\u012bg\u0101 konstrukcija samazina ar\u012b rites pretest\u012bbu, rezult\u0113joties zem\u0101k\u0101 degvielas pat\u0113ri\u0146\u0101.\u00a0<\/span><o:p><\/o:p><\/p>\n","protected":false},"excerpt":{"rendered":"<p style=\"margin: 12.0pt 0cm 12.0pt 0cm;\"><b><span style=\"font-size: 11.0pt; font-family: 'Arial',sans-serif; color: black;\">Royal Black Royal Eco <\/span><\/b><span style=\"font-size: 11.0pt; font-family: 'Arial',sans-serif; color: black;\">&#8211; vasaras riepu modelis, kas izce\u013cas ar teicamu veiktsp\u0113ju gan uz asfalta, gan grants ce\u013ciem, k\u0101 ar\u012b ar izcilu cenas un veiktsp\u0113jas koeficentu. Pieejams pla\u0161\u0101 izm\u0113ru kl\u0101st\u0101, s\u0101kot ar kompaktklases auto, l\u012bdz pat krosoveriem.\u00a0<\/span><o:p><\/o:p><\/p>\n","protected":false},"featured_media":223120,"template":"","meta":{"_acf_changed":false,"ngg_post_thumbnail":0},"product_brand":[],"product_cat":[46],"product_tag":[19634],"class_list":{"0":"post-222383","1":"product","2":"type-product","3":"status-publish","4":"has-post-thumbnail","6":"product_cat-vasaras-riepas","7":"product_tag-mmk","9":"first","10":"instock","11":"sale","12":"taxable","13":"shipping-taxable","14":"purchasable","15":"product-type-simple"},"acf":[],"yoast_head":"<!-- This site is optimized with the Yoast SEO Premium plugin v22.6 (Yoast SEO v27.3) - https:\/\/yoast.com\/product\/yoast-seo-premium-wordpress\/ -->\n<title>215\/55R18 Royal Black Royal Eco 99V XL &#8226; MMK Riepas<\/title>\n<meta name=\"description\" content=\"Royal Black Royal Eco - vasaras riepu modelis, kas izce\u013cas ar teicamu veiktsp\u0113ju gan uz asfalta, gan grants ce\u013ciem, k\u0101 ar\u012b ar izcilu cenu.\" \/>\n<meta name=\"robots\" content=\"index, follow, max-snippet:-1, max-image-preview:large, max-video-preview:-1\" \/>\n<link rel=\"canonical\" href=\"https:\/\/mmkriepas.lv\/en\/p\/215-55r16-royal-black-royal-eco-97w-xl\/\" \/>\n<meta property=\"og:locale\" content=\"en_US\" \/>\n<meta property=\"og:type\" content=\"article\" \/>\n<meta property=\"og:title\" content=\"215\/55R18 Royal Black Royal Eco 99V XL\" \/>\n<meta property=\"og:description\" content=\"Royal Black Royal Eco - vasaras riepu modelis, kas izce\u013cas ar teicamu veiktsp\u0113ju gan uz asfalta, gan grants ce\u013ciem, k\u0101 ar\u012b ar izcilu cenu.\" \/>\n<meta property=\"og:url\" content=\"https:\/\/mmkriepas.lv\/en\/p\/215-55r16-royal-black-royal-eco-97w-xl\/\" \/>\n<meta property=\"og:site_name\" content=\"MMK Riepas\" \/>\n<meta property=\"article:publisher\" content=\"https:\/\/www.facebook.com\/mmkserviss\/\" \/>\n<meta property=\"article:modified_time\" content=\"2026-03-27T21:09:50+00:00\" \/>\n<meta property=\"og:image\" content=\"https:\/\/mmkriepas.lv\/wp-content\/uploads\/2022\/03\/20560r16-royal-black-royal-eco-92v-vasaras-riepas.jpg\" \/>\n\t<meta property=\"og:image:width\" content=\"1920\" \/>\n\t<meta property=\"og:image:height\" content=\"1278\" \/>\n\t<meta property=\"og:image:type\" content=\"image\/jpeg\" \/>\n<meta name=\"twitter:card\" content=\"summary_large_image\" \/>\n<meta name=\"twitter:label1\" content=\"Price\" \/>\n\t<meta name=\"twitter:data1\" content=\"&euro;62.00\" \/>\n\t<meta name=\"twitter:label2\" content=\"Availability\" \/>\n\t<meta name=\"twitter:data2\" content=\"In stock\" \/>\n<script type=\"application\/ld+json\" class=\"yoast-schema-graph\">{\"@context\":\"https:\\\/\\\/schema.org\",\"@graph\":[{\"@type\":\"WebPage\",\"@id\":\"https:\\\/\\\/mmkriepas.lv\\\/en\\\/p\\\/215-55r16-royal-black-royal-eco-97w-xl\\\/\",\"url\":\"https:\\\/\\\/mmkriepas.lv\\\/en\\\/p\\\/215-55r16-royal-black-royal-eco-97w-xl\\\/\",\"name\":\"215\\\/55R18 Royal Black Royal Eco 99V XL &#8226; MMK Riepas\",\"isPartOf\":{\"@id\":\"https:\\\/\\\/mmkriepas.lv\\\/en\\\/#website\"},\"primaryImageOfPage\":{\"@id\":\"https:\\\/\\\/mmkriepas.lv\\\/en\\\/p\\\/215-55r16-royal-black-royal-eco-97w-xl\\\/#primaryimage\"},\"image\":{\"@id\":\"https:\\\/\\\/mmkriepas.lv\\\/en\\\/p\\\/215-55r16-royal-black-royal-eco-97w-xl\\\/#primaryimage\"},\"thumbnailUrl\":\"https:\\\/\\\/mmkriepas.lv\\\/wp-content\\\/uploads\\\/2022\\\/03\\\/20560r16-royal-black-royal-eco-92v-vasaras-riepas.jpg\",\"datePublished\":\"2022-02-25T10:28:52+00:00\",\"dateModified\":\"2026-03-27T21:09:50+00:00\",\"description\":\"Royal Black Royal Eco - vasaras riepu modelis, kas izce\u013cas ar teicamu veiktsp\u0113ju gan uz asfalta, gan grants ce\u013ciem, k\u0101 ar\u012b ar izcilu cenu.\",\"breadcrumb\":{\"@id\":\"https:\\\/\\\/mmkriepas.lv\\\/en\\\/p\\\/215-55r16-royal-black-royal-eco-97w-xl\\\/#breadcrumb\"},\"inLanguage\":\"en-US\",\"potentialAction\":[{\"@type\":\"ReadAction\",\"target\":[\"https:\\\/\\\/mmkriepas.lv\\\/en\\\/p\\\/215-55r16-royal-black-royal-eco-97w-xl\\\/\"]}]},{\"@type\":\"ImageObject\",\"inLanguage\":\"en-US\",\"@id\":\"https:\\\/\\\/mmkriepas.lv\\\/en\\\/p\\\/215-55r16-royal-black-royal-eco-97w-xl\\\/#primaryimage\",\"url\":\"https:\\\/\\\/mmkriepas.lv\\\/wp-content\\\/uploads\\\/2022\\\/03\\\/20560r16-royal-black-royal-eco-92v-vasaras-riepas.jpg\",\"contentUrl\":\"https:\\\/\\\/mmkriepas.lv\\\/wp-content\\\/uploads\\\/2022\\\/03\\\/20560r16-royal-black-royal-eco-92v-vasaras-riepas.jpg\",\"width\":1920,\"height\":1278,\"caption\":\"Royal black royal ECO vasaras riepas\"},{\"@type\":\"BreadcrumbList\",\"@id\":\"https:\\\/\\\/mmkriepas.lv\\\/en\\\/p\\\/215-55r16-royal-black-royal-eco-97w-xl\\\/#breadcrumb\",\"itemListElement\":[{\"@type\":\"ListItem\",\"position\":1,\"name\":\"S\u0101kums\",\"item\":\"https:\\\/\\\/mmkriepas.lv\\\/en\\\/\"},{\"@type\":\"ListItem\",\"position\":2,\"name\":\"215\\\/55R18 Royal Black Royal Eco 99V XL\"}]},{\"@type\":\"WebSite\",\"@id\":\"https:\\\/\\\/mmkriepas.lv\\\/en\\\/#website\",\"url\":\"https:\\\/\\\/mmkriepas.lv\\\/en\\\/\",\"name\":\"MMK Riepas\",\"description\":\"MMK Riepas\",\"alternateName\":\"MMK Riepu Serviss\",\"potentialAction\":[{\"@type\":\"SearchAction\",\"target\":{\"@type\":\"EntryPoint\",\"urlTemplate\":\"https:\\\/\\\/mmkriepas.lv\\\/en\\\/?s={search_term_string}\"},\"query-input\":{\"@type\":\"PropertyValueSpecification\",\"valueRequired\":true,\"valueName\":\"search_term_string\"}}],\"inLanguage\":\"en-US\"},{\"@type\":\"ImageObject\",\"inLanguage\":\"en-US\",\"@id\":\"https:\\\/\\\/mmkriepas.lv\\\/en\\\/p\\\/215-55r16-royal-black-royal-eco-97w-xl\\\/#local-main-organization-logo\",\"url\":\"\",\"contentUrl\":\"\",\"caption\":\"MMK Riepas\"}]}<\/script>\n<meta property=\"product:brand\" content=\"Royal Black Royal Eco\" \/>\n<meta property=\"product:price:amount\" content=\"62.00\" \/>\n<meta property=\"product:price:currency\" content=\"EUR\" \/>\n<meta property=\"og:availability\" content=\"instock\" \/>\n<meta property=\"product:availability\" content=\"instock\" \/>\n<meta property=\"product:retailer_item_id\" content=\"TS2155518ROYAL-51323\" \/>\n<meta property=\"product:condition\" content=\"new\" \/>\n<!-- \/ Yoast SEO Premium plugin. -->","yoast_head_json":{"title":"215\/55R18 Royal Black Royal Eco 99V XL &#8226; MMK Riepas","description":"Royal Black Royal Eco - vasaras riepu modelis, kas izce\u013cas ar teicamu veiktsp\u0113ju gan uz asfalta, gan grants ce\u013ciem, k\u0101 ar\u012b ar izcilu cenu.","robots":{"index":"index","follow":"follow","max-snippet":"max-snippet:-1","max-image-preview":"max-image-preview:large","max-video-preview":"max-video-preview:-1"},"canonical":"https:\/\/mmkriepas.lv\/en\/p\/215-55r16-royal-black-royal-eco-97w-xl\/","og_locale":"en_US","og_type":"article","og_title":"215\/55R18 Royal Black Royal Eco 99V XL","og_description":"Royal Black Royal Eco - vasaras riepu modelis, kas izce\u013cas ar teicamu veiktsp\u0113ju gan uz asfalta, gan grants ce\u013ciem, k\u0101 ar\u012b ar izcilu cenu.","og_url":"https:\/\/mmkriepas.lv\/en\/p\/215-55r16-royal-black-royal-eco-97w-xl\/","og_site_name":"MMK Riepas","article_publisher":"https:\/\/www.facebook.com\/mmkserviss\/","article_modified_time":"2026-03-27T21:09:50+00:00","og_image":[{"width":1920,"height":1278,"url":"https:\/\/mmkriepas.lv\/wp-content\/uploads\/2022\/03\/20560r16-royal-black-royal-eco-92v-vasaras-riepas.jpg","type":"image\/jpeg"}],"twitter_card":"summary_large_image","twitter_misc":{"Price":"&euro;62.00","Availability":"In stock"},"schema":{"@context":"https:\/\/schema.org","@graph":[{"@type":"WebPage","@id":"https:\/\/mmkriepas.lv\/en\/p\/215-55r16-royal-black-royal-eco-97w-xl\/","url":"https:\/\/mmkriepas.lv\/en\/p\/215-55r16-royal-black-royal-eco-97w-xl\/","name":"215\/55R18 Royal Black Royal Eco 99V XL &#8226; MMK Riepas","isPartOf":{"@id":"https:\/\/mmkriepas.lv\/en\/#website"},"primaryImageOfPage":{"@id":"https:\/\/mmkriepas.lv\/en\/p\/215-55r16-royal-black-royal-eco-97w-xl\/#primaryimage"},"image":{"@id":"https:\/\/mmkriepas.lv\/en\/p\/215-55r16-royal-black-royal-eco-97w-xl\/#primaryimage"},"thumbnailUrl":"https:\/\/mmkriepas.lv\/wp-content\/uploads\/2022\/03\/20560r16-royal-black-royal-eco-92v-vasaras-riepas.jpg","datePublished":"2022-02-25T10:28:52+00:00","dateModified":"2026-03-27T21:09:50+00:00","description":"Royal Black Royal Eco - vasaras riepu modelis, kas izce\u013cas ar teicamu veiktsp\u0113ju gan uz asfalta, gan grants ce\u013ciem, k\u0101 ar\u012b ar izcilu cenu.","breadcrumb":{"@id":"https:\/\/mmkriepas.lv\/en\/p\/215-55r16-royal-black-royal-eco-97w-xl\/#breadcrumb"},"inLanguage":"en-US","potentialAction":[{"@type":"ReadAction","target":["https:\/\/mmkriepas.lv\/en\/p\/215-55r16-royal-black-royal-eco-97w-xl\/"]}]},{"@type":"ImageObject","inLanguage":"en-US","@id":"https:\/\/mmkriepas.lv\/en\/p\/215-55r16-royal-black-royal-eco-97w-xl\/#primaryimage","url":"https:\/\/mmkriepas.lv\/wp-content\/uploads\/2022\/03\/20560r16-royal-black-royal-eco-92v-vasaras-riepas.jpg","contentUrl":"https:\/\/mmkriepas.lv\/wp-content\/uploads\/2022\/03\/20560r16-royal-black-royal-eco-92v-vasaras-riepas.jpg","width":1920,"height":1278,"caption":"Royal black royal ECO vasaras riepas"},{"@type":"BreadcrumbList","@id":"https:\/\/mmkriepas.lv\/en\/p\/215-55r16-royal-black-royal-eco-97w-xl\/#breadcrumb","itemListElement":[{"@type":"ListItem","position":1,"name":"S\u0101kums","item":"https:\/\/mmkriepas.lv\/en\/"},{"@type":"ListItem","position":2,"name":"215\/55R18 Royal Black Royal Eco 99V XL"}]},{"@type":"WebSite","@id":"https:\/\/mmkriepas.lv\/en\/#website","url":"https:\/\/mmkriepas.lv\/en\/","name":"MMK Riepas","description":"MMK Riepas","alternateName":"MMK Riepu Serviss","potentialAction":[{"@type":"SearchAction","target":{"@type":"EntryPoint","urlTemplate":"https:\/\/mmkriepas.lv\/en\/?s={search_term_string}"},"query-input":{"@type":"PropertyValueSpecification","valueRequired":true,"valueName":"search_term_string"}}],"inLanguage":"en-US"},{"@type":"ImageObject","inLanguage":"en-US","@id":"https:\/\/mmkriepas.lv\/en\/p\/215-55r16-royal-black-royal-eco-97w-xl\/#local-main-organization-logo","url":"","contentUrl":"","caption":"MMK Riepas"}]},"product_brand":"Royal Black Royal Eco","product_price_amount":"62.00","product_price_currency":"EUR","og_availability":"instock","product_availability":"instock","product_retailer_item_id":"TS2155518ROYAL-51323","product_condition":"new"},"_links":{"self":[{"href":"https:\/\/mmkriepas.lv\/en\/wp-json\/wp\/v2\/product\/222383","targetHints":{"allow":["GET"]}}],"collection":[{"href":"https:\/\/mmkriepas.lv\/en\/wp-json\/wp\/v2\/product"}],"about":[{"href":"https:\/\/mmkriepas.lv\/en\/wp-json\/wp\/v2\/types\/product"}],"wp:featuredmedia":[{"embeddable":true,"href":"https:\/\/mmkriepas.lv\/en\/wp-json\/wp\/v2\/media\/223120"}],"wp:attachment":[{"href":"https:\/\/mmkriepas.lv\/en\/wp-json\/wp\/v2\/media?parent=222383"}],"wp:term":[{"taxonomy":"product_brand","embeddable":true,"href":"https:\/\/mmkriepas.lv\/en\/wp-json\/wp\/v2\/product_brand?post=222383"},{"taxonomy":"product_cat","embeddable":true,"href":"https:\/\/mmkriepas.lv\/en\/wp-json\/wp\/v2\/product_cat?post=222383"},{"taxonomy":"product_tag","embeddable":true,"href":"https:\/\/mmkriepas.lv\/en\/wp-json\/wp\/v2\/product_tag?post=222383"}],"curies":[{"name":"wp","href":"https:\/\/api.w.org\/{rel}","templated":true}]}}