{"id":222319,"date":"2022-02-24T16:43:09","date_gmt":"2022-02-24T14:43:09","guid":{"rendered":"https:\/\/mmkserviss.lv\/?post_type=product&#038;p=222319"},"modified":"2023-02-24T13:11:07","modified_gmt":"2023-02-24T11:11:07","slug":"175-70r13-doublestar-dh05-81t","status":"publish","type":"product","link":"https:\/\/mmkriepas.lv\/en\/p\/175-70r13-doublestar-dh05-81t\/","title":{"rendered":"175\/70R13 Doublestar DH05 81T"},"content":{"rendered":"<p><strong>Doublestar DH05 <\/strong>&#8211; vasaras riepas, kas izce\u013cas ar teicamu sa\u0137eri uz sausa un slapja asfalta, k\u0101 ar\u012b uz grants ce\u013ciem. Pieejamas pla\u0161\u0101 izm\u0113ru kl\u0101st\u0101 gan vieglaj\u0101m, gan apvidus jeb SUV automa\u0161\u012bn\u0101m.<\/p>\n<p><strong>Doublestar DH05 galven\u0101s \u012bpa\u0161\u012bbas<\/strong><\/p>\n<p>+ Augstas sa\u0137eres \u012bpa\u0161\u012bbas gan uz sausa, gan slapja asfalta, k\u0101 ar\u012b uz grants ce\u013ciem.<\/p>\n<p>+ Degvielas ekonomija.<\/p>\n<p>+ Palielin\u0101ta nodilumiztur\u012bba.<\/p>\n<p>+ Samazin\u0101ts akvaplan\u0113\u0161anas risks.<\/p>\n<p><strong>DH05 apr\u012bkojums<\/strong><\/p>\n<p><strong>Doublestar DH05 <\/strong>apr\u012bkotas ar vasaras riep\u0101m rakstur\u012bgu asimetrisko protektora rakstu, kas papildin\u0101ts ar palielin\u0101tu dren\u0101\u017eas kan\u0101lu skaitu. T\u0101 gareniskaj\u0101s protektora josl\u0101s iestr\u0101d\u0101tie iegriezumi ne tikai samazina akvaplan\u0113\u0161as risku, bet ar\u012b uzlabo sa\u0137eri, braucot pa grants ce\u013ciem.<\/p>\n<p>Riepas izgatavotas no nodilumiztur\u012bga gumijas sakaus\u0113juma. T\u0101 sast\u0101vam pievienotie elastrom\u0113ri ne tikai pal\u012bdz veidot sa\u0137eri ar asfaltu, bet ar\u012b sl\u0101p\u0113 ska\u0146u un padara riepas nodilumiztur\u012bg\u0101kas.<\/p>\n","protected":false},"excerpt":{"rendered":"<p><strong>Doublestar DH05 <\/strong>&#8211; vasaras riepas, kas izce\u013cas ar teicamu sa\u0137eri uz sausa un slapja asfalta, k\u0101 ar\u012b uz grants ce\u013ciem. Pieejamas pla\u0161\u0101 izm\u0113ru kl\u0101st\u0101 gan vieglaj\u0101m, gan apvidus jeb SUV automa\u0161\u012bn\u0101m.<\/p>\n","protected":false},"featured_media":842654,"template":"","meta":{"_acf_changed":false,"ngg_post_thumbnail":0},"product_brand":[],"product_cat":[46],"product_tag":[19634],"class_list":{"0":"post-222319","1":"product","2":"type-product","3":"status-publish","4":"has-post-thumbnail","6":"product_cat-vasaras-riepas","7":"product_tag-mmk","9":"first","10":"instock","11":"sale","12":"taxable","13":"shipping-taxable","14":"product-type-simple"},"acf":[],"yoast_head":"<!-- This site is optimized with the Yoast SEO Premium plugin v22.6 (Yoast SEO v27.3) - https:\/\/yoast.com\/product\/yoast-seo-premium-wordpress\/ -->\n<title>175\/70R13 Doublestar DH05 81T &#8226; MMK Riepas<\/title>\n<meta name=\"robots\" content=\"index, follow, max-snippet:-1, max-image-preview:large, max-video-preview:-1\" \/>\n<link rel=\"canonical\" href=\"https:\/\/mmkriepas.lv\/en\/p\/175-70r13-doublestar-dh05-81t\/\" \/>\n<meta property=\"og:locale\" content=\"en_US\" \/>\n<meta property=\"og:type\" content=\"article\" \/>\n<meta property=\"og:title\" content=\"175\/70R13 Doublestar DH05 81T\" \/>\n<meta property=\"og:description\" content=\"Doublestar DH05 - vasaras riepas, kas izce\u013cas ar teicamu sa\u0137eri uz sausa un slapja asfalta, k\u0101 ar\u012b uz grants ce\u013ciem. Pieejamas pla\u0161\u0101 izm\u0113ru kl\u0101st\u0101 gan vieglaj\u0101m, gan apvidus jeb SUV automa\u0161\u012bn\u0101m.\" \/>\n<meta property=\"og:url\" content=\"https:\/\/mmkriepas.lv\/en\/p\/175-70r13-doublestar-dh05-81t\/\" \/>\n<meta property=\"og:site_name\" content=\"MMK Riepas\" \/>\n<meta property=\"article:publisher\" content=\"https:\/\/www.facebook.com\/mmkserviss\/\" \/>\n<meta property=\"article:modified_time\" content=\"2023-02-24T11:11:07+00:00\" \/>\n<meta property=\"og:image\" content=\"https:\/\/mmkriepas.lv\/wp-content\/uploads\/2024\/01\/15565r14-doublestar-dh05-75t-vasaras-riepas.jpeg\" \/>\n\t<meta property=\"og:image:width\" content=\"1534\" \/>\n\t<meta property=\"og:image:height\" content=\"1536\" \/>\n\t<meta property=\"og:image:type\" content=\"image\/jpeg\" \/>\n<meta name=\"twitter:card\" content=\"summary_large_image\" \/>\n<meta name=\"twitter:label1\" content=\"Price\" \/>\n\t<meta name=\"twitter:data1\" content=\"&euro;40.00\" \/>\n\t<meta name=\"twitter:label2\" content=\"Availability\" \/>\n\t<meta name=\"twitter:data2\" content=\"In stock\" \/>\n<script type=\"application\/ld+json\" class=\"yoast-schema-graph\">{\"@context\":\"https:\\\/\\\/schema.org\",\"@graph\":[{\"@type\":\"WebPage\",\"@id\":\"https:\\\/\\\/mmkriepas.lv\\\/en\\\/p\\\/175-70r13-doublestar-dh05-81t\\\/\",\"url\":\"https:\\\/\\\/mmkriepas.lv\\\/en\\\/p\\\/175-70r13-doublestar-dh05-81t\\\/\",\"name\":\"175\\\/70R13 Doublestar DH05 81T &#8226; MMK Riepas\",\"isPartOf\":{\"@id\":\"https:\\\/\\\/mmkriepas.lv\\\/en\\\/#website\"},\"primaryImageOfPage\":{\"@id\":\"https:\\\/\\\/mmkriepas.lv\\\/en\\\/p\\\/175-70r13-doublestar-dh05-81t\\\/#primaryimage\"},\"image\":{\"@id\":\"https:\\\/\\\/mmkriepas.lv\\\/en\\\/p\\\/175-70r13-doublestar-dh05-81t\\\/#primaryimage\"},\"thumbnailUrl\":\"https:\\\/\\\/mmkriepas.lv\\\/wp-content\\\/uploads\\\/2024\\\/01\\\/15565r14-doublestar-dh05-75t-vasaras-riepas.jpeg\",\"datePublished\":\"2022-02-24T14:43:09+00:00\",\"dateModified\":\"2023-02-24T11:11:07+00:00\",\"breadcrumb\":{\"@id\":\"https:\\\/\\\/mmkriepas.lv\\\/en\\\/p\\\/175-70r13-doublestar-dh05-81t\\\/#breadcrumb\"},\"inLanguage\":\"en-US\",\"potentialAction\":[{\"@type\":\"ReadAction\",\"target\":[\"https:\\\/\\\/mmkriepas.lv\\\/en\\\/p\\\/175-70r13-doublestar-dh05-81t\\\/\"]}]},{\"@type\":\"ImageObject\",\"inLanguage\":\"en-US\",\"@id\":\"https:\\\/\\\/mmkriepas.lv\\\/en\\\/p\\\/175-70r13-doublestar-dh05-81t\\\/#primaryimage\",\"url\":\"https:\\\/\\\/mmkriepas.lv\\\/wp-content\\\/uploads\\\/2024\\\/01\\\/15565r14-doublestar-dh05-75t-vasaras-riepas.jpeg\",\"contentUrl\":\"https:\\\/\\\/mmkriepas.lv\\\/wp-content\\\/uploads\\\/2024\\\/01\\\/15565r14-doublestar-dh05-75t-vasaras-riepas.jpeg\",\"width\":1534,\"height\":1536,\"caption\":\"155\\\/65R14 Doublestar DH05 75T - Vasaras riepas\"},{\"@type\":\"BreadcrumbList\",\"@id\":\"https:\\\/\\\/mmkriepas.lv\\\/en\\\/p\\\/175-70r13-doublestar-dh05-81t\\\/#breadcrumb\",\"itemListElement\":[{\"@type\":\"ListItem\",\"position\":1,\"name\":\"S\u0101kums\",\"item\":\"https:\\\/\\\/mmkriepas.lv\\\/en\\\/\"},{\"@type\":\"ListItem\",\"position\":2,\"name\":\"175\\\/70R13 Doublestar DH05 81T\"}]},{\"@type\":\"WebSite\",\"@id\":\"https:\\\/\\\/mmkriepas.lv\\\/en\\\/#website\",\"url\":\"https:\\\/\\\/mmkriepas.lv\\\/en\\\/\",\"name\":\"MMK Riepas\",\"description\":\"MMK Riepas\",\"alternateName\":\"MMK Riepu Serviss\",\"potentialAction\":[{\"@type\":\"SearchAction\",\"target\":{\"@type\":\"EntryPoint\",\"urlTemplate\":\"https:\\\/\\\/mmkriepas.lv\\\/en\\\/?s={search_term_string}\"},\"query-input\":{\"@type\":\"PropertyValueSpecification\",\"valueRequired\":true,\"valueName\":\"search_term_string\"}}],\"inLanguage\":\"en-US\"},{\"@type\":\"ImageObject\",\"inLanguage\":\"en-US\",\"@id\":\"https:\\\/\\\/mmkriepas.lv\\\/en\\\/p\\\/175-70r13-doublestar-dh05-81t\\\/#local-main-organization-logo\",\"url\":\"\",\"contentUrl\":\"\",\"caption\":\"MMK Riepas\"}]}<\/script>\n<meta property=\"product:brand\" content=\"Doublestar DH05\" \/>\n<meta property=\"product:price:amount\" content=\"40.00\" \/>\n<meta property=\"product:price:currency\" content=\"EUR\" \/>\n<meta property=\"og:availability\" content=\"instock\" \/>\n<meta property=\"product:availability\" content=\"instock\" \/>\n<meta property=\"product:condition\" content=\"new\" \/>\n<!-- \/ Yoast SEO Premium plugin. -->","yoast_head_json":{"title":"175\/70R13 Doublestar DH05 81T &#8226; MMK Riepas","robots":{"index":"index","follow":"follow","max-snippet":"max-snippet:-1","max-image-preview":"max-image-preview:large","max-video-preview":"max-video-preview:-1"},"canonical":"https:\/\/mmkriepas.lv\/en\/p\/175-70r13-doublestar-dh05-81t\/","og_locale":"en_US","og_type":"article","og_title":"175\/70R13 Doublestar DH05 81T","og_description":"Doublestar DH05 - vasaras riepas, kas izce\u013cas ar teicamu sa\u0137eri uz sausa un slapja asfalta, k\u0101 ar\u012b uz grants ce\u013ciem. Pieejamas pla\u0161\u0101 izm\u0113ru kl\u0101st\u0101 gan vieglaj\u0101m, gan apvidus jeb SUV automa\u0161\u012bn\u0101m.","og_url":"https:\/\/mmkriepas.lv\/en\/p\/175-70r13-doublestar-dh05-81t\/","og_site_name":"MMK Riepas","article_publisher":"https:\/\/www.facebook.com\/mmkserviss\/","article_modified_time":"2023-02-24T11:11:07+00:00","og_image":[{"width":1534,"height":1536,"url":"https:\/\/mmkriepas.lv\/wp-content\/uploads\/2024\/01\/15565r14-doublestar-dh05-75t-vasaras-riepas.jpeg","type":"image\/jpeg"}],"twitter_card":"summary_large_image","twitter_misc":{"Price":"&euro;40.00","Availability":"In stock"},"schema":{"@context":"https:\/\/schema.org","@graph":[{"@type":"WebPage","@id":"https:\/\/mmkriepas.lv\/en\/p\/175-70r13-doublestar-dh05-81t\/","url":"https:\/\/mmkriepas.lv\/en\/p\/175-70r13-doublestar-dh05-81t\/","name":"175\/70R13 Doublestar DH05 81T &#8226; MMK Riepas","isPartOf":{"@id":"https:\/\/mmkriepas.lv\/en\/#website"},"primaryImageOfPage":{"@id":"https:\/\/mmkriepas.lv\/en\/p\/175-70r13-doublestar-dh05-81t\/#primaryimage"},"image":{"@id":"https:\/\/mmkriepas.lv\/en\/p\/175-70r13-doublestar-dh05-81t\/#primaryimage"},"thumbnailUrl":"https:\/\/mmkriepas.lv\/wp-content\/uploads\/2024\/01\/15565r14-doublestar-dh05-75t-vasaras-riepas.jpeg","datePublished":"2022-02-24T14:43:09+00:00","dateModified":"2023-02-24T11:11:07+00:00","breadcrumb":{"@id":"https:\/\/mmkriepas.lv\/en\/p\/175-70r13-doublestar-dh05-81t\/#breadcrumb"},"inLanguage":"en-US","potentialAction":[{"@type":"ReadAction","target":["https:\/\/mmkriepas.lv\/en\/p\/175-70r13-doublestar-dh05-81t\/"]}]},{"@type":"ImageObject","inLanguage":"en-US","@id":"https:\/\/mmkriepas.lv\/en\/p\/175-70r13-doublestar-dh05-81t\/#primaryimage","url":"https:\/\/mmkriepas.lv\/wp-content\/uploads\/2024\/01\/15565r14-doublestar-dh05-75t-vasaras-riepas.jpeg","contentUrl":"https:\/\/mmkriepas.lv\/wp-content\/uploads\/2024\/01\/15565r14-doublestar-dh05-75t-vasaras-riepas.jpeg","width":1534,"height":1536,"caption":"155\/65R14 Doublestar DH05 75T - Vasaras riepas"},{"@type":"BreadcrumbList","@id":"https:\/\/mmkriepas.lv\/en\/p\/175-70r13-doublestar-dh05-81t\/#breadcrumb","itemListElement":[{"@type":"ListItem","position":1,"name":"S\u0101kums","item":"https:\/\/mmkriepas.lv\/en\/"},{"@type":"ListItem","position":2,"name":"175\/70R13 Doublestar DH05 81T"}]},{"@type":"WebSite","@id":"https:\/\/mmkriepas.lv\/en\/#website","url":"https:\/\/mmkriepas.lv\/en\/","name":"MMK Riepas","description":"MMK Riepas","alternateName":"MMK Riepu Serviss","potentialAction":[{"@type":"SearchAction","target":{"@type":"EntryPoint","urlTemplate":"https:\/\/mmkriepas.lv\/en\/?s={search_term_string}"},"query-input":{"@type":"PropertyValueSpecification","valueRequired":true,"valueName":"search_term_string"}}],"inLanguage":"en-US"},{"@type":"ImageObject","inLanguage":"en-US","@id":"https:\/\/mmkriepas.lv\/en\/p\/175-70r13-doublestar-dh05-81t\/#local-main-organization-logo","url":"","contentUrl":"","caption":"MMK Riepas"}]},"product_brand":"Doublestar DH05","product_price_amount":"40.00","product_price_currency":"EUR","og_availability":"instock","product_availability":"instock","product_condition":"new"},"_links":{"self":[{"href":"https:\/\/mmkriepas.lv\/en\/wp-json\/wp\/v2\/product\/222319","targetHints":{"allow":["GET"]}}],"collection":[{"href":"https:\/\/mmkriepas.lv\/en\/wp-json\/wp\/v2\/product"}],"about":[{"href":"https:\/\/mmkriepas.lv\/en\/wp-json\/wp\/v2\/types\/product"}],"wp:featuredmedia":[{"embeddable":true,"href":"https:\/\/mmkriepas.lv\/en\/wp-json\/wp\/v2\/media\/842654"}],"wp:attachment":[{"href":"https:\/\/mmkriepas.lv\/en\/wp-json\/wp\/v2\/media?parent=222319"}],"wp:term":[{"taxonomy":"product_brand","embeddable":true,"href":"https:\/\/mmkriepas.lv\/en\/wp-json\/wp\/v2\/product_brand?post=222319"},{"taxonomy":"product_cat","embeddable":true,"href":"https:\/\/mmkriepas.lv\/en\/wp-json\/wp\/v2\/product_cat?post=222319"},{"taxonomy":"product_tag","embeddable":true,"href":"https:\/\/mmkriepas.lv\/en\/wp-json\/wp\/v2\/product_tag?post=222319"}],"curies":[{"name":"wp","href":"https:\/\/api.w.org\/{rel}","templated":true}]}}