{"id":222110,"date":"2022-02-22T18:46:08","date_gmt":"2022-02-22T16:46:08","guid":{"rendered":"https:\/\/mmkserviss.lv\/?post_type=product&#038;p=222110"},"modified":"2025-03-07T17:51:00","modified_gmt":"2025-03-07T15:51:00","slug":"195-65r15-zmax-landgema-91v","status":"publish","type":"product","link":"https:\/\/mmkriepas.lv\/en\/p\/195-65r15-zmax-landgema-91v\/","title":{"rendered":"195\/65R15 Zmax Landgema 91V"},"content":{"rendered":"<p class=\"western\"><strong><span style=\"font-family: Arial, serif;\"><span>Zmax Landgema <\/span><\/span><\/strong><span style=\"font-family: Arial, serif;\">\u2013 <\/span><span style=\"font-family: Arial, serif;\">\u013boti labas<\/span><span style=\"font-family: Arial, serif;\"> veiktsp\u0113jas vasaras riepu modelis, kas izce\u013cas ar \u013coti labu sa\u0137eri gan ar sausu, gan slapju asfaltu. Paredz\u0113tas gan vieglaj\u0101m <\/span><span style=\"font-family: Arial, serif;\">automa\u0161\u012bn\u0101m<\/span><span style=\"font-family: Arial, serif;\">, gan \u201c<\/span><span style=\"font-family: Arial, serif;\">crossoveriem\u201d<\/span><span style=\"font-family: Arial, serif;\">.<\/span><\/p>\n<h3 class=\"western\"><span style=\"font-family: Arial, serif;\"><span>Zmax Landgema galven\u0101s \u012bpa\u0161\u012bbas<\/span><\/span><\/h3>\n<p class=\"western\"><span style=\"font-family: Arial, serif;\"><span>+ Laba sa\u0137ere uz sausa un slapja asfalta pat liel\u0101 brauk\u0161anas \u0101trum\u0101.<\/span><\/span><\/p>\n<p class=\"western\"><span style=\"font-family: Arial, serif;\"><span>+ Uzlabots riepu gumijas sast\u0101vs.<\/span><\/span><\/p>\n<p class=\"western\"><span style=\"font-family: Arial, serif;\"><span>+ Palielin\u0101ta riepu nodilumiztur\u012bba.<\/span><\/span><\/p>\n<p class=\"western\"><span style=\"font-family: Arial, serif;\"><span>+ Izteikts akustiskais un brauk\u0161anas komforts.<\/span><\/span><\/p>\n<p class=\"western\"><span style=\"font-family: Arial, serif;\"><span>+ Teicama cenas un veiktsp\u0113jas attiec\u012bba.<\/span><\/span><\/p>\n<h3 class=\"western\"><span style=\"font-family: Arial, serif;\"><span>Landgema apr\u012bkojums<\/span><\/span><\/h3>\n<p class=\"western\"><span style=\"font-family: Arial, serif;\"><span>Zmax Landgema vasaras riepas apr\u012bkotas ar unik\u0101lu asimetrisko protektora dizainu. Starp asimetriskaj\u0101m protektora josl\u0101m atrodama augsti att\u012bst\u012bta dren\u0101\u017eas jeb \u016bdens novadkan\u0101lu sist\u0113ma. T\u0101 pal\u012bdz efekt\u012bvi novad\u012bt \u016bdeni no riepu kontakta virsmas ar ce\u013cu, samazinot akvaplan\u0113\u0161anas risku l\u012bdz minimumam pat lielos brauk\u0161anas \u0101trumos. Riepu gumijas sast\u0101vam pievienota virkne elastrom\u0113ru, kas ne tikai uzlabo sa\u0137eri, bet pal\u012bdz ar\u012b samazin\u0101t trok\u0161\u0146a l\u012bmeni un degvielas pat\u0113ri\u0146u.<\/span><\/span><\/p>\n","protected":false},"excerpt":{"rendered":"<p class=\"western\"><span style=\"font-family: Arial, serif;\"><strong>Zmax Landgema<\/strong> \u2013 <\/span><span style=\"font-family: Arial, serif;\">\u013boti labas<\/span><span style=\"font-family: Arial, serif;\"> veiktsp\u0113jas vasaras riepu modelis, kas izce\u013cas ar \u013coti labu sa\u0137eri gan ar sausu, gan slapju asfaltu. Paredz\u0113tas gan vieglaj\u0101m <\/span><span style=\"font-family: Arial, serif;\">automa\u0161\u012bn\u0101m<\/span><span style=\"font-family: Arial, serif;\">, gan \u201c<\/span><span style=\"font-family: Arial, serif;\">crossoveriem\u201d<\/span><span style=\"font-family: Arial, serif;\">.<\/span><\/p>\n","protected":false},"featured_media":894864,"template":"","meta":{"_acf_changed":false,"ngg_post_thumbnail":0},"product_brand":[],"product_cat":[46],"product_tag":[19634],"class_list":{"0":"post-222110","1":"product","2":"type-product","3":"status-publish","4":"has-post-thumbnail","6":"product_cat-vasaras-riepas","7":"product_tag-mmk","9":"first","10":"outofstock","11":"sale","12":"taxable","13":"shipping-taxable","14":"product-type-simple"},"acf":[],"yoast_head":"<!-- This site is optimized with the Yoast SEO Premium plugin v22.6 (Yoast SEO v27.3) - https:\/\/yoast.com\/product\/yoast-seo-premium-wordpress\/ -->\n<title>195\/65R15 Zmax Landgema 91V &#8226; MMK Riepas<\/title>\n<meta name=\"robots\" content=\"index, follow, max-snippet:-1, max-image-preview:large, max-video-preview:-1\" \/>\n<link rel=\"canonical\" href=\"https:\/\/mmkriepas.lv\/en\/p\/195-65r15-zmax-landgema-91v\/\" \/>\n<meta property=\"og:locale\" content=\"en_US\" \/>\n<meta property=\"og:type\" content=\"article\" \/>\n<meta property=\"og:title\" content=\"195\/65R15 Zmax Landgema 91V\" \/>\n<meta property=\"og:description\" content=\"Zmax Landgema \u2013 \u013boti labas veiktsp\u0113jas vasaras riepu modelis, kas izce\u013cas ar \u013coti labu sa\u0137eri gan ar sausu, gan slapju asfaltu. Paredz\u0113tas gan vieglaj\u0101m automa\u0161\u012bn\u0101m, gan \u201ccrossoveriem\u201d.\" \/>\n<meta property=\"og:url\" content=\"https:\/\/mmkriepas.lv\/en\/p\/195-65r15-zmax-landgema-91v\/\" \/>\n<meta property=\"og:site_name\" content=\"MMK Riepas\" \/>\n<meta property=\"article:publisher\" content=\"https:\/\/www.facebook.com\/mmkserviss\/\" \/>\n<meta property=\"article:modified_time\" content=\"2025-03-07T15:51:00+00:00\" \/>\n<meta property=\"og:image\" content=\"https:\/\/mmkriepas.lv\/wp-content\/uploads\/2024\/04\/20555r16-zmax-landgema-91v-vasaras-riepas.jpg\" \/>\n\t<meta property=\"og:image:width\" content=\"1000\" \/>\n\t<meta property=\"og:image:height\" content=\"750\" \/>\n\t<meta property=\"og:image:type\" content=\"image\/jpeg\" \/>\n<meta name=\"twitter:card\" content=\"summary_large_image\" \/>\n<meta name=\"twitter:label1\" content=\"Price\" \/>\n\t<meta name=\"twitter:data1\" content=\"&euro;37.00\" \/>\n\t<meta name=\"twitter:label2\" content=\"Availability\" \/>\n\t<meta name=\"twitter:data2\" content=\"Out of stock\" \/>\n<script type=\"application\/ld+json\" class=\"yoast-schema-graph\">{\"@context\":\"https:\\\/\\\/schema.org\",\"@graph\":[{\"@type\":\"WebPage\",\"@id\":\"https:\\\/\\\/mmkriepas.lv\\\/en\\\/p\\\/195-65r15-zmax-landgema-91v\\\/\",\"url\":\"https:\\\/\\\/mmkriepas.lv\\\/en\\\/p\\\/195-65r15-zmax-landgema-91v\\\/\",\"name\":\"195\\\/65R15 Zmax Landgema 91V &#8226; MMK Riepas\",\"isPartOf\":{\"@id\":\"https:\\\/\\\/mmkriepas.lv\\\/en\\\/#website\"},\"primaryImageOfPage\":{\"@id\":\"https:\\\/\\\/mmkriepas.lv\\\/en\\\/p\\\/195-65r15-zmax-landgema-91v\\\/#primaryimage\"},\"image\":{\"@id\":\"https:\\\/\\\/mmkriepas.lv\\\/en\\\/p\\\/195-65r15-zmax-landgema-91v\\\/#primaryimage\"},\"thumbnailUrl\":\"https:\\\/\\\/mmkriepas.lv\\\/wp-content\\\/uploads\\\/2024\\\/04\\\/20555r16-zmax-landgema-91v-vasaras-riepas.jpg\",\"datePublished\":\"2022-02-22T16:46:08+00:00\",\"dateModified\":\"2025-03-07T15:51:00+00:00\",\"breadcrumb\":{\"@id\":\"https:\\\/\\\/mmkriepas.lv\\\/en\\\/p\\\/195-65r15-zmax-landgema-91v\\\/#breadcrumb\"},\"inLanguage\":\"en-US\",\"potentialAction\":[{\"@type\":\"ReadAction\",\"target\":[\"https:\\\/\\\/mmkriepas.lv\\\/en\\\/p\\\/195-65r15-zmax-landgema-91v\\\/\"]}]},{\"@type\":\"ImageObject\",\"inLanguage\":\"en-US\",\"@id\":\"https:\\\/\\\/mmkriepas.lv\\\/en\\\/p\\\/195-65r15-zmax-landgema-91v\\\/#primaryimage\",\"url\":\"https:\\\/\\\/mmkriepas.lv\\\/wp-content\\\/uploads\\\/2024\\\/04\\\/20555r16-zmax-landgema-91v-vasaras-riepas.jpg\",\"contentUrl\":\"https:\\\/\\\/mmkriepas.lv\\\/wp-content\\\/uploads\\\/2024\\\/04\\\/20555r16-zmax-landgema-91v-vasaras-riepas.jpg\",\"width\":1000,\"height\":750,\"caption\":\"MAIN\"},{\"@type\":\"BreadcrumbList\",\"@id\":\"https:\\\/\\\/mmkriepas.lv\\\/en\\\/p\\\/195-65r15-zmax-landgema-91v\\\/#breadcrumb\",\"itemListElement\":[{\"@type\":\"ListItem\",\"position\":1,\"name\":\"S\u0101kums\",\"item\":\"https:\\\/\\\/mmkriepas.lv\\\/en\\\/\"},{\"@type\":\"ListItem\",\"position\":2,\"name\":\"195\\\/65R15 Zmax Landgema 91V\"}]},{\"@type\":\"WebSite\",\"@id\":\"https:\\\/\\\/mmkriepas.lv\\\/en\\\/#website\",\"url\":\"https:\\\/\\\/mmkriepas.lv\\\/en\\\/\",\"name\":\"MMK Riepas\",\"description\":\"MMK Riepas\",\"alternateName\":\"MMK Riepu Serviss\",\"potentialAction\":[{\"@type\":\"SearchAction\",\"target\":{\"@type\":\"EntryPoint\",\"urlTemplate\":\"https:\\\/\\\/mmkriepas.lv\\\/en\\\/?s={search_term_string}\"},\"query-input\":{\"@type\":\"PropertyValueSpecification\",\"valueRequired\":true,\"valueName\":\"search_term_string\"}}],\"inLanguage\":\"en-US\"},{\"@type\":\"ImageObject\",\"inLanguage\":\"en-US\",\"@id\":\"https:\\\/\\\/mmkriepas.lv\\\/en\\\/p\\\/195-65r15-zmax-landgema-91v\\\/#local-main-organization-logo\",\"url\":\"\",\"contentUrl\":\"\",\"caption\":\"MMK Riepas\"}]}<\/script>\n<meta property=\"product:brand\" content=\"Zmax Landgema\" \/>\n<meta property=\"product:price:amount\" content=\"37.00\" \/>\n<meta property=\"product:price:currency\" content=\"EUR\" \/>\n<meta property=\"og:availability\" content=\"out of stock\" \/>\n<meta property=\"product:availability\" content=\"out of stock\" \/>\n<meta property=\"product:retailer_item_id\" content=\"TS1956515ZMAX-2787\" \/>\n<meta property=\"product:condition\" content=\"new\" \/>\n<!-- \/ Yoast SEO Premium plugin. -->","yoast_head_json":{"title":"195\/65R15 Zmax Landgema 91V &#8226; MMK Riepas","robots":{"index":"index","follow":"follow","max-snippet":"max-snippet:-1","max-image-preview":"max-image-preview:large","max-video-preview":"max-video-preview:-1"},"canonical":"https:\/\/mmkriepas.lv\/en\/p\/195-65r15-zmax-landgema-91v\/","og_locale":"en_US","og_type":"article","og_title":"195\/65R15 Zmax Landgema 91V","og_description":"Zmax Landgema \u2013 \u013boti labas veiktsp\u0113jas vasaras riepu modelis, kas izce\u013cas ar \u013coti labu sa\u0137eri gan ar sausu, gan slapju asfaltu. Paredz\u0113tas gan vieglaj\u0101m automa\u0161\u012bn\u0101m, gan \u201ccrossoveriem\u201d.","og_url":"https:\/\/mmkriepas.lv\/en\/p\/195-65r15-zmax-landgema-91v\/","og_site_name":"MMK Riepas","article_publisher":"https:\/\/www.facebook.com\/mmkserviss\/","article_modified_time":"2025-03-07T15:51:00+00:00","og_image":[{"width":1000,"height":750,"url":"https:\/\/mmkriepas.lv\/wp-content\/uploads\/2024\/04\/20555r16-zmax-landgema-91v-vasaras-riepas.jpg","type":"image\/jpeg"}],"twitter_card":"summary_large_image","twitter_misc":{"Price":"&euro;37.00","Availability":"Out of stock"},"schema":{"@context":"https:\/\/schema.org","@graph":[{"@type":"WebPage","@id":"https:\/\/mmkriepas.lv\/en\/p\/195-65r15-zmax-landgema-91v\/","url":"https:\/\/mmkriepas.lv\/en\/p\/195-65r15-zmax-landgema-91v\/","name":"195\/65R15 Zmax Landgema 91V &#8226; MMK Riepas","isPartOf":{"@id":"https:\/\/mmkriepas.lv\/en\/#website"},"primaryImageOfPage":{"@id":"https:\/\/mmkriepas.lv\/en\/p\/195-65r15-zmax-landgema-91v\/#primaryimage"},"image":{"@id":"https:\/\/mmkriepas.lv\/en\/p\/195-65r15-zmax-landgema-91v\/#primaryimage"},"thumbnailUrl":"https:\/\/mmkriepas.lv\/wp-content\/uploads\/2024\/04\/20555r16-zmax-landgema-91v-vasaras-riepas.jpg","datePublished":"2022-02-22T16:46:08+00:00","dateModified":"2025-03-07T15:51:00+00:00","breadcrumb":{"@id":"https:\/\/mmkriepas.lv\/en\/p\/195-65r15-zmax-landgema-91v\/#breadcrumb"},"inLanguage":"en-US","potentialAction":[{"@type":"ReadAction","target":["https:\/\/mmkriepas.lv\/en\/p\/195-65r15-zmax-landgema-91v\/"]}]},{"@type":"ImageObject","inLanguage":"en-US","@id":"https:\/\/mmkriepas.lv\/en\/p\/195-65r15-zmax-landgema-91v\/#primaryimage","url":"https:\/\/mmkriepas.lv\/wp-content\/uploads\/2024\/04\/20555r16-zmax-landgema-91v-vasaras-riepas.jpg","contentUrl":"https:\/\/mmkriepas.lv\/wp-content\/uploads\/2024\/04\/20555r16-zmax-landgema-91v-vasaras-riepas.jpg","width":1000,"height":750,"caption":"MAIN"},{"@type":"BreadcrumbList","@id":"https:\/\/mmkriepas.lv\/en\/p\/195-65r15-zmax-landgema-91v\/#breadcrumb","itemListElement":[{"@type":"ListItem","position":1,"name":"S\u0101kums","item":"https:\/\/mmkriepas.lv\/en\/"},{"@type":"ListItem","position":2,"name":"195\/65R15 Zmax Landgema 91V"}]},{"@type":"WebSite","@id":"https:\/\/mmkriepas.lv\/en\/#website","url":"https:\/\/mmkriepas.lv\/en\/","name":"MMK Riepas","description":"MMK Riepas","alternateName":"MMK Riepu Serviss","potentialAction":[{"@type":"SearchAction","target":{"@type":"EntryPoint","urlTemplate":"https:\/\/mmkriepas.lv\/en\/?s={search_term_string}"},"query-input":{"@type":"PropertyValueSpecification","valueRequired":true,"valueName":"search_term_string"}}],"inLanguage":"en-US"},{"@type":"ImageObject","inLanguage":"en-US","@id":"https:\/\/mmkriepas.lv\/en\/p\/195-65r15-zmax-landgema-91v\/#local-main-organization-logo","url":"","contentUrl":"","caption":"MMK Riepas"}]},"product_brand":"Zmax Landgema","product_price_amount":"37.00","product_price_currency":"EUR","og_availability":"out of stock","product_availability":"out of stock","product_retailer_item_id":"TS1956515ZMAX-2787","product_condition":"new"},"_links":{"self":[{"href":"https:\/\/mmkriepas.lv\/en\/wp-json\/wp\/v2\/product\/222110","targetHints":{"allow":["GET"]}}],"collection":[{"href":"https:\/\/mmkriepas.lv\/en\/wp-json\/wp\/v2\/product"}],"about":[{"href":"https:\/\/mmkriepas.lv\/en\/wp-json\/wp\/v2\/types\/product"}],"wp:featuredmedia":[{"embeddable":true,"href":"https:\/\/mmkriepas.lv\/en\/wp-json\/wp\/v2\/media\/894864"}],"wp:attachment":[{"href":"https:\/\/mmkriepas.lv\/en\/wp-json\/wp\/v2\/media?parent=222110"}],"wp:term":[{"taxonomy":"product_brand","embeddable":true,"href":"https:\/\/mmkriepas.lv\/en\/wp-json\/wp\/v2\/product_brand?post=222110"},{"taxonomy":"product_cat","embeddable":true,"href":"https:\/\/mmkriepas.lv\/en\/wp-json\/wp\/v2\/product_cat?post=222110"},{"taxonomy":"product_tag","embeddable":true,"href":"https:\/\/mmkriepas.lv\/en\/wp-json\/wp\/v2\/product_tag?post=222110"}],"curies":[{"name":"wp","href":"https:\/\/api.w.org\/{rel}","templated":true}]}}