{"id":221897,"date":"2022-02-21T18:54:47","date_gmt":"2022-02-21T16:54:47","guid":{"rendered":"https:\/\/mmkserviss.lv\/?post_type=product&#038;p=221897"},"modified":"2025-03-07T16:56:28","modified_gmt":"2025-03-07T14:56:28","slug":"235-65r17-aplus-a919-104h","status":"publish","type":"product","link":"https:\/\/mmkriepas.lv\/en\/p\/235-65r17-aplus-a919-104h\/","title":{"rendered":"235\/65R17 Aplus A919 104H"},"content":{"rendered":"<p><b>Aplus A919<\/b><span style=\"font-weight: 400;\"> ir vasaras riepu modelis, kas izce\u013cas ar palielin\u0101tu veiktsp\u0113ju un dro\u0161\u012bbas l\u012bmeni gan uz asfalta, gan grants un me\u017ea ce\u013ciem.\u00a0<\/span><\/p>\n<h3><b>Aplus A919 galven\u0101s \u012bpa\u0161\u012bbas<\/b><\/h3>\n<p><span style=\"font-weight: 400;\">+ Izteikti augstas sa\u0137eres \u012bpa\u0161\u012bbas gan uz asfalta, gan grants un me\u017ea ce\u013ciem.<\/span> <span style=\"font-weight: 400;\">+ Palielin\u0101ta nodilumiztur\u012bba.<\/span> <span style=\"font-weight: 400;\">+ Samazin\u0101ts akvaplan\u0113\u0161anas risks.<\/span> <span style=\"font-weight: 400;\">+ Augsta cenas un veiktsp\u0113jas attiec\u012bba.<\/span><\/p>\n<h3><b>A919 apr\u012bkojums<\/b><\/h3>\n<p><b>Aplus A919 <\/b><span style=\"font-weight: 400;\">vasaras riepas apr\u012bkotas ar simetrisku protektora dizainu. T\u0101 gareniskaj\u0101s bloku virkn\u0113s izvietots liels skaits da\u017e\u0101du izm\u0113ru dren\u0101\u017eas kan\u0101lu. \u0160ie iegriezumi jeb dren\u0101\u017eas kan\u0101li ne tikai samazina akvaplan\u0113\u0161anas risku, efekt\u012bvi novadot \u016bdeni no riepu kontakta virsmas ar ce\u013cu, bet ar\u012b b\u016btiski uzlabo sa\u0137eri ar irden\u0101m ce\u013ca virsm\u0101m &#8211; granti un smilt\u012bm.<\/span> <span style=\"font-weight: 400;\">Riepu konstrukcijai izmantots triecieniztur\u012bgs karkass. Tas iet\u0113rpts nodilumiztur\u012bg\u0101 gumijas sakaus\u0113jum\u0101, kura sast\u0101v\u0101 izmantoti augstv\u0113rt\u012bgi kompoz\u012btmateri\u0101li..\u00a0<\/span><\/p>\n","protected":false},"excerpt":{"rendered":"<p><b>Aplus A919<\/b><span style=\"font-weight: 400;\"> ir vasaras riepu modelis, kas izce\u013cas ar palielin\u0101tu veiktsp\u0113ju un dro\u0161\u012bbas l\u012bmeni gan uz asfalta, gan grants un me\u017ea ce\u013ciem.\u00a0<\/span><\/p>\n","protected":false},"featured_media":1278687,"template":"","meta":{"_acf_changed":false,"ngg_post_thumbnail":0},"product_brand":[],"product_cat":[46],"product_tag":[],"class_list":{"0":"post-221897","1":"product","2":"type-product","3":"status-publish","4":"has-post-thumbnail","6":"product_cat-vasaras-riepas","8":"first","9":"outofstock","10":"sale","11":"taxable","12":"shipping-taxable","13":"product-type-simple"},"acf":[],"yoast_head":"<!-- This site is optimized with the Yoast SEO Premium plugin v22.6 (Yoast SEO v27.3) - https:\/\/yoast.com\/product\/yoast-seo-premium-wordpress\/ -->\n<title>235\/65R17 Aplus A919 104H &#8226; MMK Riepas<\/title>\n<meta name=\"description\" content=\"Aplus A919 ir vasaras riepu modelis, kas izce\u013cas ar palielin\u0101tu veiktsp\u0113ju un dro\u0161\u012bbas l\u012bmeni gan uz asfalta, gan grants un me\u017ea ce\u013ciem.\u00a0\" \/>\n<meta name=\"robots\" content=\"index, follow, max-snippet:-1, max-image-preview:large, max-video-preview:-1\" \/>\n<link rel=\"canonical\" href=\"https:\/\/mmkriepas.lv\/en\/p\/235-65r17-aplus-a919-104h\/\" \/>\n<meta property=\"og:locale\" content=\"en_US\" \/>\n<meta property=\"og:type\" content=\"article\" \/>\n<meta property=\"og:title\" content=\"235\/65R17 Aplus A919 104H\" \/>\n<meta property=\"og:description\" content=\"Aplus A919 ir vasaras riepu modelis, kas izce\u013cas ar palielin\u0101tu veiktsp\u0113ju un dro\u0161\u012bbas l\u012bmeni gan uz asfalta, gan grants un me\u017ea ce\u013ciem.\u00a0\" \/>\n<meta property=\"og:url\" content=\"https:\/\/mmkriepas.lv\/en\/p\/235-65r17-aplus-a919-104h\/\" \/>\n<meta property=\"og:site_name\" content=\"MMK Riepas\" \/>\n<meta property=\"article:publisher\" content=\"https:\/\/www.facebook.com\/mmkserviss\/\" \/>\n<meta property=\"article:modified_time\" content=\"2025-03-07T14:56:28+00:00\" \/>\n<meta property=\"og:image\" content=\"https:\/\/mmkriepas.lv\/wp-content\/uploads\/2025\/08\/23560r18-aplus-a919-107h-xl-vasaras-riepas.jpg\" \/>\n\t<meta property=\"og:image:width\" content=\"1920\" \/>\n\t<meta property=\"og:image:height\" content=\"1536\" \/>\n\t<meta property=\"og:image:type\" content=\"image\/jpeg\" \/>\n<meta name=\"twitter:card\" content=\"summary_large_image\" \/>\n<meta name=\"twitter:label1\" content=\"Price\" \/>\n\t<meta name=\"twitter:data1\" content=\"&euro;73.00\" \/>\n\t<meta name=\"twitter:label2\" content=\"Availability\" \/>\n\t<meta name=\"twitter:data2\" content=\"Out of stock\" \/>\n<script type=\"application\/ld+json\" class=\"yoast-schema-graph\">{\"@context\":\"https:\\\/\\\/schema.org\",\"@graph\":[{\"@type\":\"WebPage\",\"@id\":\"https:\\\/\\\/mmkriepas.lv\\\/en\\\/p\\\/235-65r17-aplus-a919-104h\\\/\",\"url\":\"https:\\\/\\\/mmkriepas.lv\\\/en\\\/p\\\/235-65r17-aplus-a919-104h\\\/\",\"name\":\"235\\\/65R17 Aplus A919 104H &#8226; MMK Riepas\",\"isPartOf\":{\"@id\":\"https:\\\/\\\/mmkriepas.lv\\\/en\\\/#website\"},\"primaryImageOfPage\":{\"@id\":\"https:\\\/\\\/mmkriepas.lv\\\/en\\\/p\\\/235-65r17-aplus-a919-104h\\\/#primaryimage\"},\"image\":{\"@id\":\"https:\\\/\\\/mmkriepas.lv\\\/en\\\/p\\\/235-65r17-aplus-a919-104h\\\/#primaryimage\"},\"thumbnailUrl\":\"https:\\\/\\\/mmkriepas.lv\\\/wp-content\\\/uploads\\\/2025\\\/08\\\/23560r18-aplus-a919-107h-xl-vasaras-riepas.jpg\",\"datePublished\":\"2022-02-21T16:54:47+00:00\",\"dateModified\":\"2025-03-07T14:56:28+00:00\",\"description\":\"Aplus A919 ir vasaras riepu modelis, kas izce\u013cas ar palielin\u0101tu veiktsp\u0113ju un dro\u0161\u012bbas l\u012bmeni gan uz asfalta, gan grants un me\u017ea ce\u013ciem.\u00a0\",\"breadcrumb\":{\"@id\":\"https:\\\/\\\/mmkriepas.lv\\\/en\\\/p\\\/235-65r17-aplus-a919-104h\\\/#breadcrumb\"},\"inLanguage\":\"en-US\",\"potentialAction\":[{\"@type\":\"ReadAction\",\"target\":[\"https:\\\/\\\/mmkriepas.lv\\\/en\\\/p\\\/235-65r17-aplus-a919-104h\\\/\"]}]},{\"@type\":\"ImageObject\",\"inLanguage\":\"en-US\",\"@id\":\"https:\\\/\\\/mmkriepas.lv\\\/en\\\/p\\\/235-65r17-aplus-a919-104h\\\/#primaryimage\",\"url\":\"https:\\\/\\\/mmkriepas.lv\\\/wp-content\\\/uploads\\\/2025\\\/08\\\/23560r18-aplus-a919-107h-xl-vasaras-riepas.jpg\",\"contentUrl\":\"https:\\\/\\\/mmkriepas.lv\\\/wp-content\\\/uploads\\\/2025\\\/08\\\/23560r18-aplus-a919-107h-xl-vasaras-riepas.jpg\",\"width\":1920,\"height\":1536,\"caption\":\"235\\\/60R18 Aplus A919 107H XL - Vasaras riepas\"},{\"@type\":\"BreadcrumbList\",\"@id\":\"https:\\\/\\\/mmkriepas.lv\\\/en\\\/p\\\/235-65r17-aplus-a919-104h\\\/#breadcrumb\",\"itemListElement\":[{\"@type\":\"ListItem\",\"position\":1,\"name\":\"S\u0101kums\",\"item\":\"https:\\\/\\\/mmkriepas.lv\\\/en\\\/\"},{\"@type\":\"ListItem\",\"position\":2,\"name\":\"235\\\/65R17 Aplus A919 104H\"}]},{\"@type\":\"WebSite\",\"@id\":\"https:\\\/\\\/mmkriepas.lv\\\/en\\\/#website\",\"url\":\"https:\\\/\\\/mmkriepas.lv\\\/en\\\/\",\"name\":\"MMK Riepas\",\"description\":\"MMK Riepas\",\"alternateName\":\"MMK Riepu Serviss\",\"potentialAction\":[{\"@type\":\"SearchAction\",\"target\":{\"@type\":\"EntryPoint\",\"urlTemplate\":\"https:\\\/\\\/mmkriepas.lv\\\/en\\\/?s={search_term_string}\"},\"query-input\":{\"@type\":\"PropertyValueSpecification\",\"valueRequired\":true,\"valueName\":\"search_term_string\"}}],\"inLanguage\":\"en-US\"},{\"@type\":\"ImageObject\",\"inLanguage\":\"en-US\",\"@id\":\"https:\\\/\\\/mmkriepas.lv\\\/en\\\/p\\\/235-65r17-aplus-a919-104h\\\/#local-main-organization-logo\",\"url\":\"\",\"contentUrl\":\"\",\"caption\":\"MMK Riepas\"}]}<\/script>\n<meta property=\"product:brand\" content=\"Aplus A919\" \/>\n<meta property=\"product:price:amount\" content=\"73.00\" \/>\n<meta property=\"product:price:currency\" content=\"EUR\" \/>\n<meta property=\"og:availability\" content=\"out of stock\" \/>\n<meta property=\"product:availability\" content=\"out of stock\" \/>\n<meta property=\"product:retailer_item_id\" content=\"TS2356517APLUS-684\" \/>\n<meta property=\"product:condition\" content=\"new\" \/>\n<!-- \/ Yoast SEO Premium plugin. -->","yoast_head_json":{"title":"235\/65R17 Aplus A919 104H &#8226; MMK Riepas","description":"Aplus A919 ir vasaras riepu modelis, kas izce\u013cas ar palielin\u0101tu veiktsp\u0113ju un dro\u0161\u012bbas l\u012bmeni gan uz asfalta, gan grants un me\u017ea ce\u013ciem.\u00a0","robots":{"index":"index","follow":"follow","max-snippet":"max-snippet:-1","max-image-preview":"max-image-preview:large","max-video-preview":"max-video-preview:-1"},"canonical":"https:\/\/mmkriepas.lv\/en\/p\/235-65r17-aplus-a919-104h\/","og_locale":"en_US","og_type":"article","og_title":"235\/65R17 Aplus A919 104H","og_description":"Aplus A919 ir vasaras riepu modelis, kas izce\u013cas ar palielin\u0101tu veiktsp\u0113ju un dro\u0161\u012bbas l\u012bmeni gan uz asfalta, gan grants un me\u017ea ce\u013ciem.\u00a0","og_url":"https:\/\/mmkriepas.lv\/en\/p\/235-65r17-aplus-a919-104h\/","og_site_name":"MMK Riepas","article_publisher":"https:\/\/www.facebook.com\/mmkserviss\/","article_modified_time":"2025-03-07T14:56:28+00:00","og_image":[{"width":1920,"height":1536,"url":"https:\/\/mmkriepas.lv\/wp-content\/uploads\/2025\/08\/23560r18-aplus-a919-107h-xl-vasaras-riepas.jpg","type":"image\/jpeg"}],"twitter_card":"summary_large_image","twitter_misc":{"Price":"&euro;73.00","Availability":"Out of stock"},"schema":{"@context":"https:\/\/schema.org","@graph":[{"@type":"WebPage","@id":"https:\/\/mmkriepas.lv\/en\/p\/235-65r17-aplus-a919-104h\/","url":"https:\/\/mmkriepas.lv\/en\/p\/235-65r17-aplus-a919-104h\/","name":"235\/65R17 Aplus A919 104H &#8226; MMK Riepas","isPartOf":{"@id":"https:\/\/mmkriepas.lv\/en\/#website"},"primaryImageOfPage":{"@id":"https:\/\/mmkriepas.lv\/en\/p\/235-65r17-aplus-a919-104h\/#primaryimage"},"image":{"@id":"https:\/\/mmkriepas.lv\/en\/p\/235-65r17-aplus-a919-104h\/#primaryimage"},"thumbnailUrl":"https:\/\/mmkriepas.lv\/wp-content\/uploads\/2025\/08\/23560r18-aplus-a919-107h-xl-vasaras-riepas.jpg","datePublished":"2022-02-21T16:54:47+00:00","dateModified":"2025-03-07T14:56:28+00:00","description":"Aplus A919 ir vasaras riepu modelis, kas izce\u013cas ar palielin\u0101tu veiktsp\u0113ju un dro\u0161\u012bbas l\u012bmeni gan uz asfalta, gan grants un me\u017ea ce\u013ciem.\u00a0","breadcrumb":{"@id":"https:\/\/mmkriepas.lv\/en\/p\/235-65r17-aplus-a919-104h\/#breadcrumb"},"inLanguage":"en-US","potentialAction":[{"@type":"ReadAction","target":["https:\/\/mmkriepas.lv\/en\/p\/235-65r17-aplus-a919-104h\/"]}]},{"@type":"ImageObject","inLanguage":"en-US","@id":"https:\/\/mmkriepas.lv\/en\/p\/235-65r17-aplus-a919-104h\/#primaryimage","url":"https:\/\/mmkriepas.lv\/wp-content\/uploads\/2025\/08\/23560r18-aplus-a919-107h-xl-vasaras-riepas.jpg","contentUrl":"https:\/\/mmkriepas.lv\/wp-content\/uploads\/2025\/08\/23560r18-aplus-a919-107h-xl-vasaras-riepas.jpg","width":1920,"height":1536,"caption":"235\/60R18 Aplus A919 107H XL - Vasaras riepas"},{"@type":"BreadcrumbList","@id":"https:\/\/mmkriepas.lv\/en\/p\/235-65r17-aplus-a919-104h\/#breadcrumb","itemListElement":[{"@type":"ListItem","position":1,"name":"S\u0101kums","item":"https:\/\/mmkriepas.lv\/en\/"},{"@type":"ListItem","position":2,"name":"235\/65R17 Aplus A919 104H"}]},{"@type":"WebSite","@id":"https:\/\/mmkriepas.lv\/en\/#website","url":"https:\/\/mmkriepas.lv\/en\/","name":"MMK Riepas","description":"MMK Riepas","alternateName":"MMK Riepu Serviss","potentialAction":[{"@type":"SearchAction","target":{"@type":"EntryPoint","urlTemplate":"https:\/\/mmkriepas.lv\/en\/?s={search_term_string}"},"query-input":{"@type":"PropertyValueSpecification","valueRequired":true,"valueName":"search_term_string"}}],"inLanguage":"en-US"},{"@type":"ImageObject","inLanguage":"en-US","@id":"https:\/\/mmkriepas.lv\/en\/p\/235-65r17-aplus-a919-104h\/#local-main-organization-logo","url":"","contentUrl":"","caption":"MMK Riepas"}]},"product_brand":"Aplus A919","product_price_amount":"73.00","product_price_currency":"EUR","og_availability":"out of stock","product_availability":"out of stock","product_retailer_item_id":"TS2356517APLUS-684","product_condition":"new"},"_links":{"self":[{"href":"https:\/\/mmkriepas.lv\/en\/wp-json\/wp\/v2\/product\/221897","targetHints":{"allow":["GET"]}}],"collection":[{"href":"https:\/\/mmkriepas.lv\/en\/wp-json\/wp\/v2\/product"}],"about":[{"href":"https:\/\/mmkriepas.lv\/en\/wp-json\/wp\/v2\/types\/product"}],"wp:featuredmedia":[{"embeddable":true,"href":"https:\/\/mmkriepas.lv\/en\/wp-json\/wp\/v2\/media\/1278687"}],"wp:attachment":[{"href":"https:\/\/mmkriepas.lv\/en\/wp-json\/wp\/v2\/media?parent=221897"}],"wp:term":[{"taxonomy":"product_brand","embeddable":true,"href":"https:\/\/mmkriepas.lv\/en\/wp-json\/wp\/v2\/product_brand?post=221897"},{"taxonomy":"product_cat","embeddable":true,"href":"https:\/\/mmkriepas.lv\/en\/wp-json\/wp\/v2\/product_cat?post=221897"},{"taxonomy":"product_tag","embeddable":true,"href":"https:\/\/mmkriepas.lv\/en\/wp-json\/wp\/v2\/product_tag?post=221897"}],"curies":[{"name":"wp","href":"https:\/\/api.w.org\/{rel}","templated":true}]}}