{"id":221797,"date":"2022-02-19T15:30:03","date_gmt":"2022-02-19T13:30:03","guid":{"rendered":"https:\/\/mmkserviss.lv\/?post_type=product&#038;p=221797"},"modified":"2025-04-02T14:25:05","modified_gmt":"2025-04-02T11:25:05","slug":"lt245-75r16-aplus-a999-a-t-120-116s","status":"publish","type":"product","link":"https:\/\/mmkriepas.lv\/en\/p\/lt245-75r16-aplus-a999-a-t-120-116s\/","title":{"rendered":"245\/75R16 Aplus A999 A\/T 120\/116S LT"},"content":{"rendered":"<p><b>Aplus A999<\/b> <b>A\/T <\/b><span style=\"font-weight: 400;\">&#8211; apvidus jeb All-Terrain riepu modelis, kas izce\u013cas ar paaugstin\u0101tu veiktsp\u0113ju skarbos brauk\u0161anas apst\u0101k\u013cos &#8211; dub\u013cos, pa akme\u0146iem vai smilt\u012bs. Piem\u0113rots apvidus jeb SUV automa\u0161\u012bn\u0101m, kas nereti met izaicin\u0101jumu bezce\u013ciem un gr\u016bti izbraucamiem me\u017ea ce\u013ciem, saglab\u0101jot brauk\u0161anas komfortu ar\u012b uz asfalta.<\/span><\/p>\n<h3><b>Aplus A999 A\/T galven\u0101s \u012bpa\u0161\u012bbas:<\/b><\/h3>\n<p><span style=\"font-weight: 400;\">+ Riepu modelis, kas rad\u012bts brauk\u0161anai gan pa bezce\u013ciem, gan ar\u012b pa pils\u0113tas asfaltu un \u0161oseju,<\/span> <span style=\"font-weight: 400;\">+ Dzi\u013c\u0161 un agres\u012bvs protektora dizains,<\/span> <span style=\"font-weight: 400;\">+ Palielin\u0101ta kravnes\u012bba, kas at\u013cauj \u0161\u012bs riepas uzst\u0101d\u012bt pat smag\u0101kajiem apvidus auto,<\/span> <span style=\"font-weight: 400;\">+ Uzlabots riepas gumijas sast\u0101vs, kas palielina t\u0101s ilgstp\u0113j\u012bbu.<\/span><\/p>\n<h3><b>A999 A\/T apr\u012bkojums<\/b><\/h3>\n<p><b>Aplus A999 A\/T <\/b><span style=\"font-weight: 400;\">riepas apr\u012bkotas ar agres\u012bvu, simetrisku protektora dizainu. Protektora blokos izvietoti vair\u0101ki lame\u013cu tipi, kas vienlaikus pal\u012bdz samazin\u0101t akvaplan\u0113\u0161anas risku un uzlabot sa\u0137eri ar irdenu ce\u013ca virsmu &#8211; smilti, \u0161\u0137embu un pat dub\u013ciem.<\/span> <span style=\"font-weight: 400;\">Palielin\u0101tie trapecveida riepas plecu zonas protektora bloki uzlabo stabilit\u0101ti uz asfalta, k\u0101 ar\u012b palielina riepas kop\u0113jo sa\u0137eres virsmu, pal\u012bdzot c\u012b\u0146\u0101 ar bezce\u013ciem. Turkl\u0101t, \u0161is riepu modelis izce\u013cas ar neticami augstu cenas un veiktsp\u0113jas koeficientu, padarot to par lab\u0101ko apvidus riepu izv\u0113li bud\u017eeta klas\u0113.<\/span><\/p>\n","protected":false},"excerpt":{"rendered":"<p><b>Aplus A999<\/b> <b>A\/T <\/b><span style=\"font-weight: 400;\">&#8211; apvidus jeb All-Terrain riepu modelis, kas izce\u013cas ar paaugstin\u0101tu veiktsp\u0113ju skarbos brauk\u0161anas apst\u0101k\u013cos &#8211; dub\u013cos, pa akme\u0146iem vai smilt\u012bs. Piem\u0113rots apvidus jeb SUV automa\u0161\u012bn\u0101m, kas nereti met izaicin\u0101jumu bezce\u013ciem un gr\u016bti izbraucamiem me\u017ea ce\u013ciem, saglab\u0101jot brauk\u0161anas komfortu ar\u012b uz asfalta.<\/span><\/p>\n","protected":false},"featured_media":223106,"template":"","meta":{"_acf_changed":false,"ngg_post_thumbnail":0},"product_brand":[],"product_cat":[46],"product_tag":[19634],"class_list":{"0":"post-221797","1":"product","2":"type-product","3":"status-publish","4":"has-post-thumbnail","6":"product_cat-vasaras-riepas","7":"product_tag-mmk","9":"first","10":"outofstock","11":"sale","12":"taxable","13":"shipping-taxable","14":"product-type-simple"},"acf":[],"yoast_head":"<!-- This site is optimized with the Yoast SEO Premium plugin v22.6 (Yoast SEO v27.3) - https:\/\/yoast.com\/product\/yoast-seo-premium-wordpress\/ -->\n<title>245\/75R16 Aplus A999 A\/T 120\/116S LT &#8226; MMK Riepas<\/title>\n<meta name=\"description\" content=\"Aplus A999 A\/T - apvidus jeb All-Terrain riepu modelis, kas izce\u013cas ar paaugstin\u0101tu veiktsp\u0113ju skarbos brauk\u0161anas apst\u0101k\u013cos.\" \/>\n<meta name=\"robots\" content=\"index, follow, max-snippet:-1, max-image-preview:large, max-video-preview:-1\" \/>\n<link rel=\"canonical\" href=\"https:\/\/mmkriepas.lv\/en\/p\/lt245-75r16-aplus-a999-a-t-120-116s\/\" \/>\n<meta property=\"og:locale\" content=\"en_US\" \/>\n<meta property=\"og:type\" content=\"article\" \/>\n<meta property=\"og:title\" content=\"245\/75R16 Aplus A999 A\/T 120\/116S LT\" \/>\n<meta property=\"og:description\" content=\"Aplus A999 A\/T - apvidus jeb All-Terrain riepu modelis, kas izce\u013cas ar paaugstin\u0101tu veiktsp\u0113ju skarbos brauk\u0161anas apst\u0101k\u013cos.\" \/>\n<meta property=\"og:url\" content=\"https:\/\/mmkriepas.lv\/en\/p\/lt245-75r16-aplus-a999-a-t-120-116s\/\" \/>\n<meta property=\"og:site_name\" content=\"MMK Riepas\" \/>\n<meta property=\"article:publisher\" content=\"https:\/\/www.facebook.com\/mmkserviss\/\" \/>\n<meta property=\"article:modified_time\" content=\"2025-04-02T11:25:05+00:00\" \/>\n<meta property=\"og:image\" content=\"https:\/\/mmkriepas.lv\/wp-content\/uploads\/2022\/03\/23575r15-aplus-a999-at-109s-xl-all-terrain-riepas-vasaras-riepas.jpg\" \/>\n\t<meta property=\"og:image:width\" content=\"1920\" \/>\n\t<meta property=\"og:image:height\" content=\"1278\" \/>\n\t<meta property=\"og:image:type\" content=\"image\/jpeg\" \/>\n<meta name=\"twitter:card\" content=\"summary_large_image\" \/>\n<meta name=\"twitter:label1\" content=\"Price\" \/>\n\t<meta name=\"twitter:data1\" content=\"&euro;49.00\" \/>\n\t<meta name=\"twitter:label2\" content=\"Availability\" \/>\n\t<meta name=\"twitter:data2\" content=\"Out of stock\" \/>\n<script type=\"application\/ld+json\" class=\"yoast-schema-graph\">{\"@context\":\"https:\\\/\\\/schema.org\",\"@graph\":[{\"@type\":\"WebPage\",\"@id\":\"https:\\\/\\\/mmkriepas.lv\\\/en\\\/p\\\/lt245-75r16-aplus-a999-a-t-120-116s\\\/\",\"url\":\"https:\\\/\\\/mmkriepas.lv\\\/en\\\/p\\\/lt245-75r16-aplus-a999-a-t-120-116s\\\/\",\"name\":\"245\\\/75R16 Aplus A999 A\\\/T 120\\\/116S LT &#8226; MMK Riepas\",\"isPartOf\":{\"@id\":\"https:\\\/\\\/mmkriepas.lv\\\/en\\\/#website\"},\"primaryImageOfPage\":{\"@id\":\"https:\\\/\\\/mmkriepas.lv\\\/en\\\/p\\\/lt245-75r16-aplus-a999-a-t-120-116s\\\/#primaryimage\"},\"image\":{\"@id\":\"https:\\\/\\\/mmkriepas.lv\\\/en\\\/p\\\/lt245-75r16-aplus-a999-a-t-120-116s\\\/#primaryimage\"},\"thumbnailUrl\":\"https:\\\/\\\/mmkriepas.lv\\\/wp-content\\\/uploads\\\/2022\\\/03\\\/23575r15-aplus-a999-at-109s-xl-all-terrain-riepas-vasaras-riepas.jpg\",\"datePublished\":\"2022-02-19T13:30:03+00:00\",\"dateModified\":\"2025-04-02T11:25:05+00:00\",\"description\":\"Aplus A999 A\\\/T - apvidus jeb All-Terrain riepu modelis, kas izce\u013cas ar paaugstin\u0101tu veiktsp\u0113ju skarbos brauk\u0161anas apst\u0101k\u013cos.\",\"breadcrumb\":{\"@id\":\"https:\\\/\\\/mmkriepas.lv\\\/en\\\/p\\\/lt245-75r16-aplus-a999-a-t-120-116s\\\/#breadcrumb\"},\"inLanguage\":\"en-US\",\"potentialAction\":[{\"@type\":\"ReadAction\",\"target\":[\"https:\\\/\\\/mmkriepas.lv\\\/en\\\/p\\\/lt245-75r16-aplus-a999-a-t-120-116s\\\/\"]}]},{\"@type\":\"ImageObject\",\"inLanguage\":\"en-US\",\"@id\":\"https:\\\/\\\/mmkriepas.lv\\\/en\\\/p\\\/lt245-75r16-aplus-a999-a-t-120-116s\\\/#primaryimage\",\"url\":\"https:\\\/\\\/mmkriepas.lv\\\/wp-content\\\/uploads\\\/2022\\\/03\\\/23575r15-aplus-a999-at-109s-xl-all-terrain-riepas-vasaras-riepas.jpg\",\"contentUrl\":\"https:\\\/\\\/mmkriepas.lv\\\/wp-content\\\/uploads\\\/2022\\\/03\\\/23575r15-aplus-a999-at-109s-xl-all-terrain-riepas-vasaras-riepas.jpg\",\"width\":1920,\"height\":1278,\"caption\":\"Aplus A999 A\\\/T\"},{\"@type\":\"BreadcrumbList\",\"@id\":\"https:\\\/\\\/mmkriepas.lv\\\/en\\\/p\\\/lt245-75r16-aplus-a999-a-t-120-116s\\\/#breadcrumb\",\"itemListElement\":[{\"@type\":\"ListItem\",\"position\":1,\"name\":\"S\u0101kums\",\"item\":\"https:\\\/\\\/mmkriepas.lv\\\/en\\\/\"},{\"@type\":\"ListItem\",\"position\":2,\"name\":\"245\\\/75R16 Aplus A999 A\\\/T 120\\\/116S LT\"}]},{\"@type\":\"WebSite\",\"@id\":\"https:\\\/\\\/mmkriepas.lv\\\/en\\\/#website\",\"url\":\"https:\\\/\\\/mmkriepas.lv\\\/en\\\/\",\"name\":\"MMK Riepas\",\"description\":\"MMK Riepas\",\"alternateName\":\"MMK Riepu Serviss\",\"potentialAction\":[{\"@type\":\"SearchAction\",\"target\":{\"@type\":\"EntryPoint\",\"urlTemplate\":\"https:\\\/\\\/mmkriepas.lv\\\/en\\\/?s={search_term_string}\"},\"query-input\":{\"@type\":\"PropertyValueSpecification\",\"valueRequired\":true,\"valueName\":\"search_term_string\"}}],\"inLanguage\":\"en-US\"},{\"@type\":\"ImageObject\",\"inLanguage\":\"en-US\",\"@id\":\"https:\\\/\\\/mmkriepas.lv\\\/en\\\/p\\\/lt245-75r16-aplus-a999-a-t-120-116s\\\/#local-main-organization-logo\",\"url\":\"\",\"contentUrl\":\"\",\"caption\":\"MMK Riepas\"}]}<\/script>\n<meta property=\"product:brand\" content=\"Aplus A999 A\/T\" \/>\n<meta property=\"product:price:amount\" content=\"49.00\" \/>\n<meta property=\"product:price:currency\" content=\"EUR\" \/>\n<meta property=\"og:availability\" content=\"out of stock\" \/>\n<meta property=\"product:availability\" content=\"out of stock\" \/>\n<meta property=\"product:retailer_item_id\" content=\"TS2457516APLUS-844\" \/>\n<meta property=\"product:condition\" content=\"new\" \/>\n<!-- \/ Yoast SEO Premium plugin. -->","yoast_head_json":{"title":"245\/75R16 Aplus A999 A\/T 120\/116S LT &#8226; MMK Riepas","description":"Aplus A999 A\/T - apvidus jeb All-Terrain riepu modelis, kas izce\u013cas ar paaugstin\u0101tu veiktsp\u0113ju skarbos brauk\u0161anas apst\u0101k\u013cos.","robots":{"index":"index","follow":"follow","max-snippet":"max-snippet:-1","max-image-preview":"max-image-preview:large","max-video-preview":"max-video-preview:-1"},"canonical":"https:\/\/mmkriepas.lv\/en\/p\/lt245-75r16-aplus-a999-a-t-120-116s\/","og_locale":"en_US","og_type":"article","og_title":"245\/75R16 Aplus A999 A\/T 120\/116S LT","og_description":"Aplus A999 A\/T - apvidus jeb All-Terrain riepu modelis, kas izce\u013cas ar paaugstin\u0101tu veiktsp\u0113ju skarbos brauk\u0161anas apst\u0101k\u013cos.","og_url":"https:\/\/mmkriepas.lv\/en\/p\/lt245-75r16-aplus-a999-a-t-120-116s\/","og_site_name":"MMK Riepas","article_publisher":"https:\/\/www.facebook.com\/mmkserviss\/","article_modified_time":"2025-04-02T11:25:05+00:00","og_image":[{"width":1920,"height":1278,"url":"https:\/\/mmkriepas.lv\/wp-content\/uploads\/2022\/03\/23575r15-aplus-a999-at-109s-xl-all-terrain-riepas-vasaras-riepas.jpg","type":"image\/jpeg"}],"twitter_card":"summary_large_image","twitter_misc":{"Price":"&euro;49.00","Availability":"Out of stock"},"schema":{"@context":"https:\/\/schema.org","@graph":[{"@type":"WebPage","@id":"https:\/\/mmkriepas.lv\/en\/p\/lt245-75r16-aplus-a999-a-t-120-116s\/","url":"https:\/\/mmkriepas.lv\/en\/p\/lt245-75r16-aplus-a999-a-t-120-116s\/","name":"245\/75R16 Aplus A999 A\/T 120\/116S LT &#8226; MMK Riepas","isPartOf":{"@id":"https:\/\/mmkriepas.lv\/en\/#website"},"primaryImageOfPage":{"@id":"https:\/\/mmkriepas.lv\/en\/p\/lt245-75r16-aplus-a999-a-t-120-116s\/#primaryimage"},"image":{"@id":"https:\/\/mmkriepas.lv\/en\/p\/lt245-75r16-aplus-a999-a-t-120-116s\/#primaryimage"},"thumbnailUrl":"https:\/\/mmkriepas.lv\/wp-content\/uploads\/2022\/03\/23575r15-aplus-a999-at-109s-xl-all-terrain-riepas-vasaras-riepas.jpg","datePublished":"2022-02-19T13:30:03+00:00","dateModified":"2025-04-02T11:25:05+00:00","description":"Aplus A999 A\/T - apvidus jeb All-Terrain riepu modelis, kas izce\u013cas ar paaugstin\u0101tu veiktsp\u0113ju skarbos brauk\u0161anas apst\u0101k\u013cos.","breadcrumb":{"@id":"https:\/\/mmkriepas.lv\/en\/p\/lt245-75r16-aplus-a999-a-t-120-116s\/#breadcrumb"},"inLanguage":"en-US","potentialAction":[{"@type":"ReadAction","target":["https:\/\/mmkriepas.lv\/en\/p\/lt245-75r16-aplus-a999-a-t-120-116s\/"]}]},{"@type":"ImageObject","inLanguage":"en-US","@id":"https:\/\/mmkriepas.lv\/en\/p\/lt245-75r16-aplus-a999-a-t-120-116s\/#primaryimage","url":"https:\/\/mmkriepas.lv\/wp-content\/uploads\/2022\/03\/23575r15-aplus-a999-at-109s-xl-all-terrain-riepas-vasaras-riepas.jpg","contentUrl":"https:\/\/mmkriepas.lv\/wp-content\/uploads\/2022\/03\/23575r15-aplus-a999-at-109s-xl-all-terrain-riepas-vasaras-riepas.jpg","width":1920,"height":1278,"caption":"Aplus A999 A\/T"},{"@type":"BreadcrumbList","@id":"https:\/\/mmkriepas.lv\/en\/p\/lt245-75r16-aplus-a999-a-t-120-116s\/#breadcrumb","itemListElement":[{"@type":"ListItem","position":1,"name":"S\u0101kums","item":"https:\/\/mmkriepas.lv\/en\/"},{"@type":"ListItem","position":2,"name":"245\/75R16 Aplus A999 A\/T 120\/116S LT"}]},{"@type":"WebSite","@id":"https:\/\/mmkriepas.lv\/en\/#website","url":"https:\/\/mmkriepas.lv\/en\/","name":"MMK Riepas","description":"MMK Riepas","alternateName":"MMK Riepu Serviss","potentialAction":[{"@type":"SearchAction","target":{"@type":"EntryPoint","urlTemplate":"https:\/\/mmkriepas.lv\/en\/?s={search_term_string}"},"query-input":{"@type":"PropertyValueSpecification","valueRequired":true,"valueName":"search_term_string"}}],"inLanguage":"en-US"},{"@type":"ImageObject","inLanguage":"en-US","@id":"https:\/\/mmkriepas.lv\/en\/p\/lt245-75r16-aplus-a999-a-t-120-116s\/#local-main-organization-logo","url":"","contentUrl":"","caption":"MMK Riepas"}]},"product_brand":"Aplus A999 A\/T","product_price_amount":"49.00","product_price_currency":"EUR","og_availability":"out of stock","product_availability":"out of stock","product_retailer_item_id":"TS2457516APLUS-844","product_condition":"new"},"_links":{"self":[{"href":"https:\/\/mmkriepas.lv\/en\/wp-json\/wp\/v2\/product\/221797","targetHints":{"allow":["GET"]}}],"collection":[{"href":"https:\/\/mmkriepas.lv\/en\/wp-json\/wp\/v2\/product"}],"about":[{"href":"https:\/\/mmkriepas.lv\/en\/wp-json\/wp\/v2\/types\/product"}],"wp:featuredmedia":[{"embeddable":true,"href":"https:\/\/mmkriepas.lv\/en\/wp-json\/wp\/v2\/media\/223106"}],"wp:attachment":[{"href":"https:\/\/mmkriepas.lv\/en\/wp-json\/wp\/v2\/media?parent=221797"}],"wp:term":[{"taxonomy":"product_brand","embeddable":true,"href":"https:\/\/mmkriepas.lv\/en\/wp-json\/wp\/v2\/product_brand?post=221797"},{"taxonomy":"product_cat","embeddable":true,"href":"https:\/\/mmkriepas.lv\/en\/wp-json\/wp\/v2\/product_cat?post=221797"},{"taxonomy":"product_tag","embeddable":true,"href":"https:\/\/mmkriepas.lv\/en\/wp-json\/wp\/v2\/product_tag?post=221797"}],"curies":[{"name":"wp","href":"https:\/\/api.w.org\/{rel}","templated":true}]}}