{"id":220207,"date":"2022-02-09T17:11:20","date_gmt":"2022-02-09T15:11:20","guid":{"rendered":"https:\/\/mmkserviss.lv\/?post_type=product&#038;p=220207"},"modified":"2026-04-14T00:42:27","modified_gmt":"2026-04-13T21:42:27","slug":"215-60r16-aplus-a608-95h","status":"publish","type":"product","link":"https:\/\/mmkriepas.lv\/en\/p\/215-60r16-aplus-a608-95h\/","title":{"rendered":"215\/60R16 Aplus A608 95H"},"content":{"rendered":"<h2>Vasaras riepas Apluss A608<\/h2>\n<p>Riepu ra\u017eot\u0101js un modelis:<strong> Aplus A608<\/strong><\/p>\n<p><b>Aplus<\/b> kvalitat\u012bvas vasras riepas ra\u017eotas vien\u0101 no liel\u0101kaj\u0101m r\u016bpn\u012bc\u0101m kas gad\u0101 sara\u017eo vair\u0101k k\u0101 12 milionu riepu!<\/p>\n<p>\u0160im modelim pieejami vair\u0101k k\u0101 50 izm\u0113ri!<\/p>\n<h4>Aplus riepas ieguvu\u0161as lielu popularit\u0101ti izcil\u0101s kvalit\u0101tes un cenas attiec\u012bbas d\u0113\u013c.<\/h4>\n<p>MMK Serviss pied\u0101v\u0101 riepu ra\u017eot\u0101ja Aplus vasaras, ziemas un +s riepas. Z\u012bmols Latvij\u0101 paz\u012bstams jau viar\u0101k k\u0101 10 gadus un ar riepu ra\u017eo\u0161anu nodarbojas jau vair\u0101k k\u0101 25 gadus. Aplus riepu ra\u017eo\u0161an\u0101 tiek izmantotas jaun\u0101k\u0101s V\u0101cu riepu ra\u017eo\u0161anas iek\u0101rtas. Kvalit\u0101tes zi\u0146\u0101 riepas neatpaliek un da\u017ereiz pat apsteidz eirp\u0101 ro\u017eot\u0101s bud\u017eeta riepas. Popul\u0101ra izv\u0113le bud\u017eeta klas\u0113 augst\u0101s veiktsp\u0113jas un cenas attiec\u012bbas d\u0113\u013c.<\/p>\n<p><b>Aplus A608 iez\u012bmes:<\/b><\/p>\n<ul>\n<li><strong>Asimetriski izstr\u0101d\u0101ts protektora raksts<\/strong> r\u016bp\u0113jas par vad\u0101m\u012bbu visos apst\u0101k\u013cos, pat lielos \u0101trumos .<\/li>\n<li>Pastipri\u0101ta protektora da\u013ca un \u012bpa\u0161as uzb\u016bves bortu uzb\u016bve nodro\u0161\u012bna lielisku brauk\u0161anas komfortu<\/li>\n<li>Papildus griezumi riepas s\u0101nos samazina trok\u0161\u0146u l\u012bmeni un uzlabo brauk\u0161anas komfortu<\/li>\n<li>Uzlabots gumijas sast\u0101vs nodor\u0161ina lielisku sa\u0137eri slapj\u0101 laik\u0101, k\u0101 ar\u012b noro\u0161ina lab\u0101ku degvielas ekonomiju.<\/li>\n<\/ul>\n<p><strong>Aplus A608 \u012bpa\u0161\u012bbas:<\/strong><\/p>\n<p>+ degvielas ekonomija, zema rites pretest\u012bba<br \/>\n+ \u013coti labi trok\u0161\u0146u l\u012bme\u0146a r\u0101d\u012bt\u0101ji,<br \/>\n+ dro\u0161a vad\u0101m\u012bb\u0101 gan uz sausa, gan mitra seguma<br \/>\n+ augsta notur\u012bba pret akvaplan\u0113\u0161anu<br \/>\n+ stabilit\u0101te braucot ar\u012b pa nel\u012bdzenu ce\u013ca segumu<br \/>\n+ sal\u012bdzino\u0161i vieglas riepas (samazina degvielas pat\u0113ri\u0146u)<br \/>\n+ sal\u012bdzino\u0161i zema&nbsp;rites pretest\u012bba<br \/>\n+ paaugstin\u0101ta nodilumu iztur\u012bba<br \/>\n+ garantija<\/p>\n<p>&nbsp;Aplus A608 riepas &nbsp;ir izstr\u0101d\u0101tas t\u0101, lai nodro\u0161in\u0101tu dor\u0161u vad\u012bbu uz mitra ce\u013ca seguma un ilgu kalpo\u0161anas laiku. Asimetriskais protektora dizains kop\u0101 ar uzlabotu protektora gumijas formulu nodro\u0161ina izcilu veiktsp\u0113ju uz da\u017e\u0101diem ce\u013ca segumiem.<\/p>\n<p><strong>MMK Serviss nov\u0113rt\u0113jums:<\/strong>&nbsp;<em>\u201d Aplus riepas ir lieliska izv\u0113le gan ikdienas gan nedaudz sportisk\u0101kai brauk\u0161anai. Labas un ekonomiskas vasaras riepas par \u013coti labu cenu. Kvalit\u0101te augst\u0101ka par samaks\u0101to naudu\u201d.<\/em><\/p>\n<h5>*Uzman\u012bbu: Vasaras riepas, kas ir ra\u017eotas \u0136\u012bn\u0101, var b\u016bt apz\u012bm\u0113tas ar apz\u012bm\u0113jumu M+S. J\u0101\u0146em ver\u0101, ka \u0136\u012bnas teritorija sniedzas da\u017e\u0101d\u0101s klimatiskaj\u0101s zon\u0101s, kur da\u017eviet metereolo\u0123isk\u0101 ziema t\u0101 ar\u012b neiest\u0101jas. L\u012bdz ar to, tur \u0161\u012bs riepas var izmantot visu gadu, kam\u0113r Latvij\u0101 tas nestr\u0101d\u0101!<\/h5>\n","protected":false},"excerpt":{"rendered":"<h4>Aplus riepas ieguvu\u0161as lielu popularit\u0101ti izcil\u0101s kvalit\u0101tes un cenas attiec\u012bbas d\u0113\u013c.<\/h4>\n<p>MMK Serviss pied\u0101v\u0101 riepu ra\u017eot\u0101ja Aplus vasaras, ziemas un +s riepas. Z\u012bmols Latvij\u0101 paz\u012bstams jau viar\u0101k k\u0101 10 gadus un ar riepu ra\u017eo\u0161anu nodarbojas jau vair\u0101k k\u0101 25 gadus. Aplus riepu ra\u017eo\u0161an\u0101 tiek izmantotas jaun\u0101k\u0101s V\u0101cu riepu ra\u017eo\u0161anas iek\u0101rtas. Kvalit\u0101tes zi\u0146\u0101 riepas neatpaliek un da\u017ereiz pat apsteidz eirp\u0101 ro\u017eot\u0101s bud\u017eeta riepas. Popul\u0101ra izv\u0113le bud\u017eeta klas\u0113 augst\u0101s veiktsp\u0113jas un cenas attiec\u012bbas d\u0113\u013c.<\/p>\n","protected":false},"featured_media":219644,"template":"","meta":{"_acf_changed":false,"ngg_post_thumbnail":0},"product_brand":[],"product_cat":[46],"product_tag":[22820],"class_list":{"0":"post-220207","1":"product","2":"type-product","3":"status-publish","4":"has-post-thumbnail","6":"product_cat-vasaras-riepas","7":"product_tag-64636efdd2e27","9":"first","10":"instock","11":"sale","12":"taxable","13":"shipping-taxable","14":"purchasable","15":"product-type-simple"},"acf":[],"yoast_head":"<!-- This site is optimized with the Yoast SEO Premium plugin v22.6 (Yoast SEO v27.3) - https:\/\/yoast.com\/product\/yoast-seo-premium-wordpress\/ -->\n<title>215\/60R16 Aplus A608 95H &#8226; MMK Riepas<\/title>\n<meta name=\"robots\" content=\"index, follow, max-snippet:-1, max-image-preview:large, max-video-preview:-1\" \/>\n<link rel=\"canonical\" href=\"https:\/\/mmkriepas.lv\/en\/p\/215-60r16-aplus-a608-95h\/\" \/>\n<meta property=\"og:locale\" content=\"en_US\" \/>\n<meta property=\"og:type\" content=\"article\" \/>\n<meta property=\"og:title\" content=\"215\/60R16 Aplus A608 95H\" \/>\n<meta property=\"og:description\" content=\"Aplus riepas ieguvu\u0161as lielu popularit\u0101ti izcil\u0101s kvalit\u0101tes un cenas attiec\u012bbas d\u0113\u013c. MMK Serviss pied\u0101v\u0101 riepu ra\u017eot\u0101ja Aplus vasaras, ziemas un +s riepas. Z\u012bmols Latvij\u0101 paz\u012bstams jau viar\u0101k k\u0101 10 gadus un ar riepu ra\u017eo\u0161anu nodarbojas jau vair\u0101k k\u0101 25 gadus. Aplus riepu ra\u017eo\u0161an\u0101 tiek izmantotas jaun\u0101k\u0101s V\u0101cu riepu ra\u017eo\u0161anas iek\u0101rtas. Kvalit\u0101tes zi\u0146\u0101 riepas neatpaliek un da\u017ereiz pat apsteidz eirp\u0101 ro\u017eot\u0101s bud\u017eeta riepas. Popul\u0101ra izv\u0113le bud\u017eeta klas\u0113 augst\u0101s veiktsp\u0113jas un cenas attiec\u012bbas d\u0113\u013c.\" \/>\n<meta property=\"og:url\" content=\"https:\/\/mmkriepas.lv\/en\/p\/215-60r16-aplus-a608-95h\/\" \/>\n<meta property=\"og:site_name\" content=\"MMK Riepas\" \/>\n<meta property=\"article:publisher\" content=\"https:\/\/www.facebook.com\/mmkserviss\/\" \/>\n<meta property=\"article:modified_time\" content=\"2026-04-13T21:42:27+00:00\" \/>\n<meta property=\"og:image\" content=\"https:\/\/mmkriepas.lv\/wp-content\/uploads\/2022\/02\/21560r16-aplus-a608-95h-vasaras-riepas.jpeg\" \/>\n\t<meta property=\"og:image:width\" content=\"1600\" \/>\n\t<meta property=\"og:image:height\" content=\"1094\" \/>\n\t<meta property=\"og:image:type\" content=\"image\/jpeg\" \/>\n<meta name=\"twitter:card\" content=\"summary_large_image\" \/>\n<meta name=\"twitter:label1\" content=\"Price\" \/>\n\t<meta name=\"twitter:data1\" content=\"&euro;42.00\" \/>\n\t<meta name=\"twitter:label2\" content=\"Availability\" \/>\n\t<meta name=\"twitter:data2\" content=\"In stock\" \/>\n<script type=\"application\/ld+json\" class=\"yoast-schema-graph\">{\"@context\":\"https:\\\/\\\/schema.org\",\"@graph\":[{\"@type\":\"WebPage\",\"@id\":\"https:\\\/\\\/mmkriepas.lv\\\/en\\\/p\\\/215-60r16-aplus-a608-95h\\\/\",\"url\":\"https:\\\/\\\/mmkriepas.lv\\\/en\\\/p\\\/215-60r16-aplus-a608-95h\\\/\",\"name\":\"215\\\/60R16 Aplus A608 95H &#8226; MMK Riepas\",\"isPartOf\":{\"@id\":\"https:\\\/\\\/mmkriepas.lv\\\/en\\\/#website\"},\"primaryImageOfPage\":{\"@id\":\"https:\\\/\\\/mmkriepas.lv\\\/en\\\/p\\\/215-60r16-aplus-a608-95h\\\/#primaryimage\"},\"image\":{\"@id\":\"https:\\\/\\\/mmkriepas.lv\\\/en\\\/p\\\/215-60r16-aplus-a608-95h\\\/#primaryimage\"},\"thumbnailUrl\":\"https:\\\/\\\/mmkriepas.lv\\\/wp-content\\\/uploads\\\/2022\\\/02\\\/21560r16-aplus-a608-95h-vasaras-riepas.jpeg\",\"datePublished\":\"2022-02-09T15:11:20+00:00\",\"dateModified\":\"2026-04-13T21:42:27+00:00\",\"breadcrumb\":{\"@id\":\"https:\\\/\\\/mmkriepas.lv\\\/en\\\/p\\\/215-60r16-aplus-a608-95h\\\/#breadcrumb\"},\"inLanguage\":\"en-US\",\"potentialAction\":[{\"@type\":\"ReadAction\",\"target\":[\"https:\\\/\\\/mmkriepas.lv\\\/en\\\/p\\\/215-60r16-aplus-a608-95h\\\/\"]}]},{\"@type\":\"ImageObject\",\"inLanguage\":\"en-US\",\"@id\":\"https:\\\/\\\/mmkriepas.lv\\\/en\\\/p\\\/215-60r16-aplus-a608-95h\\\/#primaryimage\",\"url\":\"https:\\\/\\\/mmkriepas.lv\\\/wp-content\\\/uploads\\\/2022\\\/02\\\/21560r16-aplus-a608-95h-vasaras-riepas.jpeg\",\"contentUrl\":\"https:\\\/\\\/mmkriepas.lv\\\/wp-content\\\/uploads\\\/2022\\\/02\\\/21560r16-aplus-a608-95h-vasaras-riepas.jpeg\",\"width\":1600,\"height\":1094,\"caption\":\"Aplus A608 vasaras riepas\"},{\"@type\":\"BreadcrumbList\",\"@id\":\"https:\\\/\\\/mmkriepas.lv\\\/en\\\/p\\\/215-60r16-aplus-a608-95h\\\/#breadcrumb\",\"itemListElement\":[{\"@type\":\"ListItem\",\"position\":1,\"name\":\"S\u0101kums\",\"item\":\"https:\\\/\\\/mmkriepas.lv\\\/en\\\/\"},{\"@type\":\"ListItem\",\"position\":2,\"name\":\"215\\\/60R16 Aplus A608 95H\"}]},{\"@type\":\"WebSite\",\"@id\":\"https:\\\/\\\/mmkriepas.lv\\\/en\\\/#website\",\"url\":\"https:\\\/\\\/mmkriepas.lv\\\/en\\\/\",\"name\":\"MMK Riepas\",\"description\":\"MMK Riepas\",\"alternateName\":\"MMK Riepu Serviss\",\"potentialAction\":[{\"@type\":\"SearchAction\",\"target\":{\"@type\":\"EntryPoint\",\"urlTemplate\":\"https:\\\/\\\/mmkriepas.lv\\\/en\\\/?s={search_term_string}\"},\"query-input\":{\"@type\":\"PropertyValueSpecification\",\"valueRequired\":true,\"valueName\":\"search_term_string\"}}],\"inLanguage\":\"en-US\"},{\"@type\":\"ImageObject\",\"inLanguage\":\"en-US\",\"@id\":\"https:\\\/\\\/mmkriepas.lv\\\/en\\\/p\\\/215-60r16-aplus-a608-95h\\\/#local-main-organization-logo\",\"url\":\"\",\"contentUrl\":\"\",\"caption\":\"MMK Riepas\"}]}<\/script>\n<meta property=\"product:brand\" content=\"Aplus A608\" \/>\n<meta property=\"product:price:amount\" content=\"42.00\" \/>\n<meta property=\"product:price:currency\" content=\"EUR\" \/>\n<meta property=\"og:availability\" content=\"instock\" \/>\n<meta property=\"product:availability\" content=\"instock\" \/>\n<meta property=\"product:retailer_item_id\" content=\"TS2156016APLUS-2486\" \/>\n<meta property=\"product:condition\" content=\"new\" \/>\n<!-- \/ Yoast SEO Premium plugin. -->","yoast_head_json":{"title":"215\/60R16 Aplus A608 95H &#8226; MMK Riepas","robots":{"index":"index","follow":"follow","max-snippet":"max-snippet:-1","max-image-preview":"max-image-preview:large","max-video-preview":"max-video-preview:-1"},"canonical":"https:\/\/mmkriepas.lv\/en\/p\/215-60r16-aplus-a608-95h\/","og_locale":"en_US","og_type":"article","og_title":"215\/60R16 Aplus A608 95H","og_description":"Aplus riepas ieguvu\u0161as lielu popularit\u0101ti izcil\u0101s kvalit\u0101tes un cenas attiec\u012bbas d\u0113\u013c. MMK Serviss pied\u0101v\u0101 riepu ra\u017eot\u0101ja Aplus vasaras, ziemas un +s riepas. Z\u012bmols Latvij\u0101 paz\u012bstams jau viar\u0101k k\u0101 10 gadus un ar riepu ra\u017eo\u0161anu nodarbojas jau vair\u0101k k\u0101 25 gadus. Aplus riepu ra\u017eo\u0161an\u0101 tiek izmantotas jaun\u0101k\u0101s V\u0101cu riepu ra\u017eo\u0161anas iek\u0101rtas. Kvalit\u0101tes zi\u0146\u0101 riepas neatpaliek un da\u017ereiz pat apsteidz eirp\u0101 ro\u017eot\u0101s bud\u017eeta riepas. Popul\u0101ra izv\u0113le bud\u017eeta klas\u0113 augst\u0101s veiktsp\u0113jas un cenas attiec\u012bbas d\u0113\u013c.","og_url":"https:\/\/mmkriepas.lv\/en\/p\/215-60r16-aplus-a608-95h\/","og_site_name":"MMK Riepas","article_publisher":"https:\/\/www.facebook.com\/mmkserviss\/","article_modified_time":"2026-04-13T21:42:27+00:00","og_image":[{"width":1600,"height":1094,"url":"https:\/\/mmkriepas.lv\/wp-content\/uploads\/2022\/02\/21560r16-aplus-a608-95h-vasaras-riepas.jpeg","type":"image\/jpeg"}],"twitter_card":"summary_large_image","twitter_misc":{"Price":"&euro;42.00","Availability":"In stock"},"schema":{"@context":"https:\/\/schema.org","@graph":[{"@type":"WebPage","@id":"https:\/\/mmkriepas.lv\/en\/p\/215-60r16-aplus-a608-95h\/","url":"https:\/\/mmkriepas.lv\/en\/p\/215-60r16-aplus-a608-95h\/","name":"215\/60R16 Aplus A608 95H &#8226; MMK Riepas","isPartOf":{"@id":"https:\/\/mmkriepas.lv\/en\/#website"},"primaryImageOfPage":{"@id":"https:\/\/mmkriepas.lv\/en\/p\/215-60r16-aplus-a608-95h\/#primaryimage"},"image":{"@id":"https:\/\/mmkriepas.lv\/en\/p\/215-60r16-aplus-a608-95h\/#primaryimage"},"thumbnailUrl":"https:\/\/mmkriepas.lv\/wp-content\/uploads\/2022\/02\/21560r16-aplus-a608-95h-vasaras-riepas.jpeg","datePublished":"2022-02-09T15:11:20+00:00","dateModified":"2026-04-13T21:42:27+00:00","breadcrumb":{"@id":"https:\/\/mmkriepas.lv\/en\/p\/215-60r16-aplus-a608-95h\/#breadcrumb"},"inLanguage":"en-US","potentialAction":[{"@type":"ReadAction","target":["https:\/\/mmkriepas.lv\/en\/p\/215-60r16-aplus-a608-95h\/"]}]},{"@type":"ImageObject","inLanguage":"en-US","@id":"https:\/\/mmkriepas.lv\/en\/p\/215-60r16-aplus-a608-95h\/#primaryimage","url":"https:\/\/mmkriepas.lv\/wp-content\/uploads\/2022\/02\/21560r16-aplus-a608-95h-vasaras-riepas.jpeg","contentUrl":"https:\/\/mmkriepas.lv\/wp-content\/uploads\/2022\/02\/21560r16-aplus-a608-95h-vasaras-riepas.jpeg","width":1600,"height":1094,"caption":"Aplus A608 vasaras riepas"},{"@type":"BreadcrumbList","@id":"https:\/\/mmkriepas.lv\/en\/p\/215-60r16-aplus-a608-95h\/#breadcrumb","itemListElement":[{"@type":"ListItem","position":1,"name":"S\u0101kums","item":"https:\/\/mmkriepas.lv\/en\/"},{"@type":"ListItem","position":2,"name":"215\/60R16 Aplus A608 95H"}]},{"@type":"WebSite","@id":"https:\/\/mmkriepas.lv\/en\/#website","url":"https:\/\/mmkriepas.lv\/en\/","name":"MMK Riepas","description":"MMK Riepas","alternateName":"MMK Riepu Serviss","potentialAction":[{"@type":"SearchAction","target":{"@type":"EntryPoint","urlTemplate":"https:\/\/mmkriepas.lv\/en\/?s={search_term_string}"},"query-input":{"@type":"PropertyValueSpecification","valueRequired":true,"valueName":"search_term_string"}}],"inLanguage":"en-US"},{"@type":"ImageObject","inLanguage":"en-US","@id":"https:\/\/mmkriepas.lv\/en\/p\/215-60r16-aplus-a608-95h\/#local-main-organization-logo","url":"","contentUrl":"","caption":"MMK Riepas"}]},"product_brand":"Aplus A608","product_price_amount":"42.00","product_price_currency":"EUR","og_availability":"instock","product_availability":"instock","product_retailer_item_id":"TS2156016APLUS-2486","product_condition":"new"},"_links":{"self":[{"href":"https:\/\/mmkriepas.lv\/en\/wp-json\/wp\/v2\/product\/220207","targetHints":{"allow":["GET"]}}],"collection":[{"href":"https:\/\/mmkriepas.lv\/en\/wp-json\/wp\/v2\/product"}],"about":[{"href":"https:\/\/mmkriepas.lv\/en\/wp-json\/wp\/v2\/types\/product"}],"wp:featuredmedia":[{"embeddable":true,"href":"https:\/\/mmkriepas.lv\/en\/wp-json\/wp\/v2\/media\/219644"}],"wp:attachment":[{"href":"https:\/\/mmkriepas.lv\/en\/wp-json\/wp\/v2\/media?parent=220207"}],"wp:term":[{"taxonomy":"product_brand","embeddable":true,"href":"https:\/\/mmkriepas.lv\/en\/wp-json\/wp\/v2\/product_brand?post=220207"},{"taxonomy":"product_cat","embeddable":true,"href":"https:\/\/mmkriepas.lv\/en\/wp-json\/wp\/v2\/product_cat?post=220207"},{"taxonomy":"product_tag","embeddable":true,"href":"https:\/\/mmkriepas.lv\/en\/wp-json\/wp\/v2\/product_tag?post=220207"}],"curies":[{"name":"wp","href":"https:\/\/api.w.org\/{rel}","templated":true}]}}