{"id":217940,"date":"2022-01-14T11:53:40","date_gmt":"2022-01-14T09:53:40","guid":{"rendered":"https:\/\/mmkserviss.lv\/?post_type=product&#038;p=217940"},"modified":"2025-03-07T16:45:04","modified_gmt":"2025-03-07T14:45:04","slug":"205-50r16-dynamo-street-h-mh01-87v","status":"publish","type":"product","link":"https:\/\/mmkriepas.lv\/en\/p\/205-50r16-dynamo-street-h-mh01-87v\/","title":{"rendered":"205\/50R16 Dynamo Street-H MH01 87V"},"content":{"rendered":"<p><b>Dynamo Street-H MH01 <\/b><span style=\"font-weight: 400;\">ir vasaras riepu modelis, kas veidots, uzlabojot paz\u012bstam\u0101ko \u0136\u012bnas ra\u017eot\u0101ju tehnolo\u0123ijas. \u0160is riepu modelis izce\u013cas ar teicamu veiktsp\u0113ju gan uz sausa, gan slapja asfalta, k\u0101 ar\u012b grants ce\u013ciem.<\/span><\/p>\n<h3><b>Dynamo Street-H MH01 galven\u0101s iez\u012bmes<\/b><\/h3>\n<p><span style=\"font-weight: 400;\">+ Lieliska sa\u0137ere gan uz slapja, gan sausa asfalta, k\u0101 ar\u012b uz grants ce\u013ciem,<\/span><\/p>\n<p><span style=\"font-weight: 400;\">+ Samazin\u0101ts akvaplan\u0113\u0161anas risks,<\/span><\/p>\n<p><span style=\"font-weight: 400;\">+ \u012apa\u0161i iztur\u012bgi s\u0101nu borti, kas krietni paildzin\u0101s riepas kalpo\u0161anas m\u016b\u017eu,<\/span><\/p>\n<p><span style=\"font-weight: 400;\">+ Degvielas ekonomija,<\/span><\/p>\n<p><span style=\"font-weight: 400;\">+ Dizaina un izstr\u0101des proces\u0101 izmantotas jaun\u0101k\u0101s tehnolo\u0123ijas,<\/span><\/p>\n<p><span style=\"font-weight: 400;\">+ Akustiskais komforts<\/span><\/p>\n<h3><b>MH01 apr\u012bkojums<\/b><\/h3>\n<p><b>Dynamo Street-H MH01 <\/b><span style=\"font-weight: 400;\">riepu modelis apr\u012bkots ar \u010detriem gareniskajiem dren\u0101\u017eas kan\u0101liem, kas izcili tiek gal\u0101 ar \u016bdens novadi, samazinot akvaplan\u0113\u0161anas risku. Protektora dizainam pievienota nep\u0101rtraukta garenisk\u0101 centr\u0101l\u0101 riba, kas krietni uzlabo gan stabilit\u0101ti lielos brauk\u0161anas \u0101trumos, gan manevr\u0113tsp\u0113ju.<\/span> <span style=\"font-weight: 400;\">Riepas gumijas sast\u0101vs uzlabots ar virkni tehnolo\u0123isku materi\u0101lu, kas ne tikai liek riepai saglab\u0101t elast\u012bbu augst\u0101s gaisa un ce\u013ca seguma temperat\u016br\u0101s, bet ar\u012b apsl\u0101p\u0113 troksni un samazina degvielas pat\u0113ri\u0146u.<\/span><\/p>\n","protected":false},"excerpt":{"rendered":"<p><b>Dynamo Street-H MH01 <\/b><span style=\"font-weight: 400;\">ir vasaras riepu modelis, kas veidots, uzlabojot paz\u012bstam\u0101ko \u0136\u012bnas ra\u017eot\u0101ju tehnolo\u0123ijas. \u0160is riepu modelis izce\u013cas ar teicamu veiktsp\u0113ju gan uz sausa, gan slapja asfalta, k\u0101 ar\u012b grants ce\u013ciem.<\/span><\/p>\n","protected":false},"featured_media":890724,"template":"","meta":{"_acf_changed":false,"ngg_post_thumbnail":0},"product_brand":[],"product_cat":[46],"product_tag":[],"class_list":{"0":"post-217940","1":"product","2":"type-product","3":"status-publish","4":"has-post-thumbnail","6":"product_cat-vasaras-riepas","8":"first","9":"outofstock","10":"sale","11":"taxable","12":"shipping-taxable","13":"product-type-simple"},"acf":[],"yoast_head":"<!-- This site is optimized with the Yoast SEO Premium plugin v22.6 (Yoast SEO v27.3) - https:\/\/yoast.com\/product\/yoast-seo-premium-wordpress\/ -->\n<title>205\/50R16 Dynamo Street-H MH01 87V &#8226; MMK Riepas<\/title>\n<meta name=\"description\" content=\"Dynamo\" \/>\n<meta name=\"robots\" content=\"index, follow, max-snippet:-1, max-image-preview:large, max-video-preview:-1\" \/>\n<link rel=\"canonical\" href=\"https:\/\/mmkriepas.lv\/en\/p\/205-50r16-dynamo-street-h-mh01-87v\/\" \/>\n<meta property=\"og:locale\" content=\"en_US\" \/>\n<meta property=\"og:type\" content=\"article\" \/>\n<meta property=\"og:title\" content=\"205\/50R16 Dynamo Street-H MH01 87V\" \/>\n<meta property=\"og:description\" content=\"Dynamo\" \/>\n<meta property=\"og:url\" content=\"https:\/\/mmkriepas.lv\/en\/p\/205-50r16-dynamo-street-h-mh01-87v\/\" \/>\n<meta property=\"og:site_name\" content=\"MMK Riepas\" \/>\n<meta property=\"article:publisher\" content=\"https:\/\/www.facebook.com\/mmkserviss\/\" \/>\n<meta property=\"article:modified_time\" content=\"2025-03-07T14:45:04+00:00\" \/>\n<meta property=\"og:image\" content=\"https:\/\/mmkriepas.lv\/wp-content\/uploads\/2024\/04\/23565r16-dynamo-street-h-mh01-103h-vasaras-riepas.jpg\" \/>\n\t<meta property=\"og:image:width\" content=\"1000\" \/>\n\t<meta property=\"og:image:height\" content=\"826\" \/>\n\t<meta property=\"og:image:type\" content=\"image\/jpeg\" \/>\n<meta name=\"twitter:card\" content=\"summary_large_image\" \/>\n<meta name=\"twitter:label1\" content=\"Price\" \/>\n\t<meta name=\"twitter:data1\" content=\"&euro;39.00\" \/>\n\t<meta name=\"twitter:label2\" content=\"Availability\" \/>\n\t<meta name=\"twitter:data2\" content=\"Out of stock\" \/>\n<script type=\"application\/ld+json\" class=\"yoast-schema-graph\">{\"@context\":\"https:\\\/\\\/schema.org\",\"@graph\":[{\"@type\":\"WebPage\",\"@id\":\"https:\\\/\\\/mmkriepas.lv\\\/en\\\/p\\\/205-50r16-dynamo-street-h-mh01-87v\\\/\",\"url\":\"https:\\\/\\\/mmkriepas.lv\\\/en\\\/p\\\/205-50r16-dynamo-street-h-mh01-87v\\\/\",\"name\":\"205\\\/50R16 Dynamo Street-H MH01 87V &#8226; MMK Riepas\",\"isPartOf\":{\"@id\":\"https:\\\/\\\/mmkriepas.lv\\\/en\\\/#website\"},\"primaryImageOfPage\":{\"@id\":\"https:\\\/\\\/mmkriepas.lv\\\/en\\\/p\\\/205-50r16-dynamo-street-h-mh01-87v\\\/#primaryimage\"},\"image\":{\"@id\":\"https:\\\/\\\/mmkriepas.lv\\\/en\\\/p\\\/205-50r16-dynamo-street-h-mh01-87v\\\/#primaryimage\"},\"thumbnailUrl\":\"https:\\\/\\\/mmkriepas.lv\\\/wp-content\\\/uploads\\\/2024\\\/04\\\/23565r16-dynamo-street-h-mh01-103h-vasaras-riepas.jpg\",\"datePublished\":\"2022-01-14T09:53:40+00:00\",\"dateModified\":\"2025-03-07T14:45:04+00:00\",\"description\":\"Dynamo\",\"breadcrumb\":{\"@id\":\"https:\\\/\\\/mmkriepas.lv\\\/en\\\/p\\\/205-50r16-dynamo-street-h-mh01-87v\\\/#breadcrumb\"},\"inLanguage\":\"en-US\",\"potentialAction\":[{\"@type\":\"ReadAction\",\"target\":[\"https:\\\/\\\/mmkriepas.lv\\\/en\\\/p\\\/205-50r16-dynamo-street-h-mh01-87v\\\/\"]}]},{\"@type\":\"ImageObject\",\"inLanguage\":\"en-US\",\"@id\":\"https:\\\/\\\/mmkriepas.lv\\\/en\\\/p\\\/205-50r16-dynamo-street-h-mh01-87v\\\/#primaryimage\",\"url\":\"https:\\\/\\\/mmkriepas.lv\\\/wp-content\\\/uploads\\\/2024\\\/04\\\/23565r16-dynamo-street-h-mh01-103h-vasaras-riepas.jpg\",\"contentUrl\":\"https:\\\/\\\/mmkriepas.lv\\\/wp-content\\\/uploads\\\/2024\\\/04\\\/23565r16-dynamo-street-h-mh01-103h-vasaras-riepas.jpg\",\"width\":1000,\"height\":826,\"caption\":\"MAIN\"},{\"@type\":\"BreadcrumbList\",\"@id\":\"https:\\\/\\\/mmkriepas.lv\\\/en\\\/p\\\/205-50r16-dynamo-street-h-mh01-87v\\\/#breadcrumb\",\"itemListElement\":[{\"@type\":\"ListItem\",\"position\":1,\"name\":\"S\u0101kums\",\"item\":\"https:\\\/\\\/mmkriepas.lv\\\/en\\\/\"},{\"@type\":\"ListItem\",\"position\":2,\"name\":\"205\\\/50R16 Dynamo Street-H MH01 87V\"}]},{\"@type\":\"WebSite\",\"@id\":\"https:\\\/\\\/mmkriepas.lv\\\/en\\\/#website\",\"url\":\"https:\\\/\\\/mmkriepas.lv\\\/en\\\/\",\"name\":\"MMK Riepas\",\"description\":\"MMK Riepas\",\"alternateName\":\"MMK Riepu Serviss\",\"potentialAction\":[{\"@type\":\"SearchAction\",\"target\":{\"@type\":\"EntryPoint\",\"urlTemplate\":\"https:\\\/\\\/mmkriepas.lv\\\/en\\\/?s={search_term_string}\"},\"query-input\":{\"@type\":\"PropertyValueSpecification\",\"valueRequired\":true,\"valueName\":\"search_term_string\"}}],\"inLanguage\":\"en-US\"},{\"@type\":\"ImageObject\",\"inLanguage\":\"en-US\",\"@id\":\"https:\\\/\\\/mmkriepas.lv\\\/en\\\/p\\\/205-50r16-dynamo-street-h-mh01-87v\\\/#local-main-organization-logo\",\"url\":\"\",\"contentUrl\":\"\",\"caption\":\"MMK Riepas\"}]}<\/script>\n<meta property=\"product:brand\" content=\"Dynamo Street-H MH01\" \/>\n<meta property=\"product:price:amount\" content=\"39.00\" \/>\n<meta property=\"product:price:currency\" content=\"EUR\" \/>\n<meta property=\"og:availability\" content=\"out of stock\" \/>\n<meta property=\"product:availability\" content=\"out of stock\" \/>\n<meta property=\"product:retailer_item_id\" content=\"TS2055016DYNAM-197\" \/>\n<meta property=\"product:condition\" content=\"new\" \/>\n<!-- \/ Yoast SEO Premium plugin. -->","yoast_head_json":{"title":"205\/50R16 Dynamo Street-H MH01 87V &#8226; MMK Riepas","description":"Dynamo","robots":{"index":"index","follow":"follow","max-snippet":"max-snippet:-1","max-image-preview":"max-image-preview:large","max-video-preview":"max-video-preview:-1"},"canonical":"https:\/\/mmkriepas.lv\/en\/p\/205-50r16-dynamo-street-h-mh01-87v\/","og_locale":"en_US","og_type":"article","og_title":"205\/50R16 Dynamo Street-H MH01 87V","og_description":"Dynamo","og_url":"https:\/\/mmkriepas.lv\/en\/p\/205-50r16-dynamo-street-h-mh01-87v\/","og_site_name":"MMK Riepas","article_publisher":"https:\/\/www.facebook.com\/mmkserviss\/","article_modified_time":"2025-03-07T14:45:04+00:00","og_image":[{"width":1000,"height":826,"url":"https:\/\/mmkriepas.lv\/wp-content\/uploads\/2024\/04\/23565r16-dynamo-street-h-mh01-103h-vasaras-riepas.jpg","type":"image\/jpeg"}],"twitter_card":"summary_large_image","twitter_misc":{"Price":"&euro;39.00","Availability":"Out of stock"},"schema":{"@context":"https:\/\/schema.org","@graph":[{"@type":"WebPage","@id":"https:\/\/mmkriepas.lv\/en\/p\/205-50r16-dynamo-street-h-mh01-87v\/","url":"https:\/\/mmkriepas.lv\/en\/p\/205-50r16-dynamo-street-h-mh01-87v\/","name":"205\/50R16 Dynamo Street-H MH01 87V &#8226; MMK Riepas","isPartOf":{"@id":"https:\/\/mmkriepas.lv\/en\/#website"},"primaryImageOfPage":{"@id":"https:\/\/mmkriepas.lv\/en\/p\/205-50r16-dynamo-street-h-mh01-87v\/#primaryimage"},"image":{"@id":"https:\/\/mmkriepas.lv\/en\/p\/205-50r16-dynamo-street-h-mh01-87v\/#primaryimage"},"thumbnailUrl":"https:\/\/mmkriepas.lv\/wp-content\/uploads\/2024\/04\/23565r16-dynamo-street-h-mh01-103h-vasaras-riepas.jpg","datePublished":"2022-01-14T09:53:40+00:00","dateModified":"2025-03-07T14:45:04+00:00","description":"Dynamo","breadcrumb":{"@id":"https:\/\/mmkriepas.lv\/en\/p\/205-50r16-dynamo-street-h-mh01-87v\/#breadcrumb"},"inLanguage":"en-US","potentialAction":[{"@type":"ReadAction","target":["https:\/\/mmkriepas.lv\/en\/p\/205-50r16-dynamo-street-h-mh01-87v\/"]}]},{"@type":"ImageObject","inLanguage":"en-US","@id":"https:\/\/mmkriepas.lv\/en\/p\/205-50r16-dynamo-street-h-mh01-87v\/#primaryimage","url":"https:\/\/mmkriepas.lv\/wp-content\/uploads\/2024\/04\/23565r16-dynamo-street-h-mh01-103h-vasaras-riepas.jpg","contentUrl":"https:\/\/mmkriepas.lv\/wp-content\/uploads\/2024\/04\/23565r16-dynamo-street-h-mh01-103h-vasaras-riepas.jpg","width":1000,"height":826,"caption":"MAIN"},{"@type":"BreadcrumbList","@id":"https:\/\/mmkriepas.lv\/en\/p\/205-50r16-dynamo-street-h-mh01-87v\/#breadcrumb","itemListElement":[{"@type":"ListItem","position":1,"name":"S\u0101kums","item":"https:\/\/mmkriepas.lv\/en\/"},{"@type":"ListItem","position":2,"name":"205\/50R16 Dynamo Street-H MH01 87V"}]},{"@type":"WebSite","@id":"https:\/\/mmkriepas.lv\/en\/#website","url":"https:\/\/mmkriepas.lv\/en\/","name":"MMK Riepas","description":"MMK Riepas","alternateName":"MMK Riepu Serviss","potentialAction":[{"@type":"SearchAction","target":{"@type":"EntryPoint","urlTemplate":"https:\/\/mmkriepas.lv\/en\/?s={search_term_string}"},"query-input":{"@type":"PropertyValueSpecification","valueRequired":true,"valueName":"search_term_string"}}],"inLanguage":"en-US"},{"@type":"ImageObject","inLanguage":"en-US","@id":"https:\/\/mmkriepas.lv\/en\/p\/205-50r16-dynamo-street-h-mh01-87v\/#local-main-organization-logo","url":"","contentUrl":"","caption":"MMK Riepas"}]},"product_brand":"Dynamo Street-H MH01","product_price_amount":"39.00","product_price_currency":"EUR","og_availability":"out of stock","product_availability":"out of stock","product_retailer_item_id":"TS2055016DYNAM-197","product_condition":"new"},"_links":{"self":[{"href":"https:\/\/mmkriepas.lv\/en\/wp-json\/wp\/v2\/product\/217940","targetHints":{"allow":["GET"]}}],"collection":[{"href":"https:\/\/mmkriepas.lv\/en\/wp-json\/wp\/v2\/product"}],"about":[{"href":"https:\/\/mmkriepas.lv\/en\/wp-json\/wp\/v2\/types\/product"}],"wp:featuredmedia":[{"embeddable":true,"href":"https:\/\/mmkriepas.lv\/en\/wp-json\/wp\/v2\/media\/890724"}],"wp:attachment":[{"href":"https:\/\/mmkriepas.lv\/en\/wp-json\/wp\/v2\/media?parent=217940"}],"wp:term":[{"taxonomy":"product_brand","embeddable":true,"href":"https:\/\/mmkriepas.lv\/en\/wp-json\/wp\/v2\/product_brand?post=217940"},{"taxonomy":"product_cat","embeddable":true,"href":"https:\/\/mmkriepas.lv\/en\/wp-json\/wp\/v2\/product_cat?post=217940"},{"taxonomy":"product_tag","embeddable":true,"href":"https:\/\/mmkriepas.lv\/en\/wp-json\/wp\/v2\/product_tag?post=217940"}],"curies":[{"name":"wp","href":"https:\/\/api.w.org\/{rel}","templated":true}]}}