{"id":204287,"date":"2021-10-08T19:03:45","date_gmt":"2021-10-08T16:03:45","guid":{"rendered":"https:\/\/mmkserviss.lv\/?post_type=product&#038;p=204287"},"modified":"2025-03-07T17:24:01","modified_gmt":"2025-03-07T15:24:01","slug":"225-50r17-pirelli-cinturato-winter-2-94h","status":"publish","type":"product","link":"https:\/\/mmkriepas.lv\/en\/p\/225-50r17-pirelli-cinturato-winter-2-94h\/","title":{"rendered":"225\/50R17 Pirelli CINTURATO Winter 2 94H FSL"},"content":{"rendered":"<p><strong>Pirelli CINTURATO Winter 2 <\/strong>ir Premium klases jeb augst\u0101k\u0101s kvalit\u0101tes Centr\u0101leiropas tipa ziemas riepu modelis. Tas izce\u013cas ar izciliem sa\u0137eres, manevr\u0113tsp\u0113jas un komforta r\u0101d\u012bt\u0101jiem pla\u0161\u0101 brauk\u0161anas apst\u0101k\u013cu spektr\u0101. \u0160is riepu modelis sportisk\u0101m luksus klases vieglaj\u0101m automa\u0161\u012bn\u0101m.<\/p>\n<h3>Pirelli CINTURATO Winter 2 galven\u0101s iez\u012bmes<\/h3>\n<p>+ Izcilas kvalit\u0101tes riepu modelis, kas \u012bpa\u0161i paredz\u0113ts sportiska tipa luksus segmenta vieglaj\u0101m automa\u0161\u012bn\u0101m.<\/p>\n<p>+ Teicama sa\u0137ere gan uz sausa, gan slapja asfalta, k\u0101 ar\u012b snieg\u0101.<\/p>\n<p>+ Zems akvaplan\u0113\u0161anas risks pat liel\u0101 brauk\u0161anas \u0101trum\u0101.<\/p>\n<p>+ Jaun\u0101k\u0101s riepu giganta Pirelli tehnolo\u0123ijas.<\/p>\n<p>+ Izteikts akustiskais un brauk\u0161anas gaitas komforts.<\/p>\n<h3>CINTURATO Winter 2 apr\u012bkojums<\/h3>\n<p><strong>Pirelli CINTURATO Winter 2 <\/strong>vissezonas\/ziemas riepas apr\u012bkotas ar uzlabotu virzienveida protektora rakstu. \u0160\u0101ds dizains izv\u0113l\u0113ts, lai uzlabotu riepu veiktsp\u0113ju laikapst\u0101k\u013cos, kur temperat\u016bra bie\u017ei sv\u0101rst\u0101s ap 0\u00b0C.\u00a0<\/p>\n<p>K\u0101 vienu no \u0161\u012b riepu mode\u013ca veiktsp\u0113jas st\u016brakme\u0146iem var min\u0113t palielin\u0101tu lame\u013cu skaitu. T\u0101s visas veidotas p\u0113c 3D lamel\u0113\u0161anas tehnolo\u0123ijas un to kop\u0113jais garums sasniedz 51 metru. T\u0101s, darbojoties l\u012bdz\u012bgi k\u0101 radzes, ar as\u0101m kant\u0113m iec\u0113rtas sabliet\u0113t\u0101 snieg\u0101 un led\u016b, ar slidenaj\u0101m virsm\u0101m veidojot cie\u0161u sa\u0137eri. Turkl\u0101t, iepriek\u0161 min\u0113t\u0101 3D lamel\u0113\u0161anas tehnolo\u0123ija iegriezumiem at\u013cauj izplesties, riepai dilstot. Tas pal\u012bdz saglab\u0101t labas sa\u0137eres \u012bpa\u0161\u012bbas l\u012bdz pat riepas ekspluat\u0101cijas beig\u0101m.<\/p>\n<p>Virzienveida protektors darin\u0101ts no augstv\u0113rt\u012bga kompoz\u012btmateri\u0101la. Gumijas sast\u0101vs veidots p\u0113c jaun\u0101kaj\u0101m tehnolo\u0123ij\u0101m, at\u013caujot tam b\u016bt maksim\u0101li viendab\u012bgam, nodro\u0161inot augst\u0101ku nodilumiztur\u012bbu. Turkl\u0101t, gumijas sast\u0101vam pievienotie elastrom\u0113ri \u013cauj riepai saglab\u0101t elast\u012bbu pat \u013coti zem\u0101s temperat\u016br\u0101s. K\u0101 zin\u0101ms, elast\u012bga riepa daudz lab\u0101k veido sa\u0137eri ar ce\u013cu, k\u0101 ar\u012b dilst vienm\u0113r\u012bg\u0101k.\u00a0<\/p>\n","protected":false},"excerpt":{"rendered":"<p style=\"margin: 12.0pt 0cm 12.0pt 0cm;\"><b><span style=\"font-size: 11.0pt; font-family: 'Arial',sans-serif; color: black;\">Pirelli CINTURATO Winter 2 <\/span><\/b><span style=\"white-space: pre-wrap;\"><span style=\"font-size: 11.0pt; font-family: 'Arial',sans-serif; color: black;\">ir Premium klases jeb augst\u0101k\u0101s kvalit\u0101tes Centr\u0101leiropas tipa ziemas riepu modelis. Tas izce\u013cas ar izciliem sa\u0137eres, manevr\u0113tsp\u0113jas un komforta r\u0101d\u012bt\u0101jiem pla\u0161\u0101 brauk\u0161anas apst\u0101k\u013cu spektr\u0101. \u0160is riepu modelis sportisk\u0101m luksus klases vieglaj\u0101m automa\u0161\u012bn\u0101m.<\/span><\/span><o:p><\/o:p><\/p>\n","protected":false},"featured_media":311353,"template":"","meta":{"_acf_changed":false,"ngg_post_thumbnail":0},"product_brand":[],"product_cat":[47,45],"product_tag":[22820],"class_list":{"0":"post-204287","1":"product","2":"type-product","3":"status-publish","4":"has-post-thumbnail","6":"product_cat-vissezonas-riepas","7":"product_cat-ziemas-riepas","8":"product_tag-64636efdd2e27","10":"first","11":"outofstock","12":"sale","13":"taxable","14":"shipping-taxable","15":"product-type-simple"},"acf":[],"yoast_head":"<!-- This site is optimized with the Yoast SEO Premium plugin v22.6 (Yoast SEO v27.3) - https:\/\/yoast.com\/product\/yoast-seo-premium-wordpress\/ -->\n<title>225\/50R17 Pirelli CINTURATO Winter 2 94H FSL &#8226; MMK Riepas<\/title>\n<meta name=\"robots\" content=\"index, follow, max-snippet:-1, max-image-preview:large, max-video-preview:-1\" \/>\n<link rel=\"canonical\" href=\"https:\/\/mmkriepas.lv\/en\/p\/225-50r17-pirelli-cinturato-winter-2-94h\/\" \/>\n<meta property=\"og:locale\" content=\"en_US\" \/>\n<meta property=\"og:type\" content=\"article\" \/>\n<meta property=\"og:title\" content=\"225\/50R17 Pirelli CINTURATO Winter 2 94H FSL\" \/>\n<meta property=\"og:description\" content=\"Pirelli CINTURATO Winter 2 ir Premium klases jeb augst\u0101k\u0101s kvalit\u0101tes Centr\u0101leiropas tipa ziemas riepu modelis. Tas izce\u013cas ar izciliem sa\u0137eres, manevr\u0113tsp\u0113jas un komforta r\u0101d\u012bt\u0101jiem pla\u0161\u0101 brauk\u0161anas apst\u0101k\u013cu spektr\u0101. \u0160is riepu modelis sportisk\u0101m luksus klases vieglaj\u0101m automa\u0161\u012bn\u0101m.\" \/>\n<meta property=\"og:url\" content=\"https:\/\/mmkriepas.lv\/en\/p\/225-50r17-pirelli-cinturato-winter-2-94h\/\" \/>\n<meta property=\"og:site_name\" content=\"MMK Riepas\" \/>\n<meta property=\"article:publisher\" content=\"https:\/\/www.facebook.com\/mmkserviss\/\" \/>\n<meta property=\"article:modified_time\" content=\"2025-03-07T15:24:01+00:00\" \/>\n<meta property=\"og:image\" content=\"https:\/\/mmkriepas.lv\/wp-content\/uploads\/2022\/09\/23555r17-pirelli-cinturato-winter-2-103v-xl-ziemas-riepas.jpg\" \/>\n\t<meta property=\"og:image:width\" content=\"1920\" \/>\n\t<meta property=\"og:image:height\" content=\"1277\" \/>\n\t<meta property=\"og:image:type\" content=\"image\/jpeg\" \/>\n<meta name=\"twitter:card\" content=\"summary_large_image\" \/>\n<meta name=\"twitter:label1\" content=\"Price\" \/>\n\t<meta name=\"twitter:data1\" content=\"&euro;133.00\" \/>\n\t<meta name=\"twitter:label2\" content=\"Availability\" \/>\n\t<meta name=\"twitter:data2\" content=\"Out of stock\" \/>\n<script type=\"application\/ld+json\" class=\"yoast-schema-graph\">{\"@context\":\"https:\\\/\\\/schema.org\",\"@graph\":[{\"@type\":\"WebPage\",\"@id\":\"https:\\\/\\\/mmkriepas.lv\\\/en\\\/p\\\/225-50r17-pirelli-cinturato-winter-2-94h\\\/\",\"url\":\"https:\\\/\\\/mmkriepas.lv\\\/en\\\/p\\\/225-50r17-pirelli-cinturato-winter-2-94h\\\/\",\"name\":\"225\\\/50R17 Pirelli CINTURATO Winter 2 94H FSL &#8226; MMK Riepas\",\"isPartOf\":{\"@id\":\"https:\\\/\\\/mmkriepas.lv\\\/en\\\/#website\"},\"primaryImageOfPage\":{\"@id\":\"https:\\\/\\\/mmkriepas.lv\\\/en\\\/p\\\/225-50r17-pirelli-cinturato-winter-2-94h\\\/#primaryimage\"},\"image\":{\"@id\":\"https:\\\/\\\/mmkriepas.lv\\\/en\\\/p\\\/225-50r17-pirelli-cinturato-winter-2-94h\\\/#primaryimage\"},\"thumbnailUrl\":\"https:\\\/\\\/mmkriepas.lv\\\/wp-content\\\/uploads\\\/2022\\\/09\\\/23555r17-pirelli-cinturato-winter-2-103v-xl-ziemas-riepas.jpg\",\"datePublished\":\"2021-10-08T16:03:45+00:00\",\"dateModified\":\"2025-03-07T15:24:01+00:00\",\"breadcrumb\":{\"@id\":\"https:\\\/\\\/mmkriepas.lv\\\/en\\\/p\\\/225-50r17-pirelli-cinturato-winter-2-94h\\\/#breadcrumb\"},\"inLanguage\":\"en-US\",\"potentialAction\":[{\"@type\":\"ReadAction\",\"target\":[\"https:\\\/\\\/mmkriepas.lv\\\/en\\\/p\\\/225-50r17-pirelli-cinturato-winter-2-94h\\\/\"]}]},{\"@type\":\"ImageObject\",\"inLanguage\":\"en-US\",\"@id\":\"https:\\\/\\\/mmkriepas.lv\\\/en\\\/p\\\/225-50r17-pirelli-cinturato-winter-2-94h\\\/#primaryimage\",\"url\":\"https:\\\/\\\/mmkriepas.lv\\\/wp-content\\\/uploads\\\/2022\\\/09\\\/23555r17-pirelli-cinturato-winter-2-103v-xl-ziemas-riepas.jpg\",\"contentUrl\":\"https:\\\/\\\/mmkriepas.lv\\\/wp-content\\\/uploads\\\/2022\\\/09\\\/23555r17-pirelli-cinturato-winter-2-103v-xl-ziemas-riepas.jpg\",\"width\":1920,\"height\":1277,\"caption\":\"MAIN\"},{\"@type\":\"BreadcrumbList\",\"@id\":\"https:\\\/\\\/mmkriepas.lv\\\/en\\\/p\\\/225-50r17-pirelli-cinturato-winter-2-94h\\\/#breadcrumb\",\"itemListElement\":[{\"@type\":\"ListItem\",\"position\":1,\"name\":\"S\u0101kums\",\"item\":\"https:\\\/\\\/mmkriepas.lv\\\/en\\\/\"},{\"@type\":\"ListItem\",\"position\":2,\"name\":\"225\\\/50R17 Pirelli CINTURATO Winter 2 94H FSL\"}]},{\"@type\":\"WebSite\",\"@id\":\"https:\\\/\\\/mmkriepas.lv\\\/en\\\/#website\",\"url\":\"https:\\\/\\\/mmkriepas.lv\\\/en\\\/\",\"name\":\"MMK Riepas\",\"description\":\"MMK Riepas\",\"alternateName\":\"MMK Riepu Serviss\",\"potentialAction\":[{\"@type\":\"SearchAction\",\"target\":{\"@type\":\"EntryPoint\",\"urlTemplate\":\"https:\\\/\\\/mmkriepas.lv\\\/en\\\/?s={search_term_string}\"},\"query-input\":{\"@type\":\"PropertyValueSpecification\",\"valueRequired\":true,\"valueName\":\"search_term_string\"}}],\"inLanguage\":\"en-US\"},{\"@type\":\"ImageObject\",\"inLanguage\":\"en-US\",\"@id\":\"https:\\\/\\\/mmkriepas.lv\\\/en\\\/p\\\/225-50r17-pirelli-cinturato-winter-2-94h\\\/#local-main-organization-logo\",\"url\":\"\",\"contentUrl\":\"\",\"caption\":\"MMK Riepas\"}]}<\/script>\n<meta property=\"product:brand\" content=\"Pirelli CINTURATO Winter 2\" \/>\n<meta property=\"product:price:amount\" content=\"133.00\" \/>\n<meta property=\"product:price:currency\" content=\"EUR\" \/>\n<meta property=\"og:availability\" content=\"out of stock\" \/>\n<meta property=\"product:availability\" content=\"out of stock\" \/>\n<meta property=\"product:retailer_item_id\" content=\"TW2255017PIREL-1746\" \/>\n<meta property=\"product:condition\" content=\"new\" \/>\n<!-- \/ Yoast SEO Premium plugin. -->","yoast_head_json":{"title":"225\/50R17 Pirelli CINTURATO Winter 2 94H FSL &#8226; MMK Riepas","robots":{"index":"index","follow":"follow","max-snippet":"max-snippet:-1","max-image-preview":"max-image-preview:large","max-video-preview":"max-video-preview:-1"},"canonical":"https:\/\/mmkriepas.lv\/en\/p\/225-50r17-pirelli-cinturato-winter-2-94h\/","og_locale":"en_US","og_type":"article","og_title":"225\/50R17 Pirelli CINTURATO Winter 2 94H FSL","og_description":"Pirelli CINTURATO Winter 2 ir Premium klases jeb augst\u0101k\u0101s kvalit\u0101tes Centr\u0101leiropas tipa ziemas riepu modelis. Tas izce\u013cas ar izciliem sa\u0137eres, manevr\u0113tsp\u0113jas un komforta r\u0101d\u012bt\u0101jiem pla\u0161\u0101 brauk\u0161anas apst\u0101k\u013cu spektr\u0101. \u0160is riepu modelis sportisk\u0101m luksus klases vieglaj\u0101m automa\u0161\u012bn\u0101m.","og_url":"https:\/\/mmkriepas.lv\/en\/p\/225-50r17-pirelli-cinturato-winter-2-94h\/","og_site_name":"MMK Riepas","article_publisher":"https:\/\/www.facebook.com\/mmkserviss\/","article_modified_time":"2025-03-07T15:24:01+00:00","og_image":[{"width":1920,"height":1277,"url":"https:\/\/mmkriepas.lv\/wp-content\/uploads\/2022\/09\/23555r17-pirelli-cinturato-winter-2-103v-xl-ziemas-riepas.jpg","type":"image\/jpeg"}],"twitter_card":"summary_large_image","twitter_misc":{"Price":"&euro;133.00","Availability":"Out of stock"},"schema":{"@context":"https:\/\/schema.org","@graph":[{"@type":"WebPage","@id":"https:\/\/mmkriepas.lv\/en\/p\/225-50r17-pirelli-cinturato-winter-2-94h\/","url":"https:\/\/mmkriepas.lv\/en\/p\/225-50r17-pirelli-cinturato-winter-2-94h\/","name":"225\/50R17 Pirelli CINTURATO Winter 2 94H FSL &#8226; MMK Riepas","isPartOf":{"@id":"https:\/\/mmkriepas.lv\/en\/#website"},"primaryImageOfPage":{"@id":"https:\/\/mmkriepas.lv\/en\/p\/225-50r17-pirelli-cinturato-winter-2-94h\/#primaryimage"},"image":{"@id":"https:\/\/mmkriepas.lv\/en\/p\/225-50r17-pirelli-cinturato-winter-2-94h\/#primaryimage"},"thumbnailUrl":"https:\/\/mmkriepas.lv\/wp-content\/uploads\/2022\/09\/23555r17-pirelli-cinturato-winter-2-103v-xl-ziemas-riepas.jpg","datePublished":"2021-10-08T16:03:45+00:00","dateModified":"2025-03-07T15:24:01+00:00","breadcrumb":{"@id":"https:\/\/mmkriepas.lv\/en\/p\/225-50r17-pirelli-cinturato-winter-2-94h\/#breadcrumb"},"inLanguage":"en-US","potentialAction":[{"@type":"ReadAction","target":["https:\/\/mmkriepas.lv\/en\/p\/225-50r17-pirelli-cinturato-winter-2-94h\/"]}]},{"@type":"ImageObject","inLanguage":"en-US","@id":"https:\/\/mmkriepas.lv\/en\/p\/225-50r17-pirelli-cinturato-winter-2-94h\/#primaryimage","url":"https:\/\/mmkriepas.lv\/wp-content\/uploads\/2022\/09\/23555r17-pirelli-cinturato-winter-2-103v-xl-ziemas-riepas.jpg","contentUrl":"https:\/\/mmkriepas.lv\/wp-content\/uploads\/2022\/09\/23555r17-pirelli-cinturato-winter-2-103v-xl-ziemas-riepas.jpg","width":1920,"height":1277,"caption":"MAIN"},{"@type":"BreadcrumbList","@id":"https:\/\/mmkriepas.lv\/en\/p\/225-50r17-pirelli-cinturato-winter-2-94h\/#breadcrumb","itemListElement":[{"@type":"ListItem","position":1,"name":"S\u0101kums","item":"https:\/\/mmkriepas.lv\/en\/"},{"@type":"ListItem","position":2,"name":"225\/50R17 Pirelli CINTURATO Winter 2 94H FSL"}]},{"@type":"WebSite","@id":"https:\/\/mmkriepas.lv\/en\/#website","url":"https:\/\/mmkriepas.lv\/en\/","name":"MMK Riepas","description":"MMK Riepas","alternateName":"MMK Riepu Serviss","potentialAction":[{"@type":"SearchAction","target":{"@type":"EntryPoint","urlTemplate":"https:\/\/mmkriepas.lv\/en\/?s={search_term_string}"},"query-input":{"@type":"PropertyValueSpecification","valueRequired":true,"valueName":"search_term_string"}}],"inLanguage":"en-US"},{"@type":"ImageObject","inLanguage":"en-US","@id":"https:\/\/mmkriepas.lv\/en\/p\/225-50r17-pirelli-cinturato-winter-2-94h\/#local-main-organization-logo","url":"","contentUrl":"","caption":"MMK Riepas"}]},"product_brand":"Pirelli CINTURATO Winter 2","product_price_amount":"133.00","product_price_currency":"EUR","og_availability":"out of stock","product_availability":"out of stock","product_retailer_item_id":"TW2255017PIREL-1746","product_condition":"new"},"_links":{"self":[{"href":"https:\/\/mmkriepas.lv\/en\/wp-json\/wp\/v2\/product\/204287","targetHints":{"allow":["GET"]}}],"collection":[{"href":"https:\/\/mmkriepas.lv\/en\/wp-json\/wp\/v2\/product"}],"about":[{"href":"https:\/\/mmkriepas.lv\/en\/wp-json\/wp\/v2\/types\/product"}],"wp:featuredmedia":[{"embeddable":true,"href":"https:\/\/mmkriepas.lv\/en\/wp-json\/wp\/v2\/media\/311353"}],"wp:attachment":[{"href":"https:\/\/mmkriepas.lv\/en\/wp-json\/wp\/v2\/media?parent=204287"}],"wp:term":[{"taxonomy":"product_brand","embeddable":true,"href":"https:\/\/mmkriepas.lv\/en\/wp-json\/wp\/v2\/product_brand?post=204287"},{"taxonomy":"product_cat","embeddable":true,"href":"https:\/\/mmkriepas.lv\/en\/wp-json\/wp\/v2\/product_cat?post=204287"},{"taxonomy":"product_tag","embeddable":true,"href":"https:\/\/mmkriepas.lv\/en\/wp-json\/wp\/v2\/product_tag?post=204287"}],"curies":[{"name":"wp","href":"https:\/\/api.w.org\/{rel}","templated":true}]}}