{"id":202245,"date":"2021-10-01T12:35:46","date_gmt":"2021-10-01T09:35:46","guid":{"rendered":"https:\/\/mmkserviss.lv\/?post_type=product&#038;p=202245"},"modified":"2025-03-07T17:08:20","modified_gmt":"2025-03-07T15:08:20","slug":"185-65r15-collins-winter-extrema-88t","status":"publish","type":"product","link":"https:\/\/mmkriepas.lv\/en\/p\/185-65r15-collins-winter-extrema-88t\/","title":{"rendered":"185\/65R15 Collins Winter Extrema 88T"},"content":{"rendered":"<h3><span>Atjaunotas M+S \/ ziemas riepas Collins<\/span><\/h3>\n<p><span>Atjaunotas M+S\/ ziemes riepas.<\/span> <span>Riepas ar virzienveida protektora rakstu labi piem\u0113rotas brauk\u0161anai pa da\u017e\u0101diem ce\u013ca segumiem. <strong><span style=\"color: #ff0000;\">Riepas pieejamas ar radz\u0113m gan bez t\u0101m!<\/span><\/strong><\/span><a href=\"https:\/\/www.ss.com\/msg\/lv\/transport\/spare-parts\/trunks-wheels\/r16\/bfxofm.html?0.295090277454511\"><\/a><\/p>\n<p><strong>Riepu \u012bpa\u0161\u012bbas:<\/strong><\/p>\n<p>+ sal\u012bdzino\u0161i zems degvielas pat\u0113ri\u0146\u0161<\/p>\n<p>+ augsta triecieniztur\u012bba\u00a0<\/p>\n<p>+ Labas vad\u0101m\u012bbas \u012bpa\u0161\u012bbas uz\u00a0 grunts un zemes ce\u013ciem Kvalitat\u012bvi atjaunotas ziemas\/M+S riepas. Ra\u017eotas eirop\u0101.<\/p>\n","protected":false},"excerpt":{"rendered":"<p><span>Atjaunotas M+S\/ ziemes riepas.<\/span> <span>Riepas ar virzienveida protektora rakstu labi piem\u0113rotas brauk\u0161anai pa da\u017e\u0101diem ce\u013ca segumiem. <strong><span style=\"color: #ff0000;\">Riepas pieejamas ar radz\u0113m gan bez t\u0101m!<\/span><\/strong><\/span><\/p>\n","protected":false},"featured_media":202236,"template":"","meta":{"_acf_changed":false,"ngg_post_thumbnail":0},"product_brand":[],"product_cat":[47,45],"product_tag":[19634],"class_list":{"0":"post-202245","1":"product","2":"type-product","3":"status-publish","4":"has-post-thumbnail","6":"product_cat-vissezonas-riepas","7":"product_cat-ziemas-riepas","8":"product_tag-mmk","10":"first","11":"outofstock","12":"sale","13":"taxable","14":"shipping-taxable","15":"product-type-simple"},"acf":[],"yoast_head":"<!-- This site is optimized with the Yoast SEO Premium plugin v22.6 (Yoast SEO v27.3) - https:\/\/yoast.com\/product\/yoast-seo-premium-wordpress\/ -->\n<title>185\/65R15 Collins Winter Extrema 88T &#8226; MMK Riepas<\/title>\n<meta name=\"robots\" content=\"index, follow, max-snippet:-1, max-image-preview:large, max-video-preview:-1\" \/>\n<link rel=\"canonical\" href=\"https:\/\/mmkriepas.lv\/en\/p\/185-65r15-collins-winter-extrema-88t\/\" \/>\n<meta property=\"og:locale\" content=\"en_US\" \/>\n<meta property=\"og:type\" content=\"article\" \/>\n<meta property=\"og:title\" content=\"185\/65R15 Collins Winter Extrema 88T\" \/>\n<meta property=\"og:description\" content=\"Atjaunotas M+S\/ ziemes riepas. Riepas ar virzienveida protektora rakstu labi piem\u0113rotas brauk\u0161anai pa da\u017e\u0101diem ce\u013ca segumiem. Riepas pieejamas ar radz\u0113m gan bez t\u0101m!\" \/>\n<meta property=\"og:url\" content=\"https:\/\/mmkriepas.lv\/en\/p\/185-65r15-collins-winter-extrema-88t\/\" \/>\n<meta property=\"og:site_name\" content=\"MMK Riepas\" \/>\n<meta property=\"article:publisher\" content=\"https:\/\/www.facebook.com\/mmkserviss\/\" \/>\n<meta property=\"article:modified_time\" content=\"2025-03-07T15:08:20+00:00\" \/>\n<meta property=\"og:image\" content=\"https:\/\/mmkriepas.lv\/wp-content\/uploads\/2021\/10\/17565r14-collins-winter-extrema-82t-ziemas-riepas.jpg\" \/>\n\t<meta property=\"og:image:width\" content=\"1920\" \/>\n\t<meta property=\"og:image:height\" content=\"1522\" \/>\n\t<meta property=\"og:image:type\" content=\"image\/jpeg\" \/>\n<meta name=\"twitter:card\" content=\"summary_large_image\" \/>\n<meta name=\"twitter:label1\" content=\"Price\" \/>\n\t<meta name=\"twitter:data1\" content=\"&euro;35.00\" \/>\n\t<meta name=\"twitter:label2\" content=\"Availability\" \/>\n\t<meta name=\"twitter:data2\" content=\"Out of stock\" \/>\n<script type=\"application\/ld+json\" class=\"yoast-schema-graph\">{\"@context\":\"https:\\\/\\\/schema.org\",\"@graph\":[{\"@type\":\"WebPage\",\"@id\":\"https:\\\/\\\/mmkriepas.lv\\\/en\\\/p\\\/185-65r15-collins-winter-extrema-88t\\\/\",\"url\":\"https:\\\/\\\/mmkriepas.lv\\\/en\\\/p\\\/185-65r15-collins-winter-extrema-88t\\\/\",\"name\":\"185\\\/65R15 Collins Winter Extrema 88T &#8226; MMK Riepas\",\"isPartOf\":{\"@id\":\"https:\\\/\\\/mmkriepas.lv\\\/en\\\/#website\"},\"primaryImageOfPage\":{\"@id\":\"https:\\\/\\\/mmkriepas.lv\\\/en\\\/p\\\/185-65r15-collins-winter-extrema-88t\\\/#primaryimage\"},\"image\":{\"@id\":\"https:\\\/\\\/mmkriepas.lv\\\/en\\\/p\\\/185-65r15-collins-winter-extrema-88t\\\/#primaryimage\"},\"thumbnailUrl\":\"https:\\\/\\\/mmkriepas.lv\\\/wp-content\\\/uploads\\\/2021\\\/10\\\/17565r14-collins-winter-extrema-82t-ziemas-riepas.jpg\",\"datePublished\":\"2021-10-01T09:35:46+00:00\",\"dateModified\":\"2025-03-07T15:08:20+00:00\",\"breadcrumb\":{\"@id\":\"https:\\\/\\\/mmkriepas.lv\\\/en\\\/p\\\/185-65r15-collins-winter-extrema-88t\\\/#breadcrumb\"},\"inLanguage\":\"en-US\",\"potentialAction\":[{\"@type\":\"ReadAction\",\"target\":[\"https:\\\/\\\/mmkriepas.lv\\\/en\\\/p\\\/185-65r15-collins-winter-extrema-88t\\\/\"]}]},{\"@type\":\"ImageObject\",\"inLanguage\":\"en-US\",\"@id\":\"https:\\\/\\\/mmkriepas.lv\\\/en\\\/p\\\/185-65r15-collins-winter-extrema-88t\\\/#primaryimage\",\"url\":\"https:\\\/\\\/mmkriepas.lv\\\/wp-content\\\/uploads\\\/2021\\\/10\\\/17565r14-collins-winter-extrema-82t-ziemas-riepas.jpg\",\"contentUrl\":\"https:\\\/\\\/mmkriepas.lv\\\/wp-content\\\/uploads\\\/2021\\\/10\\\/17565r14-collins-winter-extrema-82t-ziemas-riepas.jpg\",\"width\":1920,\"height\":1522,\"caption\":\"Colins winter extrema1\"},{\"@type\":\"BreadcrumbList\",\"@id\":\"https:\\\/\\\/mmkriepas.lv\\\/en\\\/p\\\/185-65r15-collins-winter-extrema-88t\\\/#breadcrumb\",\"itemListElement\":[{\"@type\":\"ListItem\",\"position\":1,\"name\":\"S\u0101kums\",\"item\":\"https:\\\/\\\/mmkriepas.lv\\\/en\\\/\"},{\"@type\":\"ListItem\",\"position\":2,\"name\":\"185\\\/65R15 Collins Winter Extrema 88T\"}]},{\"@type\":\"WebSite\",\"@id\":\"https:\\\/\\\/mmkriepas.lv\\\/en\\\/#website\",\"url\":\"https:\\\/\\\/mmkriepas.lv\\\/en\\\/\",\"name\":\"MMK Riepas\",\"description\":\"MMK Riepas\",\"alternateName\":\"MMK Riepu Serviss\",\"potentialAction\":[{\"@type\":\"SearchAction\",\"target\":{\"@type\":\"EntryPoint\",\"urlTemplate\":\"https:\\\/\\\/mmkriepas.lv\\\/en\\\/?s={search_term_string}\"},\"query-input\":{\"@type\":\"PropertyValueSpecification\",\"valueRequired\":true,\"valueName\":\"search_term_string\"}}],\"inLanguage\":\"en-US\"},{\"@type\":\"ImageObject\",\"inLanguage\":\"en-US\",\"@id\":\"https:\\\/\\\/mmkriepas.lv\\\/en\\\/p\\\/185-65r15-collins-winter-extrema-88t\\\/#local-main-organization-logo\",\"url\":\"\",\"contentUrl\":\"\",\"caption\":\"MMK Riepas\"}]}<\/script>\n<meta property=\"product:brand\" content=\"Collins Winter Extrema\" \/>\n<meta property=\"product:price:amount\" content=\"35.00\" \/>\n<meta property=\"product:price:currency\" content=\"EUR\" \/>\n<meta property=\"og:availability\" content=\"out of stock\" \/>\n<meta property=\"product:availability\" content=\"out of stock\" \/>\n<meta property=\"product:retailer_item_id\" content=\"TW1856515COLLI-1165\" \/>\n<meta property=\"product:condition\" content=\"new\" \/>\n<!-- \/ Yoast SEO Premium plugin. -->","yoast_head_json":{"title":"185\/65R15 Collins Winter Extrema 88T &#8226; MMK Riepas","robots":{"index":"index","follow":"follow","max-snippet":"max-snippet:-1","max-image-preview":"max-image-preview:large","max-video-preview":"max-video-preview:-1"},"canonical":"https:\/\/mmkriepas.lv\/en\/p\/185-65r15-collins-winter-extrema-88t\/","og_locale":"en_US","og_type":"article","og_title":"185\/65R15 Collins Winter Extrema 88T","og_description":"Atjaunotas M+S\/ ziemes riepas. Riepas ar virzienveida protektora rakstu labi piem\u0113rotas brauk\u0161anai pa da\u017e\u0101diem ce\u013ca segumiem. Riepas pieejamas ar radz\u0113m gan bez t\u0101m!","og_url":"https:\/\/mmkriepas.lv\/en\/p\/185-65r15-collins-winter-extrema-88t\/","og_site_name":"MMK Riepas","article_publisher":"https:\/\/www.facebook.com\/mmkserviss\/","article_modified_time":"2025-03-07T15:08:20+00:00","og_image":[{"width":1920,"height":1522,"url":"https:\/\/mmkriepas.lv\/wp-content\/uploads\/2021\/10\/17565r14-collins-winter-extrema-82t-ziemas-riepas.jpg","type":"image\/jpeg"}],"twitter_card":"summary_large_image","twitter_misc":{"Price":"&euro;35.00","Availability":"Out of stock"},"schema":{"@context":"https:\/\/schema.org","@graph":[{"@type":"WebPage","@id":"https:\/\/mmkriepas.lv\/en\/p\/185-65r15-collins-winter-extrema-88t\/","url":"https:\/\/mmkriepas.lv\/en\/p\/185-65r15-collins-winter-extrema-88t\/","name":"185\/65R15 Collins Winter Extrema 88T &#8226; MMK Riepas","isPartOf":{"@id":"https:\/\/mmkriepas.lv\/en\/#website"},"primaryImageOfPage":{"@id":"https:\/\/mmkriepas.lv\/en\/p\/185-65r15-collins-winter-extrema-88t\/#primaryimage"},"image":{"@id":"https:\/\/mmkriepas.lv\/en\/p\/185-65r15-collins-winter-extrema-88t\/#primaryimage"},"thumbnailUrl":"https:\/\/mmkriepas.lv\/wp-content\/uploads\/2021\/10\/17565r14-collins-winter-extrema-82t-ziemas-riepas.jpg","datePublished":"2021-10-01T09:35:46+00:00","dateModified":"2025-03-07T15:08:20+00:00","breadcrumb":{"@id":"https:\/\/mmkriepas.lv\/en\/p\/185-65r15-collins-winter-extrema-88t\/#breadcrumb"},"inLanguage":"en-US","potentialAction":[{"@type":"ReadAction","target":["https:\/\/mmkriepas.lv\/en\/p\/185-65r15-collins-winter-extrema-88t\/"]}]},{"@type":"ImageObject","inLanguage":"en-US","@id":"https:\/\/mmkriepas.lv\/en\/p\/185-65r15-collins-winter-extrema-88t\/#primaryimage","url":"https:\/\/mmkriepas.lv\/wp-content\/uploads\/2021\/10\/17565r14-collins-winter-extrema-82t-ziemas-riepas.jpg","contentUrl":"https:\/\/mmkriepas.lv\/wp-content\/uploads\/2021\/10\/17565r14-collins-winter-extrema-82t-ziemas-riepas.jpg","width":1920,"height":1522,"caption":"Colins winter extrema1"},{"@type":"BreadcrumbList","@id":"https:\/\/mmkriepas.lv\/en\/p\/185-65r15-collins-winter-extrema-88t\/#breadcrumb","itemListElement":[{"@type":"ListItem","position":1,"name":"S\u0101kums","item":"https:\/\/mmkriepas.lv\/en\/"},{"@type":"ListItem","position":2,"name":"185\/65R15 Collins Winter Extrema 88T"}]},{"@type":"WebSite","@id":"https:\/\/mmkriepas.lv\/en\/#website","url":"https:\/\/mmkriepas.lv\/en\/","name":"MMK Riepas","description":"MMK Riepas","alternateName":"MMK Riepu Serviss","potentialAction":[{"@type":"SearchAction","target":{"@type":"EntryPoint","urlTemplate":"https:\/\/mmkriepas.lv\/en\/?s={search_term_string}"},"query-input":{"@type":"PropertyValueSpecification","valueRequired":true,"valueName":"search_term_string"}}],"inLanguage":"en-US"},{"@type":"ImageObject","inLanguage":"en-US","@id":"https:\/\/mmkriepas.lv\/en\/p\/185-65r15-collins-winter-extrema-88t\/#local-main-organization-logo","url":"","contentUrl":"","caption":"MMK Riepas"}]},"product_brand":"Collins Winter Extrema","product_price_amount":"35.00","product_price_currency":"EUR","og_availability":"out of stock","product_availability":"out of stock","product_retailer_item_id":"TW1856515COLLI-1165","product_condition":"new"},"_links":{"self":[{"href":"https:\/\/mmkriepas.lv\/en\/wp-json\/wp\/v2\/product\/202245","targetHints":{"allow":["GET"]}}],"collection":[{"href":"https:\/\/mmkriepas.lv\/en\/wp-json\/wp\/v2\/product"}],"about":[{"href":"https:\/\/mmkriepas.lv\/en\/wp-json\/wp\/v2\/types\/product"}],"wp:featuredmedia":[{"embeddable":true,"href":"https:\/\/mmkriepas.lv\/en\/wp-json\/wp\/v2\/media\/202236"}],"wp:attachment":[{"href":"https:\/\/mmkriepas.lv\/en\/wp-json\/wp\/v2\/media?parent=202245"}],"wp:term":[{"taxonomy":"product_brand","embeddable":true,"href":"https:\/\/mmkriepas.lv\/en\/wp-json\/wp\/v2\/product_brand?post=202245"},{"taxonomy":"product_cat","embeddable":true,"href":"https:\/\/mmkriepas.lv\/en\/wp-json\/wp\/v2\/product_cat?post=202245"},{"taxonomy":"product_tag","embeddable":true,"href":"https:\/\/mmkriepas.lv\/en\/wp-json\/wp\/v2\/product_tag?post=202245"}],"curies":[{"name":"wp","href":"https:\/\/api.w.org\/{rel}","templated":true}]}}