{"id":201157,"date":"2021-09-25T13:08:02","date_gmt":"2021-09-25T10:08:02","guid":{"rendered":"https:\/\/mmkserviss.lv\/?post_type=product&#038;p=201157"},"modified":"2022-11-09T12:31:28","modified_gmt":"2022-11-09T10:31:28","slug":"175-70r13-kama-euro-519-82t","status":"publish","type":"product","link":"https:\/\/mmkriepas.lv\/en\/p\/175-70r13-kama-euro-519-82t\/","title":{"rendered":"175\/70R13 Kama Euro 519 82T"},"content":{"rendered":"<p><strong>Kama Euro 519<\/strong> &#8211; ziemas riepu modelis ar izteikti agres\u012bvu skujveida virziena protektoru, \u013coti m\u012bkstu gumijas sast\u0101vu, dzi\u013c\u0101m lamil\u0113m, pla\u0161iem protektora kan\u0101liem, kas rad\u012bts bargiem ziemas apst\u0101k\u013ciem, k\u0101rt\u012bgam sniegam, ledum utt. \u013boti labi turas uz sausa, slapja sniega utt. \u013boti laba caurejam\u012bba dzi\u013ca sniega, dub\u013cu apst\u0101k\u013cos. Sarad\u017eotas ar kvalitat\u012bv\u0101m radz\u0113m, \u0161\u012bs riepas ir \u013coti veiktsp\u0113j\u012bgas ar\u012b uz slapja ledus. Ne slikt\u0101kas k\u0101 d\u0101rg\u0101s jeb premium klases riepas. \u0160\u012bs riepas pieejamas gan ar radz\u0113m, gan bez t\u0101m!<\/p>\n<p><strong>Kama Euro 519 riepu raksturojums:<\/strong><\/p>\n<p>+ augstas kvalit\u0101tes gumijas sast\u0101vs, m\u012bkstas (Skandin\u0101vijas tipa riepas),<\/p>\n<p>+ augsta triecieniztur\u012bba, kvalitat\u012bva riepas bortu uzb\u016bve,<\/p>\n<p>\u00a0+ rad\u017eojamas riepas (rekomend\u0113jam, \u012bpa\u0161i, ja daudz brauc \u0101rpus pils\u0113tas),<\/p>\n<p>+ \u013coti labas vad\u0101m\u012bbas sp\u0113jas da\u017e\u0101dos laika apst\u0101k\u013cos (ja rad\u017eots, tad ide\u0101li turas braucot ar\u012b pa ledu un slapju ledu, kur bezrad\u017eu riepas krietni atpaliek),<\/p>\n<p>+ izteikta protektora da\u013cas s\u0101nu kante ar lamil\u0113m,<\/p>\n<p><strong>Kama Euro 519<\/strong> &#8211; riepas piem\u0113rotas bargiem ziemas apst\u0101k\u013ciem. Izteikti ziem\u012bgs un veiksm\u012bgs riepu modelis. Rekomend\u0113jam sarad\u017eot. B\u016bs nedaudz ska\u013c\u0101kas riepas k\u0101 nerad\u017eotas, bet toties \u013coti dro\u0161as. Riepu v\u0113rt\u012bba augst\u0101ka par cenu.<\/p>\n","protected":false},"excerpt":{"rendered":"<p><strong>Kama Euro 519<\/strong> &#8211; ziemas riepu modelis ar izteikti agres\u012bvu skujveida virziena protektoru, \u013coti m\u012bkstu gumijas sast\u0101vu, dzi\u013c\u0101m lamil\u0113m, pla\u0161iem protektora kan\u0101liem, kas rad\u012bts bargiem ziemas apst\u0101k\u013ciem, k\u0101rt\u012bgam sniegam, ledum utt. \u013boti labi turas uz sausa, slapja sniega utt. \u013boti laba caurejam\u012bba dzi\u013ca sniega, dub\u013cu apst\u0101k\u013cos. Sarad\u017eotas ar kvalitat\u012bv\u0101m radz\u0113m, \u0161\u012bs riepas ir \u013coti veiktsp\u0113j\u012bgas ar\u012b uz slapja ledus. Ne slikt\u0101kas k\u0101 d\u0101rg\u0101s jeb premium klases riepas. \u0160\u012bs riepas pieejamas gan ar radz\u0113m, gan bez t\u0101m!<\/p>\n","protected":false},"featured_media":201160,"template":"","meta":{"_acf_changed":false,"ngg_post_thumbnail":0},"product_brand":[],"product_cat":[47,45],"product_tag":[],"class_list":{"0":"post-201157","1":"product","2":"type-product","3":"status-publish","4":"has-post-thumbnail","6":"product_cat-vissezonas-riepas","7":"product_cat-ziemas-riepas","9":"first","10":"instock","11":"sale","12":"taxable","13":"shipping-taxable","14":"product-type-simple"},"acf":[],"yoast_head":"<!-- This site is optimized with the Yoast SEO Premium plugin v22.6 (Yoast SEO v27.3) - https:\/\/yoast.com\/product\/yoast-seo-premium-wordpress\/ -->\n<title>175\/70R13 Kama Euro 519 82T &#8226; MMK Riepas<\/title>\n<meta name=\"robots\" content=\"index, follow, max-snippet:-1, max-image-preview:large, max-video-preview:-1\" \/>\n<link rel=\"canonical\" href=\"https:\/\/mmkriepas.lv\/en\/p\/175-70r13-kama-euro-519-82t\/\" \/>\n<meta property=\"og:locale\" content=\"en_US\" \/>\n<meta property=\"og:type\" content=\"article\" \/>\n<meta property=\"og:title\" content=\"175\/70R13 Kama Euro 519 82T\" \/>\n<meta property=\"og:description\" content=\"Kama Euro 519 - ziemas riepu modelis ar izteikti agres\u012bvu skujveida virziena protektoru, \u013coti m\u012bkstu gumijas sast\u0101vu, dzi\u013c\u0101m lamil\u0113m, pla\u0161iem protektora kan\u0101liem, kas rad\u012bts bargiem ziemas apst\u0101k\u013ciem, k\u0101rt\u012bgam sniegam, ledum utt. \u013boti labi turas uz sausa, slapja sniega utt. \u013boti laba caurejam\u012bba dzi\u013ca sniega, dub\u013cu apst\u0101k\u013cos. Sarad\u017eotas ar kvalitat\u012bv\u0101m radz\u0113m, \u0161\u012bs riepas ir \u013coti veiktsp\u0113j\u012bgas ar\u012b uz slapja ledus. Ne slikt\u0101kas k\u0101 d\u0101rg\u0101s jeb premium klases riepas. \u0160\u012bs riepas pieejamas gan ar radz\u0113m, gan bez t\u0101m!\" \/>\n<meta property=\"og:url\" content=\"https:\/\/mmkriepas.lv\/en\/p\/175-70r13-kama-euro-519-82t\/\" \/>\n<meta property=\"og:site_name\" content=\"MMK Riepas\" \/>\n<meta property=\"article:publisher\" content=\"https:\/\/www.facebook.com\/mmkserviss\/\" \/>\n<meta property=\"article:modified_time\" content=\"2022-11-09T10:31:28+00:00\" \/>\n<meta property=\"og:image\" content=\"https:\/\/mmkriepas.lv\/wp-content\/uploads\/2021\/09\/17570r13-kama-euro-519-82t-ziemas-riepas.jpg\" \/>\n\t<meta property=\"og:image:width\" content=\"690\" \/>\n\t<meta property=\"og:image:height\" content=\"517\" \/>\n\t<meta property=\"og:image:type\" content=\"image\/jpeg\" \/>\n<meta name=\"twitter:card\" content=\"summary_large_image\" \/>\n<meta name=\"twitter:label1\" content=\"Price\" \/>\n\t<meta name=\"twitter:data1\" content=\"&euro;42.00\" \/>\n\t<meta name=\"twitter:label2\" content=\"Availability\" \/>\n\t<meta name=\"twitter:data2\" content=\"In stock\" \/>\n<script type=\"application\/ld+json\" class=\"yoast-schema-graph\">{\"@context\":\"https:\\\/\\\/schema.org\",\"@graph\":[{\"@type\":\"WebPage\",\"@id\":\"https:\\\/\\\/mmkriepas.lv\\\/en\\\/p\\\/175-70r13-kama-euro-519-82t\\\/\",\"url\":\"https:\\\/\\\/mmkriepas.lv\\\/en\\\/p\\\/175-70r13-kama-euro-519-82t\\\/\",\"name\":\"175\\\/70R13 Kama Euro 519 82T &#8226; MMK Riepas\",\"isPartOf\":{\"@id\":\"https:\\\/\\\/mmkriepas.lv\\\/en\\\/#website\"},\"primaryImageOfPage\":{\"@id\":\"https:\\\/\\\/mmkriepas.lv\\\/en\\\/p\\\/175-70r13-kama-euro-519-82t\\\/#primaryimage\"},\"image\":{\"@id\":\"https:\\\/\\\/mmkriepas.lv\\\/en\\\/p\\\/175-70r13-kama-euro-519-82t\\\/#primaryimage\"},\"thumbnailUrl\":\"https:\\\/\\\/mmkriepas.lv\\\/wp-content\\\/uploads\\\/2021\\\/09\\\/17570r13-kama-euro-519-82t-ziemas-riepas.jpg\",\"datePublished\":\"2021-09-25T10:08:02+00:00\",\"dateModified\":\"2022-11-09T10:31:28+00:00\",\"breadcrumb\":{\"@id\":\"https:\\\/\\\/mmkriepas.lv\\\/en\\\/p\\\/175-70r13-kama-euro-519-82t\\\/#breadcrumb\"},\"inLanguage\":\"en-US\",\"potentialAction\":[{\"@type\":\"ReadAction\",\"target\":[\"https:\\\/\\\/mmkriepas.lv\\\/en\\\/p\\\/175-70r13-kama-euro-519-82t\\\/\"]}]},{\"@type\":\"ImageObject\",\"inLanguage\":\"en-US\",\"@id\":\"https:\\\/\\\/mmkriepas.lv\\\/en\\\/p\\\/175-70r13-kama-euro-519-82t\\\/#primaryimage\",\"url\":\"https:\\\/\\\/mmkriepas.lv\\\/wp-content\\\/uploads\\\/2021\\\/09\\\/17570r13-kama-euro-519-82t-ziemas-riepas.jpg\",\"contentUrl\":\"https:\\\/\\\/mmkriepas.lv\\\/wp-content\\\/uploads\\\/2021\\\/09\\\/17570r13-kama-euro-519-82t-ziemas-riepas.jpg\",\"width\":690,\"height\":517,\"caption\":\"Kama-Euro-519\"},{\"@type\":\"BreadcrumbList\",\"@id\":\"https:\\\/\\\/mmkriepas.lv\\\/en\\\/p\\\/175-70r13-kama-euro-519-82t\\\/#breadcrumb\",\"itemListElement\":[{\"@type\":\"ListItem\",\"position\":1,\"name\":\"S\u0101kums\",\"item\":\"https:\\\/\\\/mmkriepas.lv\\\/en\\\/\"},{\"@type\":\"ListItem\",\"position\":2,\"name\":\"175\\\/70R13 Kama Euro 519 82T\"}]},{\"@type\":\"WebSite\",\"@id\":\"https:\\\/\\\/mmkriepas.lv\\\/en\\\/#website\",\"url\":\"https:\\\/\\\/mmkriepas.lv\\\/en\\\/\",\"name\":\"MMK Riepas\",\"description\":\"MMK Riepas\",\"alternateName\":\"MMK Riepu Serviss\",\"potentialAction\":[{\"@type\":\"SearchAction\",\"target\":{\"@type\":\"EntryPoint\",\"urlTemplate\":\"https:\\\/\\\/mmkriepas.lv\\\/en\\\/?s={search_term_string}\"},\"query-input\":{\"@type\":\"PropertyValueSpecification\",\"valueRequired\":true,\"valueName\":\"search_term_string\"}}],\"inLanguage\":\"en-US\"},{\"@type\":\"ImageObject\",\"inLanguage\":\"en-US\",\"@id\":\"https:\\\/\\\/mmkriepas.lv\\\/en\\\/p\\\/175-70r13-kama-euro-519-82t\\\/#local-main-organization-logo\",\"url\":\"\",\"contentUrl\":\"\",\"caption\":\"MMK Riepas\"}]}<\/script>\n<meta property=\"product:brand\" content=\"Kama Euro 519\" \/>\n<meta property=\"product:price:amount\" content=\"42.00\" \/>\n<meta property=\"product:price:currency\" content=\"EUR\" \/>\n<meta property=\"og:availability\" content=\"instock\" \/>\n<meta property=\"product:availability\" content=\"instock\" \/>\n<meta property=\"product:condition\" content=\"new\" \/>\n<!-- \/ Yoast SEO Premium plugin. -->","yoast_head_json":{"title":"175\/70R13 Kama Euro 519 82T &#8226; MMK Riepas","robots":{"index":"index","follow":"follow","max-snippet":"max-snippet:-1","max-image-preview":"max-image-preview:large","max-video-preview":"max-video-preview:-1"},"canonical":"https:\/\/mmkriepas.lv\/en\/p\/175-70r13-kama-euro-519-82t\/","og_locale":"en_US","og_type":"article","og_title":"175\/70R13 Kama Euro 519 82T","og_description":"Kama Euro 519 - ziemas riepu modelis ar izteikti agres\u012bvu skujveida virziena protektoru, \u013coti m\u012bkstu gumijas sast\u0101vu, dzi\u013c\u0101m lamil\u0113m, pla\u0161iem protektora kan\u0101liem, kas rad\u012bts bargiem ziemas apst\u0101k\u013ciem, k\u0101rt\u012bgam sniegam, ledum utt. \u013boti labi turas uz sausa, slapja sniega utt. \u013boti laba caurejam\u012bba dzi\u013ca sniega, dub\u013cu apst\u0101k\u013cos. Sarad\u017eotas ar kvalitat\u012bv\u0101m radz\u0113m, \u0161\u012bs riepas ir \u013coti veiktsp\u0113j\u012bgas ar\u012b uz slapja ledus. Ne slikt\u0101kas k\u0101 d\u0101rg\u0101s jeb premium klases riepas. \u0160\u012bs riepas pieejamas gan ar radz\u0113m, gan bez t\u0101m!","og_url":"https:\/\/mmkriepas.lv\/en\/p\/175-70r13-kama-euro-519-82t\/","og_site_name":"MMK Riepas","article_publisher":"https:\/\/www.facebook.com\/mmkserviss\/","article_modified_time":"2022-11-09T10:31:28+00:00","og_image":[{"width":690,"height":517,"url":"https:\/\/mmkriepas.lv\/wp-content\/uploads\/2021\/09\/17570r13-kama-euro-519-82t-ziemas-riepas.jpg","type":"image\/jpeg"}],"twitter_card":"summary_large_image","twitter_misc":{"Price":"&euro;42.00","Availability":"In stock"},"schema":{"@context":"https:\/\/schema.org","@graph":[{"@type":"WebPage","@id":"https:\/\/mmkriepas.lv\/en\/p\/175-70r13-kama-euro-519-82t\/","url":"https:\/\/mmkriepas.lv\/en\/p\/175-70r13-kama-euro-519-82t\/","name":"175\/70R13 Kama Euro 519 82T &#8226; MMK Riepas","isPartOf":{"@id":"https:\/\/mmkriepas.lv\/en\/#website"},"primaryImageOfPage":{"@id":"https:\/\/mmkriepas.lv\/en\/p\/175-70r13-kama-euro-519-82t\/#primaryimage"},"image":{"@id":"https:\/\/mmkriepas.lv\/en\/p\/175-70r13-kama-euro-519-82t\/#primaryimage"},"thumbnailUrl":"https:\/\/mmkriepas.lv\/wp-content\/uploads\/2021\/09\/17570r13-kama-euro-519-82t-ziemas-riepas.jpg","datePublished":"2021-09-25T10:08:02+00:00","dateModified":"2022-11-09T10:31:28+00:00","breadcrumb":{"@id":"https:\/\/mmkriepas.lv\/en\/p\/175-70r13-kama-euro-519-82t\/#breadcrumb"},"inLanguage":"en-US","potentialAction":[{"@type":"ReadAction","target":["https:\/\/mmkriepas.lv\/en\/p\/175-70r13-kama-euro-519-82t\/"]}]},{"@type":"ImageObject","inLanguage":"en-US","@id":"https:\/\/mmkriepas.lv\/en\/p\/175-70r13-kama-euro-519-82t\/#primaryimage","url":"https:\/\/mmkriepas.lv\/wp-content\/uploads\/2021\/09\/17570r13-kama-euro-519-82t-ziemas-riepas.jpg","contentUrl":"https:\/\/mmkriepas.lv\/wp-content\/uploads\/2021\/09\/17570r13-kama-euro-519-82t-ziemas-riepas.jpg","width":690,"height":517,"caption":"Kama-Euro-519"},{"@type":"BreadcrumbList","@id":"https:\/\/mmkriepas.lv\/en\/p\/175-70r13-kama-euro-519-82t\/#breadcrumb","itemListElement":[{"@type":"ListItem","position":1,"name":"S\u0101kums","item":"https:\/\/mmkriepas.lv\/en\/"},{"@type":"ListItem","position":2,"name":"175\/70R13 Kama Euro 519 82T"}]},{"@type":"WebSite","@id":"https:\/\/mmkriepas.lv\/en\/#website","url":"https:\/\/mmkriepas.lv\/en\/","name":"MMK Riepas","description":"MMK Riepas","alternateName":"MMK Riepu Serviss","potentialAction":[{"@type":"SearchAction","target":{"@type":"EntryPoint","urlTemplate":"https:\/\/mmkriepas.lv\/en\/?s={search_term_string}"},"query-input":{"@type":"PropertyValueSpecification","valueRequired":true,"valueName":"search_term_string"}}],"inLanguage":"en-US"},{"@type":"ImageObject","inLanguage":"en-US","@id":"https:\/\/mmkriepas.lv\/en\/p\/175-70r13-kama-euro-519-82t\/#local-main-organization-logo","url":"","contentUrl":"","caption":"MMK Riepas"}]},"product_brand":"Kama Euro 519","product_price_amount":"42.00","product_price_currency":"EUR","og_availability":"instock","product_availability":"instock","product_condition":"new"},"_links":{"self":[{"href":"https:\/\/mmkriepas.lv\/en\/wp-json\/wp\/v2\/product\/201157","targetHints":{"allow":["GET"]}}],"collection":[{"href":"https:\/\/mmkriepas.lv\/en\/wp-json\/wp\/v2\/product"}],"about":[{"href":"https:\/\/mmkriepas.lv\/en\/wp-json\/wp\/v2\/types\/product"}],"wp:featuredmedia":[{"embeddable":true,"href":"https:\/\/mmkriepas.lv\/en\/wp-json\/wp\/v2\/media\/201160"}],"wp:attachment":[{"href":"https:\/\/mmkriepas.lv\/en\/wp-json\/wp\/v2\/media?parent=201157"}],"wp:term":[{"taxonomy":"product_brand","embeddable":true,"href":"https:\/\/mmkriepas.lv\/en\/wp-json\/wp\/v2\/product_brand?post=201157"},{"taxonomy":"product_cat","embeddable":true,"href":"https:\/\/mmkriepas.lv\/en\/wp-json\/wp\/v2\/product_cat?post=201157"},{"taxonomy":"product_tag","embeddable":true,"href":"https:\/\/mmkriepas.lv\/en\/wp-json\/wp\/v2\/product_tag?post=201157"}],"curies":[{"name":"wp","href":"https:\/\/api.w.org\/{rel}","templated":true}]}}