{"id":201011,"date":"2021-09-24T13:54:14","date_gmt":"2021-09-24T10:54:14","guid":{"rendered":"https:\/\/mmkserviss.lv\/?post_type=product&#038;p=201011"},"modified":"2025-03-07T17:41:33","modified_gmt":"2025-03-07T15:41:33","slug":"315-35r20-kumho-izen-rv-kc15-110h-xl","status":"publish","type":"product","link":"https:\/\/mmkriepas.lv\/en\/p\/315-35r20-kumho-izen-rv-kc15-110h-xl\/","title":{"rendered":"315\/35R20 Kumho I Zen RV KC15 110H XL DOT"},"content":{"rendered":"<p><b>Kumho KC15<\/b><span style=\"font-weight: 400;\">&nbsp;ir ziemas riepa, kas paredz\u0113ta apvidus auto jeb SUV. T\u0101 izce\u013cas ar izcil\u0101m veiktsp\u0113jas \u012bpa\u0161\u012bb\u0101m uz sausa un slapja asfalta. \u0160is modelis no t\u0101 pirmste\u010da at\u0161\u0137iras ar krietni uzlabot\u0101m sa\u0137eres \u012bpa\u0161\u012bb\u0101m uz ledus,<\/span><\/p>\n<h3><b>Kumho KC15 galven\u0101s iez\u012bmes<\/b><\/h3>\n<ul>\n<li style=\"font-weight: 400;\"><span style=\"font-weight: 400;\">Uzlabota stabilit\u0101te, pateicoties \u012bpa\u0161am centr\u0101l\u0101s protektora bloku virknes dizainam!<\/span><\/li>\n<li style=\"font-weight: 400;\"><span style=\"font-weight: 400;\">Palielin\u0101ti riepas plecu zonas bloki, lai palielin\u0101tu riepas kontakta virsmu un sadal\u012btu slodzi pa to vienm\u0113r\u012bg\u0101k!<\/span><\/li>\n<li style=\"font-weight: 400;\"><span style=\"font-weight: 400;\">Degvielas ekonomija!<\/span><\/li>\n<li style=\"font-weight: 400;\"><span style=\"font-weight: 400;\">Ilgtsp\u0113j\u012bg\u0101ka kalpotsp\u0113ja!<\/span><\/li>\n<\/ul>\n<h3><b>Wintercraft KC15 apr\u012bkojums<\/b><\/h3>\n<p><span style=\"font-weight: 400;\">Virz\u012bt\u0101 tipa protektora raksts darin\u0101ts no elastrom\u0113riem bag\u0101ta gumijas mais\u012bjuma, kas nezaud\u0113 elast\u012bbu ar\u012b zem\u0101s gaisa temperat\u016br\u0101s. Elast\u012bga riepa daudz lab\u0101k veido sa\u0137eri ar ce\u013cu.&nbsp;<\/span><\/p>\n<p><span style=\"font-weight: 400;\">Centr\u0101l\u0101 protektora bloku virkne izveidota &#8220;pinum\u0101&#8221;, lai vienlaikus izlabotu ne tikai stabilit\u0101ti, bet ar\u012b veiktsp\u0113ju snieg\u0101. Protektora blokos bl\u012bvi iestr\u0101d\u0101ti vair\u0101ki t\u016bksto\u0161i lame\u013cu, kas iec\u0113rtas led\u016b, ar slideno virsmu veidojot cie\u0161u sa\u0137eri.<\/span><\/p>\n<p><b>Kumho KC15<\/b><span style=\"font-weight: 400;\">&nbsp;mode\u013ca lieto\u0161anas dro\u0161\u012bbu ziemas laika apst\u0101k\u013cos un t\u0101 atbilst\u012bbu valst\u012bm ar oblig\u0101tu sezon\u0101lo riepu mai\u0146u apstiprina mar\u0137\u0113jums sniegp\u0101rslas form\u0101 uz kalna fona ar trim virsotn\u0113m (3PMSF).<\/span><\/p>\n<p><b>Kumho KC15<\/b><span style=\"font-weight: 400;\">&#8211; ziemas riepa, kas rad\u012bta \u012bpa\u0161i dinamiskai un sportiskai brauk\u0161anai! MMK riepu centros, visos izm\u0113ros, par vislab\u0101ko cenu!<\/span><\/p>\n","protected":false},"excerpt":{"rendered":"<p>Kumho KC15&nbsp;ir ziemas riepa, kas paredz\u0113ta apvidus auto jeb SUV. T\u0101 izce\u013cas ar izcil\u0101m veiktsp\u0113jas \u012bpa\u0161\u012bb\u0101m uz sausa un slapja asfalta. \u0160is modelis no t\u0101 pirmste\u010da at\u0161\u0137iras ar krietni uzlabot\u0101m<\/p>\n","protected":false},"featured_media":203432,"template":"","meta":{"_acf_changed":false,"ngg_post_thumbnail":0},"product_brand":[],"product_cat":[47,45],"product_tag":[],"class_list":{"0":"post-201011","1":"product","2":"type-product","3":"status-publish","4":"has-post-thumbnail","6":"product_cat-vissezonas-riepas","7":"product_cat-ziemas-riepas","9":"first","10":"outofstock","11":"sale","12":"taxable","13":"shipping-taxable","14":"product-type-simple"},"acf":[],"yoast_head":"<!-- This site is optimized with the Yoast SEO Premium plugin v22.6 (Yoast SEO v27.3) - https:\/\/yoast.com\/product\/yoast-seo-premium-wordpress\/ -->\n<title>315\/35R20 Kumho I Zen RV KC15 110H XL DOT &#8226; MMK Riepas<\/title>\n<meta name=\"description\" content=\"Kumho Wintercraft WS51- ziemas riepa, kas rad\u012bta tie\u0161i Tavam apvidus auto! MMK riepu centros, visos izm\u0113ros, par vislab\u0101ko cenu!\" \/>\n<meta name=\"robots\" content=\"index, follow, max-snippet:-1, max-image-preview:large, max-video-preview:-1\" \/>\n<link rel=\"canonical\" href=\"https:\/\/mmkriepas.lv\/en\/p\/315-35r20-kumho-izen-rv-kc15-110h-xl\/\" \/>\n<meta property=\"og:locale\" content=\"en_US\" \/>\n<meta property=\"og:type\" content=\"article\" \/>\n<meta property=\"og:title\" content=\"315\/35R20 Kumho I Zen RV KC15 110H XL DOT\" \/>\n<meta property=\"og:description\" content=\"Kumho Wintercraft WS51- ziemas riepa, kas rad\u012bta tie\u0161i Tavam apvidus auto! MMK riepu centros, visos izm\u0113ros, par vislab\u0101ko cenu!\" \/>\n<meta property=\"og:url\" content=\"https:\/\/mmkriepas.lv\/en\/p\/315-35r20-kumho-izen-rv-kc15-110h-xl\/\" \/>\n<meta property=\"og:site_name\" content=\"MMK Riepas\" \/>\n<meta property=\"article:publisher\" content=\"https:\/\/www.facebook.com\/mmkserviss\/\" \/>\n<meta property=\"article:modified_time\" content=\"2025-03-07T15:41:33+00:00\" \/>\n<meta property=\"og:image\" content=\"https:\/\/mmkriepas.lv\/wp-content\/uploads\/2021\/10\/21565r16-marshal-izen-rv-kc15-98h-xl-kumho-ziemas-riepas.jpg\" \/>\n\t<meta property=\"og:image:width\" content=\"1920\" \/>\n\t<meta property=\"og:image:height\" content=\"1440\" \/>\n\t<meta property=\"og:image:type\" content=\"image\/jpeg\" \/>\n<meta name=\"twitter:card\" content=\"summary_large_image\" \/>\n<meta name=\"twitter:label1\" content=\"Price\" \/>\n\t<meta name=\"twitter:data1\" content=\"&euro;85.00\" \/>\n\t<meta name=\"twitter:label2\" content=\"Availability\" \/>\n\t<meta name=\"twitter:data2\" content=\"Out of stock\" \/>\n<script type=\"application\/ld+json\" class=\"yoast-schema-graph\">{\"@context\":\"https:\\\/\\\/schema.org\",\"@graph\":[{\"@type\":\"WebPage\",\"@id\":\"https:\\\/\\\/mmkriepas.lv\\\/en\\\/p\\\/315-35r20-kumho-izen-rv-kc15-110h-xl\\\/\",\"url\":\"https:\\\/\\\/mmkriepas.lv\\\/en\\\/p\\\/315-35r20-kumho-izen-rv-kc15-110h-xl\\\/\",\"name\":\"315\\\/35R20 Kumho I Zen RV KC15 110H XL DOT &#8226; MMK Riepas\",\"isPartOf\":{\"@id\":\"https:\\\/\\\/mmkriepas.lv\\\/en\\\/#website\"},\"primaryImageOfPage\":{\"@id\":\"https:\\\/\\\/mmkriepas.lv\\\/en\\\/p\\\/315-35r20-kumho-izen-rv-kc15-110h-xl\\\/#primaryimage\"},\"image\":{\"@id\":\"https:\\\/\\\/mmkriepas.lv\\\/en\\\/p\\\/315-35r20-kumho-izen-rv-kc15-110h-xl\\\/#primaryimage\"},\"thumbnailUrl\":\"https:\\\/\\\/mmkriepas.lv\\\/wp-content\\\/uploads\\\/2021\\\/10\\\/21565r16-marshal-izen-rv-kc15-98h-xl-kumho-ziemas-riepas.jpg\",\"datePublished\":\"2021-09-24T10:54:14+00:00\",\"dateModified\":\"2025-03-07T15:41:33+00:00\",\"description\":\"Kumho Wintercraft WS51- ziemas riepa, kas rad\u012bta tie\u0161i Tavam apvidus auto! MMK riepu centros, visos izm\u0113ros, par vislab\u0101ko cenu!\",\"breadcrumb\":{\"@id\":\"https:\\\/\\\/mmkriepas.lv\\\/en\\\/p\\\/315-35r20-kumho-izen-rv-kc15-110h-xl\\\/#breadcrumb\"},\"inLanguage\":\"en-US\",\"potentialAction\":[{\"@type\":\"ReadAction\",\"target\":[\"https:\\\/\\\/mmkriepas.lv\\\/en\\\/p\\\/315-35r20-kumho-izen-rv-kc15-110h-xl\\\/\"]}]},{\"@type\":\"ImageObject\",\"inLanguage\":\"en-US\",\"@id\":\"https:\\\/\\\/mmkriepas.lv\\\/en\\\/p\\\/315-35r20-kumho-izen-rv-kc15-110h-xl\\\/#primaryimage\",\"url\":\"https:\\\/\\\/mmkriepas.lv\\\/wp-content\\\/uploads\\\/2021\\\/10\\\/21565r16-marshal-izen-rv-kc15-98h-xl-kumho-ziemas-riepas.jpg\",\"contentUrl\":\"https:\\\/\\\/mmkriepas.lv\\\/wp-content\\\/uploads\\\/2021\\\/10\\\/21565r16-marshal-izen-rv-kc15-98h-xl-kumho-ziemas-riepas.jpg\",\"width\":1920,\"height\":1440,\"caption\":\"Marshal KUMHO KC15\"},{\"@type\":\"BreadcrumbList\",\"@id\":\"https:\\\/\\\/mmkriepas.lv\\\/en\\\/p\\\/315-35r20-kumho-izen-rv-kc15-110h-xl\\\/#breadcrumb\",\"itemListElement\":[{\"@type\":\"ListItem\",\"position\":1,\"name\":\"S\u0101kums\",\"item\":\"https:\\\/\\\/mmkriepas.lv\\\/en\\\/\"},{\"@type\":\"ListItem\",\"position\":2,\"name\":\"315\\\/35R20 Kumho I Zen RV KC15 110H XL DOT\"}]},{\"@type\":\"WebSite\",\"@id\":\"https:\\\/\\\/mmkriepas.lv\\\/en\\\/#website\",\"url\":\"https:\\\/\\\/mmkriepas.lv\\\/en\\\/\",\"name\":\"MMK Riepas\",\"description\":\"MMK Riepas\",\"alternateName\":\"MMK Riepu Serviss\",\"potentialAction\":[{\"@type\":\"SearchAction\",\"target\":{\"@type\":\"EntryPoint\",\"urlTemplate\":\"https:\\\/\\\/mmkriepas.lv\\\/en\\\/?s={search_term_string}\"},\"query-input\":{\"@type\":\"PropertyValueSpecification\",\"valueRequired\":true,\"valueName\":\"search_term_string\"}}],\"inLanguage\":\"en-US\"},{\"@type\":\"ImageObject\",\"inLanguage\":\"en-US\",\"@id\":\"https:\\\/\\\/mmkriepas.lv\\\/en\\\/p\\\/315-35r20-kumho-izen-rv-kc15-110h-xl\\\/#local-main-organization-logo\",\"url\":\"\",\"contentUrl\":\"\",\"caption\":\"MMK Riepas\"}]}<\/script>\n<meta property=\"product:brand\" content=\"Kumho I Zen RV KC15\" \/>\n<meta property=\"product:price:amount\" content=\"85.00\" \/>\n<meta property=\"product:price:currency\" content=\"EUR\" \/>\n<meta property=\"og:availability\" content=\"out of stock\" \/>\n<meta property=\"product:availability\" content=\"out of stock\" \/>\n<meta property=\"product:retailer_item_id\" content=\"TW3153520KUMHO-2383\" \/>\n<meta property=\"product:condition\" content=\"new\" \/>\n<!-- \/ Yoast SEO Premium plugin. -->","yoast_head_json":{"title":"315\/35R20 Kumho I Zen RV KC15 110H XL DOT &#8226; MMK Riepas","description":"Kumho Wintercraft WS51- ziemas riepa, kas rad\u012bta tie\u0161i Tavam apvidus auto! MMK riepu centros, visos izm\u0113ros, par vislab\u0101ko cenu!","robots":{"index":"index","follow":"follow","max-snippet":"max-snippet:-1","max-image-preview":"max-image-preview:large","max-video-preview":"max-video-preview:-1"},"canonical":"https:\/\/mmkriepas.lv\/en\/p\/315-35r20-kumho-izen-rv-kc15-110h-xl\/","og_locale":"en_US","og_type":"article","og_title":"315\/35R20 Kumho I Zen RV KC15 110H XL DOT","og_description":"Kumho Wintercraft WS51- ziemas riepa, kas rad\u012bta tie\u0161i Tavam apvidus auto! MMK riepu centros, visos izm\u0113ros, par vislab\u0101ko cenu!","og_url":"https:\/\/mmkriepas.lv\/en\/p\/315-35r20-kumho-izen-rv-kc15-110h-xl\/","og_site_name":"MMK Riepas","article_publisher":"https:\/\/www.facebook.com\/mmkserviss\/","article_modified_time":"2025-03-07T15:41:33+00:00","og_image":[{"width":1920,"height":1440,"url":"https:\/\/mmkriepas.lv\/wp-content\/uploads\/2021\/10\/21565r16-marshal-izen-rv-kc15-98h-xl-kumho-ziemas-riepas.jpg","type":"image\/jpeg"}],"twitter_card":"summary_large_image","twitter_misc":{"Price":"&euro;85.00","Availability":"Out of stock"},"schema":{"@context":"https:\/\/schema.org","@graph":[{"@type":"WebPage","@id":"https:\/\/mmkriepas.lv\/en\/p\/315-35r20-kumho-izen-rv-kc15-110h-xl\/","url":"https:\/\/mmkriepas.lv\/en\/p\/315-35r20-kumho-izen-rv-kc15-110h-xl\/","name":"315\/35R20 Kumho I Zen RV KC15 110H XL DOT &#8226; MMK Riepas","isPartOf":{"@id":"https:\/\/mmkriepas.lv\/en\/#website"},"primaryImageOfPage":{"@id":"https:\/\/mmkriepas.lv\/en\/p\/315-35r20-kumho-izen-rv-kc15-110h-xl\/#primaryimage"},"image":{"@id":"https:\/\/mmkriepas.lv\/en\/p\/315-35r20-kumho-izen-rv-kc15-110h-xl\/#primaryimage"},"thumbnailUrl":"https:\/\/mmkriepas.lv\/wp-content\/uploads\/2021\/10\/21565r16-marshal-izen-rv-kc15-98h-xl-kumho-ziemas-riepas.jpg","datePublished":"2021-09-24T10:54:14+00:00","dateModified":"2025-03-07T15:41:33+00:00","description":"Kumho Wintercraft WS51- ziemas riepa, kas rad\u012bta tie\u0161i Tavam apvidus auto! MMK riepu centros, visos izm\u0113ros, par vislab\u0101ko cenu!","breadcrumb":{"@id":"https:\/\/mmkriepas.lv\/en\/p\/315-35r20-kumho-izen-rv-kc15-110h-xl\/#breadcrumb"},"inLanguage":"en-US","potentialAction":[{"@type":"ReadAction","target":["https:\/\/mmkriepas.lv\/en\/p\/315-35r20-kumho-izen-rv-kc15-110h-xl\/"]}]},{"@type":"ImageObject","inLanguage":"en-US","@id":"https:\/\/mmkriepas.lv\/en\/p\/315-35r20-kumho-izen-rv-kc15-110h-xl\/#primaryimage","url":"https:\/\/mmkriepas.lv\/wp-content\/uploads\/2021\/10\/21565r16-marshal-izen-rv-kc15-98h-xl-kumho-ziemas-riepas.jpg","contentUrl":"https:\/\/mmkriepas.lv\/wp-content\/uploads\/2021\/10\/21565r16-marshal-izen-rv-kc15-98h-xl-kumho-ziemas-riepas.jpg","width":1920,"height":1440,"caption":"Marshal KUMHO KC15"},{"@type":"BreadcrumbList","@id":"https:\/\/mmkriepas.lv\/en\/p\/315-35r20-kumho-izen-rv-kc15-110h-xl\/#breadcrumb","itemListElement":[{"@type":"ListItem","position":1,"name":"S\u0101kums","item":"https:\/\/mmkriepas.lv\/en\/"},{"@type":"ListItem","position":2,"name":"315\/35R20 Kumho I Zen RV KC15 110H XL DOT"}]},{"@type":"WebSite","@id":"https:\/\/mmkriepas.lv\/en\/#website","url":"https:\/\/mmkriepas.lv\/en\/","name":"MMK Riepas","description":"MMK Riepas","alternateName":"MMK Riepu Serviss","potentialAction":[{"@type":"SearchAction","target":{"@type":"EntryPoint","urlTemplate":"https:\/\/mmkriepas.lv\/en\/?s={search_term_string}"},"query-input":{"@type":"PropertyValueSpecification","valueRequired":true,"valueName":"search_term_string"}}],"inLanguage":"en-US"},{"@type":"ImageObject","inLanguage":"en-US","@id":"https:\/\/mmkriepas.lv\/en\/p\/315-35r20-kumho-izen-rv-kc15-110h-xl\/#local-main-organization-logo","url":"","contentUrl":"","caption":"MMK Riepas"}]},"product_brand":"Kumho I Zen RV KC15","product_price_amount":"85.00","product_price_currency":"EUR","og_availability":"out of stock","product_availability":"out of stock","product_retailer_item_id":"TW3153520KUMHO-2383","product_condition":"new"},"_links":{"self":[{"href":"https:\/\/mmkriepas.lv\/en\/wp-json\/wp\/v2\/product\/201011","targetHints":{"allow":["GET"]}}],"collection":[{"href":"https:\/\/mmkriepas.lv\/en\/wp-json\/wp\/v2\/product"}],"about":[{"href":"https:\/\/mmkriepas.lv\/en\/wp-json\/wp\/v2\/types\/product"}],"wp:featuredmedia":[{"embeddable":true,"href":"https:\/\/mmkriepas.lv\/en\/wp-json\/wp\/v2\/media\/203432"}],"wp:attachment":[{"href":"https:\/\/mmkriepas.lv\/en\/wp-json\/wp\/v2\/media?parent=201011"}],"wp:term":[{"taxonomy":"product_brand","embeddable":true,"href":"https:\/\/mmkriepas.lv\/en\/wp-json\/wp\/v2\/product_brand?post=201011"},{"taxonomy":"product_cat","embeddable":true,"href":"https:\/\/mmkriepas.lv\/en\/wp-json\/wp\/v2\/product_cat?post=201011"},{"taxonomy":"product_tag","embeddable":true,"href":"https:\/\/mmkriepas.lv\/en\/wp-json\/wp\/v2\/product_tag?post=201011"}],"curies":[{"name":"wp","href":"https:\/\/api.w.org\/{rel}","templated":true}]}}