{"id":196436,"date":"2021-08-26T10:47:52","date_gmt":"2021-08-26T07:47:52","guid":{"rendered":"https:\/\/mmkserviss.lv\/?post_type=product&#038;p=196436"},"modified":"2024-01-23T10:58:50","modified_gmt":"2024-01-23T08:58:50","slug":"215-55r17-ecovision-v-586-98h-xl","status":"publish","type":"product","link":"https:\/\/mmkriepas.lv\/en\/p\/215-55r17-ecovision-v-586-98h-xl\/","title":{"rendered":"215\/55R17 Ecovision W586 98H XL"},"content":{"rendered":"<p align=\"left\"><span style=\"color: #000000;\"><span style=\"font-family: Arial, sans-serif;\"><span style=\"font-size: medium;\"><b>Ecovision W586 <\/b>ziemas\/vissezonas riepu modelis ticis izstr\u0101d\u0101ts, \u0146emot v\u0113r\u0101 Zieme\u013cvalstu klimatiskos apst\u0101k\u013cus. Bud\u017eeta klas\u0113 tas izce\u013cas ar l\u012bdzsvarot\u0101m un vispus\u012bg\u0101m ekspluat\u0101cijas \u012bpa\u0161\u012bb\u0101m jebk\u0101dos brauk\u0161anas apst\u0101k\u013cos.<\/span><\/span><\/span><\/p>\n<h3 class=\"western\" align=\"left\"><span style=\"color: #000000;\"><span style=\"font-family: Arial, sans-serif;\"><b>Ecovision W586 galven\u0101s iez\u012bmes<\/b><\/span><\/span><\/h3>\n<p align=\"left\"><span style=\"color: #000000;\"><span style=\"font-family: Arial, sans-serif;\"><span style=\"font-size: medium;\">+ Asimetrisks protektors ar sadal\u012bjumu funkcion\u0101los posmos nodro\u0161ina efektivit\u0101ti jebkuros apst\u0101k\u013cos<\/span><\/span><\/span><\/p>\n<p align=\"left\"><span style=\"color: #000000;\"><span style=\"font-family: Arial, sans-serif;\"><span style=\"font-size: medium;\">+ Protektor\u0101 iestr\u0101d\u0101tas vi\u013c\u0146veida lameles, kas vienlaikus uzlabo veiktsp\u0113ju gan vasaras, gan ziemas apst\u0101k\u013cos<\/span><\/span><\/span><\/p>\n<p align=\"left\"><span style=\"color: #000000;\"><span style=\"font-family: Arial, sans-serif;\"><span style=\"font-size: medium;\">+ Gareniska riba riepas konstrukcijas uzb\u016bv\u0113 palielina vad\u012bbas precizit\u0101ti un stabilit\u0101ti<\/span><\/span><\/span><\/p>\n<p align=\"left\"><span style=\"color: #000000;\"><span style=\"font-family: Arial, sans-serif;\"><span style=\"font-size: medium;\">+ Plati plecu bloki samazina s\u0101nsl\u012bdes risku manevr\u0113\u0161anas laik\u0101<\/span><\/span><\/span><\/p>\n<h3 class=\"western\" align=\"left\"><span style=\"color: #000000;\"><span style=\"font-family: Arial, sans-serif;\"><span style=\"font-size: large;\"><b>W586 apr\u012bkojums<\/b><\/span><\/span><\/span><\/h3>\n<p align=\"left\"><strong><span style=\"color: #000000;\"><span style=\"font-family: Arial, sans-serif;\"><span style=\"font-size: medium;\">Ecovision W<\/span><\/span><\/span><\/strong><strong><span style=\"color: #000000;\"><span style=\"font-family: Arial, sans-serif;\"><span style=\"font-size: medium;\">586<\/span><\/span><\/span><\/strong><span style=\"color: #000000;\"><span style=\"font-family: Arial, sans-serif;\"><span style=\"font-size: medium;\"> izv\u0113l\u0113ts asimetrisks protektora dizains, lai apvienotu optim\u0101lus veiktsp\u0113jas r\u0101d\u012bt\u0101jus gan vasaras, gan ziemas apst\u0101k\u013cos. Taisnie, gareniskie dren\u0101\u017eas kan\u0101li b\u016btiski samazina akvaplan\u0113\u0161anas risku vasar\u0101, toties as\u0101 le\u0146\u0137\u012b izvietotie, mas\u012bvie protektora bloki uzlabo veiktsp\u0113ju snieg\u0101 un slapjdra\u0146\u0137\u012b.<\/span><\/span><\/span><\/p>\n<p align=\"left\"><span style=\"color: #000000;\"><span style=\"font-family: Arial, sans-serif;\"><span style=\"font-size: medium;\">Protektora blokos iestr\u0101d\u0101tas lameles, kuras ziem\u0101 pal\u012bdz veidot sa\u0137eri ar apledoju\u0161\u0101m ce\u013ca virsm\u0101m, k\u0101 ar\u012b pal\u012bdz sausin\u0101t riepu saskares virsmu ar ce\u013cu jebk\u0101dos apst\u0101k\u013cos.<\/span><\/span><\/span><\/p>\n","protected":false},"excerpt":{"rendered":"<p align=\"left\"><span style=\"color: #000000;\"><span style=\"font-family: Arial, sans-serif;\"><span style=\"font-size: medium;\"><b>Ecovision W586 <\/b>ziemas\/vissezonas riepu modelis ticis izstr\u0101d\u0101ts, \u0146emot v\u0113r\u0101 Zieme\u013cvalstu klimatiskos apst\u0101k\u013cus. Bud\u017eeta klas\u0113 tas izce\u013cas ar l\u012bdzsvarot\u0101m un vispus\u012bg\u0101m ekspluat\u0101cijas \u012bpa\u0161\u012bb\u0101m jebk\u0101dos brauk\u0161anas apst\u0101k\u013cos.<\/span><\/span><\/span><\/p>\n","protected":false},"featured_media":197239,"template":"","meta":{"_acf_changed":false,"ngg_post_thumbnail":0},"product_brand":[],"product_cat":[47,45],"product_tag":[],"class_list":{"0":"post-196436","1":"product","2":"type-product","3":"status-publish","4":"has-post-thumbnail","6":"product_cat-vissezonas-riepas","7":"product_cat-ziemas-riepas","9":"first","10":"instock","11":"sale","12":"taxable","13":"shipping-taxable","14":"product-type-simple"},"acf":[],"yoast_head":"<!-- This site is optimized with the Yoast SEO Premium plugin v22.6 (Yoast SEO v27.3) - https:\/\/yoast.com\/product\/yoast-seo-premium-wordpress\/ -->\n<title>215\/55R17 Ecovision W586 98H XL &#8226; MMK Riepas<\/title>\n<meta name=\"description\" content=\"Ecovision V-586 b\u016bs viena no lab\u0101kaj\u0101m izv\u0113l\u0113m bud\u017eeta klas\u0113. Pieejams visos izm\u0113ros un pla\u0161\u0101 kl\u0101st\u0101 abos MMK riepu centros R\u012bg\u0101!\" \/>\n<meta name=\"robots\" content=\"index, follow, max-snippet:-1, max-image-preview:large, max-video-preview:-1\" \/>\n<link rel=\"canonical\" href=\"https:\/\/mmkriepas.lv\/en\/p\/215-55r17-ecovision-v-586-98h-xl\/\" \/>\n<meta property=\"og:locale\" content=\"en_US\" \/>\n<meta property=\"og:type\" content=\"article\" \/>\n<meta property=\"og:title\" content=\"215\/55R17 Ecovision W586 98H XL\" \/>\n<meta property=\"og:description\" content=\"Ecovision V-586 b\u016bs viena no lab\u0101kaj\u0101m izv\u0113l\u0113m bud\u017eeta klas\u0113. Pieejams visos izm\u0113ros un pla\u0161\u0101 kl\u0101st\u0101 abos MMK riepu centros R\u012bg\u0101!\" \/>\n<meta property=\"og:url\" content=\"https:\/\/mmkriepas.lv\/en\/p\/215-55r17-ecovision-v-586-98h-xl\/\" \/>\n<meta property=\"og:site_name\" content=\"MMK Riepas\" \/>\n<meta property=\"article:publisher\" content=\"https:\/\/www.facebook.com\/mmkserviss\/\" \/>\n<meta property=\"article:modified_time\" content=\"2024-01-23T08:58:50+00:00\" \/>\n<meta property=\"og:image\" content=\"https:\/\/mmkriepas.lv\/wp-content\/uploads\/2021\/08\/27535r19-ecovision-v-586-100v-ziemas-riepas.jpeg\" \/>\n\t<meta property=\"og:image:width\" content=\"1920\" \/>\n\t<meta property=\"og:image:height\" content=\"1440\" \/>\n\t<meta property=\"og:image:type\" content=\"image\/jpeg\" \/>\n<meta name=\"twitter:card\" content=\"summary_large_image\" \/>\n<meta name=\"twitter:label1\" content=\"Price\" \/>\n\t<meta name=\"twitter:data1\" content=\"&euro;62.00\" \/>\n\t<meta name=\"twitter:label2\" content=\"Availability\" \/>\n\t<meta name=\"twitter:data2\" content=\"In stock\" \/>\n<script type=\"application\/ld+json\" class=\"yoast-schema-graph\">{\"@context\":\"https:\\\/\\\/schema.org\",\"@graph\":[{\"@type\":\"WebPage\",\"@id\":\"https:\\\/\\\/mmkriepas.lv\\\/en\\\/p\\\/215-55r17-ecovision-v-586-98h-xl\\\/\",\"url\":\"https:\\\/\\\/mmkriepas.lv\\\/en\\\/p\\\/215-55r17-ecovision-v-586-98h-xl\\\/\",\"name\":\"215\\\/55R17 Ecovision W586 98H XL &#8226; MMK Riepas\",\"isPartOf\":{\"@id\":\"https:\\\/\\\/mmkriepas.lv\\\/en\\\/#website\"},\"primaryImageOfPage\":{\"@id\":\"https:\\\/\\\/mmkriepas.lv\\\/en\\\/p\\\/215-55r17-ecovision-v-586-98h-xl\\\/#primaryimage\"},\"image\":{\"@id\":\"https:\\\/\\\/mmkriepas.lv\\\/en\\\/p\\\/215-55r17-ecovision-v-586-98h-xl\\\/#primaryimage\"},\"thumbnailUrl\":\"https:\\\/\\\/mmkriepas.lv\\\/wp-content\\\/uploads\\\/2021\\\/08\\\/27535r19-ecovision-v-586-100v-ziemas-riepas.jpeg\",\"datePublished\":\"2021-08-26T07:47:52+00:00\",\"dateModified\":\"2024-01-23T08:58:50+00:00\",\"description\":\"Ecovision V-586 b\u016bs viena no lab\u0101kaj\u0101m izv\u0113l\u0113m bud\u017eeta klas\u0113. Pieejams visos izm\u0113ros un pla\u0161\u0101 kl\u0101st\u0101 abos MMK riepu centros R\u012bg\u0101!\",\"breadcrumb\":{\"@id\":\"https:\\\/\\\/mmkriepas.lv\\\/en\\\/p\\\/215-55r17-ecovision-v-586-98h-xl\\\/#breadcrumb\"},\"inLanguage\":\"en-US\",\"potentialAction\":[{\"@type\":\"ReadAction\",\"target\":[\"https:\\\/\\\/mmkriepas.lv\\\/en\\\/p\\\/215-55r17-ecovision-v-586-98h-xl\\\/\"]}]},{\"@type\":\"ImageObject\",\"inLanguage\":\"en-US\",\"@id\":\"https:\\\/\\\/mmkriepas.lv\\\/en\\\/p\\\/215-55r17-ecovision-v-586-98h-xl\\\/#primaryimage\",\"url\":\"https:\\\/\\\/mmkriepas.lv\\\/wp-content\\\/uploads\\\/2021\\\/08\\\/27535r19-ecovision-v-586-100v-ziemas-riepas.jpeg\",\"contentUrl\":\"https:\\\/\\\/mmkriepas.lv\\\/wp-content\\\/uploads\\\/2021\\\/08\\\/27535r19-ecovision-v-586-100v-ziemas-riepas.jpeg\",\"width\":1920,\"height\":1440,\"caption\":\"Ecovision V-586\"},{\"@type\":\"BreadcrumbList\",\"@id\":\"https:\\\/\\\/mmkriepas.lv\\\/en\\\/p\\\/215-55r17-ecovision-v-586-98h-xl\\\/#breadcrumb\",\"itemListElement\":[{\"@type\":\"ListItem\",\"position\":1,\"name\":\"S\u0101kums\",\"item\":\"https:\\\/\\\/mmkriepas.lv\\\/en\\\/\"},{\"@type\":\"ListItem\",\"position\":2,\"name\":\"215\\\/55R17 Ecovision W586 98H XL\"}]},{\"@type\":\"WebSite\",\"@id\":\"https:\\\/\\\/mmkriepas.lv\\\/en\\\/#website\",\"url\":\"https:\\\/\\\/mmkriepas.lv\\\/en\\\/\",\"name\":\"MMK Riepas\",\"description\":\"MMK Riepas\",\"alternateName\":\"MMK Riepu Serviss\",\"potentialAction\":[{\"@type\":\"SearchAction\",\"target\":{\"@type\":\"EntryPoint\",\"urlTemplate\":\"https:\\\/\\\/mmkriepas.lv\\\/en\\\/?s={search_term_string}\"},\"query-input\":{\"@type\":\"PropertyValueSpecification\",\"valueRequired\":true,\"valueName\":\"search_term_string\"}}],\"inLanguage\":\"en-US\"},{\"@type\":\"ImageObject\",\"inLanguage\":\"en-US\",\"@id\":\"https:\\\/\\\/mmkriepas.lv\\\/en\\\/p\\\/215-55r17-ecovision-v-586-98h-xl\\\/#local-main-organization-logo\",\"url\":\"\",\"contentUrl\":\"\",\"caption\":\"MMK Riepas\"}]}<\/script>\n<meta property=\"product:brand\" content=\"Ecovision W586\" \/>\n<meta property=\"product:price:amount\" content=\"62.00\" \/>\n<meta property=\"product:price:currency\" content=\"EUR\" \/>\n<meta property=\"og:availability\" content=\"instock\" \/>\n<meta property=\"product:availability\" content=\"instock\" \/>\n<meta property=\"product:condition\" content=\"new\" \/>\n<!-- \/ Yoast SEO Premium plugin. -->","yoast_head_json":{"title":"215\/55R17 Ecovision W586 98H XL &#8226; MMK Riepas","description":"Ecovision V-586 b\u016bs viena no lab\u0101kaj\u0101m izv\u0113l\u0113m bud\u017eeta klas\u0113. Pieejams visos izm\u0113ros un pla\u0161\u0101 kl\u0101st\u0101 abos MMK riepu centros R\u012bg\u0101!","robots":{"index":"index","follow":"follow","max-snippet":"max-snippet:-1","max-image-preview":"max-image-preview:large","max-video-preview":"max-video-preview:-1"},"canonical":"https:\/\/mmkriepas.lv\/en\/p\/215-55r17-ecovision-v-586-98h-xl\/","og_locale":"en_US","og_type":"article","og_title":"215\/55R17 Ecovision W586 98H XL","og_description":"Ecovision V-586 b\u016bs viena no lab\u0101kaj\u0101m izv\u0113l\u0113m bud\u017eeta klas\u0113. Pieejams visos izm\u0113ros un pla\u0161\u0101 kl\u0101st\u0101 abos MMK riepu centros R\u012bg\u0101!","og_url":"https:\/\/mmkriepas.lv\/en\/p\/215-55r17-ecovision-v-586-98h-xl\/","og_site_name":"MMK Riepas","article_publisher":"https:\/\/www.facebook.com\/mmkserviss\/","article_modified_time":"2024-01-23T08:58:50+00:00","og_image":[{"width":1920,"height":1440,"url":"https:\/\/mmkriepas.lv\/wp-content\/uploads\/2021\/08\/27535r19-ecovision-v-586-100v-ziemas-riepas.jpeg","type":"image\/jpeg"}],"twitter_card":"summary_large_image","twitter_misc":{"Price":"&euro;62.00","Availability":"In stock"},"schema":{"@context":"https:\/\/schema.org","@graph":[{"@type":"WebPage","@id":"https:\/\/mmkriepas.lv\/en\/p\/215-55r17-ecovision-v-586-98h-xl\/","url":"https:\/\/mmkriepas.lv\/en\/p\/215-55r17-ecovision-v-586-98h-xl\/","name":"215\/55R17 Ecovision W586 98H XL &#8226; MMK Riepas","isPartOf":{"@id":"https:\/\/mmkriepas.lv\/en\/#website"},"primaryImageOfPage":{"@id":"https:\/\/mmkriepas.lv\/en\/p\/215-55r17-ecovision-v-586-98h-xl\/#primaryimage"},"image":{"@id":"https:\/\/mmkriepas.lv\/en\/p\/215-55r17-ecovision-v-586-98h-xl\/#primaryimage"},"thumbnailUrl":"https:\/\/mmkriepas.lv\/wp-content\/uploads\/2021\/08\/27535r19-ecovision-v-586-100v-ziemas-riepas.jpeg","datePublished":"2021-08-26T07:47:52+00:00","dateModified":"2024-01-23T08:58:50+00:00","description":"Ecovision V-586 b\u016bs viena no lab\u0101kaj\u0101m izv\u0113l\u0113m bud\u017eeta klas\u0113. Pieejams visos izm\u0113ros un pla\u0161\u0101 kl\u0101st\u0101 abos MMK riepu centros R\u012bg\u0101!","breadcrumb":{"@id":"https:\/\/mmkriepas.lv\/en\/p\/215-55r17-ecovision-v-586-98h-xl\/#breadcrumb"},"inLanguage":"en-US","potentialAction":[{"@type":"ReadAction","target":["https:\/\/mmkriepas.lv\/en\/p\/215-55r17-ecovision-v-586-98h-xl\/"]}]},{"@type":"ImageObject","inLanguage":"en-US","@id":"https:\/\/mmkriepas.lv\/en\/p\/215-55r17-ecovision-v-586-98h-xl\/#primaryimage","url":"https:\/\/mmkriepas.lv\/wp-content\/uploads\/2021\/08\/27535r19-ecovision-v-586-100v-ziemas-riepas.jpeg","contentUrl":"https:\/\/mmkriepas.lv\/wp-content\/uploads\/2021\/08\/27535r19-ecovision-v-586-100v-ziemas-riepas.jpeg","width":1920,"height":1440,"caption":"Ecovision V-586"},{"@type":"BreadcrumbList","@id":"https:\/\/mmkriepas.lv\/en\/p\/215-55r17-ecovision-v-586-98h-xl\/#breadcrumb","itemListElement":[{"@type":"ListItem","position":1,"name":"S\u0101kums","item":"https:\/\/mmkriepas.lv\/en\/"},{"@type":"ListItem","position":2,"name":"215\/55R17 Ecovision W586 98H XL"}]},{"@type":"WebSite","@id":"https:\/\/mmkriepas.lv\/en\/#website","url":"https:\/\/mmkriepas.lv\/en\/","name":"MMK Riepas","description":"MMK Riepas","alternateName":"MMK Riepu Serviss","potentialAction":[{"@type":"SearchAction","target":{"@type":"EntryPoint","urlTemplate":"https:\/\/mmkriepas.lv\/en\/?s={search_term_string}"},"query-input":{"@type":"PropertyValueSpecification","valueRequired":true,"valueName":"search_term_string"}}],"inLanguage":"en-US"},{"@type":"ImageObject","inLanguage":"en-US","@id":"https:\/\/mmkriepas.lv\/en\/p\/215-55r17-ecovision-v-586-98h-xl\/#local-main-organization-logo","url":"","contentUrl":"","caption":"MMK Riepas"}]},"product_brand":"Ecovision W586","product_price_amount":"62.00","product_price_currency":"EUR","og_availability":"instock","product_availability":"instock","product_condition":"new"},"_links":{"self":[{"href":"https:\/\/mmkriepas.lv\/en\/wp-json\/wp\/v2\/product\/196436","targetHints":{"allow":["GET"]}}],"collection":[{"href":"https:\/\/mmkriepas.lv\/en\/wp-json\/wp\/v2\/product"}],"about":[{"href":"https:\/\/mmkriepas.lv\/en\/wp-json\/wp\/v2\/types\/product"}],"wp:featuredmedia":[{"embeddable":true,"href":"https:\/\/mmkriepas.lv\/en\/wp-json\/wp\/v2\/media\/197239"}],"wp:attachment":[{"href":"https:\/\/mmkriepas.lv\/en\/wp-json\/wp\/v2\/media?parent=196436"}],"wp:term":[{"taxonomy":"product_brand","embeddable":true,"href":"https:\/\/mmkriepas.lv\/en\/wp-json\/wp\/v2\/product_brand?post=196436"},{"taxonomy":"product_cat","embeddable":true,"href":"https:\/\/mmkriepas.lv\/en\/wp-json\/wp\/v2\/product_cat?post=196436"},{"taxonomy":"product_tag","embeddable":true,"href":"https:\/\/mmkriepas.lv\/en\/wp-json\/wp\/v2\/product_tag?post=196436"}],"curies":[{"name":"wp","href":"https:\/\/api.w.org\/{rel}","templated":true}]}}