{"id":194464,"date":"2021-08-24T14:18:44","date_gmt":"2021-08-24T11:18:44","guid":{"rendered":"https:\/\/mmkserviss.lv\/?post_type=product&#038;p=194464"},"modified":"2023-02-22T13:22:00","modified_gmt":"2023-02-22T11:22:00","slug":"225-45r17-cachland-ch-w2002-94h-xl","status":"publish","type":"product","link":"https:\/\/mmkriepas.lv\/en\/p\/225-45r17-cachland-ch-w2002-94h-xl\/","title":{"rendered":"225\/45R17 Cachland CH-W2002 94H XL"},"content":{"rendered":"<p><b>Cachland CH-W2002 <\/b><span style=\"font-weight: 400;\">ziemas\/vissezonas riepu modelis ticis izstr\u0101d\u0101ts, \u0146emot v\u0113r\u0101 Zieme\u013cvalstu klimatiskos apst\u0101k\u013cus. Bud\u017eeta klas\u0113 tas izce\u013cas ar l\u012bdzsvarot\u0101m un vispus\u012bg\u0101m ekspluat\u0101cijas \u012bpa\u0161\u012bb\u0101m jebk\u0101dos brauk\u0161anas apst\u0101k\u013cos.<\/span><\/p>\n<h3><b>Cachland CH-W2002 galven\u0101s iez\u012bmes<\/b><\/h3>\n<p><span style=\"font-weight: 400;\">+ Asimetrisks protektors ar sadal\u012bjumu funkcion\u0101los posmos nodro\u0161ina efektivit\u0101ti jebkuros apst\u0101k\u013cos<\/span><\/p>\n<p><span style=\"font-weight: 400;\">+ Protektor\u0101 iestr\u0101d\u0101tas vi\u013c\u0146veida lameles, kas vienlaikus uzlabo veiktsp\u0113ju gan vasaras, gan ziemas apst\u0101k\u013cos<\/span><\/p>\n<p><span style=\"font-weight: 400;\">+ Gareniska riba riepas konstrukcijas uzb\u016bv\u0113 palielina vad\u012bbas precizit\u0101ti un stabilit\u0101ti<\/span><\/p>\n<p><span style=\"font-weight: 400;\">+ Plati plecu bloki samazina s\u0101nsl\u012bdes risku manevr\u0113\u0161anas laik\u0101<\/span><\/p>\n<h3><b>CH-W2002 apr\u012bkojums<\/b><\/h3>\n<p><span style=\"font-weight: 400;\"><b>Cachland CH-W2002<\/b> izv\u0113l\u0113ts asimetrisks protektora dizains, lai apvienotu optim\u0101lus veiktsp\u0113jas r\u0101d\u012bt\u0101jus gan vasaras, gan ziemas apst\u0101k\u013cos. Taisnie, gareniskie dren\u0101\u017eas kan\u0101li b\u016btiski samazina akvaplan\u0113\u0161anas risku vasar\u0101, toties as\u0101 le\u0146\u0137\u012b izvietotie, mas\u012bvie protektora bloki uzlabo veiktsp\u0113ju snieg\u0101 un slapjdra\u0146\u0137\u012b.<\/span><\/p>\n<p><span style=\"font-weight: 400;\">Protektora blokos iestr\u0101d\u0101tas lameles, kuras ziem\u0101 pal\u012bdz veidot sa\u0137eri ar apledoju\u0161\u0101m ce\u013ca virsm\u0101m, k\u0101 ar\u012b pal\u012bdz sausin\u0101t riepu saskares virsmu ar ce\u013cu jebk\u0101dos apst\u0101k\u013cos.<\/span><\/p>\n<p><span style=\"font-weight: 400;\">Turkl\u0101t, \u0161is riepu modelis citu bud\u017eeta klas\u0113 izce\u013cas ar teicamu nodilumiztur\u012bbu un dzi\u013cu protektora dizainu. Latvij\u0101 tas izpeln\u012bjies milz\u012bgu popularit\u0101ti to autovad\u012bt\u0101ju vid\u016b, kas ikdien\u0101 m\u0113dz sastapties ar visda\u017e\u0101d\u0101kajiem brauk\u0161anas apst\u0101k\u013ciem &#8211; no sausa pils\u0113tas asfalta l\u012bdz apledoju\u0161iem un sniegotiem zemes ce\u013ciem, <b>CH-W2002 <\/b>b\u016bs viena no lab\u0101kaj\u0101m izv\u0113l\u0113m bud\u017eeta klas\u0113.<\/span><\/p>\n","protected":false},"excerpt":{"rendered":"<p><b>Cachland CH-W2002 &#8211; <\/b><span style=\"font-weight: 400;\">ziemas\/vissezonas riepu modelis, kas uzr\u0101da teicamus veikts\u0113jas r\u0101d\u012bt\u0101jus gan ziemas, gan vasaras apst\u0101k\u013cos. Izcila nodilumiztur\u012bba, teicama sa\u0137ere un manevr\u0113tsp\u0113ja.<\/span><\/p>\n","protected":false},"featured_media":3332,"template":"","meta":{"_acf_changed":false,"ngg_post_thumbnail":0},"product_brand":[],"product_cat":[47,45],"product_tag":[19636],"class_list":{"0":"post-194464","1":"product","2":"type-product","3":"status-publish","4":"has-post-thumbnail","6":"product_cat-vissezonas-riepas","7":"product_cat-ziemas-riepas","8":"product_tag-dzeltens","10":"first","11":"instock","12":"sale","13":"taxable","14":"shipping-taxable","15":"product-type-simple"},"acf":[],"yoast_head":"<!-- This site is optimized with the Yoast SEO Premium plugin v22.6 (Yoast SEO v27.3) - https:\/\/yoast.com\/product\/yoast-seo-premium-wordpress\/ -->\n<title>225\/45R17 Cachland CH-W2002 94H XL &#8226; MMK Riepas<\/title>\n<meta name=\"description\" content=\"Cachland CH-W2002 - izcils vissezonas\/ziemas riepu modelis . Pieejams visos izm\u0113ros un pla\u0161\u0101 kl\u0101st\u0101 abos MMK riepu centros R\u012bg\u0101!\" \/>\n<meta name=\"robots\" content=\"index, follow, max-snippet:-1, max-image-preview:large, max-video-preview:-1\" \/>\n<link rel=\"canonical\" href=\"https:\/\/mmkriepas.lv\/en\/p\/225-45r17-cachland-ch-w2002-94h-xl\/\" \/>\n<meta property=\"og:locale\" content=\"en_US\" \/>\n<meta property=\"og:type\" content=\"article\" \/>\n<meta property=\"og:title\" content=\"225\/45R17 Cachland CH-W2002 94H XL\" \/>\n<meta property=\"og:description\" content=\"Cachland CH-W2002 - izcils vissezonas\/ziemas riepu modelis . Pieejams visos izm\u0113ros un pla\u0161\u0101 kl\u0101st\u0101 abos MMK riepu centros R\u012bg\u0101!\" \/>\n<meta property=\"og:url\" content=\"https:\/\/mmkriepas.lv\/en\/p\/225-45r17-cachland-ch-w2002-94h-xl\/\" \/>\n<meta property=\"og:site_name\" content=\"MMK Riepas\" \/>\n<meta property=\"article:publisher\" content=\"https:\/\/www.facebook.com\/mmkserviss\/\" \/>\n<meta property=\"article:modified_time\" content=\"2023-02-22T11:22:00+00:00\" \/>\n<meta property=\"og:image\" content=\"https:\/\/mmkriepas.lv\/wp-content\/uploads\/2016\/10\/27535r19-cachland-ch-w2002-100v-ziemas-riepas.jpg\" \/>\n\t<meta property=\"og:image:width\" content=\"1920\" \/>\n\t<meta property=\"og:image:height\" content=\"1280\" \/>\n\t<meta property=\"og:image:type\" content=\"image\/jpeg\" \/>\n<meta name=\"twitter:card\" content=\"summary_large_image\" \/>\n<meta name=\"twitter:label1\" content=\"Price\" \/>\n\t<meta name=\"twitter:data1\" content=\"&euro;59.00\" \/>\n\t<meta name=\"twitter:label2\" content=\"Availability\" \/>\n\t<meta name=\"twitter:data2\" content=\"In stock\" \/>\n<script type=\"application\/ld+json\" class=\"yoast-schema-graph\">{\"@context\":\"https:\\\/\\\/schema.org\",\"@graph\":[{\"@type\":\"WebPage\",\"@id\":\"https:\\\/\\\/mmkriepas.lv\\\/en\\\/p\\\/225-45r17-cachland-ch-w2002-94h-xl\\\/\",\"url\":\"https:\\\/\\\/mmkriepas.lv\\\/en\\\/p\\\/225-45r17-cachland-ch-w2002-94h-xl\\\/\",\"name\":\"225\\\/45R17 Cachland CH-W2002 94H XL &#8226; MMK Riepas\",\"isPartOf\":{\"@id\":\"https:\\\/\\\/mmkriepas.lv\\\/en\\\/#website\"},\"primaryImageOfPage\":{\"@id\":\"https:\\\/\\\/mmkriepas.lv\\\/en\\\/p\\\/225-45r17-cachland-ch-w2002-94h-xl\\\/#primaryimage\"},\"image\":{\"@id\":\"https:\\\/\\\/mmkriepas.lv\\\/en\\\/p\\\/225-45r17-cachland-ch-w2002-94h-xl\\\/#primaryimage\"},\"thumbnailUrl\":\"https:\\\/\\\/mmkriepas.lv\\\/wp-content\\\/uploads\\\/2016\\\/10\\\/27535r19-cachland-ch-w2002-100v-ziemas-riepas.jpg\",\"datePublished\":\"2021-08-24T11:18:44+00:00\",\"dateModified\":\"2023-02-22T11:22:00+00:00\",\"description\":\"Cachland CH-W2002 - izcils vissezonas\\\/ziemas riepu modelis . Pieejams visos izm\u0113ros un pla\u0161\u0101 kl\u0101st\u0101 abos MMK riepu centros R\u012bg\u0101!\",\"breadcrumb\":{\"@id\":\"https:\\\/\\\/mmkriepas.lv\\\/en\\\/p\\\/225-45r17-cachland-ch-w2002-94h-xl\\\/#breadcrumb\"},\"inLanguage\":\"en-US\",\"potentialAction\":[{\"@type\":\"ReadAction\",\"target\":[\"https:\\\/\\\/mmkriepas.lv\\\/en\\\/p\\\/225-45r17-cachland-ch-w2002-94h-xl\\\/\"]}]},{\"@type\":\"ImageObject\",\"inLanguage\":\"en-US\",\"@id\":\"https:\\\/\\\/mmkriepas.lv\\\/en\\\/p\\\/225-45r17-cachland-ch-w2002-94h-xl\\\/#primaryimage\",\"url\":\"https:\\\/\\\/mmkriepas.lv\\\/wp-content\\\/uploads\\\/2016\\\/10\\\/27535r19-cachland-ch-w2002-100v-ziemas-riepas.jpg\",\"contentUrl\":\"https:\\\/\\\/mmkriepas.lv\\\/wp-content\\\/uploads\\\/2016\\\/10\\\/27535r19-cachland-ch-w2002-100v-ziemas-riepas.jpg\",\"width\":1920,\"height\":1280,\"caption\":\"275\\\/35R19 Cachland CH-W2002 100V - Vissezonas riepas \\\/ Ziemas riepas\"},{\"@type\":\"BreadcrumbList\",\"@id\":\"https:\\\/\\\/mmkriepas.lv\\\/en\\\/p\\\/225-45r17-cachland-ch-w2002-94h-xl\\\/#breadcrumb\",\"itemListElement\":[{\"@type\":\"ListItem\",\"position\":1,\"name\":\"S\u0101kums\",\"item\":\"https:\\\/\\\/mmkriepas.lv\\\/en\\\/\"},{\"@type\":\"ListItem\",\"position\":2,\"name\":\"225\\\/45R17 Cachland CH-W2002 94H XL\"}]},{\"@type\":\"WebSite\",\"@id\":\"https:\\\/\\\/mmkriepas.lv\\\/en\\\/#website\",\"url\":\"https:\\\/\\\/mmkriepas.lv\\\/en\\\/\",\"name\":\"MMK Riepas\",\"description\":\"MMK Riepas\",\"alternateName\":\"MMK Riepu Serviss\",\"potentialAction\":[{\"@type\":\"SearchAction\",\"target\":{\"@type\":\"EntryPoint\",\"urlTemplate\":\"https:\\\/\\\/mmkriepas.lv\\\/en\\\/?s={search_term_string}\"},\"query-input\":{\"@type\":\"PropertyValueSpecification\",\"valueRequired\":true,\"valueName\":\"search_term_string\"}}],\"inLanguage\":\"en-US\"},{\"@type\":\"ImageObject\",\"inLanguage\":\"en-US\",\"@id\":\"https:\\\/\\\/mmkriepas.lv\\\/en\\\/p\\\/225-45r17-cachland-ch-w2002-94h-xl\\\/#local-main-organization-logo\",\"url\":\"\",\"contentUrl\":\"\",\"caption\":\"MMK Riepas\"}]}<\/script>\n<meta property=\"product:brand\" content=\"Cachland CH-W2002\" \/>\n<meta property=\"product:price:amount\" content=\"59.00\" \/>\n<meta property=\"product:price:currency\" content=\"EUR\" \/>\n<meta property=\"og:availability\" content=\"instock\" \/>\n<meta property=\"product:availability\" content=\"instock\" \/>\n<meta property=\"product:condition\" content=\"new\" \/>\n<!-- \/ Yoast SEO Premium plugin. -->","yoast_head_json":{"title":"225\/45R17 Cachland CH-W2002 94H XL &#8226; MMK Riepas","description":"Cachland CH-W2002 - izcils vissezonas\/ziemas riepu modelis . Pieejams visos izm\u0113ros un pla\u0161\u0101 kl\u0101st\u0101 abos MMK riepu centros R\u012bg\u0101!","robots":{"index":"index","follow":"follow","max-snippet":"max-snippet:-1","max-image-preview":"max-image-preview:large","max-video-preview":"max-video-preview:-1"},"canonical":"https:\/\/mmkriepas.lv\/en\/p\/225-45r17-cachland-ch-w2002-94h-xl\/","og_locale":"en_US","og_type":"article","og_title":"225\/45R17 Cachland CH-W2002 94H XL","og_description":"Cachland CH-W2002 - izcils vissezonas\/ziemas riepu modelis . Pieejams visos izm\u0113ros un pla\u0161\u0101 kl\u0101st\u0101 abos MMK riepu centros R\u012bg\u0101!","og_url":"https:\/\/mmkriepas.lv\/en\/p\/225-45r17-cachland-ch-w2002-94h-xl\/","og_site_name":"MMK Riepas","article_publisher":"https:\/\/www.facebook.com\/mmkserviss\/","article_modified_time":"2023-02-22T11:22:00+00:00","og_image":[{"width":1920,"height":1280,"url":"https:\/\/mmkriepas.lv\/wp-content\/uploads\/2016\/10\/27535r19-cachland-ch-w2002-100v-ziemas-riepas.jpg","type":"image\/jpeg"}],"twitter_card":"summary_large_image","twitter_misc":{"Price":"&euro;59.00","Availability":"In stock"},"schema":{"@context":"https:\/\/schema.org","@graph":[{"@type":"WebPage","@id":"https:\/\/mmkriepas.lv\/en\/p\/225-45r17-cachland-ch-w2002-94h-xl\/","url":"https:\/\/mmkriepas.lv\/en\/p\/225-45r17-cachland-ch-w2002-94h-xl\/","name":"225\/45R17 Cachland CH-W2002 94H XL &#8226; MMK Riepas","isPartOf":{"@id":"https:\/\/mmkriepas.lv\/en\/#website"},"primaryImageOfPage":{"@id":"https:\/\/mmkriepas.lv\/en\/p\/225-45r17-cachland-ch-w2002-94h-xl\/#primaryimage"},"image":{"@id":"https:\/\/mmkriepas.lv\/en\/p\/225-45r17-cachland-ch-w2002-94h-xl\/#primaryimage"},"thumbnailUrl":"https:\/\/mmkriepas.lv\/wp-content\/uploads\/2016\/10\/27535r19-cachland-ch-w2002-100v-ziemas-riepas.jpg","datePublished":"2021-08-24T11:18:44+00:00","dateModified":"2023-02-22T11:22:00+00:00","description":"Cachland CH-W2002 - izcils vissezonas\/ziemas riepu modelis . Pieejams visos izm\u0113ros un pla\u0161\u0101 kl\u0101st\u0101 abos MMK riepu centros R\u012bg\u0101!","breadcrumb":{"@id":"https:\/\/mmkriepas.lv\/en\/p\/225-45r17-cachland-ch-w2002-94h-xl\/#breadcrumb"},"inLanguage":"en-US","potentialAction":[{"@type":"ReadAction","target":["https:\/\/mmkriepas.lv\/en\/p\/225-45r17-cachland-ch-w2002-94h-xl\/"]}]},{"@type":"ImageObject","inLanguage":"en-US","@id":"https:\/\/mmkriepas.lv\/en\/p\/225-45r17-cachland-ch-w2002-94h-xl\/#primaryimage","url":"https:\/\/mmkriepas.lv\/wp-content\/uploads\/2016\/10\/27535r19-cachland-ch-w2002-100v-ziemas-riepas.jpg","contentUrl":"https:\/\/mmkriepas.lv\/wp-content\/uploads\/2016\/10\/27535r19-cachland-ch-w2002-100v-ziemas-riepas.jpg","width":1920,"height":1280,"caption":"275\/35R19 Cachland CH-W2002 100V - Vissezonas riepas \/ Ziemas riepas"},{"@type":"BreadcrumbList","@id":"https:\/\/mmkriepas.lv\/en\/p\/225-45r17-cachland-ch-w2002-94h-xl\/#breadcrumb","itemListElement":[{"@type":"ListItem","position":1,"name":"S\u0101kums","item":"https:\/\/mmkriepas.lv\/en\/"},{"@type":"ListItem","position":2,"name":"225\/45R17 Cachland CH-W2002 94H XL"}]},{"@type":"WebSite","@id":"https:\/\/mmkriepas.lv\/en\/#website","url":"https:\/\/mmkriepas.lv\/en\/","name":"MMK Riepas","description":"MMK Riepas","alternateName":"MMK Riepu Serviss","potentialAction":[{"@type":"SearchAction","target":{"@type":"EntryPoint","urlTemplate":"https:\/\/mmkriepas.lv\/en\/?s={search_term_string}"},"query-input":{"@type":"PropertyValueSpecification","valueRequired":true,"valueName":"search_term_string"}}],"inLanguage":"en-US"},{"@type":"ImageObject","inLanguage":"en-US","@id":"https:\/\/mmkriepas.lv\/en\/p\/225-45r17-cachland-ch-w2002-94h-xl\/#local-main-organization-logo","url":"","contentUrl":"","caption":"MMK Riepas"}]},"product_brand":"Cachland CH-W2002","product_price_amount":"59.00","product_price_currency":"EUR","og_availability":"instock","product_availability":"instock","product_condition":"new"},"_links":{"self":[{"href":"https:\/\/mmkriepas.lv\/en\/wp-json\/wp\/v2\/product\/194464","targetHints":{"allow":["GET"]}}],"collection":[{"href":"https:\/\/mmkriepas.lv\/en\/wp-json\/wp\/v2\/product"}],"about":[{"href":"https:\/\/mmkriepas.lv\/en\/wp-json\/wp\/v2\/types\/product"}],"wp:featuredmedia":[{"embeddable":true,"href":"https:\/\/mmkriepas.lv\/en\/wp-json\/wp\/v2\/media\/3332"}],"wp:attachment":[{"href":"https:\/\/mmkriepas.lv\/en\/wp-json\/wp\/v2\/media?parent=194464"}],"wp:term":[{"taxonomy":"product_brand","embeddable":true,"href":"https:\/\/mmkriepas.lv\/en\/wp-json\/wp\/v2\/product_brand?post=194464"},{"taxonomy":"product_cat","embeddable":true,"href":"https:\/\/mmkriepas.lv\/en\/wp-json\/wp\/v2\/product_cat?post=194464"},{"taxonomy":"product_tag","embeddable":true,"href":"https:\/\/mmkriepas.lv\/en\/wp-json\/wp\/v2\/product_tag?post=194464"}],"curies":[{"name":"wp","href":"https:\/\/api.w.org\/{rel}","templated":true}]}}