{"id":192438,"date":"2021-08-17T15:13:44","date_gmt":"2021-08-17T12:13:44","guid":{"rendered":"https:\/\/mmkserviss.lv\/?post_type=product&#038;p=192438"},"modified":"2023-02-22T17:33:19","modified_gmt":"2023-02-22T15:33:19","slug":"225-70r15c-hankook-winter-ipike-lt-rw09-112-110r","status":"publish","type":"product","link":"https:\/\/mmkriepas.lv\/en\/p\/225-70r15c-hankook-winter-ipike-lt-rw09-112-110r\/","title":{"rendered":"225\/70R15C Hankook Winter i*pike LT RW09 112\/110R"},"content":{"rendered":"<p><strong>Hankook Winter i*<\/strong><strong>p<\/strong><strong>ike LT RW09<\/strong> ir rad\u017eojams ziemas riepu modelis, kas paredz\u0113ts komerctransportam. Tas izce\u013cas ar c indeksa riep\u0101m neierasto virz\u012bt\u0101 stila protektora rakstu, uzlabojot riepas veiktsp\u0113ju snieg\u0101. \u0160is mikroautobusu riepu modelis b\u016bs izcils sabiedrotais c\u012b\u0146\u0101 ar skarbiem ziemas apst\u0101k\u013ciem. \u0160is modelis ir pieejams gan ar radz\u0113m, gan bez t\u0101m!<\/p>\n<h3><strong>Winter i*<\/strong><strong>p<\/strong><strong>ike LT RW09 galven\u0101s iez\u012bmes:<\/strong><\/h3>\n<p>+ Uzlabots protektora raksts!<\/p>\n<p>+ Degvielas ekonomija!<\/p>\n<p>+ Paredz\u0113ts komerctransportam- mikroautobusiem un vieglajiem kravas auto!<\/p>\n<p>+ Palielin\u0101ta kravnes\u012bba un triecieniztur\u012bba!<\/p>\n<p>+ Gluda un komfortabla gaita!<\/p>\n<p>+ Lieliska veiktsp\u0113ja snieg\u0101 un uz ledus!<\/p>\n<h3><strong>Winter i*<\/strong><strong>p<\/strong><strong>ike LT RW09 apr\u012bkojums<\/strong><\/h3>\n<p><strong>Hankook Winter i*<\/strong><strong>p<\/strong><strong>ike LT RW09<\/strong> protektora raksts ar 3D model\u0113\u0161anas pal\u012bdz\u012bbu padar\u012bts aero un hidro-dinamisk\u0101ks. Virz\u012bt\u0101 stil\u0101 izvietotajos protektora blokos iestr\u0101d\u0101ti vair\u0101ki t\u016bksto\u0161i bl\u012bvi izvietotu lame\u013cu, kuras, tand\u0113m\u0101 ar radz\u0113m, pal\u012bdz\u0113s c\u012b\u0146\u0101 ar skarbiem ziemas apst\u0101k\u013ciem.<\/p>\n<p>Pati riepa darin\u0101ta no augstas kvalit\u0101tes gumijas mais\u012bjuma un pastiprin\u0101ta ar vair\u0101kiem kordu jeb brekera sl\u0101\u0146iem, padarot riepu sp\u0113j\u012bgu piel\u0101goties pla\u0161am temperat\u016bru diapazonam, triecieniztur\u012bgu un nodilumiztur\u012bgu.<\/p>\n<p>MMK Riepu Servisa speci\u0101listi iesaka savam komerctransportam izv\u0113l\u0113ties Hankook Winter i*pike LT RW09\u00a0ziemas riepas, ja J\u016bs savu mikroautobusu vai vieglo kravas auto eksplaut\u0113jat skarbos brauk\u0161anas apst\u0101k\u013cos, braucot pa reti t\u012br\u012btiem lauku vai me\u017ea ce\u013ciem.<\/p>\n","protected":false},"excerpt":{"rendered":"<p><strong>Hankook Winter i*<\/strong><strong>p<\/strong><strong>ike LT RW09<\/strong> ir rad\u017eojams ziemas riepu modelis, kas paredz\u0113ts komerctransportam. Tas izce\u013cas ar c indeksa riep\u0101m neierasto virz\u012bt\u0101 stila protektora rakstu, uzlabojot riepas veiktsp\u0113ju snieg\u0101. \u0160is mikroautobusu riepu modelis b\u016bs izcils sabiedrotais c\u012b\u0146\u0101 ar skarbiem ziemas apst\u0101k\u013ciem. \u0160is modelis ir pieejams gan ar radz\u0113m, gan bez t\u0101m!<\/p>\n","protected":false},"featured_media":156435,"template":"","meta":{"_acf_changed":false,"ngg_post_thumbnail":0},"product_brand":[],"product_cat":[47,45],"product_tag":[15572],"class_list":{"0":"post-192438","1":"product","2":"type-product","3":"status-publish","4":"has-post-thumbnail","6":"product_cat-vissezonas-riepas","7":"product_cat-ziemas-riepas","8":"product_tag-latakko","10":"first","11":"instock","12":"sale","13":"taxable","14":"shipping-taxable","15":"product-type-simple"},"acf":[],"yoast_head":"<!-- This site is optimized with the Yoast SEO Premium plugin v22.6 (Yoast SEO v27.3) - https:\/\/yoast.com\/product\/yoast-seo-premium-wordpress\/ -->\n<title>225\/70R15C Hankook Winter i*pike LT RW09 112\/110R &#8226; MMK Riepas<\/title>\n<meta name=\"description\" content=\"Hankook Winter i*Pike LT RW09 - c indeksa ziemas riepa, gatava st\u0101ties pret\u012b bargiem apst\u0101k\u013ciem. Pieejama MMK Riepu Centros!\" \/>\n<meta name=\"robots\" content=\"index, follow, max-snippet:-1, max-image-preview:large, max-video-preview:-1\" \/>\n<link rel=\"canonical\" href=\"https:\/\/mmkriepas.lv\/en\/p\/225-70r15c-hankook-winter-ipike-lt-rw09-112-110r\/\" \/>\n<meta property=\"og:locale\" content=\"en_US\" \/>\n<meta property=\"og:type\" content=\"article\" \/>\n<meta property=\"og:title\" content=\"225\/70R15C Hankook Winter i*pike LT RW09 112\/110R\" \/>\n<meta property=\"og:description\" content=\"Hankook Winter i*Pike LT RW09 - c indeksa ziemas riepa, gatava st\u0101ties pret\u012b bargiem apst\u0101k\u013ciem. Pieejama MMK Riepu Centros!\" \/>\n<meta property=\"og:url\" content=\"https:\/\/mmkriepas.lv\/en\/p\/225-70r15c-hankook-winter-ipike-lt-rw09-112-110r\/\" \/>\n<meta property=\"og:site_name\" content=\"MMK Riepas\" \/>\n<meta property=\"article:publisher\" content=\"https:\/\/www.facebook.com\/mmkserviss\/\" \/>\n<meta property=\"article:modified_time\" content=\"2023-02-22T15:33:19+00:00\" \/>\n<meta property=\"og:image\" content=\"https:\/\/mmkriepas.lv\/wp-content\/uploads\/2020\/10\/23565r16c-hankook-winter-ipike-lt-rw09-115113r-ziemas-riepas.jpg\" \/>\n\t<meta property=\"og:image:width\" content=\"1920\" \/>\n\t<meta property=\"og:image:height\" content=\"1280\" \/>\n\t<meta property=\"og:image:type\" content=\"image\/jpeg\" \/>\n<meta name=\"twitter:card\" content=\"summary_large_image\" \/>\n<meta name=\"twitter:label1\" content=\"Price\" \/>\n\t<meta name=\"twitter:data1\" content=\"&euro;92.00\" \/>\n\t<meta name=\"twitter:label2\" content=\"Availability\" \/>\n\t<meta name=\"twitter:data2\" content=\"In stock\" \/>\n<script type=\"application\/ld+json\" class=\"yoast-schema-graph\">{\"@context\":\"https:\\\/\\\/schema.org\",\"@graph\":[{\"@type\":\"WebPage\",\"@id\":\"https:\\\/\\\/mmkriepas.lv\\\/en\\\/p\\\/225-70r15c-hankook-winter-ipike-lt-rw09-112-110r\\\/\",\"url\":\"https:\\\/\\\/mmkriepas.lv\\\/en\\\/p\\\/225-70r15c-hankook-winter-ipike-lt-rw09-112-110r\\\/\",\"name\":\"225\\\/70R15C Hankook Winter i*pike LT RW09 112\\\/110R &#8226; MMK Riepas\",\"isPartOf\":{\"@id\":\"https:\\\/\\\/mmkriepas.lv\\\/en\\\/#website\"},\"primaryImageOfPage\":{\"@id\":\"https:\\\/\\\/mmkriepas.lv\\\/en\\\/p\\\/225-70r15c-hankook-winter-ipike-lt-rw09-112-110r\\\/#primaryimage\"},\"image\":{\"@id\":\"https:\\\/\\\/mmkriepas.lv\\\/en\\\/p\\\/225-70r15c-hankook-winter-ipike-lt-rw09-112-110r\\\/#primaryimage\"},\"thumbnailUrl\":\"https:\\\/\\\/mmkriepas.lv\\\/wp-content\\\/uploads\\\/2020\\\/10\\\/23565r16c-hankook-winter-ipike-lt-rw09-115113r-ziemas-riepas.jpg\",\"datePublished\":\"2021-08-17T12:13:44+00:00\",\"dateModified\":\"2023-02-22T15:33:19+00:00\",\"description\":\"Hankook Winter i*Pike LT RW09 - c indeksa ziemas riepa, gatava st\u0101ties pret\u012b bargiem apst\u0101k\u013ciem. Pieejama MMK Riepu Centros!\",\"breadcrumb\":{\"@id\":\"https:\\\/\\\/mmkriepas.lv\\\/en\\\/p\\\/225-70r15c-hankook-winter-ipike-lt-rw09-112-110r\\\/#breadcrumb\"},\"inLanguage\":\"en-US\",\"potentialAction\":[{\"@type\":\"ReadAction\",\"target\":[\"https:\\\/\\\/mmkriepas.lv\\\/en\\\/p\\\/225-70r15c-hankook-winter-ipike-lt-rw09-112-110r\\\/\"]}]},{\"@type\":\"ImageObject\",\"inLanguage\":\"en-US\",\"@id\":\"https:\\\/\\\/mmkriepas.lv\\\/en\\\/p\\\/225-70r15c-hankook-winter-ipike-lt-rw09-112-110r\\\/#primaryimage\",\"url\":\"https:\\\/\\\/mmkriepas.lv\\\/wp-content\\\/uploads\\\/2020\\\/10\\\/23565r16c-hankook-winter-ipike-lt-rw09-115113r-ziemas-riepas.jpg\",\"contentUrl\":\"https:\\\/\\\/mmkriepas.lv\\\/wp-content\\\/uploads\\\/2020\\\/10\\\/23565r16c-hankook-winter-ipike-lt-rw09-115113r-ziemas-riepas.jpg\",\"width\":1920,\"height\":1280,\"caption\":\"235\\\/65R16C Hankook Winter i*Pike LT RW09 115\\\/113R - Vissezonas riepas \\\/ Ziemas riepas\"},{\"@type\":\"BreadcrumbList\",\"@id\":\"https:\\\/\\\/mmkriepas.lv\\\/en\\\/p\\\/225-70r15c-hankook-winter-ipike-lt-rw09-112-110r\\\/#breadcrumb\",\"itemListElement\":[{\"@type\":\"ListItem\",\"position\":1,\"name\":\"S\u0101kums\",\"item\":\"https:\\\/\\\/mmkriepas.lv\\\/en\\\/\"},{\"@type\":\"ListItem\",\"position\":2,\"name\":\"225\\\/70R15C Hankook Winter i*pike LT RW09 112\\\/110R\"}]},{\"@type\":\"WebSite\",\"@id\":\"https:\\\/\\\/mmkriepas.lv\\\/en\\\/#website\",\"url\":\"https:\\\/\\\/mmkriepas.lv\\\/en\\\/\",\"name\":\"MMK Riepas\",\"description\":\"MMK Riepas\",\"alternateName\":\"MMK Riepu Serviss\",\"potentialAction\":[{\"@type\":\"SearchAction\",\"target\":{\"@type\":\"EntryPoint\",\"urlTemplate\":\"https:\\\/\\\/mmkriepas.lv\\\/en\\\/?s={search_term_string}\"},\"query-input\":{\"@type\":\"PropertyValueSpecification\",\"valueRequired\":true,\"valueName\":\"search_term_string\"}}],\"inLanguage\":\"en-US\"},{\"@type\":\"ImageObject\",\"inLanguage\":\"en-US\",\"@id\":\"https:\\\/\\\/mmkriepas.lv\\\/en\\\/p\\\/225-70r15c-hankook-winter-ipike-lt-rw09-112-110r\\\/#local-main-organization-logo\",\"url\":\"\",\"contentUrl\":\"\",\"caption\":\"MMK Riepas\"}]}<\/script>\n<meta property=\"product:brand\" content=\"Hankook Winter i*pike LT RW09\" \/>\n<meta property=\"product:price:amount\" content=\"92.00\" \/>\n<meta property=\"product:price:currency\" content=\"EUR\" \/>\n<meta property=\"og:availability\" content=\"instock\" \/>\n<meta property=\"product:availability\" content=\"instock\" \/>\n<meta property=\"product:condition\" content=\"new\" \/>\n<!-- \/ Yoast SEO Premium plugin. -->","yoast_head_json":{"title":"225\/70R15C Hankook Winter i*pike LT RW09 112\/110R &#8226; MMK Riepas","description":"Hankook Winter i*Pike LT RW09 - c indeksa ziemas riepa, gatava st\u0101ties pret\u012b bargiem apst\u0101k\u013ciem. Pieejama MMK Riepu Centros!","robots":{"index":"index","follow":"follow","max-snippet":"max-snippet:-1","max-image-preview":"max-image-preview:large","max-video-preview":"max-video-preview:-1"},"canonical":"https:\/\/mmkriepas.lv\/en\/p\/225-70r15c-hankook-winter-ipike-lt-rw09-112-110r\/","og_locale":"en_US","og_type":"article","og_title":"225\/70R15C Hankook Winter i*pike LT RW09 112\/110R","og_description":"Hankook Winter i*Pike LT RW09 - c indeksa ziemas riepa, gatava st\u0101ties pret\u012b bargiem apst\u0101k\u013ciem. Pieejama MMK Riepu Centros!","og_url":"https:\/\/mmkriepas.lv\/en\/p\/225-70r15c-hankook-winter-ipike-lt-rw09-112-110r\/","og_site_name":"MMK Riepas","article_publisher":"https:\/\/www.facebook.com\/mmkserviss\/","article_modified_time":"2023-02-22T15:33:19+00:00","og_image":[{"width":1920,"height":1280,"url":"https:\/\/mmkriepas.lv\/wp-content\/uploads\/2020\/10\/23565r16c-hankook-winter-ipike-lt-rw09-115113r-ziemas-riepas.jpg","type":"image\/jpeg"}],"twitter_card":"summary_large_image","twitter_misc":{"Price":"&euro;92.00","Availability":"In stock"},"schema":{"@context":"https:\/\/schema.org","@graph":[{"@type":"WebPage","@id":"https:\/\/mmkriepas.lv\/en\/p\/225-70r15c-hankook-winter-ipike-lt-rw09-112-110r\/","url":"https:\/\/mmkriepas.lv\/en\/p\/225-70r15c-hankook-winter-ipike-lt-rw09-112-110r\/","name":"225\/70R15C Hankook Winter i*pike LT RW09 112\/110R &#8226; MMK Riepas","isPartOf":{"@id":"https:\/\/mmkriepas.lv\/en\/#website"},"primaryImageOfPage":{"@id":"https:\/\/mmkriepas.lv\/en\/p\/225-70r15c-hankook-winter-ipike-lt-rw09-112-110r\/#primaryimage"},"image":{"@id":"https:\/\/mmkriepas.lv\/en\/p\/225-70r15c-hankook-winter-ipike-lt-rw09-112-110r\/#primaryimage"},"thumbnailUrl":"https:\/\/mmkriepas.lv\/wp-content\/uploads\/2020\/10\/23565r16c-hankook-winter-ipike-lt-rw09-115113r-ziemas-riepas.jpg","datePublished":"2021-08-17T12:13:44+00:00","dateModified":"2023-02-22T15:33:19+00:00","description":"Hankook Winter i*Pike LT RW09 - c indeksa ziemas riepa, gatava st\u0101ties pret\u012b bargiem apst\u0101k\u013ciem. Pieejama MMK Riepu Centros!","breadcrumb":{"@id":"https:\/\/mmkriepas.lv\/en\/p\/225-70r15c-hankook-winter-ipike-lt-rw09-112-110r\/#breadcrumb"},"inLanguage":"en-US","potentialAction":[{"@type":"ReadAction","target":["https:\/\/mmkriepas.lv\/en\/p\/225-70r15c-hankook-winter-ipike-lt-rw09-112-110r\/"]}]},{"@type":"ImageObject","inLanguage":"en-US","@id":"https:\/\/mmkriepas.lv\/en\/p\/225-70r15c-hankook-winter-ipike-lt-rw09-112-110r\/#primaryimage","url":"https:\/\/mmkriepas.lv\/wp-content\/uploads\/2020\/10\/23565r16c-hankook-winter-ipike-lt-rw09-115113r-ziemas-riepas.jpg","contentUrl":"https:\/\/mmkriepas.lv\/wp-content\/uploads\/2020\/10\/23565r16c-hankook-winter-ipike-lt-rw09-115113r-ziemas-riepas.jpg","width":1920,"height":1280,"caption":"235\/65R16C Hankook Winter i*Pike LT RW09 115\/113R - Vissezonas riepas \/ Ziemas riepas"},{"@type":"BreadcrumbList","@id":"https:\/\/mmkriepas.lv\/en\/p\/225-70r15c-hankook-winter-ipike-lt-rw09-112-110r\/#breadcrumb","itemListElement":[{"@type":"ListItem","position":1,"name":"S\u0101kums","item":"https:\/\/mmkriepas.lv\/en\/"},{"@type":"ListItem","position":2,"name":"225\/70R15C Hankook Winter i*pike LT RW09 112\/110R"}]},{"@type":"WebSite","@id":"https:\/\/mmkriepas.lv\/en\/#website","url":"https:\/\/mmkriepas.lv\/en\/","name":"MMK Riepas","description":"MMK Riepas","alternateName":"MMK Riepu Serviss","potentialAction":[{"@type":"SearchAction","target":{"@type":"EntryPoint","urlTemplate":"https:\/\/mmkriepas.lv\/en\/?s={search_term_string}"},"query-input":{"@type":"PropertyValueSpecification","valueRequired":true,"valueName":"search_term_string"}}],"inLanguage":"en-US"},{"@type":"ImageObject","inLanguage":"en-US","@id":"https:\/\/mmkriepas.lv\/en\/p\/225-70r15c-hankook-winter-ipike-lt-rw09-112-110r\/#local-main-organization-logo","url":"","contentUrl":"","caption":"MMK Riepas"}]},"product_brand":"Hankook Winter i*pike LT RW09","product_price_amount":"92.00","product_price_currency":"EUR","og_availability":"instock","product_availability":"instock","product_condition":"new"},"_links":{"self":[{"href":"https:\/\/mmkriepas.lv\/en\/wp-json\/wp\/v2\/product\/192438","targetHints":{"allow":["GET"]}}],"collection":[{"href":"https:\/\/mmkriepas.lv\/en\/wp-json\/wp\/v2\/product"}],"about":[{"href":"https:\/\/mmkriepas.lv\/en\/wp-json\/wp\/v2\/types\/product"}],"wp:featuredmedia":[{"embeddable":true,"href":"https:\/\/mmkriepas.lv\/en\/wp-json\/wp\/v2\/media\/156435"}],"wp:attachment":[{"href":"https:\/\/mmkriepas.lv\/en\/wp-json\/wp\/v2\/media?parent=192438"}],"wp:term":[{"taxonomy":"product_brand","embeddable":true,"href":"https:\/\/mmkriepas.lv\/en\/wp-json\/wp\/v2\/product_brand?post=192438"},{"taxonomy":"product_cat","embeddable":true,"href":"https:\/\/mmkriepas.lv\/en\/wp-json\/wp\/v2\/product_cat?post=192438"},{"taxonomy":"product_tag","embeddable":true,"href":"https:\/\/mmkriepas.lv\/en\/wp-json\/wp\/v2\/product_tag?post=192438"}],"curies":[{"name":"wp","href":"https:\/\/api.w.org\/{rel}","templated":true}]}}