{"id":192101,"date":"2021-08-17T12:32:42","date_gmt":"2021-08-17T09:32:42","guid":{"rendered":"https:\/\/mmkserviss.lv\/?post_type=product&#038;p=192101"},"modified":"2025-02-12T22:25:25","modified_gmt":"2025-02-12T20:25:25","slug":"225-55r17-goodride-z401-101w-xl","status":"publish","type":"product","link":"https:\/\/mmkriepas.lv\/en\/p\/225-55r17-goodride-z401-101w-xl\/","title":{"rendered":"225\/55R17 Goodride All Season Elite Z-401 101W XL"},"content":{"rendered":"<p><strong>Goodride All Season Elite Z-401\u00a0\u00a0<\/strong>ir vissezonas riepa, kas paredz\u0113ta vieglajiem auto, brauk\u0161anai pa visiem ce\u013ca tipiem. \u0160\u012bs riepas izce\u013cas ar augstiem sa\u0137eres, komforta un dro\u0161\u012bbas r\u0101d\u012bt\u0101jiem gan pa asfalt\u0113tajiem pils\u0113tas ce\u013ciem, gan ar\u012b pa ret\u0101k t\u012br\u012btajiem lauku ce\u013ciem. Simetrisk\u0101 protektora raksta d\u0113\u013c, brauciens b\u016bs ne tikai pat\u012bkams, bet ar\u012b kluss.<\/p>\n<h3><strong>Z-401 galven\u0101s iez\u012bmes<\/strong><\/h3>\n<p>+Lieliska sa\u0137ere ar ce\u013cu, neatkar\u012bb\u0101 no brauk\u0161anas apst\u0101k\u013ciem.<\/p>\n<p>+Komfortabla un klusa brauk\u0161ana pa visda\u017e\u0101d\u0101kaj\u0101m ce\u013ca virsm\u0101m.<\/p>\n<p>+Uzticam\u012bba un iztur\u012bba!<\/p>\n<p>+Laba \u016bdens un sniega novade nokri\u0161\u0146u laik\u0101.<\/p>\n<h2><strong>Z-401 protektors <\/strong><\/h2>\n<p><strong>Z-401<\/strong> simetriskais protektora raksts nodro\u0161in\u0101s lielisku \u016bdens un sniega novadi nokri\u0161\u0146u laik\u0101, turkl\u0101t riepas apr\u012bkotas ar papildus lamel\u0113m, kuras b\u016btiski uzlabo sa\u0137eri un manevr\u0113tsp\u0113ju. Gumijas mais\u012bjums, kas izmantots protektora izgatavo\u0161an\u0101, lieliski darbojas pla\u0161\u0101 temperat\u016bru diapazon\u0101 un paildzina riepas ilgtsp\u0113ju.<\/p>\n<p><strong>Goodride All Season Elite Z-401<\/strong> tika \u012bpa\u0161i paredz\u0113ts Eiropas tirgum, \u0146emot v\u0113r\u0101 to laikapst\u0101k\u013cu daudzveid\u012bbu, ar kuru saskar\u0101s Eiropas iedz\u012bvot\u0101ji visos t\u0101s platuma gr\u0101dos.<\/p>\n","protected":false},"excerpt":{"rendered":"<p><strong>Goodride All Season Elite Z-401\u00a0\u00a0<\/strong>ir vissezonas riepa, kas paredz\u0113ta vieglajiem auto, brauk\u0161anai pa visiem ce\u013ca tipiem. \u0160\u012bs riepas izce\u013cas ar augstiem sa\u0137eres, komforta un dro\u0161\u012bbas r\u0101d\u012bt\u0101jiem gan pa asfalt\u0113tajiem pils\u0113tas ce\u013ciem, gan ar\u012b pa ret\u0101k t\u012br\u012btajiem lauku ce\u013ciem. Simetrisk\u0101 protektora raksta d\u0113\u013c, brauciens b\u016bs ne tikai pat\u012bkams, bet ar\u012b kluss.<\/p>\n","protected":false},"featured_media":315250,"template":"","meta":{"_acf_changed":false,"ngg_post_thumbnail":0},"product_brand":[],"product_cat":[47,45],"product_tag":[19634],"class_list":{"0":"post-192101","1":"product","2":"type-product","3":"status-publish","4":"has-post-thumbnail","6":"product_cat-vissezonas-riepas","7":"product_cat-ziemas-riepas","8":"product_tag-mmk","10":"first","11":"outofstock","12":"sale","13":"taxable","14":"shipping-taxable","15":"product-type-simple"},"acf":[],"yoast_head":"<!-- This site is optimized with the Yoast SEO Premium plugin v22.6 (Yoast SEO v27.3) - https:\/\/yoast.com\/product\/yoast-seo-premium-wordpress\/ -->\n<title>225\/55R17 Goodride All Season Elite Z-401 101W XL &#8226; MMK Riepas<\/title>\n<meta name=\"description\" content=\"Goodride Z401 Ziemas riepas paredz\u0113tas viegalaj\u0101m automa\u0161\u012bn\u0101m! Pieejamas pla\u0161\u0101 kl\u0101st\u0101 uz vietas, abos MMK Riepu centros! Zem\u0101k\u0101s cenas garantija!\" \/>\n<meta name=\"robots\" content=\"index, follow, max-snippet:-1, max-image-preview:large, max-video-preview:-1\" \/>\n<link rel=\"canonical\" href=\"https:\/\/mmkriepas.lv\/en\/p\/225-55r17-goodride-z401-101w-xl\/\" \/>\n<meta property=\"og:locale\" content=\"en_US\" \/>\n<meta property=\"og:type\" content=\"article\" \/>\n<meta property=\"og:title\" content=\"225\/55R17 Goodride All Season Elite Z-401 101W XL\" \/>\n<meta property=\"og:description\" content=\"Goodride Z401 Ziemas riepas paredz\u0113tas viegalaj\u0101m automa\u0161\u012bn\u0101m! Pieejamas pla\u0161\u0101 kl\u0101st\u0101 uz vietas, abos MMK Riepu centros! Zem\u0101k\u0101s cenas garantija!\" \/>\n<meta property=\"og:url\" content=\"https:\/\/mmkriepas.lv\/en\/p\/225-55r17-goodride-z401-101w-xl\/\" \/>\n<meta property=\"og:site_name\" content=\"MMK Riepas\" \/>\n<meta property=\"article:publisher\" content=\"https:\/\/www.facebook.com\/mmkserviss\/\" \/>\n<meta property=\"article:modified_time\" content=\"2025-02-12T20:25:25+00:00\" \/>\n<meta property=\"og:image\" content=\"https:\/\/mmkriepas.lv\/wp-content\/uploads\/2022\/09\/21565r16-goodride-all-season-elite-z-401-98v-ziemas-riepas.jpg\" \/>\n\t<meta property=\"og:image:width\" content=\"1920\" \/>\n\t<meta property=\"og:image:height\" content=\"1278\" \/>\n\t<meta property=\"og:image:type\" content=\"image\/jpeg\" \/>\n<meta name=\"twitter:card\" content=\"summary_large_image\" \/>\n<meta name=\"twitter:label1\" content=\"Price\" \/>\n\t<meta name=\"twitter:data1\" content=\"&euro;62.00\" \/>\n\t<meta name=\"twitter:label2\" content=\"Availability\" \/>\n\t<meta name=\"twitter:data2\" content=\"Out of stock\" \/>\n<script type=\"application\/ld+json\" class=\"yoast-schema-graph\">{\"@context\":\"https:\\\/\\\/schema.org\",\"@graph\":[{\"@type\":\"WebPage\",\"@id\":\"https:\\\/\\\/mmkriepas.lv\\\/en\\\/p\\\/225-55r17-goodride-z401-101w-xl\\\/\",\"url\":\"https:\\\/\\\/mmkriepas.lv\\\/en\\\/p\\\/225-55r17-goodride-z401-101w-xl\\\/\",\"name\":\"225\\\/55R17 Goodride All Season Elite Z-401 101W XL &#8226; MMK Riepas\",\"isPartOf\":{\"@id\":\"https:\\\/\\\/mmkriepas.lv\\\/en\\\/#website\"},\"primaryImageOfPage\":{\"@id\":\"https:\\\/\\\/mmkriepas.lv\\\/en\\\/p\\\/225-55r17-goodride-z401-101w-xl\\\/#primaryimage\"},\"image\":{\"@id\":\"https:\\\/\\\/mmkriepas.lv\\\/en\\\/p\\\/225-55r17-goodride-z401-101w-xl\\\/#primaryimage\"},\"thumbnailUrl\":\"https:\\\/\\\/mmkriepas.lv\\\/wp-content\\\/uploads\\\/2022\\\/09\\\/21565r16-goodride-all-season-elite-z-401-98v-ziemas-riepas.jpg\",\"datePublished\":\"2021-08-17T09:32:42+00:00\",\"dateModified\":\"2025-02-12T20:25:25+00:00\",\"description\":\"Goodride Z401 Ziemas riepas paredz\u0113tas viegalaj\u0101m automa\u0161\u012bn\u0101m! Pieejamas pla\u0161\u0101 kl\u0101st\u0101 uz vietas, abos MMK Riepu centros! Zem\u0101k\u0101s cenas garantija!\",\"breadcrumb\":{\"@id\":\"https:\\\/\\\/mmkriepas.lv\\\/en\\\/p\\\/225-55r17-goodride-z401-101w-xl\\\/#breadcrumb\"},\"inLanguage\":\"en-US\",\"potentialAction\":[{\"@type\":\"ReadAction\",\"target\":[\"https:\\\/\\\/mmkriepas.lv\\\/en\\\/p\\\/225-55r17-goodride-z401-101w-xl\\\/\"]}]},{\"@type\":\"ImageObject\",\"inLanguage\":\"en-US\",\"@id\":\"https:\\\/\\\/mmkriepas.lv\\\/en\\\/p\\\/225-55r17-goodride-z401-101w-xl\\\/#primaryimage\",\"url\":\"https:\\\/\\\/mmkriepas.lv\\\/wp-content\\\/uploads\\\/2022\\\/09\\\/21565r16-goodride-all-season-elite-z-401-98v-ziemas-riepas.jpg\",\"contentUrl\":\"https:\\\/\\\/mmkriepas.lv\\\/wp-content\\\/uploads\\\/2022\\\/09\\\/21565r16-goodride-all-season-elite-z-401-98v-ziemas-riepas.jpg\",\"width\":1920,\"height\":1278,\"caption\":\"215\\\/65R16 Goodride All Season Elite Z-401 98V - Vissezonas riepas \\\/ Ziemas riepas\"},{\"@type\":\"BreadcrumbList\",\"@id\":\"https:\\\/\\\/mmkriepas.lv\\\/en\\\/p\\\/225-55r17-goodride-z401-101w-xl\\\/#breadcrumb\",\"itemListElement\":[{\"@type\":\"ListItem\",\"position\":1,\"name\":\"S\u0101kums\",\"item\":\"https:\\\/\\\/mmkriepas.lv\\\/en\\\/\"},{\"@type\":\"ListItem\",\"position\":2,\"name\":\"225\\\/55R17 Goodride All Season Elite Z-401 101W XL\"}]},{\"@type\":\"WebSite\",\"@id\":\"https:\\\/\\\/mmkriepas.lv\\\/en\\\/#website\",\"url\":\"https:\\\/\\\/mmkriepas.lv\\\/en\\\/\",\"name\":\"MMK Riepas\",\"description\":\"MMK Riepas\",\"alternateName\":\"MMK Riepu Serviss\",\"potentialAction\":[{\"@type\":\"SearchAction\",\"target\":{\"@type\":\"EntryPoint\",\"urlTemplate\":\"https:\\\/\\\/mmkriepas.lv\\\/en\\\/?s={search_term_string}\"},\"query-input\":{\"@type\":\"PropertyValueSpecification\",\"valueRequired\":true,\"valueName\":\"search_term_string\"}}],\"inLanguage\":\"en-US\"},{\"@type\":\"ImageObject\",\"inLanguage\":\"en-US\",\"@id\":\"https:\\\/\\\/mmkriepas.lv\\\/en\\\/p\\\/225-55r17-goodride-z401-101w-xl\\\/#local-main-organization-logo\",\"url\":\"\",\"contentUrl\":\"\",\"caption\":\"MMK Riepas\"}]}<\/script>\n<meta property=\"product:brand\" content=\"Goodride All Season Elite Z-401\" \/>\n<meta property=\"product:price:amount\" content=\"62.00\" \/>\n<meta property=\"product:price:currency\" content=\"EUR\" \/>\n<meta property=\"og:availability\" content=\"out of stock\" \/>\n<meta property=\"product:availability\" content=\"out of stock\" \/>\n<meta property=\"product:retailer_item_id\" content=\"TW2255517GOODR-14217\" \/>\n<meta property=\"product:condition\" content=\"new\" \/>\n<!-- \/ Yoast SEO Premium plugin. -->","yoast_head_json":{"title":"225\/55R17 Goodride All Season Elite Z-401 101W XL &#8226; MMK Riepas","description":"Goodride Z401 Ziemas riepas paredz\u0113tas viegalaj\u0101m automa\u0161\u012bn\u0101m! Pieejamas pla\u0161\u0101 kl\u0101st\u0101 uz vietas, abos MMK Riepu centros! Zem\u0101k\u0101s cenas garantija!","robots":{"index":"index","follow":"follow","max-snippet":"max-snippet:-1","max-image-preview":"max-image-preview:large","max-video-preview":"max-video-preview:-1"},"canonical":"https:\/\/mmkriepas.lv\/en\/p\/225-55r17-goodride-z401-101w-xl\/","og_locale":"en_US","og_type":"article","og_title":"225\/55R17 Goodride All Season Elite Z-401 101W XL","og_description":"Goodride Z401 Ziemas riepas paredz\u0113tas viegalaj\u0101m automa\u0161\u012bn\u0101m! Pieejamas pla\u0161\u0101 kl\u0101st\u0101 uz vietas, abos MMK Riepu centros! Zem\u0101k\u0101s cenas garantija!","og_url":"https:\/\/mmkriepas.lv\/en\/p\/225-55r17-goodride-z401-101w-xl\/","og_site_name":"MMK Riepas","article_publisher":"https:\/\/www.facebook.com\/mmkserviss\/","article_modified_time":"2025-02-12T20:25:25+00:00","og_image":[{"width":1920,"height":1278,"url":"https:\/\/mmkriepas.lv\/wp-content\/uploads\/2022\/09\/21565r16-goodride-all-season-elite-z-401-98v-ziemas-riepas.jpg","type":"image\/jpeg"}],"twitter_card":"summary_large_image","twitter_misc":{"Price":"&euro;62.00","Availability":"Out of stock"},"schema":{"@context":"https:\/\/schema.org","@graph":[{"@type":"WebPage","@id":"https:\/\/mmkriepas.lv\/en\/p\/225-55r17-goodride-z401-101w-xl\/","url":"https:\/\/mmkriepas.lv\/en\/p\/225-55r17-goodride-z401-101w-xl\/","name":"225\/55R17 Goodride All Season Elite Z-401 101W XL &#8226; MMK Riepas","isPartOf":{"@id":"https:\/\/mmkriepas.lv\/en\/#website"},"primaryImageOfPage":{"@id":"https:\/\/mmkriepas.lv\/en\/p\/225-55r17-goodride-z401-101w-xl\/#primaryimage"},"image":{"@id":"https:\/\/mmkriepas.lv\/en\/p\/225-55r17-goodride-z401-101w-xl\/#primaryimage"},"thumbnailUrl":"https:\/\/mmkriepas.lv\/wp-content\/uploads\/2022\/09\/21565r16-goodride-all-season-elite-z-401-98v-ziemas-riepas.jpg","datePublished":"2021-08-17T09:32:42+00:00","dateModified":"2025-02-12T20:25:25+00:00","description":"Goodride Z401 Ziemas riepas paredz\u0113tas viegalaj\u0101m automa\u0161\u012bn\u0101m! Pieejamas pla\u0161\u0101 kl\u0101st\u0101 uz vietas, abos MMK Riepu centros! Zem\u0101k\u0101s cenas garantija!","breadcrumb":{"@id":"https:\/\/mmkriepas.lv\/en\/p\/225-55r17-goodride-z401-101w-xl\/#breadcrumb"},"inLanguage":"en-US","potentialAction":[{"@type":"ReadAction","target":["https:\/\/mmkriepas.lv\/en\/p\/225-55r17-goodride-z401-101w-xl\/"]}]},{"@type":"ImageObject","inLanguage":"en-US","@id":"https:\/\/mmkriepas.lv\/en\/p\/225-55r17-goodride-z401-101w-xl\/#primaryimage","url":"https:\/\/mmkriepas.lv\/wp-content\/uploads\/2022\/09\/21565r16-goodride-all-season-elite-z-401-98v-ziemas-riepas.jpg","contentUrl":"https:\/\/mmkriepas.lv\/wp-content\/uploads\/2022\/09\/21565r16-goodride-all-season-elite-z-401-98v-ziemas-riepas.jpg","width":1920,"height":1278,"caption":"215\/65R16 Goodride All Season Elite Z-401 98V - Vissezonas riepas \/ Ziemas riepas"},{"@type":"BreadcrumbList","@id":"https:\/\/mmkriepas.lv\/en\/p\/225-55r17-goodride-z401-101w-xl\/#breadcrumb","itemListElement":[{"@type":"ListItem","position":1,"name":"S\u0101kums","item":"https:\/\/mmkriepas.lv\/en\/"},{"@type":"ListItem","position":2,"name":"225\/55R17 Goodride All Season Elite Z-401 101W XL"}]},{"@type":"WebSite","@id":"https:\/\/mmkriepas.lv\/en\/#website","url":"https:\/\/mmkriepas.lv\/en\/","name":"MMK Riepas","description":"MMK Riepas","alternateName":"MMK Riepu Serviss","potentialAction":[{"@type":"SearchAction","target":{"@type":"EntryPoint","urlTemplate":"https:\/\/mmkriepas.lv\/en\/?s={search_term_string}"},"query-input":{"@type":"PropertyValueSpecification","valueRequired":true,"valueName":"search_term_string"}}],"inLanguage":"en-US"},{"@type":"ImageObject","inLanguage":"en-US","@id":"https:\/\/mmkriepas.lv\/en\/p\/225-55r17-goodride-z401-101w-xl\/#local-main-organization-logo","url":"","contentUrl":"","caption":"MMK Riepas"}]},"product_brand":"Goodride All Season Elite Z-401","product_price_amount":"62.00","product_price_currency":"EUR","og_availability":"out of stock","product_availability":"out of stock","product_retailer_item_id":"TW2255517GOODR-14217","product_condition":"new"},"_links":{"self":[{"href":"https:\/\/mmkriepas.lv\/en\/wp-json\/wp\/v2\/product\/192101","targetHints":{"allow":["GET"]}}],"collection":[{"href":"https:\/\/mmkriepas.lv\/en\/wp-json\/wp\/v2\/product"}],"about":[{"href":"https:\/\/mmkriepas.lv\/en\/wp-json\/wp\/v2\/types\/product"}],"wp:featuredmedia":[{"embeddable":true,"href":"https:\/\/mmkriepas.lv\/en\/wp-json\/wp\/v2\/media\/315250"}],"wp:attachment":[{"href":"https:\/\/mmkriepas.lv\/en\/wp-json\/wp\/v2\/media?parent=192101"}],"wp:term":[{"taxonomy":"product_brand","embeddable":true,"href":"https:\/\/mmkriepas.lv\/en\/wp-json\/wp\/v2\/product_brand?post=192101"},{"taxonomy":"product_cat","embeddable":true,"href":"https:\/\/mmkriepas.lv\/en\/wp-json\/wp\/v2\/product_cat?post=192101"},{"taxonomy":"product_tag","embeddable":true,"href":"https:\/\/mmkriepas.lv\/en\/wp-json\/wp\/v2\/product_tag?post=192101"}],"curies":[{"name":"wp","href":"https:\/\/api.w.org\/{rel}","templated":true}]}}