{"id":191712,"date":"2021-08-16T17:16:59","date_gmt":"2021-08-16T14:16:59","guid":{"rendered":"https:\/\/mmkserviss.lv\/?post_type=product&#038;p=191712"},"modified":"2026-03-20T22:01:16","modified_gmt":"2026-03-20T20:01:16","slug":"255-45r20-yokohama-bluearth-winter-v905-105v-xl","status":"publish","type":"product","link":"https:\/\/mmkriepas.lv\/en\/p\/255-45r20-yokohama-bluearth-winter-v905-105v-xl\/","title":{"rendered":"255\/45R20 Yokohama BluEarth*Winter V905 105V XL RPB"},"content":{"rendered":"<p><b><span style=\"font-family: 'Arial',sans-serif;\">Yokohama BluEarth*Winter V905 <\/span><\/b><span style=\"font-family: 'Arial',sans-serif;\">ir Jap\u0101n\u0101 ra\u017eots Premium klases ziemas riepu modelis. Tas izce\u013cas ar teicamu sa\u0137eri un manevr\u0113tsp\u0113ju jebk\u0101dos, pat skarb\u0101kajos ziemas apst\u0101k\u013cos, k\u0101 ar\u012b palielin\u0101tu nodilumiztur\u012bbu.\u00a0 Riepas ra\u017eotas un izstr\u0101d\u0101tas Jap\u0101n\u0101.\u00a0<o:p><\/o:p><\/span><\/p>\n<h3><span style=\"font-family: 'Arial',sans-serif;\">Yokohama BluEarth*Winter V905 galven\u0101s iez\u012bmes:<o:p><\/o:p><\/span><\/h3>\n<p><span style=\"font-family: 'Arial',sans-serif;\">+ Teicama sa\u0137ere snieg\u0101, pateicoties agres\u012bvam virzienveida protektora dizainam, <o:p><\/o:p><\/span><\/p>\n<p><span style=\"font-family: 'Arial',sans-serif;\">+ Uzlabots riepu gumijas sast\u0101vs, kas lieliski saglab\u0101 elast\u012bbu pat \u0101rk\u0101rt\u012bgi zem\u0101s gaisa temperat\u016br\u0101s, <o:p><\/o:p><\/span><\/p>\n<p><span style=\"font-family: 'Arial',sans-serif;\">+ Palielin\u0101ts 3D lame\u013cu skaits, kas nodro\u0161ina teicamu sa\u0137eri uz apledoju\u0161iem ce\u013ca posmiem, <o:p><\/o:p><\/span><\/p>\n<p><span style=\"font-family: 'Arial',sans-serif;\">+ Augsti att\u012bst\u012bta dren\u0101\u017eas kan\u0101lu sist\u0113ma b\u016btiski samazina akvaplan\u0113\u0161anas risku un uzlabo veiktsp\u0113ju slapjdra\u0146\u0137\u012b, <o:p><\/o:p><\/span><\/p>\n<p><span style=\"font-family: 'Arial',sans-serif;\">+ Palielin\u0101ta nodilumiztur\u012bba, <o:p><\/o:p><\/span><\/p>\n<p><span style=\"font-family: 'Arial',sans-serif;\">+ Teicama cenas un veiktsp\u0113jas attiec\u012bba.<o:p><\/o:p><\/span><\/p>\n<h3><span style=\"font-family: 'Arial',sans-serif;\">BluEarth*Winter V905 apr\u012bkojums<o:p><\/o:p><\/span><\/h3>\n<p><b><span style=\"font-family: 'Arial',sans-serif;\">Yokohama BluEarth*Winter V905 <\/span><\/b><span style=\"font-family: 'Arial',sans-serif;\">izv\u0113l\u0113ts agres\u012bvs virzienveida protektora dizains, lai b\u016btiski uzlabotu veiktsp\u0113ju snieg\u0101 un slapjdra\u0146\u0137\u012b. Starp mas\u012bvajiem, simetriski izvietotajiem protektora blokiem izveidota teicama dren\u0101\u017eas kan\u0101lu sist\u0113ma, kas att\u012bra lieko \u016bdeni un sniegu no kontakta virsmas ar ce\u013cu, samazinot akvaplan\u0113\u0161anas risku. Protektora blokos iestr\u0101t\u0101ts palielin\u0101ts 3D lame\u013cu skaits. Iegriezumi jeb lameles uzlabo sa\u0137eri ar apledoju\u0161u ce\u013ca virsmu, saskarsm\u0113 ar ca\u013cu veidojot vienlaikus simtiem sa\u0137eres kan\u0161u.\u00a0 Uzlabojumi veikti ar\u012b riepu gumijas sast\u0101v\u0101, kas, pateicoties virknei elastrom\u0113ru un jaun\u0101k\u0101s paaudzes polim\u0113ru savienojumu, k\u013cuvis v\u0113l elast\u012bg\u0101ks un nodilumiztur\u012bg\u0101ks. V905 izce\u013cas ar sp\u0113ju saglab\u0101t elast\u012bbu \u0101rk\u0101rt\u012bgi zem\u0101s gaisa temperat\u016br\u0101s, nodro\u0161inot teicamu sa\u0137eri skarbos ziemas apst\u0101k\u013cos.<\/span><\/p>\n","protected":false},"excerpt":{"rendered":"<p><b><span style=\"font-family: 'Arial',sans-serif;\">Yokohama BluEarth*Winter V905 <\/span><\/b><span style=\"font-family: 'Arial',sans-serif;\">ir Jap\u0101n\u0101 ra\u017eots Premium klases ziemas riepu modelis. Tas izce\u013cas ar teicamu sa\u0137eri un manevr\u0113tsp\u0113ju jebk\u0101dos, pat skarb\u0101kajos ziemas apst\u0101k\u013cos, k\u0101 ar\u012b palielin\u0101tu nodilumiztur\u012bbu.\u00a0 Riepas ra\u017eotas un izstr\u0101d\u0101tas Jap\u0101n\u0101.\u00a0<\/span><\/p>\n","protected":false},"featured_media":855694,"template":"","meta":{"_acf_changed":false,"ngg_post_thumbnail":0},"product_brand":[],"product_cat":[47,45],"product_tag":[],"class_list":{"0":"post-191712","1":"product","2":"type-product","3":"status-publish","4":"has-post-thumbnail","6":"product_cat-vissezonas-riepas","7":"product_cat-ziemas-riepas","9":"first","10":"instock","11":"sale","12":"taxable","13":"shipping-taxable","14":"product-type-simple"},"acf":[],"yoast_head":"<!-- This site is optimized with the Yoast SEO Premium plugin v22.6 (Yoast SEO v27.3) - https:\/\/yoast.com\/product\/yoast-seo-premium-wordpress\/ -->\n<title>255\/45R20 Yokohama BluEarth*Winter V905 105V XL RPB &#8226; MMK Riepas<\/title>\n<meta name=\"description\" content=\"Yokohama BluEarth Winter V905 - Jap\u0101n\u0101 ra\u017eotas augst\u0101k\u0101s klases ziemas riepas teicamai sa\u0137erei skarbos ziemas apst\u0101k\u013cos. MMK riepu centros!\" \/>\n<meta name=\"robots\" content=\"index, follow, max-snippet:-1, max-image-preview:large, max-video-preview:-1\" \/>\n<link rel=\"canonical\" href=\"https:\/\/mmkriepas.lv\/en\/p\/255-45r20-yokohama-bluearth-winter-v905-105v-xl\/\" \/>\n<meta property=\"og:locale\" content=\"en_US\" \/>\n<meta property=\"og:type\" content=\"article\" \/>\n<meta property=\"og:title\" content=\"255\/45R20 Yokohama BluEarth*Winter V905 105V XL RPB\" \/>\n<meta property=\"og:description\" content=\"Yokohama BluEarth Winter V905 - Jap\u0101n\u0101 ra\u017eotas augst\u0101k\u0101s klases ziemas riepas teicamai sa\u0137erei skarbos ziemas apst\u0101k\u013cos. MMK riepu centros!\" \/>\n<meta property=\"og:url\" content=\"https:\/\/mmkriepas.lv\/en\/p\/255-45r20-yokohama-bluearth-winter-v905-105v-xl\/\" \/>\n<meta property=\"og:site_name\" content=\"MMK Riepas\" \/>\n<meta property=\"article:publisher\" content=\"https:\/\/www.facebook.com\/mmkserviss\/\" \/>\n<meta property=\"article:modified_time\" content=\"2026-03-20T20:01:16+00:00\" \/>\n<meta property=\"og:image\" content=\"https:\/\/mmkriepas.lv\/wp-content\/uploads\/2024\/02\/27540r21-yokohama-bluearthwinter-v905-107w-xl-ziemas-riepas.jpeg\" \/>\n\t<meta property=\"og:image:width\" content=\"1600\" \/>\n\t<meta property=\"og:image:height\" content=\"1200\" \/>\n\t<meta property=\"og:image:type\" content=\"image\/jpeg\" \/>\n<meta name=\"twitter:card\" content=\"summary_large_image\" \/>\n<meta name=\"twitter:label1\" content=\"Price\" \/>\n\t<meta name=\"twitter:data1\" content=\"&euro;205.00\" \/>\n\t<meta name=\"twitter:label2\" content=\"Availability\" \/>\n\t<meta name=\"twitter:data2\" content=\"In stock\" \/>\n<script type=\"application\/ld+json\" class=\"yoast-schema-graph\">{\"@context\":\"https:\\\/\\\/schema.org\",\"@graph\":[{\"@type\":\"WebPage\",\"@id\":\"https:\\\/\\\/mmkriepas.lv\\\/en\\\/p\\\/255-45r20-yokohama-bluearth-winter-v905-105v-xl\\\/\",\"url\":\"https:\\\/\\\/mmkriepas.lv\\\/en\\\/p\\\/255-45r20-yokohama-bluearth-winter-v905-105v-xl\\\/\",\"name\":\"255\\\/45R20 Yokohama BluEarth*Winter V905 105V XL RPB &#8226; MMK Riepas\",\"isPartOf\":{\"@id\":\"https:\\\/\\\/mmkriepas.lv\\\/en\\\/#website\"},\"primaryImageOfPage\":{\"@id\":\"https:\\\/\\\/mmkriepas.lv\\\/en\\\/p\\\/255-45r20-yokohama-bluearth-winter-v905-105v-xl\\\/#primaryimage\"},\"image\":{\"@id\":\"https:\\\/\\\/mmkriepas.lv\\\/en\\\/p\\\/255-45r20-yokohama-bluearth-winter-v905-105v-xl\\\/#primaryimage\"},\"thumbnailUrl\":\"https:\\\/\\\/mmkriepas.lv\\\/wp-content\\\/uploads\\\/2024\\\/02\\\/27540r21-yokohama-bluearthwinter-v905-107w-xl-ziemas-riepas.jpeg\",\"datePublished\":\"2021-08-16T14:16:59+00:00\",\"dateModified\":\"2026-03-20T20:01:16+00:00\",\"description\":\"Yokohama BluEarth Winter V905 - Jap\u0101n\u0101 ra\u017eotas augst\u0101k\u0101s klases ziemas riepas teicamai sa\u0137erei skarbos ziemas apst\u0101k\u013cos. MMK riepu centros!\",\"breadcrumb\":{\"@id\":\"https:\\\/\\\/mmkriepas.lv\\\/en\\\/p\\\/255-45r20-yokohama-bluearth-winter-v905-105v-xl\\\/#breadcrumb\"},\"inLanguage\":\"en-US\",\"potentialAction\":[{\"@type\":\"ReadAction\",\"target\":[\"https:\\\/\\\/mmkriepas.lv\\\/en\\\/p\\\/255-45r20-yokohama-bluearth-winter-v905-105v-xl\\\/\"]}]},{\"@type\":\"ImageObject\",\"inLanguage\":\"en-US\",\"@id\":\"https:\\\/\\\/mmkriepas.lv\\\/en\\\/p\\\/255-45r20-yokohama-bluearth-winter-v905-105v-xl\\\/#primaryimage\",\"url\":\"https:\\\/\\\/mmkriepas.lv\\\/wp-content\\\/uploads\\\/2024\\\/02\\\/27540r21-yokohama-bluearthwinter-v905-107w-xl-ziemas-riepas.jpeg\",\"contentUrl\":\"https:\\\/\\\/mmkriepas.lv\\\/wp-content\\\/uploads\\\/2024\\\/02\\\/27540r21-yokohama-bluearthwinter-v905-107w-xl-ziemas-riepas.jpeg\",\"width\":1600,\"height\":1200,\"caption\":\"275\\\/40R21 Yokohama BluEarth*Winter V905 107W XL - Vissezonas riepas \\\/ Ziemas riepas\"},{\"@type\":\"BreadcrumbList\",\"@id\":\"https:\\\/\\\/mmkriepas.lv\\\/en\\\/p\\\/255-45r20-yokohama-bluearth-winter-v905-105v-xl\\\/#breadcrumb\",\"itemListElement\":[{\"@type\":\"ListItem\",\"position\":1,\"name\":\"S\u0101kums\",\"item\":\"https:\\\/\\\/mmkriepas.lv\\\/en\\\/\"},{\"@type\":\"ListItem\",\"position\":2,\"name\":\"255\\\/45R20 Yokohama BluEarth*Winter V905 105V XL RPB\"}]},{\"@type\":\"WebSite\",\"@id\":\"https:\\\/\\\/mmkriepas.lv\\\/en\\\/#website\",\"url\":\"https:\\\/\\\/mmkriepas.lv\\\/en\\\/\",\"name\":\"MMK Riepas\",\"description\":\"MMK Riepas\",\"alternateName\":\"MMK Riepu Serviss\",\"potentialAction\":[{\"@type\":\"SearchAction\",\"target\":{\"@type\":\"EntryPoint\",\"urlTemplate\":\"https:\\\/\\\/mmkriepas.lv\\\/en\\\/?s={search_term_string}\"},\"query-input\":{\"@type\":\"PropertyValueSpecification\",\"valueRequired\":true,\"valueName\":\"search_term_string\"}}],\"inLanguage\":\"en-US\"},{\"@type\":\"ImageObject\",\"inLanguage\":\"en-US\",\"@id\":\"https:\\\/\\\/mmkriepas.lv\\\/en\\\/p\\\/255-45r20-yokohama-bluearth-winter-v905-105v-xl\\\/#local-main-organization-logo\",\"url\":\"\",\"contentUrl\":\"\",\"caption\":\"MMK Riepas\"}]}<\/script>\n<meta property=\"product:brand\" content=\"Yokohama BluEarth*Winter V905\" \/>\n<meta property=\"product:price:amount\" content=\"205.00\" \/>\n<meta property=\"product:price:currency\" content=\"EUR\" \/>\n<meta property=\"og:availability\" content=\"instock\" \/>\n<meta property=\"product:availability\" content=\"instock\" \/>\n<meta property=\"product:condition\" content=\"new\" \/>\n<!-- \/ Yoast SEO Premium plugin. -->","yoast_head_json":{"title":"255\/45R20 Yokohama BluEarth*Winter V905 105V XL RPB &#8226; MMK Riepas","description":"Yokohama BluEarth Winter V905 - Jap\u0101n\u0101 ra\u017eotas augst\u0101k\u0101s klases ziemas riepas teicamai sa\u0137erei skarbos ziemas apst\u0101k\u013cos. MMK riepu centros!","robots":{"index":"index","follow":"follow","max-snippet":"max-snippet:-1","max-image-preview":"max-image-preview:large","max-video-preview":"max-video-preview:-1"},"canonical":"https:\/\/mmkriepas.lv\/en\/p\/255-45r20-yokohama-bluearth-winter-v905-105v-xl\/","og_locale":"en_US","og_type":"article","og_title":"255\/45R20 Yokohama BluEarth*Winter V905 105V XL RPB","og_description":"Yokohama BluEarth Winter V905 - Jap\u0101n\u0101 ra\u017eotas augst\u0101k\u0101s klases ziemas riepas teicamai sa\u0137erei skarbos ziemas apst\u0101k\u013cos. MMK riepu centros!","og_url":"https:\/\/mmkriepas.lv\/en\/p\/255-45r20-yokohama-bluearth-winter-v905-105v-xl\/","og_site_name":"MMK Riepas","article_publisher":"https:\/\/www.facebook.com\/mmkserviss\/","article_modified_time":"2026-03-20T20:01:16+00:00","og_image":[{"width":1600,"height":1200,"url":"https:\/\/mmkriepas.lv\/wp-content\/uploads\/2024\/02\/27540r21-yokohama-bluearthwinter-v905-107w-xl-ziemas-riepas.jpeg","type":"image\/jpeg"}],"twitter_card":"summary_large_image","twitter_misc":{"Price":"&euro;205.00","Availability":"In stock"},"schema":{"@context":"https:\/\/schema.org","@graph":[{"@type":"WebPage","@id":"https:\/\/mmkriepas.lv\/en\/p\/255-45r20-yokohama-bluearth-winter-v905-105v-xl\/","url":"https:\/\/mmkriepas.lv\/en\/p\/255-45r20-yokohama-bluearth-winter-v905-105v-xl\/","name":"255\/45R20 Yokohama BluEarth*Winter V905 105V XL RPB &#8226; MMK Riepas","isPartOf":{"@id":"https:\/\/mmkriepas.lv\/en\/#website"},"primaryImageOfPage":{"@id":"https:\/\/mmkriepas.lv\/en\/p\/255-45r20-yokohama-bluearth-winter-v905-105v-xl\/#primaryimage"},"image":{"@id":"https:\/\/mmkriepas.lv\/en\/p\/255-45r20-yokohama-bluearth-winter-v905-105v-xl\/#primaryimage"},"thumbnailUrl":"https:\/\/mmkriepas.lv\/wp-content\/uploads\/2024\/02\/27540r21-yokohama-bluearthwinter-v905-107w-xl-ziemas-riepas.jpeg","datePublished":"2021-08-16T14:16:59+00:00","dateModified":"2026-03-20T20:01:16+00:00","description":"Yokohama BluEarth Winter V905 - Jap\u0101n\u0101 ra\u017eotas augst\u0101k\u0101s klases ziemas riepas teicamai sa\u0137erei skarbos ziemas apst\u0101k\u013cos. MMK riepu centros!","breadcrumb":{"@id":"https:\/\/mmkriepas.lv\/en\/p\/255-45r20-yokohama-bluearth-winter-v905-105v-xl\/#breadcrumb"},"inLanguage":"en-US","potentialAction":[{"@type":"ReadAction","target":["https:\/\/mmkriepas.lv\/en\/p\/255-45r20-yokohama-bluearth-winter-v905-105v-xl\/"]}]},{"@type":"ImageObject","inLanguage":"en-US","@id":"https:\/\/mmkriepas.lv\/en\/p\/255-45r20-yokohama-bluearth-winter-v905-105v-xl\/#primaryimage","url":"https:\/\/mmkriepas.lv\/wp-content\/uploads\/2024\/02\/27540r21-yokohama-bluearthwinter-v905-107w-xl-ziemas-riepas.jpeg","contentUrl":"https:\/\/mmkriepas.lv\/wp-content\/uploads\/2024\/02\/27540r21-yokohama-bluearthwinter-v905-107w-xl-ziemas-riepas.jpeg","width":1600,"height":1200,"caption":"275\/40R21 Yokohama BluEarth*Winter V905 107W XL - Vissezonas riepas \/ Ziemas riepas"},{"@type":"BreadcrumbList","@id":"https:\/\/mmkriepas.lv\/en\/p\/255-45r20-yokohama-bluearth-winter-v905-105v-xl\/#breadcrumb","itemListElement":[{"@type":"ListItem","position":1,"name":"S\u0101kums","item":"https:\/\/mmkriepas.lv\/en\/"},{"@type":"ListItem","position":2,"name":"255\/45R20 Yokohama BluEarth*Winter V905 105V XL RPB"}]},{"@type":"WebSite","@id":"https:\/\/mmkriepas.lv\/en\/#website","url":"https:\/\/mmkriepas.lv\/en\/","name":"MMK Riepas","description":"MMK Riepas","alternateName":"MMK Riepu Serviss","potentialAction":[{"@type":"SearchAction","target":{"@type":"EntryPoint","urlTemplate":"https:\/\/mmkriepas.lv\/en\/?s={search_term_string}"},"query-input":{"@type":"PropertyValueSpecification","valueRequired":true,"valueName":"search_term_string"}}],"inLanguage":"en-US"},{"@type":"ImageObject","inLanguage":"en-US","@id":"https:\/\/mmkriepas.lv\/en\/p\/255-45r20-yokohama-bluearth-winter-v905-105v-xl\/#local-main-organization-logo","url":"","contentUrl":"","caption":"MMK Riepas"}]},"product_brand":"Yokohama BluEarth*Winter V905","product_price_amount":"205.00","product_price_currency":"EUR","og_availability":"instock","product_availability":"instock","product_condition":"new"},"_links":{"self":[{"href":"https:\/\/mmkriepas.lv\/en\/wp-json\/wp\/v2\/product\/191712","targetHints":{"allow":["GET"]}}],"collection":[{"href":"https:\/\/mmkriepas.lv\/en\/wp-json\/wp\/v2\/product"}],"about":[{"href":"https:\/\/mmkriepas.lv\/en\/wp-json\/wp\/v2\/types\/product"}],"wp:featuredmedia":[{"embeddable":true,"href":"https:\/\/mmkriepas.lv\/en\/wp-json\/wp\/v2\/media\/855694"}],"wp:attachment":[{"href":"https:\/\/mmkriepas.lv\/en\/wp-json\/wp\/v2\/media?parent=191712"}],"wp:term":[{"taxonomy":"product_brand","embeddable":true,"href":"https:\/\/mmkriepas.lv\/en\/wp-json\/wp\/v2\/product_brand?post=191712"},{"taxonomy":"product_cat","embeddable":true,"href":"https:\/\/mmkriepas.lv\/en\/wp-json\/wp\/v2\/product_cat?post=191712"},{"taxonomy":"product_tag","embeddable":true,"href":"https:\/\/mmkriepas.lv\/en\/wp-json\/wp\/v2\/product_tag?post=191712"}],"curies":[{"name":"wp","href":"https:\/\/api.w.org\/{rel}","templated":true}]}}