{"id":190230,"date":"2021-08-13T11:17:52","date_gmt":"2021-08-13T08:17:52","guid":{"rendered":"https:\/\/mmkserviss.lv\/?post_type=product&#038;p=190230"},"modified":"2026-03-28T00:06:13","modified_gmt":"2026-03-27T22:06:13","slug":"225-75r16c-dynamo-snow-h-mws01-115-112q","status":"publish","type":"product","link":"https:\/\/mmkriepas.lv\/en\/p\/225-75r16c-dynamo-snow-h-mws01-115-112q\/","title":{"rendered":"225\/75R16 Dynamo Snow-H MWS01 115\/112Q"},"content":{"rendered":"<p style=\"margin: 12.0pt 0cm 12.0pt 0cm;\"><b><span style=\"font-size: 11.0pt; font-family: 'Arial',sans-serif; color: black;\">Dynamo Snow-H MWS01<\/span><\/b><span style=\"font-size: 11.0pt; font-family: 'Arial',sans-serif; color: black;\"> ir rad\u017eojams ziemas riepu modelis, kas paredz\u0113ts apvidus jeb SUV automa\u0161\u012bn\u0101m. Tas izce\u013cas ar augstu veiktsp\u0113ju gan snieg\u0101, gan, pateicoties radz\u0113m, ar\u012b uz ledus.\u00a0<\/span><span style=\"font-size: 11.0pt; font-family: 'Arial',sans-serif; color: red;\">\u0160is modelis pieejams gan ar radz\u0113m, gan bez t\u0101m!<\/span><span style=\"font-family: 'Arial',sans-serif;\"><o:p><\/o:p><\/span><\/p>\n<h3 style=\"margin: 14.0pt 0cm 4.0pt 0cm;\"><span style=\"font-size: 13.0pt; font-family: 'Arial',sans-serif; color: black;\">Dynamo Snow-H MWS01 galven\u0101s iez\u012bmes<\/span><span style=\"font-family: 'Arial',sans-serif;\"><o:p><\/o:p><\/span><\/h3>\n<p style=\"margin: 12.0pt 0cm 12.0pt 0cm;\"><span style=\"font-size: 11.0pt; font-family: 'Arial',sans-serif; color: black;\">+X-Groove kan\u0101li nodro\u0161ina sa\u0137eri ar apsnigu\u0161u ce\u013cu un sniega &#8220;putru&#8221;,<\/span><span style=\"font-family: 'Arial',sans-serif;\"><o:p><\/o:p><\/span><\/p>\n<p style=\"margin: 12.0pt 0cm 12.0pt 0cm;\"><span style=\"font-size: 11.0pt; font-family: 'Arial',sans-serif; color: black;\">+Vi\u013c\u0146veida lameles atvieglo brauk\u0161anas uzs\u0101k\u0161anu sa\u012bsina bremz\u0113\u0161an\u0101s ce\u013cu uz ledus,<\/span><span style=\"font-family: 'Arial',sans-serif;\"><o:p><\/o:p><\/span><\/p>\n<p style=\"margin: 12.0pt 0cm 12.0pt 0cm;\"><span style=\"font-size: 11.0pt; font-family: 'Arial',sans-serif; color: black;\">+\u012apa\u0161s elastrom\u0113ru mais\u012bjums gumijas sast\u0101v\u0101, kas pal\u012bdz riepai saglab\u0101t elast\u012bbu pat ekstrem\u0101li zem\u0101s gaisa temperat\u016br\u0101s,<\/span><span style=\"font-family: 'Arial',sans-serif;\"><o:p><\/o:p><\/span><\/p>\n<p style=\"margin: 12.0pt 0cm 12.0pt 0cm;\"><span style=\"font-size: 11.0pt; font-family: 'Arial',sans-serif; color: black;\">+Samazin\u0101ts akvaplan\u0113\u0161anas risks, pateicoties pla\u0161ajiem dren\u0101\u017eas kan\u0101liem.<\/span><span style=\"font-family: 'Arial',sans-serif;\"><o:p><\/o:p><\/span><\/p>\n<h3 style=\"margin: 14.0pt 0cm 4.0pt 0cm;\"><span style=\"font-size: 13.0pt; font-family: 'Arial',sans-serif; color: black;\">Snow-H MWS01 protektora raksts<\/span><span style=\"font-family: 'Arial',sans-serif;\"><o:p><\/o:p><\/span><\/h3>\n<p style=\"margin: 12.0pt 0cm 12.0pt 0cm;\"><b><span style=\"font-size: 11.0pt; font-family: 'Arial',sans-serif; color: black;\">Dynamo Snow-H MWS01 <\/span><\/b><span style=\"font-size: 11.0pt; font-family: 'Arial',sans-serif; color: black;\">apr\u012bkots ar agres\u012bvu virz\u012bt\u0101 tipa protektora rakstu, kas nodro\u0161ina labu \u016bdens un sniega novadi pa pla\u0161ajiem dren\u0101\u017eas kan\u0101liem. X-Groove tehnolo\u0123ijas kan\u0101li pal\u012bdz att\u012br\u012bt riepas kontaktvirsmu, palielinot sa\u0137eri ar sniegotiem ce\u013ciem, k\u0101 ar\u012b ce\u013ciem kuri kl\u0101ti ar sniega &#8220;putru&#8221; jeb slapjdra\u0146\u0137i.<\/span><span style=\"font-family: 'Arial',sans-serif;\"><o:p><\/o:p><\/span><\/p>\n<p style=\"margin: 12.0pt 0cm 12.0pt 0cm;\"><span style=\"font-size: 11.0pt; font-family: 'Arial',sans-serif; color: black;\">Pateicoties inovat\u012bvam elastrom\u0113ru mais\u012bjumam riepas gumijas sast\u0101v\u0101, t\u0101 saglab\u0101 elast\u012bbu pat ekstrem\u0101li zem\u0101s gaisa temperat\u016br\u0101s. Gumijas sakaus\u0113jumam pievienoti ar\u012b elementi, kas apsl\u0101p\u0113 ska\u0146u un padara riepas nodilumiztur\u012bg\u0101kas.<\/span><span style=\"font-family: 'Arial',sans-serif;\"><o:p><\/o:p><\/span><\/p>\n<p style=\"margin: 12.0pt 0cm 12.0pt 0cm;\"><span style=\"font-size: 11.0pt; font-family: 'Arial',sans-serif; color: black;\">Mas\u012bvajos, simetriski izvietotajos protektora blokos bl\u012bvi iestr\u0101d\u0101tas ar\u012b lameles, kas, tand\u0113m\u0101 ar radz\u0113m, b\u016btiski uzlabo to sa\u0137eri un manevr\u0113tsp\u0113ju uz ledus.\u00a0<\/span><\/p>\n","protected":false},"excerpt":{"rendered":"<p><b><span style=\"font-size: 11.0pt; font-family: 'Arial',sans-serif; color: black;\">Dynamo Snow-H MWS01<\/span><\/b><span style=\"font-size: 11.0pt; font-family: 'Arial',sans-serif; color: black;\"> ir rad\u017eojams ziemas riepu modelis, kas paredz\u0113ts apvidus jeb SUV automa\u0161\u012bn\u0101m. Tas izce\u013cas ar augstu veiktsp\u0113ju gan snieg\u0101, gan, pateicoties radz\u0113m, ar\u012b uz ledus.\u00a0<\/span><span style=\"font-size: 11.0pt; font-family: 'Arial',sans-serif; color: red;\">\u0160is modelis pieejams gan ar radz\u0113m, gan bez t\u0101m!<\/span><\/p>\n","protected":false},"featured_media":1124905,"template":"","meta":{"_acf_changed":false,"ngg_post_thumbnail":0},"product_brand":[],"product_cat":[23644,23643],"product_tag":[],"class_list":{"0":"post-190230","1":"product","2":"type-product","3":"status-publish","4":"has-post-thumbnail","6":"product_cat-all-season-tyres","7":"product_cat-winter-tyres","9":"first","10":"instock","11":"sale","12":"taxable","13":"shipping-taxable","14":"purchasable","15":"product-type-simple"},"acf":[],"yoast_head":"<!-- This site is optimized with the Yoast SEO Premium plugin v22.6 (Yoast SEO v27.3) - https:\/\/yoast.com\/product\/yoast-seo-premium-wordpress\/ -->\n<title>225\/75R16 Dynamo Snow-H MWS01 115\/112Q &#8226; MMK Riepas<\/title>\n<meta name=\"description\" content=\"Dynamo Snow-H MWS01 - lielisks rad\u017eojams ziemas riepu modelis skarbiem ziemas apst\u0101k\u013ciem. Pieejams abos MMK riepu centros par super cenu!\" \/>\n<meta name=\"robots\" content=\"index, follow, max-snippet:-1, max-image-preview:large, max-video-preview:-1\" \/>\n<link rel=\"canonical\" href=\"https:\/\/mmkriepas.lv\/en\/p\/225-75r16c-dynamo-snow-h-mws01-115-112q\/\" \/>\n<meta property=\"og:locale\" content=\"en_US\" \/>\n<meta property=\"og:type\" content=\"article\" \/>\n<meta property=\"og:title\" content=\"225\/75R16 Dynamo Snow-H MWS01 115\/112Q\" \/>\n<meta property=\"og:description\" content=\"Dynamo Snow-H MWS01 - lielisks rad\u017eojams ziemas riepu modelis skarbiem ziemas apst\u0101k\u013ciem. Pieejams abos MMK riepu centros par super cenu!\" \/>\n<meta property=\"og:url\" content=\"https:\/\/mmkriepas.lv\/en\/p\/225-75r16c-dynamo-snow-h-mws01-115-112q\/\" \/>\n<meta property=\"og:site_name\" content=\"MMK Riepas\" \/>\n<meta property=\"article:publisher\" content=\"https:\/\/www.facebook.com\/mmkserviss\/\" \/>\n<meta property=\"article:modified_time\" content=\"2026-03-27T22:06:13+00:00\" \/>\n<meta property=\"og:image\" content=\"https:\/\/mmkriepas.lv\/wp-content\/uploads\/2024\/11\/DYNAMO-SNOW-H-MWS01.jpg\" \/>\n\t<meta property=\"og:image:width\" content=\"900\" \/>\n\t<meta property=\"og:image:height\" content=\"720\" \/>\n\t<meta property=\"og:image:type\" content=\"image\/jpeg\" \/>\n<meta name=\"twitter:card\" content=\"summary_large_image\" \/>\n<meta name=\"twitter:label1\" content=\"Price\" \/>\n\t<meta name=\"twitter:data1\" content=\"&euro;83.00\" \/>\n\t<meta name=\"twitter:label2\" content=\"Availability\" \/>\n\t<meta name=\"twitter:data2\" content=\"In stock\" \/>\n<script type=\"application\/ld+json\" class=\"yoast-schema-graph\">{\"@context\":\"https:\\\/\\\/schema.org\",\"@graph\":[{\"@type\":\"WebPage\",\"@id\":\"https:\\\/\\\/mmkriepas.lv\\\/en\\\/p\\\/225-75r16c-dynamo-snow-h-mws01-115-112q\\\/\",\"url\":\"https:\\\/\\\/mmkriepas.lv\\\/en\\\/p\\\/225-75r16c-dynamo-snow-h-mws01-115-112q\\\/\",\"name\":\"225\\\/75R16 Dynamo Snow-H MWS01 115\\\/112Q &#8226; MMK Riepas\",\"isPartOf\":{\"@id\":\"https:\\\/\\\/mmkriepas.lv\\\/en\\\/#website\"},\"primaryImageOfPage\":{\"@id\":\"https:\\\/\\\/mmkriepas.lv\\\/en\\\/p\\\/225-75r16c-dynamo-snow-h-mws01-115-112q\\\/#primaryimage\"},\"image\":{\"@id\":\"https:\\\/\\\/mmkriepas.lv\\\/en\\\/p\\\/225-75r16c-dynamo-snow-h-mws01-115-112q\\\/#primaryimage\"},\"thumbnailUrl\":\"https:\\\/\\\/mmkriepas.lv\\\/wp-content\\\/uploads\\\/2024\\\/11\\\/DYNAMO-SNOW-H-MWS01.jpg\",\"datePublished\":\"2021-08-13T08:17:52+00:00\",\"dateModified\":\"2026-03-27T22:06:13+00:00\",\"description\":\"Dynamo Snow-H MWS01 - lielisks rad\u017eojams ziemas riepu modelis skarbiem ziemas apst\u0101k\u013ciem. Pieejams abos MMK riepu centros par super cenu!\",\"breadcrumb\":{\"@id\":\"https:\\\/\\\/mmkriepas.lv\\\/en\\\/p\\\/225-75r16c-dynamo-snow-h-mws01-115-112q\\\/#breadcrumb\"},\"inLanguage\":\"en-US\",\"potentialAction\":[{\"@type\":\"ReadAction\",\"target\":[\"https:\\\/\\\/mmkriepas.lv\\\/en\\\/p\\\/225-75r16c-dynamo-snow-h-mws01-115-112q\\\/\"]}]},{\"@type\":\"ImageObject\",\"inLanguage\":\"en-US\",\"@id\":\"https:\\\/\\\/mmkriepas.lv\\\/en\\\/p\\\/225-75r16c-dynamo-snow-h-mws01-115-112q\\\/#primaryimage\",\"url\":\"https:\\\/\\\/mmkriepas.lv\\\/wp-content\\\/uploads\\\/2024\\\/11\\\/DYNAMO-SNOW-H-MWS01.jpg\",\"contentUrl\":\"https:\\\/\\\/mmkriepas.lv\\\/wp-content\\\/uploads\\\/2024\\\/11\\\/DYNAMO-SNOW-H-MWS01.jpg\",\"width\":900,\"height\":720,\"caption\":\"MAIN\"},{\"@type\":\"BreadcrumbList\",\"@id\":\"https:\\\/\\\/mmkriepas.lv\\\/en\\\/p\\\/225-75r16c-dynamo-snow-h-mws01-115-112q\\\/#breadcrumb\",\"itemListElement\":[{\"@type\":\"ListItem\",\"position\":1,\"name\":\"S\u0101kums\",\"item\":\"https:\\\/\\\/mmkriepas.lv\\\/en\\\/\"},{\"@type\":\"ListItem\",\"position\":2,\"name\":\"225\\\/75R16 Dynamo Snow-H MWS01 115\\\/112Q\"}]},{\"@type\":\"WebSite\",\"@id\":\"https:\\\/\\\/mmkriepas.lv\\\/en\\\/#website\",\"url\":\"https:\\\/\\\/mmkriepas.lv\\\/en\\\/\",\"name\":\"MMK Riepas\",\"description\":\"MMK Riepas\",\"alternateName\":\"MMK Riepu Serviss\",\"potentialAction\":[{\"@type\":\"SearchAction\",\"target\":{\"@type\":\"EntryPoint\",\"urlTemplate\":\"https:\\\/\\\/mmkriepas.lv\\\/en\\\/?s={search_term_string}\"},\"query-input\":{\"@type\":\"PropertyValueSpecification\",\"valueRequired\":true,\"valueName\":\"search_term_string\"}}],\"inLanguage\":\"en-US\"},{\"@type\":\"ImageObject\",\"inLanguage\":\"en-US\",\"@id\":\"https:\\\/\\\/mmkriepas.lv\\\/en\\\/p\\\/225-75r16c-dynamo-snow-h-mws01-115-112q\\\/#local-main-organization-logo\",\"url\":\"\",\"contentUrl\":\"\",\"caption\":\"MMK Riepas\"}]}<\/script>\n<meta property=\"product:brand\" content=\"Dynamo Snow-H MWS01\" \/>\n<meta property=\"product:price:amount\" content=\"83.00\" \/>\n<meta property=\"product:price:currency\" content=\"EUR\" \/>\n<meta property=\"og:availability\" content=\"instock\" \/>\n<meta property=\"product:availability\" content=\"instock\" \/>\n<meta property=\"product:retailer_item_id\" content=\"TW2257516DYNAM-54046\" \/>\n<meta property=\"product:condition\" content=\"new\" \/>\n<!-- \/ Yoast SEO Premium plugin. -->","yoast_head_json":{"title":"225\/75R16 Dynamo Snow-H MWS01 115\/112Q &#8226; MMK Riepas","description":"Dynamo Snow-H MWS01 - lielisks rad\u017eojams ziemas riepu modelis skarbiem ziemas apst\u0101k\u013ciem. Pieejams abos MMK riepu centros par super cenu!","robots":{"index":"index","follow":"follow","max-snippet":"max-snippet:-1","max-image-preview":"max-image-preview:large","max-video-preview":"max-video-preview:-1"},"canonical":"https:\/\/mmkriepas.lv\/en\/p\/225-75r16c-dynamo-snow-h-mws01-115-112q\/","og_locale":"en_US","og_type":"article","og_title":"225\/75R16 Dynamo Snow-H MWS01 115\/112Q","og_description":"Dynamo Snow-H MWS01 - lielisks rad\u017eojams ziemas riepu modelis skarbiem ziemas apst\u0101k\u013ciem. Pieejams abos MMK riepu centros par super cenu!","og_url":"https:\/\/mmkriepas.lv\/en\/p\/225-75r16c-dynamo-snow-h-mws01-115-112q\/","og_site_name":"MMK Riepas","article_publisher":"https:\/\/www.facebook.com\/mmkserviss\/","article_modified_time":"2026-03-27T22:06:13+00:00","og_image":[{"width":900,"height":720,"url":"https:\/\/mmkriepas.lv\/wp-content\/uploads\/2024\/11\/DYNAMO-SNOW-H-MWS01.jpg","type":"image\/jpeg"}],"twitter_card":"summary_large_image","twitter_misc":{"Price":"&euro;83.00","Availability":"In stock"},"schema":{"@context":"https:\/\/schema.org","@graph":[{"@type":"WebPage","@id":"https:\/\/mmkriepas.lv\/en\/p\/225-75r16c-dynamo-snow-h-mws01-115-112q\/","url":"https:\/\/mmkriepas.lv\/en\/p\/225-75r16c-dynamo-snow-h-mws01-115-112q\/","name":"225\/75R16 Dynamo Snow-H MWS01 115\/112Q &#8226; MMK Riepas","isPartOf":{"@id":"https:\/\/mmkriepas.lv\/en\/#website"},"primaryImageOfPage":{"@id":"https:\/\/mmkriepas.lv\/en\/p\/225-75r16c-dynamo-snow-h-mws01-115-112q\/#primaryimage"},"image":{"@id":"https:\/\/mmkriepas.lv\/en\/p\/225-75r16c-dynamo-snow-h-mws01-115-112q\/#primaryimage"},"thumbnailUrl":"https:\/\/mmkriepas.lv\/wp-content\/uploads\/2024\/11\/DYNAMO-SNOW-H-MWS01.jpg","datePublished":"2021-08-13T08:17:52+00:00","dateModified":"2026-03-27T22:06:13+00:00","description":"Dynamo Snow-H MWS01 - lielisks rad\u017eojams ziemas riepu modelis skarbiem ziemas apst\u0101k\u013ciem. Pieejams abos MMK riepu centros par super cenu!","breadcrumb":{"@id":"https:\/\/mmkriepas.lv\/en\/p\/225-75r16c-dynamo-snow-h-mws01-115-112q\/#breadcrumb"},"inLanguage":"en-US","potentialAction":[{"@type":"ReadAction","target":["https:\/\/mmkriepas.lv\/en\/p\/225-75r16c-dynamo-snow-h-mws01-115-112q\/"]}]},{"@type":"ImageObject","inLanguage":"en-US","@id":"https:\/\/mmkriepas.lv\/en\/p\/225-75r16c-dynamo-snow-h-mws01-115-112q\/#primaryimage","url":"https:\/\/mmkriepas.lv\/wp-content\/uploads\/2024\/11\/DYNAMO-SNOW-H-MWS01.jpg","contentUrl":"https:\/\/mmkriepas.lv\/wp-content\/uploads\/2024\/11\/DYNAMO-SNOW-H-MWS01.jpg","width":900,"height":720,"caption":"MAIN"},{"@type":"BreadcrumbList","@id":"https:\/\/mmkriepas.lv\/en\/p\/225-75r16c-dynamo-snow-h-mws01-115-112q\/#breadcrumb","itemListElement":[{"@type":"ListItem","position":1,"name":"S\u0101kums","item":"https:\/\/mmkriepas.lv\/en\/"},{"@type":"ListItem","position":2,"name":"225\/75R16 Dynamo Snow-H MWS01 115\/112Q"}]},{"@type":"WebSite","@id":"https:\/\/mmkriepas.lv\/en\/#website","url":"https:\/\/mmkriepas.lv\/en\/","name":"MMK Riepas","description":"MMK Riepas","alternateName":"MMK Riepu Serviss","potentialAction":[{"@type":"SearchAction","target":{"@type":"EntryPoint","urlTemplate":"https:\/\/mmkriepas.lv\/en\/?s={search_term_string}"},"query-input":{"@type":"PropertyValueSpecification","valueRequired":true,"valueName":"search_term_string"}}],"inLanguage":"en-US"},{"@type":"ImageObject","inLanguage":"en-US","@id":"https:\/\/mmkriepas.lv\/en\/p\/225-75r16c-dynamo-snow-h-mws01-115-112q\/#local-main-organization-logo","url":"","contentUrl":"","caption":"MMK Riepas"}]},"product_brand":"Dynamo Snow-H MWS01","product_price_amount":"83.00","product_price_currency":"EUR","og_availability":"instock","product_availability":"instock","product_retailer_item_id":"TW2257516DYNAM-54046","product_condition":"new"},"_links":{"self":[{"href":"https:\/\/mmkriepas.lv\/en\/wp-json\/wp\/v2\/product\/190230","targetHints":{"allow":["GET"]}}],"collection":[{"href":"https:\/\/mmkriepas.lv\/en\/wp-json\/wp\/v2\/product"}],"about":[{"href":"https:\/\/mmkriepas.lv\/en\/wp-json\/wp\/v2\/types\/product"}],"wp:featuredmedia":[{"embeddable":true,"href":"https:\/\/mmkriepas.lv\/en\/wp-json\/wp\/v2\/media\/1124905"}],"wp:attachment":[{"href":"https:\/\/mmkriepas.lv\/en\/wp-json\/wp\/v2\/media?parent=190230"}],"wp:term":[{"taxonomy":"product_brand","embeddable":true,"href":"https:\/\/mmkriepas.lv\/en\/wp-json\/wp\/v2\/product_brand?post=190230"},{"taxonomy":"product_cat","embeddable":true,"href":"https:\/\/mmkriepas.lv\/en\/wp-json\/wp\/v2\/product_cat?post=190230"},{"taxonomy":"product_tag","embeddable":true,"href":"https:\/\/mmkriepas.lv\/en\/wp-json\/wp\/v2\/product_tag?post=190230"}],"curies":[{"name":"wp","href":"https:\/\/api.w.org\/{rel}","templated":true}]}}