{"id":189751,"date":"2021-08-12T10:46:17","date_gmt":"2021-08-12T07:46:17","guid":{"rendered":"https:\/\/mmkserviss.lv\/?post_type=product&#038;p=189751"},"modified":"2022-11-03T11:20:45","modified_gmt":"2022-11-03T09:20:45","slug":"225-65r17-toyo-observe-gsi-6-ls-102h","status":"publish","type":"product","link":"https:\/\/mmkriepas.lv\/en\/p\/225-65r17-toyo-observe-gsi-6-ls-102h\/","title":{"rendered":"225\/65R17 Toyo Observe GSi-6 LS 102H"},"content":{"rendered":"<p><b><span style=\"font-family: 'Arial',sans-serif;\">Toyo Observe GSi-6 <\/span><\/b><span style=\"font-family: 'Arial',sans-serif;\">ir Jap\u0101n\u0101 ra\u017eots Premium klases Skandin\u0101vijas tipa ziemas riepu modelis. Izce\u013cas ar teicamu sa\u0137eri un manevr\u0113tsp\u0113ju pat skarb\u0101kajos ziemas brauk\u0161anas apst\u0101k\u013cos, k\u0101 ar\u012b pazemin\u0101tu trok\u0161\u0146a l\u012bmeni.\u00a0 Riepas ra\u017eotas un izstr\u0101d\u0101tas Jap\u0101n\u0101.\u00a0<o:p><\/o:p><\/span><\/p>\n<h3><span style=\"font-family: 'Arial',sans-serif;\">Toyo Observe GSi-6 galven\u0101s iez\u012bmes:<o:p><\/o:p><\/span><\/h3>\n<p><span style=\"font-family: 'Arial',sans-serif;\">+ Toyo rakstur\u012bg\u0101 virpu\u013cveida lamel\u0113\u0161anas tehnika, kas b\u016btiski uzlabo manevr\u0113tsp\u0113ju un sa\u012bsina bremz\u0113\u0161anas ce\u013cu, <o:p><\/o:p><\/span><\/p>\n<p><span style=\"font-family: 'Arial',sans-serif;\">+ Agres\u012bvs virzienveida protektora dizains lab\u0101kai veiktsp\u0113jai dzi\u013c\u0101 snieg\u0101, <o:p><\/o:p><\/span><\/p>\n<p><span style=\"font-family: 'Arial',sans-serif;\">+ Palielin\u0101ta nodilumiztur\u012bba, <o:p><\/o:p><\/span><\/p>\n<p><span style=\"font-family: 'Arial',sans-serif;\">+ Nano Balance riepu gumijas sast\u0101vs, <o:p><\/o:p><\/span><\/p>\n<p><span style=\"font-family: 'Arial',sans-serif;\">+ Microbit tehnolo\u0123ija, <o:p><\/o:p><\/span><\/p>\n<p><span style=\"font-family: 'Arial',sans-serif;\">+ Palielin\u0101ts akustiskais komforts, <o:p><\/o:p><\/span><\/p>\n<p><span style=\"font-family: 'Arial',sans-serif;\">+ Palielin\u0101ta stabilit\u0101te, pateicoties \u012bpa\u0161am protektora bloku dizainam, <o:p><\/o:p><\/span><\/p>\n<p><span style=\"font-family: 'Arial',sans-serif;\">+ Uzlabota manevr\u0113tsp\u0113ja.<o:p><\/o:p><\/span><\/p>\n<h3><span style=\"font-family: 'Arial',sans-serif;\">Observe GSi-6 apr\u012bkojums<o:p><\/o:p><\/span><\/h3>\n<p><b><span style=\"font-family: 'Arial',sans-serif;\">Toyo Observe GSi-6<\/span><\/b><span style=\"font-family: 'Arial',sans-serif;\"><a href=\"https:\/\/mmkriepas.lv\/riepas\/ziemas-riepas\/\"> ziemas riepas<\/a> bru\u0146otas ar dzi\u013cu un agres\u012bvu protektora dizainu, kas b\u016bs izcils sabiedrotais c\u012b\u0146\u0101 sniegu un slapjdra\u0146\u0137i. Mas\u012bvajos, simetriski izvietotajos protektora blokos izvietotas ra\u017eot\u0101jam rakstur\u012bg\u0101s spir\u0101lveida lameles, kas b\u016btiski uzlabo manevr\u0113tsp\u0113ju un pal\u012bdz izvad\u012bt \u016bdeni no riepu kontakta virsmas ar ce\u013cu. Protektora blokiem izv\u0113l\u0113ts \u012bpa\u0161i agres\u012bvs, robots dizains, kas teicami veido sa\u0137eri ar sniegu un ledu. Mas\u012bvie riepas plecu zonas bloki palielina stabilit\u0101ti lielos brauk\u0161anas \u0101trumos\u00a0 un samazina s\u0101nsl\u012bdes risku. <o:p><\/o:p><\/span><\/p>\n<p><b><span style=\"font-family: 'Arial',sans-serif;\">Observe GSi-6<\/span><\/b><span style=\"font-family: 'Arial',sans-serif;\"> riepas darin\u0101tas no augstv\u0113rt\u012bga kompoz\u012btmateri\u0101la. T\u0101 sast\u0101vam pievienoti <b>Microbit<\/b> elementi jeb \u012bpa\u0161s valriekstu \u010daulas da\u013ci\u0146u sajaukums, kas izcili veido sa\u0137eri ar ledu, da\u013c\u0113ji aizvietojot pat radzes. Pievienots ar\u012b dab\u012bgais ogleklis, \u013caujot riepai absorb\u0113t mitrumu no kontakta virsmas ar ce\u013cu, to sausinot. Turkl\u0101t, gumijas sakaus\u0113jums rad\u012bts p\u0113c <a href=\"https:\/\/www.toyotires.eu\/page\/index\/identifier\/nano-balance-technology\"><strong>Nano Balance<\/strong><\/a> tehnolo\u0123ijas. Tas, atkar\u012bb\u0101 no \u0101r\u0113j\u0101s temperat\u016bras, maina ciet\u012bbu. T\u0101d\u0113j\u0101di, \u0161is riepu modelis sp\u0113j saglab\u0101t elast\u012bbu zem\u0101s gaisa temperat\u016br\u0101s, izcili veidojot sa\u0137eri ar ce\u013cu.\u00a0<\/span><\/p>\n","protected":false},"excerpt":{"rendered":"<p><b><span style=\"font-family: 'Arial',sans-serif;\">Toyo Observe GSi-6 <\/span><\/b><span style=\"font-family: 'Arial',sans-serif;\">ir Jap\u0101n\u0101 ra\u017eots Premium klases Skandin\u0101vijas tipa ziemas riepu modelis. Izce\u013cas ar teicamu sa\u0137eri un manevr\u0113tsp\u0113ju pat skarb\u0101kajos ziemas brauk\u0161anas apst\u0101k\u013cos, k\u0101 ar\u012b pazemin\u0101tu trok\u0161\u0146a l\u012bmeni.\u00a0 Riepas ra\u017eotas un izstr\u0101d\u0101tas Jap\u0101n\u0101.\u00a0<\/span><\/p>\n","protected":false},"featured_media":190096,"template":"","meta":{"_acf_changed":false,"ngg_post_thumbnail":0},"product_brand":[],"product_cat":[47,45],"product_tag":[19634],"class_list":{"0":"post-189751","1":"product","2":"type-product","3":"status-publish","4":"has-post-thumbnail","6":"product_cat-vissezonas-riepas","7":"product_cat-ziemas-riepas","8":"product_tag-mmk","10":"first","11":"instock","12":"sale","13":"taxable","14":"shipping-taxable","15":"product-type-simple"},"acf":[],"yoast_head":"<!-- This site is optimized with the Yoast SEO Premium plugin v22.6 (Yoast SEO v27.3) - https:\/\/yoast.com\/product\/yoast-seo-premium-wordpress\/ -->\n<title>225\/65R17 Toyo Observe GSi-6 LS 102H &#8226; MMK Riepas<\/title>\n<meta name=\"description\" content=\"Toyo Observe GSi-6 - Jap\u0101nas Premium m\u012bkst\u0101 sast\u0101va ziemas riepas. Bru\u0146otas ar jaunakaj\u0101m tehnolo\u0123ij\u0101m. Pieejamas abos MMK riepu centros!\" \/>\n<meta name=\"robots\" content=\"index, follow, max-snippet:-1, max-image-preview:large, max-video-preview:-1\" \/>\n<link rel=\"canonical\" href=\"https:\/\/mmkriepas.lv\/en\/p\/225-65r17-toyo-observe-gsi-6-ls-102h\/\" \/>\n<meta property=\"og:locale\" content=\"en_US\" \/>\n<meta property=\"og:type\" content=\"article\" \/>\n<meta property=\"og:title\" content=\"225\/65R17 Toyo Observe GSi-6 LS 102H\" \/>\n<meta property=\"og:description\" content=\"Toyo Observe GSi-6 - Jap\u0101nas Premium m\u012bkst\u0101 sast\u0101va ziemas riepas. Bru\u0146otas ar jaunakaj\u0101m tehnolo\u0123ij\u0101m. Pieejamas abos MMK riepu centros!\" \/>\n<meta property=\"og:url\" content=\"https:\/\/mmkriepas.lv\/en\/p\/225-65r17-toyo-observe-gsi-6-ls-102h\/\" \/>\n<meta property=\"og:site_name\" content=\"MMK Riepas\" \/>\n<meta property=\"article:publisher\" content=\"https:\/\/www.facebook.com\/mmkserviss\/\" \/>\n<meta property=\"article:modified_time\" content=\"2022-11-03T09:20:45+00:00\" \/>\n<meta property=\"og:image\" content=\"https:\/\/mmkriepas.lv\/wp-content\/uploads\/2021\/08\/26550r20-toyo-observe-gsi-6-ls-111h-xl-ziemas-riepas-3.jpeg\" \/>\n\t<meta property=\"og:image:width\" content=\"1600\" \/>\n\t<meta property=\"og:image:height\" content=\"1200\" \/>\n\t<meta property=\"og:image:type\" content=\"image\/jpeg\" \/>\n<meta name=\"twitter:card\" content=\"summary_large_image\" \/>\n<meta name=\"twitter:label1\" content=\"Price\" \/>\n\t<meta name=\"twitter:data1\" content=\"&euro;150.00\" \/>\n\t<meta name=\"twitter:label2\" content=\"Availability\" \/>\n\t<meta name=\"twitter:data2\" content=\"In stock\" \/>\n<script type=\"application\/ld+json\" class=\"yoast-schema-graph\">{\"@context\":\"https:\\\/\\\/schema.org\",\"@graph\":[{\"@type\":\"WebPage\",\"@id\":\"https:\\\/\\\/mmkriepas.lv\\\/en\\\/p\\\/225-65r17-toyo-observe-gsi-6-ls-102h\\\/\",\"url\":\"https:\\\/\\\/mmkriepas.lv\\\/en\\\/p\\\/225-65r17-toyo-observe-gsi-6-ls-102h\\\/\",\"name\":\"225\\\/65R17 Toyo Observe GSi-6 LS 102H &#8226; MMK Riepas\",\"isPartOf\":{\"@id\":\"https:\\\/\\\/mmkriepas.lv\\\/en\\\/#website\"},\"primaryImageOfPage\":{\"@id\":\"https:\\\/\\\/mmkriepas.lv\\\/en\\\/p\\\/225-65r17-toyo-observe-gsi-6-ls-102h\\\/#primaryimage\"},\"image\":{\"@id\":\"https:\\\/\\\/mmkriepas.lv\\\/en\\\/p\\\/225-65r17-toyo-observe-gsi-6-ls-102h\\\/#primaryimage\"},\"thumbnailUrl\":\"https:\\\/\\\/mmkriepas.lv\\\/wp-content\\\/uploads\\\/2021\\\/08\\\/26550r20-toyo-observe-gsi-6-ls-111h-xl-ziemas-riepas-3.jpeg\",\"datePublished\":\"2021-08-12T07:46:17+00:00\",\"dateModified\":\"2022-11-03T09:20:45+00:00\",\"description\":\"Toyo Observe GSi-6 - Jap\u0101nas Premium m\u012bkst\u0101 sast\u0101va ziemas riepas. Bru\u0146otas ar jaunakaj\u0101m tehnolo\u0123ij\u0101m. Pieejamas abos MMK riepu centros!\",\"breadcrumb\":{\"@id\":\"https:\\\/\\\/mmkriepas.lv\\\/en\\\/p\\\/225-65r17-toyo-observe-gsi-6-ls-102h\\\/#breadcrumb\"},\"inLanguage\":\"en-US\",\"potentialAction\":[{\"@type\":\"ReadAction\",\"target\":[\"https:\\\/\\\/mmkriepas.lv\\\/en\\\/p\\\/225-65r17-toyo-observe-gsi-6-ls-102h\\\/\"]}]},{\"@type\":\"ImageObject\",\"inLanguage\":\"en-US\",\"@id\":\"https:\\\/\\\/mmkriepas.lv\\\/en\\\/p\\\/225-65r17-toyo-observe-gsi-6-ls-102h\\\/#primaryimage\",\"url\":\"https:\\\/\\\/mmkriepas.lv\\\/wp-content\\\/uploads\\\/2021\\\/08\\\/26550r20-toyo-observe-gsi-6-ls-111h-xl-ziemas-riepas-3.jpeg\",\"contentUrl\":\"https:\\\/\\\/mmkriepas.lv\\\/wp-content\\\/uploads\\\/2021\\\/08\\\/26550r20-toyo-observe-gsi-6-ls-111h-xl-ziemas-riepas-3.jpeg\",\"width\":1600,\"height\":1200,\"caption\":\"Toyo Observe GSi-6\"},{\"@type\":\"BreadcrumbList\",\"@id\":\"https:\\\/\\\/mmkriepas.lv\\\/en\\\/p\\\/225-65r17-toyo-observe-gsi-6-ls-102h\\\/#breadcrumb\",\"itemListElement\":[{\"@type\":\"ListItem\",\"position\":1,\"name\":\"S\u0101kums\",\"item\":\"https:\\\/\\\/mmkriepas.lv\\\/en\\\/\"},{\"@type\":\"ListItem\",\"position\":2,\"name\":\"225\\\/65R17 Toyo Observe GSi-6 LS 102H\"}]},{\"@type\":\"WebSite\",\"@id\":\"https:\\\/\\\/mmkriepas.lv\\\/en\\\/#website\",\"url\":\"https:\\\/\\\/mmkriepas.lv\\\/en\\\/\",\"name\":\"MMK Riepas\",\"description\":\"MMK Riepas\",\"alternateName\":\"MMK Riepu Serviss\",\"potentialAction\":[{\"@type\":\"SearchAction\",\"target\":{\"@type\":\"EntryPoint\",\"urlTemplate\":\"https:\\\/\\\/mmkriepas.lv\\\/en\\\/?s={search_term_string}\"},\"query-input\":{\"@type\":\"PropertyValueSpecification\",\"valueRequired\":true,\"valueName\":\"search_term_string\"}}],\"inLanguage\":\"en-US\"},{\"@type\":\"ImageObject\",\"inLanguage\":\"en-US\",\"@id\":\"https:\\\/\\\/mmkriepas.lv\\\/en\\\/p\\\/225-65r17-toyo-observe-gsi-6-ls-102h\\\/#local-main-organization-logo\",\"url\":\"\",\"contentUrl\":\"\",\"caption\":\"MMK Riepas\"}]}<\/script>\n<meta property=\"product:brand\" content=\"Toyo Observe GSi-6\" \/>\n<meta property=\"product:price:amount\" content=\"150.00\" \/>\n<meta property=\"product:price:currency\" content=\"EUR\" \/>\n<meta property=\"og:availability\" content=\"instock\" \/>\n<meta property=\"product:availability\" content=\"instock\" \/>\n<meta property=\"product:condition\" content=\"new\" \/>\n<!-- \/ Yoast SEO Premium plugin. -->","yoast_head_json":{"title":"225\/65R17 Toyo Observe GSi-6 LS 102H &#8226; MMK Riepas","description":"Toyo Observe GSi-6 - Jap\u0101nas Premium m\u012bkst\u0101 sast\u0101va ziemas riepas. Bru\u0146otas ar jaunakaj\u0101m tehnolo\u0123ij\u0101m. Pieejamas abos MMK riepu centros!","robots":{"index":"index","follow":"follow","max-snippet":"max-snippet:-1","max-image-preview":"max-image-preview:large","max-video-preview":"max-video-preview:-1"},"canonical":"https:\/\/mmkriepas.lv\/en\/p\/225-65r17-toyo-observe-gsi-6-ls-102h\/","og_locale":"en_US","og_type":"article","og_title":"225\/65R17 Toyo Observe GSi-6 LS 102H","og_description":"Toyo Observe GSi-6 - Jap\u0101nas Premium m\u012bkst\u0101 sast\u0101va ziemas riepas. Bru\u0146otas ar jaunakaj\u0101m tehnolo\u0123ij\u0101m. Pieejamas abos MMK riepu centros!","og_url":"https:\/\/mmkriepas.lv\/en\/p\/225-65r17-toyo-observe-gsi-6-ls-102h\/","og_site_name":"MMK Riepas","article_publisher":"https:\/\/www.facebook.com\/mmkserviss\/","article_modified_time":"2022-11-03T09:20:45+00:00","og_image":[{"width":1600,"height":1200,"url":"https:\/\/mmkriepas.lv\/wp-content\/uploads\/2021\/08\/26550r20-toyo-observe-gsi-6-ls-111h-xl-ziemas-riepas-3.jpeg","type":"image\/jpeg"}],"twitter_card":"summary_large_image","twitter_misc":{"Price":"&euro;150.00","Availability":"In stock"},"schema":{"@context":"https:\/\/schema.org","@graph":[{"@type":"WebPage","@id":"https:\/\/mmkriepas.lv\/en\/p\/225-65r17-toyo-observe-gsi-6-ls-102h\/","url":"https:\/\/mmkriepas.lv\/en\/p\/225-65r17-toyo-observe-gsi-6-ls-102h\/","name":"225\/65R17 Toyo Observe GSi-6 LS 102H &#8226; MMK Riepas","isPartOf":{"@id":"https:\/\/mmkriepas.lv\/en\/#website"},"primaryImageOfPage":{"@id":"https:\/\/mmkriepas.lv\/en\/p\/225-65r17-toyo-observe-gsi-6-ls-102h\/#primaryimage"},"image":{"@id":"https:\/\/mmkriepas.lv\/en\/p\/225-65r17-toyo-observe-gsi-6-ls-102h\/#primaryimage"},"thumbnailUrl":"https:\/\/mmkriepas.lv\/wp-content\/uploads\/2021\/08\/26550r20-toyo-observe-gsi-6-ls-111h-xl-ziemas-riepas-3.jpeg","datePublished":"2021-08-12T07:46:17+00:00","dateModified":"2022-11-03T09:20:45+00:00","description":"Toyo Observe GSi-6 - Jap\u0101nas Premium m\u012bkst\u0101 sast\u0101va ziemas riepas. Bru\u0146otas ar jaunakaj\u0101m tehnolo\u0123ij\u0101m. Pieejamas abos MMK riepu centros!","breadcrumb":{"@id":"https:\/\/mmkriepas.lv\/en\/p\/225-65r17-toyo-observe-gsi-6-ls-102h\/#breadcrumb"},"inLanguage":"en-US","potentialAction":[{"@type":"ReadAction","target":["https:\/\/mmkriepas.lv\/en\/p\/225-65r17-toyo-observe-gsi-6-ls-102h\/"]}]},{"@type":"ImageObject","inLanguage":"en-US","@id":"https:\/\/mmkriepas.lv\/en\/p\/225-65r17-toyo-observe-gsi-6-ls-102h\/#primaryimage","url":"https:\/\/mmkriepas.lv\/wp-content\/uploads\/2021\/08\/26550r20-toyo-observe-gsi-6-ls-111h-xl-ziemas-riepas-3.jpeg","contentUrl":"https:\/\/mmkriepas.lv\/wp-content\/uploads\/2021\/08\/26550r20-toyo-observe-gsi-6-ls-111h-xl-ziemas-riepas-3.jpeg","width":1600,"height":1200,"caption":"Toyo Observe GSi-6"},{"@type":"BreadcrumbList","@id":"https:\/\/mmkriepas.lv\/en\/p\/225-65r17-toyo-observe-gsi-6-ls-102h\/#breadcrumb","itemListElement":[{"@type":"ListItem","position":1,"name":"S\u0101kums","item":"https:\/\/mmkriepas.lv\/en\/"},{"@type":"ListItem","position":2,"name":"225\/65R17 Toyo Observe GSi-6 LS 102H"}]},{"@type":"WebSite","@id":"https:\/\/mmkriepas.lv\/en\/#website","url":"https:\/\/mmkriepas.lv\/en\/","name":"MMK Riepas","description":"MMK Riepas","alternateName":"MMK Riepu Serviss","potentialAction":[{"@type":"SearchAction","target":{"@type":"EntryPoint","urlTemplate":"https:\/\/mmkriepas.lv\/en\/?s={search_term_string}"},"query-input":{"@type":"PropertyValueSpecification","valueRequired":true,"valueName":"search_term_string"}}],"inLanguage":"en-US"},{"@type":"ImageObject","inLanguage":"en-US","@id":"https:\/\/mmkriepas.lv\/en\/p\/225-65r17-toyo-observe-gsi-6-ls-102h\/#local-main-organization-logo","url":"","contentUrl":"","caption":"MMK Riepas"}]},"product_brand":"Toyo Observe GSi-6","product_price_amount":"150.00","product_price_currency":"EUR","og_availability":"instock","product_availability":"instock","product_condition":"new"},"_links":{"self":[{"href":"https:\/\/mmkriepas.lv\/en\/wp-json\/wp\/v2\/product\/189751","targetHints":{"allow":["GET"]}}],"collection":[{"href":"https:\/\/mmkriepas.lv\/en\/wp-json\/wp\/v2\/product"}],"about":[{"href":"https:\/\/mmkriepas.lv\/en\/wp-json\/wp\/v2\/types\/product"}],"wp:featuredmedia":[{"embeddable":true,"href":"https:\/\/mmkriepas.lv\/en\/wp-json\/wp\/v2\/media\/190096"}],"wp:attachment":[{"href":"https:\/\/mmkriepas.lv\/en\/wp-json\/wp\/v2\/media?parent=189751"}],"wp:term":[{"taxonomy":"product_brand","embeddable":true,"href":"https:\/\/mmkriepas.lv\/en\/wp-json\/wp\/v2\/product_brand?post=189751"},{"taxonomy":"product_cat","embeddable":true,"href":"https:\/\/mmkriepas.lv\/en\/wp-json\/wp\/v2\/product_cat?post=189751"},{"taxonomy":"product_tag","embeddable":true,"href":"https:\/\/mmkriepas.lv\/en\/wp-json\/wp\/v2\/product_tag?post=189751"}],"curies":[{"name":"wp","href":"https:\/\/api.w.org\/{rel}","templated":true}]}}