{"id":189467,"date":"2021-08-11T13:10:20","date_gmt":"2021-08-11T10:10:20","guid":{"rendered":"https:\/\/mmkserviss.lv\/?post_type=product&#038;p=189467"},"modified":"2023-02-09T15:47:10","modified_gmt":"2023-02-09T13:47:10","slug":"215-65r17-toyo-observe-s944-suv-103v-xl","status":"publish","type":"product","link":"https:\/\/mmkriepas.lv\/en\/p\/215-65r17-toyo-observe-s944-suv-103v-xl\/","title":{"rendered":"215\/65R17 Toyo Observe S944 SUV 103V XL"},"content":{"rendered":"<p><strong>Toyo Observe S944<\/strong> ir Jap\u0101n\u0101 ra\u017eots Premium klases vissezonas\/ziemas riepu modelis, kas izce\u013cas ar teicamu sa\u0137eri jebk\u0101dos brauk\u0161anas apst\u0101k\u013cos. Pieejams pla\u0161\u0101 izm\u0113ru kl\u0101st\u0101 vieglaj\u0101m automa\u0161\u012bn\u0101m no R14 l\u012bdz R21.<\/p>\n<h3><strong>Toyo Observe S944 galven\u0101s iez\u012bmes:<\/strong><\/h3>\n<p>+ Uzlabota sa\u0137ere gan uz sausa, gan slapja asfalta,<br \/>+ Paaugstin\u0101ta nodilumiztur\u012bba,<br \/>+ Augsts akustiskais komforts,<br \/>+ Zema rites pretest\u012bba, kas rezult\u0113jas zem\u0101k\u0101 degvielas pat\u0113ri\u0146\u0101,<br \/>+ Augstv\u0113rt\u012bgs riepu gumijas sast\u0101vs,<br \/>+ Nano Balance tehnolo\u0123ija,<br \/>+ Teicama manevr\u0113tsp\u0113ja un sa\u0137ere snieg\u0101<\/p>\n<h3><strong>Observe S944 apr\u012bkojums<\/strong><\/h3>\n<p>Zem vissezonas riep\u0101m rakstur\u012bg\u0101 <strong>Toyo Observe S944 <\/strong>virzienveida protektora dizaina pasl\u0113pta virkne tehnolo\u0123isku risin\u0101jumu. K\u0101 vienu no tiem var min\u0113t nelielus &#8220;tilti\u0146us&#8221; starp protektora blokiem, kas b\u016btiski uzlabo manevr\u0113tsp\u0113ju pat lielos brauk\u0161anas \u0101trumos.<\/p>\n<p>Simetriski izvietotie protektora bloki darin\u0101ti no augstv\u0113rt\u012bga kompoz\u012btmateri\u0101la, kas veidots p\u0113c <strong>Nano Balance<\/strong> tehnolo\u0123ijas. Gumijas sast\u0101vam pievienota ne tikai virkne da\u017e\u0101du elastrom\u0113tu, bet ar\u012b Carbon Black mais\u012bjums jeb ogleklis. Tas at\u013cauj \u0161im riepu modelim absorb\u0113t mitrumu no kontakta virsmas ar ce\u013cu, b\u016btiski uzlabojot sa\u0137eri.<\/p>\n<p>Observe S944 izstr\u0101d\u0101ta teicama dren\u0101\u017eas kan\u0101lu sist\u0113ma, kas izvada lieko \u016bdeni, sniegu, dub\u013cus un slapjdra\u0146\u0137i no riepu kontakta virsmas ar ce\u013cu, samazinot akvaplan\u0113\u0161anas risku.<\/p>\n","protected":false},"excerpt":{"rendered":"<p><strong>Toyo Observe S944<\/strong> ir Jap\u0101n\u0101 ra\u017eots Premium klases vissezonas\/ziemas riepu modelis, kas izce\u013cas ar teicamu sa\u0137eri jebk\u0101dos brauk\u0161anas apst\u0101k\u013cos. Pieejams pla\u0161\u0101 izm\u0113ru kl\u0101st\u0101 vieglaj\u0101m automa\u0161\u012bn\u0101m no R14 l\u012bdz R21.<\/p>\n","protected":false},"featured_media":378429,"template":"","meta":{"_acf_changed":false,"ngg_post_thumbnail":0},"product_brand":[],"product_cat":[47,45],"product_tag":[],"class_list":{"0":"post-189467","1":"product","2":"type-product","3":"status-publish","4":"has-post-thumbnail","6":"product_cat-vissezonas-riepas","7":"product_cat-ziemas-riepas","9":"first","10":"instock","11":"sale","12":"taxable","13":"shipping-taxable","14":"product-type-simple"},"acf":[],"yoast_head":"<!-- This site is optimized with the Yoast SEO Premium plugin v22.6 (Yoast SEO v27.3) - https:\/\/yoast.com\/product\/yoast-seo-premium-wordpress\/ -->\n<title>215\/65R17 Toyo Observe S944 SUV 103V XL &#8226; MMK Riepas<\/title>\n<meta name=\"description\" content=\"Toyo Observe S944 SUV - augstas kvalit\u0101tes Jap\u0101nas vissezonas riepas tie\u0161i Tavam apvidus auto! Pieejamas abos MMK riepu centros ar atlaidi!\" \/>\n<meta name=\"robots\" content=\"index, follow, max-snippet:-1, max-image-preview:large, max-video-preview:-1\" \/>\n<link rel=\"canonical\" href=\"https:\/\/mmkriepas.lv\/en\/p\/215-65r17-toyo-observe-s944-suv-103v-xl\/\" \/>\n<meta property=\"og:locale\" content=\"en_US\" \/>\n<meta property=\"og:type\" content=\"article\" \/>\n<meta property=\"og:title\" content=\"215\/65R17 Toyo Observe S944 SUV 103V XL\" \/>\n<meta property=\"og:description\" content=\"Toyo Observe S944 SUV - augstas kvalit\u0101tes Jap\u0101nas vissezonas riepas tie\u0161i Tavam apvidus auto! Pieejamas abos MMK riepu centros ar atlaidi!\" \/>\n<meta property=\"og:url\" content=\"https:\/\/mmkriepas.lv\/en\/p\/215-65r17-toyo-observe-s944-suv-103v-xl\/\" \/>\n<meta property=\"og:site_name\" content=\"MMK Riepas\" \/>\n<meta property=\"article:publisher\" content=\"https:\/\/www.facebook.com\/mmkserviss\/\" \/>\n<meta property=\"article:modified_time\" content=\"2023-02-09T13:47:10+00:00\" \/>\n<meta property=\"og:image\" content=\"https:\/\/mmkriepas.lv\/wp-content\/uploads\/2022\/10\/18560r15-toyo-observe-s944-88h-xl-ziemas-riepas-2.jpg\" \/>\n\t<meta property=\"og:image:width\" content=\"1920\" \/>\n\t<meta property=\"og:image:height\" content=\"1440\" \/>\n\t<meta property=\"og:image:type\" content=\"image\/jpeg\" \/>\n<meta name=\"twitter:card\" content=\"summary_large_image\" \/>\n<meta name=\"twitter:label1\" content=\"Price\" \/>\n\t<meta name=\"twitter:data1\" content=\"&euro;133.00\" \/>\n\t<meta name=\"twitter:label2\" content=\"Availability\" \/>\n\t<meta name=\"twitter:data2\" content=\"In stock\" \/>\n<script type=\"application\/ld+json\" class=\"yoast-schema-graph\">{\"@context\":\"https:\\\/\\\/schema.org\",\"@graph\":[{\"@type\":\"WebPage\",\"@id\":\"https:\\\/\\\/mmkriepas.lv\\\/en\\\/p\\\/215-65r17-toyo-observe-s944-suv-103v-xl\\\/\",\"url\":\"https:\\\/\\\/mmkriepas.lv\\\/en\\\/p\\\/215-65r17-toyo-observe-s944-suv-103v-xl\\\/\",\"name\":\"215\\\/65R17 Toyo Observe S944 SUV 103V XL &#8226; MMK Riepas\",\"isPartOf\":{\"@id\":\"https:\\\/\\\/mmkriepas.lv\\\/en\\\/#website\"},\"primaryImageOfPage\":{\"@id\":\"https:\\\/\\\/mmkriepas.lv\\\/en\\\/p\\\/215-65r17-toyo-observe-s944-suv-103v-xl\\\/#primaryimage\"},\"image\":{\"@id\":\"https:\\\/\\\/mmkriepas.lv\\\/en\\\/p\\\/215-65r17-toyo-observe-s944-suv-103v-xl\\\/#primaryimage\"},\"thumbnailUrl\":\"https:\\\/\\\/mmkriepas.lv\\\/wp-content\\\/uploads\\\/2022\\\/10\\\/18560r15-toyo-observe-s944-88h-xl-ziemas-riepas-2.jpg\",\"datePublished\":\"2021-08-11T10:10:20+00:00\",\"dateModified\":\"2023-02-09T13:47:10+00:00\",\"description\":\"Toyo Observe S944 SUV - augstas kvalit\u0101tes Jap\u0101nas vissezonas riepas tie\u0161i Tavam apvidus auto! Pieejamas abos MMK riepu centros ar atlaidi!\",\"breadcrumb\":{\"@id\":\"https:\\\/\\\/mmkriepas.lv\\\/en\\\/p\\\/215-65r17-toyo-observe-s944-suv-103v-xl\\\/#breadcrumb\"},\"inLanguage\":\"en-US\",\"potentialAction\":[{\"@type\":\"ReadAction\",\"target\":[\"https:\\\/\\\/mmkriepas.lv\\\/en\\\/p\\\/215-65r17-toyo-observe-s944-suv-103v-xl\\\/\"]}]},{\"@type\":\"ImageObject\",\"inLanguage\":\"en-US\",\"@id\":\"https:\\\/\\\/mmkriepas.lv\\\/en\\\/p\\\/215-65r17-toyo-observe-s944-suv-103v-xl\\\/#primaryimage\",\"url\":\"https:\\\/\\\/mmkriepas.lv\\\/wp-content\\\/uploads\\\/2022\\\/10\\\/18560r15-toyo-observe-s944-88h-xl-ziemas-riepas-2.jpg\",\"contentUrl\":\"https:\\\/\\\/mmkriepas.lv\\\/wp-content\\\/uploads\\\/2022\\\/10\\\/18560r15-toyo-observe-s944-88h-xl-ziemas-riepas-2.jpg\",\"width\":1920,\"height\":1440,\"caption\":\"TOYO OBSERVE S944\"},{\"@type\":\"BreadcrumbList\",\"@id\":\"https:\\\/\\\/mmkriepas.lv\\\/en\\\/p\\\/215-65r17-toyo-observe-s944-suv-103v-xl\\\/#breadcrumb\",\"itemListElement\":[{\"@type\":\"ListItem\",\"position\":1,\"name\":\"S\u0101kums\",\"item\":\"https:\\\/\\\/mmkriepas.lv\\\/en\\\/\"},{\"@type\":\"ListItem\",\"position\":2,\"name\":\"215\\\/65R17 Toyo Observe S944 SUV 103V XL\"}]},{\"@type\":\"WebSite\",\"@id\":\"https:\\\/\\\/mmkriepas.lv\\\/en\\\/#website\",\"url\":\"https:\\\/\\\/mmkriepas.lv\\\/en\\\/\",\"name\":\"MMK Riepas\",\"description\":\"MMK Riepas\",\"alternateName\":\"MMK Riepu Serviss\",\"potentialAction\":[{\"@type\":\"SearchAction\",\"target\":{\"@type\":\"EntryPoint\",\"urlTemplate\":\"https:\\\/\\\/mmkriepas.lv\\\/en\\\/?s={search_term_string}\"},\"query-input\":{\"@type\":\"PropertyValueSpecification\",\"valueRequired\":true,\"valueName\":\"search_term_string\"}}],\"inLanguage\":\"en-US\"},{\"@type\":\"ImageObject\",\"inLanguage\":\"en-US\",\"@id\":\"https:\\\/\\\/mmkriepas.lv\\\/en\\\/p\\\/215-65r17-toyo-observe-s944-suv-103v-xl\\\/#local-main-organization-logo\",\"url\":\"\",\"contentUrl\":\"\",\"caption\":\"MMK Riepas\"}]}<\/script>\n<meta property=\"product:brand\" content=\"Toyo Observe S944\" \/>\n<meta property=\"product:price:amount\" content=\"133.00\" \/>\n<meta property=\"product:price:currency\" content=\"EUR\" \/>\n<meta property=\"og:availability\" content=\"instock\" \/>\n<meta property=\"product:availability\" content=\"instock\" \/>\n<meta property=\"product:condition\" content=\"new\" \/>\n<!-- \/ Yoast SEO Premium plugin. -->","yoast_head_json":{"title":"215\/65R17 Toyo Observe S944 SUV 103V XL &#8226; MMK Riepas","description":"Toyo Observe S944 SUV - augstas kvalit\u0101tes Jap\u0101nas vissezonas riepas tie\u0161i Tavam apvidus auto! Pieejamas abos MMK riepu centros ar atlaidi!","robots":{"index":"index","follow":"follow","max-snippet":"max-snippet:-1","max-image-preview":"max-image-preview:large","max-video-preview":"max-video-preview:-1"},"canonical":"https:\/\/mmkriepas.lv\/en\/p\/215-65r17-toyo-observe-s944-suv-103v-xl\/","og_locale":"en_US","og_type":"article","og_title":"215\/65R17 Toyo Observe S944 SUV 103V XL","og_description":"Toyo Observe S944 SUV - augstas kvalit\u0101tes Jap\u0101nas vissezonas riepas tie\u0161i Tavam apvidus auto! Pieejamas abos MMK riepu centros ar atlaidi!","og_url":"https:\/\/mmkriepas.lv\/en\/p\/215-65r17-toyo-observe-s944-suv-103v-xl\/","og_site_name":"MMK Riepas","article_publisher":"https:\/\/www.facebook.com\/mmkserviss\/","article_modified_time":"2023-02-09T13:47:10+00:00","og_image":[{"width":1920,"height":1440,"url":"https:\/\/mmkriepas.lv\/wp-content\/uploads\/2022\/10\/18560r15-toyo-observe-s944-88h-xl-ziemas-riepas-2.jpg","type":"image\/jpeg"}],"twitter_card":"summary_large_image","twitter_misc":{"Price":"&euro;133.00","Availability":"In stock"},"schema":{"@context":"https:\/\/schema.org","@graph":[{"@type":"WebPage","@id":"https:\/\/mmkriepas.lv\/en\/p\/215-65r17-toyo-observe-s944-suv-103v-xl\/","url":"https:\/\/mmkriepas.lv\/en\/p\/215-65r17-toyo-observe-s944-suv-103v-xl\/","name":"215\/65R17 Toyo Observe S944 SUV 103V XL &#8226; MMK Riepas","isPartOf":{"@id":"https:\/\/mmkriepas.lv\/en\/#website"},"primaryImageOfPage":{"@id":"https:\/\/mmkriepas.lv\/en\/p\/215-65r17-toyo-observe-s944-suv-103v-xl\/#primaryimage"},"image":{"@id":"https:\/\/mmkriepas.lv\/en\/p\/215-65r17-toyo-observe-s944-suv-103v-xl\/#primaryimage"},"thumbnailUrl":"https:\/\/mmkriepas.lv\/wp-content\/uploads\/2022\/10\/18560r15-toyo-observe-s944-88h-xl-ziemas-riepas-2.jpg","datePublished":"2021-08-11T10:10:20+00:00","dateModified":"2023-02-09T13:47:10+00:00","description":"Toyo Observe S944 SUV - augstas kvalit\u0101tes Jap\u0101nas vissezonas riepas tie\u0161i Tavam apvidus auto! Pieejamas abos MMK riepu centros ar atlaidi!","breadcrumb":{"@id":"https:\/\/mmkriepas.lv\/en\/p\/215-65r17-toyo-observe-s944-suv-103v-xl\/#breadcrumb"},"inLanguage":"en-US","potentialAction":[{"@type":"ReadAction","target":["https:\/\/mmkriepas.lv\/en\/p\/215-65r17-toyo-observe-s944-suv-103v-xl\/"]}]},{"@type":"ImageObject","inLanguage":"en-US","@id":"https:\/\/mmkriepas.lv\/en\/p\/215-65r17-toyo-observe-s944-suv-103v-xl\/#primaryimage","url":"https:\/\/mmkriepas.lv\/wp-content\/uploads\/2022\/10\/18560r15-toyo-observe-s944-88h-xl-ziemas-riepas-2.jpg","contentUrl":"https:\/\/mmkriepas.lv\/wp-content\/uploads\/2022\/10\/18560r15-toyo-observe-s944-88h-xl-ziemas-riepas-2.jpg","width":1920,"height":1440,"caption":"TOYO OBSERVE S944"},{"@type":"BreadcrumbList","@id":"https:\/\/mmkriepas.lv\/en\/p\/215-65r17-toyo-observe-s944-suv-103v-xl\/#breadcrumb","itemListElement":[{"@type":"ListItem","position":1,"name":"S\u0101kums","item":"https:\/\/mmkriepas.lv\/en\/"},{"@type":"ListItem","position":2,"name":"215\/65R17 Toyo Observe S944 SUV 103V XL"}]},{"@type":"WebSite","@id":"https:\/\/mmkriepas.lv\/en\/#website","url":"https:\/\/mmkriepas.lv\/en\/","name":"MMK Riepas","description":"MMK Riepas","alternateName":"MMK Riepu Serviss","potentialAction":[{"@type":"SearchAction","target":{"@type":"EntryPoint","urlTemplate":"https:\/\/mmkriepas.lv\/en\/?s={search_term_string}"},"query-input":{"@type":"PropertyValueSpecification","valueRequired":true,"valueName":"search_term_string"}}],"inLanguage":"en-US"},{"@type":"ImageObject","inLanguage":"en-US","@id":"https:\/\/mmkriepas.lv\/en\/p\/215-65r17-toyo-observe-s944-suv-103v-xl\/#local-main-organization-logo","url":"","contentUrl":"","caption":"MMK Riepas"}]},"product_brand":"Toyo Observe S944","product_price_amount":"133.00","product_price_currency":"EUR","og_availability":"instock","product_availability":"instock","product_condition":"new"},"_links":{"self":[{"href":"https:\/\/mmkriepas.lv\/en\/wp-json\/wp\/v2\/product\/189467","targetHints":{"allow":["GET"]}}],"collection":[{"href":"https:\/\/mmkriepas.lv\/en\/wp-json\/wp\/v2\/product"}],"about":[{"href":"https:\/\/mmkriepas.lv\/en\/wp-json\/wp\/v2\/types\/product"}],"wp:featuredmedia":[{"embeddable":true,"href":"https:\/\/mmkriepas.lv\/en\/wp-json\/wp\/v2\/media\/378429"}],"wp:attachment":[{"href":"https:\/\/mmkriepas.lv\/en\/wp-json\/wp\/v2\/media?parent=189467"}],"wp:term":[{"taxonomy":"product_brand","embeddable":true,"href":"https:\/\/mmkriepas.lv\/en\/wp-json\/wp\/v2\/product_brand?post=189467"},{"taxonomy":"product_cat","embeddable":true,"href":"https:\/\/mmkriepas.lv\/en\/wp-json\/wp\/v2\/product_cat?post=189467"},{"taxonomy":"product_tag","embeddable":true,"href":"https:\/\/mmkriepas.lv\/en\/wp-json\/wp\/v2\/product_tag?post=189467"}],"curies":[{"name":"wp","href":"https:\/\/api.w.org\/{rel}","templated":true}]}}