{"id":189229,"date":"2021-08-10T17:09:57","date_gmt":"2021-08-10T14:09:57","guid":{"rendered":"https:\/\/mmkserviss.lv\/?post_type=product&#038;p=189229"},"modified":"2022-11-03T11:24:00","modified_gmt":"2022-11-03T09:24:00","slug":"185-65r15-toyo-observe-gsi-5-88q","status":"publish","type":"product","link":"https:\/\/mmkriepas.lv\/en\/p\/185-65r15-toyo-observe-gsi-5-88q\/","title":{"rendered":"185\/65R15 Toyo Observe GSi-5 88Q"},"content":{"rendered":"<p><b>Toyo Observe GSi-5 <\/b><span style=\"font-weight: 400;\">ir Jap\u0101n\u0101 ra\u017eotas Premium klases m\u012bkst\u0101 sast\u0101va ziemas riepas. Izce\u013cas ar teicamu veiktsp\u0113ju gan uz sniega, gan ledus, pateicoties neskait\u0101miem tehnolo\u0123iskajiem risin\u0101jumiem.<\/span><\/p>\n<p><span style=\"font-weight: 400;\">Riepas ra\u017eotas un izstr\u0101d\u0101tas Jap\u0101n\u0101<\/span><\/p>\n<h3><b>Toyo Observe GSi-5 galven\u0101s iez\u012bmes:<\/b><\/h3>\n<p><span style=\"font-weight: 400;\">+ Teicama veiktsp\u0113ja gan snieg\u0101, gan uz ledus,<\/span><\/p>\n<p><span style=\"font-weight: 400;\">+ Uzlabots riepu gumijas sast\u0101vs, kam pievienots dab\u012bgais ogleklis un valriekstu \u010daulas da\u013ci\u0146as,<\/span><\/p>\n<p><span style=\"font-weight: 400;\">+ Palielin\u0101ta nodilumiztur\u012bba,<\/span><\/p>\n<p><span style=\"font-weight: 400;\">+ Gadiem ilgi p\u0101rbaud\u012bts, teicams protektora dizains,<\/span><\/p>\n<p><span style=\"font-weight: 400;\">+ P\u0113c Arrow Lift tehnolo\u0123ijas izstr\u0101d\u0101ti riepas protektora bloki,<\/span><\/p>\n<p><span style=\"font-weight: 400;\">+ Spider Sip lamel\u0113\u0161anas tehnolo\u0123ija, kas nodro\u0161ina teicamu sa\u0137eri uz ledus un snieg\u0101,<\/span><\/p>\n<p><span style=\"font-weight: 400;\">+ Paaugstin\u0101ta veiktsp\u0113ja ar\u012b slapjdra\u0146\u0137\u012b, pateicoties uzlabotai riepu dren\u0101\u017eas kan\u0101lu sist\u0113mai<\/span><\/p>\n<p><b>Observe GSi-5 apr\u012bkojums<\/b><\/p>\n<p><b>Toyo Observe GSi-5<\/b><span style=\"font-weight: 400;\"> apr\u012bkotas ar agres\u012bvu virzienveida protektora dizainu. T\u0101 mas\u012bvie, simetriski izvietotie bloki veidoti p\u0113c Arrow Lift tehnolo\u0123ijas, b\u016btiski uzlabojot veiktsp\u0113ju dzi\u013c\u0101 snieg\u0101 un slapjdra\u0146\u0137\u012b.<\/span><\/p>\n<p><span style=\"font-weight: 400;\">Veiktsp\u0113ju slapjdra\u0146\u0137\u012b un \u012bpa\u0161i mitros laikapst\u0101k\u013cos uzlabo ar\u012b attist\u012bta dren\u0101\u017eas kan\u0101lu sist\u0113ma. T\u0101 veidota, izmantojot 3D model\u0113\u0161anas tehniku un optim\u0101li izvada \u016bdeni, sniegu un dub\u013cus no kontakta virsmas ar ce\u013cu, samazinot ar\u012b akvaplan\u0113\u0161anas risku.<\/span><\/p>\n<p><span style=\"font-weight: 400;\">Observe GSi-5 riepu gumijas sast\u0101vam pievienots valriekstu \u010daulas da\u013ci\u0146u sajaukums, kas izcili veido sa\u0137eri ar ledu, da\u013c\u0113ji aizvietojot pat radzes. Pievienots ar\u012b dab\u012bgais ogleklis, \u013caujot riepai absorb\u0113t mitrumu no kontakta virsmas ar ce\u013cu, to sausinot.<\/span><\/p>\n<p><span style=\"font-weight: 400;\">Spider Sipe zirnek\u013cveida formas lameles b\u016btiski uzlabo sa\u0137eri ar\u012b ar ledu, slidenaj\u0101 virsm\u0101 iec\u0113rtoties ar t\u016bksto\u0161iem asu kan\u0161u. Lameles pal\u012bdz ar\u012b izvad\u012bt \u016bdeni no riepu kontakta virsmas ar ce\u013cu.<\/span><\/p>\n","protected":false},"excerpt":{"rendered":"<p><b>Toyo Observe GSi-5 &#8211;<\/b><span style=\"font-weight: 400;\"> Jap\u0101n\u0101 ra\u017eots Premium klases Skandin\u0101vijas tipa ziemas riepu modelis. Izce\u013cas ar teicamu sa\u0137eri un manevr\u0113tsp\u0113ju pat skarb\u0101kajos ziemas brauk\u0161anas apst\u0101k\u013cos, k\u0101 ar\u012b pazemin\u0101tu trok\u0161\u0146a l\u012bmeni. Teicams, jau gadiem p\u0101rbaud\u012bts un uzticams protektora dizains.<\/span><\/p>\n","protected":false},"featured_media":189188,"template":"","meta":{"_acf_changed":false,"ngg_post_thumbnail":0},"product_brand":[],"product_cat":[47,45],"product_tag":[19634],"class_list":{"0":"post-189229","1":"product","2":"type-product","3":"status-publish","4":"has-post-thumbnail","6":"product_cat-vissezonas-riepas","7":"product_cat-ziemas-riepas","8":"product_tag-mmk","10":"first","11":"instock","12":"sale","13":"taxable","14":"shipping-taxable","15":"product-type-simple"},"acf":[],"yoast_head":"<!-- This site is optimized with the Yoast SEO Premium plugin v22.6 (Yoast SEO v27.3) - https:\/\/yoast.com\/product\/yoast-seo-premium-wordpress\/ -->\n<title>185\/65R15 Toyo Observe GSi-5 88Q &#8226; MMK Riepas<\/title>\n<meta name=\"description\" content=\"Toyo Observe GSi-5 - Jap\u0101nas Premium m\u012bkst\u0101 sast\u0101va ziemas riepas. Abos MMK riepu centros - M\u016bkusalas iel\u0101 72d un Bi\u0137ernieku iel\u0101 121k.\" \/>\n<meta name=\"robots\" content=\"index, follow, max-snippet:-1, max-image-preview:large, max-video-preview:-1\" \/>\n<link rel=\"canonical\" href=\"https:\/\/mmkriepas.lv\/en\/p\/185-65r15-toyo-observe-gsi-5-88q\/\" \/>\n<meta property=\"og:locale\" content=\"en_US\" \/>\n<meta property=\"og:type\" content=\"article\" \/>\n<meta property=\"og:title\" content=\"185\/65R15 Toyo Observe GSi-5 88Q\" \/>\n<meta property=\"og:description\" content=\"Toyo Observe GSi-5 - Jap\u0101nas Premium m\u012bkst\u0101 sast\u0101va ziemas riepas. Abos MMK riepu centros - M\u016bkusalas iel\u0101 72d un Bi\u0137ernieku iel\u0101 121k.\" \/>\n<meta property=\"og:url\" content=\"https:\/\/mmkriepas.lv\/en\/p\/185-65r15-toyo-observe-gsi-5-88q\/\" \/>\n<meta property=\"og:site_name\" content=\"MMK Riepas\" \/>\n<meta property=\"article:publisher\" content=\"https:\/\/www.facebook.com\/mmkserviss\/\" \/>\n<meta property=\"article:modified_time\" content=\"2022-11-03T09:24:00+00:00\" \/>\n<meta property=\"og:image\" content=\"https:\/\/mmkriepas.lv\/wp-content\/uploads\/2021\/08\/25550r20-toyo-observe-gsi-5-109q-xl-ziemas-riepas.jpg\" \/>\n\t<meta property=\"og:image:width\" content=\"397\" \/>\n\t<meta property=\"og:image:height\" content=\"575\" \/>\n\t<meta property=\"og:image:type\" content=\"image\/jpeg\" \/>\n<meta name=\"twitter:card\" content=\"summary_large_image\" \/>\n<meta name=\"twitter:label1\" content=\"Price\" \/>\n\t<meta name=\"twitter:data1\" content=\"&euro;77.00\" \/>\n\t<meta name=\"twitter:label2\" content=\"Availability\" \/>\n\t<meta name=\"twitter:data2\" content=\"In stock\" \/>\n<script type=\"application\/ld+json\" class=\"yoast-schema-graph\">{\"@context\":\"https:\\\/\\\/schema.org\",\"@graph\":[{\"@type\":\"WebPage\",\"@id\":\"https:\\\/\\\/mmkriepas.lv\\\/en\\\/p\\\/185-65r15-toyo-observe-gsi-5-88q\\\/\",\"url\":\"https:\\\/\\\/mmkriepas.lv\\\/en\\\/p\\\/185-65r15-toyo-observe-gsi-5-88q\\\/\",\"name\":\"185\\\/65R15 Toyo Observe GSi-5 88Q &#8226; MMK Riepas\",\"isPartOf\":{\"@id\":\"https:\\\/\\\/mmkriepas.lv\\\/en\\\/#website\"},\"primaryImageOfPage\":{\"@id\":\"https:\\\/\\\/mmkriepas.lv\\\/en\\\/p\\\/185-65r15-toyo-observe-gsi-5-88q\\\/#primaryimage\"},\"image\":{\"@id\":\"https:\\\/\\\/mmkriepas.lv\\\/en\\\/p\\\/185-65r15-toyo-observe-gsi-5-88q\\\/#primaryimage\"},\"thumbnailUrl\":\"https:\\\/\\\/mmkriepas.lv\\\/wp-content\\\/uploads\\\/2021\\\/08\\\/25550r20-toyo-observe-gsi-5-109q-xl-ziemas-riepas.jpg\",\"datePublished\":\"2021-08-10T14:09:57+00:00\",\"dateModified\":\"2022-11-03T09:24:00+00:00\",\"description\":\"Toyo Observe GSi-5 - Jap\u0101nas Premium m\u012bkst\u0101 sast\u0101va ziemas riepas. Abos MMK riepu centros - M\u016bkusalas iel\u0101 72d un Bi\u0137ernieku iel\u0101 121k.\",\"breadcrumb\":{\"@id\":\"https:\\\/\\\/mmkriepas.lv\\\/en\\\/p\\\/185-65r15-toyo-observe-gsi-5-88q\\\/#breadcrumb\"},\"inLanguage\":\"en-US\",\"potentialAction\":[{\"@type\":\"ReadAction\",\"target\":[\"https:\\\/\\\/mmkriepas.lv\\\/en\\\/p\\\/185-65r15-toyo-observe-gsi-5-88q\\\/\"]}]},{\"@type\":\"ImageObject\",\"inLanguage\":\"en-US\",\"@id\":\"https:\\\/\\\/mmkriepas.lv\\\/en\\\/p\\\/185-65r15-toyo-observe-gsi-5-88q\\\/#primaryimage\",\"url\":\"https:\\\/\\\/mmkriepas.lv\\\/wp-content\\\/uploads\\\/2021\\\/08\\\/25550r20-toyo-observe-gsi-5-109q-xl-ziemas-riepas.jpg\",\"contentUrl\":\"https:\\\/\\\/mmkriepas.lv\\\/wp-content\\\/uploads\\\/2021\\\/08\\\/25550r20-toyo-observe-gsi-5-109q-xl-ziemas-riepas.jpg\",\"width\":397,\"height\":575,\"caption\":\"255\\\/50R20 Toyo Observe GSi-5 109Q XL - Vissezonas riepas \\\/ Ziemas riepas\"},{\"@type\":\"BreadcrumbList\",\"@id\":\"https:\\\/\\\/mmkriepas.lv\\\/en\\\/p\\\/185-65r15-toyo-observe-gsi-5-88q\\\/#breadcrumb\",\"itemListElement\":[{\"@type\":\"ListItem\",\"position\":1,\"name\":\"S\u0101kums\",\"item\":\"https:\\\/\\\/mmkriepas.lv\\\/en\\\/\"},{\"@type\":\"ListItem\",\"position\":2,\"name\":\"185\\\/65R15 Toyo Observe GSi-5 88Q\"}]},{\"@type\":\"WebSite\",\"@id\":\"https:\\\/\\\/mmkriepas.lv\\\/en\\\/#website\",\"url\":\"https:\\\/\\\/mmkriepas.lv\\\/en\\\/\",\"name\":\"MMK Riepas\",\"description\":\"MMK Riepas\",\"alternateName\":\"MMK Riepu Serviss\",\"potentialAction\":[{\"@type\":\"SearchAction\",\"target\":{\"@type\":\"EntryPoint\",\"urlTemplate\":\"https:\\\/\\\/mmkriepas.lv\\\/en\\\/?s={search_term_string}\"},\"query-input\":{\"@type\":\"PropertyValueSpecification\",\"valueRequired\":true,\"valueName\":\"search_term_string\"}}],\"inLanguage\":\"en-US\"},{\"@type\":\"ImageObject\",\"inLanguage\":\"en-US\",\"@id\":\"https:\\\/\\\/mmkriepas.lv\\\/en\\\/p\\\/185-65r15-toyo-observe-gsi-5-88q\\\/#local-main-organization-logo\",\"url\":\"\",\"contentUrl\":\"\",\"caption\":\"MMK Riepas\"}]}<\/script>\n<meta property=\"product:brand\" content=\"Toyo Observe GSi-5\" \/>\n<meta property=\"product:price:amount\" content=\"77.00\" \/>\n<meta property=\"product:price:currency\" content=\"EUR\" \/>\n<meta property=\"og:availability\" content=\"instock\" \/>\n<meta property=\"product:availability\" content=\"instock\" \/>\n<meta property=\"product:condition\" content=\"new\" \/>\n<!-- \/ Yoast SEO Premium plugin. -->","yoast_head_json":{"title":"185\/65R15 Toyo Observe GSi-5 88Q &#8226; MMK Riepas","description":"Toyo Observe GSi-5 - Jap\u0101nas Premium m\u012bkst\u0101 sast\u0101va ziemas riepas. Abos MMK riepu centros - M\u016bkusalas iel\u0101 72d un Bi\u0137ernieku iel\u0101 121k.","robots":{"index":"index","follow":"follow","max-snippet":"max-snippet:-1","max-image-preview":"max-image-preview:large","max-video-preview":"max-video-preview:-1"},"canonical":"https:\/\/mmkriepas.lv\/en\/p\/185-65r15-toyo-observe-gsi-5-88q\/","og_locale":"en_US","og_type":"article","og_title":"185\/65R15 Toyo Observe GSi-5 88Q","og_description":"Toyo Observe GSi-5 - Jap\u0101nas Premium m\u012bkst\u0101 sast\u0101va ziemas riepas. Abos MMK riepu centros - M\u016bkusalas iel\u0101 72d un Bi\u0137ernieku iel\u0101 121k.","og_url":"https:\/\/mmkriepas.lv\/en\/p\/185-65r15-toyo-observe-gsi-5-88q\/","og_site_name":"MMK Riepas","article_publisher":"https:\/\/www.facebook.com\/mmkserviss\/","article_modified_time":"2022-11-03T09:24:00+00:00","og_image":[{"width":397,"height":575,"url":"https:\/\/mmkriepas.lv\/wp-content\/uploads\/2021\/08\/25550r20-toyo-observe-gsi-5-109q-xl-ziemas-riepas.jpg","type":"image\/jpeg"}],"twitter_card":"summary_large_image","twitter_misc":{"Price":"&euro;77.00","Availability":"In stock"},"schema":{"@context":"https:\/\/schema.org","@graph":[{"@type":"WebPage","@id":"https:\/\/mmkriepas.lv\/en\/p\/185-65r15-toyo-observe-gsi-5-88q\/","url":"https:\/\/mmkriepas.lv\/en\/p\/185-65r15-toyo-observe-gsi-5-88q\/","name":"185\/65R15 Toyo Observe GSi-5 88Q &#8226; MMK Riepas","isPartOf":{"@id":"https:\/\/mmkriepas.lv\/en\/#website"},"primaryImageOfPage":{"@id":"https:\/\/mmkriepas.lv\/en\/p\/185-65r15-toyo-observe-gsi-5-88q\/#primaryimage"},"image":{"@id":"https:\/\/mmkriepas.lv\/en\/p\/185-65r15-toyo-observe-gsi-5-88q\/#primaryimage"},"thumbnailUrl":"https:\/\/mmkriepas.lv\/wp-content\/uploads\/2021\/08\/25550r20-toyo-observe-gsi-5-109q-xl-ziemas-riepas.jpg","datePublished":"2021-08-10T14:09:57+00:00","dateModified":"2022-11-03T09:24:00+00:00","description":"Toyo Observe GSi-5 - Jap\u0101nas Premium m\u012bkst\u0101 sast\u0101va ziemas riepas. Abos MMK riepu centros - M\u016bkusalas iel\u0101 72d un Bi\u0137ernieku iel\u0101 121k.","breadcrumb":{"@id":"https:\/\/mmkriepas.lv\/en\/p\/185-65r15-toyo-observe-gsi-5-88q\/#breadcrumb"},"inLanguage":"en-US","potentialAction":[{"@type":"ReadAction","target":["https:\/\/mmkriepas.lv\/en\/p\/185-65r15-toyo-observe-gsi-5-88q\/"]}]},{"@type":"ImageObject","inLanguage":"en-US","@id":"https:\/\/mmkriepas.lv\/en\/p\/185-65r15-toyo-observe-gsi-5-88q\/#primaryimage","url":"https:\/\/mmkriepas.lv\/wp-content\/uploads\/2021\/08\/25550r20-toyo-observe-gsi-5-109q-xl-ziemas-riepas.jpg","contentUrl":"https:\/\/mmkriepas.lv\/wp-content\/uploads\/2021\/08\/25550r20-toyo-observe-gsi-5-109q-xl-ziemas-riepas.jpg","width":397,"height":575,"caption":"255\/50R20 Toyo Observe GSi-5 109Q XL - Vissezonas riepas \/ Ziemas riepas"},{"@type":"BreadcrumbList","@id":"https:\/\/mmkriepas.lv\/en\/p\/185-65r15-toyo-observe-gsi-5-88q\/#breadcrumb","itemListElement":[{"@type":"ListItem","position":1,"name":"S\u0101kums","item":"https:\/\/mmkriepas.lv\/en\/"},{"@type":"ListItem","position":2,"name":"185\/65R15 Toyo Observe GSi-5 88Q"}]},{"@type":"WebSite","@id":"https:\/\/mmkriepas.lv\/en\/#website","url":"https:\/\/mmkriepas.lv\/en\/","name":"MMK Riepas","description":"MMK Riepas","alternateName":"MMK Riepu Serviss","potentialAction":[{"@type":"SearchAction","target":{"@type":"EntryPoint","urlTemplate":"https:\/\/mmkriepas.lv\/en\/?s={search_term_string}"},"query-input":{"@type":"PropertyValueSpecification","valueRequired":true,"valueName":"search_term_string"}}],"inLanguage":"en-US"},{"@type":"ImageObject","inLanguage":"en-US","@id":"https:\/\/mmkriepas.lv\/en\/p\/185-65r15-toyo-observe-gsi-5-88q\/#local-main-organization-logo","url":"","contentUrl":"","caption":"MMK Riepas"}]},"product_brand":"Toyo Observe GSi-5","product_price_amount":"77.00","product_price_currency":"EUR","og_availability":"instock","product_availability":"instock","product_condition":"new"},"_links":{"self":[{"href":"https:\/\/mmkriepas.lv\/en\/wp-json\/wp\/v2\/product\/189229","targetHints":{"allow":["GET"]}}],"collection":[{"href":"https:\/\/mmkriepas.lv\/en\/wp-json\/wp\/v2\/product"}],"about":[{"href":"https:\/\/mmkriepas.lv\/en\/wp-json\/wp\/v2\/types\/product"}],"wp:featuredmedia":[{"embeddable":true,"href":"https:\/\/mmkriepas.lv\/en\/wp-json\/wp\/v2\/media\/189188"}],"wp:attachment":[{"href":"https:\/\/mmkriepas.lv\/en\/wp-json\/wp\/v2\/media?parent=189229"}],"wp:term":[{"taxonomy":"product_brand","embeddable":true,"href":"https:\/\/mmkriepas.lv\/en\/wp-json\/wp\/v2\/product_brand?post=189229"},{"taxonomy":"product_cat","embeddable":true,"href":"https:\/\/mmkriepas.lv\/en\/wp-json\/wp\/v2\/product_cat?post=189229"},{"taxonomy":"product_tag","embeddable":true,"href":"https:\/\/mmkriepas.lv\/en\/wp-json\/wp\/v2\/product_tag?post=189229"}],"curies":[{"name":"wp","href":"https:\/\/api.w.org\/{rel}","templated":true}]}}