{"id":185359,"date":"2021-07-08T14:26:23","date_gmt":"2021-07-08T11:26:23","guid":{"rendered":"https:\/\/mmkserviss.lv\/?post_type=product&#038;p=185359"},"modified":"2025-03-07T17:12:44","modified_gmt":"2025-03-07T15:12:44","slug":"205-50r17-blacklion-4seasons-bl4s-93v","status":"publish","type":"product","link":"https:\/\/mmkriepas.lv\/en\/p\/205-50r17-blacklion-4seasons-bl4s-93v\/","title":{"rendered":"205\/50R17 Blacklion 4Seasons BL4S 93V"},"content":{"rendered":"<h2><span>M+s bud\u017eeta klases riepas BlackLion 4Seasons BL4S.<\/span><\/h2>\n<p>(Sailun Grupas riepu ra\u017eot\u0101js)<\/p>\n<p>Sailun grupas riepas &#8211; popular\u0101kas riepas bud\u017eeta klas\u0113 Latvij\u0101. Augsta kvalit\u0101te. 2020.gads.<\/p>\n<p><strong>Blacklion 4Seasons BL4S<\/strong> ir vissezonas riepa, kas paredz\u0113ta brauk\u0161anai cauru gadu, gatava st\u0101ties pret\u012b pat visneparedzam\u0101kajiem laikapst\u0101k\u013ciem. \u0160\u012b riepa ir apbalvota ar <span><strong>3 Peak Mountain Snowflake sertifik\u0101tu<\/strong> Zieme\u013camerik\u0101, kas pier\u0101da t\u0101s veiktsp\u0113ju ziemas apst\u0101k\u013cos.<\/span><\/p>\n<h3>Blacklion 4Seasons BL4S galven\u0101s iez\u012bmes<\/h3>\n<p>+Asimetriskais protektora raksts, kas izgatavots no uzlabota gumijas sast\u0101va, kas veido sa\u0137eri ar sliden\u0101m ce\u013ca virsm\u0101m.<br \/>\n+Vair\u0101ki lame\u013cu tipi, kas str\u0101d\u0101 tand\u0113m\u0101 lai nodro\u0161in\u0101tu sa\u0137eri ar apledoju\u0161u ce\u013cu.<br \/>\n+Samazin\u0101ts akvaplan\u0113\u0161anas risks, caurejam\u012bba dzi\u013c\u0101 snieg\u0101.<\/p>\n<p>M\u016bsdienu riepu tirgus tendences att\u012bst\u0101s tik \u0101tri, ka pat maz paz\u012bstami riepu ra\u017eot\u0101ji var p\u0113k\u0161\u0146i n\u0101kt klaj\u0101 ar konkur\u0113tsp\u0113j\u012bgu produktu ar augst\u0101m veiktsp\u0113jas \u012bpa\u0161\u012bb\u0101m. K\u0101 vienu no spilgt\u0101kajiem piem\u0113riem \u0161\u0101du produktu \u0161auraj\u0101 kategorij\u0101 var\u0113tu min\u0113t <strong>Blacklion 4Seasons BL4S.<\/strong><\/p>\n<p>At\u0161\u0137ir\u012bb\u0101 no vairuma citu vissezonas riepu, <strong>Blacklion 4Seasons BL4S<\/strong> riepa uzr\u0101da labus r\u0101d\u012bt\u0101jus re\u0101los ziemas apst\u0101k\u013cos. \u0160\u012b veiktsp\u0113ja tiek liel\u0101koties nodro\u0161in\u0101ta pateicoties bl\u012bvajam lame\u013cu izvietojumam riepas protektor\u0101. Turkl\u0101t tiek izmantoti vair\u0101ki lame\u013cu tipi- vi\u013c\u0146veida riepas plecu zon\u0101 un taisnas riepas centr\u0101laj\u0101 zon\u0101. Riepas protektor\u0101 izvietoti pies\u016bcek\u0146i, kas sausina riepas kontaktvirsmu.<\/p>\n<p>Black Lion k\u0101 bud\u017eeta klases riepu ra\u017eot\u0101js sevi labi pier\u0101d\u012bjis Latvijas tirg\u016b. \u0160is riepu modeli b\u016bs piem\u0113rots brauk\u0161anai ziem\u0101 Latvijas un main\u012bgajos apst\u0101k\u013cos.<\/p>\n<ul>\n<li><span>Pieg\u0101de R\u012bg\u0101 bezmaksas. Vis\u0101 Latvij\u0101 12eiro par 4gb komplektu (vienas dienas laik\u0101)<\/span><\/li>\n<li><span>mont\u0101\u017eas darbi uz vietas (30 min\u016b\u0161u laik\u0101)<\/span><\/li>\n<li><span>\u0113rta uzgaid\u0101m\u0101 telpa + gar\u0161\u012bga kafija pie mums par br\u012bvu \ud83d\ude42<\/span><\/li>\n<li><span>str\u0101d\u0101jam darba dien\u0101s l\u012bdz 19:00 un Sestdien\u0101s l\u012bdz 16:00<\/span><\/li>\n<li><span>atrodamies tikai 10 min no centra. (\u0113rti atbraukt pie mums ar Waze, adreses viet\u0101 rakstam &#8221;MMK Serviss&#8221;)<\/span><\/li>\n<li><span>otru riepu komplektu iepakosim jaunos skaistos maisos bez maksas<\/span><\/li>\n<li><span>nodro\u0161in\u0101m ar\u012b riepu glab\u0101\u0161anu<\/span><\/li>\n<li><span>&nbsp;Jaunums: Disku taisno\u0161ana, metin\u0101\u0161ana, pulver kr\u0101so\u0161ana. (kvalit\u0101ti garant\u0113jam)<\/span><\/li>\n<\/ul>\n<p><span>PS<\/span><\/p>\n<p><span>Uz vietas ir daudzi riepu mode\u013ci. Ieteiksim piem\u0113rot\u0101ko tie\u0161i j\u016bsu vajadz\u012bb\u0101m.&nbsp;<\/span><\/p>\n<p><span>Ja ir k\u0101di jaut\u0101jumi par riepu vai disku izv\u0113li, dro\u0161i zvaniet. Konsult\u0113sim un rekomend\u0113sim Jums piem\u0113rot\u0101k\u0101s riepas.&nbsp;<\/span><\/p>\n","protected":false},"excerpt":{"rendered":"<p>M+s bud\u017eeta klases riepas BlackLion 4Seasons BL4S. (Sailun Grupas riepu ra\u017eot\u0101js) Sailun grupas riepas &#8211; popular\u0101kas riepas bud\u017eeta klas\u0113 Latvij\u0101. Augsta kvalit\u0101te. 2020.gads. Blacklion 4Seasons BL4S ir vissezonas riepa, kas<\/p>\n","protected":false},"featured_media":139632,"template":"","meta":{"_acf_changed":false,"ngg_post_thumbnail":0},"product_brand":[],"product_cat":[47,45],"product_tag":[19634],"class_list":{"0":"post-185359","1":"product","2":"type-product","3":"status-publish","4":"has-post-thumbnail","6":"product_cat-vissezonas-riepas","7":"product_cat-ziemas-riepas","8":"product_tag-mmk","10":"first","11":"outofstock","12":"taxable","13":"shipping-taxable","14":"product-type-simple"},"acf":[],"yoast_head":"<!-- This site is optimized with the Yoast SEO Premium plugin v22.6 (Yoast SEO v27.3) - https:\/\/yoast.com\/product\/yoast-seo-premium-wordpress\/ -->\n<title>205\/50R17 Blacklion 4Seasons BL4S 93V &#8226; MMK Riepas<\/title>\n<meta name=\"description\" content=\"Blacklion 4Seasons BL4S- kvalit\u0101te, kas p\u0101rsniedz cenu! MMK Riepu centros Blacklion riepas visos izm\u0113ros,par lab\u0101ko cenu!\" \/>\n<meta name=\"robots\" content=\"index, follow, max-snippet:-1, max-image-preview:large, max-video-preview:-1\" \/>\n<link rel=\"canonical\" href=\"https:\/\/mmkriepas.lv\/en\/p\/205-50r17-blacklion-4seasons-bl4s-93v\/\" \/>\n<meta property=\"og:locale\" content=\"en_US\" \/>\n<meta property=\"og:type\" content=\"article\" \/>\n<meta property=\"og:title\" content=\"205\/50R17 Blacklion 4Seasons BL4S 93V\" \/>\n<meta property=\"og:description\" content=\"Blacklion 4Seasons BL4S- kvalit\u0101te, kas p\u0101rsniedz cenu! MMK Riepu centros Blacklion riepas visos izm\u0113ros,par lab\u0101ko cenu!\" \/>\n<meta property=\"og:url\" content=\"https:\/\/mmkriepas.lv\/en\/p\/205-50r17-blacklion-4seasons-bl4s-93v\/\" \/>\n<meta property=\"og:site_name\" content=\"MMK Riepas\" \/>\n<meta property=\"article:publisher\" content=\"https:\/\/www.facebook.com\/mmkserviss\/\" \/>\n<meta property=\"article:modified_time\" content=\"2025-03-07T15:12:44+00:00\" \/>\n<meta property=\"og:image\" content=\"https:\/\/mmkriepas.lv\/wp-content\/uploads\/2020\/08\/20550r17-blacklion-4seasons-bl4s-93v-ziemas-riepas.jpg\" \/>\n\t<meta property=\"og:image:width\" content=\"407\" \/>\n\t<meta property=\"og:image:height\" content=\"680\" \/>\n\t<meta property=\"og:image:type\" content=\"image\/jpeg\" \/>\n<meta name=\"twitter:card\" content=\"summary_large_image\" \/>\n<meta name=\"twitter:label1\" content=\"Price\" \/>\n\t<meta name=\"twitter:data1\" content=\"&euro;10.00\" \/>\n\t<meta name=\"twitter:label2\" content=\"Availability\" \/>\n\t<meta name=\"twitter:data2\" content=\"Out of stock\" \/>\n<script type=\"application\/ld+json\" class=\"yoast-schema-graph\">{\"@context\":\"https:\\\/\\\/schema.org\",\"@graph\":[{\"@type\":\"WebPage\",\"@id\":\"https:\\\/\\\/mmkriepas.lv\\\/en\\\/p\\\/205-50r17-blacklion-4seasons-bl4s-93v\\\/\",\"url\":\"https:\\\/\\\/mmkriepas.lv\\\/en\\\/p\\\/205-50r17-blacklion-4seasons-bl4s-93v\\\/\",\"name\":\"205\\\/50R17 Blacklion 4Seasons BL4S 93V &#8226; MMK Riepas\",\"isPartOf\":{\"@id\":\"https:\\\/\\\/mmkriepas.lv\\\/en\\\/#website\"},\"primaryImageOfPage\":{\"@id\":\"https:\\\/\\\/mmkriepas.lv\\\/en\\\/p\\\/205-50r17-blacklion-4seasons-bl4s-93v\\\/#primaryimage\"},\"image\":{\"@id\":\"https:\\\/\\\/mmkriepas.lv\\\/en\\\/p\\\/205-50r17-blacklion-4seasons-bl4s-93v\\\/#primaryimage\"},\"thumbnailUrl\":\"https:\\\/\\\/mmkriepas.lv\\\/wp-content\\\/uploads\\\/2020\\\/08\\\/20550r17-blacklion-4seasons-bl4s-93v-ziemas-riepas.jpg\",\"datePublished\":\"2021-07-08T11:26:23+00:00\",\"dateModified\":\"2025-03-07T15:12:44+00:00\",\"description\":\"Blacklion 4Seasons BL4S- kvalit\u0101te, kas p\u0101rsniedz cenu! MMK Riepu centros Blacklion riepas visos izm\u0113ros,par lab\u0101ko cenu!\",\"breadcrumb\":{\"@id\":\"https:\\\/\\\/mmkriepas.lv\\\/en\\\/p\\\/205-50r17-blacklion-4seasons-bl4s-93v\\\/#breadcrumb\"},\"inLanguage\":\"en-US\",\"potentialAction\":[{\"@type\":\"ReadAction\",\"target\":[\"https:\\\/\\\/mmkriepas.lv\\\/en\\\/p\\\/205-50r17-blacklion-4seasons-bl4s-93v\\\/\"]}]},{\"@type\":\"ImageObject\",\"inLanguage\":\"en-US\",\"@id\":\"https:\\\/\\\/mmkriepas.lv\\\/en\\\/p\\\/205-50r17-blacklion-4seasons-bl4s-93v\\\/#primaryimage\",\"url\":\"https:\\\/\\\/mmkriepas.lv\\\/wp-content\\\/uploads\\\/2020\\\/08\\\/20550r17-blacklion-4seasons-bl4s-93v-ziemas-riepas.jpg\",\"contentUrl\":\"https:\\\/\\\/mmkriepas.lv\\\/wp-content\\\/uploads\\\/2020\\\/08\\\/20550r17-blacklion-4seasons-bl4s-93v-ziemas-riepas.jpg\",\"width\":407,\"height\":680,\"caption\":\"205\\\/50R17 Blacklion 4Seasons BL4S 93V - Vissezonas riepas \\\/ Ziemas riepas\"},{\"@type\":\"BreadcrumbList\",\"@id\":\"https:\\\/\\\/mmkriepas.lv\\\/en\\\/p\\\/205-50r17-blacklion-4seasons-bl4s-93v\\\/#breadcrumb\",\"itemListElement\":[{\"@type\":\"ListItem\",\"position\":1,\"name\":\"S\u0101kums\",\"item\":\"https:\\\/\\\/mmkriepas.lv\\\/en\\\/\"},{\"@type\":\"ListItem\",\"position\":2,\"name\":\"205\\\/50R17 Blacklion 4Seasons BL4S 93V\"}]},{\"@type\":\"WebSite\",\"@id\":\"https:\\\/\\\/mmkriepas.lv\\\/en\\\/#website\",\"url\":\"https:\\\/\\\/mmkriepas.lv\\\/en\\\/\",\"name\":\"MMK Riepas\",\"description\":\"MMK Riepas\",\"alternateName\":\"MMK Riepu Serviss\",\"potentialAction\":[{\"@type\":\"SearchAction\",\"target\":{\"@type\":\"EntryPoint\",\"urlTemplate\":\"https:\\\/\\\/mmkriepas.lv\\\/en\\\/?s={search_term_string}\"},\"query-input\":{\"@type\":\"PropertyValueSpecification\",\"valueRequired\":true,\"valueName\":\"search_term_string\"}}],\"inLanguage\":\"en-US\"},{\"@type\":\"ImageObject\",\"inLanguage\":\"en-US\",\"@id\":\"https:\\\/\\\/mmkriepas.lv\\\/en\\\/p\\\/205-50r17-blacklion-4seasons-bl4s-93v\\\/#local-main-organization-logo\",\"url\":\"\",\"contentUrl\":\"\",\"caption\":\"MMK Riepas\"}]}<\/script>\n<meta property=\"product:brand\" content=\"Blacklion 4Seasons BL4S\" \/>\n<meta property=\"product:price:amount\" content=\"10.00\" \/>\n<meta property=\"product:price:currency\" content=\"EUR\" \/>\n<meta property=\"og:availability\" content=\"out of stock\" \/>\n<meta property=\"product:availability\" content=\"out of stock\" \/>\n<meta property=\"product:retailer_item_id\" content=\"TW2055017BLACK-1332\" \/>\n<meta property=\"product:condition\" content=\"new\" \/>\n<!-- \/ Yoast SEO Premium plugin. -->","yoast_head_json":{"title":"205\/50R17 Blacklion 4Seasons BL4S 93V &#8226; MMK Riepas","description":"Blacklion 4Seasons BL4S- kvalit\u0101te, kas p\u0101rsniedz cenu! MMK Riepu centros Blacklion riepas visos izm\u0113ros,par lab\u0101ko cenu!","robots":{"index":"index","follow":"follow","max-snippet":"max-snippet:-1","max-image-preview":"max-image-preview:large","max-video-preview":"max-video-preview:-1"},"canonical":"https:\/\/mmkriepas.lv\/en\/p\/205-50r17-blacklion-4seasons-bl4s-93v\/","og_locale":"en_US","og_type":"article","og_title":"205\/50R17 Blacklion 4Seasons BL4S 93V","og_description":"Blacklion 4Seasons BL4S- kvalit\u0101te, kas p\u0101rsniedz cenu! MMK Riepu centros Blacklion riepas visos izm\u0113ros,par lab\u0101ko cenu!","og_url":"https:\/\/mmkriepas.lv\/en\/p\/205-50r17-blacklion-4seasons-bl4s-93v\/","og_site_name":"MMK Riepas","article_publisher":"https:\/\/www.facebook.com\/mmkserviss\/","article_modified_time":"2025-03-07T15:12:44+00:00","og_image":[{"width":407,"height":680,"url":"https:\/\/mmkriepas.lv\/wp-content\/uploads\/2020\/08\/20550r17-blacklion-4seasons-bl4s-93v-ziemas-riepas.jpg","type":"image\/jpeg"}],"twitter_card":"summary_large_image","twitter_misc":{"Price":"&euro;10.00","Availability":"Out of stock"},"schema":{"@context":"https:\/\/schema.org","@graph":[{"@type":"WebPage","@id":"https:\/\/mmkriepas.lv\/en\/p\/205-50r17-blacklion-4seasons-bl4s-93v\/","url":"https:\/\/mmkriepas.lv\/en\/p\/205-50r17-blacklion-4seasons-bl4s-93v\/","name":"205\/50R17 Blacklion 4Seasons BL4S 93V &#8226; MMK Riepas","isPartOf":{"@id":"https:\/\/mmkriepas.lv\/en\/#website"},"primaryImageOfPage":{"@id":"https:\/\/mmkriepas.lv\/en\/p\/205-50r17-blacklion-4seasons-bl4s-93v\/#primaryimage"},"image":{"@id":"https:\/\/mmkriepas.lv\/en\/p\/205-50r17-blacklion-4seasons-bl4s-93v\/#primaryimage"},"thumbnailUrl":"https:\/\/mmkriepas.lv\/wp-content\/uploads\/2020\/08\/20550r17-blacklion-4seasons-bl4s-93v-ziemas-riepas.jpg","datePublished":"2021-07-08T11:26:23+00:00","dateModified":"2025-03-07T15:12:44+00:00","description":"Blacklion 4Seasons BL4S- kvalit\u0101te, kas p\u0101rsniedz cenu! MMK Riepu centros Blacklion riepas visos izm\u0113ros,par lab\u0101ko cenu!","breadcrumb":{"@id":"https:\/\/mmkriepas.lv\/en\/p\/205-50r17-blacklion-4seasons-bl4s-93v\/#breadcrumb"},"inLanguage":"en-US","potentialAction":[{"@type":"ReadAction","target":["https:\/\/mmkriepas.lv\/en\/p\/205-50r17-blacklion-4seasons-bl4s-93v\/"]}]},{"@type":"ImageObject","inLanguage":"en-US","@id":"https:\/\/mmkriepas.lv\/en\/p\/205-50r17-blacklion-4seasons-bl4s-93v\/#primaryimage","url":"https:\/\/mmkriepas.lv\/wp-content\/uploads\/2020\/08\/20550r17-blacklion-4seasons-bl4s-93v-ziemas-riepas.jpg","contentUrl":"https:\/\/mmkriepas.lv\/wp-content\/uploads\/2020\/08\/20550r17-blacklion-4seasons-bl4s-93v-ziemas-riepas.jpg","width":407,"height":680,"caption":"205\/50R17 Blacklion 4Seasons BL4S 93V - Vissezonas riepas \/ Ziemas riepas"},{"@type":"BreadcrumbList","@id":"https:\/\/mmkriepas.lv\/en\/p\/205-50r17-blacklion-4seasons-bl4s-93v\/#breadcrumb","itemListElement":[{"@type":"ListItem","position":1,"name":"S\u0101kums","item":"https:\/\/mmkriepas.lv\/en\/"},{"@type":"ListItem","position":2,"name":"205\/50R17 Blacklion 4Seasons BL4S 93V"}]},{"@type":"WebSite","@id":"https:\/\/mmkriepas.lv\/en\/#website","url":"https:\/\/mmkriepas.lv\/en\/","name":"MMK Riepas","description":"MMK Riepas","alternateName":"MMK Riepu Serviss","potentialAction":[{"@type":"SearchAction","target":{"@type":"EntryPoint","urlTemplate":"https:\/\/mmkriepas.lv\/en\/?s={search_term_string}"},"query-input":{"@type":"PropertyValueSpecification","valueRequired":true,"valueName":"search_term_string"}}],"inLanguage":"en-US"},{"@type":"ImageObject","inLanguage":"en-US","@id":"https:\/\/mmkriepas.lv\/en\/p\/205-50r17-blacklion-4seasons-bl4s-93v\/#local-main-organization-logo","url":"","contentUrl":"","caption":"MMK Riepas"}]},"product_brand":"Blacklion 4Seasons BL4S","product_price_amount":"10.00","product_price_currency":"EUR","og_availability":"out of stock","product_availability":"out of stock","product_retailer_item_id":"TW2055017BLACK-1332","product_condition":"new"},"_links":{"self":[{"href":"https:\/\/mmkriepas.lv\/en\/wp-json\/wp\/v2\/product\/185359","targetHints":{"allow":["GET"]}}],"collection":[{"href":"https:\/\/mmkriepas.lv\/en\/wp-json\/wp\/v2\/product"}],"about":[{"href":"https:\/\/mmkriepas.lv\/en\/wp-json\/wp\/v2\/types\/product"}],"wp:featuredmedia":[{"embeddable":true,"href":"https:\/\/mmkriepas.lv\/en\/wp-json\/wp\/v2\/media\/139632"}],"wp:attachment":[{"href":"https:\/\/mmkriepas.lv\/en\/wp-json\/wp\/v2\/media?parent=185359"}],"wp:term":[{"taxonomy":"product_brand","embeddable":true,"href":"https:\/\/mmkriepas.lv\/en\/wp-json\/wp\/v2\/product_brand?post=185359"},{"taxonomy":"product_cat","embeddable":true,"href":"https:\/\/mmkriepas.lv\/en\/wp-json\/wp\/v2\/product_cat?post=185359"},{"taxonomy":"product_tag","embeddable":true,"href":"https:\/\/mmkriepas.lv\/en\/wp-json\/wp\/v2\/product_tag?post=185359"}],"curies":[{"name":"wp","href":"https:\/\/api.w.org\/{rel}","templated":true}]}}