{"id":183390,"date":"2021-05-24T15:09:27","date_gmt":"2021-05-24T12:09:27","guid":{"rendered":"https:\/\/mmkserviss.lv\/?post_type=product&#038;p=183390"},"modified":"2026-03-28T00:22:30","modified_gmt":"2026-03-27T22:22:30","slug":"275-40r20-zeta-antarctica-sport-106t-xl-4","status":"publish","type":"product","link":"https:\/\/mmkriepas.lv\/en\/p\/275-40r20-zeta-antarctica-sport-106t-xl-4\/","title":{"rendered":"275\/40R20 ZETA Antarctica Sport 106T XL"},"content":{"rendered":"<p><span style=\"font-family: Times New Roman, serif;\"><span style=\"font-size: medium;\"><span style=\"color: #000000;\"><span style=\"font-family: Arial, serif;\"><span style=\"font-size: small;\"><b>Zeta Antarctica Sport<\/b><\/span><\/span><\/span><span style=\"color: #000000;\"><span style=\"font-family: Arial, serif;\"><span style=\"font-size: small;\"> ir labas kvalit\u0101tes, bud\u017eeta klases rad\u017eojams ziemas riepu modelis. <\/span><\/span><\/span><span style=\"color: #000000;\"><span style=\"font-family: Arial, serif;\"><span style=\"font-size: small;\"><b>Zeta riepu r\u016bpn\u012bc\u0101 tiek ra\u017eotas Nokian riepas. Riepu gigants Nokian izv\u0113l\u0113jies tie\u0161i Zeta riepu r\u016bpn\u012bcu augsto kvalit\u0101tes standartu d\u0113\u013c.<\/b><\/span><\/span><\/span><span style=\"color: #000000;\"><span style=\"font-family: Arial, serif;\"><span style=\"font-size: small;\"> Tas piem\u0113rots SUV jeb apvidus auto un izce\u013cas ar komfortablu, gludu un klusu gaitu, k\u0101 ar\u012b ar labiem sa\u0137eres r\u0101d\u012bt\u0101jiem pat skarbos ziemas brauk\u0161anas apst\u0101k\u013cos.<\/span><\/span><\/span><\/span><\/span><\/p>\n<h3 class=\"western\"><span style=\"color: #000000;\"><span style=\"font-family: Arial, serif;\"><span style=\"font-size: medium;\">Zeta Antarctica Sport galven\u0101s iez\u012bmes<\/span><\/span><\/span><\/h3>\n<p><span style=\"font-family: Times New Roman, serif;\"><span style=\"font-size: medium;\"><span style=\"color: #000000;\"><span style=\"font-family: Arial, serif;\"><span style=\"font-size: small;\">+ Laba sa\u0137ere gan uz slapja asfalta, gan snieg\u0101 un slapjdra\u0146\u0137\u012b.<br \/>+ Uzlabota dren\u0101\u017eas kan\u0101lu sist\u0113ma, kas b\u016btiski samazina akvaplan\u0113\u0161anas risku.<br \/>+ Iesp\u0113ja protektora blokos iestr\u0101d\u0101t radzes, uzlabojot sa\u0137eri uz ledus un paildzinot riepu kalpo\u0161anas m\u016b\u017eu par l\u012bdz pat 40%.<br \/>+ Ausgta nodilumiztur\u012bba.<br \/>+ Labs akustiskais un brauk\u0161anas gaitas komforts.<\/span><\/span><\/span><\/span><\/span><\/p>\n<h3 class=\"western\"><span style=\"color: #000000;\"><span style=\"font-family: Arial, serif;\"><span style=\"font-size: medium;\">Antarctica Sport apr\u012bkojums<\/span><\/span><\/span><\/h3>\n<p><span style=\"font-family: Times New Roman, serif;\"><span style=\"font-size: medium;\"><span style=\"color: #000000;\"><span style=\"font-family: Arial, serif;\"><span style=\"font-size: small;\">\u0160is ziemas riepu modelis apr\u012bkots ar virz\u012bta tipa protektora rakstu. \u0160\u0101da dizaina izv\u0113le veikta ar m\u0113r\u0137i uzlabot veiktsp\u0113ju snieg\u0101 un slapjdra\u0146\u0137\u012b. Lai uzlabotu dro\u0161\u012bbu uz ledus un paildzin\u0101tu riepu kalpo\u0161anas laiku, protektor\u0101 iesp\u0113jams iestr\u0101d\u0101t ar\u012b radzes.<\/span><\/span><\/span><\/span><\/span><\/p>\n<p><span style=\"font-family: Times New Roman, serif;\"><span style=\"font-size: medium;\"><span style=\"color: #000000;\"><span style=\"font-family: Arial, serif;\"><span style=\"font-size: small;\">Protektora blokos bl\u012bvi iestr\u0101d\u0101ti vair\u0101ki t\u016bksto\u0161i lame\u013cu. T\u0101s uzlabo sa\u0137eri ar ledu un sabliet\u0113tu sniegu, k\u0101 ar\u012b pal\u012bdz att\u012br\u012bt riepas kontakta virsmu ar ce\u013cu.<\/span><\/span><\/span><\/span><\/span><\/p>\n<p><span style=\"font-family: Times New Roman, serif;\"><span style=\"font-size: medium;\"><span style=\"color: #000000;\"><span style=\"font-family: Arial, serif;\"><span style=\"font-size: small;\">Starp mas\u012bvajiem protektora blokiem atrodama augsti att\u012bst\u012bta dren\u0101\u017eas kan\u0101lu sist\u0113ma, kas izcili tiek gal\u0101 ar \u016bdens un sniega novadi no sa\u0137eres virsmas ar ce\u013cu, samazinot ar\u012b akvaplan\u0113\u0161anas risku.<\/span><\/span><\/span><\/span><\/span><\/p>\n<p><span style=\"color: #ff0000;\"><span style=\"font-family: Arial, serif;\"><span style=\"font-size: medium;\">Mode\u013ca lieto\u0161anas dro\u0161\u012bbu ziemas laika apst\u0101k\u013cos un t\u0101 atbilst\u012bbu valst\u012bm ar oblig\u0101tu sezon\u0101lo riepu mai\u0146u apstiprina mar\u0137\u0113jums sniegp\u0101rslas form\u0101 uz kalna fona ar trim virsotn\u0113m (3PMSF).<\/span><\/span><\/span><\/p>\n","protected":false},"excerpt":{"rendered":"<p><span style=\"font-family: Times New Roman, serif;\"><span style=\"font-size: medium;\"><span style=\"color: #000000;\"><span style=\"font-family: Arial, serif;\"><span style=\"font-size: small;\"><b>Zeta Antarctica Sport<\/b><\/span><\/span><\/span><span style=\"color: #000000;\"><span style=\"font-family: Arial, serif;\"><span style=\"font-size: small;\"> ir labas kvalit\u0101tes, bud\u017eeta klases rad\u017eojams ziemas riepu modelis. <\/span><\/span><\/span><span style=\"color: #000000;\"><span style=\"font-family: Arial, serif;\"><span style=\"font-size: small;\"><b>Zeta riepu r\u016bpn\u012bc\u0101 tiek ra\u017eotas Nokian riepas. Riepu gigants Nokian izv\u0113l\u0113jies tie\u0161i Zeta riepu r\u016bpn\u012bcu augsto kvalit\u0101tes standartu d\u0113\u013c.<\/b><\/span><\/span><\/span><span style=\"color: #000000;\"><span style=\"font-family: Arial, serif;\"><span style=\"font-size: small;\"> Tas piem\u0113rots SUV jeb apvidus auto un izce\u013cas ar komfortablu, gludu un klusu gaitu, k\u0101 ar\u012b ar labiem sa\u0137eres r\u0101d\u012bt\u0101jiem pat skarbos ziemas brauk\u0161anas apst\u0101k\u013cos.<\/span><\/span><\/span><\/span><\/span><\/p>\n","protected":false},"featured_media":867010,"template":"","meta":{"_acf_changed":false,"ngg_post_thumbnail":0},"product_brand":[],"product_cat":[47,45],"product_tag":[19634],"class_list":{"0":"post-183390","1":"product","2":"type-product","3":"status-publish","4":"has-post-thumbnail","6":"product_cat-vissezonas-riepas","7":"product_cat-ziemas-riepas","8":"product_tag-mmk","10":"first","11":"instock","12":"sale","13":"taxable","14":"shipping-taxable","15":"purchasable","16":"product-type-simple"},"acf":[],"yoast_head":"<!-- This site is optimized with the Yoast SEO Premium plugin v22.6 (Yoast SEO v27.3) - https:\/\/yoast.com\/product\/yoast-seo-premium-wordpress\/ -->\n<title>275\/40R20 ZETA Antarctica Sport 106T XL &#8226; MMK Riepas<\/title>\n<meta name=\"description\" content=\"Zeta Antarctica Sport- ziemas riepu modelis ar radz\u0113m un pievilc\u012bgu cenu. Pieejama abos MMK Riepu Centros par vislab\u0101kaj\u0101m cen\u0101m!\" \/>\n<meta name=\"robots\" content=\"index, follow, max-snippet:-1, max-image-preview:large, max-video-preview:-1\" \/>\n<link rel=\"canonical\" href=\"https:\/\/mmkriepas.lv\/en\/p\/275-40r20-zeta-antarctica-sport-106t-xl-4\/\" \/>\n<meta property=\"og:locale\" content=\"en_US\" \/>\n<meta property=\"og:type\" content=\"article\" \/>\n<meta property=\"og:title\" content=\"275\/40R20 ZETA Antarctica Sport 106T XL\" \/>\n<meta property=\"og:description\" content=\"Zeta Antarctica Sport- ziemas riepu modelis ar radz\u0113m un pievilc\u012bgu cenu. Pieejama abos MMK Riepu Centros par vislab\u0101kaj\u0101m cen\u0101m!\" \/>\n<meta property=\"og:url\" content=\"https:\/\/mmkriepas.lv\/en\/p\/275-40r20-zeta-antarctica-sport-106t-xl-4\/\" \/>\n<meta property=\"og:site_name\" content=\"MMK Riepas\" \/>\n<meta property=\"article:publisher\" content=\"https:\/\/www.facebook.com\/mmkserviss\/\" \/>\n<meta property=\"article:modified_time\" content=\"2026-03-27T22:22:30+00:00\" \/>\n<meta property=\"og:image\" content=\"https:\/\/mmkriepas.lv\/wp-content\/uploads\/2024\/02\/27540r20-zeta-antarctica-sport-106t-xl-ziemas-riepas.jpg\" \/>\n\t<meta property=\"og:image:width\" content=\"1040\" \/>\n\t<meta property=\"og:image:height\" content=\"780\" \/>\n\t<meta property=\"og:image:type\" content=\"image\/jpeg\" \/>\n<meta name=\"twitter:card\" content=\"summary_large_image\" \/>\n<meta name=\"twitter:label1\" content=\"Price\" \/>\n\t<meta name=\"twitter:data1\" content=\"&euro;109.00\" \/>\n\t<meta name=\"twitter:label2\" content=\"Availability\" \/>\n\t<meta name=\"twitter:data2\" content=\"In stock\" \/>\n<script type=\"application\/ld+json\" class=\"yoast-schema-graph\">{\"@context\":\"https:\\\/\\\/schema.org\",\"@graph\":[{\"@type\":\"WebPage\",\"@id\":\"https:\\\/\\\/mmkriepas.lv\\\/en\\\/p\\\/275-40r20-zeta-antarctica-sport-106t-xl-4\\\/\",\"url\":\"https:\\\/\\\/mmkriepas.lv\\\/en\\\/p\\\/275-40r20-zeta-antarctica-sport-106t-xl-4\\\/\",\"name\":\"275\\\/40R20 ZETA Antarctica Sport 106T XL &#8226; MMK Riepas\",\"isPartOf\":{\"@id\":\"https:\\\/\\\/mmkriepas.lv\\\/en\\\/#website\"},\"primaryImageOfPage\":{\"@id\":\"https:\\\/\\\/mmkriepas.lv\\\/en\\\/p\\\/275-40r20-zeta-antarctica-sport-106t-xl-4\\\/#primaryimage\"},\"image\":{\"@id\":\"https:\\\/\\\/mmkriepas.lv\\\/en\\\/p\\\/275-40r20-zeta-antarctica-sport-106t-xl-4\\\/#primaryimage\"},\"thumbnailUrl\":\"https:\\\/\\\/mmkriepas.lv\\\/wp-content\\\/uploads\\\/2024\\\/02\\\/27540r20-zeta-antarctica-sport-106t-xl-ziemas-riepas.jpg\",\"datePublished\":\"2021-05-24T12:09:27+00:00\",\"dateModified\":\"2026-03-27T22:22:30+00:00\",\"description\":\"Zeta Antarctica Sport- ziemas riepu modelis ar radz\u0113m un pievilc\u012bgu cenu. Pieejama abos MMK Riepu Centros par vislab\u0101kaj\u0101m cen\u0101m!\",\"breadcrumb\":{\"@id\":\"https:\\\/\\\/mmkriepas.lv\\\/en\\\/p\\\/275-40r20-zeta-antarctica-sport-106t-xl-4\\\/#breadcrumb\"},\"inLanguage\":\"en-US\",\"potentialAction\":[{\"@type\":\"ReadAction\",\"target\":[\"https:\\\/\\\/mmkriepas.lv\\\/en\\\/p\\\/275-40r20-zeta-antarctica-sport-106t-xl-4\\\/\"]}]},{\"@type\":\"ImageObject\",\"inLanguage\":\"en-US\",\"@id\":\"https:\\\/\\\/mmkriepas.lv\\\/en\\\/p\\\/275-40r20-zeta-antarctica-sport-106t-xl-4\\\/#primaryimage\",\"url\":\"https:\\\/\\\/mmkriepas.lv\\\/wp-content\\\/uploads\\\/2024\\\/02\\\/27540r20-zeta-antarctica-sport-106t-xl-ziemas-riepas.jpg\",\"contentUrl\":\"https:\\\/\\\/mmkriepas.lv\\\/wp-content\\\/uploads\\\/2024\\\/02\\\/27540r20-zeta-antarctica-sport-106t-xl-ziemas-riepas.jpg\",\"width\":1040,\"height\":780,\"caption\":\"MMK Zeta Antarctica Sport MAIN\"},{\"@type\":\"BreadcrumbList\",\"@id\":\"https:\\\/\\\/mmkriepas.lv\\\/en\\\/p\\\/275-40r20-zeta-antarctica-sport-106t-xl-4\\\/#breadcrumb\",\"itemListElement\":[{\"@type\":\"ListItem\",\"position\":1,\"name\":\"S\u0101kums\",\"item\":\"https:\\\/\\\/mmkriepas.lv\\\/en\\\/\"},{\"@type\":\"ListItem\",\"position\":2,\"name\":\"275\\\/40R20 ZETA Antarctica Sport 106T XL\"}]},{\"@type\":\"WebSite\",\"@id\":\"https:\\\/\\\/mmkriepas.lv\\\/en\\\/#website\",\"url\":\"https:\\\/\\\/mmkriepas.lv\\\/en\\\/\",\"name\":\"MMK Riepas\",\"description\":\"MMK Riepas\",\"alternateName\":\"MMK Riepu Serviss\",\"potentialAction\":[{\"@type\":\"SearchAction\",\"target\":{\"@type\":\"EntryPoint\",\"urlTemplate\":\"https:\\\/\\\/mmkriepas.lv\\\/en\\\/?s={search_term_string}\"},\"query-input\":{\"@type\":\"PropertyValueSpecification\",\"valueRequired\":true,\"valueName\":\"search_term_string\"}}],\"inLanguage\":\"en-US\"},{\"@type\":\"ImageObject\",\"inLanguage\":\"en-US\",\"@id\":\"https:\\\/\\\/mmkriepas.lv\\\/en\\\/p\\\/275-40r20-zeta-antarctica-sport-106t-xl-4\\\/#local-main-organization-logo\",\"url\":\"\",\"contentUrl\":\"\",\"caption\":\"MMK Riepas\"}]}<\/script>\n<meta property=\"product:brand\" content=\"Zeta Antarctica Sport\" \/>\n<meta property=\"product:price:amount\" content=\"109.00\" \/>\n<meta property=\"product:price:currency\" content=\"EUR\" \/>\n<meta property=\"og:availability\" content=\"instock\" \/>\n<meta property=\"product:availability\" content=\"instock\" \/>\n<meta property=\"product:retailer_item_id\" content=\"TW2754020ZETA-2339\" \/>\n<meta property=\"product:condition\" content=\"new\" \/>\n<!-- \/ Yoast SEO Premium plugin. -->","yoast_head_json":{"title":"275\/40R20 ZETA Antarctica Sport 106T XL &#8226; MMK Riepas","description":"Zeta Antarctica Sport- ziemas riepu modelis ar radz\u0113m un pievilc\u012bgu cenu. Pieejama abos MMK Riepu Centros par vislab\u0101kaj\u0101m cen\u0101m!","robots":{"index":"index","follow":"follow","max-snippet":"max-snippet:-1","max-image-preview":"max-image-preview:large","max-video-preview":"max-video-preview:-1"},"canonical":"https:\/\/mmkriepas.lv\/en\/p\/275-40r20-zeta-antarctica-sport-106t-xl-4\/","og_locale":"en_US","og_type":"article","og_title":"275\/40R20 ZETA Antarctica Sport 106T XL","og_description":"Zeta Antarctica Sport- ziemas riepu modelis ar radz\u0113m un pievilc\u012bgu cenu. Pieejama abos MMK Riepu Centros par vislab\u0101kaj\u0101m cen\u0101m!","og_url":"https:\/\/mmkriepas.lv\/en\/p\/275-40r20-zeta-antarctica-sport-106t-xl-4\/","og_site_name":"MMK Riepas","article_publisher":"https:\/\/www.facebook.com\/mmkserviss\/","article_modified_time":"2026-03-27T22:22:30+00:00","og_image":[{"width":1040,"height":780,"url":"https:\/\/mmkriepas.lv\/wp-content\/uploads\/2024\/02\/27540r20-zeta-antarctica-sport-106t-xl-ziemas-riepas.jpg","type":"image\/jpeg"}],"twitter_card":"summary_large_image","twitter_misc":{"Price":"&euro;109.00","Availability":"In stock"},"schema":{"@context":"https:\/\/schema.org","@graph":[{"@type":"WebPage","@id":"https:\/\/mmkriepas.lv\/en\/p\/275-40r20-zeta-antarctica-sport-106t-xl-4\/","url":"https:\/\/mmkriepas.lv\/en\/p\/275-40r20-zeta-antarctica-sport-106t-xl-4\/","name":"275\/40R20 ZETA Antarctica Sport 106T XL &#8226; MMK Riepas","isPartOf":{"@id":"https:\/\/mmkriepas.lv\/en\/#website"},"primaryImageOfPage":{"@id":"https:\/\/mmkriepas.lv\/en\/p\/275-40r20-zeta-antarctica-sport-106t-xl-4\/#primaryimage"},"image":{"@id":"https:\/\/mmkriepas.lv\/en\/p\/275-40r20-zeta-antarctica-sport-106t-xl-4\/#primaryimage"},"thumbnailUrl":"https:\/\/mmkriepas.lv\/wp-content\/uploads\/2024\/02\/27540r20-zeta-antarctica-sport-106t-xl-ziemas-riepas.jpg","datePublished":"2021-05-24T12:09:27+00:00","dateModified":"2026-03-27T22:22:30+00:00","description":"Zeta Antarctica Sport- ziemas riepu modelis ar radz\u0113m un pievilc\u012bgu cenu. Pieejama abos MMK Riepu Centros par vislab\u0101kaj\u0101m cen\u0101m!","breadcrumb":{"@id":"https:\/\/mmkriepas.lv\/en\/p\/275-40r20-zeta-antarctica-sport-106t-xl-4\/#breadcrumb"},"inLanguage":"en-US","potentialAction":[{"@type":"ReadAction","target":["https:\/\/mmkriepas.lv\/en\/p\/275-40r20-zeta-antarctica-sport-106t-xl-4\/"]}]},{"@type":"ImageObject","inLanguage":"en-US","@id":"https:\/\/mmkriepas.lv\/en\/p\/275-40r20-zeta-antarctica-sport-106t-xl-4\/#primaryimage","url":"https:\/\/mmkriepas.lv\/wp-content\/uploads\/2024\/02\/27540r20-zeta-antarctica-sport-106t-xl-ziemas-riepas.jpg","contentUrl":"https:\/\/mmkriepas.lv\/wp-content\/uploads\/2024\/02\/27540r20-zeta-antarctica-sport-106t-xl-ziemas-riepas.jpg","width":1040,"height":780,"caption":"MMK Zeta Antarctica Sport MAIN"},{"@type":"BreadcrumbList","@id":"https:\/\/mmkriepas.lv\/en\/p\/275-40r20-zeta-antarctica-sport-106t-xl-4\/#breadcrumb","itemListElement":[{"@type":"ListItem","position":1,"name":"S\u0101kums","item":"https:\/\/mmkriepas.lv\/en\/"},{"@type":"ListItem","position":2,"name":"275\/40R20 ZETA Antarctica Sport 106T XL"}]},{"@type":"WebSite","@id":"https:\/\/mmkriepas.lv\/en\/#website","url":"https:\/\/mmkriepas.lv\/en\/","name":"MMK Riepas","description":"MMK Riepas","alternateName":"MMK Riepu Serviss","potentialAction":[{"@type":"SearchAction","target":{"@type":"EntryPoint","urlTemplate":"https:\/\/mmkriepas.lv\/en\/?s={search_term_string}"},"query-input":{"@type":"PropertyValueSpecification","valueRequired":true,"valueName":"search_term_string"}}],"inLanguage":"en-US"},{"@type":"ImageObject","inLanguage":"en-US","@id":"https:\/\/mmkriepas.lv\/en\/p\/275-40r20-zeta-antarctica-sport-106t-xl-4\/#local-main-organization-logo","url":"","contentUrl":"","caption":"MMK Riepas"}]},"product_brand":"Zeta Antarctica Sport","product_price_amount":"109.00","product_price_currency":"EUR","og_availability":"instock","product_availability":"instock","product_retailer_item_id":"TW2754020ZETA-2339","product_condition":"new"},"_links":{"self":[{"href":"https:\/\/mmkriepas.lv\/en\/wp-json\/wp\/v2\/product\/183390","targetHints":{"allow":["GET"]}}],"collection":[{"href":"https:\/\/mmkriepas.lv\/en\/wp-json\/wp\/v2\/product"}],"about":[{"href":"https:\/\/mmkriepas.lv\/en\/wp-json\/wp\/v2\/types\/product"}],"wp:featuredmedia":[{"embeddable":true,"href":"https:\/\/mmkriepas.lv\/en\/wp-json\/wp\/v2\/media\/867010"}],"wp:attachment":[{"href":"https:\/\/mmkriepas.lv\/en\/wp-json\/wp\/v2\/media?parent=183390"}],"wp:term":[{"taxonomy":"product_brand","embeddable":true,"href":"https:\/\/mmkriepas.lv\/en\/wp-json\/wp\/v2\/product_brand?post=183390"},{"taxonomy":"product_cat","embeddable":true,"href":"https:\/\/mmkriepas.lv\/en\/wp-json\/wp\/v2\/product_cat?post=183390"},{"taxonomy":"product_tag","embeddable":true,"href":"https:\/\/mmkriepas.lv\/en\/wp-json\/wp\/v2\/product_tag?post=183390"}],"curies":[{"name":"wp","href":"https:\/\/api.w.org\/{rel}","templated":true}]}}