{"id":181222,"date":"2021-04-27T17:40:53","date_gmt":"2021-04-27T14:40:53","guid":{"rendered":"https:\/\/mmkserviss.lv\/?post_type=product&#038;p=181222"},"modified":"2026-04-04T20:28:05","modified_gmt":"2026-04-04T17:28:05","slug":"225-65r16c-hifly-super2000-112-110t","status":"publish","type":"product","link":"https:\/\/mmkriepas.lv\/en\/p\/225-65r16c-hifly-super2000-112-110t\/","title":{"rendered":"225\/65R16C Hifly Super2000 112\/110T 8PR"},"content":{"rendered":"<p><b><span style=\"font-family: 'Arial',sans-serif;\">Hifly Super2000<\/span><\/b><span style=\"font-family: 'Arial',sans-serif;\"> ir vasaras komerctransporta riepu modelis, kas izce\u013cas ar lielisku veiktsp\u0113ju gan uz sausa, gan slapja asfalta, k\u0101 ar\u012b, braucot pa grants ce\u013ciem. \u0160is riepu modelis lielu popularit\u0101ti busu vad\u012bt\u0101ju vid\u016b izpeln\u012bjies, pateicoties lieliskai kravnes\u012bbai un nodilumiztur\u012bbai.<o:p><\/o:p><\/span><\/p>\n","protected":false},"excerpt":{"rendered":"<p><b><span style=\"font-family: 'Arial',sans-serif;\">Hifly Super2000<\/span><\/b><span style=\"font-family: 'Arial',sans-serif;\"> ir vasaras komerctransporta riepu modelis, kas izce\u013cas ar lielisku veiktsp\u0113ju gan uz sausa, gan slapja asfalta, k\u0101 ar\u012b, braucot pa grants ce\u013ciem. \u0160is riepu modelis lielu popularit\u0101ti busu vad\u012bt\u0101ju vid\u016b izpeln\u012bjies, pateicoties lieliskai kravnes\u012bbai un nodilumiztur\u012bbai.<o:p><\/o:p><\/span><\/p>\n<h3><span style=\"font-family: 'Arial',sans-serif;\">Super2000 galven\u0101s iez\u012bmes:<o:p><\/o:p><\/span><\/h3>\n<p><span style=\"font-family: 'Arial',sans-serif;\">+ Palielin\u0101ta kravnes\u012bba at\u013caus intens\u012bvi veikt smagu kravu p\u0101rvad\u0101jumus. <o:p><\/o:p><\/span><\/p>\n<p><span style=\"font-family: 'Arial',sans-serif;\">+ Degvielas ekonomija. <o:p><\/o:p><\/span><\/p>\n<p><span style=\"font-family: 'Arial',sans-serif;\">+ Klasisks protektora raksts apvieno sev\u012b veiktsp\u0113ju gan uz asfalta, gan ar\u012b grants ce\u013ciem. <o:p><\/o:p><\/span><\/p>\n<p><span style=\"font-family: 'Arial',sans-serif;\">+ Palielin\u0101ta nodilumiztur\u012bba. <o:p><\/o:p><\/span><\/p>\n<p><span style=\"font-family: 'Arial',sans-serif;\">+ Protektora dizaina izstr\u0101d\u0113 izmantota virkne atjaut\u012bgu tehnolo\u0123isku risin\u0101jumu, kas at\u013cauj \u0161im riepu modelim uzr\u0101d\u012bt neticami augstu cenas un veiktsp\u0113jas attiec\u012bbu.<o:p><\/o:p><\/span><\/p>\n<h3><span style=\"font-family: 'Arial',sans-serif;\">Super2000 apr\u012bkojums<o:p><\/o:p><\/span><\/h3>\n<p><span style=\"font-family: 'Arial',sans-serif;\">Super2000 riepas apr\u012bkotas ar karkasu, kas pastiprin\u0101ts ar vair\u0101kiem brekera jeb kordu sl\u0101\u0146iem un iet\u0113rpts nodilumiztur\u012bg\u0101 gumijas sakaus\u0113jum\u0101. Riepas protektora dizainam izv\u0113l\u0113ts klasisks, simetrisks raksts, kas ir ne tikai kravnes\u012bgs, bet ar\u012b lieliski veido sa\u0137eri ne tikai ar asfaltu, bet ar\u012b ar grants segumu.\u00a0 Hifly Super2000 ieguvis lielu popularit\u0101ti busu \u0161oferu vid\u016b, pateicoties t\u0101 degvielas ekonomijai, kravnes\u012bbai un nodilumiztur\u012bbai, kas ir svar\u012bg\u0101k\u0101s sast\u0101vda\u013cas lieliskas komerctransporta riepas receptei.<b>\u00a0<\/b> <o:p><\/o:p><\/span><\/p>\n<p><b><span style=\"font-family: 'Arial',sans-serif; color: red;\">*Uzman\u012bbu:<\/span><\/b><span style=\"font-family: 'Arial',sans-serif; color: red;\"> Uz vasaras riepu s\u0101nu bortiem var b\u016bt apz\u012bm\u0113jums M+S. \u0160is apz\u012bm\u0113jums nenoz\u012bm\u0113, ka t\u0101s ir M+S riepas un nav paredz\u0113ts ekspluat\u0113t Latvijas ziemas apst\u0101k\u013cos, bet gan tikai vasaras sezon\u0101! S\u012bk\u0101k par \u0161o un citiem apz\u012bm\u0113jumu dro\u0161i jaut\u0101jiet MMK Riepu Serviss speci\u0101listiem.\u00a0<o:p><\/o:p><\/span><\/p>\n","protected":false},"featured_media":682008,"template":"","meta":{"_acf_changed":false,"ngg_post_thumbnail":0},"product_brand":[],"product_cat":[46],"product_tag":[],"class_list":{"0":"post-181222","1":"product","2":"type-product","3":"status-publish","4":"has-post-thumbnail","6":"product_cat-vasaras-riepas","8":"first","9":"instock","10":"sale","11":"taxable","12":"shipping-taxable","13":"purchasable","14":"product-type-simple"},"acf":[],"yoast_head":"<!-- This site is optimized with the Yoast SEO Premium plugin v22.6 (Yoast SEO v27.3) - https:\/\/yoast.com\/product\/yoast-seo-premium-wordpress\/ -->\n<title>225\/65R16C Hifly Super2000 112\/110T 8PR &#8226; MMK Riepas<\/title>\n<meta name=\"description\" content=\"HiFly Super2000 - busu riepas ar neticami labu cenas un veiktsp\u0113jas attiec\u012bbu. Pieejamas abos MMK Riepu Centros par vislab\u0101kaj\u0101m cen\u0101m!\" \/>\n<meta name=\"robots\" content=\"index, follow, max-snippet:-1, max-image-preview:large, max-video-preview:-1\" \/>\n<link rel=\"canonical\" href=\"https:\/\/mmkriepas.lv\/en\/p\/225-65r16c-hifly-super2000-112-110t\/\" \/>\n<meta property=\"og:locale\" content=\"en_US\" \/>\n<meta property=\"og:type\" content=\"article\" \/>\n<meta property=\"og:title\" content=\"225\/65R16C Hifly Super2000 112\/110T 8PR\" \/>\n<meta property=\"og:description\" content=\"HiFly Super2000 - busu riepas ar neticami labu cenas un veiktsp\u0113jas attiec\u012bbu. Pieejamas abos MMK Riepu Centros par vislab\u0101kaj\u0101m cen\u0101m!\" \/>\n<meta property=\"og:url\" content=\"https:\/\/mmkriepas.lv\/en\/p\/225-65r16c-hifly-super2000-112-110t\/\" \/>\n<meta property=\"og:site_name\" content=\"MMK Riepas\" \/>\n<meta property=\"article:publisher\" content=\"https:\/\/www.facebook.com\/mmkserviss\/\" \/>\n<meta property=\"article:modified_time\" content=\"2026-04-04T17:28:05+00:00\" \/>\n<meta property=\"og:image\" content=\"https:\/\/mmkriepas.lv\/wp-content\/uploads\/2023\/03\/18580r14c-hifly-super2000-102100r-vasaras-riepas.jpeg\" \/>\n\t<meta property=\"og:image:width\" content=\"1920\" \/>\n\t<meta property=\"og:image:height\" content=\"1440\" \/>\n\t<meta property=\"og:image:type\" content=\"image\/jpeg\" \/>\n<meta name=\"twitter:card\" content=\"summary_large_image\" \/>\n<meta name=\"twitter:label1\" content=\"Price\" \/>\n\t<meta name=\"twitter:data1\" content=\"&euro;65.00\" \/>\n\t<meta name=\"twitter:label2\" content=\"Availability\" \/>\n\t<meta name=\"twitter:data2\" content=\"In stock\" \/>\n<script type=\"application\/ld+json\" class=\"yoast-schema-graph\">{\"@context\":\"https:\\\/\\\/schema.org\",\"@graph\":[{\"@type\":\"WebPage\",\"@id\":\"https:\\\/\\\/mmkriepas.lv\\\/en\\\/p\\\/225-65r16c-hifly-super2000-112-110t\\\/\",\"url\":\"https:\\\/\\\/mmkriepas.lv\\\/en\\\/p\\\/225-65r16c-hifly-super2000-112-110t\\\/\",\"name\":\"225\\\/65R16C Hifly Super2000 112\\\/110T 8PR &#8226; MMK Riepas\",\"isPartOf\":{\"@id\":\"https:\\\/\\\/mmkriepas.lv\\\/en\\\/#website\"},\"primaryImageOfPage\":{\"@id\":\"https:\\\/\\\/mmkriepas.lv\\\/en\\\/p\\\/225-65r16c-hifly-super2000-112-110t\\\/#primaryimage\"},\"image\":{\"@id\":\"https:\\\/\\\/mmkriepas.lv\\\/en\\\/p\\\/225-65r16c-hifly-super2000-112-110t\\\/#primaryimage\"},\"thumbnailUrl\":\"https:\\\/\\\/mmkriepas.lv\\\/wp-content\\\/uploads\\\/2023\\\/03\\\/18580r14c-hifly-super2000-102100r-vasaras-riepas.jpeg\",\"datePublished\":\"2021-04-27T14:40:53+00:00\",\"dateModified\":\"2026-04-04T17:28:05+00:00\",\"description\":\"HiFly Super2000 - busu riepas ar neticami labu cenas un veiktsp\u0113jas attiec\u012bbu. Pieejamas abos MMK Riepu Centros par vislab\u0101kaj\u0101m cen\u0101m!\",\"breadcrumb\":{\"@id\":\"https:\\\/\\\/mmkriepas.lv\\\/en\\\/p\\\/225-65r16c-hifly-super2000-112-110t\\\/#breadcrumb\"},\"inLanguage\":\"en-US\",\"potentialAction\":[{\"@type\":\"ReadAction\",\"target\":[\"https:\\\/\\\/mmkriepas.lv\\\/en\\\/p\\\/225-65r16c-hifly-super2000-112-110t\\\/\"]}]},{\"@type\":\"ImageObject\",\"inLanguage\":\"en-US\",\"@id\":\"https:\\\/\\\/mmkriepas.lv\\\/en\\\/p\\\/225-65r16c-hifly-super2000-112-110t\\\/#primaryimage\",\"url\":\"https:\\\/\\\/mmkriepas.lv\\\/wp-content\\\/uploads\\\/2023\\\/03\\\/18580r14c-hifly-super2000-102100r-vasaras-riepas.jpeg\",\"contentUrl\":\"https:\\\/\\\/mmkriepas.lv\\\/wp-content\\\/uploads\\\/2023\\\/03\\\/18580r14c-hifly-super2000-102100r-vasaras-riepas.jpeg\",\"width\":1920,\"height\":1440,\"caption\":\"185\\\/80R14C Hifly Super2000 102\\\/100R - Vasaras riepas\"},{\"@type\":\"BreadcrumbList\",\"@id\":\"https:\\\/\\\/mmkriepas.lv\\\/en\\\/p\\\/225-65r16c-hifly-super2000-112-110t\\\/#breadcrumb\",\"itemListElement\":[{\"@type\":\"ListItem\",\"position\":1,\"name\":\"S\u0101kums\",\"item\":\"https:\\\/\\\/mmkriepas.lv\\\/en\\\/\"},{\"@type\":\"ListItem\",\"position\":2,\"name\":\"225\\\/65R16C Hifly Super2000 112\\\/110T 8PR\"}]},{\"@type\":\"WebSite\",\"@id\":\"https:\\\/\\\/mmkriepas.lv\\\/en\\\/#website\",\"url\":\"https:\\\/\\\/mmkriepas.lv\\\/en\\\/\",\"name\":\"MMK Riepas\",\"description\":\"MMK Riepas\",\"alternateName\":\"MMK Riepu Serviss\",\"potentialAction\":[{\"@type\":\"SearchAction\",\"target\":{\"@type\":\"EntryPoint\",\"urlTemplate\":\"https:\\\/\\\/mmkriepas.lv\\\/en\\\/?s={search_term_string}\"},\"query-input\":{\"@type\":\"PropertyValueSpecification\",\"valueRequired\":true,\"valueName\":\"search_term_string\"}}],\"inLanguage\":\"en-US\"},{\"@type\":\"ImageObject\",\"inLanguage\":\"en-US\",\"@id\":\"https:\\\/\\\/mmkriepas.lv\\\/en\\\/p\\\/225-65r16c-hifly-super2000-112-110t\\\/#local-main-organization-logo\",\"url\":\"\",\"contentUrl\":\"\",\"caption\":\"MMK Riepas\"}]}<\/script>\n<meta property=\"product:brand\" content=\"Hifly Super2000\" \/>\n<meta property=\"product:price:amount\" content=\"65.00\" \/>\n<meta property=\"product:price:currency\" content=\"EUR\" \/>\n<meta property=\"og:availability\" content=\"instock\" \/>\n<meta property=\"product:availability\" content=\"instock\" \/>\n<meta property=\"product:retailer_item_id\" content=\"TS2256516CHIFLY-554\" \/>\n<meta property=\"product:condition\" content=\"new\" \/>\n<!-- \/ Yoast SEO Premium plugin. -->","yoast_head_json":{"title":"225\/65R16C Hifly Super2000 112\/110T 8PR &#8226; MMK Riepas","description":"HiFly Super2000 - busu riepas ar neticami labu cenas un veiktsp\u0113jas attiec\u012bbu. Pieejamas abos MMK Riepu Centros par vislab\u0101kaj\u0101m cen\u0101m!","robots":{"index":"index","follow":"follow","max-snippet":"max-snippet:-1","max-image-preview":"max-image-preview:large","max-video-preview":"max-video-preview:-1"},"canonical":"https:\/\/mmkriepas.lv\/en\/p\/225-65r16c-hifly-super2000-112-110t\/","og_locale":"en_US","og_type":"article","og_title":"225\/65R16C Hifly Super2000 112\/110T 8PR","og_description":"HiFly Super2000 - busu riepas ar neticami labu cenas un veiktsp\u0113jas attiec\u012bbu. Pieejamas abos MMK Riepu Centros par vislab\u0101kaj\u0101m cen\u0101m!","og_url":"https:\/\/mmkriepas.lv\/en\/p\/225-65r16c-hifly-super2000-112-110t\/","og_site_name":"MMK Riepas","article_publisher":"https:\/\/www.facebook.com\/mmkserviss\/","article_modified_time":"2026-04-04T17:28:05+00:00","og_image":[{"width":1920,"height":1440,"url":"https:\/\/mmkriepas.lv\/wp-content\/uploads\/2023\/03\/18580r14c-hifly-super2000-102100r-vasaras-riepas.jpeg","type":"image\/jpeg"}],"twitter_card":"summary_large_image","twitter_misc":{"Price":"&euro;65.00","Availability":"In stock"},"schema":{"@context":"https:\/\/schema.org","@graph":[{"@type":"WebPage","@id":"https:\/\/mmkriepas.lv\/en\/p\/225-65r16c-hifly-super2000-112-110t\/","url":"https:\/\/mmkriepas.lv\/en\/p\/225-65r16c-hifly-super2000-112-110t\/","name":"225\/65R16C Hifly Super2000 112\/110T 8PR &#8226; MMK Riepas","isPartOf":{"@id":"https:\/\/mmkriepas.lv\/en\/#website"},"primaryImageOfPage":{"@id":"https:\/\/mmkriepas.lv\/en\/p\/225-65r16c-hifly-super2000-112-110t\/#primaryimage"},"image":{"@id":"https:\/\/mmkriepas.lv\/en\/p\/225-65r16c-hifly-super2000-112-110t\/#primaryimage"},"thumbnailUrl":"https:\/\/mmkriepas.lv\/wp-content\/uploads\/2023\/03\/18580r14c-hifly-super2000-102100r-vasaras-riepas.jpeg","datePublished":"2021-04-27T14:40:53+00:00","dateModified":"2026-04-04T17:28:05+00:00","description":"HiFly Super2000 - busu riepas ar neticami labu cenas un veiktsp\u0113jas attiec\u012bbu. Pieejamas abos MMK Riepu Centros par vislab\u0101kaj\u0101m cen\u0101m!","breadcrumb":{"@id":"https:\/\/mmkriepas.lv\/en\/p\/225-65r16c-hifly-super2000-112-110t\/#breadcrumb"},"inLanguage":"en-US","potentialAction":[{"@type":"ReadAction","target":["https:\/\/mmkriepas.lv\/en\/p\/225-65r16c-hifly-super2000-112-110t\/"]}]},{"@type":"ImageObject","inLanguage":"en-US","@id":"https:\/\/mmkriepas.lv\/en\/p\/225-65r16c-hifly-super2000-112-110t\/#primaryimage","url":"https:\/\/mmkriepas.lv\/wp-content\/uploads\/2023\/03\/18580r14c-hifly-super2000-102100r-vasaras-riepas.jpeg","contentUrl":"https:\/\/mmkriepas.lv\/wp-content\/uploads\/2023\/03\/18580r14c-hifly-super2000-102100r-vasaras-riepas.jpeg","width":1920,"height":1440,"caption":"185\/80R14C Hifly Super2000 102\/100R - Vasaras riepas"},{"@type":"BreadcrumbList","@id":"https:\/\/mmkriepas.lv\/en\/p\/225-65r16c-hifly-super2000-112-110t\/#breadcrumb","itemListElement":[{"@type":"ListItem","position":1,"name":"S\u0101kums","item":"https:\/\/mmkriepas.lv\/en\/"},{"@type":"ListItem","position":2,"name":"225\/65R16C Hifly Super2000 112\/110T 8PR"}]},{"@type":"WebSite","@id":"https:\/\/mmkriepas.lv\/en\/#website","url":"https:\/\/mmkriepas.lv\/en\/","name":"MMK Riepas","description":"MMK Riepas","alternateName":"MMK Riepu Serviss","potentialAction":[{"@type":"SearchAction","target":{"@type":"EntryPoint","urlTemplate":"https:\/\/mmkriepas.lv\/en\/?s={search_term_string}"},"query-input":{"@type":"PropertyValueSpecification","valueRequired":true,"valueName":"search_term_string"}}],"inLanguage":"en-US"},{"@type":"ImageObject","inLanguage":"en-US","@id":"https:\/\/mmkriepas.lv\/en\/p\/225-65r16c-hifly-super2000-112-110t\/#local-main-organization-logo","url":"","contentUrl":"","caption":"MMK Riepas"}]},"product_brand":"Hifly Super2000","product_price_amount":"65.00","product_price_currency":"EUR","og_availability":"instock","product_availability":"instock","product_retailer_item_id":"TS2256516CHIFLY-554","product_condition":"new"},"_links":{"self":[{"href":"https:\/\/mmkriepas.lv\/en\/wp-json\/wp\/v2\/product\/181222","targetHints":{"allow":["GET"]}}],"collection":[{"href":"https:\/\/mmkriepas.lv\/en\/wp-json\/wp\/v2\/product"}],"about":[{"href":"https:\/\/mmkriepas.lv\/en\/wp-json\/wp\/v2\/types\/product"}],"wp:featuredmedia":[{"embeddable":true,"href":"https:\/\/mmkriepas.lv\/en\/wp-json\/wp\/v2\/media\/682008"}],"wp:attachment":[{"href":"https:\/\/mmkriepas.lv\/en\/wp-json\/wp\/v2\/media?parent=181222"}],"wp:term":[{"taxonomy":"product_brand","embeddable":true,"href":"https:\/\/mmkriepas.lv\/en\/wp-json\/wp\/v2\/product_brand?post=181222"},{"taxonomy":"product_cat","embeddable":true,"href":"https:\/\/mmkriepas.lv\/en\/wp-json\/wp\/v2\/product_cat?post=181222"},{"taxonomy":"product_tag","embeddable":true,"href":"https:\/\/mmkriepas.lv\/en\/wp-json\/wp\/v2\/product_tag?post=181222"}],"curies":[{"name":"wp","href":"https:\/\/api.w.org\/{rel}","templated":true}]}}