{"id":181217,"date":"2021-04-27T17:25:07","date_gmt":"2021-04-27T14:25:07","guid":{"rendered":"https:\/\/mmkserviss.lv\/?post_type=product&#038;p=181217"},"modified":"2025-04-17T17:27:28","modified_gmt":"2025-04-17T14:27:28","slug":"225-35r19-firemax-fm601-88w","status":"publish","type":"product","link":"https:\/\/mmkriepas.lv\/en\/p\/225-35r19-firemax-fm601-88w\/","title":{"rendered":"225\/35R19 Firemax FM601 88W XL"},"content":{"rendered":"<p><span style=\"font-family: Times New Roman, serif;\"><span style=\"font-size: medium;\"><span style=\"color: #000000;\"><span style=\"font-family: Arial, serif;\"><span style=\"font-size: small;\"><b>Firemax FM601<\/b><\/span><\/span><\/span><span style=\"color: #000000;\"><span style=\"font-family: Arial, serif;\"><span style=\"font-size: small;\"> &#8211; sportiska tipa vasaras riepas, kas izce\u013cas ar l\u012bdzsvaru starp dro\u0161\u012bbu uz sausa un slapja asfalta, augstu veiktsp\u0113ju un brauk\u0161anas komfortu. \u0160im riepu modelim rakstur\u012bga lieliska manevr\u0113tsp\u0113ja, stabila vad\u0101m\u012bba un efekt\u012bvas bremz\u0113\u0161anas \u012bpa\u0161\u012bbas. <\/span><\/span><\/span><\/span><\/span><\/p>\n<h3 class=\"western\"><span style=\"color: #000000;\"><span style=\"font-family: Arial, serif;\"><span style=\"font-size: medium;\">FM601<\/span><\/span><\/span><span style=\"color: #000000;\"><span style=\"font-family: Arial, serif;\"><span style=\"font-size: medium;\"> galven\u0101s \u012bpa\u0161\u012bbas<\/span><\/span><\/span><\/h3>\n<p><span style=\"font-family: Times New Roman, serif;\"><span style=\"font-size: medium;\"><span style=\"color: #000000;\"><span style=\"font-family: Arial, serif;\"><span style=\"font-size: small;\">+ Augsts cenas un veiktsp\u0113jas koeficents.<\/span><\/span><\/span><\/span><\/span><\/p>\n<p><span style=\"font-family: Times New Roman, serif;\"><span style=\"font-size: medium;\"><span style=\"color: #000000;\"><span style=\"font-family: Arial, serif;\"><span style=\"font-size: small;\">+ Sa\u012bsin\u0101ts bremz\u0113\u0161anas ce\u013c\u0161 gan uz sauca, gan slapja asfalta.<\/span><\/span><\/span><\/span><\/span><\/p>\n<p><span style=\"font-family: Times New Roman, serif;\"><span style=\"font-size: medium;\"><span style=\"color: #000000;\"><span style=\"font-family: Arial, serif;\"><span style=\"font-size: small;\">+ Degvielas ekonomija.<\/span><\/span><\/span><\/span><\/span><\/p>\n<p><span style=\"font-family: Times New Roman, serif;\"><span style=\"font-size: medium;\"><span style=\"color: #000000;\"><span style=\"font-family: Arial, serif;\"><span style=\"font-size: small;\">+ Akustiskais komforts.<\/span><\/span><\/span><\/span><\/span><\/p>\n<p><span style=\"font-family: Times New Roman, serif;\"><span style=\"font-size: medium;\"><span style=\"color: #000000;\"><span style=\"font-family: Arial, serif;\"><span style=\"font-size: small;\">+ Att\u012bst\u012bta dren\u0101\u017eas jeb \u016bdens novadkan\u0101lu sist\u0113ma, kas b\u016btiski samazina akvaplan\u0113\u0161anas risku pat lielos brauk\u0161anas \u0101trumos.<\/span><\/span><\/span><\/span><\/span><\/p>\n<h3 class=\"western\"><span style=\"color: #000000;\"><span style=\"font-family: Arial, serif;\"><span style=\"font-size: medium;\">FM601 <\/span><\/span><\/span><span style=\"color: #000000;\"><span style=\"font-family: Arial, serif;\"><span style=\"font-size: medium;\">apr\u012bkojums<\/span><\/span><\/span><\/h3>\n<p><span style=\"font-family: Arial, sans-serif;\"><span style=\"font-size: medium;\"><span style=\"color: #000000;\"><span style=\"font-size: small;\"><b>Firemax FM601<\/b><\/span><\/span><span style=\"color: #000000;\"><span style=\"font-size: small;\"><b> <\/b><\/span><\/span><span style=\"color: #000000;\"><span style=\"font-size: small;\">vasaras riepas apr\u012bkotas ar unik\u0101la dizaina asimetrisku protektora rakstu. Starp gareniskaj\u0101m protektora virkn\u0113m izvietotas \u016bdens novadrievas, kas b\u016btiski uzlabo dro\u0161\u012bbu uz slapja asfalta.<\/span><\/span> <span style=\"color: #000000;\"><span style=\"font-size: small;\">Protektors veidots no ausgtas kvalit\u0101tes materi\u0101liem, kam pievienota virkne elementu, kuri vienlaikus uzlabo nodilumiztur\u012bbu, sa\u0137eres \u012bpa\u0161\u012bbas un ar\u012b sl\u0101p\u0113 ska\u0146u.<\/span><\/span><\/span><\/span><\/p>\n","protected":false},"excerpt":{"rendered":"<p><span style=\"font-family: Times New Roman, serif;\"><span style=\"font-size: medium;\"><span style=\"color: #000000;\"><span style=\"font-family: Arial, serif;\"><span style=\"font-size: small;\"><b>Firemax FM601<\/b><\/span><\/span><\/span><span style=\"color: #000000;\"><span style=\"font-family: Arial, serif;\"><span style=\"font-size: small;\"> &#8211; sportiska tipa vasaras riepas, kas izce\u013cas ar l\u012bdzsvaru starp dro\u0161\u012bbu uz sausa un slapja asfalta, augstu veiktsp\u0113ju un brauk\u0161anas komfortu. \u0160im riepu modelim rakstur\u012bga lieliska manevr\u0113tsp\u0113ja, stabila vad\u0101m\u012bba un efekt\u012bvas bremz\u0113\u0161anas \u012bpa\u0161\u012bbas. <\/span><\/span><\/span><\/span><\/span><\/p>\n","protected":false},"featured_media":861096,"template":"","meta":{"_acf_changed":false,"ngg_post_thumbnail":0},"product_brand":[],"product_cat":[46],"product_tag":[],"class_list":{"0":"post-181217","1":"product","2":"type-product","3":"status-publish","4":"has-post-thumbnail","6":"product_cat-vasaras-riepas","8":"first","9":"outofstock","10":"sale","11":"taxable","12":"shipping-taxable","13":"product-type-simple"},"acf":[],"yoast_head":"<!-- This site is optimized with the Yoast SEO Premium plugin v22.6 (Yoast SEO v27.3) - https:\/\/yoast.com\/product\/yoast-seo-premium-wordpress\/ -->\n<title>225\/35R19 Firemax FM601 88W XL &#8226; MMK Riepas<\/title>\n<meta name=\"robots\" content=\"index, follow, max-snippet:-1, max-image-preview:large, max-video-preview:-1\" \/>\n<link rel=\"canonical\" href=\"https:\/\/mmkriepas.lv\/en\/p\/225-35r19-firemax-fm601-88w\/\" \/>\n<meta property=\"og:locale\" content=\"en_US\" \/>\n<meta property=\"og:type\" content=\"article\" \/>\n<meta property=\"og:title\" content=\"225\/35R19 Firemax FM601 88W XL\" \/>\n<meta property=\"og:description\" content=\"Firemax FM601 - sportiska tipa vasaras riepas, kas izce\u013cas ar l\u012bdzsvaru starp dro\u0161\u012bbu uz sausa un slapja asfalta, augstu veiktsp\u0113ju un brauk\u0161anas komfortu. \u0160im riepu modelim rakstur\u012bga lieliska manevr\u0113tsp\u0113ja, stabila vad\u0101m\u012bba un efekt\u012bvas bremz\u0113\u0161anas \u012bpa\u0161\u012bbas.\" \/>\n<meta property=\"og:url\" content=\"https:\/\/mmkriepas.lv\/en\/p\/225-35r19-firemax-fm601-88w\/\" \/>\n<meta property=\"og:site_name\" content=\"MMK Riepas\" \/>\n<meta property=\"article:publisher\" content=\"https:\/\/www.facebook.com\/mmkserviss\/\" \/>\n<meta property=\"article:modified_time\" content=\"2025-04-17T14:27:28+00:00\" \/>\n<meta property=\"og:image\" content=\"https:\/\/mmkriepas.lv\/wp-content\/uploads\/2024\/02\/29540r22-firemax-fm601-112w-xl-dot21-vasaras-riepas.jpg\" \/>\n\t<meta property=\"og:image:width\" content=\"1920\" \/>\n\t<meta property=\"og:image:height\" content=\"1278\" \/>\n\t<meta property=\"og:image:type\" content=\"image\/jpeg\" \/>\n<meta name=\"twitter:card\" content=\"summary_large_image\" \/>\n<meta name=\"twitter:label1\" content=\"Price\" \/>\n\t<meta name=\"twitter:data1\" content=\"&euro;72.00\" \/>\n\t<meta name=\"twitter:label2\" content=\"Availability\" \/>\n\t<meta name=\"twitter:data2\" content=\"Out of stock\" \/>\n<script type=\"application\/ld+json\" class=\"yoast-schema-graph\">{\"@context\":\"https:\\\/\\\/schema.org\",\"@graph\":[{\"@type\":\"WebPage\",\"@id\":\"https:\\\/\\\/mmkriepas.lv\\\/en\\\/p\\\/225-35r19-firemax-fm601-88w\\\/\",\"url\":\"https:\\\/\\\/mmkriepas.lv\\\/en\\\/p\\\/225-35r19-firemax-fm601-88w\\\/\",\"name\":\"225\\\/35R19 Firemax FM601 88W XL &#8226; MMK Riepas\",\"isPartOf\":{\"@id\":\"https:\\\/\\\/mmkriepas.lv\\\/en\\\/#website\"},\"primaryImageOfPage\":{\"@id\":\"https:\\\/\\\/mmkriepas.lv\\\/en\\\/p\\\/225-35r19-firemax-fm601-88w\\\/#primaryimage\"},\"image\":{\"@id\":\"https:\\\/\\\/mmkriepas.lv\\\/en\\\/p\\\/225-35r19-firemax-fm601-88w\\\/#primaryimage\"},\"thumbnailUrl\":\"https:\\\/\\\/mmkriepas.lv\\\/wp-content\\\/uploads\\\/2024\\\/02\\\/29540r22-firemax-fm601-112w-xl-dot21-vasaras-riepas.jpg\",\"datePublished\":\"2021-04-27T14:25:07+00:00\",\"dateModified\":\"2025-04-17T14:27:28+00:00\",\"breadcrumb\":{\"@id\":\"https:\\\/\\\/mmkriepas.lv\\\/en\\\/p\\\/225-35r19-firemax-fm601-88w\\\/#breadcrumb\"},\"inLanguage\":\"en-US\",\"potentialAction\":[{\"@type\":\"ReadAction\",\"target\":[\"https:\\\/\\\/mmkriepas.lv\\\/en\\\/p\\\/225-35r19-firemax-fm601-88w\\\/\"]}]},{\"@type\":\"ImageObject\",\"inLanguage\":\"en-US\",\"@id\":\"https:\\\/\\\/mmkriepas.lv\\\/en\\\/p\\\/225-35r19-firemax-fm601-88w\\\/#primaryimage\",\"url\":\"https:\\\/\\\/mmkriepas.lv\\\/wp-content\\\/uploads\\\/2024\\\/02\\\/29540r22-firemax-fm601-112w-xl-dot21-vasaras-riepas.jpg\",\"contentUrl\":\"https:\\\/\\\/mmkriepas.lv\\\/wp-content\\\/uploads\\\/2024\\\/02\\\/29540r22-firemax-fm601-112w-xl-dot21-vasaras-riepas.jpg\",\"width\":1920,\"height\":1278,\"caption\":\"295\\\/40R22 Firemax FM601 112W XL DOT21 - Vasaras riepas\"},{\"@type\":\"BreadcrumbList\",\"@id\":\"https:\\\/\\\/mmkriepas.lv\\\/en\\\/p\\\/225-35r19-firemax-fm601-88w\\\/#breadcrumb\",\"itemListElement\":[{\"@type\":\"ListItem\",\"position\":1,\"name\":\"S\u0101kums\",\"item\":\"https:\\\/\\\/mmkriepas.lv\\\/en\\\/\"},{\"@type\":\"ListItem\",\"position\":2,\"name\":\"225\\\/35R19 Firemax FM601 88W XL\"}]},{\"@type\":\"WebSite\",\"@id\":\"https:\\\/\\\/mmkriepas.lv\\\/en\\\/#website\",\"url\":\"https:\\\/\\\/mmkriepas.lv\\\/en\\\/\",\"name\":\"MMK Riepas\",\"description\":\"MMK Riepas\",\"alternateName\":\"MMK Riepu Serviss\",\"potentialAction\":[{\"@type\":\"SearchAction\",\"target\":{\"@type\":\"EntryPoint\",\"urlTemplate\":\"https:\\\/\\\/mmkriepas.lv\\\/en\\\/?s={search_term_string}\"},\"query-input\":{\"@type\":\"PropertyValueSpecification\",\"valueRequired\":true,\"valueName\":\"search_term_string\"}}],\"inLanguage\":\"en-US\"},{\"@type\":\"ImageObject\",\"inLanguage\":\"en-US\",\"@id\":\"https:\\\/\\\/mmkriepas.lv\\\/en\\\/p\\\/225-35r19-firemax-fm601-88w\\\/#local-main-organization-logo\",\"url\":\"\",\"contentUrl\":\"\",\"caption\":\"MMK Riepas\"}]}<\/script>\n<meta property=\"product:brand\" content=\"Firemax FM601\" \/>\n<meta property=\"product:price:amount\" content=\"72.00\" \/>\n<meta property=\"product:price:currency\" content=\"EUR\" \/>\n<meta property=\"og:availability\" content=\"out of stock\" \/>\n<meta property=\"product:availability\" content=\"out of stock\" \/>\n<meta property=\"product:retailer_item_id\" content=\"TS2253519FIREM-417\" \/>\n<meta property=\"product:condition\" content=\"new\" \/>\n<!-- \/ Yoast SEO Premium plugin. -->","yoast_head_json":{"title":"225\/35R19 Firemax FM601 88W XL &#8226; MMK Riepas","robots":{"index":"index","follow":"follow","max-snippet":"max-snippet:-1","max-image-preview":"max-image-preview:large","max-video-preview":"max-video-preview:-1"},"canonical":"https:\/\/mmkriepas.lv\/en\/p\/225-35r19-firemax-fm601-88w\/","og_locale":"en_US","og_type":"article","og_title":"225\/35R19 Firemax FM601 88W XL","og_description":"Firemax FM601 - sportiska tipa vasaras riepas, kas izce\u013cas ar l\u012bdzsvaru starp dro\u0161\u012bbu uz sausa un slapja asfalta, augstu veiktsp\u0113ju un brauk\u0161anas komfortu. \u0160im riepu modelim rakstur\u012bga lieliska manevr\u0113tsp\u0113ja, stabila vad\u0101m\u012bba un efekt\u012bvas bremz\u0113\u0161anas \u012bpa\u0161\u012bbas.","og_url":"https:\/\/mmkriepas.lv\/en\/p\/225-35r19-firemax-fm601-88w\/","og_site_name":"MMK Riepas","article_publisher":"https:\/\/www.facebook.com\/mmkserviss\/","article_modified_time":"2025-04-17T14:27:28+00:00","og_image":[{"width":1920,"height":1278,"url":"https:\/\/mmkriepas.lv\/wp-content\/uploads\/2024\/02\/29540r22-firemax-fm601-112w-xl-dot21-vasaras-riepas.jpg","type":"image\/jpeg"}],"twitter_card":"summary_large_image","twitter_misc":{"Price":"&euro;72.00","Availability":"Out of stock"},"schema":{"@context":"https:\/\/schema.org","@graph":[{"@type":"WebPage","@id":"https:\/\/mmkriepas.lv\/en\/p\/225-35r19-firemax-fm601-88w\/","url":"https:\/\/mmkriepas.lv\/en\/p\/225-35r19-firemax-fm601-88w\/","name":"225\/35R19 Firemax FM601 88W XL &#8226; MMK Riepas","isPartOf":{"@id":"https:\/\/mmkriepas.lv\/en\/#website"},"primaryImageOfPage":{"@id":"https:\/\/mmkriepas.lv\/en\/p\/225-35r19-firemax-fm601-88w\/#primaryimage"},"image":{"@id":"https:\/\/mmkriepas.lv\/en\/p\/225-35r19-firemax-fm601-88w\/#primaryimage"},"thumbnailUrl":"https:\/\/mmkriepas.lv\/wp-content\/uploads\/2024\/02\/29540r22-firemax-fm601-112w-xl-dot21-vasaras-riepas.jpg","datePublished":"2021-04-27T14:25:07+00:00","dateModified":"2025-04-17T14:27:28+00:00","breadcrumb":{"@id":"https:\/\/mmkriepas.lv\/en\/p\/225-35r19-firemax-fm601-88w\/#breadcrumb"},"inLanguage":"en-US","potentialAction":[{"@type":"ReadAction","target":["https:\/\/mmkriepas.lv\/en\/p\/225-35r19-firemax-fm601-88w\/"]}]},{"@type":"ImageObject","inLanguage":"en-US","@id":"https:\/\/mmkriepas.lv\/en\/p\/225-35r19-firemax-fm601-88w\/#primaryimage","url":"https:\/\/mmkriepas.lv\/wp-content\/uploads\/2024\/02\/29540r22-firemax-fm601-112w-xl-dot21-vasaras-riepas.jpg","contentUrl":"https:\/\/mmkriepas.lv\/wp-content\/uploads\/2024\/02\/29540r22-firemax-fm601-112w-xl-dot21-vasaras-riepas.jpg","width":1920,"height":1278,"caption":"295\/40R22 Firemax FM601 112W XL DOT21 - Vasaras riepas"},{"@type":"BreadcrumbList","@id":"https:\/\/mmkriepas.lv\/en\/p\/225-35r19-firemax-fm601-88w\/#breadcrumb","itemListElement":[{"@type":"ListItem","position":1,"name":"S\u0101kums","item":"https:\/\/mmkriepas.lv\/en\/"},{"@type":"ListItem","position":2,"name":"225\/35R19 Firemax FM601 88W XL"}]},{"@type":"WebSite","@id":"https:\/\/mmkriepas.lv\/en\/#website","url":"https:\/\/mmkriepas.lv\/en\/","name":"MMK Riepas","description":"MMK Riepas","alternateName":"MMK Riepu Serviss","potentialAction":[{"@type":"SearchAction","target":{"@type":"EntryPoint","urlTemplate":"https:\/\/mmkriepas.lv\/en\/?s={search_term_string}"},"query-input":{"@type":"PropertyValueSpecification","valueRequired":true,"valueName":"search_term_string"}}],"inLanguage":"en-US"},{"@type":"ImageObject","inLanguage":"en-US","@id":"https:\/\/mmkriepas.lv\/en\/p\/225-35r19-firemax-fm601-88w\/#local-main-organization-logo","url":"","contentUrl":"","caption":"MMK Riepas"}]},"product_brand":"Firemax FM601","product_price_amount":"72.00","product_price_currency":"EUR","og_availability":"out of stock","product_availability":"out of stock","product_retailer_item_id":"TS2253519FIREM-417","product_condition":"new"},"_links":{"self":[{"href":"https:\/\/mmkriepas.lv\/en\/wp-json\/wp\/v2\/product\/181217","targetHints":{"allow":["GET"]}}],"collection":[{"href":"https:\/\/mmkriepas.lv\/en\/wp-json\/wp\/v2\/product"}],"about":[{"href":"https:\/\/mmkriepas.lv\/en\/wp-json\/wp\/v2\/types\/product"}],"wp:featuredmedia":[{"embeddable":true,"href":"https:\/\/mmkriepas.lv\/en\/wp-json\/wp\/v2\/media\/861096"}],"wp:attachment":[{"href":"https:\/\/mmkriepas.lv\/en\/wp-json\/wp\/v2\/media?parent=181217"}],"wp:term":[{"taxonomy":"product_brand","embeddable":true,"href":"https:\/\/mmkriepas.lv\/en\/wp-json\/wp\/v2\/product_brand?post=181217"},{"taxonomy":"product_cat","embeddable":true,"href":"https:\/\/mmkriepas.lv\/en\/wp-json\/wp\/v2\/product_cat?post=181217"},{"taxonomy":"product_tag","embeddable":true,"href":"https:\/\/mmkriepas.lv\/en\/wp-json\/wp\/v2\/product_tag?post=181217"}],"curies":[{"name":"wp","href":"https:\/\/api.w.org\/{rel}","templated":true}]}}