{"id":177119,"date":"2021-03-30T17:52:07","date_gmt":"2021-03-30T14:52:07","guid":{"rendered":"https:\/\/mmkserviss.lv\/?post_type=product&#038;p=177119"},"modified":"2025-03-07T16:44:11","modified_gmt":"2025-03-07T14:44:11","slug":"195-65r15-marshal-matrac-fx-mh12-91v-dot19","status":"publish","type":"product","link":"https:\/\/mmkriepas.lv\/en\/p\/195-65r15-marshal-matrac-fx-mh12-91v-dot19\/","title":{"rendered":"195\/65R15 Marshal Matrac FX MH12 91V DOT (Kumho)"},"content":{"rendered":"<h2><strong>Vasaras riepas Marshal<\/strong><\/h2>\n<p>Riepu ra\u017eot\u0101js un modelis:<strong> Marshal Matrac FX MH12<\/strong><\/p>\n<p><strong>MMK Serviss nov\u0113rt\u0113jums:<\/strong> <em>&#8221;Augstas klases riepas ar teicamiem r\u0101d\u012bt\u0101jiem un\u00a0krietni labaku cenu k\u0101 premium klasei&#8221;<\/em> Marshal ir viens no liel\u0101kajiem riepu ra\u017eot\u0101jiem pasaul\u0113, \u0161obr\u012bd ierindojas viet\u0101 Nr.8. Marshal k\u0101 ra\u017eot\u0101js klasific\u0113jas vid\u0113j\u0101 klas\u0113 kop\u0101 ar Yokohama, Falken, Hankook, Lassa u.c. tom\u0113r pieredze r\u0101da, ka kvalit\u0101te neatpaliek no pasaules top riep\u0101m. Premium kvalit\u0101te par vid\u0113j\u0101s klases cenu.<\/p>\n<p><strong>Marshal Matrac FX MH12<\/strong>\u00a0\u012bpa\u0161\u012bbas:<\/p>\n<p>+ jaun\u0101k\u0101s tehnolo\u0123ijas<\/p>\n<p>+ uzlabots gumijas sast\u0101vs<\/p>\n<p>+ laba sa\u0137ere slapj\u0101 laik\u0101 (nov\u0113rt\u0113jums C)<\/p>\n<p>+ dinamiska un dro\u0161a vad\u0101m\u012bb\u0101 gan uz sausa, gan mitra seguma<\/p>\n<p>+ \u013coti \u012bss bremz\u0113\u0161anas ce\u013c\u0161<\/p>\n<p>+ augsta notur\u012bba pret akvaplan\u0113\u0161anu<\/p>\n<p>+ iztur\u012bgi borti<\/p>\n<p>+ prec\u012bza reakcija uz st\u016bres kust\u012bb\u0101m<\/p>\n<p>+ stabilit\u0101te pagriezienos<\/p>\n<p>+ klusas riepas<\/p>\n<p><strong>Rekomend\u0113jam \u0161o modeli! <\/strong><em>Augsta kvalit\u0101te par zemu cenu! Kvalit\u0101te daudz augst\u0101ka par samaks\u0101to naudu!<\/em><\/p>\n","protected":false},"excerpt":{"rendered":"<h2><strong>Vasaras riepas Marshal<\/strong><\/h2>\n<p>Riepu ra\u017eot\u0101js un modelis:<strong> Marshal Matrac FX MH12<\/strong><\/p>\n<p><strong>MMK Serviss nov\u0113rt\u0113jums:<\/strong> <em>&#8221;Augstas klases riepas ar teicamiem r\u0101d\u012bt\u0101jiem un\u00a0krietni labaku cenu k\u0101 premium klasei&#8221;<\/em> Marshal ir viens no liel\u0101kajiem riepu ra\u017eot\u0101jiem pasaul\u0113, \u0161obr\u012bd ierindojas viet\u0101 Nr.8. Marshal k\u0101 ra\u017eot\u0101js klasific\u0113jas vid\u0113j\u0101 klas\u0113 kop\u0101 ar Yokohama, Falken, Hankook, Lassa u.c. tom\u0113r pieredze r\u0101da, ka kvalit\u0101te neatpaliek no pasaules top riep\u0101m. Premium kvalit\u0101te par vid\u0113j\u0101s klases cenu.<\/p>\n","protected":false},"featured_media":225510,"template":"","meta":{"_acf_changed":false,"ngg_post_thumbnail":0},"product_brand":[],"product_cat":[46],"product_tag":[],"class_list":{"0":"post-177119","1":"product","2":"type-product","3":"status-publish","4":"has-post-thumbnail","6":"product_cat-vasaras-riepas","8":"first","9":"outofstock","10":"sale","11":"taxable","12":"shipping-taxable","13":"product-type-simple"},"acf":[],"yoast_head":"<!-- This site is optimized with the Yoast SEO Premium plugin v22.6 (Yoast SEO v27.3) - https:\/\/yoast.com\/product\/yoast-seo-premium-wordpress\/ -->\n<title>195\/65R15 Marshal Matrac FX MH12 91V DOT (Kumho) &#8226; MMK Riepas<\/title>\n<meta name=\"robots\" content=\"index, follow, max-snippet:-1, max-image-preview:large, max-video-preview:-1\" \/>\n<link rel=\"canonical\" href=\"https:\/\/mmkriepas.lv\/en\/p\/195-65r15-marshal-matrac-fx-mh12-91v-dot19\/\" \/>\n<meta property=\"og:locale\" content=\"en_US\" \/>\n<meta property=\"og:type\" content=\"article\" \/>\n<meta property=\"og:title\" content=\"195\/65R15 Marshal Matrac FX MH12 91V DOT (Kumho)\" \/>\n<meta property=\"og:description\" content=\"Vasaras riepas MarshalRiepu ra\u017eot\u0101js un modelis: Marshal Matrac FX MH12MMK Serviss nov\u0113rt\u0113jums: &#039;&#039;Augstas klases riepas ar teicamiem r\u0101d\u012bt\u0101jiem un\u00a0krietni labaku cenu k\u0101 premium klasei&#039;&#039; Marshal ir viens no liel\u0101kajiem riepu ra\u017eot\u0101jiem pasaul\u0113, \u0161obr\u012bd ierindojas viet\u0101 Nr.8. Marshal k\u0101 ra\u017eot\u0101js klasific\u0113jas vid\u0113j\u0101 klas\u0113 kop\u0101 ar Yokohama, Falken, Hankook, Lassa u.c. tom\u0113r pieredze r\u0101da, ka kvalit\u0101te neatpaliek no pasaules top riep\u0101m. Premium kvalit\u0101te par vid\u0113j\u0101s klases cenu.\" \/>\n<meta property=\"og:url\" content=\"https:\/\/mmkriepas.lv\/en\/p\/195-65r15-marshal-matrac-fx-mh12-91v-dot19\/\" \/>\n<meta property=\"og:site_name\" content=\"MMK Riepas\" \/>\n<meta property=\"article:publisher\" content=\"https:\/\/www.facebook.com\/mmkserviss\/\" \/>\n<meta property=\"article:modified_time\" content=\"2025-03-07T14:44:11+00:00\" \/>\n<meta property=\"og:image\" content=\"https:\/\/mmkriepas.lv\/wp-content\/uploads\/2022\/03\/18560r15-marshal-mh12-84h-dot19.jpg\" \/>\n\t<meta property=\"og:image:width\" content=\"1920\" \/>\n\t<meta property=\"og:image:height\" content=\"1278\" \/>\n\t<meta property=\"og:image:type\" content=\"image\/jpeg\" \/>\n<meta name=\"twitter:card\" content=\"summary_large_image\" \/>\n<meta name=\"twitter:label1\" content=\"Price\" \/>\n\t<meta name=\"twitter:data1\" content=\"&euro;35.00\" \/>\n\t<meta name=\"twitter:label2\" content=\"Availability\" \/>\n\t<meta name=\"twitter:data2\" content=\"Out of stock\" \/>\n<script type=\"application\/ld+json\" class=\"yoast-schema-graph\">{\"@context\":\"https:\\\/\\\/schema.org\",\"@graph\":[{\"@type\":\"WebPage\",\"@id\":\"https:\\\/\\\/mmkriepas.lv\\\/en\\\/p\\\/195-65r15-marshal-matrac-fx-mh12-91v-dot19\\\/\",\"url\":\"https:\\\/\\\/mmkriepas.lv\\\/en\\\/p\\\/195-65r15-marshal-matrac-fx-mh12-91v-dot19\\\/\",\"name\":\"195\\\/65R15 Marshal Matrac FX MH12 91V DOT (Kumho) &#8226; MMK Riepas\",\"isPartOf\":{\"@id\":\"https:\\\/\\\/mmkriepas.lv\\\/en\\\/#website\"},\"primaryImageOfPage\":{\"@id\":\"https:\\\/\\\/mmkriepas.lv\\\/en\\\/p\\\/195-65r15-marshal-matrac-fx-mh12-91v-dot19\\\/#primaryimage\"},\"image\":{\"@id\":\"https:\\\/\\\/mmkriepas.lv\\\/en\\\/p\\\/195-65r15-marshal-matrac-fx-mh12-91v-dot19\\\/#primaryimage\"},\"thumbnailUrl\":\"https:\\\/\\\/mmkriepas.lv\\\/wp-content\\\/uploads\\\/2022\\\/03\\\/18560r15-marshal-mh12-84h-dot19.jpg\",\"datePublished\":\"2021-03-30T14:52:07+00:00\",\"dateModified\":\"2025-03-07T14:44:11+00:00\",\"breadcrumb\":{\"@id\":\"https:\\\/\\\/mmkriepas.lv\\\/en\\\/p\\\/195-65r15-marshal-matrac-fx-mh12-91v-dot19\\\/#breadcrumb\"},\"inLanguage\":\"en-US\",\"potentialAction\":[{\"@type\":\"ReadAction\",\"target\":[\"https:\\\/\\\/mmkriepas.lv\\\/en\\\/p\\\/195-65r15-marshal-matrac-fx-mh12-91v-dot19\\\/\"]}]},{\"@type\":\"ImageObject\",\"inLanguage\":\"en-US\",\"@id\":\"https:\\\/\\\/mmkriepas.lv\\\/en\\\/p\\\/195-65r15-marshal-matrac-fx-mh12-91v-dot19\\\/#primaryimage\",\"url\":\"https:\\\/\\\/mmkriepas.lv\\\/wp-content\\\/uploads\\\/2022\\\/03\\\/18560r15-marshal-mh12-84h-dot19.jpg\",\"contentUrl\":\"https:\\\/\\\/mmkriepas.lv\\\/wp-content\\\/uploads\\\/2022\\\/03\\\/18560r15-marshal-mh12-84h-dot19.jpg\",\"width\":1920,\"height\":1278,\"caption\":\"Marshal MATRAC FX MH12Marshal MATRAC FX MH12\"},{\"@type\":\"BreadcrumbList\",\"@id\":\"https:\\\/\\\/mmkriepas.lv\\\/en\\\/p\\\/195-65r15-marshal-matrac-fx-mh12-91v-dot19\\\/#breadcrumb\",\"itemListElement\":[{\"@type\":\"ListItem\",\"position\":1,\"name\":\"S\u0101kums\",\"item\":\"https:\\\/\\\/mmkriepas.lv\\\/en\\\/\"},{\"@type\":\"ListItem\",\"position\":2,\"name\":\"195\\\/65R15 Marshal Matrac FX MH12 91V DOT (Kumho)\"}]},{\"@type\":\"WebSite\",\"@id\":\"https:\\\/\\\/mmkriepas.lv\\\/en\\\/#website\",\"url\":\"https:\\\/\\\/mmkriepas.lv\\\/en\\\/\",\"name\":\"MMK Riepas\",\"description\":\"MMK Riepas\",\"alternateName\":\"MMK Riepu Serviss\",\"potentialAction\":[{\"@type\":\"SearchAction\",\"target\":{\"@type\":\"EntryPoint\",\"urlTemplate\":\"https:\\\/\\\/mmkriepas.lv\\\/en\\\/?s={search_term_string}\"},\"query-input\":{\"@type\":\"PropertyValueSpecification\",\"valueRequired\":true,\"valueName\":\"search_term_string\"}}],\"inLanguage\":\"en-US\"},{\"@type\":\"ImageObject\",\"inLanguage\":\"en-US\",\"@id\":\"https:\\\/\\\/mmkriepas.lv\\\/en\\\/p\\\/195-65r15-marshal-matrac-fx-mh12-91v-dot19\\\/#local-main-organization-logo\",\"url\":\"\",\"contentUrl\":\"\",\"caption\":\"MMK Riepas\"}]}<\/script>\n<meta property=\"product:brand\" content=\"Marshal MH12\" \/>\n<meta property=\"product:price:amount\" content=\"35.00\" \/>\n<meta property=\"product:price:currency\" content=\"EUR\" \/>\n<meta property=\"og:availability\" content=\"out of stock\" \/>\n<meta property=\"product:availability\" content=\"out of stock\" \/>\n<meta property=\"product:retailer_item_id\" content=\"TS1956515MARSH-158\" \/>\n<meta property=\"product:condition\" content=\"new\" \/>\n<!-- \/ Yoast SEO Premium plugin. -->","yoast_head_json":{"title":"195\/65R15 Marshal Matrac FX MH12 91V DOT (Kumho) &#8226; MMK Riepas","robots":{"index":"index","follow":"follow","max-snippet":"max-snippet:-1","max-image-preview":"max-image-preview:large","max-video-preview":"max-video-preview:-1"},"canonical":"https:\/\/mmkriepas.lv\/en\/p\/195-65r15-marshal-matrac-fx-mh12-91v-dot19\/","og_locale":"en_US","og_type":"article","og_title":"195\/65R15 Marshal Matrac FX MH12 91V DOT (Kumho)","og_description":"Vasaras riepas MarshalRiepu ra\u017eot\u0101js un modelis: Marshal Matrac FX MH12MMK Serviss nov\u0113rt\u0113jums: ''Augstas klases riepas ar teicamiem r\u0101d\u012bt\u0101jiem un\u00a0krietni labaku cenu k\u0101 premium klasei'' Marshal ir viens no liel\u0101kajiem riepu ra\u017eot\u0101jiem pasaul\u0113, \u0161obr\u012bd ierindojas viet\u0101 Nr.8. Marshal k\u0101 ra\u017eot\u0101js klasific\u0113jas vid\u0113j\u0101 klas\u0113 kop\u0101 ar Yokohama, Falken, Hankook, Lassa u.c. tom\u0113r pieredze r\u0101da, ka kvalit\u0101te neatpaliek no pasaules top riep\u0101m. Premium kvalit\u0101te par vid\u0113j\u0101s klases cenu.","og_url":"https:\/\/mmkriepas.lv\/en\/p\/195-65r15-marshal-matrac-fx-mh12-91v-dot19\/","og_site_name":"MMK Riepas","article_publisher":"https:\/\/www.facebook.com\/mmkserviss\/","article_modified_time":"2025-03-07T14:44:11+00:00","og_image":[{"width":1920,"height":1278,"url":"https:\/\/mmkriepas.lv\/wp-content\/uploads\/2022\/03\/18560r15-marshal-mh12-84h-dot19.jpg","type":"image\/jpeg"}],"twitter_card":"summary_large_image","twitter_misc":{"Price":"&euro;35.00","Availability":"Out of stock"},"schema":{"@context":"https:\/\/schema.org","@graph":[{"@type":"WebPage","@id":"https:\/\/mmkriepas.lv\/en\/p\/195-65r15-marshal-matrac-fx-mh12-91v-dot19\/","url":"https:\/\/mmkriepas.lv\/en\/p\/195-65r15-marshal-matrac-fx-mh12-91v-dot19\/","name":"195\/65R15 Marshal Matrac FX MH12 91V DOT (Kumho) &#8226; MMK Riepas","isPartOf":{"@id":"https:\/\/mmkriepas.lv\/en\/#website"},"primaryImageOfPage":{"@id":"https:\/\/mmkriepas.lv\/en\/p\/195-65r15-marshal-matrac-fx-mh12-91v-dot19\/#primaryimage"},"image":{"@id":"https:\/\/mmkriepas.lv\/en\/p\/195-65r15-marshal-matrac-fx-mh12-91v-dot19\/#primaryimage"},"thumbnailUrl":"https:\/\/mmkriepas.lv\/wp-content\/uploads\/2022\/03\/18560r15-marshal-mh12-84h-dot19.jpg","datePublished":"2021-03-30T14:52:07+00:00","dateModified":"2025-03-07T14:44:11+00:00","breadcrumb":{"@id":"https:\/\/mmkriepas.lv\/en\/p\/195-65r15-marshal-matrac-fx-mh12-91v-dot19\/#breadcrumb"},"inLanguage":"en-US","potentialAction":[{"@type":"ReadAction","target":["https:\/\/mmkriepas.lv\/en\/p\/195-65r15-marshal-matrac-fx-mh12-91v-dot19\/"]}]},{"@type":"ImageObject","inLanguage":"en-US","@id":"https:\/\/mmkriepas.lv\/en\/p\/195-65r15-marshal-matrac-fx-mh12-91v-dot19\/#primaryimage","url":"https:\/\/mmkriepas.lv\/wp-content\/uploads\/2022\/03\/18560r15-marshal-mh12-84h-dot19.jpg","contentUrl":"https:\/\/mmkriepas.lv\/wp-content\/uploads\/2022\/03\/18560r15-marshal-mh12-84h-dot19.jpg","width":1920,"height":1278,"caption":"Marshal MATRAC FX MH12Marshal MATRAC FX MH12"},{"@type":"BreadcrumbList","@id":"https:\/\/mmkriepas.lv\/en\/p\/195-65r15-marshal-matrac-fx-mh12-91v-dot19\/#breadcrumb","itemListElement":[{"@type":"ListItem","position":1,"name":"S\u0101kums","item":"https:\/\/mmkriepas.lv\/en\/"},{"@type":"ListItem","position":2,"name":"195\/65R15 Marshal Matrac FX MH12 91V DOT (Kumho)"}]},{"@type":"WebSite","@id":"https:\/\/mmkriepas.lv\/en\/#website","url":"https:\/\/mmkriepas.lv\/en\/","name":"MMK Riepas","description":"MMK Riepas","alternateName":"MMK Riepu Serviss","potentialAction":[{"@type":"SearchAction","target":{"@type":"EntryPoint","urlTemplate":"https:\/\/mmkriepas.lv\/en\/?s={search_term_string}"},"query-input":{"@type":"PropertyValueSpecification","valueRequired":true,"valueName":"search_term_string"}}],"inLanguage":"en-US"},{"@type":"ImageObject","inLanguage":"en-US","@id":"https:\/\/mmkriepas.lv\/en\/p\/195-65r15-marshal-matrac-fx-mh12-91v-dot19\/#local-main-organization-logo","url":"","contentUrl":"","caption":"MMK Riepas"}]},"product_brand":"Marshal MH12","product_price_amount":"35.00","product_price_currency":"EUR","og_availability":"out of stock","product_availability":"out of stock","product_retailer_item_id":"TS1956515MARSH-158","product_condition":"new"},"_links":{"self":[{"href":"https:\/\/mmkriepas.lv\/en\/wp-json\/wp\/v2\/product\/177119","targetHints":{"allow":["GET"]}}],"collection":[{"href":"https:\/\/mmkriepas.lv\/en\/wp-json\/wp\/v2\/product"}],"about":[{"href":"https:\/\/mmkriepas.lv\/en\/wp-json\/wp\/v2\/types\/product"}],"wp:featuredmedia":[{"embeddable":true,"href":"https:\/\/mmkriepas.lv\/en\/wp-json\/wp\/v2\/media\/225510"}],"wp:attachment":[{"href":"https:\/\/mmkriepas.lv\/en\/wp-json\/wp\/v2\/media?parent=177119"}],"wp:term":[{"taxonomy":"product_brand","embeddable":true,"href":"https:\/\/mmkriepas.lv\/en\/wp-json\/wp\/v2\/product_brand?post=177119"},{"taxonomy":"product_cat","embeddable":true,"href":"https:\/\/mmkriepas.lv\/en\/wp-json\/wp\/v2\/product_cat?post=177119"},{"taxonomy":"product_tag","embeddable":true,"href":"https:\/\/mmkriepas.lv\/en\/wp-json\/wp\/v2\/product_tag?post=177119"}],"curies":[{"name":"wp","href":"https:\/\/api.w.org\/{rel}","templated":true}]}}