{"id":175515,"date":"2021-03-19T17:45:33","date_gmt":"2021-03-19T15:45:33","guid":{"rendered":"https:\/\/mmkserviss.lv\/?post_type=product&#038;p=175515"},"modified":"2026-03-27T23:38:23","modified_gmt":"2026-03-27T21:38:23","slug":"265-50r20-hifly-vigorous-hp801-111v","status":"publish","type":"product","link":"https:\/\/mmkriepas.lv\/en\/p\/265-50r20-hifly-vigorous-hp801-111v\/","title":{"rendered":"275\/40R20 Hifly Vigorous HP801 106W XL (Sunfull)"},"content":{"rendered":"<p><b>Hifly Vigorous HP801<\/b><span style=\"font-weight: 400;\"> ir vasaras riepu modelis, kas paredz\u0113ta gan krosoveriem, gan sporta klases apvidus auto jeb SUV. \u0160is riepu modelis izce\u013cas ar teicamu veiktsp\u0113ju gan uz sausa, gan slapja ce\u013ca seguma pat lielos brauk\u0161anas apst\u0101k\u013cos.<\/span><\/p>\n<h3><b>Hifly Vigorous HP801 galven\u0101s iez\u012bmes<\/b><\/h3>\n<p><span style=\"font-weight: 400;\">+ Zems akvaplan\u0113\u0161anas risks;<\/span> <span style=\"font-weight: 400;\">+ Uzlabots gumijas sast\u0101vs;<\/span> <span style=\"font-weight: 400;\">+ Att\u012bst\u012bta dren\u0101\u017eas kan\u0101lu sist\u0113ma;<\/span> <span style=\"font-weight: 400;\">+ Ar 3D model\u0113\u0161anas tehnolo\u0123iju veidots protektora dizains.<\/span><\/p>\n<h3><b>HP801 apr\u012bkojums<\/b><\/h3>\n<p><b>HP801 vasaras riepu modelis apr\u012bkots ar asimetrisku protektora rakstu, kas darin\u0101ts <\/b><span style=\"font-weight: 400;\">no augstas kvalit\u0101tes gumijas mais\u012bjuma. Gumijas sakaus\u0113jumam pievienoti ne tikai elastrom\u0113ri, kas uzlabo riepas veiktsp\u0113ju uz slapja asfalta, bet ar\u012b elementi, kas braucot pat liel\u0101 \u0101trum\u0101 samazina trok\u0161\u0146u l\u012bmeni, braucienu padarot klusu un komfortablu.<\/span> <span style=\"font-weight: 400;\">Starp asimetriski izvietotaj\u0101m protektora bloku virkn\u0113m izvietota augsti att\u012bst\u012bta dren\u0101\u017eas kan\u0101lu sist\u0113ma, kas no riepas kontakta virsmas ar ce\u013cu izvada visu lieko \u016bdeni, b\u016btiski samazinot akvaplan\u0113\u0161anas risku.<\/span> <span style=\"font-weight: 400;\">*Uzman\u012bbu:<\/span><span style=\"font-weight: 400;\"> vasaras riepas, kas ir ra\u017eotas \u0136\u012bn\u0101, var b\u016bt apz\u012bm\u0113tas ar apz\u012bm\u0113jumu M + S. J\u0101\u0146em ver\u0101, ka \u0136\u012bnas teritorija sniedzas da\u017e\u0101d\u0101s klimatiskaj\u0101s zon\u0101s, kur da\u017eviet metereolo\u0123isk\u0101 ziema t\u0101 ar\u012b neiest\u0101jas. L\u012bdz ar to, tur \u0161\u012bs riepas var izmantot visu gadu, kam\u0113r Latvij\u0101 tas nestr\u0101d\u0101!<\/span><\/p>\n<p><span style=\"font-weight: 400;\"><\/span><b>Hifly Vigorous HP801 &#8211; <\/b><span style=\"font-weight: 400;\">izcilas bud\u017eeta klases vasaras riepas Tavam SUV. Pieejams abos MMK Riepu Centros par vislab\u0101kaj\u0101m cen\u0101m!<\/span><\/p>\n","protected":false},"excerpt":{"rendered":"<p><b>Hifly Vigorous HP801<\/b><span style=\"font-weight: 400;\"> ir vasaras riepu modelis, kas paredz\u0113ta gan krosoveriem, gan sporta klases apvidus auto jeb SUV. \u0160is riepu modelis izce\u013cas ar teicamu veiktsp\u0113ju gan uz sausa, gan slapja ce\u013ca seguma pat lielos brauk\u0161anas apst\u0101k\u013cos.<\/span><\/p>\n","protected":false},"featured_media":861176,"template":"","meta":{"_acf_changed":false,"ngg_post_thumbnail":0},"product_brand":[],"product_cat":[23641],"product_tag":[],"class_list":{"0":"post-175515","1":"product","2":"type-product","3":"status-publish","4":"has-post-thumbnail","6":"product_cat-summer-tyres","8":"first","9":"instock","10":"sale","11":"taxable","12":"shipping-taxable","13":"purchasable","14":"product-type-simple"},"acf":[],"yoast_head":"<!-- This site is optimized with the Yoast SEO Premium plugin v22.6 (Yoast SEO v27.3) - https:\/\/yoast.com\/product\/yoast-seo-premium-wordpress\/ -->\n<title>275\/40R20 Hifly Vigorous HP801 106W XL (Sunfull) &#8226; MMK Riepas<\/title>\n<meta name=\"description\" content=\"Hifly Vigorous HP801 - izcilas bud\u017eeta klases vasaras riepas Tavam SUV. Pieejams abos MMK Riepu Centros par vislab\u0101kaj\u0101m cen\u0101m!\" \/>\n<meta name=\"robots\" content=\"index, follow, max-snippet:-1, max-image-preview:large, max-video-preview:-1\" \/>\n<link rel=\"canonical\" href=\"https:\/\/mmkriepas.lv\/en\/p\/265-50r20-hifly-vigorous-hp801-111v\/\" \/>\n<meta property=\"og:locale\" content=\"en_US\" \/>\n<meta property=\"og:type\" content=\"article\" \/>\n<meta property=\"og:title\" content=\"275\/40R20 Hifly Vigorous HP801 106W XL (Sunfull)\" \/>\n<meta property=\"og:description\" content=\"Hifly Vigorous HP801 - izcilas bud\u017eeta klases vasaras riepas Tavam SUV. Pieejams abos MMK Riepu Centros par vislab\u0101kaj\u0101m cen\u0101m!\" \/>\n<meta property=\"og:url\" content=\"https:\/\/mmkriepas.lv\/en\/p\/265-50r20-hifly-vigorous-hp801-111v\/\" \/>\n<meta property=\"og:site_name\" content=\"MMK Riepas\" \/>\n<meta property=\"article:publisher\" content=\"https:\/\/www.facebook.com\/mmkserviss\/\" \/>\n<meta property=\"article:modified_time\" content=\"2026-03-27T21:38:23+00:00\" \/>\n<meta property=\"og:image\" content=\"https:\/\/mmkriepas.lv\/wp-content\/uploads\/2024\/02\/23560r18-hifly-vigorous-hp801-107v-xl-vasaras-riepas.jpg\" \/>\n\t<meta property=\"og:image:width\" content=\"1920\" \/>\n\t<meta property=\"og:image:height\" content=\"1440\" \/>\n\t<meta property=\"og:image:type\" content=\"image\/jpeg\" \/>\n<meta name=\"twitter:card\" content=\"summary_large_image\" \/>\n<meta name=\"twitter:label1\" content=\"Price\" \/>\n\t<meta name=\"twitter:data1\" content=\"&euro;78.00\" \/>\n\t<meta name=\"twitter:label2\" content=\"Availability\" \/>\n\t<meta name=\"twitter:data2\" content=\"In stock\" \/>\n<script type=\"application\/ld+json\" class=\"yoast-schema-graph\">{\"@context\":\"https:\\\/\\\/schema.org\",\"@graph\":[{\"@type\":\"WebPage\",\"@id\":\"https:\\\/\\\/mmkriepas.lv\\\/en\\\/p\\\/265-50r20-hifly-vigorous-hp801-111v\\\/\",\"url\":\"https:\\\/\\\/mmkriepas.lv\\\/en\\\/p\\\/265-50r20-hifly-vigorous-hp801-111v\\\/\",\"name\":\"275\\\/40R20 Hifly Vigorous HP801 106W XL (Sunfull) &#8226; MMK Riepas\",\"isPartOf\":{\"@id\":\"https:\\\/\\\/mmkriepas.lv\\\/en\\\/#website\"},\"primaryImageOfPage\":{\"@id\":\"https:\\\/\\\/mmkriepas.lv\\\/en\\\/p\\\/265-50r20-hifly-vigorous-hp801-111v\\\/#primaryimage\"},\"image\":{\"@id\":\"https:\\\/\\\/mmkriepas.lv\\\/en\\\/p\\\/265-50r20-hifly-vigorous-hp801-111v\\\/#primaryimage\"},\"thumbnailUrl\":\"https:\\\/\\\/mmkriepas.lv\\\/wp-content\\\/uploads\\\/2024\\\/02\\\/23560r18-hifly-vigorous-hp801-107v-xl-vasaras-riepas.jpg\",\"datePublished\":\"2021-03-19T15:45:33+00:00\",\"dateModified\":\"2026-03-27T21:38:23+00:00\",\"description\":\"Hifly Vigorous HP801 - izcilas bud\u017eeta klases vasaras riepas Tavam SUV. Pieejams abos MMK Riepu Centros par vislab\u0101kaj\u0101m cen\u0101m!\",\"breadcrumb\":{\"@id\":\"https:\\\/\\\/mmkriepas.lv\\\/en\\\/p\\\/265-50r20-hifly-vigorous-hp801-111v\\\/#breadcrumb\"},\"inLanguage\":\"en-US\",\"potentialAction\":[{\"@type\":\"ReadAction\",\"target\":[\"https:\\\/\\\/mmkriepas.lv\\\/en\\\/p\\\/265-50r20-hifly-vigorous-hp801-111v\\\/\"]}]},{\"@type\":\"ImageObject\",\"inLanguage\":\"en-US\",\"@id\":\"https:\\\/\\\/mmkriepas.lv\\\/en\\\/p\\\/265-50r20-hifly-vigorous-hp801-111v\\\/#primaryimage\",\"url\":\"https:\\\/\\\/mmkriepas.lv\\\/wp-content\\\/uploads\\\/2024\\\/02\\\/23560r18-hifly-vigorous-hp801-107v-xl-vasaras-riepas.jpg\",\"contentUrl\":\"https:\\\/\\\/mmkriepas.lv\\\/wp-content\\\/uploads\\\/2024\\\/02\\\/23560r18-hifly-vigorous-hp801-107v-xl-vasaras-riepas.jpg\",\"width\":1920,\"height\":1440,\"caption\":\"235\\\/60R18 Hifly Vigorous HP801 107V XL - Vasaras riepas\"},{\"@type\":\"BreadcrumbList\",\"@id\":\"https:\\\/\\\/mmkriepas.lv\\\/en\\\/p\\\/265-50r20-hifly-vigorous-hp801-111v\\\/#breadcrumb\",\"itemListElement\":[{\"@type\":\"ListItem\",\"position\":1,\"name\":\"S\u0101kums\",\"item\":\"https:\\\/\\\/mmkriepas.lv\\\/en\\\/\"},{\"@type\":\"ListItem\",\"position\":2,\"name\":\"275\\\/40R20 Hifly Vigorous HP801 106W XL (Sunfull)\"}]},{\"@type\":\"WebSite\",\"@id\":\"https:\\\/\\\/mmkriepas.lv\\\/en\\\/#website\",\"url\":\"https:\\\/\\\/mmkriepas.lv\\\/en\\\/\",\"name\":\"MMK Riepas\",\"description\":\"MMK Riepas\",\"alternateName\":\"MMK Riepu Serviss\",\"potentialAction\":[{\"@type\":\"SearchAction\",\"target\":{\"@type\":\"EntryPoint\",\"urlTemplate\":\"https:\\\/\\\/mmkriepas.lv\\\/en\\\/?s={search_term_string}\"},\"query-input\":{\"@type\":\"PropertyValueSpecification\",\"valueRequired\":true,\"valueName\":\"search_term_string\"}}],\"inLanguage\":\"en-US\"},{\"@type\":\"ImageObject\",\"inLanguage\":\"en-US\",\"@id\":\"https:\\\/\\\/mmkriepas.lv\\\/en\\\/p\\\/265-50r20-hifly-vigorous-hp801-111v\\\/#local-main-organization-logo\",\"url\":\"\",\"contentUrl\":\"\",\"caption\":\"MMK Riepas\"}]}<\/script>\n<meta property=\"product:brand\" content=\"Hifly Vigorous HP801\" \/>\n<meta property=\"product:price:amount\" content=\"78.00\" \/>\n<meta property=\"product:price:currency\" content=\"EUR\" \/>\n<meta property=\"og:availability\" content=\"instock\" \/>\n<meta property=\"product:availability\" content=\"instock\" \/>\n<meta property=\"product:retailer_item_id\" content=\"TS2754020HIFLY-38119\" \/>\n<meta property=\"product:condition\" content=\"new\" \/>\n<!-- \/ Yoast SEO Premium plugin. -->","yoast_head_json":{"title":"275\/40R20 Hifly Vigorous HP801 106W XL (Sunfull) &#8226; MMK Riepas","description":"Hifly Vigorous HP801 - izcilas bud\u017eeta klases vasaras riepas Tavam SUV. Pieejams abos MMK Riepu Centros par vislab\u0101kaj\u0101m cen\u0101m!","robots":{"index":"index","follow":"follow","max-snippet":"max-snippet:-1","max-image-preview":"max-image-preview:large","max-video-preview":"max-video-preview:-1"},"canonical":"https:\/\/mmkriepas.lv\/en\/p\/265-50r20-hifly-vigorous-hp801-111v\/","og_locale":"en_US","og_type":"article","og_title":"275\/40R20 Hifly Vigorous HP801 106W XL (Sunfull)","og_description":"Hifly Vigorous HP801 - izcilas bud\u017eeta klases vasaras riepas Tavam SUV. Pieejams abos MMK Riepu Centros par vislab\u0101kaj\u0101m cen\u0101m!","og_url":"https:\/\/mmkriepas.lv\/en\/p\/265-50r20-hifly-vigorous-hp801-111v\/","og_site_name":"MMK Riepas","article_publisher":"https:\/\/www.facebook.com\/mmkserviss\/","article_modified_time":"2026-03-27T21:38:23+00:00","og_image":[{"width":1920,"height":1440,"url":"https:\/\/mmkriepas.lv\/wp-content\/uploads\/2024\/02\/23560r18-hifly-vigorous-hp801-107v-xl-vasaras-riepas.jpg","type":"image\/jpeg"}],"twitter_card":"summary_large_image","twitter_misc":{"Price":"&euro;78.00","Availability":"In stock"},"schema":{"@context":"https:\/\/schema.org","@graph":[{"@type":"WebPage","@id":"https:\/\/mmkriepas.lv\/en\/p\/265-50r20-hifly-vigorous-hp801-111v\/","url":"https:\/\/mmkriepas.lv\/en\/p\/265-50r20-hifly-vigorous-hp801-111v\/","name":"275\/40R20 Hifly Vigorous HP801 106W XL (Sunfull) &#8226; MMK Riepas","isPartOf":{"@id":"https:\/\/mmkriepas.lv\/en\/#website"},"primaryImageOfPage":{"@id":"https:\/\/mmkriepas.lv\/en\/p\/265-50r20-hifly-vigorous-hp801-111v\/#primaryimage"},"image":{"@id":"https:\/\/mmkriepas.lv\/en\/p\/265-50r20-hifly-vigorous-hp801-111v\/#primaryimage"},"thumbnailUrl":"https:\/\/mmkriepas.lv\/wp-content\/uploads\/2024\/02\/23560r18-hifly-vigorous-hp801-107v-xl-vasaras-riepas.jpg","datePublished":"2021-03-19T15:45:33+00:00","dateModified":"2026-03-27T21:38:23+00:00","description":"Hifly Vigorous HP801 - izcilas bud\u017eeta klases vasaras riepas Tavam SUV. Pieejams abos MMK Riepu Centros par vislab\u0101kaj\u0101m cen\u0101m!","breadcrumb":{"@id":"https:\/\/mmkriepas.lv\/en\/p\/265-50r20-hifly-vigorous-hp801-111v\/#breadcrumb"},"inLanguage":"en-US","potentialAction":[{"@type":"ReadAction","target":["https:\/\/mmkriepas.lv\/en\/p\/265-50r20-hifly-vigorous-hp801-111v\/"]}]},{"@type":"ImageObject","inLanguage":"en-US","@id":"https:\/\/mmkriepas.lv\/en\/p\/265-50r20-hifly-vigorous-hp801-111v\/#primaryimage","url":"https:\/\/mmkriepas.lv\/wp-content\/uploads\/2024\/02\/23560r18-hifly-vigorous-hp801-107v-xl-vasaras-riepas.jpg","contentUrl":"https:\/\/mmkriepas.lv\/wp-content\/uploads\/2024\/02\/23560r18-hifly-vigorous-hp801-107v-xl-vasaras-riepas.jpg","width":1920,"height":1440,"caption":"235\/60R18 Hifly Vigorous HP801 107V XL - Vasaras riepas"},{"@type":"BreadcrumbList","@id":"https:\/\/mmkriepas.lv\/en\/p\/265-50r20-hifly-vigorous-hp801-111v\/#breadcrumb","itemListElement":[{"@type":"ListItem","position":1,"name":"S\u0101kums","item":"https:\/\/mmkriepas.lv\/en\/"},{"@type":"ListItem","position":2,"name":"275\/40R20 Hifly Vigorous HP801 106W XL (Sunfull)"}]},{"@type":"WebSite","@id":"https:\/\/mmkriepas.lv\/en\/#website","url":"https:\/\/mmkriepas.lv\/en\/","name":"MMK Riepas","description":"MMK Riepas","alternateName":"MMK Riepu Serviss","potentialAction":[{"@type":"SearchAction","target":{"@type":"EntryPoint","urlTemplate":"https:\/\/mmkriepas.lv\/en\/?s={search_term_string}"},"query-input":{"@type":"PropertyValueSpecification","valueRequired":true,"valueName":"search_term_string"}}],"inLanguage":"en-US"},{"@type":"ImageObject","inLanguage":"en-US","@id":"https:\/\/mmkriepas.lv\/en\/p\/265-50r20-hifly-vigorous-hp801-111v\/#local-main-organization-logo","url":"","contentUrl":"","caption":"MMK Riepas"}]},"product_brand":"Hifly Vigorous HP801","product_price_amount":"78.00","product_price_currency":"EUR","og_availability":"instock","product_availability":"instock","product_retailer_item_id":"TS2754020HIFLY-38119","product_condition":"new"},"_links":{"self":[{"href":"https:\/\/mmkriepas.lv\/en\/wp-json\/wp\/v2\/product\/175515","targetHints":{"allow":["GET"]}}],"collection":[{"href":"https:\/\/mmkriepas.lv\/en\/wp-json\/wp\/v2\/product"}],"about":[{"href":"https:\/\/mmkriepas.lv\/en\/wp-json\/wp\/v2\/types\/product"}],"wp:featuredmedia":[{"embeddable":true,"href":"https:\/\/mmkriepas.lv\/en\/wp-json\/wp\/v2\/media\/861176"}],"wp:attachment":[{"href":"https:\/\/mmkriepas.lv\/en\/wp-json\/wp\/v2\/media?parent=175515"}],"wp:term":[{"taxonomy":"product_brand","embeddable":true,"href":"https:\/\/mmkriepas.lv\/en\/wp-json\/wp\/v2\/product_brand?post=175515"},{"taxonomy":"product_cat","embeddable":true,"href":"https:\/\/mmkriepas.lv\/en\/wp-json\/wp\/v2\/product_cat?post=175515"},{"taxonomy":"product_tag","embeddable":true,"href":"https:\/\/mmkriepas.lv\/en\/wp-json\/wp\/v2\/product_tag?post=175515"}],"curies":[{"name":"wp","href":"https:\/\/api.w.org\/{rel}","templated":true}]}}