{"id":175380,"date":"2021-03-19T13:56:01","date_gmt":"2021-03-19T11:56:01","guid":{"rendered":"https:\/\/mmkserviss.lv\/?post_type=product&#038;p=175380"},"modified":"2024-06-18T11:34:59","modified_gmt":"2024-06-18T08:34:59","slug":"225-45r17-uniroyal-rainsport-5-91y","status":"publish","type":"product","link":"https:\/\/mmkriepas.lv\/en\/p\/225-45r17-uniroyal-rainsport-5-91y\/","title":{"rendered":"225\/45R17 Uniroyal Rainsport 5 91Y"},"content":{"rendered":"<p><b>Uniroyal Rainsport 5<\/b><span style=\"font-weight: 400;\"> ir viens no, ja ne vispilnveidot\u0101kais vasaras lietus riepu modelis, kas pieejams ik katram pat\u0113r\u0113t\u0101jam. \u0160is riepu modelis izce\u013cas ar neticami labu sa\u0137eri uz slapja asfalta, nodro\u0161inot zemu akvaplan\u0113\u0161anas risku pat lielos brauk\u0161anas \u0101trumos.<\/span><\/p>\n<h3><b>Uniroyal Rainsport 5 galven\u0101s iez\u012bmes:<\/b><\/h3>\n<p><span style=\"font-weight: 400;\">+ \u013boti zems akvaplan\u0113\u0161anas risks pat lielos brauk\u0161anas \u0101trumos;<\/span> <span style=\"font-weight: 400;\">+ Degvielas ekonomija;<\/span> <span style=\"font-weight: 400;\">+ Lieliska sa\u0137ere ar\u012b uz slapja asfalta;<\/span> <span style=\"font-weight: 400;\">+ Akustiskais komforts;<\/span> <span style=\"font-weight: 400;\">+ \u013boti augsts cenas un veiktsp\u0113jas koeficents;<\/span> <span style=\"font-weight: 400;\">+ Riepu mode\u013ca izstr\u0101d\u0113 izmantotas jaun\u0101kie tehnolo\u0123iskie risin\u0101jumi, k\u0101 piem\u0113ram Sharkskin tehnolo\u0123ija;<\/span> <span style=\"font-weight: 400;\">+ Riepas ra\u017eotas V\u0101cij\u0101!<\/span><\/p>\n<h3><b>Uniroyal Rainsport 5 apr\u012bkojums<\/b><\/h3>\n<p><span style=\"font-weight: 400;\">Uniroyal Rainsport 5 riepas apr\u012bkotas ar asimetrisku protektora rakstu, kas sev\u012b ietver ar\u012b virzienveida iez\u012bmes, pavienojot abu dizainu lab\u0101k\u0101s \u012bpa\u0161\u012bbas. Asimetriskais protektora raksts nodro\u0161ina lab\u0101ku akustisko komfortu, k\u0101 ar\u012b pazemina degvielas pat\u0113ri\u0146u, bet virzienveida &#8211; uzlabo sa\u0137eri ar slapju ce\u013ca segumi, pazeminot akvaplan\u0113\u0161anas risku.<\/span> <span style=\"font-weight: 400;\">Protektors, p\u0113c lab\u0101kajiem V\u0101cu in\u017eenierijas standartiem, izgatavots no augst\u0101k\u0101s klases gumijas mais\u012bjuma, kas ne tikai saglab\u0101 formu un elast\u012bbu pla\u0161\u0101 temperat\u016bru diapazon\u0101, bet ar\u012b sl\u0101p\u0113 ska\u0146u, pazemina degvielas pat\u0113ri\u0146u un uzlabo sa\u0137eri ar ce\u013cu.<\/span><\/p>\n<h3><b>Sharkskin tehnolo\u0123ija<\/b><\/h3>\n<p><span style=\"font-weight: 400;\">Sharkskin jeb &#8220;haizivs \u0101das&#8221; tehnolo\u0123ija izveidota, balstoties uz haizivs zv\u012b\u0146u strukt\u016bru. Zin\u0101tnieki atkl\u0101ju\u0161i, ka oke\u0101na paz\u012bstam\u0101k\u0101s un b\u012bstam\u0101k\u0101s pl\u0113so\u0146as \u016bden\u012b sp\u0113j att\u012bst\u012bt pat 74 km\/h lielu \u0101trumu, pateicoties unik\u0101lai zv\u012b\u0146u strukt\u016brai. \u0160\u0101du reljefu in\u017eenieri, veidojot Uniroyal Rainsport 5, integr\u0113ju\u0161i riepas dren\u0101\u017eas sist\u0113mas virsm\u0101, padarot \u0161o riepu modeli par vienu no, ja ne visnotur\u012bg\u0101kajiem pret akvaplan\u0113\u0161anu.<\/span> <span style=\"font-weight: 400;\">Uniroyal k\u0101 z\u012bmols riepu tirg\u016b paz\u012bstams jau vair\u0101k k\u0101 125 gadus un izl\u0113mis koncentr\u0113ties tie\u0161i uz lietus riepu ra\u017eo\u0161anu.&nbsp;<\/span><\/p>\n<h3><b>Lietus riepas<\/b><\/h3>\n<p><span style=\"font-weight: 400;\">Lietus riepas taut\u0101 paz\u012bstamas, pateicoties Formula1 autosac\u012bkst\u0113m, kur \u0161\u0101das riepas var no riepas kontakta virsmas ar ce\u013cu izvad\u012bt l\u012bdz pat 65 litriem \u016bdens sekund\u0113. Lietus laik\u0101, sac\u012bkstes, kur\u0101s piloti nereti p\u0101rvietojas ar 300 km\/h, bez lietus riep\u0101m past\u0101v\u0113t nevar\u0113tu, palielin\u0101ta akvaplan\u0113\u0161anas riska d\u0113\u013c Izv\u0113loties Uniroyal Rainsport 5, ik katram pieejamas riepas, kas samazina akvaplan\u0113\u0161anas risku l\u012bdz minimumam.<\/span><\/p>\n<h3><b>Akvaplan\u0113\u0161ana<\/b><\/h3>\n<p><span style=\"font-weight: 400;\">Akvaplan\u0113\u0161ana ir b\u012bstams fenomens, kas rodas stipra lietus, nepareizi izv\u0113l\u0113ta \u0101truma un nepietiekami laba riepu un ce\u013ca virsmas st\u0101vok\u013ca d\u0113\u013c. \u0160\u012b par\u0101d\u012bba piel\u012bdzin\u0101ma sl\u012bd\u0113\u0161anai pa ledu un rodas, kad \u016bdens riepu priek\u0161\u0101 uzkr\u0101jas \u0101tr\u0101k, nek\u0101 auto svars to var izspiest pa riepas dren\u0101\u017eas kan\u0101liem. T\u0101d\u0113j\u0101di, izveidojas \u016bdens k\u0101rta zem riepas, liekot auto, l\u012bdz\u012bgi k\u0101 ar \u016bdenssl\u0113p\u0113m, sl\u012bd\u0113t pa \u016bdens virsmu.&nbsp; Uniroyal Rainsport 5 riepas \u0161o risku samazina l\u012bdz minimumam.<\/span><\/p>\n<p><b>*Uzman\u012bbu:<\/b><span style=\"font-weight: 400;\"> Uz <a href=\"https:\/\/mmkriepas.lv\/riepas\/vasaras-riepas\/\">vasaras riepu<\/a> s\u0101nu bortiem var b\u016bt apz\u012bm\u0113jums M+S. \u0160is apz\u012bm\u0113jums nenoz\u012bm\u0113, ka t\u0101s ir M+S riepas un nav paredz\u0113ts ekspluat\u0113t Latvijas ziemas apst\u0101k\u013cos, bet gan tikai vasaras sezon\u0101! S\u012bk\u0101k par \u0161o un citiem apz\u012bm\u0113jumu dro\u0161i jaut\u0101jiet MMK Riepu Serviss speci\u0101listiem.&nbsp;<\/span><\/p>\n<p><span style=\"font-weight: 400;\"><\/span><b>Uniroyal Rainsport 5 &#8211; <\/b><span style=\"font-weight: 400;\">iesp\u0113jams lab\u0101k\u0101s lietus riepas, k\u0101das izveidotas. Pieejamas abos MMK Riepu Centros par vislab\u0101kaj\u0101m cen\u0101m!<\/span><\/p>\n","protected":false},"excerpt":{"rendered":"<p><b>Uniroyal Rainsport 5<\/b><span style=\"font-weight: 400;\"> ir viens no, ja ne vispilnveidot\u0101kais vasaras lietus riepu modelis, kas pieejams ik katram pat\u0113r\u0113t\u0101jam. \u0160is riepu modelis izce\u013cas ar neticami labu sa\u0137eri uz slapja asfalta, nodro\u0161inot zemu akvaplan\u0113\u0161anas risku pat lielos brauk\u0161anas \u0101trumos.<\/span><\/p>\n","protected":false},"featured_media":175372,"template":"","meta":{"_acf_changed":false,"ngg_post_thumbnail":0},"product_brand":[],"product_cat":[46],"product_tag":[],"class_list":{"0":"post-175380","1":"product","2":"type-product","3":"status-publish","4":"has-post-thumbnail","6":"product_cat-vasaras-riepas","8":"first","9":"instock","10":"sale","11":"taxable","12":"shipping-taxable","13":"product-type-simple"},"acf":[],"yoast_head":"<!-- This site is optimized with the Yoast SEO Premium plugin v22.6 (Yoast SEO v27.3) - https:\/\/yoast.com\/product\/yoast-seo-premium-wordpress\/ -->\n<title>225\/45R17 Uniroyal Rainsport 5 91Y &#8226; MMK Riepas<\/title>\n<meta name=\"description\" content=\"Uniroyal Rainsport 5 - iesp\u0113jams lab\u0101k\u0101s lietus riepas, k\u0101das izveidotas. Pieejamas abos MMK Riepu Centros par vislab\u0101kaj\u0101m cen\u0101m!\" \/>\n<meta name=\"robots\" content=\"index, follow, max-snippet:-1, max-image-preview:large, max-video-preview:-1\" \/>\n<link rel=\"canonical\" href=\"https:\/\/mmkriepas.lv\/en\/p\/225-45r17-uniroyal-rainsport-5-91y\/\" \/>\n<meta property=\"og:locale\" content=\"en_US\" \/>\n<meta property=\"og:type\" content=\"article\" \/>\n<meta property=\"og:title\" content=\"225\/45R17 Uniroyal Rainsport 5 91Y\" \/>\n<meta property=\"og:description\" content=\"Uniroyal Rainsport 5 - iesp\u0113jams lab\u0101k\u0101s lietus riepas, k\u0101das izveidotas. Pieejamas abos MMK Riepu Centros par vislab\u0101kaj\u0101m cen\u0101m!\" \/>\n<meta property=\"og:url\" content=\"https:\/\/mmkriepas.lv\/en\/p\/225-45r17-uniroyal-rainsport-5-91y\/\" \/>\n<meta property=\"og:site_name\" content=\"MMK Riepas\" \/>\n<meta property=\"article:publisher\" content=\"https:\/\/www.facebook.com\/mmkserviss\/\" \/>\n<meta property=\"article:modified_time\" content=\"2024-06-18T08:34:59+00:00\" \/>\n<meta property=\"og:image\" content=\"https:\/\/mmkriepas.lv\/wp-content\/uploads\/2021\/03\/22545r17-uniroyal-rainsport-5-91y-vasaras-riepas.jpeg\" \/>\n\t<meta property=\"og:image:width\" content=\"1600\" \/>\n\t<meta property=\"og:image:height\" content=\"1091\" \/>\n\t<meta property=\"og:image:type\" content=\"image\/jpeg\" \/>\n<meta name=\"twitter:card\" content=\"summary_large_image\" \/>\n<meta name=\"twitter:label1\" content=\"Price\" \/>\n\t<meta name=\"twitter:data1\" content=\"&euro;102.00\" \/>\n\t<meta name=\"twitter:label2\" content=\"Availability\" \/>\n\t<meta name=\"twitter:data2\" content=\"In stock\" \/>\n<script type=\"application\/ld+json\" class=\"yoast-schema-graph\">{\"@context\":\"https:\\\/\\\/schema.org\",\"@graph\":[{\"@type\":\"WebPage\",\"@id\":\"https:\\\/\\\/mmkriepas.lv\\\/en\\\/p\\\/225-45r17-uniroyal-rainsport-5-91y\\\/\",\"url\":\"https:\\\/\\\/mmkriepas.lv\\\/en\\\/p\\\/225-45r17-uniroyal-rainsport-5-91y\\\/\",\"name\":\"225\\\/45R17 Uniroyal Rainsport 5 91Y &#8226; MMK Riepas\",\"isPartOf\":{\"@id\":\"https:\\\/\\\/mmkriepas.lv\\\/en\\\/#website\"},\"primaryImageOfPage\":{\"@id\":\"https:\\\/\\\/mmkriepas.lv\\\/en\\\/p\\\/225-45r17-uniroyal-rainsport-5-91y\\\/#primaryimage\"},\"image\":{\"@id\":\"https:\\\/\\\/mmkriepas.lv\\\/en\\\/p\\\/225-45r17-uniroyal-rainsport-5-91y\\\/#primaryimage\"},\"thumbnailUrl\":\"https:\\\/\\\/mmkriepas.lv\\\/wp-content\\\/uploads\\\/2021\\\/03\\\/22545r17-uniroyal-rainsport-5-91y-vasaras-riepas.jpeg\",\"datePublished\":\"2021-03-19T11:56:01+00:00\",\"dateModified\":\"2024-06-18T08:34:59+00:00\",\"description\":\"Uniroyal Rainsport 5 - iesp\u0113jams lab\u0101k\u0101s lietus riepas, k\u0101das izveidotas. Pieejamas abos MMK Riepu Centros par vislab\u0101kaj\u0101m cen\u0101m!\",\"breadcrumb\":{\"@id\":\"https:\\\/\\\/mmkriepas.lv\\\/en\\\/p\\\/225-45r17-uniroyal-rainsport-5-91y\\\/#breadcrumb\"},\"inLanguage\":\"en-US\",\"potentialAction\":[{\"@type\":\"ReadAction\",\"target\":[\"https:\\\/\\\/mmkriepas.lv\\\/en\\\/p\\\/225-45r17-uniroyal-rainsport-5-91y\\\/\"]}]},{\"@type\":\"ImageObject\",\"inLanguage\":\"en-US\",\"@id\":\"https:\\\/\\\/mmkriepas.lv\\\/en\\\/p\\\/225-45r17-uniroyal-rainsport-5-91y\\\/#primaryimage\",\"url\":\"https:\\\/\\\/mmkriepas.lv\\\/wp-content\\\/uploads\\\/2021\\\/03\\\/22545r17-uniroyal-rainsport-5-91y-vasaras-riepas.jpeg\",\"contentUrl\":\"https:\\\/\\\/mmkriepas.lv\\\/wp-content\\\/uploads\\\/2021\\\/03\\\/22545r17-uniroyal-rainsport-5-91y-vasaras-riepas.jpeg\",\"width\":1600,\"height\":1091,\"caption\":\"225\\\/45R17 Uniroyal Rainsport 5 91Y - Vasaras riepas\"},{\"@type\":\"BreadcrumbList\",\"@id\":\"https:\\\/\\\/mmkriepas.lv\\\/en\\\/p\\\/225-45r17-uniroyal-rainsport-5-91y\\\/#breadcrumb\",\"itemListElement\":[{\"@type\":\"ListItem\",\"position\":1,\"name\":\"S\u0101kums\",\"item\":\"https:\\\/\\\/mmkriepas.lv\\\/en\\\/\"},{\"@type\":\"ListItem\",\"position\":2,\"name\":\"225\\\/45R17 Uniroyal Rainsport 5 91Y\"}]},{\"@type\":\"WebSite\",\"@id\":\"https:\\\/\\\/mmkriepas.lv\\\/en\\\/#website\",\"url\":\"https:\\\/\\\/mmkriepas.lv\\\/en\\\/\",\"name\":\"MMK Riepas\",\"description\":\"MMK Riepas\",\"alternateName\":\"MMK Riepu Serviss\",\"potentialAction\":[{\"@type\":\"SearchAction\",\"target\":{\"@type\":\"EntryPoint\",\"urlTemplate\":\"https:\\\/\\\/mmkriepas.lv\\\/en\\\/?s={search_term_string}\"},\"query-input\":{\"@type\":\"PropertyValueSpecification\",\"valueRequired\":true,\"valueName\":\"search_term_string\"}}],\"inLanguage\":\"en-US\"},{\"@type\":\"ImageObject\",\"inLanguage\":\"en-US\",\"@id\":\"https:\\\/\\\/mmkriepas.lv\\\/en\\\/p\\\/225-45r17-uniroyal-rainsport-5-91y\\\/#local-main-organization-logo\",\"url\":\"\",\"contentUrl\":\"\",\"caption\":\"MMK Riepas\"}]}<\/script>\n<meta property=\"product:brand\" content=\"Uniroyal Rainsport 5\" \/>\n<meta property=\"product:price:amount\" content=\"102.00\" \/>\n<meta property=\"product:price:currency\" content=\"EUR\" \/>\n<meta property=\"og:availability\" content=\"instock\" \/>\n<meta property=\"product:availability\" content=\"instock\" \/>\n<meta property=\"product:condition\" content=\"new\" \/>\n<!-- \/ Yoast SEO Premium plugin. -->","yoast_head_json":{"title":"225\/45R17 Uniroyal Rainsport 5 91Y &#8226; MMK Riepas","description":"Uniroyal Rainsport 5 - iesp\u0113jams lab\u0101k\u0101s lietus riepas, k\u0101das izveidotas. Pieejamas abos MMK Riepu Centros par vislab\u0101kaj\u0101m cen\u0101m!","robots":{"index":"index","follow":"follow","max-snippet":"max-snippet:-1","max-image-preview":"max-image-preview:large","max-video-preview":"max-video-preview:-1"},"canonical":"https:\/\/mmkriepas.lv\/en\/p\/225-45r17-uniroyal-rainsport-5-91y\/","og_locale":"en_US","og_type":"article","og_title":"225\/45R17 Uniroyal Rainsport 5 91Y","og_description":"Uniroyal Rainsport 5 - iesp\u0113jams lab\u0101k\u0101s lietus riepas, k\u0101das izveidotas. Pieejamas abos MMK Riepu Centros par vislab\u0101kaj\u0101m cen\u0101m!","og_url":"https:\/\/mmkriepas.lv\/en\/p\/225-45r17-uniroyal-rainsport-5-91y\/","og_site_name":"MMK Riepas","article_publisher":"https:\/\/www.facebook.com\/mmkserviss\/","article_modified_time":"2024-06-18T08:34:59+00:00","og_image":[{"width":1600,"height":1091,"url":"https:\/\/mmkriepas.lv\/wp-content\/uploads\/2021\/03\/22545r17-uniroyal-rainsport-5-91y-vasaras-riepas.jpeg","type":"image\/jpeg"}],"twitter_card":"summary_large_image","twitter_misc":{"Price":"&euro;102.00","Availability":"In stock"},"schema":{"@context":"https:\/\/schema.org","@graph":[{"@type":"WebPage","@id":"https:\/\/mmkriepas.lv\/en\/p\/225-45r17-uniroyal-rainsport-5-91y\/","url":"https:\/\/mmkriepas.lv\/en\/p\/225-45r17-uniroyal-rainsport-5-91y\/","name":"225\/45R17 Uniroyal Rainsport 5 91Y &#8226; MMK Riepas","isPartOf":{"@id":"https:\/\/mmkriepas.lv\/en\/#website"},"primaryImageOfPage":{"@id":"https:\/\/mmkriepas.lv\/en\/p\/225-45r17-uniroyal-rainsport-5-91y\/#primaryimage"},"image":{"@id":"https:\/\/mmkriepas.lv\/en\/p\/225-45r17-uniroyal-rainsport-5-91y\/#primaryimage"},"thumbnailUrl":"https:\/\/mmkriepas.lv\/wp-content\/uploads\/2021\/03\/22545r17-uniroyal-rainsport-5-91y-vasaras-riepas.jpeg","datePublished":"2021-03-19T11:56:01+00:00","dateModified":"2024-06-18T08:34:59+00:00","description":"Uniroyal Rainsport 5 - iesp\u0113jams lab\u0101k\u0101s lietus riepas, k\u0101das izveidotas. Pieejamas abos MMK Riepu Centros par vislab\u0101kaj\u0101m cen\u0101m!","breadcrumb":{"@id":"https:\/\/mmkriepas.lv\/en\/p\/225-45r17-uniroyal-rainsport-5-91y\/#breadcrumb"},"inLanguage":"en-US","potentialAction":[{"@type":"ReadAction","target":["https:\/\/mmkriepas.lv\/en\/p\/225-45r17-uniroyal-rainsport-5-91y\/"]}]},{"@type":"ImageObject","inLanguage":"en-US","@id":"https:\/\/mmkriepas.lv\/en\/p\/225-45r17-uniroyal-rainsport-5-91y\/#primaryimage","url":"https:\/\/mmkriepas.lv\/wp-content\/uploads\/2021\/03\/22545r17-uniroyal-rainsport-5-91y-vasaras-riepas.jpeg","contentUrl":"https:\/\/mmkriepas.lv\/wp-content\/uploads\/2021\/03\/22545r17-uniroyal-rainsport-5-91y-vasaras-riepas.jpeg","width":1600,"height":1091,"caption":"225\/45R17 Uniroyal Rainsport 5 91Y - Vasaras riepas"},{"@type":"BreadcrumbList","@id":"https:\/\/mmkriepas.lv\/en\/p\/225-45r17-uniroyal-rainsport-5-91y\/#breadcrumb","itemListElement":[{"@type":"ListItem","position":1,"name":"S\u0101kums","item":"https:\/\/mmkriepas.lv\/en\/"},{"@type":"ListItem","position":2,"name":"225\/45R17 Uniroyal Rainsport 5 91Y"}]},{"@type":"WebSite","@id":"https:\/\/mmkriepas.lv\/en\/#website","url":"https:\/\/mmkriepas.lv\/en\/","name":"MMK Riepas","description":"MMK Riepas","alternateName":"MMK Riepu Serviss","potentialAction":[{"@type":"SearchAction","target":{"@type":"EntryPoint","urlTemplate":"https:\/\/mmkriepas.lv\/en\/?s={search_term_string}"},"query-input":{"@type":"PropertyValueSpecification","valueRequired":true,"valueName":"search_term_string"}}],"inLanguage":"en-US"},{"@type":"ImageObject","inLanguage":"en-US","@id":"https:\/\/mmkriepas.lv\/en\/p\/225-45r17-uniroyal-rainsport-5-91y\/#local-main-organization-logo","url":"","contentUrl":"","caption":"MMK Riepas"}]},"product_brand":"Uniroyal Rainsport 5","product_price_amount":"102.00","product_price_currency":"EUR","og_availability":"instock","product_availability":"instock","product_condition":"new"},"_links":{"self":[{"href":"https:\/\/mmkriepas.lv\/en\/wp-json\/wp\/v2\/product\/175380","targetHints":{"allow":["GET"]}}],"collection":[{"href":"https:\/\/mmkriepas.lv\/en\/wp-json\/wp\/v2\/product"}],"about":[{"href":"https:\/\/mmkriepas.lv\/en\/wp-json\/wp\/v2\/types\/product"}],"wp:featuredmedia":[{"embeddable":true,"href":"https:\/\/mmkriepas.lv\/en\/wp-json\/wp\/v2\/media\/175372"}],"wp:attachment":[{"href":"https:\/\/mmkriepas.lv\/en\/wp-json\/wp\/v2\/media?parent=175380"}],"wp:term":[{"taxonomy":"product_brand","embeddable":true,"href":"https:\/\/mmkriepas.lv\/en\/wp-json\/wp\/v2\/product_brand?post=175380"},{"taxonomy":"product_cat","embeddable":true,"href":"https:\/\/mmkriepas.lv\/en\/wp-json\/wp\/v2\/product_cat?post=175380"},{"taxonomy":"product_tag","embeddable":true,"href":"https:\/\/mmkriepas.lv\/en\/wp-json\/wp\/v2\/product_tag?post=175380"}],"curies":[{"name":"wp","href":"https:\/\/api.w.org\/{rel}","templated":true}]}}