{"id":174931,"date":"2021-03-16T17:05:20","date_gmt":"2021-03-16T15:05:20","guid":{"rendered":"https:\/\/mmkserviss.lv\/?post_type=product&#038;p=174931"},"modified":"2026-04-11T16:16:37","modified_gmt":"2026-04-11T13:16:37","slug":"245-55r19-sunfull-hp881-103v-xl","status":"publish","type":"product","link":"https:\/\/mmkriepas.lv\/en\/p\/245-55r19-sunfull-hp881-103v-xl\/","title":{"rendered":"245\/60R18 Sunfull Mont-Pro HP881 105V"},"content":{"rendered":"<p><strong><span style=\"font-family: 'Arial',sans-serif;\">Sunfull Mont-Pro HP881<\/span><\/strong><span style=\"font-family: 'Arial',sans-serif;\"> ir vasaras riepu modelis, kas paredz\u0113ts vid\u0113ja un pilna izm\u0113ra krosoveriem un SUV, tai skait\u0101, ar\u012b visjaud\u012bg\u0101kaj\u0101m to versij\u0101m. \u0160\u012bs riepas izce\u013cas ar lielisku l\u012bdzsvaru starp efekt\u012bvu sa\u0137eri visos apst\u0101k\u013cos un \u0113rtu, komfortablu un gludu gaitu!<o:p><\/o:p><\/span><\/p>\n<h3><span style=\"font-family: 'Arial',sans-serif;\">Mont-Pro HP881 galven\u0101s iez\u012bmes<o:p><\/o:p><\/span><\/h3>\n<p><span style=\"font-family: 'Arial',sans-serif;\">+Asimetrisks protektora raksts nodro\u0161ina efektivit\u0101ti visos brauk\u0161anas apst\u0101k\u013cos!<o:p><\/o:p><\/span><\/p>\n<p><span style=\"font-family: 'Arial',sans-serif;\">+Palielin\u0101t\u0101s \u016bdens dren\u0101\u017eas garenrievas samazina akvaplan\u0113\u0161anas risku!<o:p><\/o:p><\/span><\/p>\n<p><span tabindex=\"0\"><span style=\"font-family: 'Arial',sans-serif;\">+Pateicoties optimiz\u0113tam protektora z\u012bm\u0113jumam un gumijas mais\u012bjumam, brauk\u0161ana ir m\u012bksta un komfortabla!<\/span><o:p><\/o:p><\/span><\/p>\n<h3><span style=\"font-family: 'Arial',sans-serif;\">Mont-Pro HP881 apr\u012bkojums<o:p><\/o:p><\/span><\/h3>\n<p><span style=\"font-family: 'Arial',sans-serif;\">Protektora z\u012bm\u0113jumu raksturo asimetrisks elementu izvietojums, kas sadal\u012bts div\u0101s funkcion\u0101laj\u0101s zon\u0101s. Iek\u0161\u0113j\u0101 puse uzlabo garenisko vilkmi, virziena stabilit\u0101ti un notur\u012bbu taisnas kust\u012bbas laik\u0101. Savuk\u0101rt elementi, kas atrodas tuv\u0101k \u0101rpusei, \u013cauj riepai saglab\u0101t efektivit\u0101ti manevr\u0113jot, vienlaikus nodro\u0161inot sportisku, izsmalcin\u0101tu vad\u0101m\u012bbu.\u00a0<o:p><\/o:p><\/span><\/p>\n<p><span style=\"font-family: 'Arial',sans-serif;\">Asimetriskais protektora raksts darin\u0101ts no augstas kvalit\u0101tes gumijas mais\u012bjuma, kas ne tikai saglab\u0101 formu, saskarsm\u0113 ar visda\u017e\u0101d\u0101ko temperat\u016bru ce\u013ciem, bet ar\u012b apsl\u0101p\u0113 ska\u0146u, braucienu padarot \u012bpa\u0161i pat\u012bkamu.<o:p><\/o:p><\/span><\/p>\n<p><span style=\"font-family: 'Arial',sans-serif; color: red;\">Uzman\u012bbu:<\/span><span style=\"font-family: 'Arial',sans-serif;\"> Uz vasaras riepu s\u0101nu bortiem var b\u016bt apz\u012bm\u0113jums M+S. \u0160is apz\u012bm\u0113jums nenoz\u012bm\u0113, ka t\u0101s ir M+S riepas un nav paredz\u0113ts ekspluat\u0113t Latvijas ziemas apst\u0101k\u013cos, bet gan tikai vasaras sezon\u0101! S\u012bk\u0101k par \u0161o un citiem apz\u012bm\u0113jumu dro\u0161i jaut\u0101jiet MMK Riepu Serviss speci\u0101listiem.<o:p><\/o:p><\/span><\/p>\n","protected":false},"excerpt":{"rendered":"<p><strong><span style=\"font-family: 'Arial',sans-serif;\">Sunfull Mont-Pro HP881<\/span><\/strong><span style=\"font-family: 'Arial',sans-serif;\"> ir vasaras riepu modelis, kas paredz\u0113ts vid\u0113ja un pilna izm\u0113ra krosoveriem un SUV, tai skait\u0101, ar\u012b visjaud\u012bg\u0101kaj\u0101m to versij\u0101m. \u0160\u012bs riepas izce\u013cas ar lielisku l\u012bdzsvaru starp efekt\u012bvu sa\u0137eri visos apst\u0101k\u013cos un \u0113rtu, komfortablu un gludu gaitu!<o:p><\/o:p><\/span><\/p>\n","protected":false},"featured_media":862545,"template":"","meta":{"_acf_changed":false,"ngg_post_thumbnail":0},"product_brand":[],"product_cat":[46],"product_tag":[],"class_list":{"0":"post-174931","1":"product","2":"type-product","3":"status-publish","4":"has-post-thumbnail","6":"product_cat-vasaras-riepas","8":"first","9":"instock","10":"sale","11":"taxable","12":"shipping-taxable","13":"purchasable","14":"product-type-simple"},"acf":[],"yoast_head":"<!-- This site is optimized with the Yoast SEO Premium plugin v22.6 (Yoast SEO v27.3) - https:\/\/yoast.com\/product\/yoast-seo-premium-wordpress\/ -->\n<title>245\/60R18 Sunfull Mont-Pro HP881 105V &#8226; MMK Riepas<\/title>\n<meta name=\"robots\" content=\"index, follow, max-snippet:-1, max-image-preview:large, max-video-preview:-1\" \/>\n<link rel=\"canonical\" href=\"https:\/\/mmkriepas.lv\/en\/p\/245-55r19-sunfull-hp881-103v-xl\/\" \/>\n<meta property=\"og:locale\" content=\"en_US\" \/>\n<meta property=\"og:type\" content=\"article\" \/>\n<meta property=\"og:title\" content=\"245\/60R18 Sunfull Mont-Pro HP881 105V\" \/>\n<meta property=\"og:description\" content=\"Sunfull Mont-Pro HP881 ir vasaras riepu modelis, kas paredz\u0113ts vid\u0113ja un pilna izm\u0113ra krosoveriem un SUV, tai skait\u0101, ar\u012b visjaud\u012bg\u0101kaj\u0101m to versij\u0101m. \u0160\u012bs riepas izce\u013cas ar lielisku l\u012bdzsvaru starp efekt\u012bvu sa\u0137eri visos apst\u0101k\u013cos un \u0113rtu, komfortablu un gludu gaitu!\" \/>\n<meta property=\"og:url\" content=\"https:\/\/mmkriepas.lv\/en\/p\/245-55r19-sunfull-hp881-103v-xl\/\" \/>\n<meta property=\"og:site_name\" content=\"MMK Riepas\" \/>\n<meta property=\"article:publisher\" content=\"https:\/\/www.facebook.com\/mmkserviss\/\" \/>\n<meta property=\"article:modified_time\" content=\"2026-04-11T13:16:37+00:00\" \/>\n<meta property=\"og:image\" content=\"https:\/\/mmkriepas.lv\/wp-content\/uploads\/2024\/02\/27540r20-sunfull-mont-pro-hp881-106w-xl-vasaras-riepas.jpeg\" \/>\n\t<meta property=\"og:image:width\" content=\"1920\" \/>\n\t<meta property=\"og:image:height\" content=\"1447\" \/>\n\t<meta property=\"og:image:type\" content=\"image\/jpeg\" \/>\n<meta name=\"twitter:card\" content=\"summary_large_image\" \/>\n<meta name=\"twitter:label1\" content=\"Price\" \/>\n\t<meta name=\"twitter:data1\" content=\"&euro;73.00\" \/>\n\t<meta name=\"twitter:label2\" content=\"Availability\" \/>\n\t<meta name=\"twitter:data2\" content=\"In stock\" \/>\n<script type=\"application\/ld+json\" class=\"yoast-schema-graph\">{\"@context\":\"https:\\\/\\\/schema.org\",\"@graph\":[{\"@type\":\"WebPage\",\"@id\":\"https:\\\/\\\/mmkriepas.lv\\\/en\\\/p\\\/245-55r19-sunfull-hp881-103v-xl\\\/\",\"url\":\"https:\\\/\\\/mmkriepas.lv\\\/en\\\/p\\\/245-55r19-sunfull-hp881-103v-xl\\\/\",\"name\":\"245\\\/60R18 Sunfull Mont-Pro HP881 105V &#8226; MMK Riepas\",\"isPartOf\":{\"@id\":\"https:\\\/\\\/mmkriepas.lv\\\/en\\\/#website\"},\"primaryImageOfPage\":{\"@id\":\"https:\\\/\\\/mmkriepas.lv\\\/en\\\/p\\\/245-55r19-sunfull-hp881-103v-xl\\\/#primaryimage\"},\"image\":{\"@id\":\"https:\\\/\\\/mmkriepas.lv\\\/en\\\/p\\\/245-55r19-sunfull-hp881-103v-xl\\\/#primaryimage\"},\"thumbnailUrl\":\"https:\\\/\\\/mmkriepas.lv\\\/wp-content\\\/uploads\\\/2024\\\/02\\\/27540r20-sunfull-mont-pro-hp881-106w-xl-vasaras-riepas.jpeg\",\"datePublished\":\"2021-03-16T15:05:20+00:00\",\"dateModified\":\"2026-04-11T13:16:37+00:00\",\"breadcrumb\":{\"@id\":\"https:\\\/\\\/mmkriepas.lv\\\/en\\\/p\\\/245-55r19-sunfull-hp881-103v-xl\\\/#breadcrumb\"},\"inLanguage\":\"en-US\",\"potentialAction\":[{\"@type\":\"ReadAction\",\"target\":[\"https:\\\/\\\/mmkriepas.lv\\\/en\\\/p\\\/245-55r19-sunfull-hp881-103v-xl\\\/\"]}]},{\"@type\":\"ImageObject\",\"inLanguage\":\"en-US\",\"@id\":\"https:\\\/\\\/mmkriepas.lv\\\/en\\\/p\\\/245-55r19-sunfull-hp881-103v-xl\\\/#primaryimage\",\"url\":\"https:\\\/\\\/mmkriepas.lv\\\/wp-content\\\/uploads\\\/2024\\\/02\\\/27540r20-sunfull-mont-pro-hp881-106w-xl-vasaras-riepas.jpeg\",\"contentUrl\":\"https:\\\/\\\/mmkriepas.lv\\\/wp-content\\\/uploads\\\/2024\\\/02\\\/27540r20-sunfull-mont-pro-hp881-106w-xl-vasaras-riepas.jpeg\",\"width\":1920,\"height\":1447,\"caption\":\"275\\\/40R20 Sunfull Mont-Pro HP881 106W XL - Vasaras riepas\"},{\"@type\":\"BreadcrumbList\",\"@id\":\"https:\\\/\\\/mmkriepas.lv\\\/en\\\/p\\\/245-55r19-sunfull-hp881-103v-xl\\\/#breadcrumb\",\"itemListElement\":[{\"@type\":\"ListItem\",\"position\":1,\"name\":\"S\u0101kums\",\"item\":\"https:\\\/\\\/mmkriepas.lv\\\/en\\\/\"},{\"@type\":\"ListItem\",\"position\":2,\"name\":\"245\\\/60R18 Sunfull Mont-Pro HP881 105V\"}]},{\"@type\":\"WebSite\",\"@id\":\"https:\\\/\\\/mmkriepas.lv\\\/en\\\/#website\",\"url\":\"https:\\\/\\\/mmkriepas.lv\\\/en\\\/\",\"name\":\"MMK Riepas\",\"description\":\"MMK Riepas\",\"alternateName\":\"MMK Riepu Serviss\",\"potentialAction\":[{\"@type\":\"SearchAction\",\"target\":{\"@type\":\"EntryPoint\",\"urlTemplate\":\"https:\\\/\\\/mmkriepas.lv\\\/en\\\/?s={search_term_string}\"},\"query-input\":{\"@type\":\"PropertyValueSpecification\",\"valueRequired\":true,\"valueName\":\"search_term_string\"}}],\"inLanguage\":\"en-US\"},{\"@type\":\"ImageObject\",\"inLanguage\":\"en-US\",\"@id\":\"https:\\\/\\\/mmkriepas.lv\\\/en\\\/p\\\/245-55r19-sunfull-hp881-103v-xl\\\/#local-main-organization-logo\",\"url\":\"\",\"contentUrl\":\"\",\"caption\":\"MMK Riepas\"}]}<\/script>\n<meta property=\"product:brand\" content=\"Sunfull Mont-Pro HP881\" \/>\n<meta property=\"product:price:amount\" content=\"73.00\" \/>\n<meta property=\"product:price:currency\" content=\"EUR\" \/>\n<meta property=\"og:availability\" content=\"instock\" \/>\n<meta property=\"product:availability\" content=\"instock\" \/>\n<meta property=\"product:retailer_item_id\" content=\"TS2456018SUNFU-36398\" \/>\n<meta property=\"product:condition\" content=\"new\" \/>\n<!-- \/ Yoast SEO Premium plugin. -->","yoast_head_json":{"title":"245\/60R18 Sunfull Mont-Pro HP881 105V &#8226; MMK Riepas","robots":{"index":"index","follow":"follow","max-snippet":"max-snippet:-1","max-image-preview":"max-image-preview:large","max-video-preview":"max-video-preview:-1"},"canonical":"https:\/\/mmkriepas.lv\/en\/p\/245-55r19-sunfull-hp881-103v-xl\/","og_locale":"en_US","og_type":"article","og_title":"245\/60R18 Sunfull Mont-Pro HP881 105V","og_description":"Sunfull Mont-Pro HP881 ir vasaras riepu modelis, kas paredz\u0113ts vid\u0113ja un pilna izm\u0113ra krosoveriem un SUV, tai skait\u0101, ar\u012b visjaud\u012bg\u0101kaj\u0101m to versij\u0101m. \u0160\u012bs riepas izce\u013cas ar lielisku l\u012bdzsvaru starp efekt\u012bvu sa\u0137eri visos apst\u0101k\u013cos un \u0113rtu, komfortablu un gludu gaitu!","og_url":"https:\/\/mmkriepas.lv\/en\/p\/245-55r19-sunfull-hp881-103v-xl\/","og_site_name":"MMK Riepas","article_publisher":"https:\/\/www.facebook.com\/mmkserviss\/","article_modified_time":"2026-04-11T13:16:37+00:00","og_image":[{"width":1920,"height":1447,"url":"https:\/\/mmkriepas.lv\/wp-content\/uploads\/2024\/02\/27540r20-sunfull-mont-pro-hp881-106w-xl-vasaras-riepas.jpeg","type":"image\/jpeg"}],"twitter_card":"summary_large_image","twitter_misc":{"Price":"&euro;73.00","Availability":"In stock"},"schema":{"@context":"https:\/\/schema.org","@graph":[{"@type":"WebPage","@id":"https:\/\/mmkriepas.lv\/en\/p\/245-55r19-sunfull-hp881-103v-xl\/","url":"https:\/\/mmkriepas.lv\/en\/p\/245-55r19-sunfull-hp881-103v-xl\/","name":"245\/60R18 Sunfull Mont-Pro HP881 105V &#8226; MMK Riepas","isPartOf":{"@id":"https:\/\/mmkriepas.lv\/en\/#website"},"primaryImageOfPage":{"@id":"https:\/\/mmkriepas.lv\/en\/p\/245-55r19-sunfull-hp881-103v-xl\/#primaryimage"},"image":{"@id":"https:\/\/mmkriepas.lv\/en\/p\/245-55r19-sunfull-hp881-103v-xl\/#primaryimage"},"thumbnailUrl":"https:\/\/mmkriepas.lv\/wp-content\/uploads\/2024\/02\/27540r20-sunfull-mont-pro-hp881-106w-xl-vasaras-riepas.jpeg","datePublished":"2021-03-16T15:05:20+00:00","dateModified":"2026-04-11T13:16:37+00:00","breadcrumb":{"@id":"https:\/\/mmkriepas.lv\/en\/p\/245-55r19-sunfull-hp881-103v-xl\/#breadcrumb"},"inLanguage":"en-US","potentialAction":[{"@type":"ReadAction","target":["https:\/\/mmkriepas.lv\/en\/p\/245-55r19-sunfull-hp881-103v-xl\/"]}]},{"@type":"ImageObject","inLanguage":"en-US","@id":"https:\/\/mmkriepas.lv\/en\/p\/245-55r19-sunfull-hp881-103v-xl\/#primaryimage","url":"https:\/\/mmkriepas.lv\/wp-content\/uploads\/2024\/02\/27540r20-sunfull-mont-pro-hp881-106w-xl-vasaras-riepas.jpeg","contentUrl":"https:\/\/mmkriepas.lv\/wp-content\/uploads\/2024\/02\/27540r20-sunfull-mont-pro-hp881-106w-xl-vasaras-riepas.jpeg","width":1920,"height":1447,"caption":"275\/40R20 Sunfull Mont-Pro HP881 106W XL - Vasaras riepas"},{"@type":"BreadcrumbList","@id":"https:\/\/mmkriepas.lv\/en\/p\/245-55r19-sunfull-hp881-103v-xl\/#breadcrumb","itemListElement":[{"@type":"ListItem","position":1,"name":"S\u0101kums","item":"https:\/\/mmkriepas.lv\/en\/"},{"@type":"ListItem","position":2,"name":"245\/60R18 Sunfull Mont-Pro HP881 105V"}]},{"@type":"WebSite","@id":"https:\/\/mmkriepas.lv\/en\/#website","url":"https:\/\/mmkriepas.lv\/en\/","name":"MMK Riepas","description":"MMK Riepas","alternateName":"MMK Riepu Serviss","potentialAction":[{"@type":"SearchAction","target":{"@type":"EntryPoint","urlTemplate":"https:\/\/mmkriepas.lv\/en\/?s={search_term_string}"},"query-input":{"@type":"PropertyValueSpecification","valueRequired":true,"valueName":"search_term_string"}}],"inLanguage":"en-US"},{"@type":"ImageObject","inLanguage":"en-US","@id":"https:\/\/mmkriepas.lv\/en\/p\/245-55r19-sunfull-hp881-103v-xl\/#local-main-organization-logo","url":"","contentUrl":"","caption":"MMK Riepas"}]},"product_brand":"Sunfull Mont-Pro HP881","product_price_amount":"73.00","product_price_currency":"EUR","og_availability":"instock","product_availability":"instock","product_retailer_item_id":"TS2456018SUNFU-36398","product_condition":"new"},"_links":{"self":[{"href":"https:\/\/mmkriepas.lv\/en\/wp-json\/wp\/v2\/product\/174931","targetHints":{"allow":["GET"]}}],"collection":[{"href":"https:\/\/mmkriepas.lv\/en\/wp-json\/wp\/v2\/product"}],"about":[{"href":"https:\/\/mmkriepas.lv\/en\/wp-json\/wp\/v2\/types\/product"}],"wp:featuredmedia":[{"embeddable":true,"href":"https:\/\/mmkriepas.lv\/en\/wp-json\/wp\/v2\/media\/862545"}],"wp:attachment":[{"href":"https:\/\/mmkriepas.lv\/en\/wp-json\/wp\/v2\/media?parent=174931"}],"wp:term":[{"taxonomy":"product_brand","embeddable":true,"href":"https:\/\/mmkriepas.lv\/en\/wp-json\/wp\/v2\/product_brand?post=174931"},{"taxonomy":"product_cat","embeddable":true,"href":"https:\/\/mmkriepas.lv\/en\/wp-json\/wp\/v2\/product_cat?post=174931"},{"taxonomy":"product_tag","embeddable":true,"href":"https:\/\/mmkriepas.lv\/en\/wp-json\/wp\/v2\/product_tag?post=174931"}],"curies":[{"name":"wp","href":"https:\/\/api.w.org\/{rel}","templated":true}]}}