{"id":174476,"date":"2021-03-13T15:03:08","date_gmt":"2021-03-13T13:03:08","guid":{"rendered":"https:\/\/mmkserviss.lv\/?post_type=product&#038;p=174476"},"modified":"2024-04-20T09:53:59","modified_gmt":"2024-04-20T06:53:59","slug":"235-65r16c-kormoran-vanpro-b2-1115-113r","status":"publish","type":"product","link":"https:\/\/mmkriepas.lv\/en\/p\/235-65r16c-kormoran-vanpro-b2-1115-113r\/","title":{"rendered":"235\/65R16C Kormoran Vanpro B2 1115\/113R (Michelin)"},"content":{"rendered":"<p><span style=\"font-weight: 400;\">Kormoran VanPro B2 ir vasaras komerctransporta riepu modelis. Tas paredz\u0113ts vieglajiem kravas auto un mikroautobusiem un izce\u013cas ar lielisku veiktsp\u0113ju gan uz sausa, gan slapja asfalta, k\u0101 ar\u012b paaugstin\u0101tu nodilumiztur\u012bbu un triecieniztur\u012bbu.<\/span><\/p>\n<h3><b>Kormoran VanPro B2 galven\u0101s iez\u012bmes:<\/b><\/h3>\n<p><span style=\"font-weight: 400;\">+ Palielin\u0101ta kravnes\u012bba:<\/span> <span style=\"font-weight: 400;\">+ Pastiprin\u0101ts riepas karkass;<\/span> <span style=\"font-weight: 400;\">+ Palielin\u0101ta triecieniztur\u012bba;<\/span> <span style=\"font-weight: 400;\">+ <\/span><b>Riepas izstr\u0101d\u0113 piedal\u012bju\u0161ies ar\u012b Michelin in\u017eenieri;<\/b> <span style=\"font-weight: 400;\">+ Lieliska sa\u0137ere gan ar sausu, gan ar\u012b slapju asfaltu.<\/span><\/p>\n<h3><b>VanPro B2 apr\u012bkojums<\/b><\/h3>\n<p><span style=\"font-weight: 400;\">Michelin in\u017eenieri Kormoran VanPro B2 riepas izv\u0113l\u0113ju\u0161ies apr\u012bkot ar klasisku, simetrisku protektora rakstu ar mas\u012bviem blokiem, kas \u013cauj \u0161im riepu modelim uzr\u0101d\u012bt augstus veiktsp\u0113jas r\u0101d\u012bt\u0101jus ne tikai uz asfalta, bet ar\u012b grants ce\u013ciem<\/span> <span style=\"font-weight: 400;\">Starp mas\u012bvajiem protektora blokiem atrodama att\u012bst\u012bta drena\u017eas kan\u0101lu sist\u0113ma, kas lieliski izvada \u016bdeni no kontakta virsmas ar ce\u013cu, b\u016btiski samazinot akvaplan\u0113\u0161anas risku.<\/span> <span style=\"font-weight: 400;\">Riepas karkass pastiprin\u0101ts ar papildus brekera jeb kordu sl\u0101\u0146iem, kas paaugstina riepas kravnes\u012bbu un palielina t\u0101s triecieniztur\u012bbu. Konstrukcija iet\u0113rpta elastrom\u0113riem bag\u0101t\u0101 gumijas mais\u012bjum\u0101, kas ne tikai nezaud\u0113 formu un elast\u012bbu pla\u0161\u0101 temperat\u016bru diapazon\u0101, bet ar\u012b ir nodilumiztur\u012bgs un sl\u0101p\u0113 troksni.\u00a0<\/span> <b>*Uzman\u012bbu:<\/b><span style=\"font-weight: 400;\"> Uz vasaras riepu s\u0101nu bortiem var b\u016bt apz\u012bm\u0113jums M+S. \u0160is apz\u012bm\u0113jums nenoz\u012bm\u0113, ka t\u0101s ir M+S riepas un nav paredz\u0113ts ekspluat\u0113t Latvijas ziemas apst\u0101k\u013cos, bet gan tikai vasaras sezon\u0101! S\u012bk\u0101k par \u0161o un citiem apz\u012bm\u0113jumu dro\u0161i jaut\u0101jiet MMK Riepu Serviss speci\u0101listiem.\u00a0<\/span><\/p>\n<p><span style=\"font-weight: 400;\"><\/span><b>Kormoran VanPro B2 &#8211; <\/b><span style=\"font-weight: 400;\">busu riepas, kas izce\u013cas ar paaugstin\u0101tu veiktsp\u0113ju un komfrota l\u012bmeni. Pieejamas abos MMK Riepu Centros par vislab\u0101kaj\u0101m cen\u0101m!<\/span><\/p>\n","protected":false},"excerpt":{"rendered":"<p><span style=\"font-weight: 400;\">Kormoran VanPro B2 ir vasaras komerctransporta riepu modelis. Tas paredz\u0113ts vieglajiem kravas auto un mikroautobusiem un izce\u013cas ar lielisku veiktsp\u0113ju gan uz sausa, gan slapja asfalta, k\u0101 ar\u012b paaugstin\u0101tu nodilumiztur\u012bbu un triecieniztur\u012bbu.<\/span><\/p>\n","protected":false},"featured_media":175150,"template":"","meta":{"_acf_changed":false,"ngg_post_thumbnail":0},"product_brand":[],"product_cat":[46],"product_tag":[],"class_list":{"0":"post-174476","1":"product","2":"type-product","3":"status-publish","4":"has-post-thumbnail","6":"product_cat-vasaras-riepas","8":"first","9":"instock","10":"sale","11":"taxable","12":"shipping-taxable","13":"product-type-simple"},"acf":[],"yoast_head":"<!-- This site is optimized with the Yoast SEO Premium plugin v22.6 (Yoast SEO v27.3) - https:\/\/yoast.com\/product\/yoast-seo-premium-wordpress\/ -->\n<title>235\/65R16C Kormoran Vanpro B2 1115\/113R (Michelin) &#8226; MMK Riepas<\/title>\n<meta name=\"description\" content=\"Kormoran VanPro B2 - busu riepas, kas izce\u013cas ar paaugstin\u0101tu komfrota l\u012bmeni. Pieejamas abos MMK Riepu Centros par lab\u0101kaj\u0101m cen\u0101m!\" \/>\n<meta name=\"robots\" content=\"index, follow, max-snippet:-1, max-image-preview:large, max-video-preview:-1\" \/>\n<link rel=\"canonical\" href=\"https:\/\/mmkriepas.lv\/en\/p\/235-65r16c-kormoran-vanpro-b2-1115-113r\/\" \/>\n<meta property=\"og:locale\" content=\"en_US\" \/>\n<meta property=\"og:type\" content=\"article\" \/>\n<meta property=\"og:title\" content=\"235\/65R16C Kormoran Vanpro B2 1115\/113R (Michelin)\" \/>\n<meta property=\"og:description\" content=\"Kormoran VanPro B2 - busu riepas, kas izce\u013cas ar paaugstin\u0101tu komfrota l\u012bmeni. Pieejamas abos MMK Riepu Centros par lab\u0101kaj\u0101m cen\u0101m!\" \/>\n<meta property=\"og:url\" content=\"https:\/\/mmkriepas.lv\/en\/p\/235-65r16c-kormoran-vanpro-b2-1115-113r\/\" \/>\n<meta property=\"og:site_name\" content=\"MMK Riepas\" \/>\n<meta property=\"article:publisher\" content=\"https:\/\/www.facebook.com\/mmkserviss\/\" \/>\n<meta property=\"article:modified_time\" content=\"2024-04-20T06:53:59+00:00\" \/>\n<meta property=\"og:image\" content=\"https:\/\/mmkriepas.lv\/wp-content\/uploads\/2021\/03\/23565r16c-kormoran-vanpro-b2-115113r-vasaras-riepas.jpg\" \/>\n\t<meta property=\"og:image:width\" content=\"1024\" \/>\n\t<meta property=\"og:image:height\" content=\"768\" \/>\n\t<meta property=\"og:image:type\" content=\"image\/jpeg\" \/>\n<meta name=\"twitter:card\" content=\"summary_large_image\" \/>\n<meta name=\"twitter:label1\" content=\"Price\" \/>\n\t<meta name=\"twitter:data1\" content=\"&euro;97.00\" \/>\n\t<meta name=\"twitter:label2\" content=\"Availability\" \/>\n\t<meta name=\"twitter:data2\" content=\"In stock\" \/>\n<script type=\"application\/ld+json\" class=\"yoast-schema-graph\">{\"@context\":\"https:\\\/\\\/schema.org\",\"@graph\":[{\"@type\":\"WebPage\",\"@id\":\"https:\\\/\\\/mmkriepas.lv\\\/en\\\/p\\\/235-65r16c-kormoran-vanpro-b2-1115-113r\\\/\",\"url\":\"https:\\\/\\\/mmkriepas.lv\\\/en\\\/p\\\/235-65r16c-kormoran-vanpro-b2-1115-113r\\\/\",\"name\":\"235\\\/65R16C Kormoran Vanpro B2 1115\\\/113R (Michelin) &#8226; MMK Riepas\",\"isPartOf\":{\"@id\":\"https:\\\/\\\/mmkriepas.lv\\\/en\\\/#website\"},\"primaryImageOfPage\":{\"@id\":\"https:\\\/\\\/mmkriepas.lv\\\/en\\\/p\\\/235-65r16c-kormoran-vanpro-b2-1115-113r\\\/#primaryimage\"},\"image\":{\"@id\":\"https:\\\/\\\/mmkriepas.lv\\\/en\\\/p\\\/235-65r16c-kormoran-vanpro-b2-1115-113r\\\/#primaryimage\"},\"thumbnailUrl\":\"https:\\\/\\\/mmkriepas.lv\\\/wp-content\\\/uploads\\\/2021\\\/03\\\/23565r16c-kormoran-vanpro-b2-115113r-vasaras-riepas.jpg\",\"datePublished\":\"2021-03-13T13:03:08+00:00\",\"dateModified\":\"2024-04-20T06:53:59+00:00\",\"description\":\"Kormoran VanPro B2 - busu riepas, kas izce\u013cas ar paaugstin\u0101tu komfrota l\u012bmeni. Pieejamas abos MMK Riepu Centros par lab\u0101kaj\u0101m cen\u0101m!\",\"breadcrumb\":{\"@id\":\"https:\\\/\\\/mmkriepas.lv\\\/en\\\/p\\\/235-65r16c-kormoran-vanpro-b2-1115-113r\\\/#breadcrumb\"},\"inLanguage\":\"en-US\",\"potentialAction\":[{\"@type\":\"ReadAction\",\"target\":[\"https:\\\/\\\/mmkriepas.lv\\\/en\\\/p\\\/235-65r16c-kormoran-vanpro-b2-1115-113r\\\/\"]}]},{\"@type\":\"ImageObject\",\"inLanguage\":\"en-US\",\"@id\":\"https:\\\/\\\/mmkriepas.lv\\\/en\\\/p\\\/235-65r16c-kormoran-vanpro-b2-1115-113r\\\/#primaryimage\",\"url\":\"https:\\\/\\\/mmkriepas.lv\\\/wp-content\\\/uploads\\\/2021\\\/03\\\/23565r16c-kormoran-vanpro-b2-115113r-vasaras-riepas.jpg\",\"contentUrl\":\"https:\\\/\\\/mmkriepas.lv\\\/wp-content\\\/uploads\\\/2021\\\/03\\\/23565r16c-kormoran-vanpro-b2-115113r-vasaras-riepas.jpg\",\"width\":1024,\"height\":768,\"caption\":\"235\\\/65R16C Kormoran VanPro B2 115\\\/113R - Vasaras riepas\"},{\"@type\":\"BreadcrumbList\",\"@id\":\"https:\\\/\\\/mmkriepas.lv\\\/en\\\/p\\\/235-65r16c-kormoran-vanpro-b2-1115-113r\\\/#breadcrumb\",\"itemListElement\":[{\"@type\":\"ListItem\",\"position\":1,\"name\":\"S\u0101kums\",\"item\":\"https:\\\/\\\/mmkriepas.lv\\\/en\\\/\"},{\"@type\":\"ListItem\",\"position\":2,\"name\":\"235\\\/65R16C Kormoran Vanpro B2 1115\\\/113R (Michelin)\"}]},{\"@type\":\"WebSite\",\"@id\":\"https:\\\/\\\/mmkriepas.lv\\\/en\\\/#website\",\"url\":\"https:\\\/\\\/mmkriepas.lv\\\/en\\\/\",\"name\":\"MMK Riepas\",\"description\":\"MMK Riepas\",\"alternateName\":\"MMK Riepu Serviss\",\"potentialAction\":[{\"@type\":\"SearchAction\",\"target\":{\"@type\":\"EntryPoint\",\"urlTemplate\":\"https:\\\/\\\/mmkriepas.lv\\\/en\\\/?s={search_term_string}\"},\"query-input\":{\"@type\":\"PropertyValueSpecification\",\"valueRequired\":true,\"valueName\":\"search_term_string\"}}],\"inLanguage\":\"en-US\"},{\"@type\":\"ImageObject\",\"inLanguage\":\"en-US\",\"@id\":\"https:\\\/\\\/mmkriepas.lv\\\/en\\\/p\\\/235-65r16c-kormoran-vanpro-b2-1115-113r\\\/#local-main-organization-logo\",\"url\":\"\",\"contentUrl\":\"\",\"caption\":\"MMK Riepas\"}]}<\/script>\n<meta property=\"product:brand\" content=\"Kormoran Vanpro B2\" \/>\n<meta property=\"product:price:amount\" content=\"97.00\" \/>\n<meta property=\"product:price:currency\" content=\"EUR\" \/>\n<meta property=\"og:availability\" content=\"instock\" \/>\n<meta property=\"product:availability\" content=\"instock\" \/>\n<meta property=\"product:condition\" content=\"new\" \/>\n<!-- \/ Yoast SEO Premium plugin. -->","yoast_head_json":{"title":"235\/65R16C Kormoran Vanpro B2 1115\/113R (Michelin) &#8226; MMK Riepas","description":"Kormoran VanPro B2 - busu riepas, kas izce\u013cas ar paaugstin\u0101tu komfrota l\u012bmeni. Pieejamas abos MMK Riepu Centros par lab\u0101kaj\u0101m cen\u0101m!","robots":{"index":"index","follow":"follow","max-snippet":"max-snippet:-1","max-image-preview":"max-image-preview:large","max-video-preview":"max-video-preview:-1"},"canonical":"https:\/\/mmkriepas.lv\/en\/p\/235-65r16c-kormoran-vanpro-b2-1115-113r\/","og_locale":"en_US","og_type":"article","og_title":"235\/65R16C Kormoran Vanpro B2 1115\/113R (Michelin)","og_description":"Kormoran VanPro B2 - busu riepas, kas izce\u013cas ar paaugstin\u0101tu komfrota l\u012bmeni. Pieejamas abos MMK Riepu Centros par lab\u0101kaj\u0101m cen\u0101m!","og_url":"https:\/\/mmkriepas.lv\/en\/p\/235-65r16c-kormoran-vanpro-b2-1115-113r\/","og_site_name":"MMK Riepas","article_publisher":"https:\/\/www.facebook.com\/mmkserviss\/","article_modified_time":"2024-04-20T06:53:59+00:00","og_image":[{"width":1024,"height":768,"url":"https:\/\/mmkriepas.lv\/wp-content\/uploads\/2021\/03\/23565r16c-kormoran-vanpro-b2-115113r-vasaras-riepas.jpg","type":"image\/jpeg"}],"twitter_card":"summary_large_image","twitter_misc":{"Price":"&euro;97.00","Availability":"In stock"},"schema":{"@context":"https:\/\/schema.org","@graph":[{"@type":"WebPage","@id":"https:\/\/mmkriepas.lv\/en\/p\/235-65r16c-kormoran-vanpro-b2-1115-113r\/","url":"https:\/\/mmkriepas.lv\/en\/p\/235-65r16c-kormoran-vanpro-b2-1115-113r\/","name":"235\/65R16C Kormoran Vanpro B2 1115\/113R (Michelin) &#8226; MMK Riepas","isPartOf":{"@id":"https:\/\/mmkriepas.lv\/en\/#website"},"primaryImageOfPage":{"@id":"https:\/\/mmkriepas.lv\/en\/p\/235-65r16c-kormoran-vanpro-b2-1115-113r\/#primaryimage"},"image":{"@id":"https:\/\/mmkriepas.lv\/en\/p\/235-65r16c-kormoran-vanpro-b2-1115-113r\/#primaryimage"},"thumbnailUrl":"https:\/\/mmkriepas.lv\/wp-content\/uploads\/2021\/03\/23565r16c-kormoran-vanpro-b2-115113r-vasaras-riepas.jpg","datePublished":"2021-03-13T13:03:08+00:00","dateModified":"2024-04-20T06:53:59+00:00","description":"Kormoran VanPro B2 - busu riepas, kas izce\u013cas ar paaugstin\u0101tu komfrota l\u012bmeni. Pieejamas abos MMK Riepu Centros par lab\u0101kaj\u0101m cen\u0101m!","breadcrumb":{"@id":"https:\/\/mmkriepas.lv\/en\/p\/235-65r16c-kormoran-vanpro-b2-1115-113r\/#breadcrumb"},"inLanguage":"en-US","potentialAction":[{"@type":"ReadAction","target":["https:\/\/mmkriepas.lv\/en\/p\/235-65r16c-kormoran-vanpro-b2-1115-113r\/"]}]},{"@type":"ImageObject","inLanguage":"en-US","@id":"https:\/\/mmkriepas.lv\/en\/p\/235-65r16c-kormoran-vanpro-b2-1115-113r\/#primaryimage","url":"https:\/\/mmkriepas.lv\/wp-content\/uploads\/2021\/03\/23565r16c-kormoran-vanpro-b2-115113r-vasaras-riepas.jpg","contentUrl":"https:\/\/mmkriepas.lv\/wp-content\/uploads\/2021\/03\/23565r16c-kormoran-vanpro-b2-115113r-vasaras-riepas.jpg","width":1024,"height":768,"caption":"235\/65R16C Kormoran VanPro B2 115\/113R - Vasaras riepas"},{"@type":"BreadcrumbList","@id":"https:\/\/mmkriepas.lv\/en\/p\/235-65r16c-kormoran-vanpro-b2-1115-113r\/#breadcrumb","itemListElement":[{"@type":"ListItem","position":1,"name":"S\u0101kums","item":"https:\/\/mmkriepas.lv\/en\/"},{"@type":"ListItem","position":2,"name":"235\/65R16C Kormoran Vanpro B2 1115\/113R (Michelin)"}]},{"@type":"WebSite","@id":"https:\/\/mmkriepas.lv\/en\/#website","url":"https:\/\/mmkriepas.lv\/en\/","name":"MMK Riepas","description":"MMK Riepas","alternateName":"MMK Riepu Serviss","potentialAction":[{"@type":"SearchAction","target":{"@type":"EntryPoint","urlTemplate":"https:\/\/mmkriepas.lv\/en\/?s={search_term_string}"},"query-input":{"@type":"PropertyValueSpecification","valueRequired":true,"valueName":"search_term_string"}}],"inLanguage":"en-US"},{"@type":"ImageObject","inLanguage":"en-US","@id":"https:\/\/mmkriepas.lv\/en\/p\/235-65r16c-kormoran-vanpro-b2-1115-113r\/#local-main-organization-logo","url":"","contentUrl":"","caption":"MMK Riepas"}]},"product_brand":"Kormoran Vanpro B2","product_price_amount":"97.00","product_price_currency":"EUR","og_availability":"instock","product_availability":"instock","product_condition":"new"},"_links":{"self":[{"href":"https:\/\/mmkriepas.lv\/en\/wp-json\/wp\/v2\/product\/174476","targetHints":{"allow":["GET"]}}],"collection":[{"href":"https:\/\/mmkriepas.lv\/en\/wp-json\/wp\/v2\/product"}],"about":[{"href":"https:\/\/mmkriepas.lv\/en\/wp-json\/wp\/v2\/types\/product"}],"wp:featuredmedia":[{"embeddable":true,"href":"https:\/\/mmkriepas.lv\/en\/wp-json\/wp\/v2\/media\/175150"}],"wp:attachment":[{"href":"https:\/\/mmkriepas.lv\/en\/wp-json\/wp\/v2\/media?parent=174476"}],"wp:term":[{"taxonomy":"product_brand","embeddable":true,"href":"https:\/\/mmkriepas.lv\/en\/wp-json\/wp\/v2\/product_brand?post=174476"},{"taxonomy":"product_cat","embeddable":true,"href":"https:\/\/mmkriepas.lv\/en\/wp-json\/wp\/v2\/product_cat?post=174476"},{"taxonomy":"product_tag","embeddable":true,"href":"https:\/\/mmkriepas.lv\/en\/wp-json\/wp\/v2\/product_tag?post=174476"}],"curies":[{"name":"wp","href":"https:\/\/api.w.org\/{rel}","templated":true}]}}