{"id":174419,"date":"2021-03-13T11:27:07","date_gmt":"2021-03-13T09:27:07","guid":{"rendered":"https:\/\/mmkserviss.lv\/?post_type=product&#038;p=174419"},"modified":"2026-03-27T23:17:39","modified_gmt":"2026-03-27T21:17:39","slug":"225-55r18-kormoran-summer-suv-98v","status":"publish","type":"product","link":"https:\/\/mmkriepas.lv\/en\/p\/225-55r18-kormoran-summer-suv-98v\/","title":{"rendered":"225\/55R18 Kormoran SUV Summer 98V (Michelin)"},"content":{"rendered":"<p><b><span style=\"font-family: 'Arial',sans-serif;\">Kormoran SUV Summer<\/span><\/b><span style=\"font-family: 'Arial',sans-serif;\"> ir vasras riepu modelis, kur\u0161 tiek uzst\u0101d\u012bts SUV klases automobi\u013ciem. \u0160is riepu modelis pieder Highway Terrain (H\/T) kategorijai, kura nodro\u0161ina kombin\u0113tu veiktsp\u0113ju gan uz asfalt\u0113tiem, gan zemes un lauku ce\u013ciem. \u0160o riepu modeli pied\u0101v\u0101 teju visos popul\u0101rajos izm\u0113ros, s\u0101kot no R15 l\u012bdz pat R20. <o:p><\/o:p><\/span><\/p>\n<h3><span style=\"font-family: 'Arial',sans-serif;\">Kormoran Summer SUV galven\u0101s iez\u012bmes:<o:p><\/o:p><\/span><\/h3>\n<p><span style=\"font-family: 'Arial',sans-serif;\">&#8211; samazin\u0101ts akvaplan\u0113\u0161anas risks pat braucot liel\u0101 \u0101trum\u0101; <o:p><\/o:p><\/span><\/p>\n<p><span style=\"font-family: 'Arial',sans-serif;\">&#8211; palielin\u0101ts sa\u0137eres laukums un uzlabota sa\u0137ere, pateicoties jauniem ra\u017eo\u0161anas materi\u0101liem; <o:p><\/o:p><\/span><\/p>\n<p><span style=\"font-family: 'Arial',sans-serif;\">&#8211; palielin\u0101ta nodilumiztur\u012bba un riepas kalpo\u0161anas ilgums; <o:p><\/o:p><\/span><\/p>\n<p><span style=\"font-family: 'Arial',sans-serif;\">&#8211; uzlaboti degvielas ekonomijas r\u0101d\u012bt\u0101ji nodro\u0161ina maz\u0101ku degvielas pat\u0113ri\u0146u.<o:p><\/o:p><\/span><\/p>\n<h3><span style=\"font-family: 'Arial',sans-serif;\">Zems akvaplan\u0113\u0161anas risks<o:p><\/o:p><\/span><\/h3>\n<p><span style=\"font-family: 'Arial',sans-serif;\">Starp protektora raksta blokiem izvietotas 4 platas un padzi\u013cin\u0101tas garenisk\u0101s \u016bdens novad\u012b\u0161anas rievas jeb dren\u0101\u017eas kan\u0101li. Pateicoties \u0161\u012bm riev\u0101m, tiek uzlaboti sa\u0137eres r\u0101d\u012bt\u0101ji (<b>uzs\u0101k\u0161ana\/ manevr\u0113\u0161ana\/ bremz\u0113\u0161ana<\/b>) un \u016bdens ar lielu efektivit\u0101ti tiek novad\u012bts. Papildus kan\u0101li riepas malas da\u013c\u0101 turpina \u016bdens novad\u012b\u0161anu uz mal\u0101m. Zems akvaplan\u0113\u0161anas risks pat p\u0101rvietojoties lielos brauk\u0161anas \u0101trumos.<o:p><\/o:p><\/span><\/p>\n<h3><span style=\"font-family: 'Arial',sans-serif;\">Protektora raksts, kas palielina sa\u0137eres laukumu<o:p><\/o:p><\/span><\/h3>\n<p><span style=\"font-family: 'Arial',sans-serif;\">Ja paskat\u0101s uz riepu s\u0101nu projekcij\u0101, var paman\u012bt protektora formas sare\u017e\u0123\u012bt\u012bbu. Riepas protektora centr\u0101l\u0101 da\u013ca ir gandr\u012bz plakana un riepas malas da\u013cas ir iev\u0113rojami noliektas attiec\u012bb\u0101 pret vertik\u0101lo asi. \u0160\u0101da veida dizains \u013cauj iev\u0113rojami palielin\u0101t sa\u0137eres laukumu, padarot to plat\u0101ku.\u00a0 Tas samazina slodzi uz protektora darba virsmu un ir daudz <b>maz\u0101k pak\u013cauts nodilumam<\/b>. Kontaktlaukuma palielin\u0101\u0161ana pozit\u012bvi ietekm\u0113 sa\u0137eri un vad\u0101m\u012bbu.<o:p><\/o:p><\/span><\/p>\n<h3><span style=\"font-family: 'Arial',sans-serif;\">Lieliska kvalit\u0101te un uzlabota iztur\u012bba<o:p><\/o:p><\/span><\/h3>\n<p><span style=\"font-family: 'Arial',sans-serif;\">Riepas veido\u0161an\u0101 liela uzman\u012bba tika piev\u0113rsta dro\u0161\u012bbas nodro\u0161in\u0101\u0161anai (nev\u0113lama riepu p\u0101rsi\u0161ana bedr\u0113s vai sapl\u0113\u0161ana uzbraucot uz apmales). Lai to izpild\u012btu, riepas uzb\u016bvei ticis pievienots no sint\u0113tiskiem materi\u0101liem veidots papildu kords, kas palielina riepas iztur\u012bbu un, l\u012bdz ar to, ar\u012b protektora notur\u012bbu pret caurumiem un griezumiem. S\u0101nu malas tiek aizsarg\u0101tas ar daudz\u0101m &#8220;vertik\u0101l\u0101m rib\u0101m&#8221;. T\u0101s pasarg\u0101 riepu no meh\u0101nisku boj\u0101jumu ra\u0161an\u0101s saskar\u0113 ar apmal\u0113m un as\u0101m ce\u013ca mal\u0101m.<o:p><\/o:p><\/span><\/p>\n<h3><span style=\"font-family: 'Arial',sans-serif;\">Degvielas ekonomija<o:p><\/o:p><\/span><\/h3>\n<p><span style=\"font-family: 'Arial',sans-serif;\">\u0145emot v\u0113r\u0101 ka riepas modelis ra\u017eots tie\u0161i SUV klases automa\u0161\u012bn\u0101m, Kormoran SUV Summer ir sal\u012bdzino\u0161i vieglas riepas. Izmantojot m\u016bsdienu sint\u0113tiskos materi\u0101lus, nesamazinot riepas iztur\u012bbu vai veiktsp\u0113ju, ir pan\u0101kts <b>samazin\u0101ts riepas svars<\/b>. Viegl\u0101kas riepas samazina slodzi, kas \u013cauj samazin\u0101t degvielas pat\u0113ri\u0146u. No \u0161iem materi\u0101liem veidoti ar\u012b riepas uzb\u016bves neso\u0161ie elementi. Turkl\u0101t tika izmantotas progres\u012bvas korda uzt\u012b\u0161anas metodes, kas at\u0161\u0137iras ar augstu pavedienu izvietojuma bl\u012bvumu. Noz\u012bm\u012bgi samazinot riepas svaru, tiek ietekm\u0113ts riepas uzsil\u0161anas laiks. Viegla riepa \u0101tr\u0101k uzsilst kust\u012bb\u0101, kas rezult\u0113jas papildu degvielas ekonomij\u0101. <o:p><\/o:p><\/span><\/p>\n<p><b><span style=\"font-family: 'Arial',sans-serif;\">*Uzman\u012bbu:<\/span><\/b><span style=\"font-family: 'Arial',sans-serif;\"> Uz vasaras riepu s\u0101nu bortiem var b\u016bt apz\u012bm\u0113jums M+S. \u0160is apz\u012bm\u0113jums nenoz\u012bm\u0113, ka t\u0101s ir M+S riepas un nav paredz\u0113ts ekspluat\u0113t Latvijas ziemas apst\u0101k\u013cos, bet gan tikai vasaras sezon\u0101! S\u012bk\u0101k par \u0161o un citiem apz\u012bm\u0113jumu dro\u0161i jaut\u0101jiet <o:p><\/o:p><\/span><\/p>\n","protected":false},"excerpt":{"rendered":"<p><b><span style=\"font-family: 'Arial',sans-serif;\">Kormoran SUV Summer<\/span><\/b><span style=\"font-family: 'Arial',sans-serif;\"> ir vasras riepu modelis, kur\u0161 tiek uzst\u0101d\u012bts SUV klases automobi\u013ciem. \u0160is riepu modelis pieder Highway Terrain (H\/T) kategorijai, kura nodro\u0161ina kombin\u0113tu veiktsp\u0113ju gan uz asfalt\u0113tiem, gan zemes un lauku ce\u013ciem. \u0160o riepu modeli pied\u0101v\u0101 teju visos popul\u0101rajos izm\u0113ros, s\u0101kot no R15 l\u012bdz pat R20. <o:p><\/o:p><\/span><\/p>\n","protected":false},"featured_media":862506,"template":"","meta":{"_acf_changed":false,"ngg_post_thumbnail":0},"product_brand":[],"product_cat":[46],"product_tag":[],"class_list":{"0":"post-174419","1":"product","2":"type-product","3":"status-publish","4":"has-post-thumbnail","6":"product_cat-vasaras-riepas","8":"first","9":"instock","10":"sale","11":"taxable","12":"shipping-taxable","13":"purchasable","14":"product-type-simple"},"acf":[],"yoast_head":"<!-- This site is optimized with the Yoast SEO Premium plugin v22.6 (Yoast SEO v27.3) - https:\/\/yoast.com\/product\/yoast-seo-premium-wordpress\/ -->\n<title>225\/55R18 Kormoran SUV Summer 98V (Michelin) &#8226; MMK Riepas<\/title>\n<meta name=\"description\" content=\"Kormoran Summer SUV - lieliskas Michelin grupas vasaras riepas Tavam SUV. Pieejamas abos MMK Riepu Centros par vislab\u0101kaj\u0101m cen\u0101m!\" \/>\n<meta name=\"robots\" content=\"index, follow, max-snippet:-1, max-image-preview:large, max-video-preview:-1\" \/>\n<link rel=\"canonical\" href=\"https:\/\/mmkriepas.lv\/en\/p\/225-55r18-kormoran-summer-suv-98v\/\" \/>\n<meta property=\"og:locale\" content=\"en_US\" \/>\n<meta property=\"og:type\" content=\"article\" \/>\n<meta property=\"og:title\" content=\"225\/55R18 Kormoran SUV Summer 98V (Michelin)\" \/>\n<meta property=\"og:description\" content=\"Kormoran Summer SUV - lieliskas Michelin grupas vasaras riepas Tavam SUV. Pieejamas abos MMK Riepu Centros par vislab\u0101kaj\u0101m cen\u0101m!\" \/>\n<meta property=\"og:url\" content=\"https:\/\/mmkriepas.lv\/en\/p\/225-55r18-kormoran-summer-suv-98v\/\" \/>\n<meta property=\"og:site_name\" content=\"MMK Riepas\" \/>\n<meta property=\"article:publisher\" content=\"https:\/\/www.facebook.com\/mmkserviss\/\" \/>\n<meta property=\"article:modified_time\" content=\"2026-03-27T21:17:39+00:00\" \/>\n<meta property=\"og:image\" content=\"https:\/\/mmkriepas.lv\/wp-content\/uploads\/2024\/02\/21570r16-kormoran-suv-summer-100h-michelin-vasaras-riepas.jpg\" \/>\n\t<meta property=\"og:image:width\" content=\"1920\" \/>\n\t<meta property=\"og:image:height\" content=\"1440\" \/>\n\t<meta property=\"og:image:type\" content=\"image\/jpeg\" \/>\n<meta name=\"twitter:card\" content=\"summary_large_image\" \/>\n<meta name=\"twitter:label1\" content=\"Price\" \/>\n\t<meta name=\"twitter:data1\" content=\"&euro;98.00\" \/>\n\t<meta name=\"twitter:label2\" content=\"Availability\" \/>\n\t<meta name=\"twitter:data2\" content=\"In stock\" \/>\n<script type=\"application\/ld+json\" class=\"yoast-schema-graph\">{\"@context\":\"https:\\\/\\\/schema.org\",\"@graph\":[{\"@type\":\"WebPage\",\"@id\":\"https:\\\/\\\/mmkriepas.lv\\\/en\\\/p\\\/225-55r18-kormoran-summer-suv-98v\\\/\",\"url\":\"https:\\\/\\\/mmkriepas.lv\\\/en\\\/p\\\/225-55r18-kormoran-summer-suv-98v\\\/\",\"name\":\"225\\\/55R18 Kormoran SUV Summer 98V (Michelin) &#8226; MMK Riepas\",\"isPartOf\":{\"@id\":\"https:\\\/\\\/mmkriepas.lv\\\/en\\\/#website\"},\"primaryImageOfPage\":{\"@id\":\"https:\\\/\\\/mmkriepas.lv\\\/en\\\/p\\\/225-55r18-kormoran-summer-suv-98v\\\/#primaryimage\"},\"image\":{\"@id\":\"https:\\\/\\\/mmkriepas.lv\\\/en\\\/p\\\/225-55r18-kormoran-summer-suv-98v\\\/#primaryimage\"},\"thumbnailUrl\":\"https:\\\/\\\/mmkriepas.lv\\\/wp-content\\\/uploads\\\/2024\\\/02\\\/21570r16-kormoran-suv-summer-100h-michelin-vasaras-riepas.jpg\",\"datePublished\":\"2021-03-13T09:27:07+00:00\",\"dateModified\":\"2026-03-27T21:17:39+00:00\",\"description\":\"Kormoran Summer SUV - lieliskas Michelin grupas vasaras riepas Tavam SUV. Pieejamas abos MMK Riepu Centros par vislab\u0101kaj\u0101m cen\u0101m!\",\"breadcrumb\":{\"@id\":\"https:\\\/\\\/mmkriepas.lv\\\/en\\\/p\\\/225-55r18-kormoran-summer-suv-98v\\\/#breadcrumb\"},\"inLanguage\":\"en-US\",\"potentialAction\":[{\"@type\":\"ReadAction\",\"target\":[\"https:\\\/\\\/mmkriepas.lv\\\/en\\\/p\\\/225-55r18-kormoran-summer-suv-98v\\\/\"]}]},{\"@type\":\"ImageObject\",\"inLanguage\":\"en-US\",\"@id\":\"https:\\\/\\\/mmkriepas.lv\\\/en\\\/p\\\/225-55r18-kormoran-summer-suv-98v\\\/#primaryimage\",\"url\":\"https:\\\/\\\/mmkriepas.lv\\\/wp-content\\\/uploads\\\/2024\\\/02\\\/21570r16-kormoran-suv-summer-100h-michelin-vasaras-riepas.jpg\",\"contentUrl\":\"https:\\\/\\\/mmkriepas.lv\\\/wp-content\\\/uploads\\\/2024\\\/02\\\/21570r16-kormoran-suv-summer-100h-michelin-vasaras-riepas.jpg\",\"width\":1920,\"height\":1440,\"caption\":\"MAIN\"},{\"@type\":\"BreadcrumbList\",\"@id\":\"https:\\\/\\\/mmkriepas.lv\\\/en\\\/p\\\/225-55r18-kormoran-summer-suv-98v\\\/#breadcrumb\",\"itemListElement\":[{\"@type\":\"ListItem\",\"position\":1,\"name\":\"S\u0101kums\",\"item\":\"https:\\\/\\\/mmkriepas.lv\\\/en\\\/\"},{\"@type\":\"ListItem\",\"position\":2,\"name\":\"225\\\/55R18 Kormoran SUV Summer 98V (Michelin)\"}]},{\"@type\":\"WebSite\",\"@id\":\"https:\\\/\\\/mmkriepas.lv\\\/en\\\/#website\",\"url\":\"https:\\\/\\\/mmkriepas.lv\\\/en\\\/\",\"name\":\"MMK Riepas\",\"description\":\"MMK Riepas\",\"alternateName\":\"MMK Riepu Serviss\",\"potentialAction\":[{\"@type\":\"SearchAction\",\"target\":{\"@type\":\"EntryPoint\",\"urlTemplate\":\"https:\\\/\\\/mmkriepas.lv\\\/en\\\/?s={search_term_string}\"},\"query-input\":{\"@type\":\"PropertyValueSpecification\",\"valueRequired\":true,\"valueName\":\"search_term_string\"}}],\"inLanguage\":\"en-US\"},{\"@type\":\"ImageObject\",\"inLanguage\":\"en-US\",\"@id\":\"https:\\\/\\\/mmkriepas.lv\\\/en\\\/p\\\/225-55r18-kormoran-summer-suv-98v\\\/#local-main-organization-logo\",\"url\":\"\",\"contentUrl\":\"\",\"caption\":\"MMK Riepas\"}]}<\/script>\n<meta property=\"product:brand\" content=\"Kormoran SUV Summer\" \/>\n<meta property=\"product:price:amount\" content=\"98.00\" \/>\n<meta property=\"product:price:currency\" content=\"EUR\" \/>\n<meta property=\"og:availability\" content=\"instock\" \/>\n<meta property=\"product:availability\" content=\"instock\" \/>\n<meta property=\"product:retailer_item_id\" content=\"TS2255518KORMO-27024\" \/>\n<meta property=\"product:condition\" content=\"new\" \/>\n<!-- \/ Yoast SEO Premium plugin. -->","yoast_head_json":{"title":"225\/55R18 Kormoran SUV Summer 98V (Michelin) &#8226; MMK Riepas","description":"Kormoran Summer SUV - lieliskas Michelin grupas vasaras riepas Tavam SUV. Pieejamas abos MMK Riepu Centros par vislab\u0101kaj\u0101m cen\u0101m!","robots":{"index":"index","follow":"follow","max-snippet":"max-snippet:-1","max-image-preview":"max-image-preview:large","max-video-preview":"max-video-preview:-1"},"canonical":"https:\/\/mmkriepas.lv\/en\/p\/225-55r18-kormoran-summer-suv-98v\/","og_locale":"en_US","og_type":"article","og_title":"225\/55R18 Kormoran SUV Summer 98V (Michelin)","og_description":"Kormoran Summer SUV - lieliskas Michelin grupas vasaras riepas Tavam SUV. Pieejamas abos MMK Riepu Centros par vislab\u0101kaj\u0101m cen\u0101m!","og_url":"https:\/\/mmkriepas.lv\/en\/p\/225-55r18-kormoran-summer-suv-98v\/","og_site_name":"MMK Riepas","article_publisher":"https:\/\/www.facebook.com\/mmkserviss\/","article_modified_time":"2026-03-27T21:17:39+00:00","og_image":[{"width":1920,"height":1440,"url":"https:\/\/mmkriepas.lv\/wp-content\/uploads\/2024\/02\/21570r16-kormoran-suv-summer-100h-michelin-vasaras-riepas.jpg","type":"image\/jpeg"}],"twitter_card":"summary_large_image","twitter_misc":{"Price":"&euro;98.00","Availability":"In stock"},"schema":{"@context":"https:\/\/schema.org","@graph":[{"@type":"WebPage","@id":"https:\/\/mmkriepas.lv\/en\/p\/225-55r18-kormoran-summer-suv-98v\/","url":"https:\/\/mmkriepas.lv\/en\/p\/225-55r18-kormoran-summer-suv-98v\/","name":"225\/55R18 Kormoran SUV Summer 98V (Michelin) &#8226; MMK Riepas","isPartOf":{"@id":"https:\/\/mmkriepas.lv\/en\/#website"},"primaryImageOfPage":{"@id":"https:\/\/mmkriepas.lv\/en\/p\/225-55r18-kormoran-summer-suv-98v\/#primaryimage"},"image":{"@id":"https:\/\/mmkriepas.lv\/en\/p\/225-55r18-kormoran-summer-suv-98v\/#primaryimage"},"thumbnailUrl":"https:\/\/mmkriepas.lv\/wp-content\/uploads\/2024\/02\/21570r16-kormoran-suv-summer-100h-michelin-vasaras-riepas.jpg","datePublished":"2021-03-13T09:27:07+00:00","dateModified":"2026-03-27T21:17:39+00:00","description":"Kormoran Summer SUV - lieliskas Michelin grupas vasaras riepas Tavam SUV. Pieejamas abos MMK Riepu Centros par vislab\u0101kaj\u0101m cen\u0101m!","breadcrumb":{"@id":"https:\/\/mmkriepas.lv\/en\/p\/225-55r18-kormoran-summer-suv-98v\/#breadcrumb"},"inLanguage":"en-US","potentialAction":[{"@type":"ReadAction","target":["https:\/\/mmkriepas.lv\/en\/p\/225-55r18-kormoran-summer-suv-98v\/"]}]},{"@type":"ImageObject","inLanguage":"en-US","@id":"https:\/\/mmkriepas.lv\/en\/p\/225-55r18-kormoran-summer-suv-98v\/#primaryimage","url":"https:\/\/mmkriepas.lv\/wp-content\/uploads\/2024\/02\/21570r16-kormoran-suv-summer-100h-michelin-vasaras-riepas.jpg","contentUrl":"https:\/\/mmkriepas.lv\/wp-content\/uploads\/2024\/02\/21570r16-kormoran-suv-summer-100h-michelin-vasaras-riepas.jpg","width":1920,"height":1440,"caption":"MAIN"},{"@type":"BreadcrumbList","@id":"https:\/\/mmkriepas.lv\/en\/p\/225-55r18-kormoran-summer-suv-98v\/#breadcrumb","itemListElement":[{"@type":"ListItem","position":1,"name":"S\u0101kums","item":"https:\/\/mmkriepas.lv\/en\/"},{"@type":"ListItem","position":2,"name":"225\/55R18 Kormoran SUV Summer 98V (Michelin)"}]},{"@type":"WebSite","@id":"https:\/\/mmkriepas.lv\/en\/#website","url":"https:\/\/mmkriepas.lv\/en\/","name":"MMK Riepas","description":"MMK Riepas","alternateName":"MMK Riepu Serviss","potentialAction":[{"@type":"SearchAction","target":{"@type":"EntryPoint","urlTemplate":"https:\/\/mmkriepas.lv\/en\/?s={search_term_string}"},"query-input":{"@type":"PropertyValueSpecification","valueRequired":true,"valueName":"search_term_string"}}],"inLanguage":"en-US"},{"@type":"ImageObject","inLanguage":"en-US","@id":"https:\/\/mmkriepas.lv\/en\/p\/225-55r18-kormoran-summer-suv-98v\/#local-main-organization-logo","url":"","contentUrl":"","caption":"MMK Riepas"}]},"product_brand":"Kormoran SUV Summer","product_price_amount":"98.00","product_price_currency":"EUR","og_availability":"instock","product_availability":"instock","product_retailer_item_id":"TS2255518KORMO-27024","product_condition":"new"},"_links":{"self":[{"href":"https:\/\/mmkriepas.lv\/en\/wp-json\/wp\/v2\/product\/174419","targetHints":{"allow":["GET"]}}],"collection":[{"href":"https:\/\/mmkriepas.lv\/en\/wp-json\/wp\/v2\/product"}],"about":[{"href":"https:\/\/mmkriepas.lv\/en\/wp-json\/wp\/v2\/types\/product"}],"wp:featuredmedia":[{"embeddable":true,"href":"https:\/\/mmkriepas.lv\/en\/wp-json\/wp\/v2\/media\/862506"}],"wp:attachment":[{"href":"https:\/\/mmkriepas.lv\/en\/wp-json\/wp\/v2\/media?parent=174419"}],"wp:term":[{"taxonomy":"product_brand","embeddable":true,"href":"https:\/\/mmkriepas.lv\/en\/wp-json\/wp\/v2\/product_brand?post=174419"},{"taxonomy":"product_cat","embeddable":true,"href":"https:\/\/mmkriepas.lv\/en\/wp-json\/wp\/v2\/product_cat?post=174419"},{"taxonomy":"product_tag","embeddable":true,"href":"https:\/\/mmkriepas.lv\/en\/wp-json\/wp\/v2\/product_tag?post=174419"}],"curies":[{"name":"wp","href":"https:\/\/api.w.org\/{rel}","templated":true}]}}