{"id":174072,"date":"2021-03-10T11:26:40","date_gmt":"2021-03-10T09:26:40","guid":{"rendered":"https:\/\/mmkserviss.lv\/?post_type=product&#038;p=174072"},"modified":"2023-02-08T13:20:19","modified_gmt":"2023-02-08T11:20:19","slug":"235-60r18-cordiant-comfort-2-suv-107h","status":"publish","type":"product","link":"https:\/\/mmkriepas.lv\/en\/p\/235-60r18-cordiant-comfort-2-suv-107h\/","title":{"rendered":"235\/60R18 Cordiant Comfort 2 SUV 107H"},"content":{"rendered":"<p><span> <\/span>Cordiant Comfort 2\u00a0 SUV vasaras riepa ir p<span>aredz\u0113ta apvidus auto jeb SUV<\/span>, kas p\u0101rsvar\u0101 p\u0101rvietojas pa galvenajiem un re\u0123ion\u0101lajiem valsts ce\u013ciem kurus kl\u0101j asfalt\u0113ts segums. \u0160o modeli raksturo augsta komforta pak\u0101pe braucot, dro\u0161\u012bba uz sausa un slapja ce\u013ca. Cordiant riepas piel\u012bdzin\u0101mas vid\u0113j\u0101s vai pat klases Hankook, Kleber, Debica, Kumho u.t.t un vien minim\u0101li atpaliek no Yokohama, Toyo un daudziem citiem riepu ra\u017eot\u0101jiem.<\/p>\n<h3>Cordiant Comfort 2 SUV galven\u0101s iez\u012bmes<\/h3>\n<p>&#8211; 2 sl\u0101\u0146u protektors nodro\u0161ina m\u012bkstu un komfortablu brauk\u0161anu un sportisku vad\u012btsp\u0113ju; &#8211; iztur\u012bgs gumijas sast\u0101vs aizsarg\u0101 riepu pret pl\u012bsumiem un griezumiem; &#8211; \u012bpa\u0161i laba stabilit\u0101te uz ce\u013ca, pateicoties palielin\u0101tajam sa\u0137eres laukumam. <span>* Uzman\u012bbu: da\u017eas vasaras riepas var b\u016bt mar\u0137\u0113tas ar M+S apz\u012bm\u0113jumu, bet praktiski ar s\u012bm riep\u0101m ieteicams braukt tikai siltajos m\u0113ne\u0161os.\u00a0<\/span><\/p>\n<h3><b>2 sl\u0101\u0146u protektors<\/b><\/h3>\n<p><span style=\"font-weight: 400;\">Riepas \u0101r\u0113j\u0101 da\u013ca, kas saskaras ar ce\u013ca segumu, ir izgatavota no elast\u012bgas gumijas. T\u0101 absorb\u0113, no maziem nel\u012bdzenumiem uz ce\u013ca, rad\u012btos triecienus, pateicoties kam tiek nodro\u0161in\u0101ta m\u012bkst\u0101ka brauk\u0161ana.<\/span> <span style=\"font-weight: 400;\">Savuk\u0101rt protektora iek\u0161\u0113j\u0101 da\u013ca izgatavota no stingr\u0101ka gumijas mais\u012bjuma. T\u0101 veic vair\u0101kas funkcijas. Vienm\u0113r\u012bga spiediena sadal\u012b\u0161ana riepas iek\u0161pus\u0113 nodro\u0161ina degvielas ekonomiju un vienm\u0113r\u012bgu protektora dil\u0161anu. Tiek nodro\u0161in\u0101ta lab\u0101ka vad\u0101m\u012bba un stabilit\u0101te pie brauk\u0161anas liel\u0101k\u0101 \u0101trum\u0101.\u00a0<\/span><\/p>\n<h3><b>Salikta riepas konstrukcija<\/b><\/h3>\n<p><span style=\"font-weight: 400;\">Salikt\u0101 konstrukcija atrodas tie\u0161i zem protektora. T\u0101 \u0101r\u0113j\u0101 da\u013ca ir izgatavota no neilona kordiem, bet iek\u0161\u0113j\u0101 &#8211; no t\u0113rauda kordiem. Abas \u0161\u012bs da\u013cas tiek sal\u012bm\u0113tas kop\u0101 ar spir\u0101lveida uzl\u012bmi, bez jebk\u0101diem \u0161uvumiem vai salaidumiem, kas p\u0101rkl\u0101jas. \u0160\u0101da riepas uzb\u016bve nodro\u0161ina vair\u0101kas priek\u0161roc\u012bbas. Pirmk\u0101rt, vienm\u0113r\u012bga spiediena sadal\u012b\u0161ana riepas iek\u0161pus\u0113. Otrk\u0101rt, t\u0101 ir sp\u0113ja saglab\u0101t s\u0101kotn\u0113jo riepas formu brauk\u0161anas laik\u0101 (strauja uzs\u0101k\u0161ana, bremz\u0113\u0161ana, asi pagriezieni). Rezult\u0101t\u0101 uzlabojas vad\u0101m\u012bba, automa\u0161\u012bna ir daudz stabil\u0101ka un ir \u0101tr\u0101ka, prec\u012bz\u0101ka reakcija uz st\u016bres kust\u012bb\u0101m. Turkl\u0101t divk\u0101r\u0161ais gumijas sast\u0101vs b\u016btiski palielina riepas aizsardz\u012bbu pret pl\u012bsumiem vai iesp\u0113jamas p\u0101rsi\u0161anas.<\/span><\/p>\n<h3><b>3D model\u0113\u0161ana<\/b><\/h3>\n<p><span style=\"font-weight: 400;\">Riepa tiek izstr\u0101d\u0101ta, izmantojot 3D model\u0113\u0161anu. \u0160\u012b tehnolo\u0123ija \u013cauj optimiz\u0113t protektora dizainu un izv\u0113l\u0113ties efekt\u012bv\u0101kos materi\u0101lus.<\/span><\/p>\n<h3><b>Stabilas sa\u0137eres \u012bpa\u0161\u012bbas<\/b><\/h3>\n<p><span style=\"font-weight: 400;\">Optimiz\u0113ts protektora raksts un forma. B\u016btiski palielin\u0101ts riepas sa\u0137eres laukums ar ce\u013cu. \u0160\u012b sa\u0137eres laukuma forma l\u012bdzin\u0101s kvadr\u0101tam. L\u012bdz ar ko tiek nodro\u0161in\u0101tas ne tikai lab\u0101kas sa\u0137eres \u012bpa\u0161\u012bbas, bet ar\u012b tiek pan\u0101kta stabilit\u0101te jebkur\u0101 brauk\u0161anas re\u017e\u012bm\u0101.<\/span> <b>*<\/b><span style=\"font-weight: 400;\">Uzman\u012bbu:<\/span><span style=\"font-weight: 400;\"> vasaras riepas, kas ir ra\u017eotas \u0136\u012bn\u0101, var b\u016bt apz\u012bm\u0113tas ar apz\u012bm\u0113jumu M + S. J\u0101\u0146em ver\u0101, ka \u0136\u012bnas teritorija sniedzas da\u017e\u0101d\u0101s klimatiskaj\u0101s zon\u0101s, kur da\u017eviet metereolo\u0123isk\u0101 ziema t\u0101 ar\u012b neiest\u0101jas. L\u012bdz ar to, tur \u0161\u012bs riepas var izmantot visu gadu, kam\u0113r Latvij\u0101 tas nestr\u0101d\u0101!<\/span><\/p>\n<p><span style=\"font-weight: 400;\"><\/span><span style=\"font-weight: 400;\"><\/span> <b>Cordiant Comfort 2 SUV &#8211; <\/b><span style=\"font-weight: 400;\">vid\u0113j\u0101s klases riepas ar premuim kvalit\u0101tes iez\u012bm\u0113m. Pieejams abos MMK Riepu Centros par vislab\u0101kaj\u0101m cen\u0101m!<\/span><\/p>\n","protected":false},"excerpt":{"rendered":"<p>Cordiant Comfort 2&nbsp; SUV vasaras riepa ir p<span>aredz\u0113ta apvidus auto jeb SUV<\/span>, kas p\u0101rsvar\u0101 p\u0101rvietojas pa galvenajiem un re\u0123ion\u0101lajiem valsts ce\u013ciem kurus kl\u0101j asfalt\u0113ts segums. \u0160o modeli raksturo augsta komforta pak\u0101pe braucot, dro\u0161\u012bba uz sausa un slapja ce\u013ca.<\/p>\n<p>Cordiant riepas piel\u012bdzin\u0101mas vid\u0113j\u0101s vai pat klases Hankook, Kleber, Debica, Kumho u.t.t un vien minim\u0101li atpaliek no Yokohama, Toyo un daudziem citiem riepu ra\u017eot\u0101jiem.<\/p>\n","protected":false},"featured_media":864026,"template":"","meta":{"_acf_changed":false,"ngg_post_thumbnail":0},"product_brand":[],"product_cat":[46],"product_tag":[],"class_list":{"0":"post-174072","1":"product","2":"type-product","3":"status-publish","4":"has-post-thumbnail","6":"product_cat-vasaras-riepas","8":"first","9":"instock","10":"sale","11":"taxable","12":"shipping-taxable","13":"product-type-simple"},"acf":[],"yoast_head":"<!-- This site is optimized with the Yoast SEO Premium plugin v22.6 (Yoast SEO v27.3) - https:\/\/yoast.com\/product\/yoast-seo-premium-wordpress\/ -->\n<title>235\/60R18 Cordiant Comfort 2 SUV 107H &#8226; MMK Riepas<\/title>\n<meta name=\"description\" content=\"Cordiant Comfort 2 SUV - vid\u0113j\u0101s klases riepas ar premuim kvalit\u0101tes iez\u012bm\u0113m. Pieejams abos MMK Riepu Centros par vislab\u0101kaj\u0101m cen\u0101m!\" \/>\n<meta name=\"robots\" content=\"index, follow, max-snippet:-1, max-image-preview:large, max-video-preview:-1\" \/>\n<link rel=\"canonical\" href=\"https:\/\/mmkriepas.lv\/en\/p\/235-60r18-cordiant-comfort-2-suv-107h\/\" \/>\n<meta property=\"og:locale\" content=\"en_US\" \/>\n<meta property=\"og:type\" content=\"article\" \/>\n<meta property=\"og:title\" content=\"235\/60R18 Cordiant Comfort 2 SUV 107H\" \/>\n<meta property=\"og:description\" content=\"Cordiant Comfort 2 SUV - vid\u0113j\u0101s klases riepas ar premuim kvalit\u0101tes iez\u012bm\u0113m. Pieejams abos MMK Riepu Centros par vislab\u0101kaj\u0101m cen\u0101m!\" \/>\n<meta property=\"og:url\" content=\"https:\/\/mmkriepas.lv\/en\/p\/235-60r18-cordiant-comfort-2-suv-107h\/\" \/>\n<meta property=\"og:site_name\" content=\"MMK Riepas\" \/>\n<meta property=\"article:publisher\" content=\"https:\/\/www.facebook.com\/mmkserviss\/\" \/>\n<meta property=\"article:modified_time\" content=\"2023-02-08T11:20:19+00:00\" \/>\n<meta property=\"og:image\" content=\"https:\/\/mmkriepas.lv\/wp-content\/uploads\/2024\/02\/25555r18-cordiant-comfort-2-suv-109h-vasaras-riepas.jpg\" \/>\n\t<meta property=\"og:image:width\" content=\"1920\" \/>\n\t<meta property=\"og:image:height\" content=\"1440\" \/>\n\t<meta property=\"og:image:type\" content=\"image\/jpeg\" \/>\n<meta name=\"twitter:card\" content=\"summary_large_image\" \/>\n<meta name=\"twitter:label1\" content=\"Price\" \/>\n\t<meta name=\"twitter:data1\" content=\"&euro;73.00\" \/>\n\t<meta name=\"twitter:label2\" content=\"Availability\" \/>\n\t<meta name=\"twitter:data2\" content=\"In stock\" \/>\n<script type=\"application\/ld+json\" class=\"yoast-schema-graph\">{\"@context\":\"https:\\\/\\\/schema.org\",\"@graph\":[{\"@type\":\"WebPage\",\"@id\":\"https:\\\/\\\/mmkriepas.lv\\\/en\\\/p\\\/235-60r18-cordiant-comfort-2-suv-107h\\\/\",\"url\":\"https:\\\/\\\/mmkriepas.lv\\\/en\\\/p\\\/235-60r18-cordiant-comfort-2-suv-107h\\\/\",\"name\":\"235\\\/60R18 Cordiant Comfort 2 SUV 107H &#8226; MMK Riepas\",\"isPartOf\":{\"@id\":\"https:\\\/\\\/mmkriepas.lv\\\/en\\\/#website\"},\"primaryImageOfPage\":{\"@id\":\"https:\\\/\\\/mmkriepas.lv\\\/en\\\/p\\\/235-60r18-cordiant-comfort-2-suv-107h\\\/#primaryimage\"},\"image\":{\"@id\":\"https:\\\/\\\/mmkriepas.lv\\\/en\\\/p\\\/235-60r18-cordiant-comfort-2-suv-107h\\\/#primaryimage\"},\"thumbnailUrl\":\"https:\\\/\\\/mmkriepas.lv\\\/wp-content\\\/uploads\\\/2024\\\/02\\\/25555r18-cordiant-comfort-2-suv-109h-vasaras-riepas.jpg\",\"datePublished\":\"2021-03-10T09:26:40+00:00\",\"dateModified\":\"2023-02-08T11:20:19+00:00\",\"description\":\"Cordiant Comfort 2 SUV - vid\u0113j\u0101s klases riepas ar premuim kvalit\u0101tes iez\u012bm\u0113m. Pieejams abos MMK Riepu Centros par vislab\u0101kaj\u0101m cen\u0101m!\",\"breadcrumb\":{\"@id\":\"https:\\\/\\\/mmkriepas.lv\\\/en\\\/p\\\/235-60r18-cordiant-comfort-2-suv-107h\\\/#breadcrumb\"},\"inLanguage\":\"en-US\",\"potentialAction\":[{\"@type\":\"ReadAction\",\"target\":[\"https:\\\/\\\/mmkriepas.lv\\\/en\\\/p\\\/235-60r18-cordiant-comfort-2-suv-107h\\\/\"]}]},{\"@type\":\"ImageObject\",\"inLanguage\":\"en-US\",\"@id\":\"https:\\\/\\\/mmkriepas.lv\\\/en\\\/p\\\/235-60r18-cordiant-comfort-2-suv-107h\\\/#primaryimage\",\"url\":\"https:\\\/\\\/mmkriepas.lv\\\/wp-content\\\/uploads\\\/2024\\\/02\\\/25555r18-cordiant-comfort-2-suv-109h-vasaras-riepas.jpg\",\"contentUrl\":\"https:\\\/\\\/mmkriepas.lv\\\/wp-content\\\/uploads\\\/2024\\\/02\\\/25555r18-cordiant-comfort-2-suv-109h-vasaras-riepas.jpg\",\"width\":1920,\"height\":1440,\"caption\":\"255\\\/55R18 Cordiant Comfort 2 SUV 109H - Vasaras riepas\"},{\"@type\":\"BreadcrumbList\",\"@id\":\"https:\\\/\\\/mmkriepas.lv\\\/en\\\/p\\\/235-60r18-cordiant-comfort-2-suv-107h\\\/#breadcrumb\",\"itemListElement\":[{\"@type\":\"ListItem\",\"position\":1,\"name\":\"S\u0101kums\",\"item\":\"https:\\\/\\\/mmkriepas.lv\\\/en\\\/\"},{\"@type\":\"ListItem\",\"position\":2,\"name\":\"235\\\/60R18 Cordiant Comfort 2 SUV 107H\"}]},{\"@type\":\"WebSite\",\"@id\":\"https:\\\/\\\/mmkriepas.lv\\\/en\\\/#website\",\"url\":\"https:\\\/\\\/mmkriepas.lv\\\/en\\\/\",\"name\":\"MMK Riepas\",\"description\":\"MMK Riepas\",\"alternateName\":\"MMK Riepu Serviss\",\"potentialAction\":[{\"@type\":\"SearchAction\",\"target\":{\"@type\":\"EntryPoint\",\"urlTemplate\":\"https:\\\/\\\/mmkriepas.lv\\\/en\\\/?s={search_term_string}\"},\"query-input\":{\"@type\":\"PropertyValueSpecification\",\"valueRequired\":true,\"valueName\":\"search_term_string\"}}],\"inLanguage\":\"en-US\"},{\"@type\":\"ImageObject\",\"inLanguage\":\"en-US\",\"@id\":\"https:\\\/\\\/mmkriepas.lv\\\/en\\\/p\\\/235-60r18-cordiant-comfort-2-suv-107h\\\/#local-main-organization-logo\",\"url\":\"\",\"contentUrl\":\"\",\"caption\":\"MMK Riepas\"}]}<\/script>\n<meta property=\"product:brand\" content=\"Cordiant Comfort 2\" \/>\n<meta property=\"product:price:amount\" content=\"73.00\" \/>\n<meta property=\"product:price:currency\" content=\"EUR\" \/>\n<meta property=\"og:availability\" content=\"instock\" \/>\n<meta property=\"product:availability\" content=\"instock\" \/>\n<meta property=\"product:condition\" content=\"new\" \/>\n<!-- \/ Yoast SEO Premium plugin. -->","yoast_head_json":{"title":"235\/60R18 Cordiant Comfort 2 SUV 107H &#8226; MMK Riepas","description":"Cordiant Comfort 2 SUV - vid\u0113j\u0101s klases riepas ar premuim kvalit\u0101tes iez\u012bm\u0113m. Pieejams abos MMK Riepu Centros par vislab\u0101kaj\u0101m cen\u0101m!","robots":{"index":"index","follow":"follow","max-snippet":"max-snippet:-1","max-image-preview":"max-image-preview:large","max-video-preview":"max-video-preview:-1"},"canonical":"https:\/\/mmkriepas.lv\/en\/p\/235-60r18-cordiant-comfort-2-suv-107h\/","og_locale":"en_US","og_type":"article","og_title":"235\/60R18 Cordiant Comfort 2 SUV 107H","og_description":"Cordiant Comfort 2 SUV - vid\u0113j\u0101s klases riepas ar premuim kvalit\u0101tes iez\u012bm\u0113m. Pieejams abos MMK Riepu Centros par vislab\u0101kaj\u0101m cen\u0101m!","og_url":"https:\/\/mmkriepas.lv\/en\/p\/235-60r18-cordiant-comfort-2-suv-107h\/","og_site_name":"MMK Riepas","article_publisher":"https:\/\/www.facebook.com\/mmkserviss\/","article_modified_time":"2023-02-08T11:20:19+00:00","og_image":[{"width":1920,"height":1440,"url":"https:\/\/mmkriepas.lv\/wp-content\/uploads\/2024\/02\/25555r18-cordiant-comfort-2-suv-109h-vasaras-riepas.jpg","type":"image\/jpeg"}],"twitter_card":"summary_large_image","twitter_misc":{"Price":"&euro;73.00","Availability":"In stock"},"schema":{"@context":"https:\/\/schema.org","@graph":[{"@type":"WebPage","@id":"https:\/\/mmkriepas.lv\/en\/p\/235-60r18-cordiant-comfort-2-suv-107h\/","url":"https:\/\/mmkriepas.lv\/en\/p\/235-60r18-cordiant-comfort-2-suv-107h\/","name":"235\/60R18 Cordiant Comfort 2 SUV 107H &#8226; MMK Riepas","isPartOf":{"@id":"https:\/\/mmkriepas.lv\/en\/#website"},"primaryImageOfPage":{"@id":"https:\/\/mmkriepas.lv\/en\/p\/235-60r18-cordiant-comfort-2-suv-107h\/#primaryimage"},"image":{"@id":"https:\/\/mmkriepas.lv\/en\/p\/235-60r18-cordiant-comfort-2-suv-107h\/#primaryimage"},"thumbnailUrl":"https:\/\/mmkriepas.lv\/wp-content\/uploads\/2024\/02\/25555r18-cordiant-comfort-2-suv-109h-vasaras-riepas.jpg","datePublished":"2021-03-10T09:26:40+00:00","dateModified":"2023-02-08T11:20:19+00:00","description":"Cordiant Comfort 2 SUV - vid\u0113j\u0101s klases riepas ar premuim kvalit\u0101tes iez\u012bm\u0113m. Pieejams abos MMK Riepu Centros par vislab\u0101kaj\u0101m cen\u0101m!","breadcrumb":{"@id":"https:\/\/mmkriepas.lv\/en\/p\/235-60r18-cordiant-comfort-2-suv-107h\/#breadcrumb"},"inLanguage":"en-US","potentialAction":[{"@type":"ReadAction","target":["https:\/\/mmkriepas.lv\/en\/p\/235-60r18-cordiant-comfort-2-suv-107h\/"]}]},{"@type":"ImageObject","inLanguage":"en-US","@id":"https:\/\/mmkriepas.lv\/en\/p\/235-60r18-cordiant-comfort-2-suv-107h\/#primaryimage","url":"https:\/\/mmkriepas.lv\/wp-content\/uploads\/2024\/02\/25555r18-cordiant-comfort-2-suv-109h-vasaras-riepas.jpg","contentUrl":"https:\/\/mmkriepas.lv\/wp-content\/uploads\/2024\/02\/25555r18-cordiant-comfort-2-suv-109h-vasaras-riepas.jpg","width":1920,"height":1440,"caption":"255\/55R18 Cordiant Comfort 2 SUV 109H - Vasaras riepas"},{"@type":"BreadcrumbList","@id":"https:\/\/mmkriepas.lv\/en\/p\/235-60r18-cordiant-comfort-2-suv-107h\/#breadcrumb","itemListElement":[{"@type":"ListItem","position":1,"name":"S\u0101kums","item":"https:\/\/mmkriepas.lv\/en\/"},{"@type":"ListItem","position":2,"name":"235\/60R18 Cordiant Comfort 2 SUV 107H"}]},{"@type":"WebSite","@id":"https:\/\/mmkriepas.lv\/en\/#website","url":"https:\/\/mmkriepas.lv\/en\/","name":"MMK Riepas","description":"MMK Riepas","alternateName":"MMK Riepu Serviss","potentialAction":[{"@type":"SearchAction","target":{"@type":"EntryPoint","urlTemplate":"https:\/\/mmkriepas.lv\/en\/?s={search_term_string}"},"query-input":{"@type":"PropertyValueSpecification","valueRequired":true,"valueName":"search_term_string"}}],"inLanguage":"en-US"},{"@type":"ImageObject","inLanguage":"en-US","@id":"https:\/\/mmkriepas.lv\/en\/p\/235-60r18-cordiant-comfort-2-suv-107h\/#local-main-organization-logo","url":"","contentUrl":"","caption":"MMK Riepas"}]},"product_brand":"Cordiant Comfort 2","product_price_amount":"73.00","product_price_currency":"EUR","og_availability":"instock","product_availability":"instock","product_condition":"new"},"_links":{"self":[{"href":"https:\/\/mmkriepas.lv\/en\/wp-json\/wp\/v2\/product\/174072","targetHints":{"allow":["GET"]}}],"collection":[{"href":"https:\/\/mmkriepas.lv\/en\/wp-json\/wp\/v2\/product"}],"about":[{"href":"https:\/\/mmkriepas.lv\/en\/wp-json\/wp\/v2\/types\/product"}],"wp:featuredmedia":[{"embeddable":true,"href":"https:\/\/mmkriepas.lv\/en\/wp-json\/wp\/v2\/media\/864026"}],"wp:attachment":[{"href":"https:\/\/mmkriepas.lv\/en\/wp-json\/wp\/v2\/media?parent=174072"}],"wp:term":[{"taxonomy":"product_brand","embeddable":true,"href":"https:\/\/mmkriepas.lv\/en\/wp-json\/wp\/v2\/product_brand?post=174072"},{"taxonomy":"product_cat","embeddable":true,"href":"https:\/\/mmkriepas.lv\/en\/wp-json\/wp\/v2\/product_cat?post=174072"},{"taxonomy":"product_tag","embeddable":true,"href":"https:\/\/mmkriepas.lv\/en\/wp-json\/wp\/v2\/product_tag?post=174072"}],"curies":[{"name":"wp","href":"https:\/\/api.w.org\/{rel}","templated":true}]}}