{"id":173944,"date":"2021-03-09T17:53:56","date_gmt":"2021-03-09T15:53:56","guid":{"rendered":"https:\/\/mmkserviss.lv\/?post_type=product&#038;p=173944"},"modified":"2022-11-03T11:36:11","modified_gmt":"2022-11-03T09:36:11","slug":"225-75r16c-cordiant-business-ca2-121-120r","status":"publish","type":"product","link":"https:\/\/mmkriepas.lv\/en\/p\/225-75r16c-cordiant-business-ca2-121-120r\/","title":{"rendered":"225\/75R16C Cordiant Business CA2 121\/120R"},"content":{"rendered":"<p><b>Cordiant Business CA2<\/b><span style=\"font-weight: 400;\"> ir palielin\u0101tas iztur\u012bbas vissezonas komerctransporta riepu modelis, kas apr\u012bkots ar klasisku simetrisko protektora rakstu.&nbsp;<\/span><\/p>\n<p><span style=\"font-weight: 400;\">Cordiant riepas piel\u012bdzin\u0101mas vid\u0113j\u0101s vai pat klases Hankook, Kleber, Debica, Kumho u.t.t un vien minim\u0101li atpaliek no Yokohama, Toyo un daudziem citiem riepu ra\u017eot\u0101jiem.<\/span><\/p>\n<h3><b>Cordiant Business CA2 galven\u0101s iez\u012bmes<\/b><\/h3>\n<p><span style=\"font-weight: 400;\">+ Palielin\u0101ta kravnes\u012bba;<\/span><\/p>\n<p><span style=\"font-weight: 400;\">+ Teicama nodilumiztur\u012bba un triecieniztur\u012bba;<\/span><\/p>\n<p><span style=\"font-weight: 400;\">+ \u012apa\u0161i iztur\u012bgs riepas karkass;<\/span><\/p>\n<p><span style=\"font-weight: 400;\">+ Degvielas ekonomija;<\/span><\/p>\n<p><span style=\"font-weight: 400;\">+ Uzlabots riepas gumijas sast\u0101vs.<\/span><\/p>\n<h3><b>CA2 apr\u012bkojums<\/b><\/h3>\n<p><span style=\"font-weight: 400;\">Cordiant Business CA2 par piem\u0113rotu ar\u012b smagu kravu p\u0101rvad\u0101\u0161anai padara \u012bpa\u0161i iztur\u012bgs riepas karkass. Tas pastiprin\u0101ts ar vair\u0101kiem kordu jeb brekera sl\u0101\u0146iem, kas ir iztur\u012bgs ar\u012b p\u0113c triecieniem.&nbsp;<\/span><\/p>\n<p><span style=\"font-weight: 400;\">Veiktsp\u0113ju uz grants ce\u013ciem nodro\u0161ina sal\u012bdzino\u0161i rupjais protektors, kas izgatavots no nodilumiztur\u012bga gumijas sakaus\u0113juma. Protektora dizaina izstr\u0101d\u0113 piedal\u012bju\u0161ies ar\u012b Nokian in\u017eenieri, kas protektora dizainu papildin\u0101ju\u0161i ar p\u0101rbaud\u012btiem tehnolo\u0123iskiem risin\u0101jumiem.<\/span><\/p>\n<p><b>*<\/b><span style=\"font-weight: 400;\">Uzman\u012bbu:<\/span><span style=\"font-weight: 400;\"> vasaras riepas, kas ir ra\u017eotas \u0136\u012bn\u0101, var b\u016bt apz\u012bm\u0113tas ar apz\u012bm\u0113jumu M + S. J\u0101\u0146em ver\u0101, ka \u0136\u012bnas teritorija sniedzas da\u017e\u0101d\u0101s klimatiskaj\u0101s zon\u0101s, kur da\u017eviet metereolo\u0123isk\u0101 ziema t\u0101 ar\u012b neiest\u0101jas. L\u012bdz ar to, tur \u0161\u012bs riepas var izmantot visu gadu, kam\u0113r Latvij\u0101 tas nestr\u0101d\u0101!<\/span><\/p>\n<p><b>Cordiant Business CA2 &#8211; <\/b><span style=\"font-weight: 400;\">izcilas vid\u0113j\u0101s klases c indeksa riepas. Pieejams abos MMK Riepu Centros par vislab\u0101kaj\u0101m cen\u0101m!<\/span><\/p>\n","protected":false},"excerpt":{"rendered":"<p><b>Cordiant Business CA2<\/b><span style=\"font-weight: 400;\"> ir palielin\u0101tas iztur\u012bbas vissezonas komerctransporta riepu modelis, kas apr\u012bkots ar klasisku simetrisko protektora rakstu.&nbsp;<\/span><span style=\"font-weight: 400;\">Cordiant riepas piel\u012bdzin\u0101mas vid\u0113j\u0101s vai pat klases Hankook, Kleber, Debica, Kumho u.t.t un vien minim\u0101li atpaliek no Yokohama, Toyo un daudziem citiem riepu ra\u017eot\u0101jiem.<\/span><\/p>\n","protected":false},"featured_media":173948,"template":"","meta":{"_acf_changed":false,"ngg_post_thumbnail":0},"product_brand":[],"product_cat":[46,47],"product_tag":[],"class_list":{"0":"post-173944","1":"product","2":"type-product","3":"status-publish","4":"has-post-thumbnail","6":"product_cat-vasaras-riepas","7":"product_cat-vissezonas-riepas","9":"first","10":"instock","11":"sale","12":"taxable","13":"shipping-taxable","14":"product-type-simple"},"acf":[],"yoast_head":"<!-- This site is optimized with the Yoast SEO Premium plugin v22.6 (Yoast SEO v27.3) - https:\/\/yoast.com\/product\/yoast-seo-premium-wordpress\/ -->\n<title>225\/75R16C Cordiant Business CA2 121\/120R &#8226; MMK Riepas<\/title>\n<meta name=\"description\" content=\"Cordiant Business CA2 - augstas veiktsp\u0113jas vid\u0113j\u0101s klases c indeksa jeb busu riepas. Pieejams abos MMK Riepu Centros par vislab\u0101kaj\u0101m cen\u0101m!\" \/>\n<meta name=\"robots\" content=\"index, follow, max-snippet:-1, max-image-preview:large, max-video-preview:-1\" \/>\n<link rel=\"canonical\" href=\"https:\/\/mmkriepas.lv\/en\/p\/225-75r16c-cordiant-business-ca2-121-120r\/\" \/>\n<meta property=\"og:locale\" content=\"en_US\" \/>\n<meta property=\"og:type\" content=\"article\" \/>\n<meta property=\"og:title\" content=\"225\/75R16C Cordiant Business CA2 121\/120R\" \/>\n<meta property=\"og:description\" content=\"Cordiant Business CA2 - augstas veiktsp\u0113jas vid\u0113j\u0101s klases c indeksa jeb busu riepas. Pieejams abos MMK Riepu Centros par vislab\u0101kaj\u0101m cen\u0101m!\" \/>\n<meta property=\"og:url\" content=\"https:\/\/mmkriepas.lv\/en\/p\/225-75r16c-cordiant-business-ca2-121-120r\/\" \/>\n<meta property=\"og:site_name\" content=\"MMK Riepas\" \/>\n<meta property=\"article:publisher\" content=\"https:\/\/www.facebook.com\/mmkserviss\/\" \/>\n<meta property=\"article:modified_time\" content=\"2022-11-03T09:36:11+00:00\" \/>\n<meta property=\"og:image\" content=\"https:\/\/mmkriepas.lv\/wp-content\/uploads\/2021\/03\/18575r16c-cordiant-business-ca2-104102q-vasaras-riepas.jpg\" \/>\n\t<meta property=\"og:image:width\" content=\"359\" \/>\n\t<meta property=\"og:image:height\" content=\"620\" \/>\n\t<meta property=\"og:image:type\" content=\"image\/jpeg\" \/>\n<meta name=\"twitter:card\" content=\"summary_large_image\" \/>\n<meta name=\"twitter:label1\" content=\"Price\" \/>\n\t<meta name=\"twitter:data1\" content=\"&euro;91.00\" \/>\n\t<meta name=\"twitter:label2\" content=\"Availability\" \/>\n\t<meta name=\"twitter:data2\" content=\"In stock\" \/>\n<script type=\"application\/ld+json\" class=\"yoast-schema-graph\">{\"@context\":\"https:\\\/\\\/schema.org\",\"@graph\":[{\"@type\":\"WebPage\",\"@id\":\"https:\\\/\\\/mmkriepas.lv\\\/en\\\/p\\\/225-75r16c-cordiant-business-ca2-121-120r\\\/\",\"url\":\"https:\\\/\\\/mmkriepas.lv\\\/en\\\/p\\\/225-75r16c-cordiant-business-ca2-121-120r\\\/\",\"name\":\"225\\\/75R16C Cordiant Business CA2 121\\\/120R &#8226; MMK Riepas\",\"isPartOf\":{\"@id\":\"https:\\\/\\\/mmkriepas.lv\\\/en\\\/#website\"},\"primaryImageOfPage\":{\"@id\":\"https:\\\/\\\/mmkriepas.lv\\\/en\\\/p\\\/225-75r16c-cordiant-business-ca2-121-120r\\\/#primaryimage\"},\"image\":{\"@id\":\"https:\\\/\\\/mmkriepas.lv\\\/en\\\/p\\\/225-75r16c-cordiant-business-ca2-121-120r\\\/#primaryimage\"},\"thumbnailUrl\":\"https:\\\/\\\/mmkriepas.lv\\\/wp-content\\\/uploads\\\/2021\\\/03\\\/18575r16c-cordiant-business-ca2-104102q-vasaras-riepas.jpg\",\"datePublished\":\"2021-03-09T15:53:56+00:00\",\"dateModified\":\"2022-11-03T09:36:11+00:00\",\"description\":\"Cordiant Business CA2 - augstas veiktsp\u0113jas vid\u0113j\u0101s klases c indeksa jeb busu riepas. Pieejams abos MMK Riepu Centros par vislab\u0101kaj\u0101m cen\u0101m!\",\"breadcrumb\":{\"@id\":\"https:\\\/\\\/mmkriepas.lv\\\/en\\\/p\\\/225-75r16c-cordiant-business-ca2-121-120r\\\/#breadcrumb\"},\"inLanguage\":\"en-US\",\"potentialAction\":[{\"@type\":\"ReadAction\",\"target\":[\"https:\\\/\\\/mmkriepas.lv\\\/en\\\/p\\\/225-75r16c-cordiant-business-ca2-121-120r\\\/\"]}]},{\"@type\":\"ImageObject\",\"inLanguage\":\"en-US\",\"@id\":\"https:\\\/\\\/mmkriepas.lv\\\/en\\\/p\\\/225-75r16c-cordiant-business-ca2-121-120r\\\/#primaryimage\",\"url\":\"https:\\\/\\\/mmkriepas.lv\\\/wp-content\\\/uploads\\\/2021\\\/03\\\/18575r16c-cordiant-business-ca2-104102q-vasaras-riepas.jpg\",\"contentUrl\":\"https:\\\/\\\/mmkriepas.lv\\\/wp-content\\\/uploads\\\/2021\\\/03\\\/18575r16c-cordiant-business-ca2-104102q-vasaras-riepas.jpg\",\"width\":359,\"height\":620,\"caption\":\"185\\\/75R16C Cordiant Business CA2 104\\\/102Q - Vasaras riepas \\\/ Vissezonas riepas\"},{\"@type\":\"BreadcrumbList\",\"@id\":\"https:\\\/\\\/mmkriepas.lv\\\/en\\\/p\\\/225-75r16c-cordiant-business-ca2-121-120r\\\/#breadcrumb\",\"itemListElement\":[{\"@type\":\"ListItem\",\"position\":1,\"name\":\"S\u0101kums\",\"item\":\"https:\\\/\\\/mmkriepas.lv\\\/en\\\/\"},{\"@type\":\"ListItem\",\"position\":2,\"name\":\"225\\\/75R16C Cordiant Business CA2 121\\\/120R\"}]},{\"@type\":\"WebSite\",\"@id\":\"https:\\\/\\\/mmkriepas.lv\\\/en\\\/#website\",\"url\":\"https:\\\/\\\/mmkriepas.lv\\\/en\\\/\",\"name\":\"MMK Riepas\",\"description\":\"MMK Riepas\",\"alternateName\":\"MMK Riepu Serviss\",\"potentialAction\":[{\"@type\":\"SearchAction\",\"target\":{\"@type\":\"EntryPoint\",\"urlTemplate\":\"https:\\\/\\\/mmkriepas.lv\\\/en\\\/?s={search_term_string}\"},\"query-input\":{\"@type\":\"PropertyValueSpecification\",\"valueRequired\":true,\"valueName\":\"search_term_string\"}}],\"inLanguage\":\"en-US\"},{\"@type\":\"ImageObject\",\"inLanguage\":\"en-US\",\"@id\":\"https:\\\/\\\/mmkriepas.lv\\\/en\\\/p\\\/225-75r16c-cordiant-business-ca2-121-120r\\\/#local-main-organization-logo\",\"url\":\"\",\"contentUrl\":\"\",\"caption\":\"MMK Riepas\"}]}<\/script>\n<meta property=\"product:brand\" content=\"Cordiant Business CA2\" \/>\n<meta property=\"product:price:amount\" content=\"91.00\" \/>\n<meta property=\"product:price:currency\" content=\"EUR\" \/>\n<meta property=\"og:availability\" content=\"instock\" \/>\n<meta property=\"product:availability\" content=\"instock\" \/>\n<meta property=\"product:condition\" content=\"new\" \/>\n<!-- \/ Yoast SEO Premium plugin. -->","yoast_head_json":{"title":"225\/75R16C Cordiant Business CA2 121\/120R &#8226; MMK Riepas","description":"Cordiant Business CA2 - augstas veiktsp\u0113jas vid\u0113j\u0101s klases c indeksa jeb busu riepas. Pieejams abos MMK Riepu Centros par vislab\u0101kaj\u0101m cen\u0101m!","robots":{"index":"index","follow":"follow","max-snippet":"max-snippet:-1","max-image-preview":"max-image-preview:large","max-video-preview":"max-video-preview:-1"},"canonical":"https:\/\/mmkriepas.lv\/en\/p\/225-75r16c-cordiant-business-ca2-121-120r\/","og_locale":"en_US","og_type":"article","og_title":"225\/75R16C Cordiant Business CA2 121\/120R","og_description":"Cordiant Business CA2 - augstas veiktsp\u0113jas vid\u0113j\u0101s klases c indeksa jeb busu riepas. Pieejams abos MMK Riepu Centros par vislab\u0101kaj\u0101m cen\u0101m!","og_url":"https:\/\/mmkriepas.lv\/en\/p\/225-75r16c-cordiant-business-ca2-121-120r\/","og_site_name":"MMK Riepas","article_publisher":"https:\/\/www.facebook.com\/mmkserviss\/","article_modified_time":"2022-11-03T09:36:11+00:00","og_image":[{"width":359,"height":620,"url":"https:\/\/mmkriepas.lv\/wp-content\/uploads\/2021\/03\/18575r16c-cordiant-business-ca2-104102q-vasaras-riepas.jpg","type":"image\/jpeg"}],"twitter_card":"summary_large_image","twitter_misc":{"Price":"&euro;91.00","Availability":"In stock"},"schema":{"@context":"https:\/\/schema.org","@graph":[{"@type":"WebPage","@id":"https:\/\/mmkriepas.lv\/en\/p\/225-75r16c-cordiant-business-ca2-121-120r\/","url":"https:\/\/mmkriepas.lv\/en\/p\/225-75r16c-cordiant-business-ca2-121-120r\/","name":"225\/75R16C Cordiant Business CA2 121\/120R &#8226; MMK Riepas","isPartOf":{"@id":"https:\/\/mmkriepas.lv\/en\/#website"},"primaryImageOfPage":{"@id":"https:\/\/mmkriepas.lv\/en\/p\/225-75r16c-cordiant-business-ca2-121-120r\/#primaryimage"},"image":{"@id":"https:\/\/mmkriepas.lv\/en\/p\/225-75r16c-cordiant-business-ca2-121-120r\/#primaryimage"},"thumbnailUrl":"https:\/\/mmkriepas.lv\/wp-content\/uploads\/2021\/03\/18575r16c-cordiant-business-ca2-104102q-vasaras-riepas.jpg","datePublished":"2021-03-09T15:53:56+00:00","dateModified":"2022-11-03T09:36:11+00:00","description":"Cordiant Business CA2 - augstas veiktsp\u0113jas vid\u0113j\u0101s klases c indeksa jeb busu riepas. Pieejams abos MMK Riepu Centros par vislab\u0101kaj\u0101m cen\u0101m!","breadcrumb":{"@id":"https:\/\/mmkriepas.lv\/en\/p\/225-75r16c-cordiant-business-ca2-121-120r\/#breadcrumb"},"inLanguage":"en-US","potentialAction":[{"@type":"ReadAction","target":["https:\/\/mmkriepas.lv\/en\/p\/225-75r16c-cordiant-business-ca2-121-120r\/"]}]},{"@type":"ImageObject","inLanguage":"en-US","@id":"https:\/\/mmkriepas.lv\/en\/p\/225-75r16c-cordiant-business-ca2-121-120r\/#primaryimage","url":"https:\/\/mmkriepas.lv\/wp-content\/uploads\/2021\/03\/18575r16c-cordiant-business-ca2-104102q-vasaras-riepas.jpg","contentUrl":"https:\/\/mmkriepas.lv\/wp-content\/uploads\/2021\/03\/18575r16c-cordiant-business-ca2-104102q-vasaras-riepas.jpg","width":359,"height":620,"caption":"185\/75R16C Cordiant Business CA2 104\/102Q - Vasaras riepas \/ Vissezonas riepas"},{"@type":"BreadcrumbList","@id":"https:\/\/mmkriepas.lv\/en\/p\/225-75r16c-cordiant-business-ca2-121-120r\/#breadcrumb","itemListElement":[{"@type":"ListItem","position":1,"name":"S\u0101kums","item":"https:\/\/mmkriepas.lv\/en\/"},{"@type":"ListItem","position":2,"name":"225\/75R16C Cordiant Business CA2 121\/120R"}]},{"@type":"WebSite","@id":"https:\/\/mmkriepas.lv\/en\/#website","url":"https:\/\/mmkriepas.lv\/en\/","name":"MMK Riepas","description":"MMK Riepas","alternateName":"MMK Riepu Serviss","potentialAction":[{"@type":"SearchAction","target":{"@type":"EntryPoint","urlTemplate":"https:\/\/mmkriepas.lv\/en\/?s={search_term_string}"},"query-input":{"@type":"PropertyValueSpecification","valueRequired":true,"valueName":"search_term_string"}}],"inLanguage":"en-US"},{"@type":"ImageObject","inLanguage":"en-US","@id":"https:\/\/mmkriepas.lv\/en\/p\/225-75r16c-cordiant-business-ca2-121-120r\/#local-main-organization-logo","url":"","contentUrl":"","caption":"MMK Riepas"}]},"product_brand":"Cordiant Business CA2","product_price_amount":"91.00","product_price_currency":"EUR","og_availability":"instock","product_availability":"instock","product_condition":"new"},"_links":{"self":[{"href":"https:\/\/mmkriepas.lv\/en\/wp-json\/wp\/v2\/product\/173944","targetHints":{"allow":["GET"]}}],"collection":[{"href":"https:\/\/mmkriepas.lv\/en\/wp-json\/wp\/v2\/product"}],"about":[{"href":"https:\/\/mmkriepas.lv\/en\/wp-json\/wp\/v2\/types\/product"}],"wp:featuredmedia":[{"embeddable":true,"href":"https:\/\/mmkriepas.lv\/en\/wp-json\/wp\/v2\/media\/173948"}],"wp:attachment":[{"href":"https:\/\/mmkriepas.lv\/en\/wp-json\/wp\/v2\/media?parent=173944"}],"wp:term":[{"taxonomy":"product_brand","embeddable":true,"href":"https:\/\/mmkriepas.lv\/en\/wp-json\/wp\/v2\/product_brand?post=173944"},{"taxonomy":"product_cat","embeddable":true,"href":"https:\/\/mmkriepas.lv\/en\/wp-json\/wp\/v2\/product_cat?post=173944"},{"taxonomy":"product_tag","embeddable":true,"href":"https:\/\/mmkriepas.lv\/en\/wp-json\/wp\/v2\/product_tag?post=173944"}],"curies":[{"name":"wp","href":"https:\/\/api.w.org\/{rel}","templated":true}]}}