{"id":173943,"date":"2021-03-09T17:53:53","date_gmt":"2021-03-09T15:53:53","guid":{"rendered":"https:\/\/mmkserviss.lv\/?post_type=product&#038;p=173943"},"modified":"2022-11-03T11:36:12","modified_gmt":"2022-11-03T09:36:12","slug":"225-75r16c-cordiant-business-ca-121-120q","status":"publish","type":"product","link":"https:\/\/mmkriepas.lv\/en\/p\/225-75r16c-cordiant-business-ca-121-120q\/","title":{"rendered":"225\/75R16C Cordiant Business CA 121\/120Q"},"content":{"rendered":"<p><b>Cordiant Business CA <\/b><span style=\"font-weight: 400;\">ir komerctransporta riepu modelis. Tas paredz\u0113ts mikroautobusiem un vieglajiem kravas auto un piem\u0113rots smagu kravu p\u0101rvad\u0101\u0161anai gan pa asfaltu, gan grants ce\u013ciem. \u0160is c indeksa riepu modelis piel\u012bdzin\u0101ms vid\u0113j\u0101s vai pat premium klases Hankook, Kleber, Debica, Kumho un daudziem citiem.<\/span><\/p>\n<h3><b>Cordiant Business CA galven\u0101s iez\u012bmes<\/b><\/h3>\n<p><span style=\"font-weight: 400;\">+ Paaugstin\u0101ta kravnes\u012bba;<\/span><\/p>\n<p><span style=\"font-weight: 400;\">+ Papildus brekera jeb kordu sl\u0101\u0146i;<\/span><\/p>\n<p><span style=\"font-weight: 400;\">+ Palielin\u0101ta nodilum un triecieniztur\u012bba;<\/span><\/p>\n<p><span style=\"font-weight: 400;\">+ Klasisks, simetrisks protektora raksts;<\/span><\/p>\n<p><span style=\"font-weight: 400;\">+ Riepas izstr\u0101d\u0113 piedal\u012bju\u0161ies ar\u012b Nokian in\u017eenieri.<\/span><\/p>\n<h3><b>Business CA apr\u012bkojums<\/b><\/h3>\n<p><span style=\"font-weight: 400;\">\u0160is komerctransporta riepu modelis apr\u012bkots ar simetrisku, klasisku protektora rakstu ar m\u0113r\u0137i palielin\u0101t riepas kravnes\u012bbu. \u0160\u012b pa\u0161a m\u0113r\u0137a labad str\u0101d\u0101 ar\u012b ar vair\u0101kiem brekera jeb kordu sl\u0101\u0146iem papildin\u0101tais riepas karkass, kas iet\u0113rpts nodilumiztur\u012bg\u0101 gumijas sakaus\u0113jum\u0101.<\/span><\/p>\n<p><span style=\"font-weight: 400;\">Neskatoties uz laikapst\u0101k\u013ciem, Cordiant Business CA b\u016bs izcils sabiedrotais jebkuram komercauto vad\u012bt\u0101jam. Att\u012bst\u012bta \u016bdens izvadkan\u0101lu sist\u0113ma nodro\u0161ina samazin\u0101tu akvaplan\u0113\u0161anas risku un sal\u012bdzino\u0161i rupjais protektors &#8211; izcilu veiktsp\u0113ju ar\u012b uz grants ce\u013ciem.<\/span><\/p>\n<p><b>*<\/b><span style=\"font-weight: 400;\">Uzman\u012bbu:<\/span><span style=\"font-weight: 400;\"> vasaras riepas, kas ir ra\u017eotas \u0136\u012bn\u0101, var b\u016bt apz\u012bm\u0113tas ar apz\u012bm\u0113jumu M + S. J\u0101\u0146em ver\u0101, ka \u0136\u012bnas teritorija sniedzas da\u017e\u0101d\u0101s klimatiskaj\u0101s zon\u0101s, kur da\u017eviet metereolo\u0123isk\u0101 ziema t\u0101 ar\u012b neiest\u0101jas. L\u012bdz ar to, tur \u0161\u012bs riepas var izmantot visu gadu, kam\u0113r Latvij\u0101 tas nestr\u0101d\u0101!<\/span><\/p>\n<p><b>Cordiant Business CA &#8211; <\/b><span style=\"font-weight: 400;\">izcilas vid\u0113j\u0101s klases c indeksa riepas. Pieejams abos MMK Riepu Centros par vislab\u0101kaj\u0101m cen\u0101m!<\/span><\/p>\n","protected":false},"excerpt":{"rendered":"<p><b>Cordiant Business CA <\/b><span style=\"font-weight: 400;\">ir komerctransporta riepu modelis. Tas paredz\u0113ts mikroautobusiem un vieglajiem kravas auto un piem\u0113rots smagu kravu p\u0101rvad\u0101\u0161anai gan pa asfaltu, gan grants ce\u013ciem. \u0160is c indeksa riepu modelis piel\u012bdzin\u0101ms vid\u0113j\u0101s vai pat premium klases Hankook, Kleber, Debica, Kumho un daudziem citiem.<\/span><\/p>\n","protected":false},"featured_media":175132,"template":"","meta":{"_acf_changed":false,"ngg_post_thumbnail":0},"product_brand":[],"product_cat":[46],"product_tag":[],"class_list":{"0":"post-173943","1":"product","2":"type-product","3":"status-publish","4":"has-post-thumbnail","6":"product_cat-vasaras-riepas","8":"first","9":"instock","10":"sale","11":"taxable","12":"shipping-taxable","13":"product-type-simple"},"acf":[],"yoast_head":"<!-- This site is optimized with the Yoast SEO Premium plugin v22.6 (Yoast SEO v27.3) - https:\/\/yoast.com\/product\/yoast-seo-premium-wordpress\/ -->\n<title>225\/75R16C Cordiant Business CA 121\/120Q &#8226; MMK Riepas<\/title>\n<meta name=\"description\" content=\"Cordiant Business CA - augstas veiktsp\u0113jas vid\u0113j\u0101s klases c indeksa jeb busu riepas. Pieejams abos MMK Riepu Centros par vislab\u0101kaj\u0101m cen\u0101m!\" \/>\n<meta name=\"robots\" content=\"index, follow, max-snippet:-1, max-image-preview:large, max-video-preview:-1\" \/>\n<link rel=\"canonical\" href=\"https:\/\/mmkriepas.lv\/en\/p\/225-75r16c-cordiant-business-ca-121-120q\/\" \/>\n<meta property=\"og:locale\" content=\"en_US\" \/>\n<meta property=\"og:type\" content=\"article\" \/>\n<meta property=\"og:title\" content=\"225\/75R16C Cordiant Business CA 121\/120Q\" \/>\n<meta property=\"og:description\" content=\"Cordiant Business CA - augstas veiktsp\u0113jas vid\u0113j\u0101s klases c indeksa jeb busu riepas. Pieejams abos MMK Riepu Centros par vislab\u0101kaj\u0101m cen\u0101m!\" \/>\n<meta property=\"og:url\" content=\"https:\/\/mmkriepas.lv\/en\/p\/225-75r16c-cordiant-business-ca-121-120q\/\" \/>\n<meta property=\"og:site_name\" content=\"MMK Riepas\" \/>\n<meta property=\"article:publisher\" content=\"https:\/\/www.facebook.com\/mmkserviss\/\" \/>\n<meta property=\"article:modified_time\" content=\"2022-11-03T09:36:12+00:00\" \/>\n<meta property=\"og:image\" content=\"https:\/\/mmkriepas.lv\/wp-content\/uploads\/2021\/03\/19580r14c-cordiant-business-ca-106104r-vasaras-riepas.jpg\" \/>\n\t<meta property=\"og:image:width\" content=\"1024\" \/>\n\t<meta property=\"og:image:height\" content=\"768\" \/>\n\t<meta property=\"og:image:type\" content=\"image\/jpeg\" \/>\n<meta name=\"twitter:card\" content=\"summary_large_image\" \/>\n<meta name=\"twitter:label1\" content=\"Price\" \/>\n\t<meta name=\"twitter:data1\" content=\"&euro;90.00\" \/>\n\t<meta name=\"twitter:label2\" content=\"Availability\" \/>\n\t<meta name=\"twitter:data2\" content=\"In stock\" \/>\n<script type=\"application\/ld+json\" class=\"yoast-schema-graph\">{\"@context\":\"https:\\\/\\\/schema.org\",\"@graph\":[{\"@type\":\"WebPage\",\"@id\":\"https:\\\/\\\/mmkriepas.lv\\\/en\\\/p\\\/225-75r16c-cordiant-business-ca-121-120q\\\/\",\"url\":\"https:\\\/\\\/mmkriepas.lv\\\/en\\\/p\\\/225-75r16c-cordiant-business-ca-121-120q\\\/\",\"name\":\"225\\\/75R16C Cordiant Business CA 121\\\/120Q &#8226; MMK Riepas\",\"isPartOf\":{\"@id\":\"https:\\\/\\\/mmkriepas.lv\\\/en\\\/#website\"},\"primaryImageOfPage\":{\"@id\":\"https:\\\/\\\/mmkriepas.lv\\\/en\\\/p\\\/225-75r16c-cordiant-business-ca-121-120q\\\/#primaryimage\"},\"image\":{\"@id\":\"https:\\\/\\\/mmkriepas.lv\\\/en\\\/p\\\/225-75r16c-cordiant-business-ca-121-120q\\\/#primaryimage\"},\"thumbnailUrl\":\"https:\\\/\\\/mmkriepas.lv\\\/wp-content\\\/uploads\\\/2021\\\/03\\\/19580r14c-cordiant-business-ca-106104r-vasaras-riepas.jpg\",\"datePublished\":\"2021-03-09T15:53:53+00:00\",\"dateModified\":\"2022-11-03T09:36:12+00:00\",\"description\":\"Cordiant Business CA - augstas veiktsp\u0113jas vid\u0113j\u0101s klases c indeksa jeb busu riepas. Pieejams abos MMK Riepu Centros par vislab\u0101kaj\u0101m cen\u0101m!\",\"breadcrumb\":{\"@id\":\"https:\\\/\\\/mmkriepas.lv\\\/en\\\/p\\\/225-75r16c-cordiant-business-ca-121-120q\\\/#breadcrumb\"},\"inLanguage\":\"en-US\",\"potentialAction\":[{\"@type\":\"ReadAction\",\"target\":[\"https:\\\/\\\/mmkriepas.lv\\\/en\\\/p\\\/225-75r16c-cordiant-business-ca-121-120q\\\/\"]}]},{\"@type\":\"ImageObject\",\"inLanguage\":\"en-US\",\"@id\":\"https:\\\/\\\/mmkriepas.lv\\\/en\\\/p\\\/225-75r16c-cordiant-business-ca-121-120q\\\/#primaryimage\",\"url\":\"https:\\\/\\\/mmkriepas.lv\\\/wp-content\\\/uploads\\\/2021\\\/03\\\/19580r14c-cordiant-business-ca-106104r-vasaras-riepas.jpg\",\"contentUrl\":\"https:\\\/\\\/mmkriepas.lv\\\/wp-content\\\/uploads\\\/2021\\\/03\\\/19580r14c-cordiant-business-ca-106104r-vasaras-riepas.jpg\",\"width\":1024,\"height\":768,\"caption\":\"195\\\/80R14C Cordiant Business CA 106\\\/104R - Vasaras riepas \\\/ Vissezonas riepas\"},{\"@type\":\"BreadcrumbList\",\"@id\":\"https:\\\/\\\/mmkriepas.lv\\\/en\\\/p\\\/225-75r16c-cordiant-business-ca-121-120q\\\/#breadcrumb\",\"itemListElement\":[{\"@type\":\"ListItem\",\"position\":1,\"name\":\"S\u0101kums\",\"item\":\"https:\\\/\\\/mmkriepas.lv\\\/en\\\/\"},{\"@type\":\"ListItem\",\"position\":2,\"name\":\"225\\\/75R16C Cordiant Business CA 121\\\/120Q\"}]},{\"@type\":\"WebSite\",\"@id\":\"https:\\\/\\\/mmkriepas.lv\\\/en\\\/#website\",\"url\":\"https:\\\/\\\/mmkriepas.lv\\\/en\\\/\",\"name\":\"MMK Riepas\",\"description\":\"MMK Riepas\",\"alternateName\":\"MMK Riepu Serviss\",\"potentialAction\":[{\"@type\":\"SearchAction\",\"target\":{\"@type\":\"EntryPoint\",\"urlTemplate\":\"https:\\\/\\\/mmkriepas.lv\\\/en\\\/?s={search_term_string}\"},\"query-input\":{\"@type\":\"PropertyValueSpecification\",\"valueRequired\":true,\"valueName\":\"search_term_string\"}}],\"inLanguage\":\"en-US\"},{\"@type\":\"ImageObject\",\"inLanguage\":\"en-US\",\"@id\":\"https:\\\/\\\/mmkriepas.lv\\\/en\\\/p\\\/225-75r16c-cordiant-business-ca-121-120q\\\/#local-main-organization-logo\",\"url\":\"\",\"contentUrl\":\"\",\"caption\":\"MMK Riepas\"}]}<\/script>\n<meta property=\"product:brand\" content=\"Cordiant Business CA\" \/>\n<meta property=\"product:price:amount\" content=\"90.00\" \/>\n<meta property=\"product:price:currency\" content=\"EUR\" \/>\n<meta property=\"og:availability\" content=\"instock\" \/>\n<meta property=\"product:availability\" content=\"instock\" \/>\n<meta property=\"product:condition\" content=\"new\" \/>\n<!-- \/ Yoast SEO Premium plugin. -->","yoast_head_json":{"title":"225\/75R16C Cordiant Business CA 121\/120Q &#8226; MMK Riepas","description":"Cordiant Business CA - augstas veiktsp\u0113jas vid\u0113j\u0101s klases c indeksa jeb busu riepas. Pieejams abos MMK Riepu Centros par vislab\u0101kaj\u0101m cen\u0101m!","robots":{"index":"index","follow":"follow","max-snippet":"max-snippet:-1","max-image-preview":"max-image-preview:large","max-video-preview":"max-video-preview:-1"},"canonical":"https:\/\/mmkriepas.lv\/en\/p\/225-75r16c-cordiant-business-ca-121-120q\/","og_locale":"en_US","og_type":"article","og_title":"225\/75R16C Cordiant Business CA 121\/120Q","og_description":"Cordiant Business CA - augstas veiktsp\u0113jas vid\u0113j\u0101s klases c indeksa jeb busu riepas. Pieejams abos MMK Riepu Centros par vislab\u0101kaj\u0101m cen\u0101m!","og_url":"https:\/\/mmkriepas.lv\/en\/p\/225-75r16c-cordiant-business-ca-121-120q\/","og_site_name":"MMK Riepas","article_publisher":"https:\/\/www.facebook.com\/mmkserviss\/","article_modified_time":"2022-11-03T09:36:12+00:00","og_image":[{"width":1024,"height":768,"url":"https:\/\/mmkriepas.lv\/wp-content\/uploads\/2021\/03\/19580r14c-cordiant-business-ca-106104r-vasaras-riepas.jpg","type":"image\/jpeg"}],"twitter_card":"summary_large_image","twitter_misc":{"Price":"&euro;90.00","Availability":"In stock"},"schema":{"@context":"https:\/\/schema.org","@graph":[{"@type":"WebPage","@id":"https:\/\/mmkriepas.lv\/en\/p\/225-75r16c-cordiant-business-ca-121-120q\/","url":"https:\/\/mmkriepas.lv\/en\/p\/225-75r16c-cordiant-business-ca-121-120q\/","name":"225\/75R16C Cordiant Business CA 121\/120Q &#8226; MMK Riepas","isPartOf":{"@id":"https:\/\/mmkriepas.lv\/en\/#website"},"primaryImageOfPage":{"@id":"https:\/\/mmkriepas.lv\/en\/p\/225-75r16c-cordiant-business-ca-121-120q\/#primaryimage"},"image":{"@id":"https:\/\/mmkriepas.lv\/en\/p\/225-75r16c-cordiant-business-ca-121-120q\/#primaryimage"},"thumbnailUrl":"https:\/\/mmkriepas.lv\/wp-content\/uploads\/2021\/03\/19580r14c-cordiant-business-ca-106104r-vasaras-riepas.jpg","datePublished":"2021-03-09T15:53:53+00:00","dateModified":"2022-11-03T09:36:12+00:00","description":"Cordiant Business CA - augstas veiktsp\u0113jas vid\u0113j\u0101s klases c indeksa jeb busu riepas. Pieejams abos MMK Riepu Centros par vislab\u0101kaj\u0101m cen\u0101m!","breadcrumb":{"@id":"https:\/\/mmkriepas.lv\/en\/p\/225-75r16c-cordiant-business-ca-121-120q\/#breadcrumb"},"inLanguage":"en-US","potentialAction":[{"@type":"ReadAction","target":["https:\/\/mmkriepas.lv\/en\/p\/225-75r16c-cordiant-business-ca-121-120q\/"]}]},{"@type":"ImageObject","inLanguage":"en-US","@id":"https:\/\/mmkriepas.lv\/en\/p\/225-75r16c-cordiant-business-ca-121-120q\/#primaryimage","url":"https:\/\/mmkriepas.lv\/wp-content\/uploads\/2021\/03\/19580r14c-cordiant-business-ca-106104r-vasaras-riepas.jpg","contentUrl":"https:\/\/mmkriepas.lv\/wp-content\/uploads\/2021\/03\/19580r14c-cordiant-business-ca-106104r-vasaras-riepas.jpg","width":1024,"height":768,"caption":"195\/80R14C Cordiant Business CA 106\/104R - Vasaras riepas \/ Vissezonas riepas"},{"@type":"BreadcrumbList","@id":"https:\/\/mmkriepas.lv\/en\/p\/225-75r16c-cordiant-business-ca-121-120q\/#breadcrumb","itemListElement":[{"@type":"ListItem","position":1,"name":"S\u0101kums","item":"https:\/\/mmkriepas.lv\/en\/"},{"@type":"ListItem","position":2,"name":"225\/75R16C Cordiant Business CA 121\/120Q"}]},{"@type":"WebSite","@id":"https:\/\/mmkriepas.lv\/en\/#website","url":"https:\/\/mmkriepas.lv\/en\/","name":"MMK Riepas","description":"MMK Riepas","alternateName":"MMK Riepu Serviss","potentialAction":[{"@type":"SearchAction","target":{"@type":"EntryPoint","urlTemplate":"https:\/\/mmkriepas.lv\/en\/?s={search_term_string}"},"query-input":{"@type":"PropertyValueSpecification","valueRequired":true,"valueName":"search_term_string"}}],"inLanguage":"en-US"},{"@type":"ImageObject","inLanguage":"en-US","@id":"https:\/\/mmkriepas.lv\/en\/p\/225-75r16c-cordiant-business-ca-121-120q\/#local-main-organization-logo","url":"","contentUrl":"","caption":"MMK Riepas"}]},"product_brand":"Cordiant Business CA","product_price_amount":"90.00","product_price_currency":"EUR","og_availability":"instock","product_availability":"instock","product_condition":"new"},"_links":{"self":[{"href":"https:\/\/mmkriepas.lv\/en\/wp-json\/wp\/v2\/product\/173943","targetHints":{"allow":["GET"]}}],"collection":[{"href":"https:\/\/mmkriepas.lv\/en\/wp-json\/wp\/v2\/product"}],"about":[{"href":"https:\/\/mmkriepas.lv\/en\/wp-json\/wp\/v2\/types\/product"}],"wp:featuredmedia":[{"embeddable":true,"href":"https:\/\/mmkriepas.lv\/en\/wp-json\/wp\/v2\/media\/175132"}],"wp:attachment":[{"href":"https:\/\/mmkriepas.lv\/en\/wp-json\/wp\/v2\/media?parent=173943"}],"wp:term":[{"taxonomy":"product_brand","embeddable":true,"href":"https:\/\/mmkriepas.lv\/en\/wp-json\/wp\/v2\/product_brand?post=173943"},{"taxonomy":"product_cat","embeddable":true,"href":"https:\/\/mmkriepas.lv\/en\/wp-json\/wp\/v2\/product_cat?post=173943"},{"taxonomy":"product_tag","embeddable":true,"href":"https:\/\/mmkriepas.lv\/en\/wp-json\/wp\/v2\/product_tag?post=173943"}],"curies":[{"name":"wp","href":"https:\/\/api.w.org\/{rel}","templated":true}]}}