{"id":173122,"date":"2021-03-02T17:26:22","date_gmt":"2021-03-02T15:26:22","guid":{"rendered":"https:\/\/mmkserviss.lv\/?post_type=product&#038;p=173122"},"modified":"2025-03-07T17:51:52","modified_gmt":"2025-03-07T15:51:52","slug":"315-35r20-nokian-powerproof-suv-110y-xl","status":"publish","type":"product","link":"https:\/\/mmkriepas.lv\/en\/p\/315-35r20-nokian-powerproof-suv-110y-xl\/","title":{"rendered":"315\/35R20 Nokian Powerproof SUV 110Y XL"},"content":{"rendered":"<p><b><a href=\"https:\/\/mmkriepas.lv\/riepas\/nokian\/\">Nokian Powerproof<\/a> <\/b><span style=\"font-weight: 400;\">ir vasaras riepu modelis, kas izce\u013cas ar sabalans\u0113t\u0101m veiktsp\u0113jas \u012bpa\u0161\u012bb\u0101m jebk\u0101dos vasaras brauk\u0161anas apst\u0101k\u013cos. Brauciens ar \u0161\u012bm riep\u0101m b\u016bs vienl\u012bdz gluds, kluss un komfortabls gan braucot dinamiski, gan ar\u012b mier\u012bgi.<\/span><\/p>\n<h3><b>Nokian Powerproof galven\u0101s iez\u012bmes:<\/b><\/h3>\n<p><b>+ Lieliska sa\u0137ere ar slapju un sausu asfaltu,<\/b><\/p>\n<p><b>+ Degvielas ekonomija,<\/b><\/p>\n<p><b>+ Akustiskais komforts,<\/b><\/p>\n<p><b>+ Dynamic Grip gumijas mais\u012bjums,<\/b><\/p>\n<p><b>+ Dual Zone Safety tehnolo\u0123ija,<\/b><\/p>\n<p><b>+ Samazin\u0101ts akvaplan\u0113\u0161anas risks.<\/b><\/p>\n<h3><b>Powerproof apr\u012bkojums<\/b><\/h3>\n<p><span style=\"font-weight: 400;\">Dual Safety Zone tehnolo\u0123ija sadala riepas protektoru div\u0101s vien\u0101d\u0101s vertik\u0101l\u0101s da\u013c\u0101s. Viena atbild par veiktsp\u0113ju uz slapja seguma, uzlabojot notur\u012bbu pret akvaplan\u0113\u0161anu v\u0113l vair\u0101k. Otra riepas da\u013ca atbild par stabilit\u0101ti, uzlabojot manevr\u0113tsp\u0113ju un pazeminot trok\u0161\u0146u l\u012bmeni ar\u012b lielos brauk\u0161anas \u0101trumos.<\/span> <span style=\"font-weight: 400;\">Dynamic Grip Compound gumijas mais\u012bjums nodro\u0161ina lielisku sa\u0137eri gan ar sausu, gan ar\u012b\u00a0 slapju asfaltu pat lielos brauk\u0161anas \u0101trumos. Riepa veidota no \u0161\u0101das tehnolo\u0123ijas gumijas sl\u0101\u0146iem, mazeminot ritespretest\u012bbu un uzlabojot degvielas ekonimiju.<\/span><\/p>\n<p><span style=\"font-weight: 400;\"><\/span><span style=\"font-weight: 400;\"><\/span> <b>Nokian Powerproof &#8211;<\/b><span style=\"font-weight: 400;\"> Izdev\u012bgs premium vasaras riepu pied\u0101v\u0101jums Tavam auto! Pieejams abos MMK Riepu Centros par vislab\u0101kaj\u0101m cen\u0101m!<\/span><\/p>\n","protected":false},"excerpt":{"rendered":"<p><b>Nokian Powerproof <\/b><span style=\"font-weight: 400;\">ir vasaras riepu modelis, kas paredz\u0113ts vieglajiem auto un izce\u013cas ar teicamiem veiktsp\u0113jas r\u0101d\u012bt\u0101jiem gan uz sausa, gan slapja asfalta. \u0160is modelis apr\u012bkots ar veselu virkni jaun\u0101ko tehnolo\u0123isko risin\u0101jumu, braucienu padarot dro\u0161u, klusu un gludu.<\/span><\/p>\n","protected":false},"featured_media":906856,"template":"","meta":{"_acf_changed":false,"ngg_post_thumbnail":0},"product_brand":[],"product_cat":[46],"product_tag":[],"class_list":{"0":"post-173122","1":"product","2":"type-product","3":"status-publish","4":"has-post-thumbnail","6":"product_cat-vasaras-riepas","8":"first","9":"outofstock","10":"sale","11":"taxable","12":"shipping-taxable","13":"product-type-simple"},"acf":[],"yoast_head":"<!-- This site is optimized with the Yoast SEO Premium plugin v22.6 (Yoast SEO v27.3) - https:\/\/yoast.com\/product\/yoast-seo-premium-wordpress\/ -->\n<title>315\/35R20 Nokian Powerproof SUV 110Y XL &#8226; MMK Riepas<\/title>\n<meta name=\"description\" content=\"Nokian Powerproof - Izdev\u012bgs premium vasaras riepu pied\u0101v\u0101jums Tavam auto! Pieejams abos MMK Riepu Centros par vislab\u0101kaj\u0101m cen\u0101m!\" \/>\n<meta name=\"robots\" content=\"index, follow, max-snippet:-1, max-image-preview:large, max-video-preview:-1\" \/>\n<link rel=\"canonical\" href=\"https:\/\/mmkriepas.lv\/en\/p\/315-35r20-nokian-powerproof-suv-110y-xl\/\" \/>\n<meta property=\"og:locale\" content=\"en_US\" \/>\n<meta property=\"og:type\" content=\"article\" \/>\n<meta property=\"og:title\" content=\"315\/35R20 Nokian Powerproof SUV 110Y XL\" \/>\n<meta property=\"og:description\" content=\"Nokian Powerproof - Izdev\u012bgs premium vasaras riepu pied\u0101v\u0101jums Tavam auto! Pieejams abos MMK Riepu Centros par vislab\u0101kaj\u0101m cen\u0101m!\" \/>\n<meta property=\"og:url\" content=\"https:\/\/mmkriepas.lv\/en\/p\/315-35r20-nokian-powerproof-suv-110y-xl\/\" \/>\n<meta property=\"og:site_name\" content=\"MMK Riepas\" \/>\n<meta property=\"article:publisher\" content=\"https:\/\/www.facebook.com\/mmkserviss\/\" \/>\n<meta property=\"article:modified_time\" content=\"2025-03-07T15:51:52+00:00\" \/>\n<meta property=\"og:image\" content=\"https:\/\/mmkriepas.lv\/wp-content\/uploads\/2024\/05\/nokian-powerproof.jpg\" \/>\n\t<meta property=\"og:image:width\" content=\"900\" \/>\n\t<meta property=\"og:image:height\" content=\"720\" \/>\n\t<meta property=\"og:image:type\" content=\"image\/jpeg\" \/>\n<meta name=\"twitter:card\" content=\"summary_large_image\" \/>\n<meta name=\"twitter:label1\" content=\"Price\" \/>\n\t<meta name=\"twitter:data1\" content=\"&euro;212.00\" \/>\n\t<meta name=\"twitter:label2\" content=\"Availability\" \/>\n\t<meta name=\"twitter:data2\" content=\"Out of stock\" \/>\n<script type=\"application\/ld+json\" class=\"yoast-schema-graph\">{\"@context\":\"https:\\\/\\\/schema.org\",\"@graph\":[{\"@type\":\"WebPage\",\"@id\":\"https:\\\/\\\/mmkriepas.lv\\\/en\\\/p\\\/315-35r20-nokian-powerproof-suv-110y-xl\\\/\",\"url\":\"https:\\\/\\\/mmkriepas.lv\\\/en\\\/p\\\/315-35r20-nokian-powerproof-suv-110y-xl\\\/\",\"name\":\"315\\\/35R20 Nokian Powerproof SUV 110Y XL &#8226; MMK Riepas\",\"isPartOf\":{\"@id\":\"https:\\\/\\\/mmkriepas.lv\\\/en\\\/#website\"},\"primaryImageOfPage\":{\"@id\":\"https:\\\/\\\/mmkriepas.lv\\\/en\\\/p\\\/315-35r20-nokian-powerproof-suv-110y-xl\\\/#primaryimage\"},\"image\":{\"@id\":\"https:\\\/\\\/mmkriepas.lv\\\/en\\\/p\\\/315-35r20-nokian-powerproof-suv-110y-xl\\\/#primaryimage\"},\"thumbnailUrl\":\"https:\\\/\\\/mmkriepas.lv\\\/wp-content\\\/uploads\\\/2024\\\/05\\\/nokian-powerproof.jpg\",\"datePublished\":\"2021-03-02T15:26:22+00:00\",\"dateModified\":\"2025-03-07T15:51:52+00:00\",\"description\":\"Nokian Powerproof - Izdev\u012bgs premium vasaras riepu pied\u0101v\u0101jums Tavam auto! Pieejams abos MMK Riepu Centros par vislab\u0101kaj\u0101m cen\u0101m!\",\"breadcrumb\":{\"@id\":\"https:\\\/\\\/mmkriepas.lv\\\/en\\\/p\\\/315-35r20-nokian-powerproof-suv-110y-xl\\\/#breadcrumb\"},\"inLanguage\":\"en-US\",\"potentialAction\":[{\"@type\":\"ReadAction\",\"target\":[\"https:\\\/\\\/mmkriepas.lv\\\/en\\\/p\\\/315-35r20-nokian-powerproof-suv-110y-xl\\\/\"]}]},{\"@type\":\"ImageObject\",\"inLanguage\":\"en-US\",\"@id\":\"https:\\\/\\\/mmkriepas.lv\\\/en\\\/p\\\/315-35r20-nokian-powerproof-suv-110y-xl\\\/#primaryimage\",\"url\":\"https:\\\/\\\/mmkriepas.lv\\\/wp-content\\\/uploads\\\/2024\\\/05\\\/nokian-powerproof.jpg\",\"contentUrl\":\"https:\\\/\\\/mmkriepas.lv\\\/wp-content\\\/uploads\\\/2024\\\/05\\\/nokian-powerproof.jpg\",\"width\":900,\"height\":720,\"caption\":\"MAIN\"},{\"@type\":\"BreadcrumbList\",\"@id\":\"https:\\\/\\\/mmkriepas.lv\\\/en\\\/p\\\/315-35r20-nokian-powerproof-suv-110y-xl\\\/#breadcrumb\",\"itemListElement\":[{\"@type\":\"ListItem\",\"position\":1,\"name\":\"S\u0101kums\",\"item\":\"https:\\\/\\\/mmkriepas.lv\\\/en\\\/\"},{\"@type\":\"ListItem\",\"position\":2,\"name\":\"315\\\/35R20 Nokian Powerproof SUV 110Y XL\"}]},{\"@type\":\"WebSite\",\"@id\":\"https:\\\/\\\/mmkriepas.lv\\\/en\\\/#website\",\"url\":\"https:\\\/\\\/mmkriepas.lv\\\/en\\\/\",\"name\":\"MMK Riepas\",\"description\":\"MMK Riepas\",\"alternateName\":\"MMK Riepu Serviss\",\"potentialAction\":[{\"@type\":\"SearchAction\",\"target\":{\"@type\":\"EntryPoint\",\"urlTemplate\":\"https:\\\/\\\/mmkriepas.lv\\\/en\\\/?s={search_term_string}\"},\"query-input\":{\"@type\":\"PropertyValueSpecification\",\"valueRequired\":true,\"valueName\":\"search_term_string\"}}],\"inLanguage\":\"en-US\"},{\"@type\":\"ImageObject\",\"inLanguage\":\"en-US\",\"@id\":\"https:\\\/\\\/mmkriepas.lv\\\/en\\\/p\\\/315-35r20-nokian-powerproof-suv-110y-xl\\\/#local-main-organization-logo\",\"url\":\"\",\"contentUrl\":\"\",\"caption\":\"MMK Riepas\"}]}<\/script>\n<meta property=\"product:brand\" content=\"Nokian Powerproof\" \/>\n<meta property=\"product:price:amount\" content=\"212.00\" \/>\n<meta property=\"product:price:currency\" content=\"EUR\" \/>\n<meta property=\"og:availability\" content=\"out of stock\" \/>\n<meta property=\"product:availability\" content=\"out of stock\" \/>\n<meta property=\"product:retailer_item_id\" content=\"TS3153520NOKIA-2822\" \/>\n<meta property=\"product:condition\" content=\"new\" \/>\n<!-- \/ Yoast SEO Premium plugin. -->","yoast_head_json":{"title":"315\/35R20 Nokian Powerproof SUV 110Y XL &#8226; MMK Riepas","description":"Nokian Powerproof - Izdev\u012bgs premium vasaras riepu pied\u0101v\u0101jums Tavam auto! Pieejams abos MMK Riepu Centros par vislab\u0101kaj\u0101m cen\u0101m!","robots":{"index":"index","follow":"follow","max-snippet":"max-snippet:-1","max-image-preview":"max-image-preview:large","max-video-preview":"max-video-preview:-1"},"canonical":"https:\/\/mmkriepas.lv\/en\/p\/315-35r20-nokian-powerproof-suv-110y-xl\/","og_locale":"en_US","og_type":"article","og_title":"315\/35R20 Nokian Powerproof SUV 110Y XL","og_description":"Nokian Powerproof - Izdev\u012bgs premium vasaras riepu pied\u0101v\u0101jums Tavam auto! Pieejams abos MMK Riepu Centros par vislab\u0101kaj\u0101m cen\u0101m!","og_url":"https:\/\/mmkriepas.lv\/en\/p\/315-35r20-nokian-powerproof-suv-110y-xl\/","og_site_name":"MMK Riepas","article_publisher":"https:\/\/www.facebook.com\/mmkserviss\/","article_modified_time":"2025-03-07T15:51:52+00:00","og_image":[{"width":900,"height":720,"url":"https:\/\/mmkriepas.lv\/wp-content\/uploads\/2024\/05\/nokian-powerproof.jpg","type":"image\/jpeg"}],"twitter_card":"summary_large_image","twitter_misc":{"Price":"&euro;212.00","Availability":"Out of stock"},"schema":{"@context":"https:\/\/schema.org","@graph":[{"@type":"WebPage","@id":"https:\/\/mmkriepas.lv\/en\/p\/315-35r20-nokian-powerproof-suv-110y-xl\/","url":"https:\/\/mmkriepas.lv\/en\/p\/315-35r20-nokian-powerproof-suv-110y-xl\/","name":"315\/35R20 Nokian Powerproof SUV 110Y XL &#8226; MMK Riepas","isPartOf":{"@id":"https:\/\/mmkriepas.lv\/en\/#website"},"primaryImageOfPage":{"@id":"https:\/\/mmkriepas.lv\/en\/p\/315-35r20-nokian-powerproof-suv-110y-xl\/#primaryimage"},"image":{"@id":"https:\/\/mmkriepas.lv\/en\/p\/315-35r20-nokian-powerproof-suv-110y-xl\/#primaryimage"},"thumbnailUrl":"https:\/\/mmkriepas.lv\/wp-content\/uploads\/2024\/05\/nokian-powerproof.jpg","datePublished":"2021-03-02T15:26:22+00:00","dateModified":"2025-03-07T15:51:52+00:00","description":"Nokian Powerproof - Izdev\u012bgs premium vasaras riepu pied\u0101v\u0101jums Tavam auto! Pieejams abos MMK Riepu Centros par vislab\u0101kaj\u0101m cen\u0101m!","breadcrumb":{"@id":"https:\/\/mmkriepas.lv\/en\/p\/315-35r20-nokian-powerproof-suv-110y-xl\/#breadcrumb"},"inLanguage":"en-US","potentialAction":[{"@type":"ReadAction","target":["https:\/\/mmkriepas.lv\/en\/p\/315-35r20-nokian-powerproof-suv-110y-xl\/"]}]},{"@type":"ImageObject","inLanguage":"en-US","@id":"https:\/\/mmkriepas.lv\/en\/p\/315-35r20-nokian-powerproof-suv-110y-xl\/#primaryimage","url":"https:\/\/mmkriepas.lv\/wp-content\/uploads\/2024\/05\/nokian-powerproof.jpg","contentUrl":"https:\/\/mmkriepas.lv\/wp-content\/uploads\/2024\/05\/nokian-powerproof.jpg","width":900,"height":720,"caption":"MAIN"},{"@type":"BreadcrumbList","@id":"https:\/\/mmkriepas.lv\/en\/p\/315-35r20-nokian-powerproof-suv-110y-xl\/#breadcrumb","itemListElement":[{"@type":"ListItem","position":1,"name":"S\u0101kums","item":"https:\/\/mmkriepas.lv\/en\/"},{"@type":"ListItem","position":2,"name":"315\/35R20 Nokian Powerproof SUV 110Y XL"}]},{"@type":"WebSite","@id":"https:\/\/mmkriepas.lv\/en\/#website","url":"https:\/\/mmkriepas.lv\/en\/","name":"MMK Riepas","description":"MMK Riepas","alternateName":"MMK Riepu Serviss","potentialAction":[{"@type":"SearchAction","target":{"@type":"EntryPoint","urlTemplate":"https:\/\/mmkriepas.lv\/en\/?s={search_term_string}"},"query-input":{"@type":"PropertyValueSpecification","valueRequired":true,"valueName":"search_term_string"}}],"inLanguage":"en-US"},{"@type":"ImageObject","inLanguage":"en-US","@id":"https:\/\/mmkriepas.lv\/en\/p\/315-35r20-nokian-powerproof-suv-110y-xl\/#local-main-organization-logo","url":"","contentUrl":"","caption":"MMK Riepas"}]},"product_brand":"Nokian Powerproof","product_price_amount":"212.00","product_price_currency":"EUR","og_availability":"out of stock","product_availability":"out of stock","product_retailer_item_id":"TS3153520NOKIA-2822","product_condition":"new"},"_links":{"self":[{"href":"https:\/\/mmkriepas.lv\/en\/wp-json\/wp\/v2\/product\/173122","targetHints":{"allow":["GET"]}}],"collection":[{"href":"https:\/\/mmkriepas.lv\/en\/wp-json\/wp\/v2\/product"}],"about":[{"href":"https:\/\/mmkriepas.lv\/en\/wp-json\/wp\/v2\/types\/product"}],"wp:featuredmedia":[{"embeddable":true,"href":"https:\/\/mmkriepas.lv\/en\/wp-json\/wp\/v2\/media\/906856"}],"wp:attachment":[{"href":"https:\/\/mmkriepas.lv\/en\/wp-json\/wp\/v2\/media?parent=173122"}],"wp:term":[{"taxonomy":"product_brand","embeddable":true,"href":"https:\/\/mmkriepas.lv\/en\/wp-json\/wp\/v2\/product_brand?post=173122"},{"taxonomy":"product_cat","embeddable":true,"href":"https:\/\/mmkriepas.lv\/en\/wp-json\/wp\/v2\/product_cat?post=173122"},{"taxonomy":"product_tag","embeddable":true,"href":"https:\/\/mmkriepas.lv\/en\/wp-json\/wp\/v2\/product_tag?post=173122"}],"curies":[{"name":"wp","href":"https:\/\/api.w.org\/{rel}","templated":true}]}}