{"id":167581,"date":"2020-12-14T11:30:51","date_gmt":"2020-12-14T09:30:51","guid":{"rendered":"https:\/\/mmkserviss.lv\/?post_type=product&#038;p=167581"},"modified":"2022-12-28T09:09:20","modified_gmt":"2022-12-28T07:09:20","slug":"205-55r16-rosava-snowgard-91t-ar-radzem","status":"publish","type":"product","link":"https:\/\/mmkriepas.lv\/en\/p\/205-55r16-rosava-snowgard-91t-ar-radzem\/","title":{"rendered":"205\/55R16 Rosava Snowgard 91T ar radz\u0113m"},"content":{"rendered":"<p><b>Rosava Snowgard<\/b><span style=\"font-weight: 400;\"> ir ziemas riepu modelis, kas izce\u013cas ar augst\u0101m veiktsp\u0113jas \u012bpa\u0161\u012bb\u0101m teju jebk\u0101dos brauk\u0161anas apst\u0101k\u013cos, pateicoties veselai virknei tehnisku inov\u0101ciju un risin\u0101jumu. <span style=\"color: #ff0000;\">\u0160\u012bs riepas pieejamas gan ar radz\u0113m, gan bez t\u0101m.\u00a0<\/span><\/span><\/p>\n<h3><b>Rosava Snowgard galven\u0101s iez\u012bmes<\/b><\/h3>\n<p><span style=\"font-weight: 400;\">+ Uzlabota veiktsp\u0113ja uz ledus, pateicoties protektor\u0101 iestr\u0101d\u0101taj\u0101m lamel\u0113m.<\/span><\/p>\n<p><span style=\"font-weight: 400;\">+ Palielin\u0101ts protektora bloku skaits un to virzienveida izvietojums uzlabo veiktsp\u0113ju snieg\u0101!<\/span><\/p>\n<p><span style=\"font-weight: 400;\">+ Att\u012bst\u012bta dren\u0101\u017eas kan\u0101lu sist\u0113ma samazina akvaplan\u0113\u0161anas risku!<\/span><\/p>\n<p><span style=\"font-weight: 400;\">+ Degvielas ekonomija!<\/span><\/p>\n<p><span style=\"font-weight: 400;\">+ Laba cenas\/veiktsp\u0113jas attiec\u012bba!<\/span><\/p>\n<h3><b>Snowgard apr\u012bkojums<\/b><\/h3>\n<p><span style=\"font-weight: 400;\">\u0160is ziemas riepu modelis apr\u012bkots ar virzienveida protektora rakstu. Protektora bloku skaits palielin\u0101ts un taj\u0101 bl\u012bvi iestr\u0101d\u0101ti vair\u0101ki t\u016bksto\u0161i lame\u013cu, lai uzlabotu veiktsp\u0113ju snieg\u0101 un uz ledus.<\/span> <span style=\"font-weight: 400;\">Rosava Snowgard riepas izgatavotas no augstas kvalit\u0101tes gumijas mais\u012bjuma, kas bag\u0101tin\u0101ts ar veselu virkni elastrom\u0113ru, liekot riepai saglab\u0101t t\u0101s elast\u012bbu pla\u0161\u0101 temperat\u016bru diapazon\u0101. Elast\u012bga riepa daudz lab\u0101k veido sa\u0137eri ar ce\u013ca virsmu.<\/span> <b>Rosava Snowgard<\/b><span style=\"font-weight: 400;\"> mode\u013ca lieto\u0161anas dro\u0161\u012bbu ziemas laika apst\u0101k\u013cos un t\u0101 atbilst\u012bbu valst\u012bm ar oblig\u0101tu sezon\u0101lo riepu mai\u0146u apstiprina mar\u0137\u0113jums sniegp\u0101rslas form\u0101 uz kalna fona ar trim virsotn\u0113m (3PMSF).<\/span><\/p>\n<p><span style=\"font-weight: 400;\"><\/span><span style=\"font-weight: 400;\"><\/span> <b>Rosava Snowgard-<\/b><span style=\"font-weight: 400;\"> ziemas riepa, kas gatava st\u0101ties pret\u012b bargiem apst\u0101k\u013ciem. Pieejama abos MMK Riepu Centros par vislab\u0101kaj\u0101m cen\u0101m.<\/span> \u00a0<\/p>\n","protected":false},"excerpt":{"rendered":"<p><b>Rosava Snowgard<\/b><span style=\"font-weight: 400;\"> ir ziemas riepu modelis, kas izce\u013cas ar augst\u0101m veiktsp\u0113jas \u012bpa\u0161\u012bb\u0101m teju jebk\u0101dos brauk\u0161anas apst\u0101k\u013cos, pateicoties veselai virknei tehnisku inov\u0101ciju un risin\u0101jumu. <span style=\"color: #ff0000;\">\u0160\u012bs riepas pieejamas gan ar radz\u0113m, gan bez t\u0101m.\u00a0<\/span><\/span><\/p>\n","protected":false},"featured_media":642136,"template":"","meta":{"_acf_changed":false,"ngg_post_thumbnail":0},"product_brand":[],"product_cat":[45,48],"product_tag":[19634],"class_list":{"0":"post-167581","1":"product","2":"type-product","3":"status-publish","4":"has-post-thumbnail","6":"product_cat-ziemas-riepas","7":"product_cat-ziemas-ar-radzem","8":"product_tag-mmk","10":"first","11":"instock","12":"sale","13":"taxable","14":"shipping-taxable","15":"product-type-simple"},"acf":[],"yoast_head":"<!-- This site is optimized with the Yoast SEO Premium plugin v22.6 (Yoast SEO v27.3) - https:\/\/yoast.com\/product\/yoast-seo-premium-wordpress\/ -->\n<title>205\/55R16 Rosava Snowgard 91T ar radz\u0113m &#8226; MMK Riepas<\/title>\n<meta name=\"description\" content=\"Rosava Snowgard- ziemas riepa, kas gatava st\u0101ties pret\u012b bargiem apst\u0101k\u013ciem. Pieejama abos MMK Riepu Centros par vislab\u0101kaj\u0101m cen\u0101m.\" \/>\n<meta name=\"robots\" content=\"index, follow, max-snippet:-1, max-image-preview:large, max-video-preview:-1\" \/>\n<link rel=\"canonical\" href=\"https:\/\/mmkriepas.lv\/en\/p\/205-55r16-rosava-snowgard-91t-ar-radzem\/\" \/>\n<meta property=\"og:locale\" content=\"en_US\" \/>\n<meta property=\"og:type\" content=\"article\" \/>\n<meta property=\"og:title\" content=\"205\/55R16 Rosava Snowgard 91T ar radz\u0113m\" \/>\n<meta property=\"og:description\" content=\"Rosava Snowgard- ziemas riepa, kas gatava st\u0101ties pret\u012b bargiem apst\u0101k\u013ciem. Pieejama abos MMK Riepu Centros par vislab\u0101kaj\u0101m cen\u0101m.\" \/>\n<meta property=\"og:url\" content=\"https:\/\/mmkriepas.lv\/en\/p\/205-55r16-rosava-snowgard-91t-ar-radzem\/\" \/>\n<meta property=\"og:site_name\" content=\"MMK Riepas\" \/>\n<meta property=\"article:publisher\" content=\"https:\/\/www.facebook.com\/mmkserviss\/\" \/>\n<meta property=\"article:modified_time\" content=\"2022-12-28T07:09:20+00:00\" \/>\n<meta property=\"og:image\" content=\"https:\/\/mmkriepas.lv\/wp-content\/uploads\/2023\/02\/19565r15-rosava-snowgard-91t-ar-radzem-ziemas-riepas-ziemas-ar-radzem-riepas.jpg\" \/>\n\t<meta property=\"og:image:width\" content=\"1920\" \/>\n\t<meta property=\"og:image:height\" content=\"1277\" \/>\n\t<meta property=\"og:image:type\" content=\"image\/jpeg\" \/>\n<meta name=\"twitter:card\" content=\"summary_large_image\" \/>\n<meta name=\"twitter:label1\" content=\"Price\" \/>\n\t<meta name=\"twitter:data1\" content=\"&euro;49.00\" \/>\n\t<meta name=\"twitter:label2\" content=\"Availability\" \/>\n\t<meta name=\"twitter:data2\" content=\"In stock\" \/>\n<script type=\"application\/ld+json\" class=\"yoast-schema-graph\">{\"@context\":\"https:\\\/\\\/schema.org\",\"@graph\":[{\"@type\":\"WebPage\",\"@id\":\"https:\\\/\\\/mmkriepas.lv\\\/en\\\/p\\\/205-55r16-rosava-snowgard-91t-ar-radzem\\\/\",\"url\":\"https:\\\/\\\/mmkriepas.lv\\\/en\\\/p\\\/205-55r16-rosava-snowgard-91t-ar-radzem\\\/\",\"name\":\"205\\\/55R16 Rosava Snowgard 91T ar radz\u0113m &#8226; MMK Riepas\",\"isPartOf\":{\"@id\":\"https:\\\/\\\/mmkriepas.lv\\\/en\\\/#website\"},\"primaryImageOfPage\":{\"@id\":\"https:\\\/\\\/mmkriepas.lv\\\/en\\\/p\\\/205-55r16-rosava-snowgard-91t-ar-radzem\\\/#primaryimage\"},\"image\":{\"@id\":\"https:\\\/\\\/mmkriepas.lv\\\/en\\\/p\\\/205-55r16-rosava-snowgard-91t-ar-radzem\\\/#primaryimage\"},\"thumbnailUrl\":\"https:\\\/\\\/mmkriepas.lv\\\/wp-content\\\/uploads\\\/2023\\\/02\\\/19565r15-rosava-snowgard-91t-ar-radzem-ziemas-riepas-ziemas-ar-radzem-riepas.jpg\",\"datePublished\":\"2020-12-14T09:30:51+00:00\",\"dateModified\":\"2022-12-28T07:09:20+00:00\",\"description\":\"Rosava Snowgard- ziemas riepa, kas gatava st\u0101ties pret\u012b bargiem apst\u0101k\u013ciem. Pieejama abos MMK Riepu Centros par vislab\u0101kaj\u0101m cen\u0101m.\",\"breadcrumb\":{\"@id\":\"https:\\\/\\\/mmkriepas.lv\\\/en\\\/p\\\/205-55r16-rosava-snowgard-91t-ar-radzem\\\/#breadcrumb\"},\"inLanguage\":\"en-US\",\"potentialAction\":[{\"@type\":\"ReadAction\",\"target\":[\"https:\\\/\\\/mmkriepas.lv\\\/en\\\/p\\\/205-55r16-rosava-snowgard-91t-ar-radzem\\\/\"]}]},{\"@type\":\"ImageObject\",\"inLanguage\":\"en-US\",\"@id\":\"https:\\\/\\\/mmkriepas.lv\\\/en\\\/p\\\/205-55r16-rosava-snowgard-91t-ar-radzem\\\/#primaryimage\",\"url\":\"https:\\\/\\\/mmkriepas.lv\\\/wp-content\\\/uploads\\\/2023\\\/02\\\/19565r15-rosava-snowgard-91t-ar-radzem-ziemas-riepas-ziemas-ar-radzem-riepas.jpg\",\"contentUrl\":\"https:\\\/\\\/mmkriepas.lv\\\/wp-content\\\/uploads\\\/2023\\\/02\\\/19565r15-rosava-snowgard-91t-ar-radzem-ziemas-riepas-ziemas-ar-radzem-riepas.jpg\",\"width\":1920,\"height\":1277,\"caption\":\"195\\\/65R15 Rosava Snowgard 91T ar radz\u0113m - Ziemas riepas \\\/ Ziemas ar radz\u0113m riepas\"},{\"@type\":\"BreadcrumbList\",\"@id\":\"https:\\\/\\\/mmkriepas.lv\\\/en\\\/p\\\/205-55r16-rosava-snowgard-91t-ar-radzem\\\/#breadcrumb\",\"itemListElement\":[{\"@type\":\"ListItem\",\"position\":1,\"name\":\"S\u0101kums\",\"item\":\"https:\\\/\\\/mmkriepas.lv\\\/en\\\/\"},{\"@type\":\"ListItem\",\"position\":2,\"name\":\"205\\\/55R16 Rosava Snowgard 91T ar radz\u0113m\"}]},{\"@type\":\"WebSite\",\"@id\":\"https:\\\/\\\/mmkriepas.lv\\\/en\\\/#website\",\"url\":\"https:\\\/\\\/mmkriepas.lv\\\/en\\\/\",\"name\":\"MMK Riepas\",\"description\":\"MMK Riepas\",\"alternateName\":\"MMK Riepu Serviss\",\"potentialAction\":[{\"@type\":\"SearchAction\",\"target\":{\"@type\":\"EntryPoint\",\"urlTemplate\":\"https:\\\/\\\/mmkriepas.lv\\\/en\\\/?s={search_term_string}\"},\"query-input\":{\"@type\":\"PropertyValueSpecification\",\"valueRequired\":true,\"valueName\":\"search_term_string\"}}],\"inLanguage\":\"en-US\"},{\"@type\":\"ImageObject\",\"inLanguage\":\"en-US\",\"@id\":\"https:\\\/\\\/mmkriepas.lv\\\/en\\\/p\\\/205-55r16-rosava-snowgard-91t-ar-radzem\\\/#local-main-organization-logo\",\"url\":\"\",\"contentUrl\":\"\",\"caption\":\"MMK Riepas\"}]}<\/script>\n<meta property=\"product:brand\" content=\"Rosava Snowgard\" \/>\n<meta property=\"product:price:amount\" content=\"49.00\" \/>\n<meta property=\"product:price:currency\" content=\"EUR\" \/>\n<meta property=\"og:availability\" content=\"instock\" \/>\n<meta property=\"product:availability\" content=\"instock\" \/>\n<meta property=\"product:condition\" content=\"new\" \/>\n<!-- \/ Yoast SEO Premium plugin. -->","yoast_head_json":{"title":"205\/55R16 Rosava Snowgard 91T ar radz\u0113m &#8226; MMK Riepas","description":"Rosava Snowgard- ziemas riepa, kas gatava st\u0101ties pret\u012b bargiem apst\u0101k\u013ciem. Pieejama abos MMK Riepu Centros par vislab\u0101kaj\u0101m cen\u0101m.","robots":{"index":"index","follow":"follow","max-snippet":"max-snippet:-1","max-image-preview":"max-image-preview:large","max-video-preview":"max-video-preview:-1"},"canonical":"https:\/\/mmkriepas.lv\/en\/p\/205-55r16-rosava-snowgard-91t-ar-radzem\/","og_locale":"en_US","og_type":"article","og_title":"205\/55R16 Rosava Snowgard 91T ar radz\u0113m","og_description":"Rosava Snowgard- ziemas riepa, kas gatava st\u0101ties pret\u012b bargiem apst\u0101k\u013ciem. Pieejama abos MMK Riepu Centros par vislab\u0101kaj\u0101m cen\u0101m.","og_url":"https:\/\/mmkriepas.lv\/en\/p\/205-55r16-rosava-snowgard-91t-ar-radzem\/","og_site_name":"MMK Riepas","article_publisher":"https:\/\/www.facebook.com\/mmkserviss\/","article_modified_time":"2022-12-28T07:09:20+00:00","og_image":[{"width":1920,"height":1277,"url":"https:\/\/mmkriepas.lv\/wp-content\/uploads\/2023\/02\/19565r15-rosava-snowgard-91t-ar-radzem-ziemas-riepas-ziemas-ar-radzem-riepas.jpg","type":"image\/jpeg"}],"twitter_card":"summary_large_image","twitter_misc":{"Price":"&euro;49.00","Availability":"In stock"},"schema":{"@context":"https:\/\/schema.org","@graph":[{"@type":"WebPage","@id":"https:\/\/mmkriepas.lv\/en\/p\/205-55r16-rosava-snowgard-91t-ar-radzem\/","url":"https:\/\/mmkriepas.lv\/en\/p\/205-55r16-rosava-snowgard-91t-ar-radzem\/","name":"205\/55R16 Rosava Snowgard 91T ar radz\u0113m &#8226; MMK Riepas","isPartOf":{"@id":"https:\/\/mmkriepas.lv\/en\/#website"},"primaryImageOfPage":{"@id":"https:\/\/mmkriepas.lv\/en\/p\/205-55r16-rosava-snowgard-91t-ar-radzem\/#primaryimage"},"image":{"@id":"https:\/\/mmkriepas.lv\/en\/p\/205-55r16-rosava-snowgard-91t-ar-radzem\/#primaryimage"},"thumbnailUrl":"https:\/\/mmkriepas.lv\/wp-content\/uploads\/2023\/02\/19565r15-rosava-snowgard-91t-ar-radzem-ziemas-riepas-ziemas-ar-radzem-riepas.jpg","datePublished":"2020-12-14T09:30:51+00:00","dateModified":"2022-12-28T07:09:20+00:00","description":"Rosava Snowgard- ziemas riepa, kas gatava st\u0101ties pret\u012b bargiem apst\u0101k\u013ciem. Pieejama abos MMK Riepu Centros par vislab\u0101kaj\u0101m cen\u0101m.","breadcrumb":{"@id":"https:\/\/mmkriepas.lv\/en\/p\/205-55r16-rosava-snowgard-91t-ar-radzem\/#breadcrumb"},"inLanguage":"en-US","potentialAction":[{"@type":"ReadAction","target":["https:\/\/mmkriepas.lv\/en\/p\/205-55r16-rosava-snowgard-91t-ar-radzem\/"]}]},{"@type":"ImageObject","inLanguage":"en-US","@id":"https:\/\/mmkriepas.lv\/en\/p\/205-55r16-rosava-snowgard-91t-ar-radzem\/#primaryimage","url":"https:\/\/mmkriepas.lv\/wp-content\/uploads\/2023\/02\/19565r15-rosava-snowgard-91t-ar-radzem-ziemas-riepas-ziemas-ar-radzem-riepas.jpg","contentUrl":"https:\/\/mmkriepas.lv\/wp-content\/uploads\/2023\/02\/19565r15-rosava-snowgard-91t-ar-radzem-ziemas-riepas-ziemas-ar-radzem-riepas.jpg","width":1920,"height":1277,"caption":"195\/65R15 Rosava Snowgard 91T ar radz\u0113m - Ziemas riepas \/ Ziemas ar radz\u0113m riepas"},{"@type":"BreadcrumbList","@id":"https:\/\/mmkriepas.lv\/en\/p\/205-55r16-rosava-snowgard-91t-ar-radzem\/#breadcrumb","itemListElement":[{"@type":"ListItem","position":1,"name":"S\u0101kums","item":"https:\/\/mmkriepas.lv\/en\/"},{"@type":"ListItem","position":2,"name":"205\/55R16 Rosava Snowgard 91T ar radz\u0113m"}]},{"@type":"WebSite","@id":"https:\/\/mmkriepas.lv\/en\/#website","url":"https:\/\/mmkriepas.lv\/en\/","name":"MMK Riepas","description":"MMK Riepas","alternateName":"MMK Riepu Serviss","potentialAction":[{"@type":"SearchAction","target":{"@type":"EntryPoint","urlTemplate":"https:\/\/mmkriepas.lv\/en\/?s={search_term_string}"},"query-input":{"@type":"PropertyValueSpecification","valueRequired":true,"valueName":"search_term_string"}}],"inLanguage":"en-US"},{"@type":"ImageObject","inLanguage":"en-US","@id":"https:\/\/mmkriepas.lv\/en\/p\/205-55r16-rosava-snowgard-91t-ar-radzem\/#local-main-organization-logo","url":"","contentUrl":"","caption":"MMK Riepas"}]},"product_brand":"Rosava Snowgard","product_price_amount":"49.00","product_price_currency":"EUR","og_availability":"instock","product_availability":"instock","product_condition":"new"},"_links":{"self":[{"href":"https:\/\/mmkriepas.lv\/en\/wp-json\/wp\/v2\/product\/167581","targetHints":{"allow":["GET"]}}],"collection":[{"href":"https:\/\/mmkriepas.lv\/en\/wp-json\/wp\/v2\/product"}],"about":[{"href":"https:\/\/mmkriepas.lv\/en\/wp-json\/wp\/v2\/types\/product"}],"wp:featuredmedia":[{"embeddable":true,"href":"https:\/\/mmkriepas.lv\/en\/wp-json\/wp\/v2\/media\/642136"}],"wp:attachment":[{"href":"https:\/\/mmkriepas.lv\/en\/wp-json\/wp\/v2\/media?parent=167581"}],"wp:term":[{"taxonomy":"product_brand","embeddable":true,"href":"https:\/\/mmkriepas.lv\/en\/wp-json\/wp\/v2\/product_brand?post=167581"},{"taxonomy":"product_cat","embeddable":true,"href":"https:\/\/mmkriepas.lv\/en\/wp-json\/wp\/v2\/product_cat?post=167581"},{"taxonomy":"product_tag","embeddable":true,"href":"https:\/\/mmkriepas.lv\/en\/wp-json\/wp\/v2\/product_tag?post=167581"}],"curies":[{"name":"wp","href":"https:\/\/api.w.org\/{rel}","templated":true}]}}