{"id":163176,"date":"2020-11-16T19:08:32","date_gmt":"2020-11-16T17:08:32","guid":{"rendered":"https:\/\/mmkserviss.lv\/?post_type=product&#038;p=163176"},"modified":"2024-05-03T11:42:34","modified_gmt":"2024-05-03T08:42:34","slug":"215-65r17-sunfull-sf-w11-99t","status":"publish","type":"product","link":"https:\/\/mmkriepas.lv\/en\/p\/215-65r17-sunfull-sf-w11-99t\/","title":{"rendered":"215\/65R17 Sunfull SF-W11 99T"},"content":{"rendered":"<p><span>Vid\u0113j\u0101 bud\u017eeta klase. Sunfull riepas &#8211; laba kvalit\u0101te par labu cenu!&nbsp;&nbsp;<\/span><\/p>\n<p><strong>Sunfull riepas<\/strong><span> \u0161obr\u012bd piedz\u012bvo strauju popularit\u0101tes pieaugumu vis\u0101 pasaul\u0113. \u0160\u012b ra\u017eot\u0101ja riepas ir ieguvu\u0161as b\u016btisku popularit\u0101ti ar\u012b Latvijas autobrauc\u0113ju un riepu tirgot\u0101ji vid\u016b. \u012apa\u0161nieks ir Shandong Hengfeng Rubber &amp; Plastic Co., kas ir viens no l\u012bderiem \u0136\u012bnas riepu ra\u017eo\u0161anas sektor\u0101.&nbsp; Komp\u0101nijas da\u017e\u0101do ra\u017eot\u0146u specializ\u0101cija dod uz\u0146\u0113muma kapacit\u0101ti ra\u017eot kvalitat\u012bvas riepas da\u017e\u0101d\u0101m pat\u0113r\u0113t\u0101ju grup\u0101m, uzsvaru liekot ne tikai uz<strong>&nbsp;Sunfull riepu<\/strong> kop\u0113jo kvalit\u0101ti, bet ar\u012b uz katra automobi\u013ca tipa pras\u012bb\u0101m. T\u0101d\u0113\u013c ir iesp\u0113jams nodro\u0161in\u0101t gan augstu kvalit\u0101ti, gan augstu specializ\u0101ciju da\u017e\u0101d\u0101m <strong>Sunfull riep\u0101m.<\/strong><\/span><\/p>\n<h2>Sunfull SF-W11<\/h2>\n<p>Kvalitat\u012bvas , dro\u0161as, klusas un l\u0113tas bud\u017eeta klases ziemas riepas. Rad\u017eojams riepu modelis. <span style=\"color: #ff0000;\"><strong>\u0160is modelis ir pieejams gan ar radz\u0113m, gan bez t\u0101m.<\/strong> <\/span>M\u012bkst\u0101 sast\u0101va ziemas riepas. Riepas paredz\u0113tas ziemas apst\u0101k\u013ciem (slapj\u0161, sauss sniegs un ledus).<\/p>\n<p>Ziemas riepa <strong>Sunfull SF-W11<\/strong> tiek izmantota galvenok\u0101rt viegl\u0101s klases automa\u0161\u012bn\u0101m. Modelim ir izcila cenas un veiktsp\u0113jas att\u012bst\u012bba! Riep\u0101m ir agres\u012bvs protektora z\u012bm\u0113jums, kur\u0161 paildin\u0101jum\u0101 ar radz\u0113m (ir iesp\u0113ja ieg\u0101d\u0101ties ar\u012b nerad\u017eotas riepas) nodro\u0161ina izcilu sa\u0137eri snieg\u0101, slapjdra\u0146\u0137i un uz ledus!<\/p>\n<h3>Sunfull SF-W11 galven\u0101s iez\u012bmes<\/h3>\n<p>&#8211; Pastiprin\u0101ta centra riba &#8211; nodro\u0161ina vad\u0101m\u012bbu un precizit\u0101ti, uzlabo kop\u0113jo stabilit\u0101ti un pal\u0113lina riepas nodilumu;<br \/>\n&#8211; Protektora s\u0101nu bloku izvietojums un lielais protektora dzi\u013cums (10mm) nodro\u0161ina izcilu sa\u0137eri pat visdzi\u013c\u0101kaj\u0101 snieg\u0101;<br \/>\n&#8211; Gumijas mais\u012bjums ar lielu sil\u012bcija dioks\u012bda saturu nodro\u0161ina riepas veiktsp\u0113ju pat zem\u0101kaj\u0101s temperat\u016br\u0101s.<\/p>\n<pre class=\"tw-data-text tw-text-large tw-ta\" data-placeholder=\"Tulkojums\" id=\"tw-target-text\" dir=\"ltr\"><\/pre>\n<p><strong>Sunfull SF-W11<\/strong>&nbsp;mode\u013ca lieto\u0161anas dro\u0161\u012bbu ziemas laika apst\u0101k\u013cos un t\u0101 atbilst\u012bbu valst\u012bm ar oblig\u0101tu sezon\u0101lo riepu mai\u0146u apstiprina mar\u0137\u0113jums sniegp\u0101rslas form\u0101 uz kalna fona ar trim virsotn\u0113m (3PMSF).<\/p>\n<p><span>Viens no liel\u0101kajiem riepu ra\u017eot\u0101jiem bud\u017eeta segment\u0101. Alternat\u012bva Sailun, Antares, Westlake, Goodride, utt. Kvalit\u0101tes b\u016btiski neatpaliek no vid\u0113j\u0101s klases.&nbsp;<\/span><\/p>\n","protected":false},"excerpt":{"rendered":"<p>Vid\u0113j\u0101 bud\u017eeta klase. Sunfull riepas &#8211; laba kvalit\u0101te par labu cenu!&nbsp;&nbsp; Sunfull riepas \u0161obr\u012bd piedz\u012bvo strauju popularit\u0101tes pieaugumu vis\u0101 pasaul\u0113. \u0160\u012b ra\u017eot\u0101ja riepas ir ieguvu\u0161as b\u016btisku popularit\u0101ti ar\u012b Latvijas autobrauc\u0113ju<\/p>\n","protected":false},"featured_media":191618,"template":"","meta":{"_acf_changed":false,"ngg_post_thumbnail":0},"product_brand":[],"product_cat":[47,45],"product_tag":[],"class_list":{"0":"post-163176","1":"product","2":"type-product","3":"status-publish","4":"has-post-thumbnail","6":"product_cat-vissezonas-riepas","7":"product_cat-ziemas-riepas","9":"first","10":"instock","11":"sale","12":"taxable","13":"shipping-taxable","14":"product-type-simple"},"acf":[],"yoast_head":"<!-- This site is optimized with the Yoast SEO Premium plugin v22.6 (Yoast SEO v27.3) - https:\/\/yoast.com\/product\/yoast-seo-premium-wordpress\/ -->\n<title>215\/65R17 Sunfull SF-W11 99T &#8226; MMK Riepas<\/title>\n<meta name=\"description\" content=\"Sunfull ziemas riepu modelis ar radz\u0113m - Sunfull SFW11. Pieejams abos MMK Riepu centros R\u012bg\u0101 uz vietas, pla\u0161\u0101 kl\u0101st\u0101 no R14 l\u012bdz R20!\" \/>\n<meta name=\"robots\" content=\"index, follow, max-snippet:-1, max-image-preview:large, max-video-preview:-1\" \/>\n<link rel=\"canonical\" href=\"https:\/\/mmkriepas.lv\/en\/p\/215-65r17-sunfull-sf-w11-99t\/\" \/>\n<meta property=\"og:locale\" content=\"en_US\" \/>\n<meta property=\"og:type\" content=\"article\" \/>\n<meta property=\"og:title\" content=\"215\/65R17 Sunfull SF-W11 99T\" \/>\n<meta property=\"og:description\" content=\"Sunfull ziemas riepu modelis ar radz\u0113m - Sunfull SFW11. Pieejams abos MMK Riepu centros R\u012bg\u0101 uz vietas, pla\u0161\u0101 kl\u0101st\u0101 no R14 l\u012bdz R20!\" \/>\n<meta property=\"og:url\" content=\"https:\/\/mmkriepas.lv\/en\/p\/215-65r17-sunfull-sf-w11-99t\/\" \/>\n<meta property=\"og:site_name\" content=\"MMK Riepas\" \/>\n<meta property=\"article:publisher\" content=\"https:\/\/www.facebook.com\/mmkserviss\/\" \/>\n<meta property=\"article:modified_time\" content=\"2024-05-03T08:42:34+00:00\" \/>\n<meta property=\"og:image\" content=\"https:\/\/mmkriepas.lv\/wp-content\/uploads\/2021\/08\/26570r16-sunfull-sf-w11-112t-ar-radzc493m-ziemas-ar-radzem-riepas.jpg\" \/>\n\t<meta property=\"og:image:width\" content=\"1920\" \/>\n\t<meta property=\"og:image:height\" content=\"1440\" \/>\n\t<meta property=\"og:image:type\" content=\"image\/jpeg\" \/>\n<meta name=\"twitter:card\" content=\"summary_large_image\" \/>\n<meta name=\"twitter:label1\" content=\"Price\" \/>\n\t<meta name=\"twitter:data1\" content=\"&euro;67.00\" \/>\n\t<meta name=\"twitter:label2\" content=\"Availability\" \/>\n\t<meta name=\"twitter:data2\" content=\"In stock\" \/>\n<script type=\"application\/ld+json\" class=\"yoast-schema-graph\">{\"@context\":\"https:\\\/\\\/schema.org\",\"@graph\":[{\"@type\":\"WebPage\",\"@id\":\"https:\\\/\\\/mmkriepas.lv\\\/en\\\/p\\\/215-65r17-sunfull-sf-w11-99t\\\/\",\"url\":\"https:\\\/\\\/mmkriepas.lv\\\/en\\\/p\\\/215-65r17-sunfull-sf-w11-99t\\\/\",\"name\":\"215\\\/65R17 Sunfull SF-W11 99T &#8226; MMK Riepas\",\"isPartOf\":{\"@id\":\"https:\\\/\\\/mmkriepas.lv\\\/en\\\/#website\"},\"primaryImageOfPage\":{\"@id\":\"https:\\\/\\\/mmkriepas.lv\\\/en\\\/p\\\/215-65r17-sunfull-sf-w11-99t\\\/#primaryimage\"},\"image\":{\"@id\":\"https:\\\/\\\/mmkriepas.lv\\\/en\\\/p\\\/215-65r17-sunfull-sf-w11-99t\\\/#primaryimage\"},\"thumbnailUrl\":\"https:\\\/\\\/mmkriepas.lv\\\/wp-content\\\/uploads\\\/2021\\\/08\\\/26570r16-sunfull-sf-w11-112t-ar-radzc493m-ziemas-ar-radzem-riepas.jpg\",\"datePublished\":\"2020-11-16T17:08:32+00:00\",\"dateModified\":\"2024-05-03T08:42:34+00:00\",\"description\":\"Sunfull ziemas riepu modelis ar radz\u0113m - Sunfull SFW11. Pieejams abos MMK Riepu centros R\u012bg\u0101 uz vietas, pla\u0161\u0101 kl\u0101st\u0101 no R14 l\u012bdz R20!\",\"breadcrumb\":{\"@id\":\"https:\\\/\\\/mmkriepas.lv\\\/en\\\/p\\\/215-65r17-sunfull-sf-w11-99t\\\/#breadcrumb\"},\"inLanguage\":\"en-US\",\"potentialAction\":[{\"@type\":\"ReadAction\",\"target\":[\"https:\\\/\\\/mmkriepas.lv\\\/en\\\/p\\\/215-65r17-sunfull-sf-w11-99t\\\/\"]}]},{\"@type\":\"ImageObject\",\"inLanguage\":\"en-US\",\"@id\":\"https:\\\/\\\/mmkriepas.lv\\\/en\\\/p\\\/215-65r17-sunfull-sf-w11-99t\\\/#primaryimage\",\"url\":\"https:\\\/\\\/mmkriepas.lv\\\/wp-content\\\/uploads\\\/2021\\\/08\\\/26570r16-sunfull-sf-w11-112t-ar-radzc493m-ziemas-ar-radzem-riepas.jpg\",\"contentUrl\":\"https:\\\/\\\/mmkriepas.lv\\\/wp-content\\\/uploads\\\/2021\\\/08\\\/26570r16-sunfull-sf-w11-112t-ar-radzc493m-ziemas-ar-radzem-riepas.jpg\",\"width\":1920,\"height\":1440,\"caption\":\"sunfull SW11\"},{\"@type\":\"BreadcrumbList\",\"@id\":\"https:\\\/\\\/mmkriepas.lv\\\/en\\\/p\\\/215-65r17-sunfull-sf-w11-99t\\\/#breadcrumb\",\"itemListElement\":[{\"@type\":\"ListItem\",\"position\":1,\"name\":\"S\u0101kums\",\"item\":\"https:\\\/\\\/mmkriepas.lv\\\/en\\\/\"},{\"@type\":\"ListItem\",\"position\":2,\"name\":\"215\\\/65R17 Sunfull SF-W11 99T\"}]},{\"@type\":\"WebSite\",\"@id\":\"https:\\\/\\\/mmkriepas.lv\\\/en\\\/#website\",\"url\":\"https:\\\/\\\/mmkriepas.lv\\\/en\\\/\",\"name\":\"MMK Riepas\",\"description\":\"MMK Riepas\",\"alternateName\":\"MMK Riepu Serviss\",\"potentialAction\":[{\"@type\":\"SearchAction\",\"target\":{\"@type\":\"EntryPoint\",\"urlTemplate\":\"https:\\\/\\\/mmkriepas.lv\\\/en\\\/?s={search_term_string}\"},\"query-input\":{\"@type\":\"PropertyValueSpecification\",\"valueRequired\":true,\"valueName\":\"search_term_string\"}}],\"inLanguage\":\"en-US\"},{\"@type\":\"ImageObject\",\"inLanguage\":\"en-US\",\"@id\":\"https:\\\/\\\/mmkriepas.lv\\\/en\\\/p\\\/215-65r17-sunfull-sf-w11-99t\\\/#local-main-organization-logo\",\"url\":\"\",\"contentUrl\":\"\",\"caption\":\"MMK Riepas\"}]}<\/script>\n<meta property=\"product:brand\" content=\"Sunfull SF-W11\" \/>\n<meta property=\"product:price:amount\" content=\"67.00\" \/>\n<meta property=\"product:price:currency\" content=\"EUR\" \/>\n<meta property=\"og:availability\" content=\"instock\" \/>\n<meta property=\"product:availability\" content=\"instock\" \/>\n<meta property=\"product:condition\" content=\"new\" \/>\n<!-- \/ Yoast SEO Premium plugin. -->","yoast_head_json":{"title":"215\/65R17 Sunfull SF-W11 99T &#8226; MMK Riepas","description":"Sunfull ziemas riepu modelis ar radz\u0113m - Sunfull SFW11. Pieejams abos MMK Riepu centros R\u012bg\u0101 uz vietas, pla\u0161\u0101 kl\u0101st\u0101 no R14 l\u012bdz R20!","robots":{"index":"index","follow":"follow","max-snippet":"max-snippet:-1","max-image-preview":"max-image-preview:large","max-video-preview":"max-video-preview:-1"},"canonical":"https:\/\/mmkriepas.lv\/en\/p\/215-65r17-sunfull-sf-w11-99t\/","og_locale":"en_US","og_type":"article","og_title":"215\/65R17 Sunfull SF-W11 99T","og_description":"Sunfull ziemas riepu modelis ar radz\u0113m - Sunfull SFW11. Pieejams abos MMK Riepu centros R\u012bg\u0101 uz vietas, pla\u0161\u0101 kl\u0101st\u0101 no R14 l\u012bdz R20!","og_url":"https:\/\/mmkriepas.lv\/en\/p\/215-65r17-sunfull-sf-w11-99t\/","og_site_name":"MMK Riepas","article_publisher":"https:\/\/www.facebook.com\/mmkserviss\/","article_modified_time":"2024-05-03T08:42:34+00:00","og_image":[{"width":1920,"height":1440,"url":"https:\/\/mmkriepas.lv\/wp-content\/uploads\/2021\/08\/26570r16-sunfull-sf-w11-112t-ar-radzc493m-ziemas-ar-radzem-riepas.jpg","type":"image\/jpeg"}],"twitter_card":"summary_large_image","twitter_misc":{"Price":"&euro;67.00","Availability":"In stock"},"schema":{"@context":"https:\/\/schema.org","@graph":[{"@type":"WebPage","@id":"https:\/\/mmkriepas.lv\/en\/p\/215-65r17-sunfull-sf-w11-99t\/","url":"https:\/\/mmkriepas.lv\/en\/p\/215-65r17-sunfull-sf-w11-99t\/","name":"215\/65R17 Sunfull SF-W11 99T &#8226; MMK Riepas","isPartOf":{"@id":"https:\/\/mmkriepas.lv\/en\/#website"},"primaryImageOfPage":{"@id":"https:\/\/mmkriepas.lv\/en\/p\/215-65r17-sunfull-sf-w11-99t\/#primaryimage"},"image":{"@id":"https:\/\/mmkriepas.lv\/en\/p\/215-65r17-sunfull-sf-w11-99t\/#primaryimage"},"thumbnailUrl":"https:\/\/mmkriepas.lv\/wp-content\/uploads\/2021\/08\/26570r16-sunfull-sf-w11-112t-ar-radzc493m-ziemas-ar-radzem-riepas.jpg","datePublished":"2020-11-16T17:08:32+00:00","dateModified":"2024-05-03T08:42:34+00:00","description":"Sunfull ziemas riepu modelis ar radz\u0113m - Sunfull SFW11. Pieejams abos MMK Riepu centros R\u012bg\u0101 uz vietas, pla\u0161\u0101 kl\u0101st\u0101 no R14 l\u012bdz R20!","breadcrumb":{"@id":"https:\/\/mmkriepas.lv\/en\/p\/215-65r17-sunfull-sf-w11-99t\/#breadcrumb"},"inLanguage":"en-US","potentialAction":[{"@type":"ReadAction","target":["https:\/\/mmkriepas.lv\/en\/p\/215-65r17-sunfull-sf-w11-99t\/"]}]},{"@type":"ImageObject","inLanguage":"en-US","@id":"https:\/\/mmkriepas.lv\/en\/p\/215-65r17-sunfull-sf-w11-99t\/#primaryimage","url":"https:\/\/mmkriepas.lv\/wp-content\/uploads\/2021\/08\/26570r16-sunfull-sf-w11-112t-ar-radzc493m-ziemas-ar-radzem-riepas.jpg","contentUrl":"https:\/\/mmkriepas.lv\/wp-content\/uploads\/2021\/08\/26570r16-sunfull-sf-w11-112t-ar-radzc493m-ziemas-ar-radzem-riepas.jpg","width":1920,"height":1440,"caption":"sunfull SW11"},{"@type":"BreadcrumbList","@id":"https:\/\/mmkriepas.lv\/en\/p\/215-65r17-sunfull-sf-w11-99t\/#breadcrumb","itemListElement":[{"@type":"ListItem","position":1,"name":"S\u0101kums","item":"https:\/\/mmkriepas.lv\/en\/"},{"@type":"ListItem","position":2,"name":"215\/65R17 Sunfull SF-W11 99T"}]},{"@type":"WebSite","@id":"https:\/\/mmkriepas.lv\/en\/#website","url":"https:\/\/mmkriepas.lv\/en\/","name":"MMK Riepas","description":"MMK Riepas","alternateName":"MMK Riepu Serviss","potentialAction":[{"@type":"SearchAction","target":{"@type":"EntryPoint","urlTemplate":"https:\/\/mmkriepas.lv\/en\/?s={search_term_string}"},"query-input":{"@type":"PropertyValueSpecification","valueRequired":true,"valueName":"search_term_string"}}],"inLanguage":"en-US"},{"@type":"ImageObject","inLanguage":"en-US","@id":"https:\/\/mmkriepas.lv\/en\/p\/215-65r17-sunfull-sf-w11-99t\/#local-main-organization-logo","url":"","contentUrl":"","caption":"MMK Riepas"}]},"product_brand":"Sunfull SF-W11","product_price_amount":"67.00","product_price_currency":"EUR","og_availability":"instock","product_availability":"instock","product_condition":"new"},"_links":{"self":[{"href":"https:\/\/mmkriepas.lv\/en\/wp-json\/wp\/v2\/product\/163176","targetHints":{"allow":["GET"]}}],"collection":[{"href":"https:\/\/mmkriepas.lv\/en\/wp-json\/wp\/v2\/product"}],"about":[{"href":"https:\/\/mmkriepas.lv\/en\/wp-json\/wp\/v2\/types\/product"}],"wp:featuredmedia":[{"embeddable":true,"href":"https:\/\/mmkriepas.lv\/en\/wp-json\/wp\/v2\/media\/191618"}],"wp:attachment":[{"href":"https:\/\/mmkriepas.lv\/en\/wp-json\/wp\/v2\/media?parent=163176"}],"wp:term":[{"taxonomy":"product_brand","embeddable":true,"href":"https:\/\/mmkriepas.lv\/en\/wp-json\/wp\/v2\/product_brand?post=163176"},{"taxonomy":"product_cat","embeddable":true,"href":"https:\/\/mmkriepas.lv\/en\/wp-json\/wp\/v2\/product_cat?post=163176"},{"taxonomy":"product_tag","embeddable":true,"href":"https:\/\/mmkriepas.lv\/en\/wp-json\/wp\/v2\/product_tag?post=163176"}],"curies":[{"name":"wp","href":"https:\/\/api.w.org\/{rel}","templated":true}]}}