{"id":161174,"date":"2020-11-06T15:49:13","date_gmt":"2020-11-06T13:49:13","guid":{"rendered":"https:\/\/mmkserviss.lv\/?post_type=product&#038;p=161174"},"modified":"2025-05-16T15:19:23","modified_gmt":"2025-05-16T12:19:23","slug":"205-55r16-barum-polaris-5-91-t","status":"publish","type":"product","link":"https:\/\/mmkriepas.lv\/en\/p\/205-55r16-barum-polaris-5-91-t\/","title":{"rendered":"205\/55R16 Barum Polaris 5 91T"},"content":{"rendered":"<p><b>Barum Polaris 5<\/b><span style=\"font-weight: 400;\"> ir ziemas riepu modelis, kas paredz\u0113ts gan vieglajiem, gan ar\u012b apvidus auto un izce\u013cas ar p\u0101rliecino\u0161\u0101m veiktsp\u0113jas \u012bpa\u0161\u012bb\u0101m uz visu veidu ce\u013ca segumiem.\u00a0<\/span> <span style=\"font-weight: 400;\">\u0160is riepu modelis ir ra\u017eots V\u0101cij\u0101 un, neskatoties uz zemo cenu, b\u016bs teicama izv\u0113le augsta komforta l\u012bme\u0146a un kvalit\u0101tes cien\u012bt\u0101jiem.<\/span><\/p>\n<h4><b>Barum Polaris 5 galven\u0101s iez\u012bmes<\/b><\/h4>\n<p><span style=\"font-weight: 400;\">+Ziemas riepu modelis, kas piem\u0113rots gan vieglajiem, gan ar\u012b apvidus jeb Suv automa\u0161\u012bn\u0101m,<\/span><\/p>\n<p><span style=\"font-weight: 400;\">+Uzlabots riepas gumijas sast\u0101vs, kas at\u013cauj tai saglab\u0101t elast\u012bbu zem\u0101s gaisa temperat\u016br\u0101s,<\/span><\/p>\n<p>\u00a0<span style=\"font-weight: 400;\">+Augsti att\u012bst\u012bta dren\u0101\u017eas kan\u0101lu sist\u0113ma, kas at\u013cauj riepai \u0101tri no \u016bdens un sniega att\u012br\u012bt kontakta virsmu ar ce\u013cu,<\/span><\/p>\n<p>\u00a0<span style=\"font-weight: 400;\">+ Lieliska manevr\u0113tsp\u0113ja lielos brauk\u0161anas \u0101trumos.<\/span><\/p>\n<h4><b>Polaris 5 apr\u012bkojums<\/b><\/h4>\n<p><span style=\"font-weight: 400;\">\u0160is ziemas riepu modelis apr\u012bkots ar virz\u012bta veida protektora rakstu, kur\u0101 bl\u012bvi iestr\u0101d\u0101ti vair\u0101ki t\u016bksto\u0161i lame\u013cu, kuras ar as\u0101m kant\u0113m iec\u0113rtas led\u016b, ar slideno virsmu veidojot cie\u0161u sa\u0137eri.<\/span> <span style=\"font-weight: 400;\">Riepa izgatavota no augstas kvalit\u0101tes, elastrom\u0113riem bag\u0101ta gumijas sast\u0101va, kas saglab\u0101 elast\u012bbu zem\u0101s gaisa temperat\u016br\u0101s. Gumijai pievienoti elementi, kuri riepu padara ar\u012b nodilumiztur\u012bgu un absorb\u0113 ska\u0146u.<\/span><\/p>\n<p><b>Barum Polaris 5 <\/b><span style=\"font-weight: 400;\">mode\u013ca lieto\u0161anas dro\u0161\u012bbu ziemas laika apst\u0101k\u013cos un t\u0101 atbilst\u012bbu valst\u012bm ar oblig\u0101tu sezon\u0101lo riepu mai\u0146u apstiprina mar\u0137\u0113jums sniegp\u0101rslas form\u0101 uz kalna fona ar trim virsotn\u0113m (3PMSF).<\/span><\/p>\n<p><span style=\"font-weight: 400;\"><\/span><b>Barum Polaris 5-<\/b><span style=\"font-weight: 400;\"> V\u0101cijas kvalit\u0101te par pieejamu cenu!\u00a0 Pieejama abos MMK Riepu Centros par vislab\u0101kaj\u0101m cen\u0101m.<\/span><\/p>\n","protected":false},"excerpt":{"rendered":"<p><b>Barum Polaris 5<\/b><span style=\"font-weight: 400;\"> ir ziemas riepu modelis, kas paredz\u0113ts gan vieglajiem, gan ar\u012b apvidus auto un izce\u013cas ar p\u0101rliecino\u0161\u0101m veiktsp\u0113jas \u012bpa\u0161\u012bb\u0101m uz visu veidu ce\u013ca segumiem.\u00a0<\/span> <span style=\"font-weight: 400;\">\u0160is riepu modelis ir ra\u017eots V\u0101cij\u0101 un, neskatoties uz zemo cenu, b\u016bs teicama izv\u0113le augsta komforta l\u012bme\u0146a un kvalit\u0101tes cien\u012bt\u0101jiem.<\/span><\/p>\n","protected":false},"featured_media":161173,"template":"","meta":{"_acf_changed":false,"ngg_post_thumbnail":0},"product_brand":[],"product_cat":[47,45],"product_tag":[19634],"class_list":{"0":"post-161174","1":"product","2":"type-product","3":"status-publish","4":"has-post-thumbnail","6":"product_cat-vissezonas-riepas","7":"product_cat-ziemas-riepas","8":"product_tag-mmk","10":"first","11":"instock","12":"sale","13":"taxable","14":"shipping-taxable","15":"product-type-simple"},"acf":[],"yoast_head":"<!-- This site is optimized with the Yoast SEO Premium plugin v22.6 (Yoast SEO v27.3) - https:\/\/yoast.com\/product\/yoast-seo-premium-wordpress\/ -->\n<title>205\/55R16 Barum Polaris 5 91T &#8226; MMK Riepas<\/title>\n<meta name=\"description\" content=\"Barum Polaris 5- V\u0101cijas kvalit\u0101te par pieejamu cenu!\u00a0 Pieejama abos MMK Riepu Centros par vislab\u0101kaj\u0101m cen\u0101m.\" \/>\n<meta name=\"robots\" content=\"index, follow, max-snippet:-1, max-image-preview:large, max-video-preview:-1\" \/>\n<link rel=\"canonical\" href=\"https:\/\/mmkriepas.lv\/en\/p\/205-55r16-barum-polaris-5-91-t\/\" \/>\n<meta property=\"og:locale\" content=\"en_US\" \/>\n<meta property=\"og:type\" content=\"article\" \/>\n<meta property=\"og:title\" content=\"205\/55R16 Barum Polaris 5 91T\" \/>\n<meta property=\"og:description\" content=\"Barum Polaris 5- V\u0101cijas kvalit\u0101te par pieejamu cenu!\u00a0 Pieejama abos MMK Riepu Centros par vislab\u0101kaj\u0101m cen\u0101m.\" \/>\n<meta property=\"og:url\" content=\"https:\/\/mmkriepas.lv\/en\/p\/205-55r16-barum-polaris-5-91-t\/\" \/>\n<meta property=\"og:site_name\" content=\"MMK Riepas\" \/>\n<meta property=\"article:publisher\" content=\"https:\/\/www.facebook.com\/mmkserviss\/\" \/>\n<meta property=\"article:modified_time\" content=\"2025-05-16T12:19:23+00:00\" \/>\n<meta property=\"og:image\" content=\"https:\/\/mmkriepas.lv\/wp-content\/uploads\/2020\/11\/19565r15-barum-polaris-5-91t-ziemas-riepas-2.jpeg\" \/>\n\t<meta property=\"og:image:width\" content=\"1600\" \/>\n\t<meta property=\"og:image:height\" content=\"1064\" \/>\n\t<meta property=\"og:image:type\" content=\"image\/jpeg\" \/>\n<meta name=\"twitter:card\" content=\"summary_large_image\" \/>\n<meta name=\"twitter:label1\" content=\"Price\" \/>\n\t<meta name=\"twitter:data1\" content=\"&euro;69.00\" \/>\n\t<meta name=\"twitter:label2\" content=\"Availability\" \/>\n\t<meta name=\"twitter:data2\" content=\"In stock\" \/>\n<script type=\"application\/ld+json\" class=\"yoast-schema-graph\">{\"@context\":\"https:\\\/\\\/schema.org\",\"@graph\":[{\"@type\":\"WebPage\",\"@id\":\"https:\\\/\\\/mmkriepas.lv\\\/en\\\/p\\\/205-55r16-barum-polaris-5-91-t\\\/\",\"url\":\"https:\\\/\\\/mmkriepas.lv\\\/en\\\/p\\\/205-55r16-barum-polaris-5-91-t\\\/\",\"name\":\"205\\\/55R16 Barum Polaris 5 91T &#8226; MMK Riepas\",\"isPartOf\":{\"@id\":\"https:\\\/\\\/mmkriepas.lv\\\/en\\\/#website\"},\"primaryImageOfPage\":{\"@id\":\"https:\\\/\\\/mmkriepas.lv\\\/en\\\/p\\\/205-55r16-barum-polaris-5-91-t\\\/#primaryimage\"},\"image\":{\"@id\":\"https:\\\/\\\/mmkriepas.lv\\\/en\\\/p\\\/205-55r16-barum-polaris-5-91-t\\\/#primaryimage\"},\"thumbnailUrl\":\"https:\\\/\\\/mmkriepas.lv\\\/wp-content\\\/uploads\\\/2020\\\/11\\\/19565r15-barum-polaris-5-91t-ziemas-riepas-2.jpeg\",\"datePublished\":\"2020-11-06T13:49:13+00:00\",\"dateModified\":\"2025-05-16T12:19:23+00:00\",\"description\":\"Barum Polaris 5- V\u0101cijas kvalit\u0101te par pieejamu cenu!\u00a0 Pieejama abos MMK Riepu Centros par vislab\u0101kaj\u0101m cen\u0101m.\",\"breadcrumb\":{\"@id\":\"https:\\\/\\\/mmkriepas.lv\\\/en\\\/p\\\/205-55r16-barum-polaris-5-91-t\\\/#breadcrumb\"},\"inLanguage\":\"en-US\",\"potentialAction\":[{\"@type\":\"ReadAction\",\"target\":[\"https:\\\/\\\/mmkriepas.lv\\\/en\\\/p\\\/205-55r16-barum-polaris-5-91-t\\\/\"]}]},{\"@type\":\"ImageObject\",\"inLanguage\":\"en-US\",\"@id\":\"https:\\\/\\\/mmkriepas.lv\\\/en\\\/p\\\/205-55r16-barum-polaris-5-91-t\\\/#primaryimage\",\"url\":\"https:\\\/\\\/mmkriepas.lv\\\/wp-content\\\/uploads\\\/2020\\\/11\\\/19565r15-barum-polaris-5-91t-ziemas-riepas-2.jpeg\",\"contentUrl\":\"https:\\\/\\\/mmkriepas.lv\\\/wp-content\\\/uploads\\\/2020\\\/11\\\/19565r15-barum-polaris-5-91t-ziemas-riepas-2.jpeg\",\"width\":1600,\"height\":1064,\"caption\":\"195\\\/65R15 Barum Polaris 5 91T - Vissezonas riepas \\\/ Ziemas riepas\"},{\"@type\":\"BreadcrumbList\",\"@id\":\"https:\\\/\\\/mmkriepas.lv\\\/en\\\/p\\\/205-55r16-barum-polaris-5-91-t\\\/#breadcrumb\",\"itemListElement\":[{\"@type\":\"ListItem\",\"position\":1,\"name\":\"S\u0101kums\",\"item\":\"https:\\\/\\\/mmkriepas.lv\\\/en\\\/\"},{\"@type\":\"ListItem\",\"position\":2,\"name\":\"205\\\/55R16 Barum Polaris 5 91T\"}]},{\"@type\":\"WebSite\",\"@id\":\"https:\\\/\\\/mmkriepas.lv\\\/en\\\/#website\",\"url\":\"https:\\\/\\\/mmkriepas.lv\\\/en\\\/\",\"name\":\"MMK Riepas\",\"description\":\"MMK Riepas\",\"alternateName\":\"MMK Riepu Serviss\",\"potentialAction\":[{\"@type\":\"SearchAction\",\"target\":{\"@type\":\"EntryPoint\",\"urlTemplate\":\"https:\\\/\\\/mmkriepas.lv\\\/en\\\/?s={search_term_string}\"},\"query-input\":{\"@type\":\"PropertyValueSpecification\",\"valueRequired\":true,\"valueName\":\"search_term_string\"}}],\"inLanguage\":\"en-US\"},{\"@type\":\"ImageObject\",\"inLanguage\":\"en-US\",\"@id\":\"https:\\\/\\\/mmkriepas.lv\\\/en\\\/p\\\/205-55r16-barum-polaris-5-91-t\\\/#local-main-organization-logo\",\"url\":\"\",\"contentUrl\":\"\",\"caption\":\"MMK Riepas\"}]}<\/script>\n<meta property=\"product:brand\" content=\"Barum Polaris 5\" \/>\n<meta property=\"product:price:amount\" content=\"69.00\" \/>\n<meta property=\"product:price:currency\" content=\"EUR\" \/>\n<meta property=\"og:availability\" content=\"instock\" \/>\n<meta property=\"product:availability\" content=\"instock\" \/>\n<meta property=\"product:condition\" content=\"new\" \/>\n<!-- \/ Yoast SEO Premium plugin. -->","yoast_head_json":{"title":"205\/55R16 Barum Polaris 5 91T &#8226; MMK Riepas","description":"Barum Polaris 5- V\u0101cijas kvalit\u0101te par pieejamu cenu!\u00a0 Pieejama abos MMK Riepu Centros par vislab\u0101kaj\u0101m cen\u0101m.","robots":{"index":"index","follow":"follow","max-snippet":"max-snippet:-1","max-image-preview":"max-image-preview:large","max-video-preview":"max-video-preview:-1"},"canonical":"https:\/\/mmkriepas.lv\/en\/p\/205-55r16-barum-polaris-5-91-t\/","og_locale":"en_US","og_type":"article","og_title":"205\/55R16 Barum Polaris 5 91T","og_description":"Barum Polaris 5- V\u0101cijas kvalit\u0101te par pieejamu cenu!\u00a0 Pieejama abos MMK Riepu Centros par vislab\u0101kaj\u0101m cen\u0101m.","og_url":"https:\/\/mmkriepas.lv\/en\/p\/205-55r16-barum-polaris-5-91-t\/","og_site_name":"MMK Riepas","article_publisher":"https:\/\/www.facebook.com\/mmkserviss\/","article_modified_time":"2025-05-16T12:19:23+00:00","og_image":[{"width":1600,"height":1064,"url":"https:\/\/mmkriepas.lv\/wp-content\/uploads\/2020\/11\/19565r15-barum-polaris-5-91t-ziemas-riepas-2.jpeg","type":"image\/jpeg"}],"twitter_card":"summary_large_image","twitter_misc":{"Price":"&euro;69.00","Availability":"In stock"},"schema":{"@context":"https:\/\/schema.org","@graph":[{"@type":"WebPage","@id":"https:\/\/mmkriepas.lv\/en\/p\/205-55r16-barum-polaris-5-91-t\/","url":"https:\/\/mmkriepas.lv\/en\/p\/205-55r16-barum-polaris-5-91-t\/","name":"205\/55R16 Barum Polaris 5 91T &#8226; MMK Riepas","isPartOf":{"@id":"https:\/\/mmkriepas.lv\/en\/#website"},"primaryImageOfPage":{"@id":"https:\/\/mmkriepas.lv\/en\/p\/205-55r16-barum-polaris-5-91-t\/#primaryimage"},"image":{"@id":"https:\/\/mmkriepas.lv\/en\/p\/205-55r16-barum-polaris-5-91-t\/#primaryimage"},"thumbnailUrl":"https:\/\/mmkriepas.lv\/wp-content\/uploads\/2020\/11\/19565r15-barum-polaris-5-91t-ziemas-riepas-2.jpeg","datePublished":"2020-11-06T13:49:13+00:00","dateModified":"2025-05-16T12:19:23+00:00","description":"Barum Polaris 5- V\u0101cijas kvalit\u0101te par pieejamu cenu!\u00a0 Pieejama abos MMK Riepu Centros par vislab\u0101kaj\u0101m cen\u0101m.","breadcrumb":{"@id":"https:\/\/mmkriepas.lv\/en\/p\/205-55r16-barum-polaris-5-91-t\/#breadcrumb"},"inLanguage":"en-US","potentialAction":[{"@type":"ReadAction","target":["https:\/\/mmkriepas.lv\/en\/p\/205-55r16-barum-polaris-5-91-t\/"]}]},{"@type":"ImageObject","inLanguage":"en-US","@id":"https:\/\/mmkriepas.lv\/en\/p\/205-55r16-barum-polaris-5-91-t\/#primaryimage","url":"https:\/\/mmkriepas.lv\/wp-content\/uploads\/2020\/11\/19565r15-barum-polaris-5-91t-ziemas-riepas-2.jpeg","contentUrl":"https:\/\/mmkriepas.lv\/wp-content\/uploads\/2020\/11\/19565r15-barum-polaris-5-91t-ziemas-riepas-2.jpeg","width":1600,"height":1064,"caption":"195\/65R15 Barum Polaris 5 91T - Vissezonas riepas \/ Ziemas riepas"},{"@type":"BreadcrumbList","@id":"https:\/\/mmkriepas.lv\/en\/p\/205-55r16-barum-polaris-5-91-t\/#breadcrumb","itemListElement":[{"@type":"ListItem","position":1,"name":"S\u0101kums","item":"https:\/\/mmkriepas.lv\/en\/"},{"@type":"ListItem","position":2,"name":"205\/55R16 Barum Polaris 5 91T"}]},{"@type":"WebSite","@id":"https:\/\/mmkriepas.lv\/en\/#website","url":"https:\/\/mmkriepas.lv\/en\/","name":"MMK Riepas","description":"MMK Riepas","alternateName":"MMK Riepu Serviss","potentialAction":[{"@type":"SearchAction","target":{"@type":"EntryPoint","urlTemplate":"https:\/\/mmkriepas.lv\/en\/?s={search_term_string}"},"query-input":{"@type":"PropertyValueSpecification","valueRequired":true,"valueName":"search_term_string"}}],"inLanguage":"en-US"},{"@type":"ImageObject","inLanguage":"en-US","@id":"https:\/\/mmkriepas.lv\/en\/p\/205-55r16-barum-polaris-5-91-t\/#local-main-organization-logo","url":"","contentUrl":"","caption":"MMK Riepas"}]},"product_brand":"Barum Polaris 5","product_price_amount":"69.00","product_price_currency":"EUR","og_availability":"instock","product_availability":"instock","product_condition":"new"},"_links":{"self":[{"href":"https:\/\/mmkriepas.lv\/en\/wp-json\/wp\/v2\/product\/161174","targetHints":{"allow":["GET"]}}],"collection":[{"href":"https:\/\/mmkriepas.lv\/en\/wp-json\/wp\/v2\/product"}],"about":[{"href":"https:\/\/mmkriepas.lv\/en\/wp-json\/wp\/v2\/types\/product"}],"wp:featuredmedia":[{"embeddable":true,"href":"https:\/\/mmkriepas.lv\/en\/wp-json\/wp\/v2\/media\/161173"}],"wp:attachment":[{"href":"https:\/\/mmkriepas.lv\/en\/wp-json\/wp\/v2\/media?parent=161174"}],"wp:term":[{"taxonomy":"product_brand","embeddable":true,"href":"https:\/\/mmkriepas.lv\/en\/wp-json\/wp\/v2\/product_brand?post=161174"},{"taxonomy":"product_cat","embeddable":true,"href":"https:\/\/mmkriepas.lv\/en\/wp-json\/wp\/v2\/product_cat?post=161174"},{"taxonomy":"product_tag","embeddable":true,"href":"https:\/\/mmkriepas.lv\/en\/wp-json\/wp\/v2\/product_tag?post=161174"}],"curies":[{"name":"wp","href":"https:\/\/api.w.org\/{rel}","templated":true}]}}