{"id":151335,"date":"2020-09-18T18:14:48","date_gmt":"2020-09-18T15:14:48","guid":{"rendered":"https:\/\/mmkserviss.lv\/?post_type=product&#038;p=151335"},"modified":"2026-03-28T00:09:20","modified_gmt":"2026-03-27T22:09:20","slug":"235-55r17-sailun-ice-blazer-arctic-suv-103h","status":"publish","type":"product","link":"https:\/\/mmkriepas.lv\/en\/p\/235-55r17-sailun-ice-blazer-arctic-suv-103h\/","title":{"rendered":"235\/55R17 Sailun Ice Blazer Arctic SUV 103H XL"},"content":{"rendered":"<p style=\"margin: 12.0pt 0cm 12.0pt 0cm;\"><b><span style=\"font-size: 11.0pt; font-family: 'Arial',sans-serif; color: black;\">Sailun Ice Blazer Arctic SUV <\/span><\/b><span style=\"font-size: 11.0pt; font-family: 'Arial',sans-serif; color: black;\">ir Skandin\u0101vijas tipa ziemas riepa, kas paredz\u0113ta krosoveriem un apvidus automa\u0161\u012bn\u0101m. \u0160\u012b riepa ir ar labiem bremz\u0113\u0161an\u0101s, veiktsp\u0113jas un manevr\u0113tsp\u0113jas r\u0101d\u012bt\u0101jiem, pateicoties unik\u0101lajam protektora rakstam un elestrom\u0113ru\u00a0 koncentr\u0101cijai gumijas sast\u0101v\u0101. Visu \u0161o \u012bpa\u0161\u012bbu salikums nodro\u0161ina ne tikai dro\u0161u, bet ar\u012b komfortablu un klusu p\u0101rvieto\u0161anos.<\/span><o:p><\/o:p><\/p>\n<h3 style=\"margin: 14.0pt 0cm 4.0pt 0cm;\"><span style=\"font-size: 13.0pt; font-family: 'Arial',sans-serif; color: black;\">Ice Blazer Arctic SUV galven\u0101s iez\u012bmes<\/span><o:p><\/o:p><\/h3>\n<p style=\"margin: 12.0pt 0cm 12.0pt 0cm;\"><span style=\"font-size: 11.0pt; font-family: 'Arial',sans-serif; color: black;\">+M\u012bkstais gumijas sast\u0101vs nodro\u0161ina labu sa\u0137eri ar ce\u013cu!<\/span><o:p><\/o:p><\/p>\n<p style=\"margin: 12.0pt 0cm 12.0pt 0cm;\"><span style=\"font-size: 11.0pt; font-family: 'Arial',sans-serif; color: black;\">+Riepas sportiskais dizains pal\u012bdz saglab\u0101t brauk\u0161anas dinamiskumu pat m\u012bnus gr\u0101dos!<\/span><o:p><\/o:p><\/p>\n<p style=\"margin: 12.0pt 0cm 12.0pt 0cm;\"><span style=\"font-size: 11.0pt; font-family: 'Arial',sans-serif; color: black;\">+Maksim\u0101li pastiprin\u0101ta riepas konstrukcija paildzina riepas kalpotsp\u0113ju!<\/span><o:p><\/o:p><\/p>\n<p style=\"margin: 12.0pt 0cm 12.0pt 0cm;\"><span style=\"font-size: 11.0pt; font-family: 'Arial',sans-serif; color: black;\">+Unik\u0101ls protektora raksts, kas samazina bremz\u0113\u0161an\u0101s ce\u013cu par l\u012bdz pat 12%!<\/span><o:p><\/o:p><\/p>\n<p style=\"margin: 12.0pt 0cm 12.0pt 0cm;\"><b><span style=\"font-size: 11.0pt; font-family: 'Arial',sans-serif; color: black;\">+ Kvalit\u0101te atbilst cenai!<\/span><\/b><o:p><\/o:p><\/p>\n<h3 style=\"margin: 14.0pt 0cm 4.0pt 0cm;\"><span style=\"font-size: 13.0pt; font-family: 'Arial',sans-serif; color: black;\">Ice Blazer Arctic SUV piem\u0113rot\u012bba Latvijas apst\u0101k\u013ciem<\/span><o:p><\/o:p><\/h3>\n<p style=\"margin: 12.0pt 0cm 12.0pt 0cm;\"><b><span style=\"font-size: 11.0pt; font-family: 'Arial',sans-serif; color: black;\">Sailun Ice Blazer Arctic SUV <\/span><\/b><span style=\"font-size: 11.0pt; font-family: 'Arial',sans-serif; color: black;\">ziemas riepas labi saglab\u0101 sa\u0137eri ar ce\u013cu pat m\u012bnus gr\u0101dos. T\u0101s ir paredz\u0113tas brauk\u0161anai pils\u0113tas apst\u0101k\u013cos, turkl\u0101t ar t\u0101m var dro\u0161i doties ar\u012b izbraucienos \u0101rpus t\u0101s. Sailun Arctic SUV pla\u0161ais uzlaboto, un jau iepriek\u0161 min\u0113to, \u012bpa\u0161\u012bbu skaits nodro\u0161ina par <b>12% <\/b>lab\u0101ku manevr\u0113tsp\u0113ju un par <b>18%<\/b> ilg\u0101ku kalpotsp\u0113ju ziemas apst\u0101k\u013cos.<\/span><o:p><\/o:p><\/p>\n","protected":false},"excerpt":{"rendered":"<p style=\"margin: 12.0pt 0cm 12.0pt 0cm;\"><b><span style=\"font-size: 11.0pt; font-family: 'Arial',sans-serif; color: black;\">Sailun Ice Blazer Arctic SUV <\/span><\/b><span style=\"font-size: 11.0pt; font-family: 'Arial',sans-serif; color: black;\">ir Skandin\u0101vijas tipa ziemas riepa, kas paredz\u0113ta krosoveriem un apvidus automa\u0161\u012bn\u0101m. \u0160\u012b riepa ir ar labiem bremz\u0113\u0161an\u0101s, veiktsp\u0113jas un manevr\u0113tsp\u0113jas r\u0101d\u012bt\u0101jiem, pateicoties unik\u0101lajam protektora rakstam un elestrom\u0113ru\u00a0 koncentr\u0101cijai gumijas sast\u0101v\u0101. Visu \u0161o \u012bpa\u0161\u012bbu salikums nodro\u0161ina ne tikai dro\u0161u, bet ar\u012b komfortablu un klusu p\u0101rvieto\u0161anos.<\/span><o:p><\/o:p><\/p>\n","protected":false},"featured_media":1079016,"template":"","meta":{"_acf_changed":false,"ngg_post_thumbnail":0},"product_brand":[],"product_cat":[47,45],"product_tag":[19634],"class_list":{"0":"post-151335","1":"product","2":"type-product","3":"status-publish","4":"has-post-thumbnail","6":"product_cat-vissezonas-riepas","7":"product_cat-ziemas-riepas","8":"product_tag-mmk","10":"first","11":"instock","12":"sale","13":"taxable","14":"shipping-taxable","15":"purchasable","16":"product-type-simple"},"acf":[],"yoast_head":"<!-- This site is optimized with the Yoast SEO Premium plugin v22.6 (Yoast SEO v27.3) - https:\/\/yoast.com\/product\/yoast-seo-premium-wordpress\/ -->\n<title>235\/55R17 Sailun Ice Blazer Arctic SUV 103H XL &#8226; MMK Riepas<\/title>\n<meta name=\"description\" content=\"Sailun Ice Blazer Arctic SUV- ziemas riepa, kas gatava st\u0101ties pret\u012b bargiem apst\u0101k\u013ciem. Pieejama abos MMK Riepu Centros par lab\u0101kaj\u0101m cen\u0101m!\" \/>\n<meta name=\"robots\" content=\"index, follow, max-snippet:-1, max-image-preview:large, max-video-preview:-1\" \/>\n<link rel=\"canonical\" href=\"https:\/\/mmkriepas.lv\/en\/p\/235-55r17-sailun-ice-blazer-arctic-suv-103h\/\" \/>\n<meta property=\"og:locale\" content=\"en_US\" \/>\n<meta property=\"og:type\" content=\"article\" \/>\n<meta property=\"og:title\" content=\"235\/55R17 Sailun Ice Blazer Arctic SUV 103H XL\" \/>\n<meta property=\"og:description\" content=\"Sailun Ice Blazer Arctic SUV- ziemas riepa, kas gatava st\u0101ties pret\u012b bargiem apst\u0101k\u013ciem. Pieejama abos MMK Riepu Centros par lab\u0101kaj\u0101m cen\u0101m!\" \/>\n<meta property=\"og:url\" content=\"https:\/\/mmkriepas.lv\/en\/p\/235-55r17-sailun-ice-blazer-arctic-suv-103h\/\" \/>\n<meta property=\"og:site_name\" content=\"MMK Riepas\" \/>\n<meta property=\"article:publisher\" content=\"https:\/\/www.facebook.com\/mmkserviss\/\" \/>\n<meta property=\"article:modified_time\" content=\"2026-03-27T22:09:20+00:00\" \/>\n<meta property=\"og:image\" content=\"https:\/\/mmkriepas.lv\/wp-content\/uploads\/2024\/09\/SAILUN-ICE-BLAZER-ARCTIC-SUV.jpg\" \/>\n\t<meta property=\"og:image:width\" content=\"900\" \/>\n\t<meta property=\"og:image:height\" content=\"720\" \/>\n\t<meta property=\"og:image:type\" content=\"image\/jpeg\" \/>\n<meta name=\"twitter:card\" content=\"summary_large_image\" \/>\n<meta name=\"twitter:label1\" content=\"Price\" \/>\n\t<meta name=\"twitter:data1\" content=\"&euro;83.00\" \/>\n\t<meta name=\"twitter:label2\" content=\"Availability\" \/>\n\t<meta name=\"twitter:data2\" content=\"In stock\" \/>\n<script type=\"application\/ld+json\" class=\"yoast-schema-graph\">{\"@context\":\"https:\\\/\\\/schema.org\",\"@graph\":[{\"@type\":\"WebPage\",\"@id\":\"https:\\\/\\\/mmkriepas.lv\\\/en\\\/p\\\/235-55r17-sailun-ice-blazer-arctic-suv-103h\\\/\",\"url\":\"https:\\\/\\\/mmkriepas.lv\\\/en\\\/p\\\/235-55r17-sailun-ice-blazer-arctic-suv-103h\\\/\",\"name\":\"235\\\/55R17 Sailun Ice Blazer Arctic SUV 103H XL &#8226; MMK Riepas\",\"isPartOf\":{\"@id\":\"https:\\\/\\\/mmkriepas.lv\\\/en\\\/#website\"},\"primaryImageOfPage\":{\"@id\":\"https:\\\/\\\/mmkriepas.lv\\\/en\\\/p\\\/235-55r17-sailun-ice-blazer-arctic-suv-103h\\\/#primaryimage\"},\"image\":{\"@id\":\"https:\\\/\\\/mmkriepas.lv\\\/en\\\/p\\\/235-55r17-sailun-ice-blazer-arctic-suv-103h\\\/#primaryimage\"},\"thumbnailUrl\":\"https:\\\/\\\/mmkriepas.lv\\\/wp-content\\\/uploads\\\/2024\\\/09\\\/SAILUN-ICE-BLAZER-ARCTIC-SUV.jpg\",\"datePublished\":\"2020-09-18T15:14:48+00:00\",\"dateModified\":\"2026-03-27T22:09:20+00:00\",\"description\":\"Sailun Ice Blazer Arctic SUV- ziemas riepa, kas gatava st\u0101ties pret\u012b bargiem apst\u0101k\u013ciem. Pieejama abos MMK Riepu Centros par lab\u0101kaj\u0101m cen\u0101m!\",\"breadcrumb\":{\"@id\":\"https:\\\/\\\/mmkriepas.lv\\\/en\\\/p\\\/235-55r17-sailun-ice-blazer-arctic-suv-103h\\\/#breadcrumb\"},\"inLanguage\":\"en-US\",\"potentialAction\":[{\"@type\":\"ReadAction\",\"target\":[\"https:\\\/\\\/mmkriepas.lv\\\/en\\\/p\\\/235-55r17-sailun-ice-blazer-arctic-suv-103h\\\/\"]}]},{\"@type\":\"ImageObject\",\"inLanguage\":\"en-US\",\"@id\":\"https:\\\/\\\/mmkriepas.lv\\\/en\\\/p\\\/235-55r17-sailun-ice-blazer-arctic-suv-103h\\\/#primaryimage\",\"url\":\"https:\\\/\\\/mmkriepas.lv\\\/wp-content\\\/uploads\\\/2024\\\/09\\\/SAILUN-ICE-BLAZER-ARCTIC-SUV.jpg\",\"contentUrl\":\"https:\\\/\\\/mmkriepas.lv\\\/wp-content\\\/uploads\\\/2024\\\/09\\\/SAILUN-ICE-BLAZER-ARCTIC-SUV.jpg\",\"width\":900,\"height\":720,\"caption\":\"MAIN\"},{\"@type\":\"BreadcrumbList\",\"@id\":\"https:\\\/\\\/mmkriepas.lv\\\/en\\\/p\\\/235-55r17-sailun-ice-blazer-arctic-suv-103h\\\/#breadcrumb\",\"itemListElement\":[{\"@type\":\"ListItem\",\"position\":1,\"name\":\"S\u0101kums\",\"item\":\"https:\\\/\\\/mmkriepas.lv\\\/en\\\/\"},{\"@type\":\"ListItem\",\"position\":2,\"name\":\"235\\\/55R17 Sailun Ice Blazer Arctic SUV 103H XL\"}]},{\"@type\":\"WebSite\",\"@id\":\"https:\\\/\\\/mmkriepas.lv\\\/en\\\/#website\",\"url\":\"https:\\\/\\\/mmkriepas.lv\\\/en\\\/\",\"name\":\"MMK Riepas\",\"description\":\"MMK Riepas\",\"alternateName\":\"MMK Riepu Serviss\",\"potentialAction\":[{\"@type\":\"SearchAction\",\"target\":{\"@type\":\"EntryPoint\",\"urlTemplate\":\"https:\\\/\\\/mmkriepas.lv\\\/en\\\/?s={search_term_string}\"},\"query-input\":{\"@type\":\"PropertyValueSpecification\",\"valueRequired\":true,\"valueName\":\"search_term_string\"}}],\"inLanguage\":\"en-US\"},{\"@type\":\"ImageObject\",\"inLanguage\":\"en-US\",\"@id\":\"https:\\\/\\\/mmkriepas.lv\\\/en\\\/p\\\/235-55r17-sailun-ice-blazer-arctic-suv-103h\\\/#local-main-organization-logo\",\"url\":\"\",\"contentUrl\":\"\",\"caption\":\"MMK Riepas\"}]}<\/script>\n<meta property=\"product:brand\" content=\"Sailun Ice Blazer Arctic SUV\" \/>\n<meta property=\"product:price:amount\" content=\"83.00\" \/>\n<meta property=\"product:price:currency\" content=\"EUR\" \/>\n<meta property=\"og:availability\" content=\"instock\" \/>\n<meta property=\"product:availability\" content=\"instock\" \/>\n<meta property=\"product:retailer_item_id\" content=\"TW2355517SAILU-12754\" \/>\n<meta property=\"product:condition\" content=\"new\" \/>\n<!-- \/ Yoast SEO Premium plugin. -->","yoast_head_json":{"title":"235\/55R17 Sailun Ice Blazer Arctic SUV 103H XL &#8226; MMK Riepas","description":"Sailun Ice Blazer Arctic SUV- ziemas riepa, kas gatava st\u0101ties pret\u012b bargiem apst\u0101k\u013ciem. Pieejama abos MMK Riepu Centros par lab\u0101kaj\u0101m cen\u0101m!","robots":{"index":"index","follow":"follow","max-snippet":"max-snippet:-1","max-image-preview":"max-image-preview:large","max-video-preview":"max-video-preview:-1"},"canonical":"https:\/\/mmkriepas.lv\/en\/p\/235-55r17-sailun-ice-blazer-arctic-suv-103h\/","og_locale":"en_US","og_type":"article","og_title":"235\/55R17 Sailun Ice Blazer Arctic SUV 103H XL","og_description":"Sailun Ice Blazer Arctic SUV- ziemas riepa, kas gatava st\u0101ties pret\u012b bargiem apst\u0101k\u013ciem. Pieejama abos MMK Riepu Centros par lab\u0101kaj\u0101m cen\u0101m!","og_url":"https:\/\/mmkriepas.lv\/en\/p\/235-55r17-sailun-ice-blazer-arctic-suv-103h\/","og_site_name":"MMK Riepas","article_publisher":"https:\/\/www.facebook.com\/mmkserviss\/","article_modified_time":"2026-03-27T22:09:20+00:00","og_image":[{"width":900,"height":720,"url":"https:\/\/mmkriepas.lv\/wp-content\/uploads\/2024\/09\/SAILUN-ICE-BLAZER-ARCTIC-SUV.jpg","type":"image\/jpeg"}],"twitter_card":"summary_large_image","twitter_misc":{"Price":"&euro;83.00","Availability":"In stock"},"schema":{"@context":"https:\/\/schema.org","@graph":[{"@type":"WebPage","@id":"https:\/\/mmkriepas.lv\/en\/p\/235-55r17-sailun-ice-blazer-arctic-suv-103h\/","url":"https:\/\/mmkriepas.lv\/en\/p\/235-55r17-sailun-ice-blazer-arctic-suv-103h\/","name":"235\/55R17 Sailun Ice Blazer Arctic SUV 103H XL &#8226; MMK Riepas","isPartOf":{"@id":"https:\/\/mmkriepas.lv\/en\/#website"},"primaryImageOfPage":{"@id":"https:\/\/mmkriepas.lv\/en\/p\/235-55r17-sailun-ice-blazer-arctic-suv-103h\/#primaryimage"},"image":{"@id":"https:\/\/mmkriepas.lv\/en\/p\/235-55r17-sailun-ice-blazer-arctic-suv-103h\/#primaryimage"},"thumbnailUrl":"https:\/\/mmkriepas.lv\/wp-content\/uploads\/2024\/09\/SAILUN-ICE-BLAZER-ARCTIC-SUV.jpg","datePublished":"2020-09-18T15:14:48+00:00","dateModified":"2026-03-27T22:09:20+00:00","description":"Sailun Ice Blazer Arctic SUV- ziemas riepa, kas gatava st\u0101ties pret\u012b bargiem apst\u0101k\u013ciem. Pieejama abos MMK Riepu Centros par lab\u0101kaj\u0101m cen\u0101m!","breadcrumb":{"@id":"https:\/\/mmkriepas.lv\/en\/p\/235-55r17-sailun-ice-blazer-arctic-suv-103h\/#breadcrumb"},"inLanguage":"en-US","potentialAction":[{"@type":"ReadAction","target":["https:\/\/mmkriepas.lv\/en\/p\/235-55r17-sailun-ice-blazer-arctic-suv-103h\/"]}]},{"@type":"ImageObject","inLanguage":"en-US","@id":"https:\/\/mmkriepas.lv\/en\/p\/235-55r17-sailun-ice-blazer-arctic-suv-103h\/#primaryimage","url":"https:\/\/mmkriepas.lv\/wp-content\/uploads\/2024\/09\/SAILUN-ICE-BLAZER-ARCTIC-SUV.jpg","contentUrl":"https:\/\/mmkriepas.lv\/wp-content\/uploads\/2024\/09\/SAILUN-ICE-BLAZER-ARCTIC-SUV.jpg","width":900,"height":720,"caption":"MAIN"},{"@type":"BreadcrumbList","@id":"https:\/\/mmkriepas.lv\/en\/p\/235-55r17-sailun-ice-blazer-arctic-suv-103h\/#breadcrumb","itemListElement":[{"@type":"ListItem","position":1,"name":"S\u0101kums","item":"https:\/\/mmkriepas.lv\/en\/"},{"@type":"ListItem","position":2,"name":"235\/55R17 Sailun Ice Blazer Arctic SUV 103H XL"}]},{"@type":"WebSite","@id":"https:\/\/mmkriepas.lv\/en\/#website","url":"https:\/\/mmkriepas.lv\/en\/","name":"MMK Riepas","description":"MMK Riepas","alternateName":"MMK Riepu Serviss","potentialAction":[{"@type":"SearchAction","target":{"@type":"EntryPoint","urlTemplate":"https:\/\/mmkriepas.lv\/en\/?s={search_term_string}"},"query-input":{"@type":"PropertyValueSpecification","valueRequired":true,"valueName":"search_term_string"}}],"inLanguage":"en-US"},{"@type":"ImageObject","inLanguage":"en-US","@id":"https:\/\/mmkriepas.lv\/en\/p\/235-55r17-sailun-ice-blazer-arctic-suv-103h\/#local-main-organization-logo","url":"","contentUrl":"","caption":"MMK Riepas"}]},"product_brand":"Sailun Ice Blazer Arctic SUV","product_price_amount":"83.00","product_price_currency":"EUR","og_availability":"instock","product_availability":"instock","product_retailer_item_id":"TW2355517SAILU-12754","product_condition":"new"},"_links":{"self":[{"href":"https:\/\/mmkriepas.lv\/en\/wp-json\/wp\/v2\/product\/151335","targetHints":{"allow":["GET"]}}],"collection":[{"href":"https:\/\/mmkriepas.lv\/en\/wp-json\/wp\/v2\/product"}],"about":[{"href":"https:\/\/mmkriepas.lv\/en\/wp-json\/wp\/v2\/types\/product"}],"wp:featuredmedia":[{"embeddable":true,"href":"https:\/\/mmkriepas.lv\/en\/wp-json\/wp\/v2\/media\/1079016"}],"wp:attachment":[{"href":"https:\/\/mmkriepas.lv\/en\/wp-json\/wp\/v2\/media?parent=151335"}],"wp:term":[{"taxonomy":"product_brand","embeddable":true,"href":"https:\/\/mmkriepas.lv\/en\/wp-json\/wp\/v2\/product_brand?post=151335"},{"taxonomy":"product_cat","embeddable":true,"href":"https:\/\/mmkriepas.lv\/en\/wp-json\/wp\/v2\/product_cat?post=151335"},{"taxonomy":"product_tag","embeddable":true,"href":"https:\/\/mmkriepas.lv\/en\/wp-json\/wp\/v2\/product_tag?post=151335"}],"curies":[{"name":"wp","href":"https:\/\/api.w.org\/{rel}","templated":true}]}}