{"id":150173,"date":"2020-09-16T12:16:25","date_gmt":"2020-09-16T09:16:25","guid":{"rendered":"https:\/\/mmkserviss.lv\/?post_type=product&#038;p=150173"},"modified":"2026-03-27T23:57:48","modified_gmt":"2026-03-27T21:57:48","slug":"225-40r19-sailun-ice-blazer-alpine-evo-93w","status":"publish","type":"product","link":"https:\/\/mmkriepas.lv\/en\/p\/225-40r19-sailun-ice-blazer-alpine-evo-93w\/","title":{"rendered":"225\/40R19 Sailun Ice Blazer Alpine EVO1 93W XL RP"},"content":{"rendered":"<p style=\"margin: 12.0pt 0cm 12.0pt 0cm;\"><b><span style=\"font-size: 11.0pt; font-family: 'Arial',sans-serif; color: black;\">Sailun Ice Blazer Alpine Evo<\/span><\/b><span style=\"white-space: pre-wrap;\"><span style=\"font-size: 11.0pt; font-family: 'Arial',sans-serif; color: black;\"> &#8211; <\/span><b>ziemas\/m+s riepas<\/b>, paredz\u0113tas jaud\u012bg\u0101kiem, sportiska tipa auto. T\u0101p\u0113c to protektora z\u012bm\u0113jums ir asimetrisks, lai palielin\u0101tu dro\u0161\u012bbu gan uz sniega, gan uz slapja ce\u013ca seguma, gan ar\u012b uz sausa asfalta. Tom\u0113r riepas lieliski der\u0113s ar\u012b vieglaj\u0101m un \u0123imenes automa\u0161\u012bn\u0101m.<\/span><o:p><\/o:p><\/p>\n<h3 style=\"margin: 14.0pt 0cm 4.0pt 0cm;\"><span style=\"white-space: pre-wrap;\"><span style=\"font-size: 13.0pt; font-family: 'Arial',sans-serif; color: black;\">Sailun Ice Blazer Alpine Evo galven\u0101s iez\u012bmes<\/span><\/span><o:p><\/o:p><\/h3>\n<p style=\"margin: 12.0pt 0cm 12.0pt 0cm;\"><span style=\"white-space: pre-wrap;\"><span style=\"font-size: 11.0pt; font-family: 'Arial',sans-serif; color: black;\">+Palielin\u0101ti protektora s\u0101nu bloki!<\/span><\/span><o:p><\/o:p><\/p>\n<p style=\"margin: 12.0pt 0cm 12.0pt 0cm;\"><span style=\"white-space: pre-wrap;\"><span style=\"font-size: 11.0pt; font-family: 'Arial',sans-serif; color: black;\">+Asimetriskais protektora raksts<\/span><\/span><o:p><\/o:p><\/p>\n<p style=\"margin: 12.0pt 0cm 12.0pt 0cm;\"><span style=\"white-space: pre-wrap;\"><span style=\"font-size: 11.0pt; font-family: 'Arial',sans-serif; color: black;\">+Pastiprin\u0101ta riepas centr\u0101l\u0101 protektora bloku virkne!<\/span><\/span><o:p><\/o:p><\/p>\n<p style=\"margin: 12.0pt 0cm 12.0pt 0cm;\"><span style=\"white-space: pre-wrap;\"><span style=\"font-size: 11.0pt; font-family: 'Arial',sans-serif; color: black;\">+Laba veiktsp\u0113ja un stabilit\u0101te!<\/span><\/span><o:p><\/o:p><\/p>\n<p style=\"margin: 12.0pt 0cm 12.0pt 0cm;\"><span style=\"white-space: pre-wrap;\"><span style=\"font-size: 11.0pt; font-family: 'Arial',sans-serif; color: black;\">+Komfortabla, gluda un klusa gaita!<\/span><\/span><o:p><\/o:p><\/p>\n<p style=\"margin: 12.0pt 0cm 12.0pt 0cm;\"><span style=\"white-space: pre-wrap;\"><b><span style=\"font-size: 11.0pt; font-family: 'Arial',sans-serif; color: black;\">+ Kvalit\u0101te atbilst cenai!<\/span><\/b><\/span><o:p><\/o:p><\/p>\n<h3 style=\"margin: 14.0pt 0cm 4.0pt 0cm;\"><span style=\"white-space: pre-wrap;\"><span style=\"font-size: 13.0pt; font-family: 'Arial',sans-serif; color: black;\">Alpine Evo apr\u012bkojums<\/span><\/span><o:p><\/o:p><\/h3>\n<p style=\"margin: 12.0pt 0cm 12.0pt 0cm;\"><span style=\"white-space: pre-wrap;\"><span style=\"font-size: 11.0pt; font-family: 'Arial',sans-serif; color: black;\">Riepas \u0101rmalai ir izveidoti <\/span><b>lieli protektora s\u0101nu bloki<\/b>, kas j\u016btami\u00a0 paaugstina stabilit\u0101ti pie lieliem \u0101trumiem. Iek\u0161mala ir veidota ar daudziem, da\u017e\u0101da platuma novades kan\u0101liem, kas paradz\u0113ti \u016bdens un slapjdra\u0146\u0137a izspie\u0161anai!<\/span><o:p><\/o:p><\/p>\n<p style=\"margin: 12.0pt 0cm 12.0pt 0cm;\"><span style=\"white-space: pre-wrap;\"><span style=\"font-size: 11.0pt; font-family: 'Arial',sans-serif; color: black;\">Riepas konstrukcij\u0101 ir <\/span><b>pastiprin\u0101tas centr\u0101las ribas<\/b>, kas palielina st\u016bres reakcijas \u0101trumu un precizit\u0101ti.<\/span><o:p><\/o:p><\/p>\n<p style=\"margin: 12.0pt 0cm 12.0pt 0cm;\"><span style=\"white-space: pre-wrap;\"><span style=\"font-size: 11.0pt; font-family: 'Arial',sans-serif; color: black;\">Ir izveidotas divas platas centr\u0101l\u0101s garenisk\u0101s rievas, kuru galvenais uzdevums ir \u016bdens novade. T\u0101dej\u0101di tiek samazin\u0101ts akvaplan\u0113\u0161anas risks un <\/span><b>uzlabota visp\u0101r\u0113j\u0101 stabilit\u0101te<\/b>!<\/span><\/p>\n","protected":false},"excerpt":{"rendered":"<p><b><span style=\"font-size: 11.0pt; font-family: 'Arial',sans-serif; color: black;\">Sailun Ice Blazer Alpine Evo<\/span><\/b><span style=\"font-size: 11.0pt; font-family: 'Arial',sans-serif; color: black;\"> &#8211; <b>ziemas\/m+s riepas<\/b>, paredz\u0113tas jaud\u012bg\u0101kiem, sportiska tipa auto. T\u0101p\u0113c to protektora z\u012bm\u0113jums ir asimetrisks, lai palielin\u0101tu dro\u0161\u012bbu gan uz sniega, gan uz slapja ce\u013ca seguma, gan ar\u012b uz sausa asfalta. Tom\u0113r riepas lieliski der\u0113s ar\u012b vieglaj\u0101m un \u0123imenes automa\u0161\u012bn\u0101m.<\/span><\/p>\n","protected":false},"featured_media":649139,"template":"","meta":{"_acf_changed":false,"ngg_post_thumbnail":0},"product_brand":[],"product_cat":[47,45],"product_tag":[],"class_list":{"0":"post-150173","1":"product","2":"type-product","3":"status-publish","4":"has-post-thumbnail","6":"product_cat-vissezonas-riepas","7":"product_cat-ziemas-riepas","9":"first","10":"instock","11":"sale","12":"taxable","13":"shipping-taxable","14":"purchasable","15":"product-type-simple"},"acf":[],"yoast_head":"<!-- This site is optimized with the Yoast SEO Premium plugin v22.6 (Yoast SEO v27.3) - https:\/\/yoast.com\/product\/yoast-seo-premium-wordpress\/ -->\n<title>225\/40R19 Sailun Ice Blazer Alpine EVO1 93W XL RP &#8226; MMK Riepas<\/title>\n<meta name=\"description\" content=\"Sailun Ice Blazer Alpine Evo - kvalitat\u012bva ziemas riepa, ide\u0101li piem\u0113rota Latvijas ziemai. Pieejama MMK Riepu Centros par vislab\u0101kaj\u0101m cen\u0101m!\" \/>\n<meta name=\"robots\" content=\"index, follow, max-snippet:-1, max-image-preview:large, max-video-preview:-1\" \/>\n<link rel=\"canonical\" href=\"https:\/\/mmkriepas.lv\/en\/p\/225-40r19-sailun-ice-blazer-alpine-evo-93w\/\" \/>\n<meta property=\"og:locale\" content=\"en_US\" \/>\n<meta property=\"og:type\" content=\"article\" \/>\n<meta property=\"og:title\" content=\"225\/40R19 Sailun Ice Blazer Alpine EVO1 93W XL RP\" \/>\n<meta property=\"og:description\" content=\"Sailun Ice Blazer Alpine Evo - kvalitat\u012bva ziemas riepa, ide\u0101li piem\u0113rota Latvijas ziemai. Pieejama MMK Riepu Centros par vislab\u0101kaj\u0101m cen\u0101m!\" \/>\n<meta property=\"og:url\" content=\"https:\/\/mmkriepas.lv\/en\/p\/225-40r19-sailun-ice-blazer-alpine-evo-93w\/\" \/>\n<meta property=\"og:site_name\" content=\"MMK Riepas\" \/>\n<meta property=\"article:publisher\" content=\"https:\/\/www.facebook.com\/mmkserviss\/\" \/>\n<meta property=\"article:modified_time\" content=\"2026-03-27T21:57:48+00:00\" \/>\n<meta property=\"og:image\" content=\"https:\/\/mmkriepas.lv\/wp-content\/uploads\/2023\/02\/21545r17-sailun-ice-blazer-alpine-evo-1-91v-xl-ziemas-riepas.jpg\" \/>\n\t<meta property=\"og:image:width\" content=\"1920\" \/>\n\t<meta property=\"og:image:height\" content=\"1278\" \/>\n\t<meta property=\"og:image:type\" content=\"image\/jpeg\" \/>\n<meta name=\"twitter:card\" content=\"summary_large_image\" \/>\n<meta name=\"twitter:label1\" content=\"Price\" \/>\n\t<meta name=\"twitter:data1\" content=\"&euro;87.00\" \/>\n\t<meta name=\"twitter:label2\" content=\"Availability\" \/>\n\t<meta name=\"twitter:data2\" content=\"In stock\" \/>\n<script type=\"application\/ld+json\" class=\"yoast-schema-graph\">{\"@context\":\"https:\\\/\\\/schema.org\",\"@graph\":[{\"@type\":\"WebPage\",\"@id\":\"https:\\\/\\\/mmkriepas.lv\\\/en\\\/p\\\/225-40r19-sailun-ice-blazer-alpine-evo-93w\\\/\",\"url\":\"https:\\\/\\\/mmkriepas.lv\\\/en\\\/p\\\/225-40r19-sailun-ice-blazer-alpine-evo-93w\\\/\",\"name\":\"225\\\/40R19 Sailun Ice Blazer Alpine EVO1 93W XL RP &#8226; MMK Riepas\",\"isPartOf\":{\"@id\":\"https:\\\/\\\/mmkriepas.lv\\\/en\\\/#website\"},\"primaryImageOfPage\":{\"@id\":\"https:\\\/\\\/mmkriepas.lv\\\/en\\\/p\\\/225-40r19-sailun-ice-blazer-alpine-evo-93w\\\/#primaryimage\"},\"image\":{\"@id\":\"https:\\\/\\\/mmkriepas.lv\\\/en\\\/p\\\/225-40r19-sailun-ice-blazer-alpine-evo-93w\\\/#primaryimage\"},\"thumbnailUrl\":\"https:\\\/\\\/mmkriepas.lv\\\/wp-content\\\/uploads\\\/2023\\\/02\\\/21545r17-sailun-ice-blazer-alpine-evo-1-91v-xl-ziemas-riepas.jpg\",\"datePublished\":\"2020-09-16T09:16:25+00:00\",\"dateModified\":\"2026-03-27T21:57:48+00:00\",\"description\":\"Sailun Ice Blazer Alpine Evo - kvalitat\u012bva ziemas riepa, ide\u0101li piem\u0113rota Latvijas ziemai. Pieejama MMK Riepu Centros par vislab\u0101kaj\u0101m cen\u0101m!\",\"breadcrumb\":{\"@id\":\"https:\\\/\\\/mmkriepas.lv\\\/en\\\/p\\\/225-40r19-sailun-ice-blazer-alpine-evo-93w\\\/#breadcrumb\"},\"inLanguage\":\"en-US\",\"potentialAction\":[{\"@type\":\"ReadAction\",\"target\":[\"https:\\\/\\\/mmkriepas.lv\\\/en\\\/p\\\/225-40r19-sailun-ice-blazer-alpine-evo-93w\\\/\"]}]},{\"@type\":\"ImageObject\",\"inLanguage\":\"en-US\",\"@id\":\"https:\\\/\\\/mmkriepas.lv\\\/en\\\/p\\\/225-40r19-sailun-ice-blazer-alpine-evo-93w\\\/#primaryimage\",\"url\":\"https:\\\/\\\/mmkriepas.lv\\\/wp-content\\\/uploads\\\/2023\\\/02\\\/21545r17-sailun-ice-blazer-alpine-evo-1-91v-xl-ziemas-riepas.jpg\",\"contentUrl\":\"https:\\\/\\\/mmkriepas.lv\\\/wp-content\\\/uploads\\\/2023\\\/02\\\/21545r17-sailun-ice-blazer-alpine-evo-1-91v-xl-ziemas-riepas.jpg\",\"width\":1920,\"height\":1278,\"caption\":\"MAIN\"},{\"@type\":\"BreadcrumbList\",\"@id\":\"https:\\\/\\\/mmkriepas.lv\\\/en\\\/p\\\/225-40r19-sailun-ice-blazer-alpine-evo-93w\\\/#breadcrumb\",\"itemListElement\":[{\"@type\":\"ListItem\",\"position\":1,\"name\":\"S\u0101kums\",\"item\":\"https:\\\/\\\/mmkriepas.lv\\\/en\\\/\"},{\"@type\":\"ListItem\",\"position\":2,\"name\":\"225\\\/40R19 Sailun Ice Blazer Alpine EVO1 93W XL RP\"}]},{\"@type\":\"WebSite\",\"@id\":\"https:\\\/\\\/mmkriepas.lv\\\/en\\\/#website\",\"url\":\"https:\\\/\\\/mmkriepas.lv\\\/en\\\/\",\"name\":\"MMK Riepas\",\"description\":\"MMK Riepas\",\"alternateName\":\"MMK Riepu Serviss\",\"potentialAction\":[{\"@type\":\"SearchAction\",\"target\":{\"@type\":\"EntryPoint\",\"urlTemplate\":\"https:\\\/\\\/mmkriepas.lv\\\/en\\\/?s={search_term_string}\"},\"query-input\":{\"@type\":\"PropertyValueSpecification\",\"valueRequired\":true,\"valueName\":\"search_term_string\"}}],\"inLanguage\":\"en-US\"},{\"@type\":\"ImageObject\",\"inLanguage\":\"en-US\",\"@id\":\"https:\\\/\\\/mmkriepas.lv\\\/en\\\/p\\\/225-40r19-sailun-ice-blazer-alpine-evo-93w\\\/#local-main-organization-logo\",\"url\":\"\",\"contentUrl\":\"\",\"caption\":\"MMK Riepas\"}]}<\/script>\n<meta property=\"product:brand\" content=\"Sailun Ice Blazer Alpine EVO1\" \/>\n<meta property=\"product:price:amount\" content=\"87.00\" \/>\n<meta property=\"product:price:currency\" content=\"EUR\" \/>\n<meta property=\"og:availability\" content=\"instock\" \/>\n<meta property=\"product:availability\" content=\"instock\" \/>\n<meta property=\"product:retailer_item_id\" content=\"TW2254019SAILU-1664\" \/>\n<meta property=\"product:condition\" content=\"new\" \/>\n<!-- \/ Yoast SEO Premium plugin. -->","yoast_head_json":{"title":"225\/40R19 Sailun Ice Blazer Alpine EVO1 93W XL RP &#8226; MMK Riepas","description":"Sailun Ice Blazer Alpine Evo - kvalitat\u012bva ziemas riepa, ide\u0101li piem\u0113rota Latvijas ziemai. Pieejama MMK Riepu Centros par vislab\u0101kaj\u0101m cen\u0101m!","robots":{"index":"index","follow":"follow","max-snippet":"max-snippet:-1","max-image-preview":"max-image-preview:large","max-video-preview":"max-video-preview:-1"},"canonical":"https:\/\/mmkriepas.lv\/en\/p\/225-40r19-sailun-ice-blazer-alpine-evo-93w\/","og_locale":"en_US","og_type":"article","og_title":"225\/40R19 Sailun Ice Blazer Alpine EVO1 93W XL RP","og_description":"Sailun Ice Blazer Alpine Evo - kvalitat\u012bva ziemas riepa, ide\u0101li piem\u0113rota Latvijas ziemai. Pieejama MMK Riepu Centros par vislab\u0101kaj\u0101m cen\u0101m!","og_url":"https:\/\/mmkriepas.lv\/en\/p\/225-40r19-sailun-ice-blazer-alpine-evo-93w\/","og_site_name":"MMK Riepas","article_publisher":"https:\/\/www.facebook.com\/mmkserviss\/","article_modified_time":"2026-03-27T21:57:48+00:00","og_image":[{"width":1920,"height":1278,"url":"https:\/\/mmkriepas.lv\/wp-content\/uploads\/2023\/02\/21545r17-sailun-ice-blazer-alpine-evo-1-91v-xl-ziemas-riepas.jpg","type":"image\/jpeg"}],"twitter_card":"summary_large_image","twitter_misc":{"Price":"&euro;87.00","Availability":"In stock"},"schema":{"@context":"https:\/\/schema.org","@graph":[{"@type":"WebPage","@id":"https:\/\/mmkriepas.lv\/en\/p\/225-40r19-sailun-ice-blazer-alpine-evo-93w\/","url":"https:\/\/mmkriepas.lv\/en\/p\/225-40r19-sailun-ice-blazer-alpine-evo-93w\/","name":"225\/40R19 Sailun Ice Blazer Alpine EVO1 93W XL RP &#8226; MMK Riepas","isPartOf":{"@id":"https:\/\/mmkriepas.lv\/en\/#website"},"primaryImageOfPage":{"@id":"https:\/\/mmkriepas.lv\/en\/p\/225-40r19-sailun-ice-blazer-alpine-evo-93w\/#primaryimage"},"image":{"@id":"https:\/\/mmkriepas.lv\/en\/p\/225-40r19-sailun-ice-blazer-alpine-evo-93w\/#primaryimage"},"thumbnailUrl":"https:\/\/mmkriepas.lv\/wp-content\/uploads\/2023\/02\/21545r17-sailun-ice-blazer-alpine-evo-1-91v-xl-ziemas-riepas.jpg","datePublished":"2020-09-16T09:16:25+00:00","dateModified":"2026-03-27T21:57:48+00:00","description":"Sailun Ice Blazer Alpine Evo - kvalitat\u012bva ziemas riepa, ide\u0101li piem\u0113rota Latvijas ziemai. Pieejama MMK Riepu Centros par vislab\u0101kaj\u0101m cen\u0101m!","breadcrumb":{"@id":"https:\/\/mmkriepas.lv\/en\/p\/225-40r19-sailun-ice-blazer-alpine-evo-93w\/#breadcrumb"},"inLanguage":"en-US","potentialAction":[{"@type":"ReadAction","target":["https:\/\/mmkriepas.lv\/en\/p\/225-40r19-sailun-ice-blazer-alpine-evo-93w\/"]}]},{"@type":"ImageObject","inLanguage":"en-US","@id":"https:\/\/mmkriepas.lv\/en\/p\/225-40r19-sailun-ice-blazer-alpine-evo-93w\/#primaryimage","url":"https:\/\/mmkriepas.lv\/wp-content\/uploads\/2023\/02\/21545r17-sailun-ice-blazer-alpine-evo-1-91v-xl-ziemas-riepas.jpg","contentUrl":"https:\/\/mmkriepas.lv\/wp-content\/uploads\/2023\/02\/21545r17-sailun-ice-blazer-alpine-evo-1-91v-xl-ziemas-riepas.jpg","width":1920,"height":1278,"caption":"MAIN"},{"@type":"BreadcrumbList","@id":"https:\/\/mmkriepas.lv\/en\/p\/225-40r19-sailun-ice-blazer-alpine-evo-93w\/#breadcrumb","itemListElement":[{"@type":"ListItem","position":1,"name":"S\u0101kums","item":"https:\/\/mmkriepas.lv\/en\/"},{"@type":"ListItem","position":2,"name":"225\/40R19 Sailun Ice Blazer Alpine EVO1 93W XL RP"}]},{"@type":"WebSite","@id":"https:\/\/mmkriepas.lv\/en\/#website","url":"https:\/\/mmkriepas.lv\/en\/","name":"MMK Riepas","description":"MMK Riepas","alternateName":"MMK Riepu Serviss","potentialAction":[{"@type":"SearchAction","target":{"@type":"EntryPoint","urlTemplate":"https:\/\/mmkriepas.lv\/en\/?s={search_term_string}"},"query-input":{"@type":"PropertyValueSpecification","valueRequired":true,"valueName":"search_term_string"}}],"inLanguage":"en-US"},{"@type":"ImageObject","inLanguage":"en-US","@id":"https:\/\/mmkriepas.lv\/en\/p\/225-40r19-sailun-ice-blazer-alpine-evo-93w\/#local-main-organization-logo","url":"","contentUrl":"","caption":"MMK Riepas"}]},"product_brand":"Sailun Ice Blazer Alpine EVO1","product_price_amount":"87.00","product_price_currency":"EUR","og_availability":"instock","product_availability":"instock","product_retailer_item_id":"TW2254019SAILU-1664","product_condition":"new"},"_links":{"self":[{"href":"https:\/\/mmkriepas.lv\/en\/wp-json\/wp\/v2\/product\/150173","targetHints":{"allow":["GET"]}}],"collection":[{"href":"https:\/\/mmkriepas.lv\/en\/wp-json\/wp\/v2\/product"}],"about":[{"href":"https:\/\/mmkriepas.lv\/en\/wp-json\/wp\/v2\/types\/product"}],"wp:featuredmedia":[{"embeddable":true,"href":"https:\/\/mmkriepas.lv\/en\/wp-json\/wp\/v2\/media\/649139"}],"wp:attachment":[{"href":"https:\/\/mmkriepas.lv\/en\/wp-json\/wp\/v2\/media?parent=150173"}],"wp:term":[{"taxonomy":"product_brand","embeddable":true,"href":"https:\/\/mmkriepas.lv\/en\/wp-json\/wp\/v2\/product_brand?post=150173"},{"taxonomy":"product_cat","embeddable":true,"href":"https:\/\/mmkriepas.lv\/en\/wp-json\/wp\/v2\/product_cat?post=150173"},{"taxonomy":"product_tag","embeddable":true,"href":"https:\/\/mmkriepas.lv\/en\/wp-json\/wp\/v2\/product_tag?post=150173"}],"curies":[{"name":"wp","href":"https:\/\/api.w.org\/{rel}","templated":true}]}}