{"id":1501524,"date":"2026-05-09T13:42:43","date_gmt":"2026-05-09T10:42:43","guid":{"rendered":"https:\/\/mmkriepas.lv\/?post_type=product&#038;p=1501524"},"modified":"2026-05-12T22:51:39","modified_gmt":"2026-05-12T19:51:39","slug":"235-55r17-mileking-mk617-99t","status":"publish","type":"product","link":"https:\/\/mmkriepas.lv\/en\/p\/235-55r17-mileking-mk617-99t\/","title":{"rendered":"235\/55R17 Mileking MK617 99T"},"content":{"rendered":"<p data-path-to-node=\"7\"><b data-path-to-node=\"7\" data-index-in-node=\"0\">Mileking MK617<\/b> ir &#8220;bud\u017eeta segments bez p\u0101rsteigumiem&#8221;. T\u0101 ir in\u017eeniertehniski vienk\u0101r\u0161a, bet p\u0101rbaud\u012bta riepa, kas savu efektivit\u0101ti pier\u0101da tie\u0161i Latvijas main\u012bgaj\u0101s ziem\u0101s, kur no r\u012bta ir sniegs, bet p\u0113cpusdien\u0101 \u2014 slapjdra\u0146\u0137is. T\u0101 k\u0101 \u0161is modelis ir identisks <b data-path-to-node=\"7\" data-index-in-node=\"262\">Haida HD617<\/b>, tas manto visus \u0161\u012b mode\u013ca pan\u0101kumus testos un lietot\u0101ju atsauksm\u0113s par izcilu caurg\u0101j\u012bbu dzi\u013c\u0101 snieg\u0101.<\/p>\n<p data-path-to-node=\"8\">K\u0101 servisa vad\u012bt\u0101jam Jums b\u016bs b\u016btiski, ka \u0161\u012b riepa, pateicoties t\u0101s mas\u012bvajiem protektora blokiem, ir iztur\u012bga un sp\u0113j nodro\u0161in\u0101t stabilit\u0101ti ar\u012b pie liel\u0101ka nobraukuma. T\u0101 ir ide\u0101la izv\u0113le klientiem, kuriem nepiecie\u0161ams jauns, sertific\u0113ts ziemas apr\u012bkojums ar <b data-path-to-node=\"8\" data-index-in-node=\"261\">3PMSF<\/b> (sniegp\u0101rslas) mar\u0137\u0113jumu, bet kuri nev\u0113las p\u0101rmaks\u0101t par z\u012bmola v\u0101rdu.<\/p>\n<h3 data-path-to-node=\"9\">Mileking MK617 \/ Haida HD617 galven\u0101s iez\u012bmes:<\/h3>\n<ul data-path-to-node=\"10\">\n<li>\n<p data-path-to-node=\"10,0,0\"><b data-path-to-node=\"10,0,0\" data-index-in-node=\"0\">Identiska konstrukcija:<\/b> MK617 un HD617 ir viens un tas pats produkts \u2014 vien\u0101das veidnes un tehniskie parametri, kas nodro\u0161ina prognoz\u0113jamu kvalit\u0101ti.<\/p>\n<\/li>\n<li>\n<p data-path-to-node=\"10,1,0\"><b data-path-to-node=\"10,1,0\" data-index-in-node=\"0\">Agres\u012bvs V-veida virziena protektors:<\/b> Nodro\u0161ina t\u016bl\u012bt\u0113ju sniega, \u016bdens un dub\u013cu izvadi, minimiz\u0113jot akvaplan\u0113\u0161anu un uzlabojot vilkmi sniegotos ce\u013ca posmos.<\/p>\n<\/li>\n<li>\n<p data-path-to-node=\"10,2,0\"><b data-path-to-node=\"10,2,0\" data-index-in-node=\"0\">Paaugstin\u0101ts lame\u013cu bl\u012bvums:<\/b> Daudzskaitl\u012bg\u0101s zigzagveida lameles protektora blokos darbojas k\u0101 &#8220;nagi&#8221;, kas ieko\u017eas led\u016b un nobliet\u0113t\u0101 snieg\u0101, sa\u012bsinot bremz\u0113\u0161anas ce\u013cu.<\/p>\n<\/li>\n<li>\n<p data-path-to-node=\"10,3,0\"><b data-path-to-node=\"10,3,0\" data-index-in-node=\"0\">Zema rites pretest\u012bba:<\/b> Lai gan \u0161\u012b ir ziemas riepa, gumijas sast\u0101vs ir optimiz\u0113ts, lai samazin\u0101tu degvielas pat\u0113ri\u0146u un trok\u0161\u0146u l\u012bmeni uz asfalta.<\/p>\n<\/li>\n<li>\n<p data-path-to-node=\"10,4,0\"><b data-path-to-node=\"10,4,0\" data-index-in-node=\"0\">Iztur\u012bgs karkass:<\/b> Piem\u0113rots main\u012bgas kvalit\u0101tes ce\u013ciem, nodro\u0161inot aizsardz\u012bbu pret meh\u0101niskiem boj\u0101jumiem un &#8220;pumpu&#8221; veido\u0161anos.<\/p>\n<\/li>\n<\/ul>\n<h3 data-path-to-node=\"11\">Detaliz\u0113ts apskats:<\/h3>\n<p data-path-to-node=\"12\">Mileking MK617 priorit\u0101te ir <b data-path-to-node=\"12\" data-index-in-node=\"29\">racion\u0101la dro\u0161\u012bba<\/b>. T\u0101 nav premium sporta riepa, ta\u010du t\u0101 uzr\u0101da p\u0101rsteidzo\u0161i labus rezult\u0101tus tie\u0161i discipl\u012bn\u0101s, kas saist\u012btas ar sniegu un ledu. Protektora dizains ir veidots t\u0101, lai centr\u0101l\u0101 zona nodro\u0161in\u0101tu virziena stabilit\u0101ti uz \u0161osejas, savuk\u0101rt plecu bloki &#8220;izvelk&#8221; automa\u0161\u012bnu no neizt\u012br\u012btiem pagalmiem vai s\u0101nce\u013ciem.<\/p>\n<p data-path-to-node=\"13\">K\u0101 profesion\u0101lis J\u016bs nov\u0113rt\u0113siet to, ka MK617 ir viegli balans\u0113jama un t\u0101s gumija saglab\u0101 elast\u012bbu pat pie iev\u0113rojamas gaisa temperat\u016bras pazemin\u0101\u0161an\u0101s. Tas ir praktisks instruments J\u016bsu servisa pied\u0101v\u0101jum\u0101, kas \u013cauj nodro\u0161in\u0101t klientiem maksim\u0101lu atdevi par katru ieguld\u012bto eiro.<\/p>\n<p data-path-to-node=\"14\"><b data-path-to-node=\"14\" data-index-in-node=\"0\">Mileking MK617<\/b> ir gudrs risin\u0101jums, kas v\u0113lreiz pier\u0101da \u2014 ja J\u016bs zin\u0101t, ka aiz z\u012bmola sl\u0113pjas uzticam\u0101 Haida HD617 in\u017eenierija, J\u016bs varat dro\u0161i garant\u0113t klientam stabilit\u0101ti un dro\u0161\u012bbu vis\u0101 ziemas sezon\u0101.<\/p>\n","protected":false},"excerpt":{"rendered":"<p><b data-path-to-node=\"4\" data-index-in-node=\"0\">Mileking MK617<\/b> (paz\u012bstama ar\u012b k\u0101 Haida HD617) ir bud\u017eeta klases ziemas riepa, kas rad\u012bta maksim\u0101lai sa\u0137erei sniegotos un slapjos apst\u0101k\u013cos. Pateicoties agres\u012bvam virziena protektora rakstam un m\u012bkstam gumijas sast\u0101vam, t\u0101 ir k\u013cuvusi par vienu no iecien\u012bt\u0101kaj\u0101m izv\u0113l\u0113m autovad\u012bt\u0101jiem, kuri mekl\u0113 dro\u0161u ziemas riepu par viszem\u0101ko iesp\u0113jamo cenu, neupur\u0113jot veiktsp\u0113ju uz sniega.<\/p>\n","protected":false},"featured_media":192368,"template":"","meta":{"_acf_changed":false,"ngg_post_thumbnail":0},"product_brand":[],"product_cat":[23644,23643],"product_tag":[],"class_list":{"0":"post-1501524","1":"product","2":"type-product","3":"status-publish","4":"has-post-thumbnail","6":"product_cat-all-season-tyres","7":"product_cat-winter-tyres","9":"first","10":"instock","11":"sale","12":"taxable","13":"shipping-taxable","14":"purchasable","15":"product-type-simple"},"acf":[],"yoast_head":"<!-- This site is optimized with the Yoast SEO Premium plugin v22.6 (Yoast SEO v27.3) - https:\/\/yoast.com\/product\/yoast-seo-premium-wordpress\/ -->\n<title>235\/55R17 Mileking MK617 99T &#8226; MMK Riepas<\/title>\n<meta name=\"robots\" content=\"index, follow, max-snippet:-1, max-image-preview:large, max-video-preview:-1\" \/>\n<link rel=\"canonical\" href=\"https:\/\/mmkriepas.lv\/en\/p\/235-55r17-mileking-mk617-99t\/\" \/>\n<meta property=\"og:locale\" content=\"en_US\" \/>\n<meta property=\"og:type\" content=\"article\" \/>\n<meta property=\"og:title\" content=\"235\/55R17 Mileking MK617 99T\" \/>\n<meta property=\"og:description\" content=\"Mileking MK617 (paz\u012bstama ar\u012b k\u0101 Haida HD617) ir bud\u017eeta klases ziemas riepa, kas rad\u012bta maksim\u0101lai sa\u0137erei sniegotos un slapjos apst\u0101k\u013cos. Pateicoties agres\u012bvam virziena protektora rakstam un m\u012bkstam gumijas sast\u0101vam, t\u0101 ir k\u013cuvusi par vienu no iecien\u012bt\u0101kaj\u0101m izv\u0113l\u0113m autovad\u012bt\u0101jiem, kuri mekl\u0113 dro\u0161u ziemas riepu par viszem\u0101ko iesp\u0113jamo cenu, neupur\u0113jot veiktsp\u0113ju uz sniega.\" \/>\n<meta property=\"og:url\" content=\"https:\/\/mmkriepas.lv\/en\/p\/235-55r17-mileking-mk617-99t\/\" \/>\n<meta property=\"og:site_name\" content=\"MMK Riepas\" \/>\n<meta property=\"article:publisher\" content=\"https:\/\/www.facebook.com\/mmkserviss\/\" \/>\n<meta property=\"article:modified_time\" content=\"2026-05-12T19:51:39+00:00\" \/>\n<meta property=\"og:image\" content=\"https:\/\/mmkriepas.lv\/wp-content\/uploads\/2021\/08\/22560r17-haida-hd617-99t-ziemas-riepas-2.jpeg\" \/>\n\t<meta property=\"og:image:width\" content=\"1920\" \/>\n\t<meta property=\"og:image:height\" content=\"1440\" \/>\n\t<meta property=\"og:image:type\" content=\"image\/jpeg\" \/>\n<meta name=\"twitter:card\" content=\"summary_large_image\" \/>\n<meta name=\"twitter:label1\" content=\"Price\" \/>\n\t<meta name=\"twitter:data1\" content=\"&euro;75.00\" \/>\n\t<meta name=\"twitter:label2\" content=\"Availability\" \/>\n\t<meta name=\"twitter:data2\" content=\"In stock\" \/>\n<script type=\"application\/ld+json\" class=\"yoast-schema-graph\">{\"@context\":\"https:\\\/\\\/schema.org\",\"@graph\":[{\"@type\":\"WebPage\",\"@id\":\"https:\\\/\\\/mmkriepas.lv\\\/en\\\/p\\\/235-55r17-mileking-mk617-99t\\\/\",\"url\":\"https:\\\/\\\/mmkriepas.lv\\\/en\\\/p\\\/235-55r17-mileking-mk617-99t\\\/\",\"name\":\"235\\\/55R17 Mileking MK617 99T &#8226; MMK Riepas\",\"isPartOf\":{\"@id\":\"https:\\\/\\\/mmkriepas.lv\\\/en\\\/#website\"},\"primaryImageOfPage\":{\"@id\":\"https:\\\/\\\/mmkriepas.lv\\\/en\\\/p\\\/235-55r17-mileking-mk617-99t\\\/#primaryimage\"},\"image\":{\"@id\":\"https:\\\/\\\/mmkriepas.lv\\\/en\\\/p\\\/235-55r17-mileking-mk617-99t\\\/#primaryimage\"},\"thumbnailUrl\":\"https:\\\/\\\/mmkriepas.lv\\\/wp-content\\\/uploads\\\/2021\\\/08\\\/22560r17-haida-hd617-99t-ziemas-riepas-2.jpeg\",\"datePublished\":\"2026-05-09T10:42:43+00:00\",\"dateModified\":\"2026-05-12T19:51:39+00:00\",\"breadcrumb\":{\"@id\":\"https:\\\/\\\/mmkriepas.lv\\\/en\\\/p\\\/235-55r17-mileking-mk617-99t\\\/#breadcrumb\"},\"inLanguage\":\"en-US\",\"potentialAction\":[{\"@type\":\"ReadAction\",\"target\":[\"https:\\\/\\\/mmkriepas.lv\\\/en\\\/p\\\/235-55r17-mileking-mk617-99t\\\/\"]}]},{\"@type\":\"ImageObject\",\"inLanguage\":\"en-US\",\"@id\":\"https:\\\/\\\/mmkriepas.lv\\\/en\\\/p\\\/235-55r17-mileking-mk617-99t\\\/#primaryimage\",\"url\":\"https:\\\/\\\/mmkriepas.lv\\\/wp-content\\\/uploads\\\/2021\\\/08\\\/22560r17-haida-hd617-99t-ziemas-riepas-2.jpeg\",\"contentUrl\":\"https:\\\/\\\/mmkriepas.lv\\\/wp-content\\\/uploads\\\/2021\\\/08\\\/22560r17-haida-hd617-99t-ziemas-riepas-2.jpeg\",\"width\":1920,\"height\":1440,\"caption\":\"Haida HD617\"},{\"@type\":\"BreadcrumbList\",\"@id\":\"https:\\\/\\\/mmkriepas.lv\\\/en\\\/p\\\/235-55r17-mileking-mk617-99t\\\/#breadcrumb\",\"itemListElement\":[{\"@type\":\"ListItem\",\"position\":1,\"name\":\"S\u0101kums\",\"item\":\"https:\\\/\\\/mmkriepas.lv\\\/en\\\/\"},{\"@type\":\"ListItem\",\"position\":2,\"name\":\"235\\\/55R17 Mileking MK617 99T\"}]},{\"@type\":\"WebSite\",\"@id\":\"https:\\\/\\\/mmkriepas.lv\\\/en\\\/#website\",\"url\":\"https:\\\/\\\/mmkriepas.lv\\\/en\\\/\",\"name\":\"MMK Riepas\",\"description\":\"MMK Riepas\",\"alternateName\":\"MMK Riepu Serviss\",\"potentialAction\":[{\"@type\":\"SearchAction\",\"target\":{\"@type\":\"EntryPoint\",\"urlTemplate\":\"https:\\\/\\\/mmkriepas.lv\\\/en\\\/?s={search_term_string}\"},\"query-input\":{\"@type\":\"PropertyValueSpecification\",\"valueRequired\":true,\"valueName\":\"search_term_string\"}}],\"inLanguage\":\"en-US\"},{\"@type\":\"ImageObject\",\"inLanguage\":\"en-US\",\"@id\":\"https:\\\/\\\/mmkriepas.lv\\\/en\\\/p\\\/235-55r17-mileking-mk617-99t\\\/#local-main-organization-logo\",\"url\":\"\",\"contentUrl\":\"\",\"caption\":\"MMK Riepas\"}]}<\/script>\n<meta property=\"product:brand\" content=\"Mileking MK617\" \/>\n<meta property=\"product:price:amount\" content=\"75.00\" \/>\n<meta property=\"product:price:currency\" content=\"EUR\" \/>\n<meta property=\"og:availability\" content=\"instock\" \/>\n<meta property=\"product:availability\" content=\"instock\" \/>\n<meta property=\"product:retailer_item_id\" content=\"TW2355517MILEK-59567\" \/>\n<meta property=\"product:condition\" content=\"new\" \/>\n<!-- \/ Yoast SEO Premium plugin. -->","yoast_head_json":{"title":"235\/55R17 Mileking MK617 99T &#8226; MMK Riepas","robots":{"index":"index","follow":"follow","max-snippet":"max-snippet:-1","max-image-preview":"max-image-preview:large","max-video-preview":"max-video-preview:-1"},"canonical":"https:\/\/mmkriepas.lv\/en\/p\/235-55r17-mileking-mk617-99t\/","og_locale":"en_US","og_type":"article","og_title":"235\/55R17 Mileking MK617 99T","og_description":"Mileking MK617 (paz\u012bstama ar\u012b k\u0101 Haida HD617) ir bud\u017eeta klases ziemas riepa, kas rad\u012bta maksim\u0101lai sa\u0137erei sniegotos un slapjos apst\u0101k\u013cos. Pateicoties agres\u012bvam virziena protektora rakstam un m\u012bkstam gumijas sast\u0101vam, t\u0101 ir k\u013cuvusi par vienu no iecien\u012bt\u0101kaj\u0101m izv\u0113l\u0113m autovad\u012bt\u0101jiem, kuri mekl\u0113 dro\u0161u ziemas riepu par viszem\u0101ko iesp\u0113jamo cenu, neupur\u0113jot veiktsp\u0113ju uz sniega.","og_url":"https:\/\/mmkriepas.lv\/en\/p\/235-55r17-mileking-mk617-99t\/","og_site_name":"MMK Riepas","article_publisher":"https:\/\/www.facebook.com\/mmkserviss\/","article_modified_time":"2026-05-12T19:51:39+00:00","og_image":[{"width":1920,"height":1440,"url":"https:\/\/mmkriepas.lv\/wp-content\/uploads\/2021\/08\/22560r17-haida-hd617-99t-ziemas-riepas-2.jpeg","type":"image\/jpeg"}],"twitter_card":"summary_large_image","twitter_misc":{"Price":"&euro;75.00","Availability":"In stock"},"schema":{"@context":"https:\/\/schema.org","@graph":[{"@type":"WebPage","@id":"https:\/\/mmkriepas.lv\/en\/p\/235-55r17-mileking-mk617-99t\/","url":"https:\/\/mmkriepas.lv\/en\/p\/235-55r17-mileking-mk617-99t\/","name":"235\/55R17 Mileking MK617 99T &#8226; MMK Riepas","isPartOf":{"@id":"https:\/\/mmkriepas.lv\/en\/#website"},"primaryImageOfPage":{"@id":"https:\/\/mmkriepas.lv\/en\/p\/235-55r17-mileking-mk617-99t\/#primaryimage"},"image":{"@id":"https:\/\/mmkriepas.lv\/en\/p\/235-55r17-mileking-mk617-99t\/#primaryimage"},"thumbnailUrl":"https:\/\/mmkriepas.lv\/wp-content\/uploads\/2021\/08\/22560r17-haida-hd617-99t-ziemas-riepas-2.jpeg","datePublished":"2026-05-09T10:42:43+00:00","dateModified":"2026-05-12T19:51:39+00:00","breadcrumb":{"@id":"https:\/\/mmkriepas.lv\/en\/p\/235-55r17-mileking-mk617-99t\/#breadcrumb"},"inLanguage":"en-US","potentialAction":[{"@type":"ReadAction","target":["https:\/\/mmkriepas.lv\/en\/p\/235-55r17-mileking-mk617-99t\/"]}]},{"@type":"ImageObject","inLanguage":"en-US","@id":"https:\/\/mmkriepas.lv\/en\/p\/235-55r17-mileking-mk617-99t\/#primaryimage","url":"https:\/\/mmkriepas.lv\/wp-content\/uploads\/2021\/08\/22560r17-haida-hd617-99t-ziemas-riepas-2.jpeg","contentUrl":"https:\/\/mmkriepas.lv\/wp-content\/uploads\/2021\/08\/22560r17-haida-hd617-99t-ziemas-riepas-2.jpeg","width":1920,"height":1440,"caption":"Haida HD617"},{"@type":"BreadcrumbList","@id":"https:\/\/mmkriepas.lv\/en\/p\/235-55r17-mileking-mk617-99t\/#breadcrumb","itemListElement":[{"@type":"ListItem","position":1,"name":"S\u0101kums","item":"https:\/\/mmkriepas.lv\/en\/"},{"@type":"ListItem","position":2,"name":"235\/55R17 Mileking MK617 99T"}]},{"@type":"WebSite","@id":"https:\/\/mmkriepas.lv\/en\/#website","url":"https:\/\/mmkriepas.lv\/en\/","name":"MMK Riepas","description":"MMK Riepas","alternateName":"MMK Riepu Serviss","potentialAction":[{"@type":"SearchAction","target":{"@type":"EntryPoint","urlTemplate":"https:\/\/mmkriepas.lv\/en\/?s={search_term_string}"},"query-input":{"@type":"PropertyValueSpecification","valueRequired":true,"valueName":"search_term_string"}}],"inLanguage":"en-US"},{"@type":"ImageObject","inLanguage":"en-US","@id":"https:\/\/mmkriepas.lv\/en\/p\/235-55r17-mileking-mk617-99t\/#local-main-organization-logo","url":"","contentUrl":"","caption":"MMK Riepas"}]},"product_brand":"Mileking MK617","product_price_amount":"75.00","product_price_currency":"EUR","og_availability":"instock","product_availability":"instock","product_retailer_item_id":"TW2355517MILEK-59567","product_condition":"new"},"_links":{"self":[{"href":"https:\/\/mmkriepas.lv\/en\/wp-json\/wp\/v2\/product\/1501524","targetHints":{"allow":["GET"]}}],"collection":[{"href":"https:\/\/mmkriepas.lv\/en\/wp-json\/wp\/v2\/product"}],"about":[{"href":"https:\/\/mmkriepas.lv\/en\/wp-json\/wp\/v2\/types\/product"}],"wp:featuredmedia":[{"embeddable":true,"href":"https:\/\/mmkriepas.lv\/en\/wp-json\/wp\/v2\/media\/192368"}],"wp:attachment":[{"href":"https:\/\/mmkriepas.lv\/en\/wp-json\/wp\/v2\/media?parent=1501524"}],"wp:term":[{"taxonomy":"product_brand","embeddable":true,"href":"https:\/\/mmkriepas.lv\/en\/wp-json\/wp\/v2\/product_brand?post=1501524"},{"taxonomy":"product_cat","embeddable":true,"href":"https:\/\/mmkriepas.lv\/en\/wp-json\/wp\/v2\/product_cat?post=1501524"},{"taxonomy":"product_tag","embeddable":true,"href":"https:\/\/mmkriepas.lv\/en\/wp-json\/wp\/v2\/product_tag?post=1501524"}],"curies":[{"name":"wp","href":"https:\/\/api.w.org\/{rel}","templated":true}]}}