{"id":1499665,"date":"2026-05-07T15:44:44","date_gmt":"2026-05-07T12:44:44","guid":{"rendered":"https:\/\/mmkriepas.lv\/?post_type=product&#038;p=1499665"},"modified":"2026-05-12T13:33:23","modified_gmt":"2026-05-12T10:33:23","slug":"225-65r16c-zeta-ztr18-112-110t","status":"publish","type":"product","link":"https:\/\/mmkriepas.lv\/en\/p\/225-65r16c-zeta-ztr18-112-110t\/","title":{"rendered":"225\/65R16C Zeta ZTR18 112\/110T"},"content":{"rendered":"<p data-path-to-node=\"7\"><b data-path-to-node=\"7\" data-index-in-node=\"0\">Zeta ZTR18<\/b> iemieso &#8220;darba zirga&#8221; raksturu, kur galven\u0101 priorit\u0101te ir <b data-path-to-node=\"7\" data-index-in-node=\"69\">zema pa\u0161izmaksa uz vienu nobraukto kilometru<\/b>. Izmantojot Sentury r\u016bpn\u012bcas vied\u0101s ra\u017eo\u0161anas tehnolo\u0123ijas, \u0161is modelis nodro\u0161ina augstu karkasa viendab\u012bgumu, kas ir kritiski svar\u012bgi, lai riepa diltu vienm\u0113r\u012bgi pat pie intens\u012bvas ekspluat\u0101cijas un main\u012bg\u0101m kravas slodz\u0113m.<\/p>\n<p data-path-to-node=\"8\">Protektora raksts ir izstr\u0101d\u0101ts t\u0101, lai b\u016btu univers\u0101ls \u2013 tas nodro\u0161ina p\u0101rliecino\u0161u vad\u0101m\u012bbu uz \u0161osejas, bet vienlaikus t\u0101 specifiskais rievu dizains \u013cauj dro\u0161i p\u0101rvietoties ar\u012b pa dub\u013cainiem vai akme\u0146ainiem ce\u013ciem, kas bie\u017ei gad\u0101s, veicot pieg\u0101des re\u0123ionos.<\/p>\n<h3 data-path-to-node=\"9\">Zeta ZTR18 galven\u0101s iez\u012bmes:<\/h3>\n<ul data-path-to-node=\"10\">\n<li>\n<p data-path-to-node=\"10,0,0\"><b data-path-to-node=\"10,0,0\" data-index-in-node=\"0\">Nenoteikta virziena (non-directional) protektors:<\/b> Jaunais rievu dizains nodro\u0161ina izcilu sa\u0137eri da\u017e\u0101dos apst\u0101k\u013cos, tostarp uz dub\u013cain\u0101m un akme\u0146ain\u0101m virsm\u0101m.<\/p>\n<\/li>\n<li>\n<p data-path-to-node=\"10,1,0\"><b data-path-to-node=\"10,1,0\" data-index-in-node=\"0\">Efekt\u012bva \u016bdens dren\u0101\u017ea:<\/b> Nep\u0101rtraukti protektora kan\u0101li nodro\u0161ina \u0101tru \u016bdens izvad\u012b\u0161anu, samazinot akvaplan\u0113\u0161anas risku un uzlabojot stabilit\u0101ti lietus laik\u0101.<\/p>\n<\/li>\n<li>\n<p data-path-to-node=\"10,2,0\"><b data-path-to-node=\"10,2,0\" data-index-in-node=\"0\">&#8220;B&#8221; klases sa\u0137ere uz slapja ce\u013ca:<\/b> Liel\u0101kaj\u0101 da\u013c\u0101 izm\u0113ru \u0161\u012b riepa uzr\u0101da augstus bremz\u0113\u0161anas r\u0101d\u012bt\u0101jus uz slapja asfalta, kas ir izcils r\u0101d\u012bt\u0101js bud\u017eeta klases komerctransporta riepai.<\/p>\n<\/li>\n<li>\n<p data-path-to-node=\"10,3,0\"><b data-path-to-node=\"10,3,0\" data-index-in-node=\"0\">Speci\u0101ls protektora sast\u0101vs:<\/b> Gumijas mais\u012bjums ir optimiz\u0113ts, lai samazin\u0101tu rites pretest\u012bbu un degvielas pat\u0113ri\u0146u, vienlaikus pagarinot riepas kalpo\u0161anas laiku (augsts <i data-path-to-node=\"10,3,0\" data-index-in-node=\"170\">mileage<\/i>).<\/p>\n<\/li>\n<\/ul>\n<h3 data-path-to-node=\"11\">Detaliz\u0113ts apskats:<\/h3>\n<p data-path-to-node=\"12\">Zeta ZTR18 priorit\u0101te ir <b data-path-to-node=\"12\" data-index-in-node=\"25\">produktivit\u0101te un uzticam\u012bba<\/b>. K\u0101 servisa vad\u012bt\u0101js J\u016bs nov\u0113rt\u0113siet faktu, ka \u0161\u012bs riepas ir viegli balans\u0113jamas un t\u0101m ir \u013coti zems s\u016bdz\u012bbu procents attiec\u012bb\u0101 uz karkasa defektiem. Riepas s\u0101nu malas ir pastiprin\u0101tas, lai pasarg\u0101tu t\u0101s no meh\u0101niskiem boj\u0101jumiem, kas bie\u017ei rodas, atduroties pret apmal\u0113m pils\u0113tas pieg\u0101\u017eu laik\u0101.<\/p>\n<p data-path-to-node=\"13\">Lai gan \u0161\u012b riepa ir kategoriz\u0113ta k\u0101 vasaras\/touring modelis, t\u0101 uzr\u0101da labu vilkmi ar\u012b uz m\u012bkst\u0101ka seguma. Ar trok\u0161\u0146u l\u012bmeni ap <b data-path-to-node=\"13\" data-index-in-node=\"128\">72 dB<\/b>, t\u0101 nodro\u0161ina pie\u0146emamu akustisko komfortu gariem p\u0101rbraucieniem. T\u0101 ir gudra un tehniski pamatota izv\u0113le uz\u0146\u0113mumiem, kuri mekl\u0113 premium r\u016bpn\u012bcas kvalit\u0101ti un dro\u0161\u012bbu par bud\u017eeta segmenta cenu.<\/p>\n<p data-path-to-node=\"14\"><b data-path-to-node=\"14\" data-index-in-node=\"0\">Zeta ZTR18<\/b> ir uzticams instruments J\u016bsu klientu biznesam, nodro\u0161inot stabilit\u0101ti un dro\u0161\u012bbu katr\u0101 nobrauktaj\u0101 kilometr\u0101.<\/p>\n","protected":false},"excerpt":{"rendered":"<p><b data-path-to-node=\"4\" data-index-in-node=\"0\">Zeta ZTR18<\/b> ir augstas iztur\u012bbas vasaras riepa, kas rad\u012bta mikroautobusiem, furgoniem un vieglajam komerctransportam. T\u0101 izce\u013cas ar izcilu stabilit\u0101ti pie lielas noslodzes, paaugstin\u0101tu nodilumiztur\u012bbu un dro\u0161u sa\u0137eri ne tikai uz asfalta, bet ar\u012b uz grants un vieglos bezce\u013ca apst\u0101k\u013cos.<\/p>\n","protected":false},"featured_media":1282889,"template":"","meta":{"_acf_changed":false,"ngg_post_thumbnail":0},"product_brand":[],"product_cat":[46],"product_tag":[],"class_list":{"0":"post-1499665","1":"product","2":"type-product","3":"status-publish","4":"has-post-thumbnail","6":"product_cat-vasaras-riepas","8":"first","9":"instock","10":"sale","11":"taxable","12":"shipping-taxable","13":"purchasable","14":"product-type-simple"},"acf":[],"yoast_head":"<!-- This site is optimized with the Yoast SEO Premium plugin v22.6 (Yoast SEO v27.3) - https:\/\/yoast.com\/product\/yoast-seo-premium-wordpress\/ -->\n<title>225\/65R16C Zeta ZTR18 112\/110T &#8226; MMK Riepas<\/title>\n<meta name=\"robots\" content=\"index, follow, max-snippet:-1, max-image-preview:large, max-video-preview:-1\" \/>\n<link rel=\"canonical\" href=\"https:\/\/mmkriepas.lv\/en\/p\/225-65r16c-zeta-ztr18-112-110t\/\" \/>\n<meta property=\"og:locale\" content=\"en_US\" \/>\n<meta property=\"og:type\" content=\"article\" \/>\n<meta property=\"og:title\" content=\"225\/65R16C Zeta ZTR18 112\/110T\" \/>\n<meta property=\"og:description\" content=\"Zeta ZTR18 ir augstas iztur\u012bbas vasaras riepa, kas rad\u012bta mikroautobusiem, furgoniem un vieglajam komerctransportam. T\u0101 izce\u013cas ar izcilu stabilit\u0101ti pie lielas noslodzes, paaugstin\u0101tu nodilumiztur\u012bbu un dro\u0161u sa\u0137eri ne tikai uz asfalta, bet ar\u012b uz grants un vieglos bezce\u013ca apst\u0101k\u013cos.\" \/>\n<meta property=\"og:url\" content=\"https:\/\/mmkriepas.lv\/en\/p\/225-65r16c-zeta-ztr18-112-110t\/\" \/>\n<meta property=\"og:site_name\" content=\"MMK Riepas\" \/>\n<meta property=\"article:publisher\" content=\"https:\/\/www.facebook.com\/mmkserviss\/\" \/>\n<meta property=\"article:modified_time\" content=\"2026-05-12T10:33:23+00:00\" \/>\n<meta property=\"og:image\" content=\"https:\/\/mmkriepas.lv\/wp-content\/uploads\/2025\/08\/21565r16c-zeta-ztr18-109107t-8pr-vasaras-riepas-5.jpg\" \/>\n\t<meta property=\"og:image:width\" content=\"900\" \/>\n\t<meta property=\"og:image:height\" content=\"720\" \/>\n\t<meta property=\"og:image:type\" content=\"image\/jpeg\" \/>\n<meta name=\"twitter:card\" content=\"summary_large_image\" \/>\n<meta name=\"twitter:label1\" content=\"Price\" \/>\n\t<meta name=\"twitter:data1\" content=\"&euro;85.00\" \/>\n\t<meta name=\"twitter:label2\" content=\"Availability\" \/>\n\t<meta name=\"twitter:data2\" content=\"In stock\" \/>\n<script type=\"application\/ld+json\" class=\"yoast-schema-graph\">{\"@context\":\"https:\\\/\\\/schema.org\",\"@graph\":[{\"@type\":\"WebPage\",\"@id\":\"https:\\\/\\\/mmkriepas.lv\\\/en\\\/p\\\/225-65r16c-zeta-ztr18-112-110t\\\/\",\"url\":\"https:\\\/\\\/mmkriepas.lv\\\/en\\\/p\\\/225-65r16c-zeta-ztr18-112-110t\\\/\",\"name\":\"225\\\/65R16C Zeta ZTR18 112\\\/110T &#8226; MMK Riepas\",\"isPartOf\":{\"@id\":\"https:\\\/\\\/mmkriepas.lv\\\/en\\\/#website\"},\"primaryImageOfPage\":{\"@id\":\"https:\\\/\\\/mmkriepas.lv\\\/en\\\/p\\\/225-65r16c-zeta-ztr18-112-110t\\\/#primaryimage\"},\"image\":{\"@id\":\"https:\\\/\\\/mmkriepas.lv\\\/en\\\/p\\\/225-65r16c-zeta-ztr18-112-110t\\\/#primaryimage\"},\"thumbnailUrl\":\"https:\\\/\\\/mmkriepas.lv\\\/wp-content\\\/uploads\\\/2025\\\/08\\\/21565r16c-zeta-ztr18-109107t-8pr-vasaras-riepas-5.jpg\",\"datePublished\":\"2026-05-07T12:44:44+00:00\",\"dateModified\":\"2026-05-12T10:33:23+00:00\",\"breadcrumb\":{\"@id\":\"https:\\\/\\\/mmkriepas.lv\\\/en\\\/p\\\/225-65r16c-zeta-ztr18-112-110t\\\/#breadcrumb\"},\"inLanguage\":\"en-US\",\"potentialAction\":[{\"@type\":\"ReadAction\",\"target\":[\"https:\\\/\\\/mmkriepas.lv\\\/en\\\/p\\\/225-65r16c-zeta-ztr18-112-110t\\\/\"]}]},{\"@type\":\"ImageObject\",\"inLanguage\":\"en-US\",\"@id\":\"https:\\\/\\\/mmkriepas.lv\\\/en\\\/p\\\/225-65r16c-zeta-ztr18-112-110t\\\/#primaryimage\",\"url\":\"https:\\\/\\\/mmkriepas.lv\\\/wp-content\\\/uploads\\\/2025\\\/08\\\/21565r16c-zeta-ztr18-109107t-8pr-vasaras-riepas-5.jpg\",\"contentUrl\":\"https:\\\/\\\/mmkriepas.lv\\\/wp-content\\\/uploads\\\/2025\\\/08\\\/21565r16c-zeta-ztr18-109107t-8pr-vasaras-riepas-5.jpg\",\"width\":900,\"height\":720,\"caption\":\"215\\\/65R16C ZETA ZTR18 109\\\/107T 8PR - Vasaras riepas\"},{\"@type\":\"BreadcrumbList\",\"@id\":\"https:\\\/\\\/mmkriepas.lv\\\/en\\\/p\\\/225-65r16c-zeta-ztr18-112-110t\\\/#breadcrumb\",\"itemListElement\":[{\"@type\":\"ListItem\",\"position\":1,\"name\":\"S\u0101kums\",\"item\":\"https:\\\/\\\/mmkriepas.lv\\\/en\\\/\"},{\"@type\":\"ListItem\",\"position\":2,\"name\":\"225\\\/65R16C Zeta ZTR18 112\\\/110T\"}]},{\"@type\":\"WebSite\",\"@id\":\"https:\\\/\\\/mmkriepas.lv\\\/en\\\/#website\",\"url\":\"https:\\\/\\\/mmkriepas.lv\\\/en\\\/\",\"name\":\"MMK Riepas\",\"description\":\"MMK Riepas\",\"alternateName\":\"MMK Riepu Serviss\",\"potentialAction\":[{\"@type\":\"SearchAction\",\"target\":{\"@type\":\"EntryPoint\",\"urlTemplate\":\"https:\\\/\\\/mmkriepas.lv\\\/en\\\/?s={search_term_string}\"},\"query-input\":{\"@type\":\"PropertyValueSpecification\",\"valueRequired\":true,\"valueName\":\"search_term_string\"}}],\"inLanguage\":\"en-US\"},{\"@type\":\"ImageObject\",\"inLanguage\":\"en-US\",\"@id\":\"https:\\\/\\\/mmkriepas.lv\\\/en\\\/p\\\/225-65r16c-zeta-ztr18-112-110t\\\/#local-main-organization-logo\",\"url\":\"\",\"contentUrl\":\"\",\"caption\":\"MMK Riepas\"}]}<\/script>\n<meta property=\"product:brand\" content=\"Zeta ZTR18\" \/>\n<meta property=\"product:price:amount\" content=\"85.00\" \/>\n<meta property=\"product:price:currency\" content=\"EUR\" \/>\n<meta property=\"og:availability\" content=\"instock\" \/>\n<meta property=\"product:availability\" content=\"instock\" \/>\n<meta property=\"product:retailer_item_id\" content=\"TS2256516CZETAZ-59494\" \/>\n<meta property=\"product:condition\" content=\"new\" \/>\n<!-- \/ Yoast SEO Premium plugin. -->","yoast_head_json":{"title":"225\/65R16C Zeta ZTR18 112\/110T &#8226; MMK Riepas","robots":{"index":"index","follow":"follow","max-snippet":"max-snippet:-1","max-image-preview":"max-image-preview:large","max-video-preview":"max-video-preview:-1"},"canonical":"https:\/\/mmkriepas.lv\/en\/p\/225-65r16c-zeta-ztr18-112-110t\/","og_locale":"en_US","og_type":"article","og_title":"225\/65R16C Zeta ZTR18 112\/110T","og_description":"Zeta ZTR18 ir augstas iztur\u012bbas vasaras riepa, kas rad\u012bta mikroautobusiem, furgoniem un vieglajam komerctransportam. T\u0101 izce\u013cas ar izcilu stabilit\u0101ti pie lielas noslodzes, paaugstin\u0101tu nodilumiztur\u012bbu un dro\u0161u sa\u0137eri ne tikai uz asfalta, bet ar\u012b uz grants un vieglos bezce\u013ca apst\u0101k\u013cos.","og_url":"https:\/\/mmkriepas.lv\/en\/p\/225-65r16c-zeta-ztr18-112-110t\/","og_site_name":"MMK Riepas","article_publisher":"https:\/\/www.facebook.com\/mmkserviss\/","article_modified_time":"2026-05-12T10:33:23+00:00","og_image":[{"width":900,"height":720,"url":"https:\/\/mmkriepas.lv\/wp-content\/uploads\/2025\/08\/21565r16c-zeta-ztr18-109107t-8pr-vasaras-riepas-5.jpg","type":"image\/jpeg"}],"twitter_card":"summary_large_image","twitter_misc":{"Price":"&euro;85.00","Availability":"In stock"},"schema":{"@context":"https:\/\/schema.org","@graph":[{"@type":"WebPage","@id":"https:\/\/mmkriepas.lv\/en\/p\/225-65r16c-zeta-ztr18-112-110t\/","url":"https:\/\/mmkriepas.lv\/en\/p\/225-65r16c-zeta-ztr18-112-110t\/","name":"225\/65R16C Zeta ZTR18 112\/110T &#8226; MMK Riepas","isPartOf":{"@id":"https:\/\/mmkriepas.lv\/en\/#website"},"primaryImageOfPage":{"@id":"https:\/\/mmkriepas.lv\/en\/p\/225-65r16c-zeta-ztr18-112-110t\/#primaryimage"},"image":{"@id":"https:\/\/mmkriepas.lv\/en\/p\/225-65r16c-zeta-ztr18-112-110t\/#primaryimage"},"thumbnailUrl":"https:\/\/mmkriepas.lv\/wp-content\/uploads\/2025\/08\/21565r16c-zeta-ztr18-109107t-8pr-vasaras-riepas-5.jpg","datePublished":"2026-05-07T12:44:44+00:00","dateModified":"2026-05-12T10:33:23+00:00","breadcrumb":{"@id":"https:\/\/mmkriepas.lv\/en\/p\/225-65r16c-zeta-ztr18-112-110t\/#breadcrumb"},"inLanguage":"en-US","potentialAction":[{"@type":"ReadAction","target":["https:\/\/mmkriepas.lv\/en\/p\/225-65r16c-zeta-ztr18-112-110t\/"]}]},{"@type":"ImageObject","inLanguage":"en-US","@id":"https:\/\/mmkriepas.lv\/en\/p\/225-65r16c-zeta-ztr18-112-110t\/#primaryimage","url":"https:\/\/mmkriepas.lv\/wp-content\/uploads\/2025\/08\/21565r16c-zeta-ztr18-109107t-8pr-vasaras-riepas-5.jpg","contentUrl":"https:\/\/mmkriepas.lv\/wp-content\/uploads\/2025\/08\/21565r16c-zeta-ztr18-109107t-8pr-vasaras-riepas-5.jpg","width":900,"height":720,"caption":"215\/65R16C ZETA ZTR18 109\/107T 8PR - Vasaras riepas"},{"@type":"BreadcrumbList","@id":"https:\/\/mmkriepas.lv\/en\/p\/225-65r16c-zeta-ztr18-112-110t\/#breadcrumb","itemListElement":[{"@type":"ListItem","position":1,"name":"S\u0101kums","item":"https:\/\/mmkriepas.lv\/en\/"},{"@type":"ListItem","position":2,"name":"225\/65R16C Zeta ZTR18 112\/110T"}]},{"@type":"WebSite","@id":"https:\/\/mmkriepas.lv\/en\/#website","url":"https:\/\/mmkriepas.lv\/en\/","name":"MMK Riepas","description":"MMK Riepas","alternateName":"MMK Riepu Serviss","potentialAction":[{"@type":"SearchAction","target":{"@type":"EntryPoint","urlTemplate":"https:\/\/mmkriepas.lv\/en\/?s={search_term_string}"},"query-input":{"@type":"PropertyValueSpecification","valueRequired":true,"valueName":"search_term_string"}}],"inLanguage":"en-US"},{"@type":"ImageObject","inLanguage":"en-US","@id":"https:\/\/mmkriepas.lv\/en\/p\/225-65r16c-zeta-ztr18-112-110t\/#local-main-organization-logo","url":"","contentUrl":"","caption":"MMK Riepas"}]},"product_brand":"Zeta ZTR18","product_price_amount":"85.00","product_price_currency":"EUR","og_availability":"instock","product_availability":"instock","product_retailer_item_id":"TS2256516CZETAZ-59494","product_condition":"new"},"_links":{"self":[{"href":"https:\/\/mmkriepas.lv\/en\/wp-json\/wp\/v2\/product\/1499665","targetHints":{"allow":["GET"]}}],"collection":[{"href":"https:\/\/mmkriepas.lv\/en\/wp-json\/wp\/v2\/product"}],"about":[{"href":"https:\/\/mmkriepas.lv\/en\/wp-json\/wp\/v2\/types\/product"}],"wp:featuredmedia":[{"embeddable":true,"href":"https:\/\/mmkriepas.lv\/en\/wp-json\/wp\/v2\/media\/1282889"}],"wp:attachment":[{"href":"https:\/\/mmkriepas.lv\/en\/wp-json\/wp\/v2\/media?parent=1499665"}],"wp:term":[{"taxonomy":"product_brand","embeddable":true,"href":"https:\/\/mmkriepas.lv\/en\/wp-json\/wp\/v2\/product_brand?post=1499665"},{"taxonomy":"product_cat","embeddable":true,"href":"https:\/\/mmkriepas.lv\/en\/wp-json\/wp\/v2\/product_cat?post=1499665"},{"taxonomy":"product_tag","embeddable":true,"href":"https:\/\/mmkriepas.lv\/en\/wp-json\/wp\/v2\/product_tag?post=1499665"}],"curies":[{"name":"wp","href":"https:\/\/api.w.org\/{rel}","templated":true}]}}