{"id":149358,"date":"2020-09-08T10:00:46","date_gmt":"2020-09-08T07:00:46","guid":{"rendered":"https:\/\/mmkserviss.lv\/?post_type=product&#038;p=149358"},"modified":"2023-02-23T12:14:11","modified_gmt":"2023-02-23T10:14:11","slug":"195-75r16c-sailwin-freimile-a-s-107-105r","status":"publish","type":"product","link":"https:\/\/mmkriepas.lv\/en\/p\/195-75r16c-sailwin-freimile-a-s-107-105r\/","title":{"rendered":"195\/75R16C Sailwin Freimile A\/S 107\/105R"},"content":{"rendered":"<p><b>Sailwin Freimile A\/S <\/b><span style=\"font-weight: 400;\">ir vissezonas riepa, kas paredz\u0113ta komerctransportam- mikroautobusiem un vieglajiem kravas auto. \u0160is modelis izce\u013cas ar lielisku kravnes\u012bbu un sp\u0113ju piel\u0101goties teju jebk\u0101diem brauk\u0161anas apst\u0101k\u013ciem, k\u0101 ar\u012b ar neticami labu cenas\/veiktsp\u0113jas attiec\u012bbu.<\/span><\/p>\n<h3><b>Sailwin Freimile A\/S galven\u0101s iez\u012bmes<\/b><\/h3>\n<ul>\n<li style=\"font-weight: 400;\"><span style=\"font-weight: 400;\">Komerctransporta riepa!<\/span><\/li>\n<li style=\"font-weight: 400;\"><span style=\"font-weight: 400;\">Palielin\u0101ta kravnes\u012bba un triecieniztur\u012bba!<\/span><\/li>\n<li style=\"font-weight: 400;\"><span style=\"font-weight: 400;\">Uzlabots riepas gumijas sast\u0101vs!<\/span><\/li>\n<li style=\"font-weight: 400;\"><span style=\"font-weight: 400;\">Vair\u0101ki t\u016bksto\u0161i bl\u012bvi izvietotu lame\u013cu!<\/span><\/li>\n<li style=\"font-weight: 400;\"><span style=\"font-weight: 400;\">Sp\u0113ja piel\u0101goties pla\u0161am laikapst\u0101k\u013cu spektram!<\/span><\/li>\n<\/ul>\n<h3><b>Freimile A\/S galven\u0101s apr\u012bkojums<\/b><\/h3>\n<p><span style=\"font-weight: 400;\">\u0160is vissezonas komerctransporta riepu modelis apr\u012bkots ar klasisku protektora rakstu, kas izgatavots no augstas kvalit\u0101tes, elastrom\u0113riem bag\u0101ta gumijas mais\u012bjuma. Pateicoties tam, riepa ir sp\u0113j\u012bga saglab\u0101t elast\u012bbu pla\u0161\u0101 temperat\u016bru diapazon\u0101. Elast\u012bga riepa daudz lab\u0101k veido sa\u0137eri ar ce\u013cu, kas ir \u012bpa\u0161i b\u016btiski ziem\u0101.<\/span> <span style=\"font-weight: 400;\">Mas\u012bvajos protektora blokos bl\u012bvi iestr\u0101d\u0101ti vair\u0101ki t\u016bksto\u0161i lame\u013cu, kas pal\u012bdz c\u012b\u0146\u0101 ar neparedz\u0113tiem, apledoju\u0161iem ce\u013ca posmiem. Riepas karkass pastiprin\u0101ts ar vair\u0101kiem papildus brekera sl\u0101\u0146iem, lai riepu padar\u012btu triecieniztur\u012bg\u0101ku.<\/span><\/p>\n<p><b>Sailwin Freimile A\/S<\/b><span style=\"font-weight: 400;\"> mode\u013ca lieto\u0161anas dro\u0161\u012bbu ziemas laika apst\u0101k\u013cos un t\u0101 atbilst\u012bbu valst\u012bm ar oblig\u0101tu sezon\u0101lo riepu mai\u0146u apstiprina mar\u0137\u0113jums sniegp\u0101rslas form\u0101 uz kalna fona ar trim virsotn\u0113m (3PMSF).<\/span><\/p>\n<p><span style=\"font-weight: 400;\"><\/span><span style=\"font-weight: 400;\"><\/span> <b>Sailwin Freimile A\/S<\/b><span style=\"font-weight: 400;\">&#8211; vissezonas riepa komerctransportam ar teicamu veiktsp\u0113jas\/cenas attiec\u012bbu! Pieejama abos MMK riepu centros, visos izm\u0113ros un par vislab\u0101ko cenu!<\/span><\/p>\n","protected":false},"excerpt":{"rendered":"<p><b>Sailwin Freimile A\/S <\/b><span style=\"font-weight: 400;\">ir vissezonas riepa, kas paredz\u0113ta komerctransportam- mikroautobusiem un vieglajiem kravas auto. \u0160is modelis izce\u013cas ar lielisku kravnes\u012bbu un sp\u0113ju piel\u0101goties teju jebk\u0101diem brauk\u0161anas apst\u0101k\u013ciem, k\u0101 ar\u012b ar neticami labu cenas\/veiktsp\u0113jas attiec\u012bbu.<\/span><\/p>\n","protected":false},"featured_media":148962,"template":"","meta":{"_acf_changed":false,"ngg_post_thumbnail":0},"product_brand":[],"product_cat":[47,45],"product_tag":[],"class_list":{"0":"post-149358","1":"product","2":"type-product","3":"status-publish","4":"has-post-thumbnail","6":"product_cat-vissezonas-riepas","7":"product_cat-ziemas-riepas","9":"first","10":"instock","11":"sale","12":"taxable","13":"shipping-taxable","14":"product-type-simple"},"acf":[],"yoast_head":"<!-- This site is optimized with the Yoast SEO Premium plugin v22.6 (Yoast SEO v27.3) - https:\/\/yoast.com\/product\/yoast-seo-premium-wordpress\/ -->\n<title>195\/75R16C Sailwin Freimile A\/S 107\/105R &#8226; MMK Riepas<\/title>\n<meta name=\"description\" content=\"Sailwin Freimile A\/S- vissezonas riepa komerctransportam ar labu veiktsp\u0113jas\/cenas attiec\u012bbu! Pieejama MMK riepu centros, visos izm\u0113ros, par vislab\u0101ko cenu!\" \/>\n<meta name=\"robots\" content=\"index, follow, max-snippet:-1, max-image-preview:large, max-video-preview:-1\" \/>\n<link rel=\"canonical\" href=\"https:\/\/mmkriepas.lv\/en\/p\/195-75r16c-sailwin-freimile-a-s-107-105r\/\" \/>\n<meta property=\"og:locale\" content=\"en_US\" \/>\n<meta property=\"og:type\" content=\"article\" \/>\n<meta property=\"og:title\" content=\"195\/75R16C Sailwin Freimile A\/S 107\/105R\" \/>\n<meta property=\"og:description\" content=\"Sailwin Freimile A\/S- vissezonas riepa komerctransportam ar labu veiktsp\u0113jas\/cenas attiec\u012bbu! Pieejama MMK riepu centros, visos izm\u0113ros, par vislab\u0101ko cenu!\" \/>\n<meta property=\"og:url\" content=\"https:\/\/mmkriepas.lv\/en\/p\/195-75r16c-sailwin-freimile-a-s-107-105r\/\" \/>\n<meta property=\"og:site_name\" content=\"MMK Riepas\" \/>\n<meta property=\"article:publisher\" content=\"https:\/\/www.facebook.com\/mmkserviss\/\" \/>\n<meta property=\"article:modified_time\" content=\"2023-02-23T10:14:11+00:00\" \/>\n<meta property=\"og:image\" content=\"https:\/\/mmkriepas.lv\/wp-content\/uploads\/2020\/09\/21560r17c-sailwin-freimile-as-109107t-ziemas-riepas.jpg\" \/>\n\t<meta property=\"og:image:width\" content=\"200\" \/>\n\t<meta property=\"og:image:height\" content=\"337\" \/>\n\t<meta property=\"og:image:type\" content=\"image\/jpeg\" \/>\n<meta name=\"twitter:card\" content=\"summary_large_image\" \/>\n<meta name=\"twitter:label1\" content=\"Price\" \/>\n\t<meta name=\"twitter:data1\" content=\"&euro;69.00\" \/>\n\t<meta name=\"twitter:label2\" content=\"Availability\" \/>\n\t<meta name=\"twitter:data2\" content=\"In stock\" \/>\n<script type=\"application\/ld+json\" class=\"yoast-schema-graph\">{\"@context\":\"https:\\\/\\\/schema.org\",\"@graph\":[{\"@type\":\"WebPage\",\"@id\":\"https:\\\/\\\/mmkriepas.lv\\\/en\\\/p\\\/195-75r16c-sailwin-freimile-a-s-107-105r\\\/\",\"url\":\"https:\\\/\\\/mmkriepas.lv\\\/en\\\/p\\\/195-75r16c-sailwin-freimile-a-s-107-105r\\\/\",\"name\":\"195\\\/75R16C Sailwin Freimile A\\\/S 107\\\/105R &#8226; MMK Riepas\",\"isPartOf\":{\"@id\":\"https:\\\/\\\/mmkriepas.lv\\\/en\\\/#website\"},\"primaryImageOfPage\":{\"@id\":\"https:\\\/\\\/mmkriepas.lv\\\/en\\\/p\\\/195-75r16c-sailwin-freimile-a-s-107-105r\\\/#primaryimage\"},\"image\":{\"@id\":\"https:\\\/\\\/mmkriepas.lv\\\/en\\\/p\\\/195-75r16c-sailwin-freimile-a-s-107-105r\\\/#primaryimage\"},\"thumbnailUrl\":\"https:\\\/\\\/mmkriepas.lv\\\/wp-content\\\/uploads\\\/2020\\\/09\\\/21560r17c-sailwin-freimile-as-109107t-ziemas-riepas.jpg\",\"datePublished\":\"2020-09-08T07:00:46+00:00\",\"dateModified\":\"2023-02-23T10:14:11+00:00\",\"description\":\"Sailwin Freimile A\\\/S- vissezonas riepa komerctransportam ar labu veiktsp\u0113jas\\\/cenas attiec\u012bbu! Pieejama MMK riepu centros, visos izm\u0113ros, par vislab\u0101ko cenu!\",\"breadcrumb\":{\"@id\":\"https:\\\/\\\/mmkriepas.lv\\\/en\\\/p\\\/195-75r16c-sailwin-freimile-a-s-107-105r\\\/#breadcrumb\"},\"inLanguage\":\"en-US\",\"potentialAction\":[{\"@type\":\"ReadAction\",\"target\":[\"https:\\\/\\\/mmkriepas.lv\\\/en\\\/p\\\/195-75r16c-sailwin-freimile-a-s-107-105r\\\/\"]}]},{\"@type\":\"ImageObject\",\"inLanguage\":\"en-US\",\"@id\":\"https:\\\/\\\/mmkriepas.lv\\\/en\\\/p\\\/195-75r16c-sailwin-freimile-a-s-107-105r\\\/#primaryimage\",\"url\":\"https:\\\/\\\/mmkriepas.lv\\\/wp-content\\\/uploads\\\/2020\\\/09\\\/21560r17c-sailwin-freimile-as-109107t-ziemas-riepas.jpg\",\"contentUrl\":\"https:\\\/\\\/mmkriepas.lv\\\/wp-content\\\/uploads\\\/2020\\\/09\\\/21560r17c-sailwin-freimile-as-109107t-ziemas-riepas.jpg\",\"width\":200,\"height\":337,\"caption\":\"215\\\/60R17C Sailwin Freimile A\\\/S 109\\\/107T - Vissezonas riepas \\\/ Ziemas riepas\"},{\"@type\":\"BreadcrumbList\",\"@id\":\"https:\\\/\\\/mmkriepas.lv\\\/en\\\/p\\\/195-75r16c-sailwin-freimile-a-s-107-105r\\\/#breadcrumb\",\"itemListElement\":[{\"@type\":\"ListItem\",\"position\":1,\"name\":\"S\u0101kums\",\"item\":\"https:\\\/\\\/mmkriepas.lv\\\/en\\\/\"},{\"@type\":\"ListItem\",\"position\":2,\"name\":\"195\\\/75R16C Sailwin Freimile A\\\/S 107\\\/105R\"}]},{\"@type\":\"WebSite\",\"@id\":\"https:\\\/\\\/mmkriepas.lv\\\/en\\\/#website\",\"url\":\"https:\\\/\\\/mmkriepas.lv\\\/en\\\/\",\"name\":\"MMK Riepas\",\"description\":\"MMK Riepas\",\"alternateName\":\"MMK Riepu Serviss\",\"potentialAction\":[{\"@type\":\"SearchAction\",\"target\":{\"@type\":\"EntryPoint\",\"urlTemplate\":\"https:\\\/\\\/mmkriepas.lv\\\/en\\\/?s={search_term_string}\"},\"query-input\":{\"@type\":\"PropertyValueSpecification\",\"valueRequired\":true,\"valueName\":\"search_term_string\"}}],\"inLanguage\":\"en-US\"},{\"@type\":\"ImageObject\",\"inLanguage\":\"en-US\",\"@id\":\"https:\\\/\\\/mmkriepas.lv\\\/en\\\/p\\\/195-75r16c-sailwin-freimile-a-s-107-105r\\\/#local-main-organization-logo\",\"url\":\"\",\"contentUrl\":\"\",\"caption\":\"MMK Riepas\"}]}<\/script>\n<meta property=\"product:brand\" content=\"Sailwin Freimile A\/S\" \/>\n<meta property=\"product:price:amount\" content=\"69.00\" \/>\n<meta property=\"product:price:currency\" content=\"EUR\" \/>\n<meta property=\"og:availability\" content=\"instock\" \/>\n<meta property=\"product:availability\" content=\"instock\" \/>\n<meta property=\"product:condition\" content=\"new\" \/>\n<!-- \/ Yoast SEO Premium plugin. -->","yoast_head_json":{"title":"195\/75R16C Sailwin Freimile A\/S 107\/105R &#8226; MMK Riepas","description":"Sailwin Freimile A\/S- vissezonas riepa komerctransportam ar labu veiktsp\u0113jas\/cenas attiec\u012bbu! Pieejama MMK riepu centros, visos izm\u0113ros, par vislab\u0101ko cenu!","robots":{"index":"index","follow":"follow","max-snippet":"max-snippet:-1","max-image-preview":"max-image-preview:large","max-video-preview":"max-video-preview:-1"},"canonical":"https:\/\/mmkriepas.lv\/en\/p\/195-75r16c-sailwin-freimile-a-s-107-105r\/","og_locale":"en_US","og_type":"article","og_title":"195\/75R16C Sailwin Freimile A\/S 107\/105R","og_description":"Sailwin Freimile A\/S- vissezonas riepa komerctransportam ar labu veiktsp\u0113jas\/cenas attiec\u012bbu! Pieejama MMK riepu centros, visos izm\u0113ros, par vislab\u0101ko cenu!","og_url":"https:\/\/mmkriepas.lv\/en\/p\/195-75r16c-sailwin-freimile-a-s-107-105r\/","og_site_name":"MMK Riepas","article_publisher":"https:\/\/www.facebook.com\/mmkserviss\/","article_modified_time":"2023-02-23T10:14:11+00:00","og_image":[{"width":200,"height":337,"url":"https:\/\/mmkriepas.lv\/wp-content\/uploads\/2020\/09\/21560r17c-sailwin-freimile-as-109107t-ziemas-riepas.jpg","type":"image\/jpeg"}],"twitter_card":"summary_large_image","twitter_misc":{"Price":"&euro;69.00","Availability":"In stock"},"schema":{"@context":"https:\/\/schema.org","@graph":[{"@type":"WebPage","@id":"https:\/\/mmkriepas.lv\/en\/p\/195-75r16c-sailwin-freimile-a-s-107-105r\/","url":"https:\/\/mmkriepas.lv\/en\/p\/195-75r16c-sailwin-freimile-a-s-107-105r\/","name":"195\/75R16C Sailwin Freimile A\/S 107\/105R &#8226; MMK Riepas","isPartOf":{"@id":"https:\/\/mmkriepas.lv\/en\/#website"},"primaryImageOfPage":{"@id":"https:\/\/mmkriepas.lv\/en\/p\/195-75r16c-sailwin-freimile-a-s-107-105r\/#primaryimage"},"image":{"@id":"https:\/\/mmkriepas.lv\/en\/p\/195-75r16c-sailwin-freimile-a-s-107-105r\/#primaryimage"},"thumbnailUrl":"https:\/\/mmkriepas.lv\/wp-content\/uploads\/2020\/09\/21560r17c-sailwin-freimile-as-109107t-ziemas-riepas.jpg","datePublished":"2020-09-08T07:00:46+00:00","dateModified":"2023-02-23T10:14:11+00:00","description":"Sailwin Freimile A\/S- vissezonas riepa komerctransportam ar labu veiktsp\u0113jas\/cenas attiec\u012bbu! Pieejama MMK riepu centros, visos izm\u0113ros, par vislab\u0101ko cenu!","breadcrumb":{"@id":"https:\/\/mmkriepas.lv\/en\/p\/195-75r16c-sailwin-freimile-a-s-107-105r\/#breadcrumb"},"inLanguage":"en-US","potentialAction":[{"@type":"ReadAction","target":["https:\/\/mmkriepas.lv\/en\/p\/195-75r16c-sailwin-freimile-a-s-107-105r\/"]}]},{"@type":"ImageObject","inLanguage":"en-US","@id":"https:\/\/mmkriepas.lv\/en\/p\/195-75r16c-sailwin-freimile-a-s-107-105r\/#primaryimage","url":"https:\/\/mmkriepas.lv\/wp-content\/uploads\/2020\/09\/21560r17c-sailwin-freimile-as-109107t-ziemas-riepas.jpg","contentUrl":"https:\/\/mmkriepas.lv\/wp-content\/uploads\/2020\/09\/21560r17c-sailwin-freimile-as-109107t-ziemas-riepas.jpg","width":200,"height":337,"caption":"215\/60R17C Sailwin Freimile A\/S 109\/107T - Vissezonas riepas \/ Ziemas riepas"},{"@type":"BreadcrumbList","@id":"https:\/\/mmkriepas.lv\/en\/p\/195-75r16c-sailwin-freimile-a-s-107-105r\/#breadcrumb","itemListElement":[{"@type":"ListItem","position":1,"name":"S\u0101kums","item":"https:\/\/mmkriepas.lv\/en\/"},{"@type":"ListItem","position":2,"name":"195\/75R16C Sailwin Freimile A\/S 107\/105R"}]},{"@type":"WebSite","@id":"https:\/\/mmkriepas.lv\/en\/#website","url":"https:\/\/mmkriepas.lv\/en\/","name":"MMK Riepas","description":"MMK Riepas","alternateName":"MMK Riepu Serviss","potentialAction":[{"@type":"SearchAction","target":{"@type":"EntryPoint","urlTemplate":"https:\/\/mmkriepas.lv\/en\/?s={search_term_string}"},"query-input":{"@type":"PropertyValueSpecification","valueRequired":true,"valueName":"search_term_string"}}],"inLanguage":"en-US"},{"@type":"ImageObject","inLanguage":"en-US","@id":"https:\/\/mmkriepas.lv\/en\/p\/195-75r16c-sailwin-freimile-a-s-107-105r\/#local-main-organization-logo","url":"","contentUrl":"","caption":"MMK Riepas"}]},"product_brand":"Sailwin Freimile A\/S","product_price_amount":"69.00","product_price_currency":"EUR","og_availability":"instock","product_availability":"instock","product_condition":"new"},"_links":{"self":[{"href":"https:\/\/mmkriepas.lv\/en\/wp-json\/wp\/v2\/product\/149358","targetHints":{"allow":["GET"]}}],"collection":[{"href":"https:\/\/mmkriepas.lv\/en\/wp-json\/wp\/v2\/product"}],"about":[{"href":"https:\/\/mmkriepas.lv\/en\/wp-json\/wp\/v2\/types\/product"}],"wp:featuredmedia":[{"embeddable":true,"href":"https:\/\/mmkriepas.lv\/en\/wp-json\/wp\/v2\/media\/148962"}],"wp:attachment":[{"href":"https:\/\/mmkriepas.lv\/en\/wp-json\/wp\/v2\/media?parent=149358"}],"wp:term":[{"taxonomy":"product_brand","embeddable":true,"href":"https:\/\/mmkriepas.lv\/en\/wp-json\/wp\/v2\/product_brand?post=149358"},{"taxonomy":"product_cat","embeddable":true,"href":"https:\/\/mmkriepas.lv\/en\/wp-json\/wp\/v2\/product_cat?post=149358"},{"taxonomy":"product_tag","embeddable":true,"href":"https:\/\/mmkriepas.lv\/en\/wp-json\/wp\/v2\/product_tag?post=149358"}],"curies":[{"name":"wp","href":"https:\/\/api.w.org\/{rel}","templated":true}]}}