{"id":148959,"date":"2020-09-05T14:57:07","date_gmt":"2020-09-05T11:57:07","guid":{"rendered":"https:\/\/mmkserviss.lv\/?post_type=product&#038;p=148959"},"modified":"2022-11-03T11:45:46","modified_gmt":"2022-11-03T09:45:46","slug":"175-70r13-sailwin-freimatch-a-s-82t","status":"publish","type":"product","link":"https:\/\/mmkriepas.lv\/en\/p\/175-70r13-sailwin-freimatch-a-s-82t\/","title":{"rendered":"175\/70R13 Sailwin Freimatch A\/S 82T"},"content":{"rendered":"<p><b>Sailwin Freimatch A\/S<\/b><span style=\"font-weight: 400;\"> ir vissezonas riepa, kas piem\u0113rota lielam daudzumam m\u016bsdienu popul\u0101r\u0101ko auto mode\u013cu. \u0160is modelis izce\u013cas ar lieliskiem sa\u0137eres r\u0101d\u012bt\u0101jiem uz slapja un sausa asfalta, k\u0101 ar\u012b neticami labu veiktsp\u0113jas\/cenas attiec\u012bbu.<\/span><\/p>\n<h3><b>Sailwin Freimatch A\/S galven\u0101s iez\u012bmes<\/b><\/h3>\n<ul>\n<li style=\"font-weight: 400;\"><span style=\"font-weight: 400;\">Virz\u012btais protektora raksts pal\u012bdz\u0113s c\u012b\u0146\u0101 ar apsnigu\u0161iem ce\u013ciem!<\/span><\/li>\n<li style=\"font-weight: 400;\"><span style=\"font-weight: 400;\">Lame\u013cu sist\u0113ma uzlabos sa\u0137eri ar neparedz\u0113tiem, apledoju\u0161iem ce\u013ca posmiem!<\/span><\/li>\n<li style=\"font-weight: 400;\"><span style=\"font-weight: 400;\">Att\u012bst\u012bta dren\u0101\u017eas kan\u0101lu sist\u0113ma- b\u016btiski samazin\u0101ts akvaplan\u0113\u0161anas risks!<\/span><\/li>\n<li style=\"font-weight: 400;\"><span style=\"font-weight: 400;\">Uzlabots un ar elastrom\u0113riem bag\u0101ts riepas gumijas mais\u012bjums!<\/span><\/li>\n<\/ul>\n<h3><b>Freimatch A\/S apr\u012bkojums<\/b><\/h3>\n<p><span style=\"font-weight: 400;\">\u0160is vissezonas riepu modelis apr\u012bkots ar snieg\u0101 efekt\u012bvo virz\u012bto protektora rakstu, kas darin\u0101ts no augstas kvalit\u0101tes gumijas mais\u012bjuma, kuram pievienota vesela virkne elastrom\u0113ru. \u0160\u012b iemesla d\u0113\u013c, riepa sp\u0113j saglab\u0101t elast\u012bbu pla\u0161\u0101 temperat\u016bru diapazon\u0101 un kalpo ilg\u0101k. Elast\u012bga riepa daudz lab\u0101k veido sa\u0137eri ar ce\u013cu, kas ir \u012bpa\u0161i svar\u012bgi, kad temperat\u016bras stabi\u0146\u0161 nokr\u012btas zem 7\u00baC.<\/span> <span style=\"font-weight: 400;\">Att\u012bst\u012bt\u0101 dren\u0101\u017eas kan\u0101lu sist\u0113ma, tand\u0113m\u0101 ar milz\u012bgu lame\u013cu daudzumu, izcili novada \u016bdeni un sniegu no kontakta virsmas, to sausinot. Uzlabota ar\u012b riepas aero un hidro-dinamika, lai samazin\u0101tu akvaplan\u0113\u0161anas risku.\u00a0<\/span><\/p>\n<h3><b>Piem\u0113rot\u012bba Latvijas apst\u0101k\u013ciem<\/b><\/h3>\n<p><span style=\"font-weight: 400;\">\u0160\u012b vissezonas riepa izcili kalpos gan vasar\u0101, gan ruden\u012b vau atkusn\u012b, ta\u010du, k\u0101 jau visas vissezonas riepas, t\u0101 nesp\u0113s nodro\u0161in\u0101t dro\u0161\u012bbu barg\u0101 ziem\u0101. T\u0101 b\u016bs izcila un ekonomiska izv\u0113le tiem, kas ziem\u0101 p\u0101rvietoj\u0101s reti un tikai pa pils\u0113tu.\u00a0<\/span> <b>Sailwin Freimatch A\/S<\/b><span style=\"font-weight: 400;\"> mode\u013ca lieto\u0161anas dro\u0161\u012bbu ziemas laika apst\u0101k\u013cos un t\u0101 atbilst\u012bbu valst\u012bm ar oblig\u0101tu sezon\u0101lo riepu mai\u0146u apstiprina mar\u0137\u0113jums sniegp\u0101rslas form\u0101 uz kalna fona ar trim virsotn\u0113m (3PMSF).<\/span> X <b>Sailwin Freimatch A\/S<\/b><span style=\"font-weight: 400;\">&#8211; vissezonas riepa ar teicamu veiktsp\u0113jas\/cenas attiec\u012bbu! Pieejama abos MMK riepu centros, visos izm\u0113ros un par vislab\u0101ko cenu!<\/span><\/p>\n","protected":false},"excerpt":{"rendered":"<p>Vissezonas\/ziemas riepu modelis ar teicamu cenas un veiktsp\u0113jas attiec\u012bbu. Laba sa\u0137ere pla\u0161\u0101 klimatisko apst\u0101k\u013cu spektr\u0101, izteikts akustiskais komforts un zems trok\u0161\u0146a l\u012bmenis.<\/p>\n","protected":false},"featured_media":193090,"template":"","meta":{"_acf_changed":false,"ngg_post_thumbnail":0},"product_brand":[],"product_cat":[47,45],"product_tag":[],"class_list":{"0":"post-148959","1":"product","2":"type-product","3":"status-publish","4":"has-post-thumbnail","6":"product_cat-vissezonas-riepas","7":"product_cat-ziemas-riepas","9":"first","10":"instock","11":"sale","12":"taxable","13":"shipping-taxable","14":"product-type-simple"},"acf":[],"yoast_head":"<!-- This site is optimized with the Yoast SEO Premium plugin v22.6 (Yoast SEO v27.3) - https:\/\/yoast.com\/product\/yoast-seo-premium-wordpress\/ -->\n<title>175\/70R13 Sailwin Freimatch A\/S 82T &#8226; MMK Riepas<\/title>\n<meta name=\"description\" content=\"Sailwin Freimatch A\/S- vissezonas riepa ar teicamu veiktsp\u0113jas\/cenas attiec\u012bbu! Pieejama MMK riepu centros par vislab\u0101ko cenu!\" \/>\n<meta name=\"robots\" content=\"index, follow, max-snippet:-1, max-image-preview:large, max-video-preview:-1\" \/>\n<link rel=\"canonical\" href=\"https:\/\/mmkriepas.lv\/en\/p\/175-70r13-sailwin-freimatch-a-s-82t\/\" \/>\n<meta property=\"og:locale\" content=\"en_US\" \/>\n<meta property=\"og:type\" content=\"article\" \/>\n<meta property=\"og:title\" content=\"175\/70R13 Sailwin Freimatch A\/S 82T\" \/>\n<meta property=\"og:description\" content=\"Sailwin Freimatch A\/S- vissezonas riepa ar teicamu veiktsp\u0113jas\/cenas attiec\u012bbu! Pieejama MMK riepu centros par vislab\u0101ko cenu!\" \/>\n<meta property=\"og:url\" content=\"https:\/\/mmkriepas.lv\/en\/p\/175-70r13-sailwin-freimatch-a-s-82t\/\" \/>\n<meta property=\"og:site_name\" content=\"MMK Riepas\" \/>\n<meta property=\"article:publisher\" content=\"https:\/\/www.facebook.com\/mmkserviss\/\" \/>\n<meta property=\"article:modified_time\" content=\"2022-11-03T09:45:46+00:00\" \/>\n<meta property=\"og:image\" content=\"https:\/\/mmkriepas.lv\/wp-content\/uploads\/2021\/08\/21550r17-sailwin-freimatch-as-95w-xl-ziemas-riepas.jpg\" \/>\n\t<meta property=\"og:image:width\" content=\"1380\" \/>\n\t<meta property=\"og:image:height\" content=\"975\" \/>\n\t<meta property=\"og:image:type\" content=\"image\/jpeg\" \/>\n<meta name=\"twitter:card\" content=\"summary_large_image\" \/>\n<meta name=\"twitter:label1\" content=\"Price\" \/>\n\t<meta name=\"twitter:data1\" content=\"&euro;33.00\" \/>\n\t<meta name=\"twitter:label2\" content=\"Availability\" \/>\n\t<meta name=\"twitter:data2\" content=\"In stock\" \/>\n<script type=\"application\/ld+json\" class=\"yoast-schema-graph\">{\"@context\":\"https:\\\/\\\/schema.org\",\"@graph\":[{\"@type\":\"WebPage\",\"@id\":\"https:\\\/\\\/mmkriepas.lv\\\/en\\\/p\\\/175-70r13-sailwin-freimatch-a-s-82t\\\/\",\"url\":\"https:\\\/\\\/mmkriepas.lv\\\/en\\\/p\\\/175-70r13-sailwin-freimatch-a-s-82t\\\/\",\"name\":\"175\\\/70R13 Sailwin Freimatch A\\\/S 82T &#8226; MMK Riepas\",\"isPartOf\":{\"@id\":\"https:\\\/\\\/mmkriepas.lv\\\/en\\\/#website\"},\"primaryImageOfPage\":{\"@id\":\"https:\\\/\\\/mmkriepas.lv\\\/en\\\/p\\\/175-70r13-sailwin-freimatch-a-s-82t\\\/#primaryimage\"},\"image\":{\"@id\":\"https:\\\/\\\/mmkriepas.lv\\\/en\\\/p\\\/175-70r13-sailwin-freimatch-a-s-82t\\\/#primaryimage\"},\"thumbnailUrl\":\"https:\\\/\\\/mmkriepas.lv\\\/wp-content\\\/uploads\\\/2021\\\/08\\\/21550r17-sailwin-freimatch-as-95w-xl-ziemas-riepas.jpg\",\"datePublished\":\"2020-09-05T11:57:07+00:00\",\"dateModified\":\"2022-11-03T09:45:46+00:00\",\"description\":\"Sailwin Freimatch A\\\/S- vissezonas riepa ar teicamu veiktsp\u0113jas\\\/cenas attiec\u012bbu! Pieejama MMK riepu centros par vislab\u0101ko cenu!\",\"breadcrumb\":{\"@id\":\"https:\\\/\\\/mmkriepas.lv\\\/en\\\/p\\\/175-70r13-sailwin-freimatch-a-s-82t\\\/#breadcrumb\"},\"inLanguage\":\"en-US\",\"potentialAction\":[{\"@type\":\"ReadAction\",\"target\":[\"https:\\\/\\\/mmkriepas.lv\\\/en\\\/p\\\/175-70r13-sailwin-freimatch-a-s-82t\\\/\"]}]},{\"@type\":\"ImageObject\",\"inLanguage\":\"en-US\",\"@id\":\"https:\\\/\\\/mmkriepas.lv\\\/en\\\/p\\\/175-70r13-sailwin-freimatch-a-s-82t\\\/#primaryimage\",\"url\":\"https:\\\/\\\/mmkriepas.lv\\\/wp-content\\\/uploads\\\/2021\\\/08\\\/21550r17-sailwin-freimatch-as-95w-xl-ziemas-riepas.jpg\",\"contentUrl\":\"https:\\\/\\\/mmkriepas.lv\\\/wp-content\\\/uploads\\\/2021\\\/08\\\/21550r17-sailwin-freimatch-as-95w-xl-ziemas-riepas.jpg\",\"width\":1380,\"height\":975,\"caption\":\"SAILWIN FREIMATCH A\\\/S\"},{\"@type\":\"BreadcrumbList\",\"@id\":\"https:\\\/\\\/mmkriepas.lv\\\/en\\\/p\\\/175-70r13-sailwin-freimatch-a-s-82t\\\/#breadcrumb\",\"itemListElement\":[{\"@type\":\"ListItem\",\"position\":1,\"name\":\"S\u0101kums\",\"item\":\"https:\\\/\\\/mmkriepas.lv\\\/en\\\/\"},{\"@type\":\"ListItem\",\"position\":2,\"name\":\"175\\\/70R13 Sailwin Freimatch A\\\/S 82T\"}]},{\"@type\":\"WebSite\",\"@id\":\"https:\\\/\\\/mmkriepas.lv\\\/en\\\/#website\",\"url\":\"https:\\\/\\\/mmkriepas.lv\\\/en\\\/\",\"name\":\"MMK Riepas\",\"description\":\"MMK Riepas\",\"alternateName\":\"MMK Riepu Serviss\",\"potentialAction\":[{\"@type\":\"SearchAction\",\"target\":{\"@type\":\"EntryPoint\",\"urlTemplate\":\"https:\\\/\\\/mmkriepas.lv\\\/en\\\/?s={search_term_string}\"},\"query-input\":{\"@type\":\"PropertyValueSpecification\",\"valueRequired\":true,\"valueName\":\"search_term_string\"}}],\"inLanguage\":\"en-US\"},{\"@type\":\"ImageObject\",\"inLanguage\":\"en-US\",\"@id\":\"https:\\\/\\\/mmkriepas.lv\\\/en\\\/p\\\/175-70r13-sailwin-freimatch-a-s-82t\\\/#local-main-organization-logo\",\"url\":\"\",\"contentUrl\":\"\",\"caption\":\"MMK Riepas\"}]}<\/script>\n<meta property=\"product:brand\" content=\"Sailwin Freimatch A\/S\" \/>\n<meta property=\"product:price:amount\" content=\"33.00\" \/>\n<meta property=\"product:price:currency\" content=\"EUR\" \/>\n<meta property=\"og:availability\" content=\"instock\" \/>\n<meta property=\"product:availability\" content=\"instock\" \/>\n<meta property=\"product:condition\" content=\"new\" \/>\n<!-- \/ Yoast SEO Premium plugin. -->","yoast_head_json":{"title":"175\/70R13 Sailwin Freimatch A\/S 82T &#8226; MMK Riepas","description":"Sailwin Freimatch A\/S- vissezonas riepa ar teicamu veiktsp\u0113jas\/cenas attiec\u012bbu! Pieejama MMK riepu centros par vislab\u0101ko cenu!","robots":{"index":"index","follow":"follow","max-snippet":"max-snippet:-1","max-image-preview":"max-image-preview:large","max-video-preview":"max-video-preview:-1"},"canonical":"https:\/\/mmkriepas.lv\/en\/p\/175-70r13-sailwin-freimatch-a-s-82t\/","og_locale":"en_US","og_type":"article","og_title":"175\/70R13 Sailwin Freimatch A\/S 82T","og_description":"Sailwin Freimatch A\/S- vissezonas riepa ar teicamu veiktsp\u0113jas\/cenas attiec\u012bbu! Pieejama MMK riepu centros par vislab\u0101ko cenu!","og_url":"https:\/\/mmkriepas.lv\/en\/p\/175-70r13-sailwin-freimatch-a-s-82t\/","og_site_name":"MMK Riepas","article_publisher":"https:\/\/www.facebook.com\/mmkserviss\/","article_modified_time":"2022-11-03T09:45:46+00:00","og_image":[{"width":1380,"height":975,"url":"https:\/\/mmkriepas.lv\/wp-content\/uploads\/2021\/08\/21550r17-sailwin-freimatch-as-95w-xl-ziemas-riepas.jpg","type":"image\/jpeg"}],"twitter_card":"summary_large_image","twitter_misc":{"Price":"&euro;33.00","Availability":"In stock"},"schema":{"@context":"https:\/\/schema.org","@graph":[{"@type":"WebPage","@id":"https:\/\/mmkriepas.lv\/en\/p\/175-70r13-sailwin-freimatch-a-s-82t\/","url":"https:\/\/mmkriepas.lv\/en\/p\/175-70r13-sailwin-freimatch-a-s-82t\/","name":"175\/70R13 Sailwin Freimatch A\/S 82T &#8226; MMK Riepas","isPartOf":{"@id":"https:\/\/mmkriepas.lv\/en\/#website"},"primaryImageOfPage":{"@id":"https:\/\/mmkriepas.lv\/en\/p\/175-70r13-sailwin-freimatch-a-s-82t\/#primaryimage"},"image":{"@id":"https:\/\/mmkriepas.lv\/en\/p\/175-70r13-sailwin-freimatch-a-s-82t\/#primaryimage"},"thumbnailUrl":"https:\/\/mmkriepas.lv\/wp-content\/uploads\/2021\/08\/21550r17-sailwin-freimatch-as-95w-xl-ziemas-riepas.jpg","datePublished":"2020-09-05T11:57:07+00:00","dateModified":"2022-11-03T09:45:46+00:00","description":"Sailwin Freimatch A\/S- vissezonas riepa ar teicamu veiktsp\u0113jas\/cenas attiec\u012bbu! Pieejama MMK riepu centros par vislab\u0101ko cenu!","breadcrumb":{"@id":"https:\/\/mmkriepas.lv\/en\/p\/175-70r13-sailwin-freimatch-a-s-82t\/#breadcrumb"},"inLanguage":"en-US","potentialAction":[{"@type":"ReadAction","target":["https:\/\/mmkriepas.lv\/en\/p\/175-70r13-sailwin-freimatch-a-s-82t\/"]}]},{"@type":"ImageObject","inLanguage":"en-US","@id":"https:\/\/mmkriepas.lv\/en\/p\/175-70r13-sailwin-freimatch-a-s-82t\/#primaryimage","url":"https:\/\/mmkriepas.lv\/wp-content\/uploads\/2021\/08\/21550r17-sailwin-freimatch-as-95w-xl-ziemas-riepas.jpg","contentUrl":"https:\/\/mmkriepas.lv\/wp-content\/uploads\/2021\/08\/21550r17-sailwin-freimatch-as-95w-xl-ziemas-riepas.jpg","width":1380,"height":975,"caption":"SAILWIN FREIMATCH A\/S"},{"@type":"BreadcrumbList","@id":"https:\/\/mmkriepas.lv\/en\/p\/175-70r13-sailwin-freimatch-a-s-82t\/#breadcrumb","itemListElement":[{"@type":"ListItem","position":1,"name":"S\u0101kums","item":"https:\/\/mmkriepas.lv\/en\/"},{"@type":"ListItem","position":2,"name":"175\/70R13 Sailwin Freimatch A\/S 82T"}]},{"@type":"WebSite","@id":"https:\/\/mmkriepas.lv\/en\/#website","url":"https:\/\/mmkriepas.lv\/en\/","name":"MMK Riepas","description":"MMK Riepas","alternateName":"MMK Riepu Serviss","potentialAction":[{"@type":"SearchAction","target":{"@type":"EntryPoint","urlTemplate":"https:\/\/mmkriepas.lv\/en\/?s={search_term_string}"},"query-input":{"@type":"PropertyValueSpecification","valueRequired":true,"valueName":"search_term_string"}}],"inLanguage":"en-US"},{"@type":"ImageObject","inLanguage":"en-US","@id":"https:\/\/mmkriepas.lv\/en\/p\/175-70r13-sailwin-freimatch-a-s-82t\/#local-main-organization-logo","url":"","contentUrl":"","caption":"MMK Riepas"}]},"product_brand":"Sailwin Freimatch A\/S","product_price_amount":"33.00","product_price_currency":"EUR","og_availability":"instock","product_availability":"instock","product_condition":"new"},"_links":{"self":[{"href":"https:\/\/mmkriepas.lv\/en\/wp-json\/wp\/v2\/product\/148959","targetHints":{"allow":["GET"]}}],"collection":[{"href":"https:\/\/mmkriepas.lv\/en\/wp-json\/wp\/v2\/product"}],"about":[{"href":"https:\/\/mmkriepas.lv\/en\/wp-json\/wp\/v2\/types\/product"}],"wp:featuredmedia":[{"embeddable":true,"href":"https:\/\/mmkriepas.lv\/en\/wp-json\/wp\/v2\/media\/193090"}],"wp:attachment":[{"href":"https:\/\/mmkriepas.lv\/en\/wp-json\/wp\/v2\/media?parent=148959"}],"wp:term":[{"taxonomy":"product_brand","embeddable":true,"href":"https:\/\/mmkriepas.lv\/en\/wp-json\/wp\/v2\/product_brand?post=148959"},{"taxonomy":"product_cat","embeddable":true,"href":"https:\/\/mmkriepas.lv\/en\/wp-json\/wp\/v2\/product_cat?post=148959"},{"taxonomy":"product_tag","embeddable":true,"href":"https:\/\/mmkriepas.lv\/en\/wp-json\/wp\/v2\/product_tag?post=148959"}],"curies":[{"name":"wp","href":"https:\/\/api.w.org\/{rel}","templated":true}]}}