{"id":148924,"date":"2020-09-05T13:19:01","date_gmt":"2020-09-05T10:19:01","guid":{"rendered":"https:\/\/mmkserviss.lv\/?post_type=product&#038;p=148924"},"modified":"2024-05-03T11:35:38","modified_gmt":"2024-05-03T08:35:38","slug":"225-55r16-kumho-wintercraft-wp71-99v-xl","status":"publish","type":"product","link":"https:\/\/mmkriepas.lv\/en\/p\/225-55r16-kumho-wintercraft-wp71-99v-xl\/","title":{"rendered":"225\/55R16 Kumho Wintercraft WP71 99V XL"},"content":{"rendered":"<p><b>Kumho Wintercraft WP71 <\/b><span style=\"font-weight: 400;\">ir ziemas riepa, kas rad\u012bta speci\u0101li Zieme\u013ceiropas tirgum. Pateicoties tam, dotais modelis izce\u013cas ar lielisk\u0101m veiktsp\u0113jas \u012bpa\u0161\u012bb\u0101m \u012bpa\u0161i bargos ziemas apst\u0101k\u013cos.\u00a0<\/span><\/p>\n<h3><b>Kumho Wintercraft WP71 galven\u0101s iez\u012bmes<\/b><\/h3>\n<ul>\n<li style=\"font-weight: 400;\"><span style=\"font-weight: 400;\">Palielin\u0101ts protektora bloku skaits, lai uzlabotu sa\u0137eres \u012bpa\u0161\u012bbas!<\/span><\/li>\n<li style=\"font-weight: 400;\"><span style=\"font-weight: 400;\">Inovat\u012bv\u0101s &#8220;Honeycomb&#8221; lameles pal\u012bdz\u0113s c\u012b\u0146\u0101 ar sniegu un ledu!<\/span><\/li>\n<li style=\"font-weight: 400;\"><span style=\"font-weight: 400;\">Augstas kvalit\u0101tes gumijas mais\u012bjums, kas elast\u012bbu saglap\u0101 pat \u013coti zem\u0101s temperat\u016br\u0101s!<\/span><\/li>\n<li style=\"font-weight: 400;\"><span style=\"font-weight: 400;\">Samazin\u0101ts akvaplan\u0113\u0161anas risks!<\/span><\/li>\n<\/ul>\n<h3><b>Wintercraft WP71 uzlabojumi<\/b><\/h3>\n<p><span style=\"font-weight: 400;\">T\u0101 k\u0101 vairum\u0101 Zieme\u013ceiropas valstu p\u0101rvieto\u0161an\u0101s ar rad\u017eot\u0101m riep\u0101m ir aizliegta, Dienvidkorejas brenda in\u017eenieriem n\u0101cies n\u0101kt klaj\u0101 ar atjaut\u012bgiem risin\u0101jumiem, lai brauk\u0161anu snieg\u0101 un uz ledus padar\u012btu dro\u0161u ar\u012b bez t\u0101m.\u00a0<\/span> <span style=\"font-weight: 400;\">\u0160\u012b iemesla d\u0113\u013c, lemts par labu protektora bloku skaita palielin\u0101\u0161anai. To palielin\u0101tais skaits \u013cauj veidoties liel\u0101kam daudzumam sa\u0137eres kant\u012b\u0161u, kuras ie\u0137eras snieg\u0101, ar to veidojot sa\u0137eri.<\/span> <span style=\"font-weight: 400;\">Visa riepa, taj\u0101 skait\u0101 ar\u012b protektora raksts, veidoti no augstas kvalit\u0101tes gumijas mais\u012bjuma, kas nezaud\u0113 elast\u012bbu pat \u013coti zem\u0101s gaisa temperat\u016br\u0101s.\u00a0<\/span> <span style=\"font-weight: 400;\">&#8220;Honeycomb&#8221; lame\u013cu tehnolo\u0123ija at\u013cauj uzlabot sa\u0137eri ar ledu, slidenaj\u0101 virsm\u0101 iec\u0113rtoties ar vair\u0101kiem t\u016bksto\u0161iem bl\u012bvi izvietotu kant\u012b\u0161u.\u00a0<\/span> <b>Kumho Wintercraft WP71<\/b><span style=\"font-weight: 400;\"> mode\u013ca lieto\u0161anas dro\u0161\u012bbu ziemas laika apst\u0101k\u013cos un t\u0101 atbilst\u012bbu valst\u012bm ar oblig\u0101tu sezon\u0101lo riepu mai\u0146u apstiprina mar\u0137\u0113jums sniegp\u0101rslas form\u0101 uz kalna fona ar trim virsotn\u0113m (3PMSF).<\/span> &gt;<\/p>\n<p><b>Kumho Wintercraft WP71<\/b><span style=\"font-weight: 400;\">-vid\u0113j\u0101s klases ziemas riepa, rad\u012bta \u012bpa\u0161i Zieme\u013ceiropas klimatam! MMK riepu centros, visos izm\u0113ros, par vislab\u0101ko cenu!<\/span><\/p>\n","protected":false},"excerpt":{"rendered":"<p><b>Kumho Wintercraft WP71 <\/b><span style=\"font-weight: 400;\">ir ziemas riepa, kas rad\u012bta speci\u0101li Zieme\u013ceiropas tirgum. Pateicoties tam, dotais modelis izce\u013cas ar lielisk\u0101m veiktsp\u0113jas \u012bpa\u0161\u012bb\u0101m \u012bpa\u0161i bargos ziemas apst\u0101k\u013cos.\u00a0<\/span><\/p>\n","protected":false},"featured_media":148926,"template":"","meta":{"_acf_changed":false,"ngg_post_thumbnail":0},"product_brand":[],"product_cat":[47,45],"product_tag":[19636],"class_list":{"0":"post-148924","1":"product","2":"type-product","3":"status-publish","4":"has-post-thumbnail","6":"product_cat-vissezonas-riepas","7":"product_cat-ziemas-riepas","8":"product_tag-dzeltens","10":"first","11":"instock","12":"sale","13":"taxable","14":"shipping-taxable","15":"product-type-simple"},"acf":[],"yoast_head":"<!-- This site is optimized with the Yoast SEO Premium plugin v22.6 (Yoast SEO v27.3) - https:\/\/yoast.com\/product\/yoast-seo-premium-wordpress\/ -->\n<title>225\/55R16 Kumho Wintercraft WP71 99V XL &#8226; MMK Riepas<\/title>\n<meta name=\"description\" content=\"Kumho Wintercraft WP71-vid\u0113j\u0101s klases ziemas riepa, rad\u012bta \u012bpa\u0161i Zieme\u013ceiropas klimatam! MMK riepu centros, visos izm\u0113ros, par vislab\u0101ko cenu!\" \/>\n<meta name=\"robots\" content=\"index, follow, max-snippet:-1, max-image-preview:large, max-video-preview:-1\" \/>\n<link rel=\"canonical\" href=\"https:\/\/mmkriepas.lv\/en\/p\/225-55r16-kumho-wintercraft-wp71-99v-xl\/\" \/>\n<meta property=\"og:locale\" content=\"en_US\" \/>\n<meta property=\"og:type\" content=\"article\" \/>\n<meta property=\"og:title\" content=\"225\/55R16 Kumho Wintercraft WP71 99V XL\" \/>\n<meta property=\"og:description\" content=\"Kumho Wintercraft WP71-vid\u0113j\u0101s klases ziemas riepa, rad\u012bta \u012bpa\u0161i Zieme\u013ceiropas klimatam! MMK riepu centros, visos izm\u0113ros, par vislab\u0101ko cenu!\" \/>\n<meta property=\"og:url\" content=\"https:\/\/mmkriepas.lv\/en\/p\/225-55r16-kumho-wintercraft-wp71-99v-xl\/\" \/>\n<meta property=\"og:site_name\" content=\"MMK Riepas\" \/>\n<meta property=\"article:publisher\" content=\"https:\/\/www.facebook.com\/mmkserviss\/\" \/>\n<meta property=\"article:modified_time\" content=\"2024-05-03T08:35:38+00:00\" \/>\n<meta property=\"og:image\" content=\"https:\/\/mmkriepas.lv\/wp-content\/uploads\/2020\/09\/24545r18-kumho-wintercraft-wp71-100v-xl-ziemas-riepas.png\" \/>\n\t<meta property=\"og:image:width\" content=\"452\" \/>\n\t<meta property=\"og:image:height\" content=\"617\" \/>\n\t<meta property=\"og:image:type\" content=\"image\/png\" \/>\n<meta name=\"twitter:card\" content=\"summary_large_image\" \/>\n<meta name=\"twitter:label1\" content=\"Price\" \/>\n\t<meta name=\"twitter:data1\" content=\"&euro;81.00\" \/>\n\t<meta name=\"twitter:label2\" content=\"Availability\" \/>\n\t<meta name=\"twitter:data2\" content=\"In stock\" \/>\n<script type=\"application\/ld+json\" class=\"yoast-schema-graph\">{\"@context\":\"https:\\\/\\\/schema.org\",\"@graph\":[{\"@type\":\"WebPage\",\"@id\":\"https:\\\/\\\/mmkriepas.lv\\\/en\\\/p\\\/225-55r16-kumho-wintercraft-wp71-99v-xl\\\/\",\"url\":\"https:\\\/\\\/mmkriepas.lv\\\/en\\\/p\\\/225-55r16-kumho-wintercraft-wp71-99v-xl\\\/\",\"name\":\"225\\\/55R16 Kumho Wintercraft WP71 99V XL &#8226; MMK Riepas\",\"isPartOf\":{\"@id\":\"https:\\\/\\\/mmkriepas.lv\\\/en\\\/#website\"},\"primaryImageOfPage\":{\"@id\":\"https:\\\/\\\/mmkriepas.lv\\\/en\\\/p\\\/225-55r16-kumho-wintercraft-wp71-99v-xl\\\/#primaryimage\"},\"image\":{\"@id\":\"https:\\\/\\\/mmkriepas.lv\\\/en\\\/p\\\/225-55r16-kumho-wintercraft-wp71-99v-xl\\\/#primaryimage\"},\"thumbnailUrl\":\"https:\\\/\\\/mmkriepas.lv\\\/wp-content\\\/uploads\\\/2020\\\/09\\\/24545r18-kumho-wintercraft-wp71-100v-xl-ziemas-riepas.png\",\"datePublished\":\"2020-09-05T10:19:01+00:00\",\"dateModified\":\"2024-05-03T08:35:38+00:00\",\"description\":\"Kumho Wintercraft WP71-vid\u0113j\u0101s klases ziemas riepa, rad\u012bta \u012bpa\u0161i Zieme\u013ceiropas klimatam! MMK riepu centros, visos izm\u0113ros, par vislab\u0101ko cenu!\",\"breadcrumb\":{\"@id\":\"https:\\\/\\\/mmkriepas.lv\\\/en\\\/p\\\/225-55r16-kumho-wintercraft-wp71-99v-xl\\\/#breadcrumb\"},\"inLanguage\":\"en-US\",\"potentialAction\":[{\"@type\":\"ReadAction\",\"target\":[\"https:\\\/\\\/mmkriepas.lv\\\/en\\\/p\\\/225-55r16-kumho-wintercraft-wp71-99v-xl\\\/\"]}]},{\"@type\":\"ImageObject\",\"inLanguage\":\"en-US\",\"@id\":\"https:\\\/\\\/mmkriepas.lv\\\/en\\\/p\\\/225-55r16-kumho-wintercraft-wp71-99v-xl\\\/#primaryimage\",\"url\":\"https:\\\/\\\/mmkriepas.lv\\\/wp-content\\\/uploads\\\/2020\\\/09\\\/24545r18-kumho-wintercraft-wp71-100v-xl-ziemas-riepas.png\",\"contentUrl\":\"https:\\\/\\\/mmkriepas.lv\\\/wp-content\\\/uploads\\\/2020\\\/09\\\/24545r18-kumho-wintercraft-wp71-100v-xl-ziemas-riepas.png\",\"width\":452,\"height\":617,\"caption\":\"245\\\/45R18 Kumho Wintercraft WP71 100V XL - Vissezonas riepas \\\/ Ziemas riepas\"},{\"@type\":\"BreadcrumbList\",\"@id\":\"https:\\\/\\\/mmkriepas.lv\\\/en\\\/p\\\/225-55r16-kumho-wintercraft-wp71-99v-xl\\\/#breadcrumb\",\"itemListElement\":[{\"@type\":\"ListItem\",\"position\":1,\"name\":\"S\u0101kums\",\"item\":\"https:\\\/\\\/mmkriepas.lv\\\/en\\\/\"},{\"@type\":\"ListItem\",\"position\":2,\"name\":\"225\\\/55R16 Kumho Wintercraft WP71 99V XL\"}]},{\"@type\":\"WebSite\",\"@id\":\"https:\\\/\\\/mmkriepas.lv\\\/en\\\/#website\",\"url\":\"https:\\\/\\\/mmkriepas.lv\\\/en\\\/\",\"name\":\"MMK Riepas\",\"description\":\"MMK Riepas\",\"alternateName\":\"MMK Riepu Serviss\",\"potentialAction\":[{\"@type\":\"SearchAction\",\"target\":{\"@type\":\"EntryPoint\",\"urlTemplate\":\"https:\\\/\\\/mmkriepas.lv\\\/en\\\/?s={search_term_string}\"},\"query-input\":{\"@type\":\"PropertyValueSpecification\",\"valueRequired\":true,\"valueName\":\"search_term_string\"}}],\"inLanguage\":\"en-US\"},{\"@type\":\"ImageObject\",\"inLanguage\":\"en-US\",\"@id\":\"https:\\\/\\\/mmkriepas.lv\\\/en\\\/p\\\/225-55r16-kumho-wintercraft-wp71-99v-xl\\\/#local-main-organization-logo\",\"url\":\"\",\"contentUrl\":\"\",\"caption\":\"MMK Riepas\"}]}<\/script>\n<meta property=\"product:brand\" content=\"Kumho WinterCraft WP71\" \/>\n<meta property=\"product:price:amount\" content=\"81.00\" \/>\n<meta property=\"product:price:currency\" content=\"EUR\" \/>\n<meta property=\"og:availability\" content=\"instock\" \/>\n<meta property=\"product:availability\" content=\"instock\" \/>\n<meta property=\"product:condition\" content=\"new\" \/>\n<!-- \/ Yoast SEO Premium plugin. -->","yoast_head_json":{"title":"225\/55R16 Kumho Wintercraft WP71 99V XL &#8226; MMK Riepas","description":"Kumho Wintercraft WP71-vid\u0113j\u0101s klases ziemas riepa, rad\u012bta \u012bpa\u0161i Zieme\u013ceiropas klimatam! MMK riepu centros, visos izm\u0113ros, par vislab\u0101ko cenu!","robots":{"index":"index","follow":"follow","max-snippet":"max-snippet:-1","max-image-preview":"max-image-preview:large","max-video-preview":"max-video-preview:-1"},"canonical":"https:\/\/mmkriepas.lv\/en\/p\/225-55r16-kumho-wintercraft-wp71-99v-xl\/","og_locale":"en_US","og_type":"article","og_title":"225\/55R16 Kumho Wintercraft WP71 99V XL","og_description":"Kumho Wintercraft WP71-vid\u0113j\u0101s klases ziemas riepa, rad\u012bta \u012bpa\u0161i Zieme\u013ceiropas klimatam! MMK riepu centros, visos izm\u0113ros, par vislab\u0101ko cenu!","og_url":"https:\/\/mmkriepas.lv\/en\/p\/225-55r16-kumho-wintercraft-wp71-99v-xl\/","og_site_name":"MMK Riepas","article_publisher":"https:\/\/www.facebook.com\/mmkserviss\/","article_modified_time":"2024-05-03T08:35:38+00:00","og_image":[{"width":452,"height":617,"url":"https:\/\/mmkriepas.lv\/wp-content\/uploads\/2020\/09\/24545r18-kumho-wintercraft-wp71-100v-xl-ziemas-riepas.png","type":"image\/png"}],"twitter_card":"summary_large_image","twitter_misc":{"Price":"&euro;81.00","Availability":"In stock"},"schema":{"@context":"https:\/\/schema.org","@graph":[{"@type":"WebPage","@id":"https:\/\/mmkriepas.lv\/en\/p\/225-55r16-kumho-wintercraft-wp71-99v-xl\/","url":"https:\/\/mmkriepas.lv\/en\/p\/225-55r16-kumho-wintercraft-wp71-99v-xl\/","name":"225\/55R16 Kumho Wintercraft WP71 99V XL &#8226; MMK Riepas","isPartOf":{"@id":"https:\/\/mmkriepas.lv\/en\/#website"},"primaryImageOfPage":{"@id":"https:\/\/mmkriepas.lv\/en\/p\/225-55r16-kumho-wintercraft-wp71-99v-xl\/#primaryimage"},"image":{"@id":"https:\/\/mmkriepas.lv\/en\/p\/225-55r16-kumho-wintercraft-wp71-99v-xl\/#primaryimage"},"thumbnailUrl":"https:\/\/mmkriepas.lv\/wp-content\/uploads\/2020\/09\/24545r18-kumho-wintercraft-wp71-100v-xl-ziemas-riepas.png","datePublished":"2020-09-05T10:19:01+00:00","dateModified":"2024-05-03T08:35:38+00:00","description":"Kumho Wintercraft WP71-vid\u0113j\u0101s klases ziemas riepa, rad\u012bta \u012bpa\u0161i Zieme\u013ceiropas klimatam! MMK riepu centros, visos izm\u0113ros, par vislab\u0101ko cenu!","breadcrumb":{"@id":"https:\/\/mmkriepas.lv\/en\/p\/225-55r16-kumho-wintercraft-wp71-99v-xl\/#breadcrumb"},"inLanguage":"en-US","potentialAction":[{"@type":"ReadAction","target":["https:\/\/mmkriepas.lv\/en\/p\/225-55r16-kumho-wintercraft-wp71-99v-xl\/"]}]},{"@type":"ImageObject","inLanguage":"en-US","@id":"https:\/\/mmkriepas.lv\/en\/p\/225-55r16-kumho-wintercraft-wp71-99v-xl\/#primaryimage","url":"https:\/\/mmkriepas.lv\/wp-content\/uploads\/2020\/09\/24545r18-kumho-wintercraft-wp71-100v-xl-ziemas-riepas.png","contentUrl":"https:\/\/mmkriepas.lv\/wp-content\/uploads\/2020\/09\/24545r18-kumho-wintercraft-wp71-100v-xl-ziemas-riepas.png","width":452,"height":617,"caption":"245\/45R18 Kumho Wintercraft WP71 100V XL - Vissezonas riepas \/ Ziemas riepas"},{"@type":"BreadcrumbList","@id":"https:\/\/mmkriepas.lv\/en\/p\/225-55r16-kumho-wintercraft-wp71-99v-xl\/#breadcrumb","itemListElement":[{"@type":"ListItem","position":1,"name":"S\u0101kums","item":"https:\/\/mmkriepas.lv\/en\/"},{"@type":"ListItem","position":2,"name":"225\/55R16 Kumho Wintercraft WP71 99V XL"}]},{"@type":"WebSite","@id":"https:\/\/mmkriepas.lv\/en\/#website","url":"https:\/\/mmkriepas.lv\/en\/","name":"MMK Riepas","description":"MMK Riepas","alternateName":"MMK Riepu Serviss","potentialAction":[{"@type":"SearchAction","target":{"@type":"EntryPoint","urlTemplate":"https:\/\/mmkriepas.lv\/en\/?s={search_term_string}"},"query-input":{"@type":"PropertyValueSpecification","valueRequired":true,"valueName":"search_term_string"}}],"inLanguage":"en-US"},{"@type":"ImageObject","inLanguage":"en-US","@id":"https:\/\/mmkriepas.lv\/en\/p\/225-55r16-kumho-wintercraft-wp71-99v-xl\/#local-main-organization-logo","url":"","contentUrl":"","caption":"MMK Riepas"}]},"product_brand":"Kumho WinterCraft WP71","product_price_amount":"81.00","product_price_currency":"EUR","og_availability":"instock","product_availability":"instock","product_condition":"new"},"_links":{"self":[{"href":"https:\/\/mmkriepas.lv\/en\/wp-json\/wp\/v2\/product\/148924","targetHints":{"allow":["GET"]}}],"collection":[{"href":"https:\/\/mmkriepas.lv\/en\/wp-json\/wp\/v2\/product"}],"about":[{"href":"https:\/\/mmkriepas.lv\/en\/wp-json\/wp\/v2\/types\/product"}],"wp:featuredmedia":[{"embeddable":true,"href":"https:\/\/mmkriepas.lv\/en\/wp-json\/wp\/v2\/media\/148926"}],"wp:attachment":[{"href":"https:\/\/mmkriepas.lv\/en\/wp-json\/wp\/v2\/media?parent=148924"}],"wp:term":[{"taxonomy":"product_brand","embeddable":true,"href":"https:\/\/mmkriepas.lv\/en\/wp-json\/wp\/v2\/product_brand?post=148924"},{"taxonomy":"product_cat","embeddable":true,"href":"https:\/\/mmkriepas.lv\/en\/wp-json\/wp\/v2\/product_cat?post=148924"},{"taxonomy":"product_tag","embeddable":true,"href":"https:\/\/mmkriepas.lv\/en\/wp-json\/wp\/v2\/product_tag?post=148924"}],"curies":[{"name":"wp","href":"https:\/\/api.w.org\/{rel}","templated":true}]}}