{"id":148903,"date":"2020-09-05T12:31:28","date_gmt":"2020-09-05T09:31:28","guid":{"rendered":"https:\/\/mmkserviss.lv\/?post_type=product&#038;p=148903"},"modified":"2026-02-13T18:02:43","modified_gmt":"2026-02-13T16:02:43","slug":"205-60r16-kumho-wintercraft-ice-wi31-96t-xl-ar-radzem","status":"publish","type":"product","link":"https:\/\/mmkriepas.lv\/en\/p\/205-60r16-kumho-wintercraft-ice-wi31-96t-xl-ar-radzem\/","title":{"rendered":"205\/60R16 Kumho WinterCraft ice Wi31+ 96T XL ar radz\u0113m"},"content":{"rendered":"<p><span style=\"font-weight: 400;\">Ziemas riepu mode\u013ca <\/span><b>Kumho Wintercraft Ice WI31+<\/b><span style=\"font-weight: 400;\"> n\u0101k\u0161ana tirg\u016b bija ar lielu nepaciet\u012bbu gaid\u012bta, jo \u0161is modelis aizst\u0101j daudzu autobrauc\u0113ju absol\u016btu favor\u012btu- Wintercraft Ice WI 31. Vadoties p\u0113c atz\u012bt\u0101kajiem riepu testiem, Wintercraft Ice WI 31+ uzr\u0101da v\u0113l augst\u0101kus r\u0101d\u012bt\u0101jus visos iesp\u0113jamajos aspektos.<\/span><\/p>\n<h3><b>Kumho Wintercraft Ice WI31+ galven\u0101s iez\u012bmes<\/b><\/h3>\n<ul>\n<li style=\"font-weight: 400;\"><span style=\"font-weight: 400;\">Lieliska veiktsp\u0113ja uz ledus, pateicoties radz\u0113m, kuras izvietotas <\/span><b>20 rind\u0101s!<\/b><\/li>\n<li style=\"font-weight: 400;\"><span style=\"font-weight: 400;\">Bl\u012bvi izvietotas tr\u012bspak\u0101pju lameles uzlabo veiktsp\u0113ju uz nobliet\u0113ta sniega, uzlabojot ar;i manevr\u0113tsp\u0113ju uz asfalta!<\/span><\/li>\n<li style=\"font-weight: 400;\"><span style=\"font-weight: 400;\">Uzlabota aero un hidro-dinamika, lai samazin\u0101tu akvaplan\u0113\u0161anas risku!<\/span><\/li>\n<li style=\"font-weight: 400;\"><span style=\"font-weight: 400;\">Palielin\u0101ts rad\u017eu skaits!<\/span><\/li>\n<\/ul>\n<h3><b>Wintercraft Ice WI31+ uzlabojumi<\/b><\/h3>\n<p><span style=\"font-weight: 400;\">Lai \u0161o ziemas riepu padar\u012btu v\u0113l veiksm\u012bg\u0101ku par t\u0101s pirsmteci, Dienvidkorejas in\u017eenieri n\u0101ku\u0161i klaj\u0101 ar veselu virkni inovat\u012bvu risin\u0101jumu, viens no kuriem ir unik\u0101lais rad\u017eu izvietojums.<\/span><\/p>\n<p><span style=\"font-weight: 400;\">\u0145emot piem\u0113ru no k\u0101da Somu riepu ra\u017eot\u0101ja, <\/span><b>Kumho Wintercraft Ice WI31+<\/b><span style=\"font-weight: 400;\"> rad\u017eu skaits krietni palielin\u0101ts, samazinot to izm\u0113ru.&nbsp; 200 Radzes izdevies izvietot vesel\u0101s 20 rind\u0101s, turkl\u0101t to da\u013ca atrodas riepas centr\u0101laj\u0101 protektora bloku virkn\u0113.&nbsp; Tas piedevis riepai paaugstin\u0101tu sa\u0137eri uz ledus, padarot \u0161o riepu par izcilu sabiedroto c\u012b\u0146\u0101 ar apledoju\u0161iem vai net\u012br\u012btiem lauku ce\u013ciem.<\/span><\/p>\n<p><span style=\"font-weight: 400;\">Tr\u012bs-pak\u0101pju lameles \u0161o riepu padara manevr\u0113tsp\u0113j\u012bg\u0101ku gan uz nobliet\u0113ta sniega, gan vienk\u0101r\u0161i uz pils\u0113tas asfalta. T\u0101s, tand\u0113m\u0101 ar plataj\u0101m dren\u0101\u017eas riev\u0101m, sausina kontakta virsmu, sa\u0137eri padarot v\u0113l cie\u0161\u0101ku.<\/span><\/p>\n<p><span style=\"color: #ff0000;\"><strong>\u0160is modelis pieejams gan ar radz\u0113m, gan ar\u012b bez t\u0101m!<\/strong><\/span><\/p>\n<p><b>Kumho Wintercraft Ice WI31+<\/b><span style=\"font-weight: 400;\"> mode\u013ca lieto\u0161anas dro\u0161\u012bbu ziemas laika apst\u0101k\u013cos un t\u0101 atbilst\u012bbu valst\u012bm ar oblig\u0101tu sezon\u0101lo riepu mai\u0146u apstiprina mar\u0137\u0113jums sniegp\u0101rslas form\u0101 uz kalna fona ar trim virsotn\u0113m (3PMSF).<\/span><\/p>\n<p> ><\/p>\n<p><b>Kumho Wintercraft Ice WI31+<\/b><span style=\"font-weight: 400;\">-vid\u0113j\u0101s klases ziemas riepa ar premium klases veiktsp\u0113jas \u012bpa\u0161\u012bb\u0101m! MMK riepu centros, visos izm\u0113ros, par vislab\u0101ko cenu!<\/span><\/p>\n","protected":false},"excerpt":{"rendered":"<p>Ziemas riepu mode\u013ca Kumho Wintercraft Ice WI31+ n\u0101k\u0161ana tirg\u016b bija ar lielu nepaciet\u012bbu gaid\u012bta, jo \u0161is modelis aizst\u0101j daudzu autobrauc\u0113ju absol\u016btu favor\u012btu- Wintercraft Ice WI 31. Vadoties p\u0113c atz\u012bt\u0101kajiem riepu<\/p>\n","protected":false},"featured_media":1116020,"template":"","meta":{"_acf_changed":false,"ngg_post_thumbnail":0},"product_brand":[],"product_cat":[45,48],"product_tag":[19634],"class_list":{"0":"post-148903","1":"product","2":"type-product","3":"status-publish","4":"has-post-thumbnail","6":"product_cat-ziemas-riepas","7":"product_cat-ziemas-ar-radzem","8":"product_tag-mmk","10":"first","11":"instock","12":"sale","13":"taxable","14":"shipping-taxable","15":"product-type-simple"},"acf":[],"yoast_head":"<!-- This site is optimized with the Yoast SEO Premium plugin v22.6 (Yoast SEO v27.3) - https:\/\/yoast.com\/product\/yoast-seo-premium-wordpress\/ -->\n<title>205\/60R16 Kumho WinterCraft ice Wi31+ 96T XL ar radz\u0113m &#8226; MMK Riepas<\/title>\n<meta name=\"description\" content=\"Kumho Wintercraft Ice WI31+-vid\u0113j\u0101s klases ziemas riepa ar premium klases veiktsp\u0113jas \u012bpa\u0161\u012bb\u0101m! MMK riepu centros, visos izm\u0113ros, par vislab\u0101ko cenu!\" \/>\n<meta name=\"robots\" content=\"index, follow, max-snippet:-1, max-image-preview:large, max-video-preview:-1\" \/>\n<link rel=\"canonical\" href=\"https:\/\/mmkriepas.lv\/en\/p\/205-60r16-kumho-wintercraft-ice-wi31-96t-xl-ar-radzem\/\" \/>\n<meta property=\"og:locale\" content=\"en_US\" \/>\n<meta property=\"og:type\" content=\"article\" \/>\n<meta property=\"og:title\" content=\"205\/60R16 Kumho WinterCraft ice Wi31+ 96T XL ar radz\u0113m\" \/>\n<meta property=\"og:description\" content=\"Kumho Wintercraft Ice WI31+-vid\u0113j\u0101s klases ziemas riepa ar premium klases veiktsp\u0113jas \u012bpa\u0161\u012bb\u0101m! MMK riepu centros, visos izm\u0113ros, par vislab\u0101ko cenu!\" \/>\n<meta property=\"og:url\" content=\"https:\/\/mmkriepas.lv\/en\/p\/205-60r16-kumho-wintercraft-ice-wi31-96t-xl-ar-radzem\/\" \/>\n<meta property=\"og:site_name\" content=\"MMK Riepas\" \/>\n<meta property=\"article:publisher\" content=\"https:\/\/www.facebook.com\/mmkserviss\/\" \/>\n<meta property=\"article:modified_time\" content=\"2026-02-13T16:02:43+00:00\" \/>\n<meta property=\"og:image\" content=\"https:\/\/mmkriepas.lv\/wp-content\/uploads\/2024\/10\/24540r19-marshal-wintercraft-ice-wi31-98t-xl-ar-radzem-kumho-ziemas-riepas-ziemas-ar-radzem-riepas.jpg\" \/>\n\t<meta property=\"og:image:width\" content=\"900\" \/>\n\t<meta property=\"og:image:height\" content=\"720\" \/>\n\t<meta property=\"og:image:type\" content=\"image\/jpeg\" \/>\n<meta name=\"twitter:card\" content=\"summary_large_image\" \/>\n<meta name=\"twitter:label1\" content=\"Price\" \/>\n\t<meta name=\"twitter:data1\" content=\"&euro;73.00\" \/>\n\t<meta name=\"twitter:label2\" content=\"Availability\" \/>\n\t<meta name=\"twitter:data2\" content=\"In stock\" \/>\n<script type=\"application\/ld+json\" class=\"yoast-schema-graph\">{\"@context\":\"https:\\\/\\\/schema.org\",\"@graph\":[{\"@type\":\"WebPage\",\"@id\":\"https:\\\/\\\/mmkriepas.lv\\\/en\\\/p\\\/205-60r16-kumho-wintercraft-ice-wi31-96t-xl-ar-radzem\\\/\",\"url\":\"https:\\\/\\\/mmkriepas.lv\\\/en\\\/p\\\/205-60r16-kumho-wintercraft-ice-wi31-96t-xl-ar-radzem\\\/\",\"name\":\"205\\\/60R16 Kumho WinterCraft ice Wi31+ 96T XL ar radz\u0113m &#8226; MMK Riepas\",\"isPartOf\":{\"@id\":\"https:\\\/\\\/mmkriepas.lv\\\/en\\\/#website\"},\"primaryImageOfPage\":{\"@id\":\"https:\\\/\\\/mmkriepas.lv\\\/en\\\/p\\\/205-60r16-kumho-wintercraft-ice-wi31-96t-xl-ar-radzem\\\/#primaryimage\"},\"image\":{\"@id\":\"https:\\\/\\\/mmkriepas.lv\\\/en\\\/p\\\/205-60r16-kumho-wintercraft-ice-wi31-96t-xl-ar-radzem\\\/#primaryimage\"},\"thumbnailUrl\":\"https:\\\/\\\/mmkriepas.lv\\\/wp-content\\\/uploads\\\/2024\\\/10\\\/24540r19-marshal-wintercraft-ice-wi31-98t-xl-ar-radzem-kumho-ziemas-riepas-ziemas-ar-radzem-riepas.jpg\",\"datePublished\":\"2020-09-05T09:31:28+00:00\",\"dateModified\":\"2026-02-13T16:02:43+00:00\",\"description\":\"Kumho Wintercraft Ice WI31+-vid\u0113j\u0101s klases ziemas riepa ar premium klases veiktsp\u0113jas \u012bpa\u0161\u012bb\u0101m! MMK riepu centros, visos izm\u0113ros, par vislab\u0101ko cenu!\",\"breadcrumb\":{\"@id\":\"https:\\\/\\\/mmkriepas.lv\\\/en\\\/p\\\/205-60r16-kumho-wintercraft-ice-wi31-96t-xl-ar-radzem\\\/#breadcrumb\"},\"inLanguage\":\"en-US\",\"potentialAction\":[{\"@type\":\"ReadAction\",\"target\":[\"https:\\\/\\\/mmkriepas.lv\\\/en\\\/p\\\/205-60r16-kumho-wintercraft-ice-wi31-96t-xl-ar-radzem\\\/\"]}]},{\"@type\":\"ImageObject\",\"inLanguage\":\"en-US\",\"@id\":\"https:\\\/\\\/mmkriepas.lv\\\/en\\\/p\\\/205-60r16-kumho-wintercraft-ice-wi31-96t-xl-ar-radzem\\\/#primaryimage\",\"url\":\"https:\\\/\\\/mmkriepas.lv\\\/wp-content\\\/uploads\\\/2024\\\/10\\\/24540r19-marshal-wintercraft-ice-wi31-98t-xl-ar-radzem-kumho-ziemas-riepas-ziemas-ar-radzem-riepas.jpg\",\"contentUrl\":\"https:\\\/\\\/mmkriepas.lv\\\/wp-content\\\/uploads\\\/2024\\\/10\\\/24540r19-marshal-wintercraft-ice-wi31-98t-xl-ar-radzem-kumho-ziemas-riepas-ziemas-ar-radzem-riepas.jpg\",\"width\":900,\"height\":720,\"caption\":\"MAIN\"},{\"@type\":\"BreadcrumbList\",\"@id\":\"https:\\\/\\\/mmkriepas.lv\\\/en\\\/p\\\/205-60r16-kumho-wintercraft-ice-wi31-96t-xl-ar-radzem\\\/#breadcrumb\",\"itemListElement\":[{\"@type\":\"ListItem\",\"position\":1,\"name\":\"S\u0101kums\",\"item\":\"https:\\\/\\\/mmkriepas.lv\\\/en\\\/\"},{\"@type\":\"ListItem\",\"position\":2,\"name\":\"205\\\/60R16 Kumho WinterCraft ice Wi31+ 96T XL ar radz\u0113m\"}]},{\"@type\":\"WebSite\",\"@id\":\"https:\\\/\\\/mmkriepas.lv\\\/en\\\/#website\",\"url\":\"https:\\\/\\\/mmkriepas.lv\\\/en\\\/\",\"name\":\"MMK Riepas\",\"description\":\"MMK Riepas\",\"alternateName\":\"MMK Riepu Serviss\",\"potentialAction\":[{\"@type\":\"SearchAction\",\"target\":{\"@type\":\"EntryPoint\",\"urlTemplate\":\"https:\\\/\\\/mmkriepas.lv\\\/en\\\/?s={search_term_string}\"},\"query-input\":{\"@type\":\"PropertyValueSpecification\",\"valueRequired\":true,\"valueName\":\"search_term_string\"}}],\"inLanguage\":\"en-US\"},{\"@type\":\"ImageObject\",\"inLanguage\":\"en-US\",\"@id\":\"https:\\\/\\\/mmkriepas.lv\\\/en\\\/p\\\/205-60r16-kumho-wintercraft-ice-wi31-96t-xl-ar-radzem\\\/#local-main-organization-logo\",\"url\":\"\",\"contentUrl\":\"\",\"caption\":\"MMK Riepas\"}]}<\/script>\n<meta property=\"product:brand\" content=\"Kumho WinterCraft ice Wi31+\" \/>\n<meta property=\"product:price:amount\" content=\"73.00\" \/>\n<meta property=\"product:price:currency\" content=\"EUR\" \/>\n<meta property=\"og:availability\" content=\"instock\" \/>\n<meta property=\"product:availability\" content=\"instock\" \/>\n<meta property=\"product:condition\" content=\"new\" \/>\n<!-- \/ Yoast SEO Premium plugin. -->","yoast_head_json":{"title":"205\/60R16 Kumho WinterCraft ice Wi31+ 96T XL ar radz\u0113m &#8226; MMK Riepas","description":"Kumho Wintercraft Ice WI31+-vid\u0113j\u0101s klases ziemas riepa ar premium klases veiktsp\u0113jas \u012bpa\u0161\u012bb\u0101m! MMK riepu centros, visos izm\u0113ros, par vislab\u0101ko cenu!","robots":{"index":"index","follow":"follow","max-snippet":"max-snippet:-1","max-image-preview":"max-image-preview:large","max-video-preview":"max-video-preview:-1"},"canonical":"https:\/\/mmkriepas.lv\/en\/p\/205-60r16-kumho-wintercraft-ice-wi31-96t-xl-ar-radzem\/","og_locale":"en_US","og_type":"article","og_title":"205\/60R16 Kumho WinterCraft ice Wi31+ 96T XL ar radz\u0113m","og_description":"Kumho Wintercraft Ice WI31+-vid\u0113j\u0101s klases ziemas riepa ar premium klases veiktsp\u0113jas \u012bpa\u0161\u012bb\u0101m! MMK riepu centros, visos izm\u0113ros, par vislab\u0101ko cenu!","og_url":"https:\/\/mmkriepas.lv\/en\/p\/205-60r16-kumho-wintercraft-ice-wi31-96t-xl-ar-radzem\/","og_site_name":"MMK Riepas","article_publisher":"https:\/\/www.facebook.com\/mmkserviss\/","article_modified_time":"2026-02-13T16:02:43+00:00","og_image":[{"width":900,"height":720,"url":"https:\/\/mmkriepas.lv\/wp-content\/uploads\/2024\/10\/24540r19-marshal-wintercraft-ice-wi31-98t-xl-ar-radzem-kumho-ziemas-riepas-ziemas-ar-radzem-riepas.jpg","type":"image\/jpeg"}],"twitter_card":"summary_large_image","twitter_misc":{"Price":"&euro;73.00","Availability":"In stock"},"schema":{"@context":"https:\/\/schema.org","@graph":[{"@type":"WebPage","@id":"https:\/\/mmkriepas.lv\/en\/p\/205-60r16-kumho-wintercraft-ice-wi31-96t-xl-ar-radzem\/","url":"https:\/\/mmkriepas.lv\/en\/p\/205-60r16-kumho-wintercraft-ice-wi31-96t-xl-ar-radzem\/","name":"205\/60R16 Kumho WinterCraft ice Wi31+ 96T XL ar radz\u0113m &#8226; MMK Riepas","isPartOf":{"@id":"https:\/\/mmkriepas.lv\/en\/#website"},"primaryImageOfPage":{"@id":"https:\/\/mmkriepas.lv\/en\/p\/205-60r16-kumho-wintercraft-ice-wi31-96t-xl-ar-radzem\/#primaryimage"},"image":{"@id":"https:\/\/mmkriepas.lv\/en\/p\/205-60r16-kumho-wintercraft-ice-wi31-96t-xl-ar-radzem\/#primaryimage"},"thumbnailUrl":"https:\/\/mmkriepas.lv\/wp-content\/uploads\/2024\/10\/24540r19-marshal-wintercraft-ice-wi31-98t-xl-ar-radzem-kumho-ziemas-riepas-ziemas-ar-radzem-riepas.jpg","datePublished":"2020-09-05T09:31:28+00:00","dateModified":"2026-02-13T16:02:43+00:00","description":"Kumho Wintercraft Ice WI31+-vid\u0113j\u0101s klases ziemas riepa ar premium klases veiktsp\u0113jas \u012bpa\u0161\u012bb\u0101m! MMK riepu centros, visos izm\u0113ros, par vislab\u0101ko cenu!","breadcrumb":{"@id":"https:\/\/mmkriepas.lv\/en\/p\/205-60r16-kumho-wintercraft-ice-wi31-96t-xl-ar-radzem\/#breadcrumb"},"inLanguage":"en-US","potentialAction":[{"@type":"ReadAction","target":["https:\/\/mmkriepas.lv\/en\/p\/205-60r16-kumho-wintercraft-ice-wi31-96t-xl-ar-radzem\/"]}]},{"@type":"ImageObject","inLanguage":"en-US","@id":"https:\/\/mmkriepas.lv\/en\/p\/205-60r16-kumho-wintercraft-ice-wi31-96t-xl-ar-radzem\/#primaryimage","url":"https:\/\/mmkriepas.lv\/wp-content\/uploads\/2024\/10\/24540r19-marshal-wintercraft-ice-wi31-98t-xl-ar-radzem-kumho-ziemas-riepas-ziemas-ar-radzem-riepas.jpg","contentUrl":"https:\/\/mmkriepas.lv\/wp-content\/uploads\/2024\/10\/24540r19-marshal-wintercraft-ice-wi31-98t-xl-ar-radzem-kumho-ziemas-riepas-ziemas-ar-radzem-riepas.jpg","width":900,"height":720,"caption":"MAIN"},{"@type":"BreadcrumbList","@id":"https:\/\/mmkriepas.lv\/en\/p\/205-60r16-kumho-wintercraft-ice-wi31-96t-xl-ar-radzem\/#breadcrumb","itemListElement":[{"@type":"ListItem","position":1,"name":"S\u0101kums","item":"https:\/\/mmkriepas.lv\/en\/"},{"@type":"ListItem","position":2,"name":"205\/60R16 Kumho WinterCraft ice Wi31+ 96T XL ar radz\u0113m"}]},{"@type":"WebSite","@id":"https:\/\/mmkriepas.lv\/en\/#website","url":"https:\/\/mmkriepas.lv\/en\/","name":"MMK Riepas","description":"MMK Riepas","alternateName":"MMK Riepu Serviss","potentialAction":[{"@type":"SearchAction","target":{"@type":"EntryPoint","urlTemplate":"https:\/\/mmkriepas.lv\/en\/?s={search_term_string}"},"query-input":{"@type":"PropertyValueSpecification","valueRequired":true,"valueName":"search_term_string"}}],"inLanguage":"en-US"},{"@type":"ImageObject","inLanguage":"en-US","@id":"https:\/\/mmkriepas.lv\/en\/p\/205-60r16-kumho-wintercraft-ice-wi31-96t-xl-ar-radzem\/#local-main-organization-logo","url":"","contentUrl":"","caption":"MMK Riepas"}]},"product_brand":"Kumho WinterCraft ice Wi31+","product_price_amount":"73.00","product_price_currency":"EUR","og_availability":"instock","product_availability":"instock","product_condition":"new"},"_links":{"self":[{"href":"https:\/\/mmkriepas.lv\/en\/wp-json\/wp\/v2\/product\/148903","targetHints":{"allow":["GET"]}}],"collection":[{"href":"https:\/\/mmkriepas.lv\/en\/wp-json\/wp\/v2\/product"}],"about":[{"href":"https:\/\/mmkriepas.lv\/en\/wp-json\/wp\/v2\/types\/product"}],"wp:featuredmedia":[{"embeddable":true,"href":"https:\/\/mmkriepas.lv\/en\/wp-json\/wp\/v2\/media\/1116020"}],"wp:attachment":[{"href":"https:\/\/mmkriepas.lv\/en\/wp-json\/wp\/v2\/media?parent=148903"}],"wp:term":[{"taxonomy":"product_brand","embeddable":true,"href":"https:\/\/mmkriepas.lv\/en\/wp-json\/wp\/v2\/product_brand?post=148903"},{"taxonomy":"product_cat","embeddable":true,"href":"https:\/\/mmkriepas.lv\/en\/wp-json\/wp\/v2\/product_cat?post=148903"},{"taxonomy":"product_tag","embeddable":true,"href":"https:\/\/mmkriepas.lv\/en\/wp-json\/wp\/v2\/product_tag?post=148903"}],"curies":[{"name":"wp","href":"https:\/\/api.w.org\/{rel}","templated":true}]}}