{"id":148859,"date":"2020-09-05T11:13:26","date_gmt":"2020-09-05T08:13:26","guid":{"rendered":"https:\/\/mmkserviss.lv\/?post_type=product&#038;p=148859"},"modified":"2024-05-03T11:35:51","modified_gmt":"2024-05-03T08:35:51","slug":"185-60r15-kumho-i-zen-kw31-88r-xl","status":"publish","type":"product","link":"https:\/\/mmkriepas.lv\/en\/p\/185-60r15-kumho-i-zen-kw31-88r-xl\/","title":{"rendered":"185\/60R15 Kumho I Zen KW31 88R XL"},"content":{"rendered":"<p><span style=\"font-weight: 400;\">Ziemas riepas <\/span><b>Kumho I Zen KW31<\/b><span style=\"font-weight: 400;\"> paredz\u0113tas vieglajiem auto un t\u0101s izce\u013cas ar stabil\u0101m veiktsp\u0113jas \u012bpa\u0161\u012bb\u0101m visos brauk\u0161anas aspektos. Mas\u012bvajos protektora blokos bl\u012bvi iestr\u0101d\u0101t\u0101s lameles nodro\u0161ina izcilu sniegumu jebk\u0101dos, pat visskarb\u0101kajos, ziemas apst\u0101k\u013cos. \u0160o ziemas riepu modeli nereti ieg\u0101d\u0101ties izv\u0113las sportisku auto \u012bpa\u0161nieki.<\/span><\/p>\n<h3><b>Kumho I Zen KW31 galven\u0101s iez\u012bmes<\/b><\/h3>\n<ul>\n<li style=\"font-weight: 400;\"><span style=\"font-weight: 400;\">Korejie\u0161u brends!<\/span><\/li>\n<li style=\"font-weight: 400;\"><span style=\"font-weight: 400;\">Izcila veiktsp\u0113ja snieg\u0101 un uz ledus!<\/span><\/li>\n<li style=\"font-weight: 400;\"><span style=\"font-weight: 400;\">Uzlabots un ar elastrom\u0113riem bag\u0101ts gumijas sast\u0101vs!<\/span><\/li>\n<li style=\"font-weight: 400;\"><span style=\"font-weight: 400;\">Labas manevr\u0113tsp\u0113jas \u012bpa\u0161\u012bbas!<\/span><\/li>\n<li style=\"font-weight: 400;\"><span style=\"font-weight: 400;\">Ar tehnolo\u0123isk\u0101m inov\u0101cij\u0101m uzlabota riepas centr\u0101l\u0101 da\u013ca!<\/span><\/li>\n<li style=\"font-weight: 400;\"><span style=\"font-weight: 400;\">Sabalans\u0113tas, augstas veiktsp\u0113jas \u012bpa\u0161\u012bbas!<\/span><\/li>\n<li style=\"font-weight: 400;\"><b>Degvielas ekonomija!<\/b><\/li>\n<\/ul>\n<h3><b>Ar ko I Zen KW31 at\u0161\u0137iras no cit\u0101m riep\u0101m?<\/b><\/h3>\n<p><span style=\"font-weight: 400;\">Korejie\u0161u in\u017eenieri, izstr\u0101d\u0101jot Kumho I Zen KW31, m\u0113\u0123in\u0101ju\u0161i rad\u012bt ziemas riepu, kurai b\u016btu sabalans\u0113tas veiktsp\u0113jas \u012bpa\u0161\u012bbas visos aspektos. T\u0101p\u0113c, s\u0101kot ar riepas gumijas sast\u0101vu un beidzot ar smalk\u0101kaj\u0101m protektora nians\u0113m, pielietota vesela virkne inovat\u012bvu tehnolo\u0123iju un atjaut\u012bgu risin\u0101jumu.<\/span><\/p>\n<p><span style=\"font-weight: 400;\">Riepa darin\u0101ta no augstas kvalit\u0101tes gumijas mais\u012bjuma, kas bag\u0101tin\u0101ts ar veselu virkni elastrom\u0113ru, liekot riepai saglab\u0101t elast\u012bbu vispla\u0161\u0101kaj\u0101 temperat\u016bru diapazon\u0101. Elast\u012bga riepa daudz lab\u0101k veido sa\u0137eri ar ce\u013cu. Gumijas sast\u0101vam pievienota v\u0113l virkne elementu, kas riepu padara ilgtsp\u0113j\u012bg\u0101ku un ekonomisk\u0101ku.<\/span><\/p>\n<h3><b>Protektora \u012bpa\u0161\u012bbas<\/b><\/h3>\n<p><span style=\"font-weight: 400;\">Centr\u0101l\u0101 protektora bloku virkne ir iztr\u0101d\u0101ta no krietni m\u012bkst\u0101kas gumijas, nek\u0101 riepas plecu zonas. Tas b\u016btiski uzlabo riepas sa\u0137eri ar sliden\u0101m virsm\u0101m.&nbsp;<\/span><\/p>\n<p><span style=\"font-weight: 400;\">Mas\u012bvajos virz\u012btaj\u0101 stil\u0101 izvietotajos protektora blokos bl\u012bvi iestr\u0101d\u0101ti vair\u0101ki t\u016bksto\u0161i lame\u013cu, kas aizvieto radzes. T\u0101s ar as\u0101m kant\u0113m iec\u0113rtas led\u016b, ar slideno ce\u013ca virsmu veidojot cie\u0161u sa\u0137eri. Lameles, kop\u0101 ar platajiem dren\u0101\u017eas kan\u0101liem, novada \u016bdeni un sniegu no kontakta virsmas, to sausinot.<\/span><\/p>\n<p><b>Vai z\u012bmolam izdevies rad\u012bt vid\u0113j\u0101s klases riepu ar augst\u0101m, sabalans\u0113t\u0101m veiktsp\u0113jas \u012bpa\u0161\u012bb\u0101m?<\/b><span style=\"font-weight: 400;\"> MMK Riepu Centru speci\u0101listi atz\u012bst, ka \u0161is riepu modelis sp\u0113s piel\u0101goties teju jebk\u0101diem ziemas apst\u0101k\u013ciem. Par &#8220;ahileja pap\u0113di&#8221; jeb vien\u012bgo tr\u016bkumu kalpo tikai tas, ka ziemas riepas ar radz\u0113m b\u016bs krietni dro\u0161\u0101kas dzi\u013c\u0101 snieg\u0101 un uz ledus.<\/span><\/p>\n<p><b>Kumho I Zen KW31<\/b><span style=\"font-weight: 400;\"> mode\u013ca lieto\u0161anas dro\u0161\u012bbu ziemas laika apst\u0101k\u013cos un t\u0101 atbilst\u012bbu valst\u012bm ar oblig\u0101tu sezon\u0101lo riepu mai\u0146u apstiprina mar\u0137\u0113jums sniegp\u0101rslas form\u0101 uz kalna fona ar trim virsotn\u0113m (3PMSF).<\/span><\/p>\n<p> ><\/p>\n<p><b>Kumho I Zen KW31<\/b><span style=\"font-weight: 400;\">-vid\u0113j\u0101s klases ziemas riepa ar premium klases veiktsp\u0113jas \u012bpa\u0161\u012bb\u0101m! MMK riepu centros, visos izm\u0113ros, par vislab\u0101ko cenu!<\/span><\/p>\n","protected":false},"excerpt":{"rendered":"<p>Ziemas riepas Kumho I Zen KW31 paredz\u0113tas vieglajiem auto un t\u0101s izce\u013cas ar stabil\u0101m veiktsp\u0113jas \u012bpa\u0161\u012bb\u0101m visos brauk\u0161anas aspektos. Mas\u012bvajos protektora blokos bl\u012bvi iestr\u0101d\u0101t\u0101s lameles nodro\u0161ina izcilu sniegumu jebk\u0101dos, pat<\/p>\n","protected":false},"featured_media":189089,"template":"","meta":{"_acf_changed":false,"ngg_post_thumbnail":0},"product_brand":[],"product_cat":[47,45],"product_tag":[19634],"class_list":{"0":"post-148859","1":"product","2":"type-product","3":"status-publish","4":"has-post-thumbnail","6":"product_cat-vissezonas-riepas","7":"product_cat-ziemas-riepas","8":"product_tag-mmk","10":"first","11":"instock","12":"sale","13":"taxable","14":"shipping-taxable","15":"product-type-simple"},"acf":[],"yoast_head":"<!-- This site is optimized with the Yoast SEO Premium plugin v22.6 (Yoast SEO v27.3) - https:\/\/yoast.com\/product\/yoast-seo-premium-wordpress\/ -->\n<title>185\/60R15 Kumho I Zen KW31 88R XL &#8226; MMK Riepas<\/title>\n<meta name=\"description\" content=\"Kumho I Zen KW31-vid\u0113j\u0101s klases ziemas riepa ar premium klases veiktsp\u0113jas \u012bpa\u0161\u012bb\u0101m! MMK riepu centros, visos izm\u0113ros, par vislab\u0101ko cenu!\" \/>\n<meta name=\"robots\" content=\"index, follow, max-snippet:-1, max-image-preview:large, max-video-preview:-1\" \/>\n<link rel=\"canonical\" href=\"https:\/\/mmkriepas.lv\/en\/p\/185-60r15-kumho-i-zen-kw31-88r-xl\/\" \/>\n<meta property=\"og:locale\" content=\"en_US\" \/>\n<meta property=\"og:type\" content=\"article\" \/>\n<meta property=\"og:title\" content=\"185\/60R15 Kumho I Zen KW31 88R XL\" \/>\n<meta property=\"og:description\" content=\"Kumho I Zen KW31-vid\u0113j\u0101s klases ziemas riepa ar premium klases veiktsp\u0113jas \u012bpa\u0161\u012bb\u0101m! MMK riepu centros, visos izm\u0113ros, par vislab\u0101ko cenu!\" \/>\n<meta property=\"og:url\" content=\"https:\/\/mmkriepas.lv\/en\/p\/185-60r15-kumho-i-zen-kw31-88r-xl\/\" \/>\n<meta property=\"og:site_name\" content=\"MMK Riepas\" \/>\n<meta property=\"article:publisher\" content=\"https:\/\/www.facebook.com\/mmkserviss\/\" \/>\n<meta property=\"article:modified_time\" content=\"2024-05-03T08:35:51+00:00\" \/>\n<meta property=\"og:image\" content=\"https:\/\/mmkriepas.lv\/wp-content\/uploads\/2020\/09\/19555r16-marshal-izen-kw31-91r-xl-kumho-ziemas-riepas.jpg\" \/>\n\t<meta property=\"og:image:width\" content=\"1920\" \/>\n\t<meta property=\"og:image:height\" content=\"1280\" \/>\n\t<meta property=\"og:image:type\" content=\"image\/jpeg\" \/>\n<meta name=\"twitter:card\" content=\"summary_large_image\" \/>\n<meta name=\"twitter:label1\" content=\"Price\" \/>\n\t<meta name=\"twitter:data1\" content=\"&euro;50.00\" \/>\n\t<meta name=\"twitter:label2\" content=\"Availability\" \/>\n\t<meta name=\"twitter:data2\" content=\"In stock\" \/>\n<script type=\"application\/ld+json\" class=\"yoast-schema-graph\">{\"@context\":\"https:\\\/\\\/schema.org\",\"@graph\":[{\"@type\":\"WebPage\",\"@id\":\"https:\\\/\\\/mmkriepas.lv\\\/en\\\/p\\\/185-60r15-kumho-i-zen-kw31-88r-xl\\\/\",\"url\":\"https:\\\/\\\/mmkriepas.lv\\\/en\\\/p\\\/185-60r15-kumho-i-zen-kw31-88r-xl\\\/\",\"name\":\"185\\\/60R15 Kumho I Zen KW31 88R XL &#8226; MMK Riepas\",\"isPartOf\":{\"@id\":\"https:\\\/\\\/mmkriepas.lv\\\/en\\\/#website\"},\"primaryImageOfPage\":{\"@id\":\"https:\\\/\\\/mmkriepas.lv\\\/en\\\/p\\\/185-60r15-kumho-i-zen-kw31-88r-xl\\\/#primaryimage\"},\"image\":{\"@id\":\"https:\\\/\\\/mmkriepas.lv\\\/en\\\/p\\\/185-60r15-kumho-i-zen-kw31-88r-xl\\\/#primaryimage\"},\"thumbnailUrl\":\"https:\\\/\\\/mmkriepas.lv\\\/wp-content\\\/uploads\\\/2020\\\/09\\\/19555r16-marshal-izen-kw31-91r-xl-kumho-ziemas-riepas.jpg\",\"datePublished\":\"2020-09-05T08:13:26+00:00\",\"dateModified\":\"2024-05-03T08:35:51+00:00\",\"description\":\"Kumho I Zen KW31-vid\u0113j\u0101s klases ziemas riepa ar premium klases veiktsp\u0113jas \u012bpa\u0161\u012bb\u0101m! MMK riepu centros, visos izm\u0113ros, par vislab\u0101ko cenu!\",\"breadcrumb\":{\"@id\":\"https:\\\/\\\/mmkriepas.lv\\\/en\\\/p\\\/185-60r15-kumho-i-zen-kw31-88r-xl\\\/#breadcrumb\"},\"inLanguage\":\"en-US\",\"potentialAction\":[{\"@type\":\"ReadAction\",\"target\":[\"https:\\\/\\\/mmkriepas.lv\\\/en\\\/p\\\/185-60r15-kumho-i-zen-kw31-88r-xl\\\/\"]}]},{\"@type\":\"ImageObject\",\"inLanguage\":\"en-US\",\"@id\":\"https:\\\/\\\/mmkriepas.lv\\\/en\\\/p\\\/185-60r15-kumho-i-zen-kw31-88r-xl\\\/#primaryimage\",\"url\":\"https:\\\/\\\/mmkriepas.lv\\\/wp-content\\\/uploads\\\/2020\\\/09\\\/19555r16-marshal-izen-kw31-91r-xl-kumho-ziemas-riepas.jpg\",\"contentUrl\":\"https:\\\/\\\/mmkriepas.lv\\\/wp-content\\\/uploads\\\/2020\\\/09\\\/19555r16-marshal-izen-kw31-91r-xl-kumho-ziemas-riepas.jpg\",\"width\":1920,\"height\":1280,\"caption\":\"Kumho kw31 ziemas riepa\"},{\"@type\":\"BreadcrumbList\",\"@id\":\"https:\\\/\\\/mmkriepas.lv\\\/en\\\/p\\\/185-60r15-kumho-i-zen-kw31-88r-xl\\\/#breadcrumb\",\"itemListElement\":[{\"@type\":\"ListItem\",\"position\":1,\"name\":\"S\u0101kums\",\"item\":\"https:\\\/\\\/mmkriepas.lv\\\/en\\\/\"},{\"@type\":\"ListItem\",\"position\":2,\"name\":\"185\\\/60R15 Kumho I Zen KW31 88R XL\"}]},{\"@type\":\"WebSite\",\"@id\":\"https:\\\/\\\/mmkriepas.lv\\\/en\\\/#website\",\"url\":\"https:\\\/\\\/mmkriepas.lv\\\/en\\\/\",\"name\":\"MMK Riepas\",\"description\":\"MMK Riepas\",\"alternateName\":\"MMK Riepu Serviss\",\"potentialAction\":[{\"@type\":\"SearchAction\",\"target\":{\"@type\":\"EntryPoint\",\"urlTemplate\":\"https:\\\/\\\/mmkriepas.lv\\\/en\\\/?s={search_term_string}\"},\"query-input\":{\"@type\":\"PropertyValueSpecification\",\"valueRequired\":true,\"valueName\":\"search_term_string\"}}],\"inLanguage\":\"en-US\"},{\"@type\":\"ImageObject\",\"inLanguage\":\"en-US\",\"@id\":\"https:\\\/\\\/mmkriepas.lv\\\/en\\\/p\\\/185-60r15-kumho-i-zen-kw31-88r-xl\\\/#local-main-organization-logo\",\"url\":\"\",\"contentUrl\":\"\",\"caption\":\"MMK Riepas\"}]}<\/script>\n<meta property=\"product:brand\" content=\"Kumho I Zen KW31\" \/>\n<meta property=\"product:price:amount\" content=\"50.00\" \/>\n<meta property=\"product:price:currency\" content=\"EUR\" \/>\n<meta property=\"og:availability\" content=\"instock\" \/>\n<meta property=\"product:availability\" content=\"instock\" \/>\n<meta property=\"product:condition\" content=\"new\" \/>\n<!-- \/ Yoast SEO Premium plugin. -->","yoast_head_json":{"title":"185\/60R15 Kumho I Zen KW31 88R XL &#8226; MMK Riepas","description":"Kumho I Zen KW31-vid\u0113j\u0101s klases ziemas riepa ar premium klases veiktsp\u0113jas \u012bpa\u0161\u012bb\u0101m! MMK riepu centros, visos izm\u0113ros, par vislab\u0101ko cenu!","robots":{"index":"index","follow":"follow","max-snippet":"max-snippet:-1","max-image-preview":"max-image-preview:large","max-video-preview":"max-video-preview:-1"},"canonical":"https:\/\/mmkriepas.lv\/en\/p\/185-60r15-kumho-i-zen-kw31-88r-xl\/","og_locale":"en_US","og_type":"article","og_title":"185\/60R15 Kumho I Zen KW31 88R XL","og_description":"Kumho I Zen KW31-vid\u0113j\u0101s klases ziemas riepa ar premium klases veiktsp\u0113jas \u012bpa\u0161\u012bb\u0101m! MMK riepu centros, visos izm\u0113ros, par vislab\u0101ko cenu!","og_url":"https:\/\/mmkriepas.lv\/en\/p\/185-60r15-kumho-i-zen-kw31-88r-xl\/","og_site_name":"MMK Riepas","article_publisher":"https:\/\/www.facebook.com\/mmkserviss\/","article_modified_time":"2024-05-03T08:35:51+00:00","og_image":[{"width":1920,"height":1280,"url":"https:\/\/mmkriepas.lv\/wp-content\/uploads\/2020\/09\/19555r16-marshal-izen-kw31-91r-xl-kumho-ziemas-riepas.jpg","type":"image\/jpeg"}],"twitter_card":"summary_large_image","twitter_misc":{"Price":"&euro;50.00","Availability":"In stock"},"schema":{"@context":"https:\/\/schema.org","@graph":[{"@type":"WebPage","@id":"https:\/\/mmkriepas.lv\/en\/p\/185-60r15-kumho-i-zen-kw31-88r-xl\/","url":"https:\/\/mmkriepas.lv\/en\/p\/185-60r15-kumho-i-zen-kw31-88r-xl\/","name":"185\/60R15 Kumho I Zen KW31 88R XL &#8226; MMK Riepas","isPartOf":{"@id":"https:\/\/mmkriepas.lv\/en\/#website"},"primaryImageOfPage":{"@id":"https:\/\/mmkriepas.lv\/en\/p\/185-60r15-kumho-i-zen-kw31-88r-xl\/#primaryimage"},"image":{"@id":"https:\/\/mmkriepas.lv\/en\/p\/185-60r15-kumho-i-zen-kw31-88r-xl\/#primaryimage"},"thumbnailUrl":"https:\/\/mmkriepas.lv\/wp-content\/uploads\/2020\/09\/19555r16-marshal-izen-kw31-91r-xl-kumho-ziemas-riepas.jpg","datePublished":"2020-09-05T08:13:26+00:00","dateModified":"2024-05-03T08:35:51+00:00","description":"Kumho I Zen KW31-vid\u0113j\u0101s klases ziemas riepa ar premium klases veiktsp\u0113jas \u012bpa\u0161\u012bb\u0101m! MMK riepu centros, visos izm\u0113ros, par vislab\u0101ko cenu!","breadcrumb":{"@id":"https:\/\/mmkriepas.lv\/en\/p\/185-60r15-kumho-i-zen-kw31-88r-xl\/#breadcrumb"},"inLanguage":"en-US","potentialAction":[{"@type":"ReadAction","target":["https:\/\/mmkriepas.lv\/en\/p\/185-60r15-kumho-i-zen-kw31-88r-xl\/"]}]},{"@type":"ImageObject","inLanguage":"en-US","@id":"https:\/\/mmkriepas.lv\/en\/p\/185-60r15-kumho-i-zen-kw31-88r-xl\/#primaryimage","url":"https:\/\/mmkriepas.lv\/wp-content\/uploads\/2020\/09\/19555r16-marshal-izen-kw31-91r-xl-kumho-ziemas-riepas.jpg","contentUrl":"https:\/\/mmkriepas.lv\/wp-content\/uploads\/2020\/09\/19555r16-marshal-izen-kw31-91r-xl-kumho-ziemas-riepas.jpg","width":1920,"height":1280,"caption":"Kumho kw31 ziemas riepa"},{"@type":"BreadcrumbList","@id":"https:\/\/mmkriepas.lv\/en\/p\/185-60r15-kumho-i-zen-kw31-88r-xl\/#breadcrumb","itemListElement":[{"@type":"ListItem","position":1,"name":"S\u0101kums","item":"https:\/\/mmkriepas.lv\/en\/"},{"@type":"ListItem","position":2,"name":"185\/60R15 Kumho I Zen KW31 88R XL"}]},{"@type":"WebSite","@id":"https:\/\/mmkriepas.lv\/en\/#website","url":"https:\/\/mmkriepas.lv\/en\/","name":"MMK Riepas","description":"MMK Riepas","alternateName":"MMK Riepu Serviss","potentialAction":[{"@type":"SearchAction","target":{"@type":"EntryPoint","urlTemplate":"https:\/\/mmkriepas.lv\/en\/?s={search_term_string}"},"query-input":{"@type":"PropertyValueSpecification","valueRequired":true,"valueName":"search_term_string"}}],"inLanguage":"en-US"},{"@type":"ImageObject","inLanguage":"en-US","@id":"https:\/\/mmkriepas.lv\/en\/p\/185-60r15-kumho-i-zen-kw31-88r-xl\/#local-main-organization-logo","url":"","contentUrl":"","caption":"MMK Riepas"}]},"product_brand":"Kumho I Zen KW31","product_price_amount":"50.00","product_price_currency":"EUR","og_availability":"instock","product_availability":"instock","product_condition":"new"},"_links":{"self":[{"href":"https:\/\/mmkriepas.lv\/en\/wp-json\/wp\/v2\/product\/148859","targetHints":{"allow":["GET"]}}],"collection":[{"href":"https:\/\/mmkriepas.lv\/en\/wp-json\/wp\/v2\/product"}],"about":[{"href":"https:\/\/mmkriepas.lv\/en\/wp-json\/wp\/v2\/types\/product"}],"wp:featuredmedia":[{"embeddable":true,"href":"https:\/\/mmkriepas.lv\/en\/wp-json\/wp\/v2\/media\/189089"}],"wp:attachment":[{"href":"https:\/\/mmkriepas.lv\/en\/wp-json\/wp\/v2\/media?parent=148859"}],"wp:term":[{"taxonomy":"product_brand","embeddable":true,"href":"https:\/\/mmkriepas.lv\/en\/wp-json\/wp\/v2\/product_brand?post=148859"},{"taxonomy":"product_cat","embeddable":true,"href":"https:\/\/mmkriepas.lv\/en\/wp-json\/wp\/v2\/product_cat?post=148859"},{"taxonomy":"product_tag","embeddable":true,"href":"https:\/\/mmkriepas.lv\/en\/wp-json\/wp\/v2\/product_tag?post=148859"}],"curies":[{"name":"wp","href":"https:\/\/api.w.org\/{rel}","templated":true}]}}