{"id":148831,"date":"2020-09-04T18:49:06","date_gmt":"2020-09-04T15:49:06","guid":{"rendered":"https:\/\/mmkserviss.lv\/?post_type=product&#038;p=148831"},"modified":"2025-08-28T11:22:59","modified_gmt":"2025-08-28T08:22:59","slug":"205-65r15-royal-black-royal-a-s-94v","status":"publish","type":"product","link":"https:\/\/mmkriepas.lv\/en\/p\/205-65r15-royal-black-royal-a-s-94v\/","title":{"rendered":"205\/65R15 Royal Black Royal A\/S 94V"},"content":{"rendered":"<p><b>Royal Black Royal A\/S<\/b><span style=\"font-weight: 400;\"> ir vissezonas riepu modelis, kas paredz\u0113ts pla\u0161am popul\u0101r\u0101ko m\u016bsdienu auto mode\u013cu spektram. \u0160\u012bs riepas z\u012bmols ir veidojis ar m\u0113r\u0137i nostiprin\u0101t poz\u012bcijas Eiropas tirg\u016b. Modelis izce\u013cas ar optim\u0101l\u0101m veiktsp\u0113jas \u012bpa\u0161\u012bb\u0101m visos brauk\u0161anas aspektos.<\/span><\/p>\n<h3><b>Royal Black Royal A\/S galven\u0101s iez\u012bmes<\/b><\/h3>\n<ul>\n<li style=\"font-weight: 400;\"><span style=\"font-weight: 400;\">Optim\u0101las veiktsp\u0113jas \u012bpa\u0161\u012bbas visos brauk\u0161anas aspektos!<\/span><\/li>\n<li style=\"font-weight: 400;\"><span style=\"font-weight: 400;\">Riepa, kuru var dro\u0161i lietot 9 m\u0113ne\u0161us gad\u0101!<\/span><\/li>\n<li style=\"font-weight: 400;\"><span style=\"font-weight: 400;\">Lameles, kas v\u0113rstas vair\u0101kos virzienos, nodro\u0161ina sa\u0137eri ar sliden\u0101m ce\u013ca virsm\u0101m un samazina s\u0101nsl\u012b\u017eu risku!<\/span><\/li>\n<li style=\"font-weight: 400;\"><span style=\"font-weight: 400;\">Pastiprin\u0101ti plecu zonas protektora bloki uzlabo stabilit\u0101ti un paildzina kalpotrsp\u0113ju!<\/span><\/li>\n<li style=\"font-weight: 400;\"><span style=\"font-weight: 400;\">Platas dren\u0101\u017eas rievas pal\u012bdz sausin\u0101t sa\u0137eres virsmu ar ce\u013cu!<\/span><\/li>\n<li style=\"font-weight: 400;\"><span style=\"font-weight: 400;\">Uzlabots riepas gumijas sast\u0101vs pal\u012bdz tai saglab\u0101t elast\u012bbu pla\u0161\u0101 temperat\u016bru diapazon\u0101!<\/span><\/li>\n<\/ul>\n<h3><b>Protektora apr\u012bkojums<\/b><\/h3>\n<p><span style=\"font-weight: 400;\">\u0160\u012bs vissezonas riepas protektors apr\u012bkots ar vair\u0101kiem t\u016bksto\u0161iem bl\u012bvi izvietotu lame\u013cu, kas v\u0113rstas vair\u0101kos virzienos ar m\u0113r\u0137i ne tikai uzlabot sa\u0137eri ar ledu, bet ar\u012b samazin\u0101t s\u0101nsl\u012b\u017eu risku.\u00a0<\/span> <span style=\"font-weight: 400;\">Starp mas\u012bvajiem protektora blokiem atrodas att\u012bst\u012bta dren\u0101\u017eas kan\u0101lu sist\u0113ma, kas, tand\u0113m\u0101 ar lamel\u0113m, sausina riepas kontakta virsmu ar ce\u013cu. Sausa kontakta virsma noz\u012bm\u0113 lab\u0101ku sa\u0137eri.\u00a0<\/span> <span style=\"font-weight: 400;\">Royal Black Royal A\/S riepa darin\u0101ta no augstas kvalit\u0101tes gumijas mais\u012bjuma, kas pal\u012bdz riepai adapt\u0113ties pla\u0161am temperat\u016bru diapazonam- saglab\u0101jot elast\u012bbu zem\u0101s gaisa temperat\u016br\u0101s un nesairstot liel\u0101 karstum\u0101. Pateicoties unik\u0101liem piejaukumiem, riepa padar\u012bta ar\u012b kalpotsp\u0113j\u012bg\u0101ka- nodilums veidojas krietni ilg\u0101k.<\/span> \u00a0 <b>Royal Black Royal A\/S<\/b><span style=\"font-weight: 400;\"> mode\u013ca lieto\u0161anas dro\u0161\u012bbu ziemas laika apst\u0101k\u013cos un t\u0101 atbilst\u012bbu valst\u012bm ar oblig\u0101tu sezon\u0101lo riepu mai\u0146u apstiprina mar\u0137\u0113jums sniegp\u0101rslas form\u0101 uz kalna fona ar trim virsotn\u0113m (3PMSF).<\/span> <span style=\"font-weight: 400;\"><\/span><span style=\"font-weight: 400;\"><\/span> <b>Royal Black Royal A\/S<\/b><span style=\"font-weight: 400;\"> ir vissezonas riepa, kas saglab\u0101 labus sa\u0137eres r\u0101d\u012bt\u0101jus jebk\u0101dos laikapst\u0101k\u013cos! MMK riepu centros, visos izm\u0113ros, par vislab\u0101ko cenu!<\/span><\/p>\n","protected":false},"excerpt":{"rendered":"<p><b>Royal Black Royal A\/S<\/b><span style=\"font-weight: 400;\"> ir vissezonas riepu modelis, kas paredz\u0113ts pla\u0161am popul\u0101r\u0101ko m\u016bsdienu auto mode\u013cu spektram. \u0160\u012bs riepas z\u012bmols ir veidojis ar m\u0113r\u0137i nostiprin\u0101t poz\u012bcijas Eiropas tirg\u016b. Modelis izce\u013cas ar optim\u0101l\u0101m veiktsp\u0113jas \u012bpa\u0161\u012bb\u0101m visos brauk\u0161anas aspektos.<\/span><\/p>\n","protected":false},"featured_media":223978,"template":"","meta":{"_acf_changed":false,"ngg_post_thumbnail":0},"product_brand":[],"product_cat":[47,45],"product_tag":[],"class_list":{"0":"post-148831","1":"product","2":"type-product","3":"status-publish","4":"has-post-thumbnail","6":"product_cat-vissezonas-riepas","7":"product_cat-ziemas-riepas","9":"first","10":"instock","11":"sale","12":"taxable","13":"shipping-taxable","14":"product-type-simple"},"acf":[],"yoast_head":"<!-- This site is optimized with the Yoast SEO Premium plugin v22.6 (Yoast SEO v27.3) - https:\/\/yoast.com\/product\/yoast-seo-premium-wordpress\/ -->\n<title>205\/65R15 Royal Black Royal A\/S 94V &#8226; MMK Riepas<\/title>\n<meta name=\"description\" content=\"Royal Black Royal A\/S ir vissezonas riepa, kas saglab\u0101 labus sa\u0137eres r\u0101d\u012bt\u0101jus jebk\u0101dos laikapst\u0101k\u013cos! MMK riepu centros, visos izm\u0113ros, par vislab\u0101ko cenu!\" \/>\n<meta name=\"robots\" content=\"index, follow, max-snippet:-1, max-image-preview:large, max-video-preview:-1\" \/>\n<link rel=\"canonical\" href=\"https:\/\/mmkriepas.lv\/en\/p\/205-65r15-royal-black-royal-a-s-94v\/\" \/>\n<meta property=\"og:locale\" content=\"en_US\" \/>\n<meta property=\"og:type\" content=\"article\" \/>\n<meta property=\"og:title\" content=\"205\/65R15 Royal Black Royal A\/S 94V\" \/>\n<meta property=\"og:description\" content=\"Royal Black Royal A\/S ir vissezonas riepa, kas saglab\u0101 labus sa\u0137eres r\u0101d\u012bt\u0101jus jebk\u0101dos laikapst\u0101k\u013cos! MMK riepu centros, visos izm\u0113ros, par vislab\u0101ko cenu!\" \/>\n<meta property=\"og:url\" content=\"https:\/\/mmkriepas.lv\/en\/p\/205-65r15-royal-black-royal-a-s-94v\/\" \/>\n<meta property=\"og:site_name\" content=\"MMK Riepas\" \/>\n<meta property=\"article:publisher\" content=\"https:\/\/www.facebook.com\/mmkserviss\/\" \/>\n<meta property=\"article:modified_time\" content=\"2025-08-28T08:22:59+00:00\" \/>\n<meta property=\"og:image\" content=\"https:\/\/mmkriepas.lv\/wp-content\/uploads\/2022\/03\/19565r15-royal-black-royal-as-91h-xl-ziemas-riepas.jpg\" \/>\n\t<meta property=\"og:image:width\" content=\"1920\" \/>\n\t<meta property=\"og:image:height\" content=\"1278\" \/>\n\t<meta property=\"og:image:type\" content=\"image\/jpeg\" \/>\n<meta name=\"twitter:card\" content=\"summary_large_image\" \/>\n<meta name=\"twitter:label1\" content=\"Price\" \/>\n\t<meta name=\"twitter:data1\" content=\"&euro;43.00\" \/>\n\t<meta name=\"twitter:label2\" content=\"Availability\" \/>\n\t<meta name=\"twitter:data2\" content=\"In stock\" \/>\n<script type=\"application\/ld+json\" class=\"yoast-schema-graph\">{\"@context\":\"https:\\\/\\\/schema.org\",\"@graph\":[{\"@type\":\"WebPage\",\"@id\":\"https:\\\/\\\/mmkriepas.lv\\\/en\\\/p\\\/205-65r15-royal-black-royal-a-s-94v\\\/\",\"url\":\"https:\\\/\\\/mmkriepas.lv\\\/en\\\/p\\\/205-65r15-royal-black-royal-a-s-94v\\\/\",\"name\":\"205\\\/65R15 Royal Black Royal A\\\/S 94V &#8226; MMK Riepas\",\"isPartOf\":{\"@id\":\"https:\\\/\\\/mmkriepas.lv\\\/en\\\/#website\"},\"primaryImageOfPage\":{\"@id\":\"https:\\\/\\\/mmkriepas.lv\\\/en\\\/p\\\/205-65r15-royal-black-royal-a-s-94v\\\/#primaryimage\"},\"image\":{\"@id\":\"https:\\\/\\\/mmkriepas.lv\\\/en\\\/p\\\/205-65r15-royal-black-royal-a-s-94v\\\/#primaryimage\"},\"thumbnailUrl\":\"https:\\\/\\\/mmkriepas.lv\\\/wp-content\\\/uploads\\\/2022\\\/03\\\/19565r15-royal-black-royal-as-91h-xl-ziemas-riepas.jpg\",\"datePublished\":\"2020-09-04T15:49:06+00:00\",\"dateModified\":\"2025-08-28T08:22:59+00:00\",\"description\":\"Royal Black Royal A\\\/S ir vissezonas riepa, kas saglab\u0101 labus sa\u0137eres r\u0101d\u012bt\u0101jus jebk\u0101dos laikapst\u0101k\u013cos! MMK riepu centros, visos izm\u0113ros, par vislab\u0101ko cenu!\",\"breadcrumb\":{\"@id\":\"https:\\\/\\\/mmkriepas.lv\\\/en\\\/p\\\/205-65r15-royal-black-royal-a-s-94v\\\/#breadcrumb\"},\"inLanguage\":\"en-US\",\"potentialAction\":[{\"@type\":\"ReadAction\",\"target\":[\"https:\\\/\\\/mmkriepas.lv\\\/en\\\/p\\\/205-65r15-royal-black-royal-a-s-94v\\\/\"]}]},{\"@type\":\"ImageObject\",\"inLanguage\":\"en-US\",\"@id\":\"https:\\\/\\\/mmkriepas.lv\\\/en\\\/p\\\/205-65r15-royal-black-royal-a-s-94v\\\/#primaryimage\",\"url\":\"https:\\\/\\\/mmkriepas.lv\\\/wp-content\\\/uploads\\\/2022\\\/03\\\/19565r15-royal-black-royal-as-91h-xl-ziemas-riepas.jpg\",\"contentUrl\":\"https:\\\/\\\/mmkriepas.lv\\\/wp-content\\\/uploads\\\/2022\\\/03\\\/19565r15-royal-black-royal-as-91h-xl-ziemas-riepas.jpg\",\"width\":1920,\"height\":1278,\"caption\":\"ROYAL BLACK ROYAL A\\\/S\"},{\"@type\":\"BreadcrumbList\",\"@id\":\"https:\\\/\\\/mmkriepas.lv\\\/en\\\/p\\\/205-65r15-royal-black-royal-a-s-94v\\\/#breadcrumb\",\"itemListElement\":[{\"@type\":\"ListItem\",\"position\":1,\"name\":\"S\u0101kums\",\"item\":\"https:\\\/\\\/mmkriepas.lv\\\/en\\\/\"},{\"@type\":\"ListItem\",\"position\":2,\"name\":\"205\\\/65R15 Royal Black Royal A\\\/S 94V\"}]},{\"@type\":\"WebSite\",\"@id\":\"https:\\\/\\\/mmkriepas.lv\\\/en\\\/#website\",\"url\":\"https:\\\/\\\/mmkriepas.lv\\\/en\\\/\",\"name\":\"MMK Riepas\",\"description\":\"MMK Riepas\",\"alternateName\":\"MMK Riepu Serviss\",\"potentialAction\":[{\"@type\":\"SearchAction\",\"target\":{\"@type\":\"EntryPoint\",\"urlTemplate\":\"https:\\\/\\\/mmkriepas.lv\\\/en\\\/?s={search_term_string}\"},\"query-input\":{\"@type\":\"PropertyValueSpecification\",\"valueRequired\":true,\"valueName\":\"search_term_string\"}}],\"inLanguage\":\"en-US\"},{\"@type\":\"ImageObject\",\"inLanguage\":\"en-US\",\"@id\":\"https:\\\/\\\/mmkriepas.lv\\\/en\\\/p\\\/205-65r15-royal-black-royal-a-s-94v\\\/#local-main-organization-logo\",\"url\":\"\",\"contentUrl\":\"\",\"caption\":\"MMK Riepas\"}]}<\/script>\n<meta property=\"product:brand\" content=\"Royal Black Royal A\/S\" \/>\n<meta property=\"product:price:amount\" content=\"43.00\" \/>\n<meta property=\"product:price:currency\" content=\"EUR\" \/>\n<meta property=\"og:availability\" content=\"instock\" \/>\n<meta property=\"product:availability\" content=\"instock\" \/>\n<meta property=\"product:condition\" content=\"new\" \/>\n<!-- \/ Yoast SEO Premium plugin. -->","yoast_head_json":{"title":"205\/65R15 Royal Black Royal A\/S 94V &#8226; MMK Riepas","description":"Royal Black Royal A\/S ir vissezonas riepa, kas saglab\u0101 labus sa\u0137eres r\u0101d\u012bt\u0101jus jebk\u0101dos laikapst\u0101k\u013cos! MMK riepu centros, visos izm\u0113ros, par vislab\u0101ko cenu!","robots":{"index":"index","follow":"follow","max-snippet":"max-snippet:-1","max-image-preview":"max-image-preview:large","max-video-preview":"max-video-preview:-1"},"canonical":"https:\/\/mmkriepas.lv\/en\/p\/205-65r15-royal-black-royal-a-s-94v\/","og_locale":"en_US","og_type":"article","og_title":"205\/65R15 Royal Black Royal A\/S 94V","og_description":"Royal Black Royal A\/S ir vissezonas riepa, kas saglab\u0101 labus sa\u0137eres r\u0101d\u012bt\u0101jus jebk\u0101dos laikapst\u0101k\u013cos! MMK riepu centros, visos izm\u0113ros, par vislab\u0101ko cenu!","og_url":"https:\/\/mmkriepas.lv\/en\/p\/205-65r15-royal-black-royal-a-s-94v\/","og_site_name":"MMK Riepas","article_publisher":"https:\/\/www.facebook.com\/mmkserviss\/","article_modified_time":"2025-08-28T08:22:59+00:00","og_image":[{"width":1920,"height":1278,"url":"https:\/\/mmkriepas.lv\/wp-content\/uploads\/2022\/03\/19565r15-royal-black-royal-as-91h-xl-ziemas-riepas.jpg","type":"image\/jpeg"}],"twitter_card":"summary_large_image","twitter_misc":{"Price":"&euro;43.00","Availability":"In stock"},"schema":{"@context":"https:\/\/schema.org","@graph":[{"@type":"WebPage","@id":"https:\/\/mmkriepas.lv\/en\/p\/205-65r15-royal-black-royal-a-s-94v\/","url":"https:\/\/mmkriepas.lv\/en\/p\/205-65r15-royal-black-royal-a-s-94v\/","name":"205\/65R15 Royal Black Royal A\/S 94V &#8226; MMK Riepas","isPartOf":{"@id":"https:\/\/mmkriepas.lv\/en\/#website"},"primaryImageOfPage":{"@id":"https:\/\/mmkriepas.lv\/en\/p\/205-65r15-royal-black-royal-a-s-94v\/#primaryimage"},"image":{"@id":"https:\/\/mmkriepas.lv\/en\/p\/205-65r15-royal-black-royal-a-s-94v\/#primaryimage"},"thumbnailUrl":"https:\/\/mmkriepas.lv\/wp-content\/uploads\/2022\/03\/19565r15-royal-black-royal-as-91h-xl-ziemas-riepas.jpg","datePublished":"2020-09-04T15:49:06+00:00","dateModified":"2025-08-28T08:22:59+00:00","description":"Royal Black Royal A\/S ir vissezonas riepa, kas saglab\u0101 labus sa\u0137eres r\u0101d\u012bt\u0101jus jebk\u0101dos laikapst\u0101k\u013cos! MMK riepu centros, visos izm\u0113ros, par vislab\u0101ko cenu!","breadcrumb":{"@id":"https:\/\/mmkriepas.lv\/en\/p\/205-65r15-royal-black-royal-a-s-94v\/#breadcrumb"},"inLanguage":"en-US","potentialAction":[{"@type":"ReadAction","target":["https:\/\/mmkriepas.lv\/en\/p\/205-65r15-royal-black-royal-a-s-94v\/"]}]},{"@type":"ImageObject","inLanguage":"en-US","@id":"https:\/\/mmkriepas.lv\/en\/p\/205-65r15-royal-black-royal-a-s-94v\/#primaryimage","url":"https:\/\/mmkriepas.lv\/wp-content\/uploads\/2022\/03\/19565r15-royal-black-royal-as-91h-xl-ziemas-riepas.jpg","contentUrl":"https:\/\/mmkriepas.lv\/wp-content\/uploads\/2022\/03\/19565r15-royal-black-royal-as-91h-xl-ziemas-riepas.jpg","width":1920,"height":1278,"caption":"ROYAL BLACK ROYAL A\/S"},{"@type":"BreadcrumbList","@id":"https:\/\/mmkriepas.lv\/en\/p\/205-65r15-royal-black-royal-a-s-94v\/#breadcrumb","itemListElement":[{"@type":"ListItem","position":1,"name":"S\u0101kums","item":"https:\/\/mmkriepas.lv\/en\/"},{"@type":"ListItem","position":2,"name":"205\/65R15 Royal Black Royal A\/S 94V"}]},{"@type":"WebSite","@id":"https:\/\/mmkriepas.lv\/en\/#website","url":"https:\/\/mmkriepas.lv\/en\/","name":"MMK Riepas","description":"MMK Riepas","alternateName":"MMK Riepu Serviss","potentialAction":[{"@type":"SearchAction","target":{"@type":"EntryPoint","urlTemplate":"https:\/\/mmkriepas.lv\/en\/?s={search_term_string}"},"query-input":{"@type":"PropertyValueSpecification","valueRequired":true,"valueName":"search_term_string"}}],"inLanguage":"en-US"},{"@type":"ImageObject","inLanguage":"en-US","@id":"https:\/\/mmkriepas.lv\/en\/p\/205-65r15-royal-black-royal-a-s-94v\/#local-main-organization-logo","url":"","contentUrl":"","caption":"MMK Riepas"}]},"product_brand":"Royal Black Royal A\/S","product_price_amount":"43.00","product_price_currency":"EUR","og_availability":"instock","product_availability":"instock","product_condition":"new"},"_links":{"self":[{"href":"https:\/\/mmkriepas.lv\/en\/wp-json\/wp\/v2\/product\/148831","targetHints":{"allow":["GET"]}}],"collection":[{"href":"https:\/\/mmkriepas.lv\/en\/wp-json\/wp\/v2\/product"}],"about":[{"href":"https:\/\/mmkriepas.lv\/en\/wp-json\/wp\/v2\/types\/product"}],"wp:featuredmedia":[{"embeddable":true,"href":"https:\/\/mmkriepas.lv\/en\/wp-json\/wp\/v2\/media\/223978"}],"wp:attachment":[{"href":"https:\/\/mmkriepas.lv\/en\/wp-json\/wp\/v2\/media?parent=148831"}],"wp:term":[{"taxonomy":"product_brand","embeddable":true,"href":"https:\/\/mmkriepas.lv\/en\/wp-json\/wp\/v2\/product_brand?post=148831"},{"taxonomy":"product_cat","embeddable":true,"href":"https:\/\/mmkriepas.lv\/en\/wp-json\/wp\/v2\/product_cat?post=148831"},{"taxonomy":"product_tag","embeddable":true,"href":"https:\/\/mmkriepas.lv\/en\/wp-json\/wp\/v2\/product_tag?post=148831"}],"curies":[{"name":"wp","href":"https:\/\/api.w.org\/{rel}","templated":true}]}}