{"id":148728,"date":"2020-09-04T13:40:32","date_gmt":"2020-09-04T10:40:32","guid":{"rendered":"https:\/\/mmkserviss.lv\/?post_type=product&#038;p=148728"},"modified":"2022-11-03T11:46:59","modified_gmt":"2022-11-03T09:46:59","slug":"215-70r15c-royal-black-royal-snow-109-107r","status":"publish","type":"product","link":"https:\/\/mmkriepas.lv\/en\/p\/215-70r15c-royal-black-royal-snow-109-107r\/","title":{"rendered":"215\/70R15C Royal Black Royal Snow 109\/107R"},"content":{"rendered":"<p><strong>Royal Black Royal Snow<\/strong> ir ziemas riepu modelis, kas paredz\u0113ts uzst\u0101d\u012b\u0161anai vieglaj\u0101m automa\u0161\u012bn\u0101m. Tas izce\u013cas ar lielisk\u0101m veiktsp\u0113jas \u012bpa\u0161\u012bb\u0101m snieg\u0101 un uz ledus, pateicoties virknei atjaut\u012bgu risin\u0101jumu.<\/p>\n<h3>Royal Black Royal Snow galven\u0101s iez\u012bmes<\/h3>\n<ul>\n<li>Ipa\u0161a riepas uzb\u016bve pal\u012bdz riepai kalpot ilg\u0101k!<\/li>\n<li>Riepa darin\u0101ta no unik\u0101la gumijas mais\u012bjumam, kas liek tai saglab\u0101t elast\u012bbu pla\u0161\u0101 temperat\u016bru diapazon\u0101!<\/li>\n<li>Att\u012bst\u012bta dren\u0101\u017eas kan\u0101lu sist\u0113ma at\u013cauj sausin\u0101t kontakta virsmu, novadot lieko \u016bdeni un sniegu!<\/li>\n<li><strong>Degvielas ekonomija!<\/strong><\/li>\n<\/ul>\n<h3>Riepas uzb\u016bve<\/h3>\n<p><strong>Royal Black Royal Snow <\/strong>uzb\u016bvi \u012bpa\u0161u padara nep\u0101rtraukta centr\u0101l\u0101 protektora bloku virkne, kas nodro\u0161ina stabilit\u0101ti lielos \u0101trumos un uzlabo manevr\u0113tsp\u0113ju. Protektors darin\u0101ts no augstas kvalit\u0101tes gumijas mais\u012bjuma, kas liek tam saglab\u0101t elast\u012bbu pla\u0161\u0101 temperat\u016bru diapazon\u0101. Elast\u012bga riepa daudz lab\u0101k veido sa\u0137eri ar ce\u013cu. Protektora blokos bl\u012bvi iestr\u0101d\u0101ti vair\u0101ki t\u016bksto\u0161i lame\u013cu, kas, aizvietojot radzes, ar kant\u0113m iec\u0113rtas led\u016b, ar slideno virsmu veidojot sa\u0137eri.<\/p>\n<h3>Plecu zonas bloki<\/h3>\n<p>Protektora blokiem riepas plecu zon\u0101 piem\u012bt dubulta uzb\u016bve. Tas at\u013cauj \u0161im modelim uzr\u0101d\u012bt lieliskus manevr\u0113tsp\u0113jas un sa\u0137eres r\u0101d\u012bt\u0101jus. Starp \u0161iem protektora blokiem izvietotas platas dren\u017e\u0101s rievas, kas, tand\u0113m\u0101 ar lamel\u0113m, att\u012bra kontakta virsmu no sniega un \u016bdens.<\/p>\n","protected":false},"excerpt":{"rendered":"<p><strong>Royal Black Royal Snow<\/strong> ir ziemas riepu modelis, kas paredz\u0113ts uzst\u0101d\u012b\u0161anai vieglaj\u0101m automa\u0161\u012bn\u0101m. Tas izce\u013cas ar lielisk\u0101m veiktsp\u0113jas \u012bpa\u0161\u012bb\u0101m snieg\u0101 un uz ledus, pateicoties virknei atjaut\u012bgu risin\u0101jumu.<\/p>\n","protected":false},"featured_media":1146854,"template":"","meta":{"_acf_changed":false,"ngg_post_thumbnail":0},"product_brand":[],"product_cat":[47,45],"product_tag":[],"class_list":{"0":"post-148728","1":"product","2":"type-product","3":"status-publish","4":"has-post-thumbnail","6":"product_cat-vissezonas-riepas","7":"product_cat-ziemas-riepas","9":"first","10":"instock","11":"sale","12":"taxable","13":"shipping-taxable","14":"product-type-simple"},"acf":[],"yoast_head":"<!-- This site is optimized with the Yoast SEO Premium plugin v22.6 (Yoast SEO v27.3) - https:\/\/yoast.com\/product\/yoast-seo-premium-wordpress\/ -->\n<title>215\/70R15C Royal Black Royal Snow 109\/107R &#8226; MMK Riepas<\/title>\n<meta name=\"description\" content=\"Royal Black Royal Snow ir ziemas riepu modelis, kas izce\u013cas ar lielisk\u0101m veiktsp\u0113jas \u012bpa\u0161\u012bb\u0101m snieg\u0101 un uz ledus.\" \/>\n<meta name=\"robots\" content=\"index, follow, max-snippet:-1, max-image-preview:large, max-video-preview:-1\" \/>\n<link rel=\"canonical\" href=\"https:\/\/mmkriepas.lv\/en\/p\/215-70r15c-royal-black-royal-snow-109-107r\/\" \/>\n<meta property=\"og:locale\" content=\"en_US\" \/>\n<meta property=\"og:type\" content=\"article\" \/>\n<meta property=\"og:title\" content=\"215\/70R15C Royal Black Royal Snow 109\/107R\" \/>\n<meta property=\"og:description\" content=\"Royal Black Royal Snow ir ziemas riepu modelis, kas izce\u013cas ar lielisk\u0101m veiktsp\u0113jas \u012bpa\u0161\u012bb\u0101m snieg\u0101 un uz ledus.\" \/>\n<meta property=\"og:url\" content=\"https:\/\/mmkriepas.lv\/en\/p\/215-70r15c-royal-black-royal-snow-109-107r\/\" \/>\n<meta property=\"og:site_name\" content=\"MMK Riepas\" \/>\n<meta property=\"article:publisher\" content=\"https:\/\/www.facebook.com\/mmkserviss\/\" \/>\n<meta property=\"article:modified_time\" content=\"2022-11-03T09:46:59+00:00\" \/>\n<meta property=\"og:image\" content=\"https:\/\/mmkriepas.lv\/wp-content\/uploads\/2024\/12\/20555r16-royal-black-royal-snow-91h-ziemas-riepas.jpg\" \/>\n\t<meta property=\"og:image:width\" content=\"900\" \/>\n\t<meta property=\"og:image:height\" content=\"720\" \/>\n\t<meta property=\"og:image:type\" content=\"image\/jpeg\" \/>\n<meta name=\"twitter:card\" content=\"summary_large_image\" \/>\n<meta name=\"twitter:label1\" content=\"Price\" \/>\n\t<meta name=\"twitter:data1\" content=\"&euro;69.00\" \/>\n\t<meta name=\"twitter:label2\" content=\"Availability\" \/>\n\t<meta name=\"twitter:data2\" content=\"In stock\" \/>\n<script type=\"application\/ld+json\" class=\"yoast-schema-graph\">{\"@context\":\"https:\\\/\\\/schema.org\",\"@graph\":[{\"@type\":\"WebPage\",\"@id\":\"https:\\\/\\\/mmkriepas.lv\\\/en\\\/p\\\/215-70r15c-royal-black-royal-snow-109-107r\\\/\",\"url\":\"https:\\\/\\\/mmkriepas.lv\\\/en\\\/p\\\/215-70r15c-royal-black-royal-snow-109-107r\\\/\",\"name\":\"215\\\/70R15C Royal Black Royal Snow 109\\\/107R &#8226; MMK Riepas\",\"isPartOf\":{\"@id\":\"https:\\\/\\\/mmkriepas.lv\\\/en\\\/#website\"},\"primaryImageOfPage\":{\"@id\":\"https:\\\/\\\/mmkriepas.lv\\\/en\\\/p\\\/215-70r15c-royal-black-royal-snow-109-107r\\\/#primaryimage\"},\"image\":{\"@id\":\"https:\\\/\\\/mmkriepas.lv\\\/en\\\/p\\\/215-70r15c-royal-black-royal-snow-109-107r\\\/#primaryimage\"},\"thumbnailUrl\":\"https:\\\/\\\/mmkriepas.lv\\\/wp-content\\\/uploads\\\/2024\\\/12\\\/20555r16-royal-black-royal-snow-91h-ziemas-riepas.jpg\",\"datePublished\":\"2020-09-04T10:40:32+00:00\",\"dateModified\":\"2022-11-03T09:46:59+00:00\",\"description\":\"Royal Black Royal Snow ir ziemas riepu modelis, kas izce\u013cas ar lielisk\u0101m veiktsp\u0113jas \u012bpa\u0161\u012bb\u0101m snieg\u0101 un uz ledus.\",\"breadcrumb\":{\"@id\":\"https:\\\/\\\/mmkriepas.lv\\\/en\\\/p\\\/215-70r15c-royal-black-royal-snow-109-107r\\\/#breadcrumb\"},\"inLanguage\":\"en-US\",\"potentialAction\":[{\"@type\":\"ReadAction\",\"target\":[\"https:\\\/\\\/mmkriepas.lv\\\/en\\\/p\\\/215-70r15c-royal-black-royal-snow-109-107r\\\/\"]}]},{\"@type\":\"ImageObject\",\"inLanguage\":\"en-US\",\"@id\":\"https:\\\/\\\/mmkriepas.lv\\\/en\\\/p\\\/215-70r15c-royal-black-royal-snow-109-107r\\\/#primaryimage\",\"url\":\"https:\\\/\\\/mmkriepas.lv\\\/wp-content\\\/uploads\\\/2024\\\/12\\\/20555r16-royal-black-royal-snow-91h-ziemas-riepas.jpg\",\"contentUrl\":\"https:\\\/\\\/mmkriepas.lv\\\/wp-content\\\/uploads\\\/2024\\\/12\\\/20555r16-royal-black-royal-snow-91h-ziemas-riepas.jpg\",\"width\":900,\"height\":720,\"caption\":\"MAIN\"},{\"@type\":\"BreadcrumbList\",\"@id\":\"https:\\\/\\\/mmkriepas.lv\\\/en\\\/p\\\/215-70r15c-royal-black-royal-snow-109-107r\\\/#breadcrumb\",\"itemListElement\":[{\"@type\":\"ListItem\",\"position\":1,\"name\":\"S\u0101kums\",\"item\":\"https:\\\/\\\/mmkriepas.lv\\\/en\\\/\"},{\"@type\":\"ListItem\",\"position\":2,\"name\":\"215\\\/70R15C Royal Black Royal Snow 109\\\/107R\"}]},{\"@type\":\"WebSite\",\"@id\":\"https:\\\/\\\/mmkriepas.lv\\\/en\\\/#website\",\"url\":\"https:\\\/\\\/mmkriepas.lv\\\/en\\\/\",\"name\":\"MMK Riepas\",\"description\":\"MMK Riepas\",\"alternateName\":\"MMK Riepu Serviss\",\"potentialAction\":[{\"@type\":\"SearchAction\",\"target\":{\"@type\":\"EntryPoint\",\"urlTemplate\":\"https:\\\/\\\/mmkriepas.lv\\\/en\\\/?s={search_term_string}\"},\"query-input\":{\"@type\":\"PropertyValueSpecification\",\"valueRequired\":true,\"valueName\":\"search_term_string\"}}],\"inLanguage\":\"en-US\"},{\"@type\":\"ImageObject\",\"inLanguage\":\"en-US\",\"@id\":\"https:\\\/\\\/mmkriepas.lv\\\/en\\\/p\\\/215-70r15c-royal-black-royal-snow-109-107r\\\/#local-main-organization-logo\",\"url\":\"\",\"contentUrl\":\"\",\"caption\":\"MMK Riepas\"}]}<\/script>\n<meta property=\"product:brand\" content=\"Royal Black Royal Snow\" \/>\n<meta property=\"product:price:amount\" content=\"69.00\" \/>\n<meta property=\"product:price:currency\" content=\"EUR\" \/>\n<meta property=\"og:availability\" content=\"instock\" \/>\n<meta property=\"product:availability\" content=\"instock\" \/>\n<meta property=\"product:condition\" content=\"new\" \/>\n<!-- \/ Yoast SEO Premium plugin. -->","yoast_head_json":{"title":"215\/70R15C Royal Black Royal Snow 109\/107R &#8226; MMK Riepas","description":"Royal Black Royal Snow ir ziemas riepu modelis, kas izce\u013cas ar lielisk\u0101m veiktsp\u0113jas \u012bpa\u0161\u012bb\u0101m snieg\u0101 un uz ledus.","robots":{"index":"index","follow":"follow","max-snippet":"max-snippet:-1","max-image-preview":"max-image-preview:large","max-video-preview":"max-video-preview:-1"},"canonical":"https:\/\/mmkriepas.lv\/en\/p\/215-70r15c-royal-black-royal-snow-109-107r\/","og_locale":"en_US","og_type":"article","og_title":"215\/70R15C Royal Black Royal Snow 109\/107R","og_description":"Royal Black Royal Snow ir ziemas riepu modelis, kas izce\u013cas ar lielisk\u0101m veiktsp\u0113jas \u012bpa\u0161\u012bb\u0101m snieg\u0101 un uz ledus.","og_url":"https:\/\/mmkriepas.lv\/en\/p\/215-70r15c-royal-black-royal-snow-109-107r\/","og_site_name":"MMK Riepas","article_publisher":"https:\/\/www.facebook.com\/mmkserviss\/","article_modified_time":"2022-11-03T09:46:59+00:00","og_image":[{"width":900,"height":720,"url":"https:\/\/mmkriepas.lv\/wp-content\/uploads\/2024\/12\/20555r16-royal-black-royal-snow-91h-ziemas-riepas.jpg","type":"image\/jpeg"}],"twitter_card":"summary_large_image","twitter_misc":{"Price":"&euro;69.00","Availability":"In stock"},"schema":{"@context":"https:\/\/schema.org","@graph":[{"@type":"WebPage","@id":"https:\/\/mmkriepas.lv\/en\/p\/215-70r15c-royal-black-royal-snow-109-107r\/","url":"https:\/\/mmkriepas.lv\/en\/p\/215-70r15c-royal-black-royal-snow-109-107r\/","name":"215\/70R15C Royal Black Royal Snow 109\/107R &#8226; MMK Riepas","isPartOf":{"@id":"https:\/\/mmkriepas.lv\/en\/#website"},"primaryImageOfPage":{"@id":"https:\/\/mmkriepas.lv\/en\/p\/215-70r15c-royal-black-royal-snow-109-107r\/#primaryimage"},"image":{"@id":"https:\/\/mmkriepas.lv\/en\/p\/215-70r15c-royal-black-royal-snow-109-107r\/#primaryimage"},"thumbnailUrl":"https:\/\/mmkriepas.lv\/wp-content\/uploads\/2024\/12\/20555r16-royal-black-royal-snow-91h-ziemas-riepas.jpg","datePublished":"2020-09-04T10:40:32+00:00","dateModified":"2022-11-03T09:46:59+00:00","description":"Royal Black Royal Snow ir ziemas riepu modelis, kas izce\u013cas ar lielisk\u0101m veiktsp\u0113jas \u012bpa\u0161\u012bb\u0101m snieg\u0101 un uz ledus.","breadcrumb":{"@id":"https:\/\/mmkriepas.lv\/en\/p\/215-70r15c-royal-black-royal-snow-109-107r\/#breadcrumb"},"inLanguage":"en-US","potentialAction":[{"@type":"ReadAction","target":["https:\/\/mmkriepas.lv\/en\/p\/215-70r15c-royal-black-royal-snow-109-107r\/"]}]},{"@type":"ImageObject","inLanguage":"en-US","@id":"https:\/\/mmkriepas.lv\/en\/p\/215-70r15c-royal-black-royal-snow-109-107r\/#primaryimage","url":"https:\/\/mmkriepas.lv\/wp-content\/uploads\/2024\/12\/20555r16-royal-black-royal-snow-91h-ziemas-riepas.jpg","contentUrl":"https:\/\/mmkriepas.lv\/wp-content\/uploads\/2024\/12\/20555r16-royal-black-royal-snow-91h-ziemas-riepas.jpg","width":900,"height":720,"caption":"MAIN"},{"@type":"BreadcrumbList","@id":"https:\/\/mmkriepas.lv\/en\/p\/215-70r15c-royal-black-royal-snow-109-107r\/#breadcrumb","itemListElement":[{"@type":"ListItem","position":1,"name":"S\u0101kums","item":"https:\/\/mmkriepas.lv\/en\/"},{"@type":"ListItem","position":2,"name":"215\/70R15C Royal Black Royal Snow 109\/107R"}]},{"@type":"WebSite","@id":"https:\/\/mmkriepas.lv\/en\/#website","url":"https:\/\/mmkriepas.lv\/en\/","name":"MMK Riepas","description":"MMK Riepas","alternateName":"MMK Riepu Serviss","potentialAction":[{"@type":"SearchAction","target":{"@type":"EntryPoint","urlTemplate":"https:\/\/mmkriepas.lv\/en\/?s={search_term_string}"},"query-input":{"@type":"PropertyValueSpecification","valueRequired":true,"valueName":"search_term_string"}}],"inLanguage":"en-US"},{"@type":"ImageObject","inLanguage":"en-US","@id":"https:\/\/mmkriepas.lv\/en\/p\/215-70r15c-royal-black-royal-snow-109-107r\/#local-main-organization-logo","url":"","contentUrl":"","caption":"MMK Riepas"}]},"product_brand":"Royal Black Royal Snow","product_price_amount":"69.00","product_price_currency":"EUR","og_availability":"instock","product_availability":"instock","product_condition":"new"},"_links":{"self":[{"href":"https:\/\/mmkriepas.lv\/en\/wp-json\/wp\/v2\/product\/148728","targetHints":{"allow":["GET"]}}],"collection":[{"href":"https:\/\/mmkriepas.lv\/en\/wp-json\/wp\/v2\/product"}],"about":[{"href":"https:\/\/mmkriepas.lv\/en\/wp-json\/wp\/v2\/types\/product"}],"wp:featuredmedia":[{"embeddable":true,"href":"https:\/\/mmkriepas.lv\/en\/wp-json\/wp\/v2\/media\/1146854"}],"wp:attachment":[{"href":"https:\/\/mmkriepas.lv\/en\/wp-json\/wp\/v2\/media?parent=148728"}],"wp:term":[{"taxonomy":"product_brand","embeddable":true,"href":"https:\/\/mmkriepas.lv\/en\/wp-json\/wp\/v2\/product_brand?post=148728"},{"taxonomy":"product_cat","embeddable":true,"href":"https:\/\/mmkriepas.lv\/en\/wp-json\/wp\/v2\/product_cat?post=148728"},{"taxonomy":"product_tag","embeddable":true,"href":"https:\/\/mmkriepas.lv\/en\/wp-json\/wp\/v2\/product_tag?post=148728"}],"curies":[{"name":"wp","href":"https:\/\/api.w.org\/{rel}","templated":true}]}}