{"id":1487035,"date":"2026-04-13T22:33:20","date_gmt":"2026-04-13T19:33:20","guid":{"rendered":"https:\/\/mmkriepas.lv\/?post_type=product&#038;p=1487035"},"modified":"2026-04-20T14:46:02","modified_gmt":"2026-04-20T11:46:02","slug":"215-60r17-sentury-quirin-ev-100v","status":"publish","type":"product","link":"https:\/\/mmkriepas.lv\/en\/p\/215-60r17-sentury-quirin-ev-100v\/","title":{"rendered":"215\/60R17 Sentury Quirin EV 100V"},"content":{"rendered":"<p data-path-to-node=\"6\"><b data-path-to-node=\"6\" data-index-in-node=\"0\">Sentury Qirin 990 EV<\/b> ir in\u017eeniertehnisks solis uz priek\u0161u, kur galven\u0101 priorit\u0101te ir efektivit\u0101te. K\u0101 profesion\u0101lim, kur\u0161 sav\u0101 darb\u0101 fokus\u0113jas uz precizit\u0101ti, Jums b\u016bs svar\u012bgi, ka \u0161is modelis nav tikai parasta riepa ar jaunu mar\u0137\u0113jumu \u2013 <b data-path-to-node=\"6\" data-index-in-node=\"237\">Sentury<\/b> ir piln\u012bb\u0101 p\u0101rstr\u0101d\u0101jis gumijas sast\u0101vu un karkasu, lai tiktu gal\u0101 ar elektroauto lielo akumulatoru masu un jaud\u012bgo pa\u0101trin\u0101jumu.<\/p>\n<p data-path-to-node=\"7\">Izmantojot &#8220;Industry 4.0&#8221; vied\u0101s ra\u017eo\u0161anas principus, Sentury ir pan\u0101cis riepas strukt\u016bras viendab\u012bgumu, kas ir kritiski svar\u012bgi, lai minimiz\u0113tu vibr\u0101cijas un nodro\u0161in\u0101tu vienm\u0113r\u012bgu nodilumu. Qirin 990 EV ir rad\u012bta, lai pal\u012bdz\u0113tu elektroauto \u012bpa\u0161niekiem nobraukt vair\u0101k kilometru ar vienu uzl\u0101di, neupur\u0113jot dro\u0161\u012bbu vai brauk\u0161anas prieku.<\/p>\n<h3 data-path-to-node=\"8\">Sentury Qirin 990 EV galven\u0101s iez\u012bmes:<\/h3>\n<ul data-path-to-node=\"9\">\n<li>\n<p data-path-to-node=\"9,0,0\"><b data-path-to-node=\"9,0,0\" data-index-in-node=\"0\">&#8220;A&#8221; klases efektivit\u0101te un gaitas rezerve:<\/b> Pateicoties ultra-zemas rites pretest\u012bbas gumijas sast\u0101vam, riepa iev\u0113rojami samazina ener\u0123ijas pat\u0113ri\u0146u, palielinot elektroauto nobraukumu.<\/p>\n<\/li>\n<li>\n<p data-path-to-node=\"9,1,0\"><b data-path-to-node=\"9,1,0\" data-index-in-node=\"0\">Qirin-Silent tehnolo\u0123ija:<\/b> Protektora iek\u0161pus\u0113 iestr\u0101d\u0101tie dizaina elementi un optimiz\u0113tais raksts sl\u0101p\u0113 ce\u013ca troksni, kas ir \u012bpa\u0161i paman\u0101ms un svar\u012bgs klusajos elektroauto salonos.<\/p>\n<\/li>\n<li>\n<p data-path-to-node=\"9,2,0\"><b data-path-to-node=\"9,2,0\" data-index-in-node=\"0\">Pastiprin\u0101ta konstrukcija (EV-Ready):<\/b> Riepa ir veidota, lai dro\u0161i iztur\u0113tu elektroauto liel\u0101ko masu un t\u016bl\u012bt\u0113jo griezes momentu, nodro\u0161inot stabilit\u0101ti un nov\u0113r\u0161ot priek\u0161laic\u012bgu nodilumu.<\/p>\n<\/li>\n<li>\n<p data-path-to-node=\"9,3,0\"><b data-path-to-node=\"9,3,0\" data-index-in-node=\"0\">Izcila sa\u0137ere uz slapja seguma:<\/b> Saglab\u0101jot &#8220;A&#8221; klases r\u0101d\u012bt\u0101jus bremz\u0113\u0161an\u0101 uz slapja asfalta, riepa garant\u0113 augst\u0101ko dro\u0161\u012bbas l\u012bmeni pat kritiskos laikapst\u0101k\u013cos.<\/p>\n<\/li>\n<\/ul>\n<h3 data-path-to-node=\"10\">Detaliz\u0113ts apskats:<\/h3>\n<p data-path-to-node=\"11\">Sentury Qirin 990 EV priorit\u0101te ir <b data-path-to-node=\"11\" data-index-in-node=\"35\">augst\u0101k\u0101 l\u012bme\u0146a efektivit\u0101te un klusums<\/b>. K\u0101 liel\u0101k\u0101 servisa vad\u012bt\u0101js J\u016bs nov\u0113rt\u0113siet, ka \u0161is modelis pied\u0101v\u0101 tehnolo\u0123ijas, kas bie\u017ei sastopamas tikai d\u0101rg\u0101kajos premium z\u012bmolos (piem\u0113ram, Michelin e.Primacy vai Continental EcoContact 7).<\/p>\n<p data-path-to-node=\"12\">Viena no z\u012bm\u012bg\u0101kaj\u0101m inov\u0101cij\u0101m ir protektora bloku dizains, kas ir stingr\u0101ks nek\u0101 parastajam modelim \u2013 tas pal\u012bdz riepai nezaud\u0113t formu pie strauja elektroauto pa\u0101trin\u0101juma. \u010cetras platas dren\u0101\u017eas rievas nodro\u0161ina nep\u0101rtrauktu \u016bdens novad\u012b\u0161anu, savuk\u0101rt jaunais sil\u012bcija mais\u012bjums nodro\u0161ina, ka riepa nekarst pie liel\u0101m slodz\u0113m. T\u0101 ir gudra un tehniski pamatota izv\u0113le klientiem, kuri v\u0113las modern\u0101ko apr\u012bkojumu savam elektroauto, saglab\u0101jot izcilu cenas un veiktsp\u0113jas attiec\u012bbu.<\/p>\n<p data-path-to-node=\"13\"><b data-path-to-node=\"13\" data-index-in-node=\"0\">Sentury Qirin 990 EV<\/b> ir bezkompromisa instruments m\u016bsdienu mobilit\u0101tei \u2013 t\u0101 ir klusa, efekt\u012bva un dro\u0161a riepa, kas piln\u012bb\u0101 attaisno savu vietu uz jaud\u012bgu elektroauto diskiem.<\/p>\n","protected":false},"excerpt":{"rendered":"<p><b data-path-to-node=\"3\" data-index-in-node=\"0\">Sentury Qirin 990 EV<\/b> ir augstas veiktsp\u0113jas (UHP) vasaras riepa, kas \u012bpa\u0161i optimiz\u0113ta elektroauto un hibr\u012bda automa\u0161\u012bn\u0101m. T\u0101 apvieno rekordzemu rites pretest\u012bbu maksim\u0101lai gaitas rezervei, pastiprin\u0101tu konstrukciju liel\u0101kai kravnes\u012bbai un \u012bpa\u0161u trok\u0161\u0146u sl\u0101p\u0113\u0161anas tehnolo\u0123iju, nodro\u0161inot &#8220;A&#8221; klases sa\u0137eri uz slapja asfalta un izcilu akustisko komfortu.<\/p>\n","protected":false},"featured_media":1489839,"template":"","meta":{"_acf_changed":false,"ngg_post_thumbnail":0},"product_brand":[],"product_cat":[46],"product_tag":[],"class_list":{"0":"post-1487035","1":"product","2":"type-product","3":"status-publish","4":"has-post-thumbnail","6":"product_cat-vasaras-riepas","8":"first","9":"instock","10":"sale","11":"taxable","12":"shipping-taxable","13":"purchasable","14":"product-type-simple"},"acf":[],"yoast_head":"<!-- This site is optimized with the Yoast SEO Premium plugin v22.6 (Yoast SEO v27.3) - https:\/\/yoast.com\/product\/yoast-seo-premium-wordpress\/ -->\n<title>215\/60R17 Sentury Quirin EV 100V &#8226; MMK Riepas<\/title>\n<meta name=\"robots\" content=\"index, follow, max-snippet:-1, max-image-preview:large, max-video-preview:-1\" \/>\n<link rel=\"canonical\" href=\"https:\/\/mmkriepas.lv\/en\/p\/215-60r17-sentury-quirin-ev-100v\/\" \/>\n<meta property=\"og:locale\" content=\"en_US\" \/>\n<meta property=\"og:type\" content=\"article\" \/>\n<meta property=\"og:title\" content=\"215\/60R17 Sentury Quirin EV 100V\" \/>\n<meta property=\"og:description\" content=\"Sentury Qirin 990 EV ir augstas veiktsp\u0113jas (UHP) vasaras riepa, kas \u012bpa\u0161i optimiz\u0113ta elektroauto un hibr\u012bda automa\u0161\u012bn\u0101m. T\u0101 apvieno rekordzemu rites pretest\u012bbu maksim\u0101lai gaitas rezervei, pastiprin\u0101tu konstrukciju liel\u0101kai kravnes\u012bbai un \u012bpa\u0161u trok\u0161\u0146u sl\u0101p\u0113\u0161anas tehnolo\u0123iju, nodro\u0161inot &quot;A&quot; klases sa\u0137eri uz slapja asfalta un izcilu akustisko komfortu.\" \/>\n<meta property=\"og:url\" content=\"https:\/\/mmkriepas.lv\/en\/p\/215-60r17-sentury-quirin-ev-100v\/\" \/>\n<meta property=\"og:site_name\" content=\"MMK Riepas\" \/>\n<meta property=\"article:publisher\" content=\"https:\/\/www.facebook.com\/mmkserviss\/\" \/>\n<meta property=\"article:modified_time\" content=\"2026-04-20T11:46:02+00:00\" \/>\n<meta property=\"og:image\" content=\"https:\/\/mmkriepas.lv\/wp-content\/uploads\/2026\/04\/22535r19-sentury-quirin-990-88y-xl-vasaras-riepas-3.jpg\" \/>\n\t<meta property=\"og:image:width\" content=\"1920\" \/>\n\t<meta property=\"og:image:height\" content=\"1440\" \/>\n\t<meta property=\"og:image:type\" content=\"image\/jpeg\" \/>\n<meta name=\"twitter:card\" content=\"summary_large_image\" \/>\n<meta name=\"twitter:label1\" content=\"Price\" \/>\n\t<meta name=\"twitter:data1\" content=\"&euro;73.00\" \/>\n\t<meta name=\"twitter:label2\" content=\"Availability\" \/>\n\t<meta name=\"twitter:data2\" content=\"In stock\" \/>\n<script type=\"application\/ld+json\" class=\"yoast-schema-graph\">{\"@context\":\"https:\\\/\\\/schema.org\",\"@graph\":[{\"@type\":\"WebPage\",\"@id\":\"https:\\\/\\\/mmkriepas.lv\\\/en\\\/p\\\/215-60r17-sentury-quirin-ev-100v\\\/\",\"url\":\"https:\\\/\\\/mmkriepas.lv\\\/en\\\/p\\\/215-60r17-sentury-quirin-ev-100v\\\/\",\"name\":\"215\\\/60R17 Sentury Quirin EV 100V &#8226; MMK Riepas\",\"isPartOf\":{\"@id\":\"https:\\\/\\\/mmkriepas.lv\\\/en\\\/#website\"},\"primaryImageOfPage\":{\"@id\":\"https:\\\/\\\/mmkriepas.lv\\\/en\\\/p\\\/215-60r17-sentury-quirin-ev-100v\\\/#primaryimage\"},\"image\":{\"@id\":\"https:\\\/\\\/mmkriepas.lv\\\/en\\\/p\\\/215-60r17-sentury-quirin-ev-100v\\\/#primaryimage\"},\"thumbnailUrl\":\"https:\\\/\\\/mmkriepas.lv\\\/wp-content\\\/uploads\\\/2026\\\/04\\\/22535r19-sentury-quirin-990-88y-xl-vasaras-riepas-3.jpg\",\"datePublished\":\"2026-04-13T19:33:20+00:00\",\"dateModified\":\"2026-04-20T11:46:02+00:00\",\"breadcrumb\":{\"@id\":\"https:\\\/\\\/mmkriepas.lv\\\/en\\\/p\\\/215-60r17-sentury-quirin-ev-100v\\\/#breadcrumb\"},\"inLanguage\":\"en-US\",\"potentialAction\":[{\"@type\":\"ReadAction\",\"target\":[\"https:\\\/\\\/mmkriepas.lv\\\/en\\\/p\\\/215-60r17-sentury-quirin-ev-100v\\\/\"]}]},{\"@type\":\"ImageObject\",\"inLanguage\":\"en-US\",\"@id\":\"https:\\\/\\\/mmkriepas.lv\\\/en\\\/p\\\/215-60r17-sentury-quirin-ev-100v\\\/#primaryimage\",\"url\":\"https:\\\/\\\/mmkriepas.lv\\\/wp-content\\\/uploads\\\/2026\\\/04\\\/22535r19-sentury-quirin-990-88y-xl-vasaras-riepas-3.jpg\",\"contentUrl\":\"https:\\\/\\\/mmkriepas.lv\\\/wp-content\\\/uploads\\\/2026\\\/04\\\/22535r19-sentury-quirin-990-88y-xl-vasaras-riepas-3.jpg\",\"width\":1920,\"height\":1440,\"caption\":\"225\\\/35R19 Sentury Quirin 990 88Y XL - Vasaras riepas\"},{\"@type\":\"BreadcrumbList\",\"@id\":\"https:\\\/\\\/mmkriepas.lv\\\/en\\\/p\\\/215-60r17-sentury-quirin-ev-100v\\\/#breadcrumb\",\"itemListElement\":[{\"@type\":\"ListItem\",\"position\":1,\"name\":\"S\u0101kums\",\"item\":\"https:\\\/\\\/mmkriepas.lv\\\/en\\\/\"},{\"@type\":\"ListItem\",\"position\":2,\"name\":\"215\\\/60R17 Sentury Quirin EV 100V\"}]},{\"@type\":\"WebSite\",\"@id\":\"https:\\\/\\\/mmkriepas.lv\\\/en\\\/#website\",\"url\":\"https:\\\/\\\/mmkriepas.lv\\\/en\\\/\",\"name\":\"MMK Riepas\",\"description\":\"MMK Riepas\",\"alternateName\":\"MMK Riepu Serviss\",\"potentialAction\":[{\"@type\":\"SearchAction\",\"target\":{\"@type\":\"EntryPoint\",\"urlTemplate\":\"https:\\\/\\\/mmkriepas.lv\\\/en\\\/?s={search_term_string}\"},\"query-input\":{\"@type\":\"PropertyValueSpecification\",\"valueRequired\":true,\"valueName\":\"search_term_string\"}}],\"inLanguage\":\"en-US\"},{\"@type\":\"ImageObject\",\"inLanguage\":\"en-US\",\"@id\":\"https:\\\/\\\/mmkriepas.lv\\\/en\\\/p\\\/215-60r17-sentury-quirin-ev-100v\\\/#local-main-organization-logo\",\"url\":\"\",\"contentUrl\":\"\",\"caption\":\"MMK Riepas\"}]}<\/script>\n<meta property=\"product:brand\" content=\"Sentury Quirin EV\" \/>\n<meta property=\"product:price:amount\" content=\"73.00\" \/>\n<meta property=\"product:price:currency\" content=\"EUR\" \/>\n<meta property=\"og:availability\" content=\"instock\" \/>\n<meta property=\"product:availability\" content=\"instock\" \/>\n<meta property=\"product:retailer_item_id\" content=\"TS2156017SENTU-59046\" \/>\n<meta property=\"product:condition\" content=\"new\" \/>\n<!-- \/ Yoast SEO Premium plugin. -->","yoast_head_json":{"title":"215\/60R17 Sentury Quirin EV 100V &#8226; MMK Riepas","robots":{"index":"index","follow":"follow","max-snippet":"max-snippet:-1","max-image-preview":"max-image-preview:large","max-video-preview":"max-video-preview:-1"},"canonical":"https:\/\/mmkriepas.lv\/en\/p\/215-60r17-sentury-quirin-ev-100v\/","og_locale":"en_US","og_type":"article","og_title":"215\/60R17 Sentury Quirin EV 100V","og_description":"Sentury Qirin 990 EV ir augstas veiktsp\u0113jas (UHP) vasaras riepa, kas \u012bpa\u0161i optimiz\u0113ta elektroauto un hibr\u012bda automa\u0161\u012bn\u0101m. T\u0101 apvieno rekordzemu rites pretest\u012bbu maksim\u0101lai gaitas rezervei, pastiprin\u0101tu konstrukciju liel\u0101kai kravnes\u012bbai un \u012bpa\u0161u trok\u0161\u0146u sl\u0101p\u0113\u0161anas tehnolo\u0123iju, nodro\u0161inot \"A\" klases sa\u0137eri uz slapja asfalta un izcilu akustisko komfortu.","og_url":"https:\/\/mmkriepas.lv\/en\/p\/215-60r17-sentury-quirin-ev-100v\/","og_site_name":"MMK Riepas","article_publisher":"https:\/\/www.facebook.com\/mmkserviss\/","article_modified_time":"2026-04-20T11:46:02+00:00","og_image":[{"width":1920,"height":1440,"url":"https:\/\/mmkriepas.lv\/wp-content\/uploads\/2026\/04\/22535r19-sentury-quirin-990-88y-xl-vasaras-riepas-3.jpg","type":"image\/jpeg"}],"twitter_card":"summary_large_image","twitter_misc":{"Price":"&euro;73.00","Availability":"In stock"},"schema":{"@context":"https:\/\/schema.org","@graph":[{"@type":"WebPage","@id":"https:\/\/mmkriepas.lv\/en\/p\/215-60r17-sentury-quirin-ev-100v\/","url":"https:\/\/mmkriepas.lv\/en\/p\/215-60r17-sentury-quirin-ev-100v\/","name":"215\/60R17 Sentury Quirin EV 100V &#8226; MMK Riepas","isPartOf":{"@id":"https:\/\/mmkriepas.lv\/en\/#website"},"primaryImageOfPage":{"@id":"https:\/\/mmkriepas.lv\/en\/p\/215-60r17-sentury-quirin-ev-100v\/#primaryimage"},"image":{"@id":"https:\/\/mmkriepas.lv\/en\/p\/215-60r17-sentury-quirin-ev-100v\/#primaryimage"},"thumbnailUrl":"https:\/\/mmkriepas.lv\/wp-content\/uploads\/2026\/04\/22535r19-sentury-quirin-990-88y-xl-vasaras-riepas-3.jpg","datePublished":"2026-04-13T19:33:20+00:00","dateModified":"2026-04-20T11:46:02+00:00","breadcrumb":{"@id":"https:\/\/mmkriepas.lv\/en\/p\/215-60r17-sentury-quirin-ev-100v\/#breadcrumb"},"inLanguage":"en-US","potentialAction":[{"@type":"ReadAction","target":["https:\/\/mmkriepas.lv\/en\/p\/215-60r17-sentury-quirin-ev-100v\/"]}]},{"@type":"ImageObject","inLanguage":"en-US","@id":"https:\/\/mmkriepas.lv\/en\/p\/215-60r17-sentury-quirin-ev-100v\/#primaryimage","url":"https:\/\/mmkriepas.lv\/wp-content\/uploads\/2026\/04\/22535r19-sentury-quirin-990-88y-xl-vasaras-riepas-3.jpg","contentUrl":"https:\/\/mmkriepas.lv\/wp-content\/uploads\/2026\/04\/22535r19-sentury-quirin-990-88y-xl-vasaras-riepas-3.jpg","width":1920,"height":1440,"caption":"225\/35R19 Sentury Quirin 990 88Y XL - Vasaras riepas"},{"@type":"BreadcrumbList","@id":"https:\/\/mmkriepas.lv\/en\/p\/215-60r17-sentury-quirin-ev-100v\/#breadcrumb","itemListElement":[{"@type":"ListItem","position":1,"name":"S\u0101kums","item":"https:\/\/mmkriepas.lv\/en\/"},{"@type":"ListItem","position":2,"name":"215\/60R17 Sentury Quirin EV 100V"}]},{"@type":"WebSite","@id":"https:\/\/mmkriepas.lv\/en\/#website","url":"https:\/\/mmkriepas.lv\/en\/","name":"MMK Riepas","description":"MMK Riepas","alternateName":"MMK Riepu Serviss","potentialAction":[{"@type":"SearchAction","target":{"@type":"EntryPoint","urlTemplate":"https:\/\/mmkriepas.lv\/en\/?s={search_term_string}"},"query-input":{"@type":"PropertyValueSpecification","valueRequired":true,"valueName":"search_term_string"}}],"inLanguage":"en-US"},{"@type":"ImageObject","inLanguage":"en-US","@id":"https:\/\/mmkriepas.lv\/en\/p\/215-60r17-sentury-quirin-ev-100v\/#local-main-organization-logo","url":"","contentUrl":"","caption":"MMK Riepas"}]},"product_brand":"Sentury Quirin EV","product_price_amount":"73.00","product_price_currency":"EUR","og_availability":"instock","product_availability":"instock","product_retailer_item_id":"TS2156017SENTU-59046","product_condition":"new"},"_links":{"self":[{"href":"https:\/\/mmkriepas.lv\/en\/wp-json\/wp\/v2\/product\/1487035","targetHints":{"allow":["GET"]}}],"collection":[{"href":"https:\/\/mmkriepas.lv\/en\/wp-json\/wp\/v2\/product"}],"about":[{"href":"https:\/\/mmkriepas.lv\/en\/wp-json\/wp\/v2\/types\/product"}],"wp:featuredmedia":[{"embeddable":true,"href":"https:\/\/mmkriepas.lv\/en\/wp-json\/wp\/v2\/media\/1489839"}],"wp:attachment":[{"href":"https:\/\/mmkriepas.lv\/en\/wp-json\/wp\/v2\/media?parent=1487035"}],"wp:term":[{"taxonomy":"product_brand","embeddable":true,"href":"https:\/\/mmkriepas.lv\/en\/wp-json\/wp\/v2\/product_brand?post=1487035"},{"taxonomy":"product_cat","embeddable":true,"href":"https:\/\/mmkriepas.lv\/en\/wp-json\/wp\/v2\/product_cat?post=1487035"},{"taxonomy":"product_tag","embeddable":true,"href":"https:\/\/mmkriepas.lv\/en\/wp-json\/wp\/v2\/product_tag?post=1487035"}],"curies":[{"name":"wp","href":"https:\/\/api.w.org\/{rel}","templated":true}]}}